{"id":242692,"date":"2025-09-05T13:57:57","date_gmt":"2025-09-05T11:57:57","guid":{"rendered":"https:\/\/www.csj-emballages.com\/produit\/tapa-de-paja-en-cruz-para-olla-gob-fast-950-500-unidades\/"},"modified":"2026-04-17T02:12:43","modified_gmt":"2026-04-17T00:12:43","slug":"tapa-de-paja-en-cruz-para-olla-gob-fast-950-500-unidades","status":"publish","type":"product","link":"https:\/\/www.csj-emballages.com\/es\/produit\/tapa-de-paja-en-cruz-para-olla-gob-fast-950-500-unidades\/","title":{"rendered":"Tapa de paja en cruz para olla GOB FAST 950 (500 unidades)"},"content":{"rendered":"<h2 class=\"p1\">Tapa de paja en cruz<\/h2>\n<hr>\n<h3>Descripci\u00f3n de nuestra tapa en cruz de paja para olla GOB FAST 950 por 500<\/h3>\n<p><!--more--><\/p>\n<p data-start=\"166\" data-end=\"548\">Pr\u00e1ctica, resistente y dise\u00f1ada pensando en los profesionales, la <strong data-start=\"221\" data-end=\"277\">tapa con pajita en cruz GOB FAST 950<\/strong> es imprescindible para sus bebidas para llevar. Especialmente dise\u00f1ada para adaptarse a <strong>los vasos de gran capacidad (<span style=\"color: #d12727;\"><a style=\"color: #d12727;\" href=\"https:\/\/www.csj-emballages.com\/es\/produit\/tarro-transparente-pet-950-ml-1000-ml\/\">GOBFAST950<\/a><\/span><\/strong>), esta <strong>tapa<\/strong> ofrece un cierre fiable e higi\u00e9nico a la vez que permite el paso de una <strong data-start=\"490\" data-end=\"500\">pajita<\/strong> gracias a su abertura en forma de cruz. Este ingenioso sistema evita las salpicaduras durante el transporte, al tiempo que ofrece a sus clientes una facilidad de uso \u00f3ptima. Ya no tendr\u00e1 que levantar tapas ni derramar bebidas: con este modelo, sus bebidas estar\u00e1n bien protegidas y podr\u00e1n tomarse f\u00e1cilmente en cualquier circunstancia.   <\/p>\n<p data-start=\"864\" data-end=\"1240\">Tanto si sirve <strong data-start=\"887\" data-end=\"896\">refrescos<\/strong>, <strong data-start=\"902\" data-end=\"915\">smoothies<\/strong>, <strong data-start=\"921\" data-end=\"935\">batidos<\/strong> o zumos de fruta fresca, esta tapa se adaptar\u00e1 a todas sus recetas. Adem\u00e1s, su robusto dise\u00f1o garantiza una buena resistencia, incluso con bebidas espesas o heladas. Adem\u00e1s, su color transparente resalta el contenido del vaso, por lo que atraer\u00e1 todas las miradas de sus clientes.  <\/p>\n<p data-start=\"1242\" data-end=\"1539\">Envasado en paquetes <strong data-start=\"1258\" data-end=\"1272\">de 500 unidades<\/strong>, este envase se adapta perfectamente a las necesidades de restaurantes, establecimientos de comida r\u00e1pida, bares de zumos, food-trucks y eventos muy concurridos.<\/p>\n<p data-start=\"1541\" data-end=\"1742\">En definitiva, la <strong data-start=\"1554\" data-end=\"1591\">tapa en cruz con pajita \u00abGOB FAST 950\u00bb<\/strong> combina practicidad, higiene y est\u00e9tica. Es la soluci\u00f3n ideal para ofrecer a sus clientes una experiencia de consumo agradable y sin complicaciones. <\/p>\n<p><!--more--><\/p>\n<h4><strong>Ventajas :<\/strong><\/h4>\n<ul>\n<li>Cierre seguro con abertura <strong data-start=\"1818\" data-end=\"1832\">en cruz<\/strong> para la pajita.<\/li>\n<li>Ideal para batidos, smoothies&#8230;<\/li>\n<li>Gracias a su transparencia, resalta el contenido de la taza.<\/li>\n<li>Pr\u00e1ctico paquete <strong data-start=\"2002\" data-end=\"2016\">de 500 piezas<\/strong> para profesionales.<\/li>\n<li>Compatible con <span style=\"color: #d12727;\"><a style=\"color: #d12727;\" href=\"https:\/\/www.csj-emballages.com\/es\/produit\/tarro-transparente-pet-950-ml-1000-ml\/\">GOBFAST950<\/a><\/span>.<\/li>\n<\/ul>\n<p>&nbsp;<\/p>\n<p><!--more--><\/p>\n<h4>Informaci\u00f3n adicional :<\/h4>\n<ul>\n<li><strong>Embalaje<\/strong>: Caja de 500<\/li>\n<li><strong>Di\u00e1metro<\/strong>: 105 mm<\/li>\n<li><strong>Material<\/strong>: PET (polietileno)<\/li>\n<li><strong>Color<\/strong>: Transparente<\/li>\n<\/ul>\n<p>&nbsp;<\/p>\n<p><!--more--><\/p>\n<p>Encuentre aqu\u00ed nuestro pote transparente compatible con esta tapa: <span style=\"color: #d12727;\"><a style=\"color: #d12727;\" href=\"https:\/\/www.csj-emballages.com\/es\/produit\/tarro-transparente-pet-950-ml-1000-ml\/\">GOBFAST950<\/a><\/span><\/p>\n<p>&nbsp;<\/p>\n<p><!--more--><\/p>\n<p><a href=\"https:\/\/www.csj-emballages.com\/es\/categorie-produit\/envasado-de-alimentos\/catering-es\/tazas-vasos-cubos-botellas\/vasos-para-bebidas-frias\/tarros-para-batidos\/\">Ver el resto de nuestra gama de tarros para batidos<\/a><\/p>\n","protected":false},"excerpt":{"rendered":"<p>Tapa de paja en cruz Descripci\u00f3n de nuestra tapa en cruz de paja para olla GOB FAST 950 por 500<\/p>\n","protected":false},"featured_media":242680,"template":"","meta":{"_acf_changed":false},"product_brand":[],"product_cat":[1150,1179,1462,1795,2538,9397],"product_tag":[],"class_list":{"0":"post-242692","1":"product","2":"type-product","3":"status-publish","4":"has-post-thumbnail","6":"product_cat-envasado-de-alimentos","7":"product_cat-catering-es","8":"product_cat-tazas-vasos-cubos-botellas","9":"product_cat-vasos-para-bebidas-frias","10":"product_cat-tarros-para-batidos","11":"product_cat-botes-para-batidos-de-105-mm-de-diametro","13":"first","14":"outofstock","15":"taxable","16":"shipping-taxable","17":"purchasable","18":"product-type-simple"},"acf":[],"yoast_head":"<!-- This site is optimized with the Yoast SEO Premium plugin v26.6 (Yoast SEO v26.6) - https:\/\/yoast.com\/wordpress\/plugins\/seo\/ -->\n<title>Tapa cruzada de paja para olla GOB FAST 950 por 500<\/title>\n<meta name=\"description\" content=\"Tapa transparente con pajita para GOB FAST 950. Pr\u00e1ctica, higi\u00e9nica y vendida en paquetes de 500 unidades, ideal para bebidas fr\u00edas para llevar.\" \/>\n<meta name=\"robots\" content=\"index, follow, max-snippet:-1, max-image-preview:large, max-video-preview:-1\" \/>\n<link rel=\"canonical\" href=\"https:\/\/www.csj-emballages.com\/es\/produit\/tapa-de-paja-en-cruz-para-olla-gob-fast-950-500-unidades\/\" \/>\n<meta property=\"og:locale\" content=\"es_ES\" \/>\n<meta property=\"og:type\" content=\"article\" \/>\n<meta property=\"og:title\" content=\"Tapa de paja en cruz para olla GOB FAST 950 (500 unidades)\" \/>\n<meta property=\"og:description\" content=\"Tapa transparente con pajita para GOB FAST 950. Pr\u00e1ctica, higi\u00e9nica y vendida en paquetes de 500 unidades, ideal para bebidas fr\u00edas para llevar.\" \/>\n<meta property=\"og:url\" content=\"https:\/\/www.csj-emballages.com\/es\/produit\/tapa-de-paja-en-cruz-para-olla-gob-fast-950-500-unidades\/\" \/>\n<meta property=\"og:site_name\" content=\"CSJ Emballages\" \/>\n<meta property=\"article:publisher\" content=\"https:\/\/www.facebook.com\/csjemballages\" \/>\n<meta property=\"article:modified_time\" content=\"2026-04-17T00:12:43+00:00\" \/>\n<meta property=\"og:image\" content=\"https:\/\/www.csj-emballages.com\/wp-content\/uploads\/2025\/09\/COUVX960.webp\" \/>\n\t<meta property=\"og:image:width\" content=\"800\" \/>\n\t<meta property=\"og:image:height\" content=\"800\" \/>\n\t<meta property=\"og:image:type\" content=\"image\/webp\" \/>\n<meta name=\"twitter:card\" content=\"summary_large_image\" \/>\n<meta name=\"twitter:label1\" content=\"Tiempo de lectura\" \/>\n\t<meta name=\"twitter:data1\" content=\"2 minutos\" \/>\n<script type=\"application\/ld+json\" class=\"yoast-schema-graph\">{\"@context\":\"https:\/\/schema.org\",\"@graph\":[{\"@type\":\"WebPage\",\"@id\":\"https:\/\/www.csj-emballages.com\/es\/produit\/tapa-de-paja-en-cruz-para-olla-gob-fast-950-500-unidades\/\",\"url\":\"https:\/\/www.csj-emballages.com\/es\/produit\/tapa-de-paja-en-cruz-para-olla-gob-fast-950-500-unidades\/\",\"name\":\"Tapa cruzada de paja para olla GOB FAST 950 por 500\",\"isPartOf\":{\"@id\":\"https:\/\/www.csj-emballages.com\/es\/#website\"},\"primaryImageOfPage\":{\"@id\":\"https:\/\/www.csj-emballages.com\/es\/produit\/tapa-de-paja-en-cruz-para-olla-gob-fast-950-500-unidades\/#primaryimage\"},\"image\":{\"@id\":\"https:\/\/www.csj-emballages.com\/es\/produit\/tapa-de-paja-en-cruz-para-olla-gob-fast-950-500-unidades\/#primaryimage\"},\"thumbnailUrl\":\"https:\/\/www.csj-emballages.com\/wp-content\/uploads\/2025\/09\/COUVX960.webp\",\"datePublished\":\"2025-09-05T11:57:57+00:00\",\"dateModified\":\"2026-04-17T00:12:43+00:00\",\"description\":\"Tapa transparente con pajita para GOB FAST 950. Pr\u00e1ctica, higi\u00e9nica y vendida en paquetes de 500 unidades, ideal para bebidas fr\u00edas para llevar.\",\"breadcrumb\":{\"@id\":\"https:\/\/www.csj-emballages.com\/es\/produit\/tapa-de-paja-en-cruz-para-olla-gob-fast-950-500-unidades\/#breadcrumb\"},\"inLanguage\":\"es\",\"potentialAction\":[{\"@type\":\"ReadAction\",\"target\":[\"https:\/\/www.csj-emballages.com\/es\/produit\/tapa-de-paja-en-cruz-para-olla-gob-fast-950-500-unidades\/\"]}]},{\"@type\":\"ImageObject\",\"inLanguage\":\"es\",\"@id\":\"https:\/\/www.csj-emballages.com\/es\/produit\/tapa-de-paja-en-cruz-para-olla-gob-fast-950-500-unidades\/#primaryimage\",\"url\":\"https:\/\/www.csj-emballages.com\/wp-content\/uploads\/2025\/09\/COUVX960.webp\",\"contentUrl\":\"https:\/\/www.csj-emballages.com\/wp-content\/uploads\/2025\/09\/COUVX960.webp\",\"width\":800,\"height\":800,\"caption\":\"Couvercle pour pot GOB FAST\"},{\"@type\":\"BreadcrumbList\",\"@id\":\"https:\/\/www.csj-emballages.com\/es\/produit\/tapa-de-paja-en-cruz-para-olla-gob-fast-950-500-unidades\/#breadcrumb\",\"itemListElement\":[{\"@type\":\"ListItem\",\"position\":1,\"name\":\"Accueil\",\"item\":\"https:\/\/www.csj-emballages.com\/es\/universo-del-envasado-alimentario\/\"},{\"@type\":\"ListItem\",\"position\":2,\"name\":\"Tienda\",\"item\":\"https:\/\/www.csj-emballages.com\/tienda\/\"},{\"@type\":\"ListItem\",\"position\":3,\"name\":\"Tapa de paja en cruz para olla GOB FAST 950 (500 unidades)\"}]},{\"@type\":\"WebSite\",\"@id\":\"https:\/\/www.csj-emballages.com\/es\/#website\",\"url\":\"https:\/\/www.csj-emballages.com\/es\/\",\"name\":\"CSJ Emballages\",\"description\":\"\",\"publisher\":{\"@id\":\"https:\/\/www.csj-emballages.com\/es\/#organization\"},\"potentialAction\":[{\"@type\":\"SearchAction\",\"target\":{\"@type\":\"EntryPoint\",\"urlTemplate\":\"https:\/\/www.csj-emballages.com\/es\/?s={search_term_string}\"},\"query-input\":{\"@type\":\"PropertyValueSpecification\",\"valueRequired\":true,\"valueName\":\"search_term_string\"}}],\"inLanguage\":\"es\"},{\"@type\":\"Organization\",\"@id\":\"https:\/\/www.csj-emballages.com\/es\/#Organization\/\",\"name\":\"CSJ Emballages\",\"url\":\"https:\/\/www.csj-emballages.com\/es\/\",\"logo\":{\"@type\":\"ImageObject\",\"inLanguage\":\"es\",\"@id\":\"https:\/\/www.csj-emballages.com\/es\/#\/schema\/logo\/image\/\",\"url\":\"https:\/\/www.csj-emballages.com\/wp-content\/uploads\/2023\/10\/logo_csj.webp\",\"contentUrl\":\"https:\/\/www.csj-emballages.com\/wp-content\/uploads\/2023\/10\/logo_csj.webp\",\"width\":250,\"height\":95,\"caption\":\"CSJ Emballages\"},\"image\":{\"@id\":\"https:\/\/www.csj-emballages.com\/es\/#\/schema\/logo\/image\/\"},\"sameAs\":[\"https:\/\/www.facebook.com\/csjemballages\"],\"address\":{\"@type\":\"PostalAddress\",\"streetAddress\":\"ZI La Lechere\",\"addressLocality\":\"Patornay\",\"postalCode\":\"39130\",\"addressCountry\":\"FR\"},\"contactPoint\":[{\"@type\":\"ContactPoint\",\"contactType\":\"Service client\",\"telephone\":\"0384254272\",\"email\":\"contact@csj-emballages.com\"}]}]}<\/script>\n<!-- \/ Yoast SEO Premium plugin. -->","yoast_head_json":{"title":"Tapa cruzada de paja para olla GOB FAST 950 por 500","description":"Tapa transparente con pajita para GOB FAST 950. Pr\u00e1ctica, higi\u00e9nica y vendida en paquetes de 500 unidades, ideal para bebidas fr\u00edas para llevar.","robots":{"index":"index","follow":"follow","max-snippet":"max-snippet:-1","max-image-preview":"max-image-preview:large","max-video-preview":"max-video-preview:-1"},"canonical":"https:\/\/www.csj-emballages.com\/es\/produit\/tapa-de-paja-en-cruz-para-olla-gob-fast-950-500-unidades\/","og_locale":"es_ES","og_type":"article","og_title":"Tapa de paja en cruz para olla GOB FAST 950 (500 unidades)","og_description":"Tapa transparente con pajita para GOB FAST 950. Pr\u00e1ctica, higi\u00e9nica y vendida en paquetes de 500 unidades, ideal para bebidas fr\u00edas para llevar.","og_url":"https:\/\/www.csj-emballages.com\/es\/produit\/tapa-de-paja-en-cruz-para-olla-gob-fast-950-500-unidades\/","og_site_name":"CSJ Emballages","article_publisher":"https:\/\/www.facebook.com\/csjemballages","article_modified_time":"2026-04-17T00:12:43+00:00","og_image":[{"width":800,"height":800,"url":"https:\/\/www.csj-emballages.com\/wp-content\/uploads\/2025\/09\/COUVX960.webp","type":"image\/webp"}],"twitter_card":"summary_large_image","twitter_misc":{"Tiempo de lectura":"2 minutos"},"schema":{"@context":"https:\/\/schema.org","@graph":[{"@type":"WebPage","@id":"https:\/\/www.csj-emballages.com\/es\/produit\/tapa-de-paja-en-cruz-para-olla-gob-fast-950-500-unidades\/","url":"https:\/\/www.csj-emballages.com\/es\/produit\/tapa-de-paja-en-cruz-para-olla-gob-fast-950-500-unidades\/","name":"Tapa cruzada de paja para olla GOB FAST 950 por 500","isPartOf":{"@id":"https:\/\/www.csj-emballages.com\/es\/#website"},"primaryImageOfPage":{"@id":"https:\/\/www.csj-emballages.com\/es\/produit\/tapa-de-paja-en-cruz-para-olla-gob-fast-950-500-unidades\/#primaryimage"},"image":{"@id":"https:\/\/www.csj-emballages.com\/es\/produit\/tapa-de-paja-en-cruz-para-olla-gob-fast-950-500-unidades\/#primaryimage"},"thumbnailUrl":"https:\/\/www.csj-emballages.com\/wp-content\/uploads\/2025\/09\/COUVX960.webp","datePublished":"2025-09-05T11:57:57+00:00","dateModified":"2026-04-17T00:12:43+00:00","description":"Tapa transparente con pajita para GOB FAST 950. Pr\u00e1ctica, higi\u00e9nica y vendida en paquetes de 500 unidades, ideal para bebidas fr\u00edas para llevar.","breadcrumb":{"@id":"https:\/\/www.csj-emballages.com\/es\/produit\/tapa-de-paja-en-cruz-para-olla-gob-fast-950-500-unidades\/#breadcrumb"},"inLanguage":"es","potentialAction":[{"@type":"ReadAction","target":["https:\/\/www.csj-emballages.com\/es\/produit\/tapa-de-paja-en-cruz-para-olla-gob-fast-950-500-unidades\/"]}]},{"@type":"ImageObject","inLanguage":"es","@id":"https:\/\/www.csj-emballages.com\/es\/produit\/tapa-de-paja-en-cruz-para-olla-gob-fast-950-500-unidades\/#primaryimage","url":"https:\/\/www.csj-emballages.com\/wp-content\/uploads\/2025\/09\/COUVX960.webp","contentUrl":"https:\/\/www.csj-emballages.com\/wp-content\/uploads\/2025\/09\/COUVX960.webp","width":800,"height":800,"caption":"Couvercle pour pot GOB FAST"},{"@type":"BreadcrumbList","@id":"https:\/\/www.csj-emballages.com\/es\/produit\/tapa-de-paja-en-cruz-para-olla-gob-fast-950-500-unidades\/#breadcrumb","itemListElement":[{"@type":"ListItem","position":1,"name":"Accueil","item":"https:\/\/www.csj-emballages.com\/es\/universo-del-envasado-alimentario\/"},{"@type":"ListItem","position":2,"name":"Tienda","item":"https:\/\/www.csj-emballages.com\/tienda\/"},{"@type":"ListItem","position":3,"name":"Tapa de paja en cruz para olla GOB FAST 950 (500 unidades)"}]},{"@type":"WebSite","@id":"https:\/\/www.csj-emballages.com\/es\/#website","url":"https:\/\/www.csj-emballages.com\/es\/","name":"CSJ Emballages","description":"","publisher":{"@id":"https:\/\/www.csj-emballages.com\/es\/#organization"},"potentialAction":[{"@type":"SearchAction","target":{"@type":"EntryPoint","urlTemplate":"https:\/\/www.csj-emballages.com\/es\/?s={search_term_string}"},"query-input":{"@type":"PropertyValueSpecification","valueRequired":true,"valueName":"search_term_string"}}],"inLanguage":"es"},{"@type":"Organization","@id":"https:\/\/www.csj-emballages.com\/es\/#Organization\/","name":"CSJ Emballages","url":"https:\/\/www.csj-emballages.com\/es\/","logo":{"@type":"ImageObject","inLanguage":"es","@id":"https:\/\/www.csj-emballages.com\/es\/#\/schema\/logo\/image\/","url":"https:\/\/www.csj-emballages.com\/wp-content\/uploads\/2023\/10\/logo_csj.webp","contentUrl":"https:\/\/www.csj-emballages.com\/wp-content\/uploads\/2023\/10\/logo_csj.webp","width":250,"height":95,"caption":"CSJ Emballages"},"image":{"@id":"https:\/\/www.csj-emballages.com\/es\/#\/schema\/logo\/image\/"},"sameAs":["https:\/\/www.facebook.com\/csjemballages"],"address":{"@type":"PostalAddress","streetAddress":"ZI La Lechere","addressLocality":"Patornay","postalCode":"39130","addressCountry":"FR"},"contactPoint":[{"@type":"ContactPoint","contactType":"Service client","telephone":"0384254272","email":"contact@csj-emballages.com"}]}]}},"df_price":80.29,"df_sale_price":"","df_regular_price":80.29,"df_image_link":"https:\/\/www.csj-emballages.com\/wp-content\/uploads\/2025\/09\/COUVX960-300x300.webp","tiered_pricing_type":"fixed","tiered_pricing_fixed_rules":[],"tiered_pricing_percentage_rules":[],"tiered_pricing_minimum":1,"tiered_pricing_roles_data":[],"_links":{"self":[{"href":"https:\/\/www.csj-emballages.com\/es\/wp-json\/wp\/v2\/product\/242692","targetHints":{"allow":["GET"]}}],"collection":[{"href":"https:\/\/www.csj-emballages.com\/es\/wp-json\/wp\/v2\/product"}],"about":[{"href":"https:\/\/www.csj-emballages.com\/es\/wp-json\/wp\/v2\/types\/product"}],"wp:featuredmedia":[{"embeddable":true,"href":"https:\/\/www.csj-emballages.com\/es\/wp-json\/wp\/v2\/media\/242680"}],"wp:attachment":[{"href":"https:\/\/www.csj-emballages.com\/es\/wp-json\/wp\/v2\/media?parent=242692"}],"wp:term":[{"taxonomy":"product_brand","embeddable":true,"href":"https:\/\/www.csj-emballages.com\/es\/wp-json\/wp\/v2\/product_brand?post=242692"},{"taxonomy":"product_cat","embeddable":true,"href":"https:\/\/www.csj-emballages.com\/es\/wp-json\/wp\/v2\/product_cat?post=242692"},{"taxonomy":"product_tag","embeddable":true,"href":"https:\/\/www.csj-emballages.com\/es\/wp-json\/wp\/v2\/product_tag?post=242692"}],"curies":[{"name":"wp","href":"https:\/\/api.w.org\/{rel}","templated":true}]}}