{"id":242647,"date":"2025-09-05T14:05:48","date_gmt":"2025-09-05T12:05:48","guid":{"rendered":"https:\/\/www.csj-emballages.com\/produit\/manga-pastelera-caliente-y-fria-31-x-54-cm-paquete-de-100\/"},"modified":"2026-04-28T02:17:42","modified_gmt":"2026-04-28T00:17:42","slug":"manga-pastelera-caliente-y-fria-31-x-54-cm-paquete-de-100","status":"publish","type":"product","link":"https:\/\/www.csj-emballages.com\/es\/produit\/manga-pastelera-caliente-y-fria-31-x-54-cm-paquete-de-100\/","title":{"rendered":"Manga pastelera caliente y fr\u00eda 31 x 54 cm paquete de 100"},"content":{"rendered":"<h2>Manga pastelera<\/h2>\n<hr>\n<h3>Descripci\u00f3n de nuestra manga pastelera para uso en fr\u00edo o en caliente 31 x 54 cm paquete de 100<\/h3>\n<p><!--more--><\/p>\n<p data-start=\"230\" data-end=\"551\">La <strong data-start=\"233\" data-end=\"294\">manga pastelera de 31 x 54 cm<\/strong> por <strong>100<\/strong> <strong data-start=\"233\" data-end=\"294\">para uso en fr\u00edo o en caliente<\/strong> est\u00e1 especialmente dise\u00f1ada para satisfacer las necesidades de los profesionales de la pasteler\u00eda, la restauraci\u00f3n y el catering. Su formato generoso facilita el trabajo con grandes vol\u00famenes, al tiempo que garantiza la higiene y la practicidad. La primera caracter\u00edstica de esta <strong>manga pastelera<\/strong> es su <strong data-start=\"594\" data-end=\"629\">doble costura soldada ultra resistente<\/strong>. Es infalible, incluso a alta presi\u00f3n, lo que la convierte en un aliado fiable para todas sus preparaciones. Tanto si trabaja con <strong data-start=\"787\" data-end=\"827\">cremas batidas, mousses, nata montada<\/strong> o <strong data-start=\"842\" data-end=\"870\">pur\u00e9s y salsas calientes<\/strong>, puede confiar en su resistencia sin temor a la m\u00e1s m\u00ednima fuga.    <\/p>\n<p data-start=\"945\" data-end=\"1173\">Adem\u00e1s, la <strong>bolsa<\/strong> es <strong data-start=\"970\" data-end=\"986\">transparente<\/strong>, un detalle pr\u00e1ctico que facilita enormemente el trabajo en la cocina: puede ver al instante la cantidad de preparaci\u00f3n que queda, para una mayor precisi\u00f3n y eficacia. Adem\u00e1s, su <strong data-start=\"1188\" data-end=\"1207\">interior liso<\/strong> garantiza un vertido suave y uniforme, mientras que su <strong data-start=\"1264\" data-end=\"1291\">exterior antideslizante<\/strong> proporciona un excelente agarre. Incluso durante un uso intensivo, mantendr\u00e1 la comodidad y el control.  <\/p>\n<p data-start=\"1416\" data-end=\"1635\">En t\u00e9rminos de rendimiento, est\u00e1 dise\u00f1ado tanto para uso <strong data-start=\"1482\" data-end=\"1493\">en fr\u00edo<\/strong> como en<strong data-start=\"1497\" data-end=\"1522\">caliente, hasta 70\u00b0C<\/strong>. As\u00ed obtendr\u00e1 una aut\u00e9ntica versatilidad, adaptada a las distintas necesidades de una cocina profesional. <\/p>\n<p data-start=\"1637\" data-end=\"1951\">Por \u00faltimo, envasados en <strong data-start=\"1660\" data-end=\"1697\">paquetes precortados de 100 bolsillos<\/strong>, son <strong>f\u00e1ciles de separar<\/strong>, lo que le ahorrar\u00e1 mucho tiempo y mejorar\u00e1 la organizaci\u00f3n de su espacio de trabajo.<\/p>\n<p data-start=\"1953\" data-end=\"2141\">En resumen, la <strong data-start=\"1967\" data-end=\"2020\">manga pastelera transparente de 31 x 54 cm en envase<\/strong> es resistente, pr\u00e1ctica y vers\u00e1til: la herramienta imprescindible para unos ali\u00f1os impecables y un d\u00eda a d\u00eda simplificado.<\/p>\n<p><!--more--><\/p>\n<h4><strong>Ventajas :<\/strong><\/h4>\n<ul>\n<li><strong data-start=\"2375\" data-end=\"2410\">Doble soldadura ultrarresistente<\/strong>: robustez garantizada.<\/li>\n<li><strong data-start=\"2435\" data-end=\"2451\">Transparente<\/strong>: control visual inmediato del contenido.<\/li>\n<li>Puede utilizarse <strong data-start=\"2506\" data-end=\"2531\">en caliente hasta 70\u00b0C<\/strong> o en fr\u00edo.<\/li>\n<li><strong data-start=\"2546\" data-end=\"2572\">Superficie antideslizante<\/strong> para un mejor agarre.<\/li>\n<li><strong data-start=\"2610\" data-end=\"2629\">Interior liso<\/strong>: flujo suave y uniforme.<\/li>\n<li><strong data-start=\"2666\" data-end=\"2695\">Envasado en paquetes<\/strong> precortados para mayor comodidad.<\/li>\n<\/ul>\n<p>&nbsp;<\/p>\n<p><!--more--><\/p>\n<h4>Informaci\u00f3n adicional :<\/h4>\n<ul>\n<li><strong>Embalaje<\/strong>: Paquete de 100<\/li>\n<li><strong>Dimensiones<\/strong>: 31 x 54 cm<\/li>\n<li><strong>Material<\/strong>: LDPE (polietileno de baja densidad)<\/li>\n<li><strong>Color<\/strong>: Transparente<\/li>\n<li><strong>Resistencia<\/strong>: 82 micras<\/li>\n<\/ul>\n<p>&nbsp;<\/p>\n<p><!--more--><\/p>\n<p>Encuentre aqu\u00ed nuestra manga pastelera de 27 x 50 cm: <span style=\"color: #d12727;\"><a style=\"color: #d12727;\" href=\"https:\/\/www.csj-emballages.com\/es\/produit\/100-mangas-pasteleras-desechables-frias-o-calientes-27-x-50-cm\/\">POC50HOT<\/a><\/span><\/p>\n<p>&nbsp;<\/p>\n<p><!--more--><\/p>\n<p><a href=\"\/?product_cat=poches-a-douilles\">Consulte el resto de nuestra gama de mangas pasteleras aqu\u00ed<\/a><\/p>\n","protected":false},"excerpt":{"rendered":"<p>Manga pastelera Descripci\u00f3n de nuestra manga pastelera para uso en fr\u00edo o en caliente 31 x 54 cm paquete de 100<\/p>\n","protected":false},"featured_media":242646,"template":"","meta":{"_acf_changed":false},"product_brand":[],"product_cat":[1150,1145,3870,3158],"product_tag":[],"class_list":{"0":"post-242647","1":"product","2":"type-product","3":"status-publish","4":"has-post-thumbnail","6":"product_cat-envasado-de-alimentos","7":"product_cat-panaderia-y-pasteleria","8":"product_cat-accesorios-y-equipamiento","9":"product_cat-bolsas-de-enchufe","11":"first","12":"instock","13":"taxable","14":"shipping-taxable","15":"purchasable","16":"product-type-simple"},"acf":[],"yoast_head":"<!-- This site is optimized with the Yoast SEO Premium plugin v26.6 (Yoast SEO v26.6) - https:\/\/yoast.com\/wordpress\/plugins\/seo\/ -->\n<title>Manga pastelera caliente y fr\u00eda 31 x 54 cm<\/title>\n<meta name=\"description\" content=\"Manga pastelera transparente de 31 x 54 cm, paquete de 100, con doble cierre ultrarresistente. Puede utilizarse caliente hasta 70\u00b0C o fr\u00eda.\" \/>\n<meta name=\"robots\" content=\"index, follow, max-snippet:-1, max-image-preview:large, max-video-preview:-1\" \/>\n<link rel=\"canonical\" href=\"https:\/\/www.csj-emballages.com\/es\/produit\/manga-pastelera-caliente-y-fria-31-x-54-cm-paquete-de-100\/\" \/>\n<meta property=\"og:locale\" content=\"es_ES\" \/>\n<meta property=\"og:type\" content=\"article\" \/>\n<meta property=\"og:title\" content=\"Manga pastelera caliente y fr\u00eda 31 x 54 cm paquete de 100\" \/>\n<meta property=\"og:description\" content=\"Manga pastelera transparente de 31 x 54 cm, paquete de 100, con doble cierre ultrarresistente. Puede utilizarse caliente hasta 70\u00b0C o fr\u00eda.\" \/>\n<meta property=\"og:url\" content=\"https:\/\/www.csj-emballages.com\/es\/produit\/manga-pastelera-caliente-y-fria-31-x-54-cm-paquete-de-100\/\" \/>\n<meta property=\"og:site_name\" content=\"CSJ Emballages\" \/>\n<meta property=\"article:publisher\" content=\"https:\/\/www.facebook.com\/csjemballages\" \/>\n<meta property=\"article:modified_time\" content=\"2026-04-28T00:17:42+00:00\" \/>\n<meta property=\"og:image\" content=\"https:\/\/www.csj-emballages.com\/wp-content\/uploads\/2025\/09\/POC54HOT.webp\" \/>\n\t<meta property=\"og:image:width\" content=\"800\" \/>\n\t<meta property=\"og:image:height\" content=\"800\" \/>\n\t<meta property=\"og:image:type\" content=\"image\/webp\" \/>\n<meta name=\"twitter:card\" content=\"summary_large_image\" \/>\n<meta name=\"twitter:label1\" content=\"Tiempo de lectura\" \/>\n\t<meta name=\"twitter:data1\" content=\"2 minutos\" \/>\n<script type=\"application\/ld+json\" class=\"yoast-schema-graph\">{\"@context\":\"https:\/\/schema.org\",\"@graph\":[{\"@type\":\"WebPage\",\"@id\":\"https:\/\/www.csj-emballages.com\/es\/produit\/manga-pastelera-caliente-y-fria-31-x-54-cm-paquete-de-100\/\",\"url\":\"https:\/\/www.csj-emballages.com\/es\/produit\/manga-pastelera-caliente-y-fria-31-x-54-cm-paquete-de-100\/\",\"name\":\"Manga pastelera caliente y fr\u00eda 31 x 54 cm\",\"isPartOf\":{\"@id\":\"https:\/\/www.csj-emballages.com\/es\/#website\"},\"primaryImageOfPage\":{\"@id\":\"https:\/\/www.csj-emballages.com\/es\/produit\/manga-pastelera-caliente-y-fria-31-x-54-cm-paquete-de-100\/#primaryimage\"},\"image\":{\"@id\":\"https:\/\/www.csj-emballages.com\/es\/produit\/manga-pastelera-caliente-y-fria-31-x-54-cm-paquete-de-100\/#primaryimage\"},\"thumbnailUrl\":\"https:\/\/www.csj-emballages.com\/wp-content\/uploads\/2025\/09\/POC54HOT.webp\",\"datePublished\":\"2025-09-05T12:05:48+00:00\",\"dateModified\":\"2026-04-28T00:17:42+00:00\",\"description\":\"Manga pastelera transparente de 31 x 54 cm, paquete de 100, con doble cierre ultrarresistente. Puede utilizarse caliente hasta 70\u00b0C o fr\u00eda.\",\"breadcrumb\":{\"@id\":\"https:\/\/www.csj-emballages.com\/es\/produit\/manga-pastelera-caliente-y-fria-31-x-54-cm-paquete-de-100\/#breadcrumb\"},\"inLanguage\":\"es\",\"potentialAction\":[{\"@type\":\"ReadAction\",\"target\":[\"https:\/\/www.csj-emballages.com\/es\/produit\/manga-pastelera-caliente-y-fria-31-x-54-cm-paquete-de-100\/\"]}]},{\"@type\":\"ImageObject\",\"inLanguage\":\"es\",\"@id\":\"https:\/\/www.csj-emballages.com\/es\/produit\/manga-pastelera-caliente-y-fria-31-x-54-cm-paquete-de-100\/#primaryimage\",\"url\":\"https:\/\/www.csj-emballages.com\/wp-content\/uploads\/2025\/09\/POC54HOT.webp\",\"contentUrl\":\"https:\/\/www.csj-emballages.com\/wp-content\/uploads\/2025\/09\/POC54HOT.webp\",\"width\":800,\"height\":800,\"caption\":\"Poche \u00e0 douille\"},{\"@type\":\"BreadcrumbList\",\"@id\":\"https:\/\/www.csj-emballages.com\/es\/produit\/manga-pastelera-caliente-y-fria-31-x-54-cm-paquete-de-100\/#breadcrumb\",\"itemListElement\":[{\"@type\":\"ListItem\",\"position\":1,\"name\":\"Accueil\",\"item\":\"https:\/\/www.csj-emballages.com\/es\/universo-del-envasado-alimentario\/\"},{\"@type\":\"ListItem\",\"position\":2,\"name\":\"Tienda\",\"item\":\"https:\/\/www.csj-emballages.com\/tienda\/\"},{\"@type\":\"ListItem\",\"position\":3,\"name\":\"Manga pastelera caliente y fr\u00eda 31 x 54 cm paquete de 100\"}]},{\"@type\":\"WebSite\",\"@id\":\"https:\/\/www.csj-emballages.com\/es\/#website\",\"url\":\"https:\/\/www.csj-emballages.com\/es\/\",\"name\":\"CSJ Emballages\",\"description\":\"\",\"publisher\":{\"@id\":\"https:\/\/www.csj-emballages.com\/es\/#organization\"},\"potentialAction\":[{\"@type\":\"SearchAction\",\"target\":{\"@type\":\"EntryPoint\",\"urlTemplate\":\"https:\/\/www.csj-emballages.com\/es\/?s={search_term_string}\"},\"query-input\":{\"@type\":\"PropertyValueSpecification\",\"valueRequired\":true,\"valueName\":\"search_term_string\"}}],\"inLanguage\":\"es\"},{\"@type\":\"Organization\",\"@id\":\"https:\/\/www.csj-emballages.com\/es\/#Organization\/\",\"name\":\"CSJ Emballages\",\"url\":\"https:\/\/www.csj-emballages.com\/es\/\",\"logo\":{\"@type\":\"ImageObject\",\"inLanguage\":\"es\",\"@id\":\"https:\/\/www.csj-emballages.com\/es\/#\/schema\/logo\/image\/\",\"url\":\"https:\/\/www.csj-emballages.com\/wp-content\/uploads\/2023\/10\/logo_csj.webp\",\"contentUrl\":\"https:\/\/www.csj-emballages.com\/wp-content\/uploads\/2023\/10\/logo_csj.webp\",\"width\":250,\"height\":95,\"caption\":\"CSJ Emballages\"},\"image\":{\"@id\":\"https:\/\/www.csj-emballages.com\/es\/#\/schema\/logo\/image\/\"},\"sameAs\":[\"https:\/\/www.facebook.com\/csjemballages\"],\"address\":{\"@type\":\"PostalAddress\",\"streetAddress\":\"ZI La Lechere\",\"addressLocality\":\"Patornay\",\"postalCode\":\"39130\",\"addressCountry\":\"FR\"},\"contactPoint\":[{\"@type\":\"ContactPoint\",\"contactType\":\"Service client\",\"telephone\":\"0384254272\",\"email\":\"contact@csj-emballages.com\"}]}]}<\/script>\n<!-- \/ Yoast SEO Premium plugin. -->","yoast_head_json":{"title":"Manga pastelera caliente y fr\u00eda 31 x 54 cm","description":"Manga pastelera transparente de 31 x 54 cm, paquete de 100, con doble cierre ultrarresistente. Puede utilizarse caliente hasta 70\u00b0C o fr\u00eda.","robots":{"index":"index","follow":"follow","max-snippet":"max-snippet:-1","max-image-preview":"max-image-preview:large","max-video-preview":"max-video-preview:-1"},"canonical":"https:\/\/www.csj-emballages.com\/es\/produit\/manga-pastelera-caliente-y-fria-31-x-54-cm-paquete-de-100\/","og_locale":"es_ES","og_type":"article","og_title":"Manga pastelera caliente y fr\u00eda 31 x 54 cm paquete de 100","og_description":"Manga pastelera transparente de 31 x 54 cm, paquete de 100, con doble cierre ultrarresistente. Puede utilizarse caliente hasta 70\u00b0C o fr\u00eda.","og_url":"https:\/\/www.csj-emballages.com\/es\/produit\/manga-pastelera-caliente-y-fria-31-x-54-cm-paquete-de-100\/","og_site_name":"CSJ Emballages","article_publisher":"https:\/\/www.facebook.com\/csjemballages","article_modified_time":"2026-04-28T00:17:42+00:00","og_image":[{"width":800,"height":800,"url":"https:\/\/www.csj-emballages.com\/wp-content\/uploads\/2025\/09\/POC54HOT.webp","type":"image\/webp"}],"twitter_card":"summary_large_image","twitter_misc":{"Tiempo de lectura":"2 minutos"},"schema":{"@context":"https:\/\/schema.org","@graph":[{"@type":"WebPage","@id":"https:\/\/www.csj-emballages.com\/es\/produit\/manga-pastelera-caliente-y-fria-31-x-54-cm-paquete-de-100\/","url":"https:\/\/www.csj-emballages.com\/es\/produit\/manga-pastelera-caliente-y-fria-31-x-54-cm-paquete-de-100\/","name":"Manga pastelera caliente y fr\u00eda 31 x 54 cm","isPartOf":{"@id":"https:\/\/www.csj-emballages.com\/es\/#website"},"primaryImageOfPage":{"@id":"https:\/\/www.csj-emballages.com\/es\/produit\/manga-pastelera-caliente-y-fria-31-x-54-cm-paquete-de-100\/#primaryimage"},"image":{"@id":"https:\/\/www.csj-emballages.com\/es\/produit\/manga-pastelera-caliente-y-fria-31-x-54-cm-paquete-de-100\/#primaryimage"},"thumbnailUrl":"https:\/\/www.csj-emballages.com\/wp-content\/uploads\/2025\/09\/POC54HOT.webp","datePublished":"2025-09-05T12:05:48+00:00","dateModified":"2026-04-28T00:17:42+00:00","description":"Manga pastelera transparente de 31 x 54 cm, paquete de 100, con doble cierre ultrarresistente. Puede utilizarse caliente hasta 70\u00b0C o fr\u00eda.","breadcrumb":{"@id":"https:\/\/www.csj-emballages.com\/es\/produit\/manga-pastelera-caliente-y-fria-31-x-54-cm-paquete-de-100\/#breadcrumb"},"inLanguage":"es","potentialAction":[{"@type":"ReadAction","target":["https:\/\/www.csj-emballages.com\/es\/produit\/manga-pastelera-caliente-y-fria-31-x-54-cm-paquete-de-100\/"]}]},{"@type":"ImageObject","inLanguage":"es","@id":"https:\/\/www.csj-emballages.com\/es\/produit\/manga-pastelera-caliente-y-fria-31-x-54-cm-paquete-de-100\/#primaryimage","url":"https:\/\/www.csj-emballages.com\/wp-content\/uploads\/2025\/09\/POC54HOT.webp","contentUrl":"https:\/\/www.csj-emballages.com\/wp-content\/uploads\/2025\/09\/POC54HOT.webp","width":800,"height":800,"caption":"Poche \u00e0 douille"},{"@type":"BreadcrumbList","@id":"https:\/\/www.csj-emballages.com\/es\/produit\/manga-pastelera-caliente-y-fria-31-x-54-cm-paquete-de-100\/#breadcrumb","itemListElement":[{"@type":"ListItem","position":1,"name":"Accueil","item":"https:\/\/www.csj-emballages.com\/es\/universo-del-envasado-alimentario\/"},{"@type":"ListItem","position":2,"name":"Tienda","item":"https:\/\/www.csj-emballages.com\/tienda\/"},{"@type":"ListItem","position":3,"name":"Manga pastelera caliente y fr\u00eda 31 x 54 cm paquete de 100"}]},{"@type":"WebSite","@id":"https:\/\/www.csj-emballages.com\/es\/#website","url":"https:\/\/www.csj-emballages.com\/es\/","name":"CSJ Emballages","description":"","publisher":{"@id":"https:\/\/www.csj-emballages.com\/es\/#organization"},"potentialAction":[{"@type":"SearchAction","target":{"@type":"EntryPoint","urlTemplate":"https:\/\/www.csj-emballages.com\/es\/?s={search_term_string}"},"query-input":{"@type":"PropertyValueSpecification","valueRequired":true,"valueName":"search_term_string"}}],"inLanguage":"es"},{"@type":"Organization","@id":"https:\/\/www.csj-emballages.com\/es\/#Organization\/","name":"CSJ Emballages","url":"https:\/\/www.csj-emballages.com\/es\/","logo":{"@type":"ImageObject","inLanguage":"es","@id":"https:\/\/www.csj-emballages.com\/es\/#\/schema\/logo\/image\/","url":"https:\/\/www.csj-emballages.com\/wp-content\/uploads\/2023\/10\/logo_csj.webp","contentUrl":"https:\/\/www.csj-emballages.com\/wp-content\/uploads\/2023\/10\/logo_csj.webp","width":250,"height":95,"caption":"CSJ Emballages"},"image":{"@id":"https:\/\/www.csj-emballages.com\/es\/#\/schema\/logo\/image\/"},"sameAs":["https:\/\/www.facebook.com\/csjemballages"],"address":{"@type":"PostalAddress","streetAddress":"ZI La Lechere","addressLocality":"Patornay","postalCode":"39130","addressCountry":"FR"},"contactPoint":[{"@type":"ContactPoint","contactType":"Service client","telephone":"0384254272","email":"contact@csj-emballages.com"}]}]}},"df_price":12.11,"df_sale_price":"","df_regular_price":12.11,"df_image_link":"https:\/\/www.csj-emballages.com\/wp-content\/uploads\/2025\/09\/POC54HOT-300x300.webp","tiered_pricing_type":"fixed","tiered_pricing_fixed_rules":[],"tiered_pricing_percentage_rules":[],"tiered_pricing_minimum":1,"tiered_pricing_roles_data":[],"_links":{"self":[{"href":"https:\/\/www.csj-emballages.com\/es\/wp-json\/wp\/v2\/product\/242647","targetHints":{"allow":["GET"]}}],"collection":[{"href":"https:\/\/www.csj-emballages.com\/es\/wp-json\/wp\/v2\/product"}],"about":[{"href":"https:\/\/www.csj-emballages.com\/es\/wp-json\/wp\/v2\/types\/product"}],"wp:featuredmedia":[{"embeddable":true,"href":"https:\/\/www.csj-emballages.com\/es\/wp-json\/wp\/v2\/media\/242646"}],"wp:attachment":[{"href":"https:\/\/www.csj-emballages.com\/es\/wp-json\/wp\/v2\/media?parent=242647"}],"wp:term":[{"taxonomy":"product_brand","embeddable":true,"href":"https:\/\/www.csj-emballages.com\/es\/wp-json\/wp\/v2\/product_brand?post=242647"},{"taxonomy":"product_cat","embeddable":true,"href":"https:\/\/www.csj-emballages.com\/es\/wp-json\/wp\/v2\/product_cat?post=242647"},{"taxonomy":"product_tag","embeddable":true,"href":"https:\/\/www.csj-emballages.com\/es\/wp-json\/wp\/v2\/product_tag?post=242647"}],"curies":[{"name":"wp","href":"https:\/\/api.w.org\/{rel}","templated":true}]}}