{"id":24194,"date":"2024-03-01T16:47:27","date_gmt":"2024-03-01T15:47:27","guid":{"rendered":"https:\/\/u15jnbdpoq.preview.infomaniak.website\/produit\/100-bandejas-desechables-de-plastico-precintable-500-ml\/"},"modified":"2026-04-29T02:19:48","modified_gmt":"2026-04-29T00:19:48","slug":"100-bandejas-desechables-de-plastico-precintable-500-ml","status":"publish","type":"product","link":"https:\/\/www.csj-emballages.com\/es\/produit\/100-bandejas-desechables-de-plastico-precintable-500-ml\/","title":{"rendered":"100 bandejas desechables de pl\u00e1stico precintable 500 ml"},"content":{"rendered":"<p><span style=\"box-sizing: inherit; font-weight: bold; text-decoration: underline;\">Bandejas desechables de pl\u00e1stico precintable 500 ml <\/span><span style=\"box-sizing: inherit; font-weight: bold; text-decoration: underline;\">Descripci\u00f3n :<\/span><\/p>\n<p style=\"box-sizing: inherit; font-family: Roboto, sans-serif;\"><span style=\"box-sizing: inherit;\"> <\/span><\/p>\n<h3 style=\"font-family: Roboto, sans-serif; box-sizing: inherit;\"><span style=\"box-sizing: inherit; font-weight: bold;\">Descubre nuestras bandejas termosellables\/precintables de pl\u00e1stico desechables de 500 ml<\/span><\/h3>\n<p>&nbsp;<\/p>\n<p style=\"box-sizing: inherit; font-family: Roboto, sans-serif;\"><span style=\"box-sizing: inherit;\">  <\/span><span style=\"box-sizing: inherit;\">La bandeja de pl\u00e1stico transl\u00facido precintable se utiliza principalmente en el sector de la restauraci\u00f3n, como <\/span><span style=\"box-sizing: inherit;\">catering, carnicer\u00edas, comercios y comida para llevar.<\/span><\/p>\n<p style=\"box-sizing: inherit; font-family: Roboto, sans-serif;\"><span style=\"box-sizing: inherit;\">Las bandejas de pl\u00e1stico est\u00e1n disponibles en una amplia gama de tama\u00f1os para uso en caliente o en fr\u00edo.<\/span><\/p>\n<p style=\"box-sizing: inherit; font-family: Roboto, sans-serif;\"><span style=\"box-sizing: inherit;\">Gracias al cierre de film, esta bandeja de pl\u00e1stico queda perfectamente herm\u00e9tica.<\/span><\/p>\n<p style=\"box-sizing: inherit; font-family: Roboto, sans-serif;\"><span style=\"box-sizing: inherit;\">  <\/span><span style=\"box-sizing: inherit; font-weight: bold;\">*Para utilizar con una m\u00e1quina termosellable<\/span><\/p>\n<p style=\"box-sizing: inherit; font-family: Roboto, sans-serif;\"><span style=\"box-sizing: inherit;\">  Ver el resto de nuestra gama de bandejas termosellables  <\/span><\/p>\n<h3 style=\"font-family: Roboto, sans-serif; box-sizing: inherit;\"><span style=\"box-sizing: inherit; font-weight: bold; text-decoration: underline;\">Caracter\u00edsticas de las bandejas termosellables desechables:<\/span><\/h3>\n<p>&nbsp;<\/p>\n<p style=\"box-sizing: inherit; font-family: Roboto, sans-serif;\"><span style=\"box-sizing: inherit;\"> <\/span><\/p>\n<ul style=\"box-sizing: inherit; font-family: Roboto, sans-serif;\">\n<li style=\"box-sizing: inherit;\"><span style=\"box-sizing: inherit;\">Vendido a particulares \/ profesionales<\/span><\/li>\n<li style=\"box-sizing: inherit;\"><span style=\"box-sizing: inherit;\">ALPHACEL bandejas precintables \/ termosellables \/ retr\u00e1ctiles<\/span><\/li>\n<li style=\"box-sizing: inherit;\"><span style=\"box-sizing: inherit;\"><span style=\"box-sizing: inherit; font-weight: bold; text-decoration: underline;\">Volumen<\/span>: 500 ml<\/span><\/li>\n<li style=\"box-sizing: inherit;\"><span style=\"box-sizing: inherit;\"><span style=\"box-sizing: inherit; font-weight: bold; text-decoration: underline;\">Dimensiones<\/span>: 137 x 96 x 66 (L x A x A en mm)<\/span><\/li>\n<li style=\"box-sizing: inherit;\"><span style=\"box-sizing: inherit;\"><span style=\"box-sizing: inherit; font-weight: bold; text-decoration: underline;\">Embalaje<\/span>: Bolsa de 100 bandejas<\/span><\/li>\n<li style=\"box-sizing: inherit;\"><span style=\"box-sizing: inherit;\">Envasado en pel\u00edcula protectora para un mejor almacenamiento y protecci\u00f3n.<\/span><\/li>\n<li style=\"box-sizing: inherit;\"><span style=\"box-sizing: inherit;\"><span style=\"box-sizing: inherit; text-indent: 0pt; font-weight: bold; text-decoration: underline;\">Material<\/span><span style=\"box-sizing: inherit; text-indent: 0pt;\"> Polipropileno<\/span><\/span><\/li>\n<\/ul>\n<h2 style=\"font-family: Roboto, sans-serif; box-sizing: inherit;\"><span style=\"box-sizing: inherit;\">  <\/span><span style=\"box-sizing: inherit; font-weight: bold;\">\u00a1Elige ya las bandejas sellables \/ termosellables ALPHACEL!<\/span><\/h2>\n","protected":false},"excerpt":{"rendered":"<p>Bandejas desechables de pl\u00e1stico precintable 500 ml Descripci\u00f3n : Descubre nuestras bandejas termosellables\/precintables de pl\u00e1stico desechables de 500 ml &nbsp; La bandeja de pl\u00e1stico transl\u00facido precintable se utiliza principalmente en el sector de la restauraci\u00f3n, como catering, carnicer\u00edas, comercios y comida para llevar. Las bandejas de pl\u00e1stico est\u00e1n disponibles en una amplia gama de tama\u00f1os [&hellip;]<\/p>\n","protected":false},"featured_media":219640,"template":"","meta":{"_acf_changed":false},"product_brand":[],"product_cat":[1143,1491,2246,3615],"product_tag":[],"class_list":{"0":"post-24194","1":"product","2":"type-product","3":"status-publish","4":"has-post-thumbnail","6":"product_cat-carniceria-y-charcuteria","7":"product_cat-bandejas-latas-tarros-de-comida","8":"product_cat-alphacel-bandejas-precintables","9":"product_cat-bandejas-translucidas-precintables","11":"first","12":"instock","13":"taxable","14":"shipping-taxable","15":"purchasable","16":"product-type-simple"},"acf":[],"yoast_head":"<!-- This site is optimized with the Yoast SEO Premium plugin v26.6 (Yoast SEO v26.6) - https:\/\/yoast.com\/wordpress\/plugins\/seo\/ -->\n<title>100 Bandejas Desechables de Pl\u00e1stico Termosellables 500 ml \/ csj-emballages.com<\/title>\n<meta name=\"description\" content=\"\u00a1Comprar sobre de bandeja de pl\u00e1stico filmable desechable 50cl termosellable! Te ofrecemos una bolsa de 100 bandejas resistentes y de calidad a precios de DESCUENTO.\" \/>\n<meta name=\"robots\" content=\"index, follow, max-snippet:-1, max-image-preview:large, max-video-preview:-1\" \/>\n<link rel=\"canonical\" href=\"https:\/\/www.csj-emballages.com\/es\/produit\/100-bandejas-desechables-de-plastico-precintable-500-ml\/\" \/>\n<meta property=\"og:locale\" content=\"es_ES\" \/>\n<meta property=\"og:type\" content=\"article\" \/>\n<meta property=\"og:title\" content=\"100 bandejas desechables de pl\u00e1stico precintable 500 ml\" \/>\n<meta property=\"og:description\" content=\"\u00a1Comprar sobre de bandeja de pl\u00e1stico filmable desechable 50cl termosellable! Te ofrecemos una bolsa de 100 bandejas resistentes y de calidad a precios de DESCUENTO.\" \/>\n<meta property=\"og:url\" content=\"https:\/\/www.csj-emballages.com\/es\/produit\/100-bandejas-desechables-de-plastico-precintable-500-ml\/\" \/>\n<meta property=\"og:site_name\" content=\"CSJ Emballages\" \/>\n<meta property=\"article:publisher\" content=\"https:\/\/www.facebook.com\/csjemballages\" \/>\n<meta property=\"article:modified_time\" content=\"2026-04-29T00:19:48+00:00\" \/>\n<meta property=\"og:image\" content=\"https:\/\/www.csj-emballages.com\/wp-content\/uploads\/2024\/03\/500-barquettes-plastique-translucide-traiteur-pas-cher-discount-csj-emballag-jpg.webp\" \/>\n\t<meta property=\"og:image:width\" content=\"800\" \/>\n\t<meta property=\"og:image:height\" content=\"800\" \/>\n\t<meta property=\"og:image:type\" content=\"image\/jpeg\" \/>\n<meta name=\"twitter:card\" content=\"summary_large_image\" \/>\n<meta name=\"twitter:label1\" content=\"Tiempo de lectura\" \/>\n\t<meta name=\"twitter:data1\" content=\"1 minuto\" \/>\n<script type=\"application\/ld+json\" class=\"yoast-schema-graph\">{\"@context\":\"https:\/\/schema.org\",\"@graph\":[{\"@type\":\"WebPage\",\"@id\":\"https:\/\/www.csj-emballages.com\/es\/produit\/100-bandejas-desechables-de-plastico-precintable-500-ml\/\",\"url\":\"https:\/\/www.csj-emballages.com\/es\/produit\/100-bandejas-desechables-de-plastico-precintable-500-ml\/\",\"name\":\"100 Bandejas Desechables de Pl\u00e1stico Termosellables 500 ml \/ csj-emballages.com\",\"isPartOf\":{\"@id\":\"https:\/\/www.csj-emballages.com\/es\/#website\"},\"primaryImageOfPage\":{\"@id\":\"https:\/\/www.csj-emballages.com\/es\/produit\/100-bandejas-desechables-de-plastico-precintable-500-ml\/#primaryimage\"},\"image\":{\"@id\":\"https:\/\/www.csj-emballages.com\/es\/produit\/100-bandejas-desechables-de-plastico-precintable-500-ml\/#primaryimage\"},\"thumbnailUrl\":\"https:\/\/www.csj-emballages.com\/wp-content\/uploads\/2024\/03\/CL375TP.webp\",\"datePublished\":\"2024-03-01T15:47:27+00:00\",\"dateModified\":\"2026-04-29T00:19:48+00:00\",\"description\":\"\u00a1Comprar sobre de bandeja de pl\u00e1stico filmable desechable 50cl termosellable! Te ofrecemos una bolsa de 100 bandejas resistentes y de calidad a precios de DESCUENTO.\",\"breadcrumb\":{\"@id\":\"https:\/\/www.csj-emballages.com\/es\/produit\/100-bandejas-desechables-de-plastico-precintable-500-ml\/#breadcrumb\"},\"inLanguage\":\"es\",\"potentialAction\":[{\"@type\":\"ReadAction\",\"target\":[\"https:\/\/www.csj-emballages.com\/es\/produit\/100-bandejas-desechables-de-plastico-precintable-500-ml\/\"]}]},{\"@type\":\"ImageObject\",\"inLanguage\":\"es\",\"@id\":\"https:\/\/www.csj-emballages.com\/es\/produit\/100-bandejas-desechables-de-plastico-precintable-500-ml\/#primaryimage\",\"url\":\"https:\/\/www.csj-emballages.com\/wp-content\/uploads\/2024\/03\/CL375TP.webp\",\"contentUrl\":\"https:\/\/www.csj-emballages.com\/wp-content\/uploads\/2024\/03\/CL375TP.webp\",\"width\":800,\"height\":800,\"caption\":\"Barquette scellable\"},{\"@type\":\"BreadcrumbList\",\"@id\":\"https:\/\/www.csj-emballages.com\/es\/produit\/100-bandejas-desechables-de-plastico-precintable-500-ml\/#breadcrumb\",\"itemListElement\":[{\"@type\":\"ListItem\",\"position\":1,\"name\":\"Accueil\",\"item\":\"https:\/\/www.csj-emballages.com\/es\/universo-del-envasado-alimentario\/\"},{\"@type\":\"ListItem\",\"position\":2,\"name\":\"Tienda\",\"item\":\"https:\/\/www.csj-emballages.com\/tienda\/\"},{\"@type\":\"ListItem\",\"position\":3,\"name\":\"100 bandejas desechables de pl\u00e1stico precintable 500 ml\"}]},{\"@type\":\"WebSite\",\"@id\":\"https:\/\/www.csj-emballages.com\/es\/#website\",\"url\":\"https:\/\/www.csj-emballages.com\/es\/\",\"name\":\"CSJ Emballages\",\"description\":\"\",\"publisher\":{\"@id\":\"https:\/\/www.csj-emballages.com\/es\/#organization\"},\"potentialAction\":[{\"@type\":\"SearchAction\",\"target\":{\"@type\":\"EntryPoint\",\"urlTemplate\":\"https:\/\/www.csj-emballages.com\/es\/?s={search_term_string}\"},\"query-input\":{\"@type\":\"PropertyValueSpecification\",\"valueRequired\":true,\"valueName\":\"search_term_string\"}}],\"inLanguage\":\"es\"},{\"@type\":\"Organization\",\"@id\":\"https:\/\/www.csj-emballages.com\/es\/#Organization\/\",\"name\":\"CSJ Emballages\",\"url\":\"https:\/\/www.csj-emballages.com\/es\/\",\"logo\":{\"@type\":\"ImageObject\",\"inLanguage\":\"es\",\"@id\":\"https:\/\/www.csj-emballages.com\/es\/#\/schema\/logo\/image\/\",\"url\":\"https:\/\/www.csj-emballages.com\/wp-content\/uploads\/2023\/10\/logo_csj.webp\",\"contentUrl\":\"https:\/\/www.csj-emballages.com\/wp-content\/uploads\/2023\/10\/logo_csj.webp\",\"width\":250,\"height\":95,\"caption\":\"CSJ Emballages\"},\"image\":{\"@id\":\"https:\/\/www.csj-emballages.com\/es\/#\/schema\/logo\/image\/\"},\"sameAs\":[\"https:\/\/www.facebook.com\/csjemballages\"],\"address\":{\"@type\":\"PostalAddress\",\"streetAddress\":\"ZI La Lechere\",\"addressLocality\":\"Patornay\",\"postalCode\":\"39130\",\"addressCountry\":\"FR\"},\"contactPoint\":[{\"@type\":\"ContactPoint\",\"contactType\":\"Service client\",\"telephone\":\"0384254272\",\"email\":\"contact@csj-emballages.com\"}]}]}<\/script>\n<!-- \/ Yoast SEO Premium plugin. -->","yoast_head_json":{"title":"100 Bandejas Desechables de Pl\u00e1stico Termosellables 500 ml \/ csj-emballages.com","description":"\u00a1Comprar sobre de bandeja de pl\u00e1stico filmable desechable 50cl termosellable! Te ofrecemos una bolsa de 100 bandejas resistentes y de calidad a precios de DESCUENTO.","robots":{"index":"index","follow":"follow","max-snippet":"max-snippet:-1","max-image-preview":"max-image-preview:large","max-video-preview":"max-video-preview:-1"},"canonical":"https:\/\/www.csj-emballages.com\/es\/produit\/100-bandejas-desechables-de-plastico-precintable-500-ml\/","og_locale":"es_ES","og_type":"article","og_title":"100 bandejas desechables de pl\u00e1stico precintable 500 ml","og_description":"\u00a1Comprar sobre de bandeja de pl\u00e1stico filmable desechable 50cl termosellable! Te ofrecemos una bolsa de 100 bandejas resistentes y de calidad a precios de DESCUENTO.","og_url":"https:\/\/www.csj-emballages.com\/es\/produit\/100-bandejas-desechables-de-plastico-precintable-500-ml\/","og_site_name":"CSJ Emballages","article_publisher":"https:\/\/www.facebook.com\/csjemballages","article_modified_time":"2026-04-29T00:19:48+00:00","og_image":[{"width":800,"height":800,"url":"https:\/\/www.csj-emballages.com\/wp-content\/uploads\/2024\/03\/500-barquettes-plastique-translucide-traiteur-pas-cher-discount-csj-emballag-jpg.webp","type":"image\/jpeg"}],"twitter_card":"summary_large_image","twitter_misc":{"Tiempo de lectura":"1 minuto"},"schema":{"@context":"https:\/\/schema.org","@graph":[{"@type":"WebPage","@id":"https:\/\/www.csj-emballages.com\/es\/produit\/100-bandejas-desechables-de-plastico-precintable-500-ml\/","url":"https:\/\/www.csj-emballages.com\/es\/produit\/100-bandejas-desechables-de-plastico-precintable-500-ml\/","name":"100 Bandejas Desechables de Pl\u00e1stico Termosellables 500 ml \/ csj-emballages.com","isPartOf":{"@id":"https:\/\/www.csj-emballages.com\/es\/#website"},"primaryImageOfPage":{"@id":"https:\/\/www.csj-emballages.com\/es\/produit\/100-bandejas-desechables-de-plastico-precintable-500-ml\/#primaryimage"},"image":{"@id":"https:\/\/www.csj-emballages.com\/es\/produit\/100-bandejas-desechables-de-plastico-precintable-500-ml\/#primaryimage"},"thumbnailUrl":"https:\/\/www.csj-emballages.com\/wp-content\/uploads\/2024\/03\/CL375TP.webp","datePublished":"2024-03-01T15:47:27+00:00","dateModified":"2026-04-29T00:19:48+00:00","description":"\u00a1Comprar sobre de bandeja de pl\u00e1stico filmable desechable 50cl termosellable! Te ofrecemos una bolsa de 100 bandejas resistentes y de calidad a precios de DESCUENTO.","breadcrumb":{"@id":"https:\/\/www.csj-emballages.com\/es\/produit\/100-bandejas-desechables-de-plastico-precintable-500-ml\/#breadcrumb"},"inLanguage":"es","potentialAction":[{"@type":"ReadAction","target":["https:\/\/www.csj-emballages.com\/es\/produit\/100-bandejas-desechables-de-plastico-precintable-500-ml\/"]}]},{"@type":"ImageObject","inLanguage":"es","@id":"https:\/\/www.csj-emballages.com\/es\/produit\/100-bandejas-desechables-de-plastico-precintable-500-ml\/#primaryimage","url":"https:\/\/www.csj-emballages.com\/wp-content\/uploads\/2024\/03\/CL375TP.webp","contentUrl":"https:\/\/www.csj-emballages.com\/wp-content\/uploads\/2024\/03\/CL375TP.webp","width":800,"height":800,"caption":"Barquette scellable"},{"@type":"BreadcrumbList","@id":"https:\/\/www.csj-emballages.com\/es\/produit\/100-bandejas-desechables-de-plastico-precintable-500-ml\/#breadcrumb","itemListElement":[{"@type":"ListItem","position":1,"name":"Accueil","item":"https:\/\/www.csj-emballages.com\/es\/universo-del-envasado-alimentario\/"},{"@type":"ListItem","position":2,"name":"Tienda","item":"https:\/\/www.csj-emballages.com\/tienda\/"},{"@type":"ListItem","position":3,"name":"100 bandejas desechables de pl\u00e1stico precintable 500 ml"}]},{"@type":"WebSite","@id":"https:\/\/www.csj-emballages.com\/es\/#website","url":"https:\/\/www.csj-emballages.com\/es\/","name":"CSJ Emballages","description":"","publisher":{"@id":"https:\/\/www.csj-emballages.com\/es\/#organization"},"potentialAction":[{"@type":"SearchAction","target":{"@type":"EntryPoint","urlTemplate":"https:\/\/www.csj-emballages.com\/es\/?s={search_term_string}"},"query-input":{"@type":"PropertyValueSpecification","valueRequired":true,"valueName":"search_term_string"}}],"inLanguage":"es"},{"@type":"Organization","@id":"https:\/\/www.csj-emballages.com\/es\/#Organization\/","name":"CSJ Emballages","url":"https:\/\/www.csj-emballages.com\/es\/","logo":{"@type":"ImageObject","inLanguage":"es","@id":"https:\/\/www.csj-emballages.com\/es\/#\/schema\/logo\/image\/","url":"https:\/\/www.csj-emballages.com\/wp-content\/uploads\/2023\/10\/logo_csj.webp","contentUrl":"https:\/\/www.csj-emballages.com\/wp-content\/uploads\/2023\/10\/logo_csj.webp","width":250,"height":95,"caption":"CSJ Emballages"},"image":{"@id":"https:\/\/www.csj-emballages.com\/es\/#\/schema\/logo\/image\/"},"sameAs":["https:\/\/www.facebook.com\/csjemballages"],"address":{"@type":"PostalAddress","streetAddress":"ZI La Lechere","addressLocality":"Patornay","postalCode":"39130","addressCountry":"FR"},"contactPoint":[{"@type":"ContactPoint","contactType":"Service client","telephone":"0384254272","email":"contact@csj-emballages.com"}]}]}},"df_price":6.04,"df_sale_price":"","df_regular_price":6.04,"df_image_link":"https:\/\/www.csj-emballages.com\/wp-content\/uploads\/2024\/03\/CL375TP-300x300.webp","tiered_pricing_type":"fixed","tiered_pricing_fixed_rules":[],"tiered_pricing_percentage_rules":[],"tiered_pricing_minimum":1,"tiered_pricing_roles_data":[],"_links":{"self":[{"href":"https:\/\/www.csj-emballages.com\/es\/wp-json\/wp\/v2\/product\/24194","targetHints":{"allow":["GET"]}}],"collection":[{"href":"https:\/\/www.csj-emballages.com\/es\/wp-json\/wp\/v2\/product"}],"about":[{"href":"https:\/\/www.csj-emballages.com\/es\/wp-json\/wp\/v2\/types\/product"}],"wp:featuredmedia":[{"embeddable":true,"href":"https:\/\/www.csj-emballages.com\/es\/wp-json\/wp\/v2\/media\/219640"}],"wp:attachment":[{"href":"https:\/\/www.csj-emballages.com\/es\/wp-json\/wp\/v2\/media?parent=24194"}],"wp:term":[{"taxonomy":"product_brand","embeddable":true,"href":"https:\/\/www.csj-emballages.com\/es\/wp-json\/wp\/v2\/product_brand?post=24194"},{"taxonomy":"product_cat","embeddable":true,"href":"https:\/\/www.csj-emballages.com\/es\/wp-json\/wp\/v2\/product_cat?post=24194"},{"taxonomy":"product_tag","embeddable":true,"href":"https:\/\/www.csj-emballages.com\/es\/wp-json\/wp\/v2\/product_tag?post=24194"}],"curies":[{"name":"wp","href":"https:\/\/api.w.org\/{rel}","templated":true}]}}