{"id":24185,"date":"2024-03-01T16:47:25","date_gmt":"2024-03-01T15:47:25","guid":{"rendered":"https:\/\/u15jnbdpoq.preview.infomaniak.website\/produit\/20-vasos-de-postre-bodega-de-plastico-250-ml\/"},"modified":"2026-05-07T02:21:26","modified_gmt":"2026-05-07T00:21:26","slug":"20-vasos-de-postre-bodega-de-plastico-250-ml","status":"publish","type":"product","link":"https:\/\/www.csj-emballages.com\/es\/produit\/20-vasos-de-postre-bodega-de-plastico-250-ml\/","title":{"rendered":"Copas de postre Bodega de pl\u00e1stico de 250 ml, paquete de 20"},"content":{"rendered":"<h2>Tazas de postre<\/h2>\n<hr>\n<h3>Descripci\u00f3n de nuestras copas de postre Bodega de pl\u00e1stico de 250 ml, paquete de 20<\/h3>\n<p><!--more--><\/p>\n<p>Descubra nuestras <strong>copas de postre Bodega de 25 cl<\/strong>, ideales para sus presentaciones gourmet. Perfectas para buffets, recepciones o eventos, estas <strong>copelas de postre<\/strong> son robustas y reutilizables. Su dise\u00f1o transparente realza cada capa de sus creaciones dulces o saladas. Puede servir mousses, tiramis\u00fas, ensaladas de frutas o vasitos. Con su capacidad de <strong>250 ml<\/strong>, ofrecen el tama\u00f1o ideal para porciones generosas sin excesos. Pr\u00e1cticas de manipular, son adecuadas tanto para ocasiones festivas como para el uso diario. Su pl\u00e1stico de alta calidad garantiza una presentaci\u00f3n impecable sin riesgos de fugas. F\u00e1ciles de apilar y almacenar, ahorran espacio en sus armarios. Estas <strong>copelas de postre Bodega de 25 cl<\/strong> tambi\u00e9n son resistentes a los golpes, perfectas para su uso en exteriores.        <\/p>\n<p>&nbsp;<\/p>\n<p><!--more--><\/p>\n<p>Adopte las <strong>copas Bodega<\/strong> para postres que impresionen a sus invitados a cada bocado.<\/p>\n<p>&nbsp;<\/p>\n<p><!--more--><\/p>\n<p><strong>Ventajas :<\/strong><\/p>\n<ul>\n<li>F\u00e1ciles de manipular, son perfectas para buffets, recepciones o eventos en exteriores.<\/li>\n<li>Apilables, permiten maximizar el espacio de almacenamiento en sus armarios.<\/li>\n<li>Su capacidad de <strong>250 ml<\/strong> es perfecta para porciones generosas, sin excesos.<\/li>\n<li>Reutilizables, ofrecen una alternativa ecol\u00f3gica.<\/li>\n<\/ul>\n<p>&nbsp;<\/p>\n<p><!--more--><\/p>\n<p>Producto disponible en un tama\u00f1o inferior: <span style=\"color: #d12727;\"><a style=\"color: #d12727;\" href=\"https:\/\/www.csj-emballages.com\/es\/produit\/20-vasos-de-postre-de-plastico-bodega-180-ml\/\">VERBODEGA18<\/a><\/span><\/p>\n<p>&nbsp;<\/p>\n<p><!--more--><\/p>\n<p><a href=\"https:\/\/www.csj-emballages.com\/produit\/20-coupes-a-dessert-bodega-plastique-250-ml\/\">Ver el resto de nuestra gama de cuencos de postre<\/a><\/p>\n","protected":false},"excerpt":{"rendered":"<p>Tazas de postre Descripci\u00f3n de nuestras copas de postre Bodega de pl\u00e1stico de 250 ml, paquete de 20<\/p>\n","protected":false},"featured_media":209474,"template":"","meta":{"_acf_changed":false},"product_brand":[],"product_cat":[1150,1143,1324,1458],"product_tag":[],"class_list":{"0":"post-24185","1":"product","2":"type-product","3":"status-publish","4":"has-post-thumbnail","6":"product_cat-envasado-de-alimentos","7":"product_cat-carniceria-y-charcuteria","8":"product_cat-tazas-tarros-vasos","9":"product_cat-tazas-de-postre","11":"first","12":"instock","13":"taxable","14":"shipping-taxable","15":"purchasable","16":"product-type-simple"},"acf":[],"yoast_head":"<!-- This site is optimized with the Yoast SEO Premium plugin v26.6 (Yoast SEO v26.6) - https:\/\/yoast.com\/wordpress\/plugins\/seo\/ -->\n<title>Copas de postre Bodega de pl\u00e1stico - 250 ml<\/title>\n<meta name=\"description\" content=\"\u00a1Descubra nuestras copas de postre Bodega de 25 cl de pl\u00e1stico! Le ofrecemos un paquete de 20 copas de postre, de calidad y resistentes.\" \/>\n<meta name=\"robots\" content=\"index, follow, max-snippet:-1, max-image-preview:large, max-video-preview:-1\" \/>\n<link rel=\"canonical\" href=\"https:\/\/www.csj-emballages.com\/es\/produit\/20-vasos-de-postre-bodega-de-plastico-250-ml\/\" \/>\n<meta property=\"og:locale\" content=\"es_ES\" \/>\n<meta property=\"og:type\" content=\"article\" \/>\n<meta property=\"og:title\" content=\"Copas de postre Bodega de pl\u00e1stico de 250 ml, paquete de 20\" \/>\n<meta property=\"og:description\" content=\"\u00a1Descubra nuestras copas de postre Bodega de 25 cl de pl\u00e1stico! Le ofrecemos un paquete de 20 copas de postre, de calidad y resistentes.\" \/>\n<meta property=\"og:url\" content=\"https:\/\/www.csj-emballages.com\/es\/produit\/20-vasos-de-postre-bodega-de-plastico-250-ml\/\" \/>\n<meta property=\"og:site_name\" content=\"CSJ Emballages\" \/>\n<meta property=\"article:publisher\" content=\"https:\/\/www.facebook.com\/csjemballages\" \/>\n<meta property=\"article:modified_time\" content=\"2026-05-07T00:21:26+00:00\" \/>\n<meta property=\"og:image\" content=\"https:\/\/www.csj-emballages.com\/wp-content\/uploads\/2024\/03\/VERBODEGA-25.webp\" \/>\n\t<meta property=\"og:image:width\" content=\"800\" \/>\n\t<meta property=\"og:image:height\" content=\"800\" \/>\n\t<meta property=\"og:image:type\" content=\"image\/webp\" \/>\n<meta name=\"twitter:card\" content=\"summary_large_image\" \/>\n<meta name=\"twitter:label1\" content=\"Tiempo de lectura\" \/>\n\t<meta name=\"twitter:data1\" content=\"1 minuto\" \/>\n<script type=\"application\/ld+json\" class=\"yoast-schema-graph\">{\"@context\":\"https:\/\/schema.org\",\"@graph\":[{\"@type\":\"WebPage\",\"@id\":\"https:\/\/www.csj-emballages.com\/es\/produit\/20-vasos-de-postre-bodega-de-plastico-250-ml\/\",\"url\":\"https:\/\/www.csj-emballages.com\/es\/produit\/20-vasos-de-postre-bodega-de-plastico-250-ml\/\",\"name\":\"Copas de postre Bodega de pl\u00e1stico - 250 ml\",\"isPartOf\":{\"@id\":\"https:\/\/www.csj-emballages.com\/es\/#website\"},\"primaryImageOfPage\":{\"@id\":\"https:\/\/www.csj-emballages.com\/es\/produit\/20-vasos-de-postre-bodega-de-plastico-250-ml\/#primaryimage\"},\"image\":{\"@id\":\"https:\/\/www.csj-emballages.com\/es\/produit\/20-vasos-de-postre-bodega-de-plastico-250-ml\/#primaryimage\"},\"thumbnailUrl\":\"https:\/\/www.csj-emballages.com\/wp-content\/uploads\/2024\/03\/VERBODEGA-25.webp\",\"datePublished\":\"2024-03-01T15:47:25+00:00\",\"dateModified\":\"2026-05-07T00:21:26+00:00\",\"description\":\"\u00a1Descubra nuestras copas de postre Bodega de 25 cl de pl\u00e1stico! Le ofrecemos un paquete de 20 copas de postre, de calidad y resistentes.\",\"breadcrumb\":{\"@id\":\"https:\/\/www.csj-emballages.com\/es\/produit\/20-vasos-de-postre-bodega-de-plastico-250-ml\/#breadcrumb\"},\"inLanguage\":\"es\",\"potentialAction\":[{\"@type\":\"ReadAction\",\"target\":[\"https:\/\/www.csj-emballages.com\/es\/produit\/20-vasos-de-postre-bodega-de-plastico-250-ml\/\"]}]},{\"@type\":\"ImageObject\",\"inLanguage\":\"es\",\"@id\":\"https:\/\/www.csj-emballages.com\/es\/produit\/20-vasos-de-postre-bodega-de-plastico-250-ml\/#primaryimage\",\"url\":\"https:\/\/www.csj-emballages.com\/wp-content\/uploads\/2024\/03\/VERBODEGA-25.webp\",\"contentUrl\":\"https:\/\/www.csj-emballages.com\/wp-content\/uploads\/2024\/03\/VERBODEGA-25.webp\",\"width\":800,\"height\":800,\"caption\":\"coupes \u00e0 dessert\"},{\"@type\":\"BreadcrumbList\",\"@id\":\"https:\/\/www.csj-emballages.com\/es\/produit\/20-vasos-de-postre-bodega-de-plastico-250-ml\/#breadcrumb\",\"itemListElement\":[{\"@type\":\"ListItem\",\"position\":1,\"name\":\"Accueil\",\"item\":\"https:\/\/www.csj-emballages.com\/es\/universo-del-envasado-alimentario\/\"},{\"@type\":\"ListItem\",\"position\":2,\"name\":\"Tienda\",\"item\":\"https:\/\/www.csj-emballages.com\/tienda\/\"},{\"@type\":\"ListItem\",\"position\":3,\"name\":\"Copas de postre Bodega de pl\u00e1stico de 250 ml, paquete de 20\"}]},{\"@type\":\"WebSite\",\"@id\":\"https:\/\/www.csj-emballages.com\/es\/#website\",\"url\":\"https:\/\/www.csj-emballages.com\/es\/\",\"name\":\"CSJ Emballages\",\"description\":\"\",\"publisher\":{\"@id\":\"https:\/\/www.csj-emballages.com\/es\/#organization\"},\"potentialAction\":[{\"@type\":\"SearchAction\",\"target\":{\"@type\":\"EntryPoint\",\"urlTemplate\":\"https:\/\/www.csj-emballages.com\/es\/?s={search_term_string}\"},\"query-input\":{\"@type\":\"PropertyValueSpecification\",\"valueRequired\":true,\"valueName\":\"search_term_string\"}}],\"inLanguage\":\"es\"},{\"@type\":\"Organization\",\"@id\":\"https:\/\/www.csj-emballages.com\/es\/#Organization\/\",\"name\":\"CSJ Emballages\",\"url\":\"https:\/\/www.csj-emballages.com\/es\/\",\"logo\":{\"@type\":\"ImageObject\",\"inLanguage\":\"es\",\"@id\":\"https:\/\/www.csj-emballages.com\/es\/#\/schema\/logo\/image\/\",\"url\":\"https:\/\/www.csj-emballages.com\/wp-content\/uploads\/2023\/10\/logo_csj.webp\",\"contentUrl\":\"https:\/\/www.csj-emballages.com\/wp-content\/uploads\/2023\/10\/logo_csj.webp\",\"width\":250,\"height\":95,\"caption\":\"CSJ Emballages\"},\"image\":{\"@id\":\"https:\/\/www.csj-emballages.com\/es\/#\/schema\/logo\/image\/\"},\"sameAs\":[\"https:\/\/www.facebook.com\/csjemballages\"],\"address\":{\"@type\":\"PostalAddress\",\"streetAddress\":\"ZI La Lechere\",\"addressLocality\":\"Patornay\",\"postalCode\":\"39130\",\"addressCountry\":\"FR\"},\"contactPoint\":[{\"@type\":\"ContactPoint\",\"contactType\":\"Service client\",\"telephone\":\"0384254272\",\"email\":\"contact@csj-emballages.com\"}]}]}<\/script>\n<!-- \/ Yoast SEO Premium plugin. -->","yoast_head_json":{"title":"Copas de postre Bodega de pl\u00e1stico - 250 ml","description":"\u00a1Descubra nuestras copas de postre Bodega de 25 cl de pl\u00e1stico! Le ofrecemos un paquete de 20 copas de postre, de calidad y resistentes.","robots":{"index":"index","follow":"follow","max-snippet":"max-snippet:-1","max-image-preview":"max-image-preview:large","max-video-preview":"max-video-preview:-1"},"canonical":"https:\/\/www.csj-emballages.com\/es\/produit\/20-vasos-de-postre-bodega-de-plastico-250-ml\/","og_locale":"es_ES","og_type":"article","og_title":"Copas de postre Bodega de pl\u00e1stico de 250 ml, paquete de 20","og_description":"\u00a1Descubra nuestras copas de postre Bodega de 25 cl de pl\u00e1stico! Le ofrecemos un paquete de 20 copas de postre, de calidad y resistentes.","og_url":"https:\/\/www.csj-emballages.com\/es\/produit\/20-vasos-de-postre-bodega-de-plastico-250-ml\/","og_site_name":"CSJ Emballages","article_publisher":"https:\/\/www.facebook.com\/csjemballages","article_modified_time":"2026-05-07T00:21:26+00:00","og_image":[{"width":800,"height":800,"url":"https:\/\/www.csj-emballages.com\/wp-content\/uploads\/2024\/03\/VERBODEGA-25.webp","type":"image\/webp"}],"twitter_card":"summary_large_image","twitter_misc":{"Tiempo de lectura":"1 minuto"},"schema":{"@context":"https:\/\/schema.org","@graph":[{"@type":"WebPage","@id":"https:\/\/www.csj-emballages.com\/es\/produit\/20-vasos-de-postre-bodega-de-plastico-250-ml\/","url":"https:\/\/www.csj-emballages.com\/es\/produit\/20-vasos-de-postre-bodega-de-plastico-250-ml\/","name":"Copas de postre Bodega de pl\u00e1stico - 250 ml","isPartOf":{"@id":"https:\/\/www.csj-emballages.com\/es\/#website"},"primaryImageOfPage":{"@id":"https:\/\/www.csj-emballages.com\/es\/produit\/20-vasos-de-postre-bodega-de-plastico-250-ml\/#primaryimage"},"image":{"@id":"https:\/\/www.csj-emballages.com\/es\/produit\/20-vasos-de-postre-bodega-de-plastico-250-ml\/#primaryimage"},"thumbnailUrl":"https:\/\/www.csj-emballages.com\/wp-content\/uploads\/2024\/03\/VERBODEGA-25.webp","datePublished":"2024-03-01T15:47:25+00:00","dateModified":"2026-05-07T00:21:26+00:00","description":"\u00a1Descubra nuestras copas de postre Bodega de 25 cl de pl\u00e1stico! Le ofrecemos un paquete de 20 copas de postre, de calidad y resistentes.","breadcrumb":{"@id":"https:\/\/www.csj-emballages.com\/es\/produit\/20-vasos-de-postre-bodega-de-plastico-250-ml\/#breadcrumb"},"inLanguage":"es","potentialAction":[{"@type":"ReadAction","target":["https:\/\/www.csj-emballages.com\/es\/produit\/20-vasos-de-postre-bodega-de-plastico-250-ml\/"]}]},{"@type":"ImageObject","inLanguage":"es","@id":"https:\/\/www.csj-emballages.com\/es\/produit\/20-vasos-de-postre-bodega-de-plastico-250-ml\/#primaryimage","url":"https:\/\/www.csj-emballages.com\/wp-content\/uploads\/2024\/03\/VERBODEGA-25.webp","contentUrl":"https:\/\/www.csj-emballages.com\/wp-content\/uploads\/2024\/03\/VERBODEGA-25.webp","width":800,"height":800,"caption":"coupes \u00e0 dessert"},{"@type":"BreadcrumbList","@id":"https:\/\/www.csj-emballages.com\/es\/produit\/20-vasos-de-postre-bodega-de-plastico-250-ml\/#breadcrumb","itemListElement":[{"@type":"ListItem","position":1,"name":"Accueil","item":"https:\/\/www.csj-emballages.com\/es\/universo-del-envasado-alimentario\/"},{"@type":"ListItem","position":2,"name":"Tienda","item":"https:\/\/www.csj-emballages.com\/tienda\/"},{"@type":"ListItem","position":3,"name":"Copas de postre Bodega de pl\u00e1stico de 250 ml, paquete de 20"}]},{"@type":"WebSite","@id":"https:\/\/www.csj-emballages.com\/es\/#website","url":"https:\/\/www.csj-emballages.com\/es\/","name":"CSJ Emballages","description":"","publisher":{"@id":"https:\/\/www.csj-emballages.com\/es\/#organization"},"potentialAction":[{"@type":"SearchAction","target":{"@type":"EntryPoint","urlTemplate":"https:\/\/www.csj-emballages.com\/es\/?s={search_term_string}"},"query-input":{"@type":"PropertyValueSpecification","valueRequired":true,"valueName":"search_term_string"}}],"inLanguage":"es"},{"@type":"Organization","@id":"https:\/\/www.csj-emballages.com\/es\/#Organization\/","name":"CSJ Emballages","url":"https:\/\/www.csj-emballages.com\/es\/","logo":{"@type":"ImageObject","inLanguage":"es","@id":"https:\/\/www.csj-emballages.com\/es\/#\/schema\/logo\/image\/","url":"https:\/\/www.csj-emballages.com\/wp-content\/uploads\/2023\/10\/logo_csj.webp","contentUrl":"https:\/\/www.csj-emballages.com\/wp-content\/uploads\/2023\/10\/logo_csj.webp","width":250,"height":95,"caption":"CSJ Emballages"},"image":{"@id":"https:\/\/www.csj-emballages.com\/es\/#\/schema\/logo\/image\/"},"sameAs":["https:\/\/www.facebook.com\/csjemballages"],"address":{"@type":"PostalAddress","streetAddress":"ZI La Lechere","addressLocality":"Patornay","postalCode":"39130","addressCountry":"FR"},"contactPoint":[{"@type":"ContactPoint","contactType":"Service client","telephone":"0384254272","email":"contact@csj-emballages.com"}]}]}},"df_price":5.52,"df_sale_price":"","df_regular_price":5.52,"df_image_link":"https:\/\/www.csj-emballages.com\/wp-content\/uploads\/2024\/03\/VERBODEGA-25-300x300.webp","tiered_pricing_type":"fixed","tiered_pricing_fixed_rules":[],"tiered_pricing_percentage_rules":[],"tiered_pricing_minimum":1,"tiered_pricing_roles_data":[],"_links":{"self":[{"href":"https:\/\/www.csj-emballages.com\/es\/wp-json\/wp\/v2\/product\/24185","targetHints":{"allow":["GET"]}}],"collection":[{"href":"https:\/\/www.csj-emballages.com\/es\/wp-json\/wp\/v2\/product"}],"about":[{"href":"https:\/\/www.csj-emballages.com\/es\/wp-json\/wp\/v2\/types\/product"}],"wp:featuredmedia":[{"embeddable":true,"href":"https:\/\/www.csj-emballages.com\/es\/wp-json\/wp\/v2\/media\/209474"}],"wp:attachment":[{"href":"https:\/\/www.csj-emballages.com\/es\/wp-json\/wp\/v2\/media?parent=24185"}],"wp:term":[{"taxonomy":"product_brand","embeddable":true,"href":"https:\/\/www.csj-emballages.com\/es\/wp-json\/wp\/v2\/product_brand?post=24185"},{"taxonomy":"product_cat","embeddable":true,"href":"https:\/\/www.csj-emballages.com\/es\/wp-json\/wp\/v2\/product_cat?post=24185"},{"taxonomy":"product_tag","embeddable":true,"href":"https:\/\/www.csj-emballages.com\/es\/wp-json\/wp\/v2\/product_tag?post=24185"}],"curies":[{"name":"wp","href":"https:\/\/api.w.org\/{rel}","templated":true}]}}