{"id":24132,"date":"2024-03-01T16:47:30","date_gmt":"2024-03-01T15:47:30","guid":{"rendered":"https:\/\/u15jnbdpoq.preview.infomaniak.website\/produit\/50-tarrinas-de-plastico-cristal-desechables-para-helado-270-ml\/"},"modified":"2026-05-06T17:02:30","modified_gmt":"2026-05-06T15:02:30","slug":"50-tarrinas-de-plastico-cristal-desechables-para-helado-270-ml","status":"publish","type":"product","link":"https:\/\/www.csj-emballages.com\/es\/produit\/50-tarrinas-de-plastico-cristal-desechables-para-helado-270-ml\/","title":{"rendered":"Copa para postre de pl\u00e1stico 250 ml por 50"},"content":{"rendered":"<h2 class=\"p1\">Taza de postre<\/h2>\n<hr>\n<h3>Descripci\u00f3n de nuestra copa para postre de pl\u00e1stico 250 ml por 50<\/h3>\n<p><!--more--><\/p>\n<p data-start=\"239\" data-end=\"567\">La <strong>copa de postre de pl\u00e1stico de 250 ml<\/strong> es ideal para la presentaci\u00f3n y venta de postres generosos y gourmet. Dise\u00f1ada para satisfacer las necesidades de los profesionales de la restauraci\u00f3n, la pasteler\u00eda y el servicio de comida para llevar, permite realzar las preparaciones garantizando un uso pr\u00e1ctico e higi\u00e9nico. <\/p>\n<p data-start=\"569\" data-end=\"965\">Fabricada en <strong>pl\u00e1stico transparente<\/strong> de calidad alimentaria, esta <strong>copa<\/strong> ofrece una excelente visibilidad del contenido. Realza los postres por capas como <strong>mousses de chocolate, tiramis\u00fas, vasitos gourmet, cremas, tartas de queso o macedonias<\/strong>. Su <strong>capacidad de 250 ml<\/strong> es perfecta para ofrecer raciones m\u00e1s generosas, ideales para satisfacer a los clientes m\u00e1s golosos.  <\/p>\n<p data-start=\"967\" data-end=\"1333\">Asimismo, su <strong>forma acampanada<\/strong> asegura una buena estabilidad en superficies planas y un agarre c\u00f3modo. Ligera y apilable, facilita el almacenamiento y optimiza el espacio en el almac\u00e9n. Adem\u00e1s, esta <strong>copa<\/strong> se adapta perfectamente a la <strong>comida para llevar, vitrinas refrigeradas, buf\u00e9s y eventos<\/strong>, ofreciendo una soluci\u00f3n fiable para el servicio de postres individuales.  <\/p>\n<p data-start=\"1335\" data-end=\"1634\">Acondicionada por <strong>lote de 50 unidades,<\/strong> la <strong>copa para postre de pl\u00e1stico 250 ml<\/strong> conviene tanto para usos puntuales como para las necesidades regulares de los profesionales. Vers\u00e1til, tambi\u00e9n puede utilizarse para preparaciones saladas como entrantes fr\u00edos o porciones de aperitivo. <\/p>\n<p data-start=\"1335\" data-end=\"1634\">\n<p data-start=\"1335\" data-end=\"1634\"><!--more--><\/p>\n<p data-start=\"1335\" data-end=\"1634\"><strong><span style=\"color: #ff0000;\">*Las tapas se venden por separado<\/span><\/strong><\/p>\n<p data-start=\"1335\" data-end=\"1634\">\n<p data-start=\"1335\" data-end=\"1634\"><!--more--><\/p>\n<h4 data-start=\"1335\" data-end=\"1634\">Ventajas :<\/h4>\n<ul>\n<li data-start=\"1672\" data-end=\"1721\"><strong>Capacidad 250 ml<\/strong> ideal para postres generosos.<\/li>\n<li data-start=\"1724\" data-end=\"1775\"><strong>Pl\u00e1stico transparente<\/strong> apto para contacto alimentario.<\/li>\n<li data-start=\"1778\" data-end=\"1816\">Realza los postres por capas.<\/li>\n<li data-start=\"1819\" data-end=\"1848\">Forma estable y ergon\u00f3mica.<\/li>\n<li data-start=\"1851\" data-end=\"1896\">Ligera y apilable para un almacenamiento f\u00e1cil.<\/li>\n<li data-start=\"1899\" data-end=\"1951\">Adaptada para <strong>venta para llevar<\/strong>, buffets y vitrinas.<\/li>\n<li data-start=\"1954\" data-end=\"1986\">Uso polivalente dulce o salado.<\/li>\n<li data-start=\"1989\" data-end=\"2029\">Acondicionamiento pr\u00e1ctico por <strong>50 unidades<\/strong>.<\/li>\n<\/ul>\n<p><!--more--><\/p>\n<h4>Informaci\u00f3n adicional :<\/h4>\n<ul>\n<li><strong>Dimensiones<\/strong>: 92,6 x 71 (\u00d8 x A en mm).<\/li>\n<li><strong>Envases<\/strong>: Paquetes de 50<\/li>\n<li><strong>Volumen<\/strong>: 250 ml<\/li>\n<li><strong>Material<\/strong>: PET<\/li>\n<\/ul>\n<p>&nbsp;<\/p>\n<p><!--more--><\/p>\n<p>Encuentre aqu\u00ed las fundas vendidas por separado y compatibles con este producto: <span style=\"color: #d12727;\"><a style=\"color: #d12727;\" href=\"https:\/\/www.csj-emballages.com\/produit\/50-couvercles-plats-coupe-dessert-sd5-sd8-ts5-tp9-tp5\/\">COUVSD8<\/a><\/span> \/ <span style=\"color: #d12727;\"><a style=\"color: #d12727;\" href=\"https:\/\/www.csj-emballages.com\/produit\/50-couvercles-domes-jetables-sd5-sd8-ts5-tp5-tp9\/\">DOMEST<\/a><\/span><\/p>\n<p>&nbsp;<\/p>\n<p><!--more--><\/p>\n<p><a href=\"https:\/\/www.csj-emballages.com\/es\/categorie-produit\/envasado-de-alimentos\/carniceria-y-charcuteria\/tazas-tarros-vasos\/tazas-de-postre\/\">Descubre el resto de nuestra gama de cuencos de postre<\/a><\/p>\n","protected":false},"excerpt":{"rendered":"<p>Taza de postre Descripci\u00f3n de nuestra copa para postre de pl\u00e1stico 250 ml por 50<\/p>\n","protected":false},"featured_media":263774,"template":"","meta":{"_acf_changed":false},"product_brand":[],"product_cat":[1150,1143,1324,1458],"product_tag":[],"class_list":{"0":"post-24132","1":"product","2":"type-product","3":"status-publish","4":"has-post-thumbnail","6":"product_cat-envasado-de-alimentos","7":"product_cat-carniceria-y-charcuteria","8":"product_cat-tazas-tarros-vasos","9":"product_cat-tazas-de-postre","11":"first","12":"instock","13":"taxable","14":"shipping-taxable","15":"purchasable","16":"product-type-simple"},"acf":[],"yoast_head":"<!-- This site is optimized with the Yoast SEO Premium plugin v26.6 (Yoast SEO v26.6) - https:\/\/yoast.com\/wordpress\/plugins\/seo\/ -->\n<title>Vaso de postre de pl\u00e1stico - 250 ml<\/title>\n<meta name=\"description\" content=\"Bol de pl\u00e1stico para postres, dise\u00f1ado para sacar lo mejor de sus platos. Resistente y pr\u00e1ctico, garantiza una presentaci\u00f3n cuidada y un transporte seguro.\" \/>\n<meta name=\"robots\" content=\"index, follow, max-snippet:-1, max-image-preview:large, max-video-preview:-1\" \/>\n<link rel=\"canonical\" href=\"https:\/\/www.csj-emballages.com\/es\/produit\/50-tarrinas-de-plastico-cristal-desechables-para-helado-270-ml\/\" \/>\n<meta property=\"og:locale\" content=\"es_ES\" \/>\n<meta property=\"og:type\" content=\"article\" \/>\n<meta property=\"og:title\" content=\"Copa para postre de pl\u00e1stico 250 ml por 50\" \/>\n<meta property=\"og:description\" content=\"Bol de pl\u00e1stico para postres, dise\u00f1ado para sacar lo mejor de sus platos. Resistente y pr\u00e1ctico, garantiza una presentaci\u00f3n cuidada y un transporte seguro.\" \/>\n<meta property=\"og:url\" content=\"https:\/\/www.csj-emballages.com\/es\/produit\/50-tarrinas-de-plastico-cristal-desechables-para-helado-270-ml\/\" \/>\n<meta property=\"og:site_name\" content=\"CSJ Emballages\" \/>\n<meta property=\"article:publisher\" content=\"https:\/\/www.facebook.com\/csjemballages\" \/>\n<meta property=\"article:modified_time\" content=\"2026-05-06T15:02:30+00:00\" \/>\n<meta property=\"og:image\" content=\"https:\/\/www.csj-emballages.com\/wp-content\/uploads\/2024\/03\/TP9-2.webp\" \/>\n\t<meta property=\"og:image:width\" content=\"800\" \/>\n\t<meta property=\"og:image:height\" content=\"800\" \/>\n\t<meta property=\"og:image:type\" content=\"image\/webp\" \/>\n<meta name=\"twitter:card\" content=\"summary_large_image\" \/>\n<meta name=\"twitter:label1\" content=\"Tiempo de lectura\" \/>\n\t<meta name=\"twitter:data1\" content=\"2 minutos\" \/>\n<script type=\"application\/ld+json\" class=\"yoast-schema-graph\">{\"@context\":\"https:\/\/schema.org\",\"@graph\":[{\"@type\":\"WebPage\",\"@id\":\"https:\/\/www.csj-emballages.com\/es\/produit\/50-tarrinas-de-plastico-cristal-desechables-para-helado-270-ml\/\",\"url\":\"https:\/\/www.csj-emballages.com\/es\/produit\/50-tarrinas-de-plastico-cristal-desechables-para-helado-270-ml\/\",\"name\":\"Vaso de postre de pl\u00e1stico - 250 ml\",\"isPartOf\":{\"@id\":\"https:\/\/www.csj-emballages.com\/es\/#website\"},\"primaryImageOfPage\":{\"@id\":\"https:\/\/www.csj-emballages.com\/es\/produit\/50-tarrinas-de-plastico-cristal-desechables-para-helado-270-ml\/#primaryimage\"},\"image\":{\"@id\":\"https:\/\/www.csj-emballages.com\/es\/produit\/50-tarrinas-de-plastico-cristal-desechables-para-helado-270-ml\/#primaryimage\"},\"thumbnailUrl\":\"https:\/\/www.csj-emballages.com\/wp-content\/uploads\/2024\/03\/TP9-2.webp\",\"datePublished\":\"2024-03-01T15:47:30+00:00\",\"dateModified\":\"2026-05-06T15:02:30+00:00\",\"description\":\"Bol de pl\u00e1stico para postres, dise\u00f1ado para sacar lo mejor de sus platos. Resistente y pr\u00e1ctico, garantiza una presentaci\u00f3n cuidada y un transporte seguro.\",\"breadcrumb\":{\"@id\":\"https:\/\/www.csj-emballages.com\/es\/produit\/50-tarrinas-de-plastico-cristal-desechables-para-helado-270-ml\/#breadcrumb\"},\"inLanguage\":\"es\",\"potentialAction\":[{\"@type\":\"ReadAction\",\"target\":[\"https:\/\/www.csj-emballages.com\/es\/produit\/50-tarrinas-de-plastico-cristal-desechables-para-helado-270-ml\/\"]}]},{\"@type\":\"ImageObject\",\"inLanguage\":\"es\",\"@id\":\"https:\/\/www.csj-emballages.com\/es\/produit\/50-tarrinas-de-plastico-cristal-desechables-para-helado-270-ml\/#primaryimage\",\"url\":\"https:\/\/www.csj-emballages.com\/wp-content\/uploads\/2024\/03\/TP9-2.webp\",\"contentUrl\":\"https:\/\/www.csj-emballages.com\/wp-content\/uploads\/2024\/03\/TP9-2.webp\",\"width\":800,\"height\":800,\"caption\":\"Pot de glace plastique\"},{\"@type\":\"BreadcrumbList\",\"@id\":\"https:\/\/www.csj-emballages.com\/es\/produit\/50-tarrinas-de-plastico-cristal-desechables-para-helado-270-ml\/#breadcrumb\",\"itemListElement\":[{\"@type\":\"ListItem\",\"position\":1,\"name\":\"Accueil\",\"item\":\"https:\/\/www.csj-emballages.com\/es\/universo-del-envasado-alimentario\/\"},{\"@type\":\"ListItem\",\"position\":2,\"name\":\"Tienda\",\"item\":\"https:\/\/www.csj-emballages.com\/tienda\/\"},{\"@type\":\"ListItem\",\"position\":3,\"name\":\"Copa para postre de pl\u00e1stico 250 ml por 50\"}]},{\"@type\":\"WebSite\",\"@id\":\"https:\/\/www.csj-emballages.com\/es\/#website\",\"url\":\"https:\/\/www.csj-emballages.com\/es\/\",\"name\":\"CSJ Emballages\",\"description\":\"\",\"publisher\":{\"@id\":\"https:\/\/www.csj-emballages.com\/es\/#organization\"},\"potentialAction\":[{\"@type\":\"SearchAction\",\"target\":{\"@type\":\"EntryPoint\",\"urlTemplate\":\"https:\/\/www.csj-emballages.com\/es\/?s={search_term_string}\"},\"query-input\":{\"@type\":\"PropertyValueSpecification\",\"valueRequired\":true,\"valueName\":\"search_term_string\"}}],\"inLanguage\":\"es\"},{\"@type\":\"Organization\",\"@id\":\"https:\/\/www.csj-emballages.com\/es\/#Organization\/\",\"name\":\"CSJ Emballages\",\"url\":\"https:\/\/www.csj-emballages.com\/es\/\",\"logo\":{\"@type\":\"ImageObject\",\"inLanguage\":\"es\",\"@id\":\"https:\/\/www.csj-emballages.com\/es\/#\/schema\/logo\/image\/\",\"url\":\"https:\/\/www.csj-emballages.com\/wp-content\/uploads\/2023\/10\/logo_csj.webp\",\"contentUrl\":\"https:\/\/www.csj-emballages.com\/wp-content\/uploads\/2023\/10\/logo_csj.webp\",\"width\":250,\"height\":95,\"caption\":\"CSJ Emballages\"},\"image\":{\"@id\":\"https:\/\/www.csj-emballages.com\/es\/#\/schema\/logo\/image\/\"},\"sameAs\":[\"https:\/\/www.facebook.com\/csjemballages\"],\"address\":{\"@type\":\"PostalAddress\",\"streetAddress\":\"ZI La Lechere\",\"addressLocality\":\"Patornay\",\"postalCode\":\"39130\",\"addressCountry\":\"FR\"},\"contactPoint\":[{\"@type\":\"ContactPoint\",\"contactType\":\"Service client\",\"telephone\":\"0384254272\",\"email\":\"contact@csj-emballages.com\"}]}]}<\/script>\n<!-- \/ Yoast SEO Premium plugin. -->","yoast_head_json":{"title":"Vaso de postre de pl\u00e1stico - 250 ml","description":"Bol de pl\u00e1stico para postres, dise\u00f1ado para sacar lo mejor de sus platos. Resistente y pr\u00e1ctico, garantiza una presentaci\u00f3n cuidada y un transporte seguro.","robots":{"index":"index","follow":"follow","max-snippet":"max-snippet:-1","max-image-preview":"max-image-preview:large","max-video-preview":"max-video-preview:-1"},"canonical":"https:\/\/www.csj-emballages.com\/es\/produit\/50-tarrinas-de-plastico-cristal-desechables-para-helado-270-ml\/","og_locale":"es_ES","og_type":"article","og_title":"Copa para postre de pl\u00e1stico 250 ml por 50","og_description":"Bol de pl\u00e1stico para postres, dise\u00f1ado para sacar lo mejor de sus platos. Resistente y pr\u00e1ctico, garantiza una presentaci\u00f3n cuidada y un transporte seguro.","og_url":"https:\/\/www.csj-emballages.com\/es\/produit\/50-tarrinas-de-plastico-cristal-desechables-para-helado-270-ml\/","og_site_name":"CSJ Emballages","article_publisher":"https:\/\/www.facebook.com\/csjemballages","article_modified_time":"2026-05-06T15:02:30+00:00","og_image":[{"width":800,"height":800,"url":"https:\/\/www.csj-emballages.com\/wp-content\/uploads\/2024\/03\/TP9-2.webp","type":"image\/webp"}],"twitter_card":"summary_large_image","twitter_misc":{"Tiempo de lectura":"2 minutos"},"schema":{"@context":"https:\/\/schema.org","@graph":[{"@type":"WebPage","@id":"https:\/\/www.csj-emballages.com\/es\/produit\/50-tarrinas-de-plastico-cristal-desechables-para-helado-270-ml\/","url":"https:\/\/www.csj-emballages.com\/es\/produit\/50-tarrinas-de-plastico-cristal-desechables-para-helado-270-ml\/","name":"Vaso de postre de pl\u00e1stico - 250 ml","isPartOf":{"@id":"https:\/\/www.csj-emballages.com\/es\/#website"},"primaryImageOfPage":{"@id":"https:\/\/www.csj-emballages.com\/es\/produit\/50-tarrinas-de-plastico-cristal-desechables-para-helado-270-ml\/#primaryimage"},"image":{"@id":"https:\/\/www.csj-emballages.com\/es\/produit\/50-tarrinas-de-plastico-cristal-desechables-para-helado-270-ml\/#primaryimage"},"thumbnailUrl":"https:\/\/www.csj-emballages.com\/wp-content\/uploads\/2024\/03\/TP9-2.webp","datePublished":"2024-03-01T15:47:30+00:00","dateModified":"2026-05-06T15:02:30+00:00","description":"Bol de pl\u00e1stico para postres, dise\u00f1ado para sacar lo mejor de sus platos. Resistente y pr\u00e1ctico, garantiza una presentaci\u00f3n cuidada y un transporte seguro.","breadcrumb":{"@id":"https:\/\/www.csj-emballages.com\/es\/produit\/50-tarrinas-de-plastico-cristal-desechables-para-helado-270-ml\/#breadcrumb"},"inLanguage":"es","potentialAction":[{"@type":"ReadAction","target":["https:\/\/www.csj-emballages.com\/es\/produit\/50-tarrinas-de-plastico-cristal-desechables-para-helado-270-ml\/"]}]},{"@type":"ImageObject","inLanguage":"es","@id":"https:\/\/www.csj-emballages.com\/es\/produit\/50-tarrinas-de-plastico-cristal-desechables-para-helado-270-ml\/#primaryimage","url":"https:\/\/www.csj-emballages.com\/wp-content\/uploads\/2024\/03\/TP9-2.webp","contentUrl":"https:\/\/www.csj-emballages.com\/wp-content\/uploads\/2024\/03\/TP9-2.webp","width":800,"height":800,"caption":"Pot de glace plastique"},{"@type":"BreadcrumbList","@id":"https:\/\/www.csj-emballages.com\/es\/produit\/50-tarrinas-de-plastico-cristal-desechables-para-helado-270-ml\/#breadcrumb","itemListElement":[{"@type":"ListItem","position":1,"name":"Accueil","item":"https:\/\/www.csj-emballages.com\/es\/universo-del-envasado-alimentario\/"},{"@type":"ListItem","position":2,"name":"Tienda","item":"https:\/\/www.csj-emballages.com\/tienda\/"},{"@type":"ListItem","position":3,"name":"Copa para postre de pl\u00e1stico 250 ml por 50"}]},{"@type":"WebSite","@id":"https:\/\/www.csj-emballages.com\/es\/#website","url":"https:\/\/www.csj-emballages.com\/es\/","name":"CSJ Emballages","description":"","publisher":{"@id":"https:\/\/www.csj-emballages.com\/es\/#organization"},"potentialAction":[{"@type":"SearchAction","target":{"@type":"EntryPoint","urlTemplate":"https:\/\/www.csj-emballages.com\/es\/?s={search_term_string}"},"query-input":{"@type":"PropertyValueSpecification","valueRequired":true,"valueName":"search_term_string"}}],"inLanguage":"es"},{"@type":"Organization","@id":"https:\/\/www.csj-emballages.com\/es\/#Organization\/","name":"CSJ Emballages","url":"https:\/\/www.csj-emballages.com\/es\/","logo":{"@type":"ImageObject","inLanguage":"es","@id":"https:\/\/www.csj-emballages.com\/es\/#\/schema\/logo\/image\/","url":"https:\/\/www.csj-emballages.com\/wp-content\/uploads\/2023\/10\/logo_csj.webp","contentUrl":"https:\/\/www.csj-emballages.com\/wp-content\/uploads\/2023\/10\/logo_csj.webp","width":250,"height":95,"caption":"CSJ Emballages"},"image":{"@id":"https:\/\/www.csj-emballages.com\/es\/#\/schema\/logo\/image\/"},"sameAs":["https:\/\/www.facebook.com\/csjemballages"],"address":{"@type":"PostalAddress","streetAddress":"ZI La Lechere","addressLocality":"Patornay","postalCode":"39130","addressCountry":"FR"},"contactPoint":[{"@type":"ContactPoint","contactType":"Service client","telephone":"0384254272","email":"contact@csj-emballages.com"}]}]}},"df_price":3.52,"df_sale_price":"","df_regular_price":3.52,"df_image_link":"https:\/\/www.csj-emballages.com\/wp-content\/uploads\/2024\/03\/TP9-2-300x300.webp","tiered_pricing_type":"fixed","tiered_pricing_fixed_rules":[],"tiered_pricing_percentage_rules":[],"tiered_pricing_minimum":1,"tiered_pricing_roles_data":[],"_links":{"self":[{"href":"https:\/\/www.csj-emballages.com\/es\/wp-json\/wp\/v2\/product\/24132","targetHints":{"allow":["GET"]}}],"collection":[{"href":"https:\/\/www.csj-emballages.com\/es\/wp-json\/wp\/v2\/product"}],"about":[{"href":"https:\/\/www.csj-emballages.com\/es\/wp-json\/wp\/v2\/types\/product"}],"wp:featuredmedia":[{"embeddable":true,"href":"https:\/\/www.csj-emballages.com\/es\/wp-json\/wp\/v2\/media\/263774"}],"wp:attachment":[{"href":"https:\/\/www.csj-emballages.com\/es\/wp-json\/wp\/v2\/media?parent=24132"}],"wp:term":[{"taxonomy":"product_brand","embeddable":true,"href":"https:\/\/www.csj-emballages.com\/es\/wp-json\/wp\/v2\/product_brand?post=24132"},{"taxonomy":"product_cat","embeddable":true,"href":"https:\/\/www.csj-emballages.com\/es\/wp-json\/wp\/v2\/product_cat?post=24132"},{"taxonomy":"product_tag","embeddable":true,"href":"https:\/\/www.csj-emballages.com\/es\/wp-json\/wp\/v2\/product_tag?post=24132"}],"curies":[{"name":"wp","href":"https:\/\/api.w.org\/{rel}","templated":true}]}}