{"id":24125,"date":"2024-03-01T16:47:28","date_gmt":"2024-03-01T15:47:28","guid":{"rendered":"https:\/\/u15jnbdpoq.preview.infomaniak.website\/produit\/140-bandejas-de-plastico-desechables-con-cierre-750-ml\/"},"modified":"2026-04-15T02:18:21","modified_gmt":"2026-04-15T00:18:21","slug":"140-bandejas-de-plastico-desechables-con-cierre-750-ml","status":"publish","type":"product","link":"https:\/\/www.csj-emballages.com\/es\/produit\/140-bandejas-de-plastico-desechables-con-cierre-750-ml\/","title":{"rendered":"Bandeja de pl\u00e1stico precintable 750 ml x 140"},"content":{"rendered":"<h2>Bandeja precintable<\/h2>\n<hr>\n<h3>Descripci\u00f3n de nuestra bandeja de pl\u00e1stico precintable 750 ml por 140<\/h3>\n<p><!--more--><\/p>\n<p>La <strong>bandeja de pl\u00e1stico precintable de 750 ml por 140<\/strong> es la soluci\u00f3n ideal para el envasado de alimentos. Dise\u00f1ada para profesionales, ofrece una conservaci\u00f3n \u00f3ptima y un transporte seguro. Su sistema de <strong>cierre<\/strong> garantiza un sellado perfecto, manteniendo los alimentos frescos y evitando derrames. Perfectamente adaptada a la comida r\u00e1pida y a la comida para llevar, responde a las exigencias de las empresas de catering y de los profesionales del sector alimentario.   <\/p>\n<p>Fabricadas en robusto <strong>PP<\/strong>, <strong>las bandejas Alphacel<\/strong> destacan por su resistencia a las altas temperaturas, lo que las hace perfectamente aptas para recalentar en el microondas.<\/p>\n<p>&nbsp;<\/p>\n<p><!--more--><\/p>\n<h4><strong>Un formato pr\u00e1ctico para una amplia gama de usos<\/strong><\/h4>\n<p>Con su capacidad de <strong>750<\/strong><strong> ml<\/strong>, esta <strong>bandeja<\/strong> es ideal para porciones individuales de ensaladas, postres, platos preparados o aperitivos. Envasada en lotes de <strong>140<\/strong> unidades, resulta especialmente pr\u00e1ctica para los profesionales que desean gestionar eficazmente sus existencias. Adem\u00e1s, esta <strong>bandeja de pl\u00e1stico<\/strong> ayuda a reducir el desperdicio de alimentos y facilita el transporte, ofreciendo una soluci\u00f3n econ\u00f3mica y fiable que cumple las normas de seguridad e higiene alimentaria.  <\/p>\n<p>Elija hoy mismo estas <strong>bandejas precintables<\/strong> para mejorar su servicio y satisfacer plenamente a sus clientes.<\/p>\n<p>&nbsp;<\/p>\n<p><!--more--><\/p>\n<p><strong><span style=\"color: #ff0000;\">*Seguro para microondas<\/span><\/strong><\/p>\n<p>&nbsp;<\/p>\n<p><!--more--><\/p>\n<h4>Informaci\u00f3n adicional :<\/h4>\n<ul>\n<li><strong>Volumen<\/strong>: 750 ml<\/li>\n<li><strong>Dimensiones<\/strong>: 192 x 137 x 41 (L x A x A en mm)<\/li>\n<li><strong>Envase<\/strong>: Paquete de 140<\/li>\n<li><strong>Material<\/strong>: <span style=\"text-indent: 0pt;\">PP<\/span><\/li>\n<li><strong>Temperatura de funcionamiento<\/strong>: -0\u00b0C \/ +100\u00b0C<\/li>\n<\/ul>\n<p>&nbsp;<\/p>\n<p><!--more--><\/p>\n<p>Bandeja disponible en varios tama\u00f1os: <span style=\"color: #d12727;\"><a style=\"color: #d12727;\" href=\"https:\/\/www.csj-emballages.com\/es\/produit\/100-bandejas-desechables-de-plastico-precintable-250-ml\/\">250 ml<\/a><\/span> \/ <span style=\"color: #d12727;\"><a style=\"color: #d12727;\" href=\"https:\/\/www.csj-emballages.com\/es\/produit\/120-bandejas-de-plastico-desechables-con-cierre-375-ml\/\">375 ml<\/a><\/span> \/ <span style=\"color: #d12727;\"><a style=\"color: #d12727;\" href=\"https:\/\/www.csj-emballages.com\/es\/produit\/100-bandejas-desechables-de-plastico-precintable-500-ml\/\">500 ml<\/a><\/span> \/ <span style=\"color: #d12727;\"><a style=\"color: #d12727;\" href=\"https:\/\/www.csj-emballages.com\/es\/produit\/160-bandejas-desechables-de-plastico-precintable-1000-ml\/\">1000 ml<\/a><\/span> \/ <span style=\"color: #d12727;\"><a style=\"color: #d12727;\" href=\"https:\/\/www.csj-emballages.com\/es\/produit\/110-bandejas-de-plastico-desechables-precintables-1500-ml\/\">1500 ml<\/a><\/span><\/p>\n<p>&nbsp;<\/p>\n<p><!--more--><\/p>\n<p>Bandeja compatible con <span style=\"color: #d12727;\"><a style=\"color: #d12727;\" href=\"https:\/\/www.csj-emballages.com\/produit\/machine-manuelle-permettant-de-sceller-les-barquettes-de-250-a-2000-grammes\/\">Selladora BP30<\/a><\/span><\/p>\n<p>&nbsp;<\/p>\n<p><!--more--><\/p>\n<p><a href=\"https:\/\/www.csj-emballages.com\/es\/categorie-produit\/envasado-de-alimentos\/carniceria-y-charcuteria\/bandejas-latas-y-tarros\/bandejas-latas-tarros-de-comida\/alphacel-bandejas-precintables\/bandejas-translucidas-precintables\/\"><em>Ver el resto de nuestra gama de bandejas transl\u00facidas precintables<\/em><\/a><\/p>\n","protected":false},"excerpt":{"rendered":"<p>Bandeja precintable Descripci\u00f3n de nuestra bandeja de pl\u00e1stico precintable 750 ml por 140<\/p>\n","protected":false},"featured_media":219661,"template":"","meta":{"_acf_changed":false},"product_brand":[],"product_cat":[1143,1491,2246,3615,1270],"product_tag":[],"class_list":{"0":"post-24125","1":"product","2":"type-product","3":"status-publish","4":"has-post-thumbnail","6":"product_cat-carniceria-y-charcuteria","7":"product_cat-bandejas-latas-tarros-de-comida","8":"product_cat-alphacel-bandejas-precintables","9":"product_cat-bandejas-translucidas-precintables","10":"product_cat-descuentos","12":"first","13":"instock","14":"sale","15":"taxable","16":"shipping-taxable","17":"purchasable","18":"product-type-simple"},"acf":[],"yoast_head":"<!-- This site is optimized with the Yoast SEO Premium plugin v26.6 (Yoast SEO v26.6) - https:\/\/yoast.com\/wordpress\/plugins\/seo\/ -->\n<title>Bandeja de pl\u00e1stico precintable - 750 ml<\/title>\n<meta name=\"description\" content=\"Descubra la bandeja de pl\u00e1stico sellable de 750 ml, ideal para guardar y transportar sus alimentos. Pr\u00e1ctica, a prueba de fugas y apta para microondas.\" \/>\n<meta name=\"robots\" content=\"index, follow, max-snippet:-1, max-image-preview:large, max-video-preview:-1\" \/>\n<link rel=\"canonical\" href=\"https:\/\/www.csj-emballages.com\/es\/produit\/140-bandejas-de-plastico-desechables-con-cierre-750-ml\/\" \/>\n<meta property=\"og:locale\" content=\"es_ES\" \/>\n<meta property=\"og:type\" content=\"article\" \/>\n<meta property=\"og:title\" content=\"Bandeja de pl\u00e1stico precintable 750 ml x 140\" \/>\n<meta property=\"og:description\" content=\"Descubra la bandeja de pl\u00e1stico sellable de 750 ml, ideal para guardar y transportar sus alimentos. Pr\u00e1ctica, a prueba de fugas y apta para microondas.\" \/>\n<meta property=\"og:url\" content=\"https:\/\/www.csj-emballages.com\/es\/produit\/140-bandejas-de-plastico-desechables-con-cierre-750-ml\/\" \/>\n<meta property=\"og:site_name\" content=\"CSJ Emballages\" \/>\n<meta property=\"article:publisher\" content=\"https:\/\/www.facebook.com\/csjemballages\" \/>\n<meta property=\"article:modified_time\" content=\"2026-04-15T00:18:21+00:00\" \/>\n<meta property=\"og:image\" content=\"https:\/\/www.csj-emballages.com\/wp-content\/uploads\/2024\/03\/CL750TP.webp\" \/>\n\t<meta property=\"og:image:width\" content=\"800\" \/>\n\t<meta property=\"og:image:height\" content=\"801\" \/>\n\t<meta property=\"og:image:type\" content=\"image\/webp\" \/>\n<meta name=\"twitter:card\" content=\"summary_large_image\" \/>\n<meta name=\"twitter:label1\" content=\"Tiempo de lectura\" \/>\n\t<meta name=\"twitter:data1\" content=\"1 minuto\" \/>\n<script type=\"application\/ld+json\" class=\"yoast-schema-graph\">{\"@context\":\"https:\/\/schema.org\",\"@graph\":[{\"@type\":\"WebPage\",\"@id\":\"https:\/\/www.csj-emballages.com\/es\/produit\/140-bandejas-de-plastico-desechables-con-cierre-750-ml\/\",\"url\":\"https:\/\/www.csj-emballages.com\/es\/produit\/140-bandejas-de-plastico-desechables-con-cierre-750-ml\/\",\"name\":\"Bandeja de pl\u00e1stico precintable - 750 ml\",\"isPartOf\":{\"@id\":\"https:\/\/www.csj-emballages.com\/es\/#website\"},\"primaryImageOfPage\":{\"@id\":\"https:\/\/www.csj-emballages.com\/es\/produit\/140-bandejas-de-plastico-desechables-con-cierre-750-ml\/#primaryimage\"},\"image\":{\"@id\":\"https:\/\/www.csj-emballages.com\/es\/produit\/140-bandejas-de-plastico-desechables-con-cierre-750-ml\/#primaryimage\"},\"thumbnailUrl\":\"https:\/\/www.csj-emballages.com\/wp-content\/uploads\/2024\/03\/CL750TP.webp\",\"datePublished\":\"2024-03-01T15:47:28+00:00\",\"dateModified\":\"2026-04-15T00:18:21+00:00\",\"description\":\"Descubra la bandeja de pl\u00e1stico sellable de 750 ml, ideal para guardar y transportar sus alimentos. Pr\u00e1ctica, a prueba de fugas y apta para microondas.\",\"breadcrumb\":{\"@id\":\"https:\/\/www.csj-emballages.com\/es\/produit\/140-bandejas-de-plastico-desechables-con-cierre-750-ml\/#breadcrumb\"},\"inLanguage\":\"es\",\"potentialAction\":[{\"@type\":\"ReadAction\",\"target\":[\"https:\/\/www.csj-emballages.com\/es\/produit\/140-bandejas-de-plastico-desechables-con-cierre-750-ml\/\"]}]},{\"@type\":\"ImageObject\",\"inLanguage\":\"es\",\"@id\":\"https:\/\/www.csj-emballages.com\/es\/produit\/140-bandejas-de-plastico-desechables-con-cierre-750-ml\/#primaryimage\",\"url\":\"https:\/\/www.csj-emballages.com\/wp-content\/uploads\/2024\/03\/CL750TP.webp\",\"contentUrl\":\"https:\/\/www.csj-emballages.com\/wp-content\/uploads\/2024\/03\/CL750TP.webp\",\"width\":800,\"height\":801,\"caption\":\"Barquette scellable\"},{\"@type\":\"BreadcrumbList\",\"@id\":\"https:\/\/www.csj-emballages.com\/es\/produit\/140-bandejas-de-plastico-desechables-con-cierre-750-ml\/#breadcrumb\",\"itemListElement\":[{\"@type\":\"ListItem\",\"position\":1,\"name\":\"Accueil\",\"item\":\"https:\/\/www.csj-emballages.com\/es\/universo-del-envasado-alimentario\/\"},{\"@type\":\"ListItem\",\"position\":2,\"name\":\"Tienda\",\"item\":\"https:\/\/www.csj-emballages.com\/tienda\/\"},{\"@type\":\"ListItem\",\"position\":3,\"name\":\"Bandeja de pl\u00e1stico precintable 750 ml x 140\"}]},{\"@type\":\"WebSite\",\"@id\":\"https:\/\/www.csj-emballages.com\/es\/#website\",\"url\":\"https:\/\/www.csj-emballages.com\/es\/\",\"name\":\"CSJ Emballages\",\"description\":\"\",\"publisher\":{\"@id\":\"https:\/\/www.csj-emballages.com\/es\/#organization\"},\"potentialAction\":[{\"@type\":\"SearchAction\",\"target\":{\"@type\":\"EntryPoint\",\"urlTemplate\":\"https:\/\/www.csj-emballages.com\/es\/?s={search_term_string}\"},\"query-input\":{\"@type\":\"PropertyValueSpecification\",\"valueRequired\":true,\"valueName\":\"search_term_string\"}}],\"inLanguage\":\"es\"},{\"@type\":\"Organization\",\"@id\":\"https:\/\/www.csj-emballages.com\/es\/#Organization\/\",\"name\":\"CSJ Emballages\",\"url\":\"https:\/\/www.csj-emballages.com\/es\/\",\"logo\":{\"@type\":\"ImageObject\",\"inLanguage\":\"es\",\"@id\":\"https:\/\/www.csj-emballages.com\/es\/#\/schema\/logo\/image\/\",\"url\":\"https:\/\/www.csj-emballages.com\/wp-content\/uploads\/2023\/10\/logo_csj.webp\",\"contentUrl\":\"https:\/\/www.csj-emballages.com\/wp-content\/uploads\/2023\/10\/logo_csj.webp\",\"width\":250,\"height\":95,\"caption\":\"CSJ Emballages\"},\"image\":{\"@id\":\"https:\/\/www.csj-emballages.com\/es\/#\/schema\/logo\/image\/\"},\"sameAs\":[\"https:\/\/www.facebook.com\/csjemballages\"],\"address\":{\"@type\":\"PostalAddress\",\"streetAddress\":\"ZI La Lechere\",\"addressLocality\":\"Patornay\",\"postalCode\":\"39130\",\"addressCountry\":\"FR\"},\"contactPoint\":[{\"@type\":\"ContactPoint\",\"contactType\":\"Service client\",\"telephone\":\"0384254272\",\"email\":\"contact@csj-emballages.com\"}]}]}<\/script>\n<!-- \/ Yoast SEO Premium plugin. -->","yoast_head_json":{"title":"Bandeja de pl\u00e1stico precintable - 750 ml","description":"Descubra la bandeja de pl\u00e1stico sellable de 750 ml, ideal para guardar y transportar sus alimentos. Pr\u00e1ctica, a prueba de fugas y apta para microondas.","robots":{"index":"index","follow":"follow","max-snippet":"max-snippet:-1","max-image-preview":"max-image-preview:large","max-video-preview":"max-video-preview:-1"},"canonical":"https:\/\/www.csj-emballages.com\/es\/produit\/140-bandejas-de-plastico-desechables-con-cierre-750-ml\/","og_locale":"es_ES","og_type":"article","og_title":"Bandeja de pl\u00e1stico precintable 750 ml x 140","og_description":"Descubra la bandeja de pl\u00e1stico sellable de 750 ml, ideal para guardar y transportar sus alimentos. Pr\u00e1ctica, a prueba de fugas y apta para microondas.","og_url":"https:\/\/www.csj-emballages.com\/es\/produit\/140-bandejas-de-plastico-desechables-con-cierre-750-ml\/","og_site_name":"CSJ Emballages","article_publisher":"https:\/\/www.facebook.com\/csjemballages","article_modified_time":"2026-04-15T00:18:21+00:00","og_image":[{"width":800,"height":801,"url":"https:\/\/www.csj-emballages.com\/wp-content\/uploads\/2024\/03\/CL750TP.webp","type":"image\/webp"}],"twitter_card":"summary_large_image","twitter_misc":{"Tiempo de lectura":"1 minuto"},"schema":{"@context":"https:\/\/schema.org","@graph":[{"@type":"WebPage","@id":"https:\/\/www.csj-emballages.com\/es\/produit\/140-bandejas-de-plastico-desechables-con-cierre-750-ml\/","url":"https:\/\/www.csj-emballages.com\/es\/produit\/140-bandejas-de-plastico-desechables-con-cierre-750-ml\/","name":"Bandeja de pl\u00e1stico precintable - 750 ml","isPartOf":{"@id":"https:\/\/www.csj-emballages.com\/es\/#website"},"primaryImageOfPage":{"@id":"https:\/\/www.csj-emballages.com\/es\/produit\/140-bandejas-de-plastico-desechables-con-cierre-750-ml\/#primaryimage"},"image":{"@id":"https:\/\/www.csj-emballages.com\/es\/produit\/140-bandejas-de-plastico-desechables-con-cierre-750-ml\/#primaryimage"},"thumbnailUrl":"https:\/\/www.csj-emballages.com\/wp-content\/uploads\/2024\/03\/CL750TP.webp","datePublished":"2024-03-01T15:47:28+00:00","dateModified":"2026-04-15T00:18:21+00:00","description":"Descubra la bandeja de pl\u00e1stico sellable de 750 ml, ideal para guardar y transportar sus alimentos. Pr\u00e1ctica, a prueba de fugas y apta para microondas.","breadcrumb":{"@id":"https:\/\/www.csj-emballages.com\/es\/produit\/140-bandejas-de-plastico-desechables-con-cierre-750-ml\/#breadcrumb"},"inLanguage":"es","potentialAction":[{"@type":"ReadAction","target":["https:\/\/www.csj-emballages.com\/es\/produit\/140-bandejas-de-plastico-desechables-con-cierre-750-ml\/"]}]},{"@type":"ImageObject","inLanguage":"es","@id":"https:\/\/www.csj-emballages.com\/es\/produit\/140-bandejas-de-plastico-desechables-con-cierre-750-ml\/#primaryimage","url":"https:\/\/www.csj-emballages.com\/wp-content\/uploads\/2024\/03\/CL750TP.webp","contentUrl":"https:\/\/www.csj-emballages.com\/wp-content\/uploads\/2024\/03\/CL750TP.webp","width":800,"height":801,"caption":"Barquette scellable"},{"@type":"BreadcrumbList","@id":"https:\/\/www.csj-emballages.com\/es\/produit\/140-bandejas-de-plastico-desechables-con-cierre-750-ml\/#breadcrumb","itemListElement":[{"@type":"ListItem","position":1,"name":"Accueil","item":"https:\/\/www.csj-emballages.com\/es\/universo-del-envasado-alimentario\/"},{"@type":"ListItem","position":2,"name":"Tienda","item":"https:\/\/www.csj-emballages.com\/tienda\/"},{"@type":"ListItem","position":3,"name":"Bandeja de pl\u00e1stico precintable 750 ml x 140"}]},{"@type":"WebSite","@id":"https:\/\/www.csj-emballages.com\/es\/#website","url":"https:\/\/www.csj-emballages.com\/es\/","name":"CSJ Emballages","description":"","publisher":{"@id":"https:\/\/www.csj-emballages.com\/es\/#organization"},"potentialAction":[{"@type":"SearchAction","target":{"@type":"EntryPoint","urlTemplate":"https:\/\/www.csj-emballages.com\/es\/?s={search_term_string}"},"query-input":{"@type":"PropertyValueSpecification","valueRequired":true,"valueName":"search_term_string"}}],"inLanguage":"es"},{"@type":"Organization","@id":"https:\/\/www.csj-emballages.com\/es\/#Organization\/","name":"CSJ Emballages","url":"https:\/\/www.csj-emballages.com\/es\/","logo":{"@type":"ImageObject","inLanguage":"es","@id":"https:\/\/www.csj-emballages.com\/es\/#\/schema\/logo\/image\/","url":"https:\/\/www.csj-emballages.com\/wp-content\/uploads\/2023\/10\/logo_csj.webp","contentUrl":"https:\/\/www.csj-emballages.com\/wp-content\/uploads\/2023\/10\/logo_csj.webp","width":250,"height":95,"caption":"CSJ Emballages"},"image":{"@id":"https:\/\/www.csj-emballages.com\/es\/#\/schema\/logo\/image\/"},"sameAs":["https:\/\/www.facebook.com\/csjemballages"],"address":{"@type":"PostalAddress","streetAddress":"ZI La Lechere","addressLocality":"Patornay","postalCode":"39130","addressCountry":"FR"},"contactPoint":[{"@type":"ContactPoint","contactType":"Service client","telephone":"0384254272","email":"contact@csj-emballages.com"}]}]}},"df_price":9.91,"df_sale_price":9.91,"df_regular_price":11.66,"df_image_link":"https:\/\/www.csj-emballages.com\/wp-content\/uploads\/2024\/03\/CL750TP-300x300.webp","tiered_pricing_type":"fixed","tiered_pricing_fixed_rules":[],"tiered_pricing_percentage_rules":[],"tiered_pricing_minimum":1,"tiered_pricing_roles_data":[],"_links":{"self":[{"href":"https:\/\/www.csj-emballages.com\/es\/wp-json\/wp\/v2\/product\/24125","targetHints":{"allow":["GET"]}}],"collection":[{"href":"https:\/\/www.csj-emballages.com\/es\/wp-json\/wp\/v2\/product"}],"about":[{"href":"https:\/\/www.csj-emballages.com\/es\/wp-json\/wp\/v2\/types\/product"}],"wp:featuredmedia":[{"embeddable":true,"href":"https:\/\/www.csj-emballages.com\/es\/wp-json\/wp\/v2\/media\/219661"}],"wp:attachment":[{"href":"https:\/\/www.csj-emballages.com\/es\/wp-json\/wp\/v2\/media?parent=24125"}],"wp:term":[{"taxonomy":"product_brand","embeddable":true,"href":"https:\/\/www.csj-emballages.com\/es\/wp-json\/wp\/v2\/product_brand?post=24125"},{"taxonomy":"product_cat","embeddable":true,"href":"https:\/\/www.csj-emballages.com\/es\/wp-json\/wp\/v2\/product_cat?post=24125"},{"taxonomy":"product_tag","embeddable":true,"href":"https:\/\/www.csj-emballages.com\/es\/wp-json\/wp\/v2\/product_tag?post=24125"}],"curies":[{"name":"wp","href":"https:\/\/api.w.org\/{rel}","templated":true}]}}