{"id":24113,"date":"2024-03-01T16:47:28","date_gmt":"2024-03-01T15:47:28","guid":{"rendered":"https:\/\/u15jnbdpoq.preview.infomaniak.website\/produit\/1200-bandejas-desechables-de-plastico-negro-precintable-750-ml\/"},"modified":"2026-03-12T16:48:03","modified_gmt":"2026-03-12T15:48:03","slug":"1200-bandejas-desechables-de-plastico-negro-precintable-750-ml","status":"publish","type":"product","link":"https:\/\/www.csj-emballages.com\/es\/produit\/1200-bandejas-desechables-de-plastico-negro-precintable-750-ml\/","title":{"rendered":"Bandeja sellable pl\u00e1stico negro 750 ml por 1200"},"content":{"rendered":"<h2 style=\"box-sizing: inherit;\">Bandeja precintable<\/h2>\n<hr>\n<h3>Descubra nuestra bandeja sellable pl\u00e1stico negro 750 ml por 1200<\/h3>\n<p><!--more--><\/p>\n<p data-start=\"227\" data-end=\"570\">La <strong>bandeja sellable pl\u00e1stico negro 750 ml<\/strong> est\u00e1 dise\u00f1ada para satisfacer las exigencias de los profesionales de la restauraci\u00f3n, los servicios de catering y la venta para llevar. En primer lugar, robusta y funcional, est\u00e1 perfectamente adaptada al envasado de platos cocinados, preparaciones <strong>calientes<\/strong>, <strong>porciones individuales generosas<\/strong> y men\u00fas completos. <\/p>\n<p data-start=\"572\" data-end=\"965\">En efecto, fabricada en <strong>pl\u00e1stico PP<\/strong> de calidad alimentaria, esta <strong>bandeja negra sellable<\/strong> ofrece una excelente resistencia a las manipulaciones, al transporte y al apilado. Gracias a su <strong>capacidad de 750 ml,<\/strong> permite presentar platos abundantes garantizando al mismo tiempo una sujeci\u00f3n \u00f3ptima. El <strong>color negro<\/strong> aporta un toque moderno y profesional, realzando los alimentos y reforzando la imagen de calidad del punto de venta.  <\/p>\n<p data-start=\"967\" data-end=\"1320\">Asimismo, dise\u00f1ada para utilizarse con una <strong>pel\u00edcula de sellado<\/strong>, esta <strong>bandeja<\/strong> asegura un cierre herm\u00e9tico, ideal para preservar la frescura de las preparaciones, evitar fugas y asegurar el transporte. Es perfecta para vitrinas refrigeradas, entrega a domicilio y venta para llevar. <\/p>\n<p data-start=\"1322\" data-end=\"1640\">Su formato est\u00e1ndar facilita la organizaci\u00f3n en cocina y el almacenamiento en reserva. En resumen, acondicionada por lote de <strong>1200 unidades<\/strong>, la <strong>bandeja sellable pl\u00e1stico negro 750 ml<\/strong> est\u00e1 especialmente adaptada para un uso intensivo. <\/p>\n<p data-start=\"1322\" data-end=\"1640\"><!--more--><\/p>\n<div style=\"box-sizing: inherit; font-family: Roboto, sans-serif;\">\n<h4><span style=\"box-sizing: inherit;\">Ventajas :  <\/span><\/h4>\n<ul>\n<li data-start=\"1678\" data-end=\"1724\">Capacidad <strong>750 ml<\/strong> ideal para platos completos.<\/li>\n<li data-start=\"1727\" data-end=\"1766\">Pl\u00e1stico apto para contacto alimentario.<\/li>\n<li data-start=\"1769\" data-end=\"1805\"><strong>Color negro<\/strong> elegante y valorativo.<\/li>\n<li data-start=\"1808\" data-end=\"1867\">Compatible con sellado para cierre herm\u00e9tico.<\/li>\n<li data-start=\"1984\" data-end=\"2033\">Ideal para comida para llevar y reparto.<\/li>\n<li data-start=\"2036\" data-end=\"2084\">Acondicionamiento econ\u00f3mico por <strong>1200 bandejas<\/strong>.<\/li>\n<\/ul>\n<p>&nbsp;<\/p>\n<\/div>\n<p><!--more--><\/p>\n<div style=\"box-sizing: inherit; font-family: Roboto, sans-serif;\">\n<div style=\"box-sizing: inherit; font-family: Roboto, sans-serif;\">\n<h4>Informaci\u00f3n adicional :<\/h4>\n<ul>\n<li><strong>Acondicionamiento<\/strong>: Paquete de 1200<\/li>\n<li><strong>Dimensiones<\/strong>: <span style=\"box-sizing: inherit;\"><span style=\"background-color: #ffffff;\">192 x 137 x 41 <\/span>(L x A x H en mm)<\/span><\/li>\n<li><strong>Volumen<\/strong>: 750 ml<\/li>\n<li><strong>Color<\/strong>: Negro<\/li>\n<li><strong>Material<\/strong>: Polipropileno (PP)<\/li>\n<\/ul>\n<\/div>\n<\/div>\n<p>&nbsp;<\/p>\n<p><!--more--><\/p>\n<p>Encuentre aqu\u00ed nuestra pel\u00edcula sellable as\u00ed como nuestra termoselladora: <span style=\"color: #d12727;\"><a style=\"color: #d12727;\" href=\"https:\/\/www.csj-emballages.com\/produit\/film-scellable-40%c2%b5-15-cm-x-500-m-pp\/\">Pel\u00edcula sellable FL15<\/a><\/span> \/ <span style=\"color: #d12727;\"><a style=\"color: #d12727;\" href=\"https:\/\/www.csj-emballages.com\/produit\/thermoscelleuse-manuelle-permettant-de-sceller-les-barquettes-de-250-a-2000-grammes\/\">Termoselladora manual<\/a><\/span><\/p>\n<p>&nbsp;<\/p>\n<p><!--more--><\/p>\n<p><a href=\"https:\/\/www.csj-emballages.com\/categorie-produit\/emballages\/boucherie-traiteur-primeur\/barquettes-boites-et-pots\/barquettes-boites-pots-alimentaires\/barquettes-scellables-1\/barquettes-scellables-noires\/\">Ver el resto de nuestra gama de bandejas negras precintables<\/a><\/p>\n","protected":false},"excerpt":{"rendered":"<p>Bandeja precintable Descubra nuestra bandeja sellable pl\u00e1stico negro 750 ml por 1200<\/p>\n","protected":false},"featured_media":12197,"template":"","meta":{"_acf_changed":false},"product_brand":[],"product_cat":[1143,1491,2246,3617,1270],"product_tag":[],"class_list":{"0":"post-24113","1":"product","2":"type-product","3":"status-publish","4":"has-post-thumbnail","6":"product_cat-carniceria-y-charcuteria","7":"product_cat-bandejas-latas-tarros-de-comida","8":"product_cat-alphacel-bandejas-precintables","9":"product_cat-bandejas-negras-precintables","10":"product_cat-descuentos","12":"first","13":"instock","14":"sale","15":"taxable","16":"shipping-taxable","17":"purchasable","18":"product-type-simple"},"acf":[],"yoast_head":"<!-- This site is optimized with the Yoast SEO Premium plugin v26.6 (Yoast SEO v26.6) - https:\/\/yoast.com\/wordpress\/plugins\/seo\/ -->\n<title>Bandeja Sellable Pl\u00e1stico Negro 750 ml por 1200<\/title>\n<meta name=\"description\" content=\"Bandeja sellable pl\u00e1stico negro 750 ml por 1200. Ideal para platos para llevar, cierre herm\u00e9tico, uso profesional intensivo.\" \/>\n<meta name=\"robots\" content=\"index, follow, max-snippet:-1, max-image-preview:large, max-video-preview:-1\" \/>\n<link rel=\"canonical\" href=\"https:\/\/www.csj-emballages.com\/es\/produit\/1200-bandejas-desechables-de-plastico-negro-precintable-750-ml\/\" \/>\n<meta property=\"og:locale\" content=\"es_ES\" \/>\n<meta property=\"og:type\" content=\"article\" \/>\n<meta property=\"og:title\" content=\"Bandeja sellable pl\u00e1stico negro 750 ml por 1200\" \/>\n<meta property=\"og:description\" content=\"Bandeja sellable pl\u00e1stico negro 750 ml por 1200. Ideal para platos para llevar, cierre herm\u00e9tico, uso profesional intensivo.\" \/>\n<meta property=\"og:url\" content=\"https:\/\/www.csj-emballages.com\/es\/produit\/1200-bandejas-desechables-de-plastico-negro-precintable-750-ml\/\" \/>\n<meta property=\"og:site_name\" content=\"CSJ Emballages\" \/>\n<meta property=\"article:publisher\" content=\"https:\/\/www.facebook.com\/csjemballages\" \/>\n<meta property=\"article:modified_time\" content=\"2026-03-12T15:48:03+00:00\" \/>\n<meta property=\"og:image\" content=\"https:\/\/www.csj-emballages.com\/wp-content\/uploads\/2024\/03\/ItemTS750NS.png\" \/>\n\t<meta property=\"og:image:width\" content=\"300\" \/>\n\t<meta property=\"og:image:height\" content=\"300\" \/>\n\t<meta property=\"og:image:type\" content=\"image\/png\" \/>\n<meta name=\"twitter:card\" content=\"summary_large_image\" \/>\n<meta name=\"twitter:label1\" content=\"Tiempo de lectura\" \/>\n\t<meta name=\"twitter:data1\" content=\"1 minuto\" \/>\n<script type=\"application\/ld+json\" class=\"yoast-schema-graph\">{\"@context\":\"https:\/\/schema.org\",\"@graph\":[{\"@type\":\"WebPage\",\"@id\":\"https:\/\/www.csj-emballages.com\/es\/produit\/1200-bandejas-desechables-de-plastico-negro-precintable-750-ml\/\",\"url\":\"https:\/\/www.csj-emballages.com\/es\/produit\/1200-bandejas-desechables-de-plastico-negro-precintable-750-ml\/\",\"name\":\"Bandeja Sellable Pl\u00e1stico Negro 750 ml por 1200\",\"isPartOf\":{\"@id\":\"https:\/\/www.csj-emballages.com\/es\/#website\"},\"primaryImageOfPage\":{\"@id\":\"https:\/\/www.csj-emballages.com\/es\/produit\/1200-bandejas-desechables-de-plastico-negro-precintable-750-ml\/#primaryimage\"},\"image\":{\"@id\":\"https:\/\/www.csj-emballages.com\/es\/produit\/1200-bandejas-desechables-de-plastico-negro-precintable-750-ml\/#primaryimage\"},\"thumbnailUrl\":\"https:\/\/www.csj-emballages.com\/wp-content\/uploads\/2024\/03\/ItemTS750NS.png\",\"datePublished\":\"2024-03-01T15:47:28+00:00\",\"dateModified\":\"2026-03-12T15:48:03+00:00\",\"description\":\"Bandeja sellable pl\u00e1stico negro 750 ml por 1200. Ideal para platos para llevar, cierre herm\u00e9tico, uso profesional intensivo.\",\"breadcrumb\":{\"@id\":\"https:\/\/www.csj-emballages.com\/es\/produit\/1200-bandejas-desechables-de-plastico-negro-precintable-750-ml\/#breadcrumb\"},\"inLanguage\":\"es\",\"potentialAction\":[{\"@type\":\"ReadAction\",\"target\":[\"https:\/\/www.csj-emballages.com\/es\/produit\/1200-bandejas-desechables-de-plastico-negro-precintable-750-ml\/\"]}]},{\"@type\":\"ImageObject\",\"inLanguage\":\"es\",\"@id\":\"https:\/\/www.csj-emballages.com\/es\/produit\/1200-bandejas-desechables-de-plastico-negro-precintable-750-ml\/#primaryimage\",\"url\":\"https:\/\/www.csj-emballages.com\/wp-content\/uploads\/2024\/03\/ItemTS750NS.png\",\"contentUrl\":\"https:\/\/www.csj-emballages.com\/wp-content\/uploads\/2024\/03\/ItemTS750NS.png\",\"width\":300,\"height\":300,\"caption\":\"Barquette scellable\"},{\"@type\":\"BreadcrumbList\",\"@id\":\"https:\/\/www.csj-emballages.com\/es\/produit\/1200-bandejas-desechables-de-plastico-negro-precintable-750-ml\/#breadcrumb\",\"itemListElement\":[{\"@type\":\"ListItem\",\"position\":1,\"name\":\"Accueil\",\"item\":\"https:\/\/www.csj-emballages.com\/es\/universo-del-envasado-alimentario\/\"},{\"@type\":\"ListItem\",\"position\":2,\"name\":\"Tienda\",\"item\":\"https:\/\/www.csj-emballages.com\/tienda\/\"},{\"@type\":\"ListItem\",\"position\":3,\"name\":\"Bandeja sellable pl\u00e1stico negro 750 ml por 1200\"}]},{\"@type\":\"WebSite\",\"@id\":\"https:\/\/www.csj-emballages.com\/es\/#website\",\"url\":\"https:\/\/www.csj-emballages.com\/es\/\",\"name\":\"CSJ Emballages\",\"description\":\"\",\"publisher\":{\"@id\":\"https:\/\/www.csj-emballages.com\/es\/#organization\"},\"potentialAction\":[{\"@type\":\"SearchAction\",\"target\":{\"@type\":\"EntryPoint\",\"urlTemplate\":\"https:\/\/www.csj-emballages.com\/es\/?s={search_term_string}\"},\"query-input\":{\"@type\":\"PropertyValueSpecification\",\"valueRequired\":true,\"valueName\":\"search_term_string\"}}],\"inLanguage\":\"es\"},{\"@type\":\"Organization\",\"@id\":\"https:\/\/www.csj-emballages.com\/es\/#Organization\/\",\"name\":\"CSJ Emballages\",\"url\":\"https:\/\/www.csj-emballages.com\/es\/\",\"logo\":{\"@type\":\"ImageObject\",\"inLanguage\":\"es\",\"@id\":\"https:\/\/www.csj-emballages.com\/es\/#\/schema\/logo\/image\/\",\"url\":\"https:\/\/www.csj-emballages.com\/wp-content\/uploads\/2023\/10\/logo_csj.webp\",\"contentUrl\":\"https:\/\/www.csj-emballages.com\/wp-content\/uploads\/2023\/10\/logo_csj.webp\",\"width\":250,\"height\":95,\"caption\":\"CSJ Emballages\"},\"image\":{\"@id\":\"https:\/\/www.csj-emballages.com\/es\/#\/schema\/logo\/image\/\"},\"sameAs\":[\"https:\/\/www.facebook.com\/csjemballages\"],\"address\":{\"@type\":\"PostalAddress\",\"streetAddress\":\"ZI La Lechere\",\"addressLocality\":\"Patornay\",\"postalCode\":\"39130\",\"addressCountry\":\"FR\"},\"contactPoint\":[{\"@type\":\"ContactPoint\",\"contactType\":\"Service client\",\"telephone\":\"0384254272\",\"email\":\"contact@csj-emballages.com\"}]}]}<\/script>\n<!-- \/ Yoast SEO Premium plugin. -->","yoast_head_json":{"title":"Bandeja Sellable Pl\u00e1stico Negro 750 ml por 1200","description":"Bandeja sellable pl\u00e1stico negro 750 ml por 1200. Ideal para platos para llevar, cierre herm\u00e9tico, uso profesional intensivo.","robots":{"index":"index","follow":"follow","max-snippet":"max-snippet:-1","max-image-preview":"max-image-preview:large","max-video-preview":"max-video-preview:-1"},"canonical":"https:\/\/www.csj-emballages.com\/es\/produit\/1200-bandejas-desechables-de-plastico-negro-precintable-750-ml\/","og_locale":"es_ES","og_type":"article","og_title":"Bandeja sellable pl\u00e1stico negro 750 ml por 1200","og_description":"Bandeja sellable pl\u00e1stico negro 750 ml por 1200. Ideal para platos para llevar, cierre herm\u00e9tico, uso profesional intensivo.","og_url":"https:\/\/www.csj-emballages.com\/es\/produit\/1200-bandejas-desechables-de-plastico-negro-precintable-750-ml\/","og_site_name":"CSJ Emballages","article_publisher":"https:\/\/www.facebook.com\/csjemballages","article_modified_time":"2026-03-12T15:48:03+00:00","og_image":[{"width":300,"height":300,"url":"https:\/\/www.csj-emballages.com\/wp-content\/uploads\/2024\/03\/ItemTS750NS.png","type":"image\/png"}],"twitter_card":"summary_large_image","twitter_misc":{"Tiempo de lectura":"1 minuto"},"schema":{"@context":"https:\/\/schema.org","@graph":[{"@type":"WebPage","@id":"https:\/\/www.csj-emballages.com\/es\/produit\/1200-bandejas-desechables-de-plastico-negro-precintable-750-ml\/","url":"https:\/\/www.csj-emballages.com\/es\/produit\/1200-bandejas-desechables-de-plastico-negro-precintable-750-ml\/","name":"Bandeja Sellable Pl\u00e1stico Negro 750 ml por 1200","isPartOf":{"@id":"https:\/\/www.csj-emballages.com\/es\/#website"},"primaryImageOfPage":{"@id":"https:\/\/www.csj-emballages.com\/es\/produit\/1200-bandejas-desechables-de-plastico-negro-precintable-750-ml\/#primaryimage"},"image":{"@id":"https:\/\/www.csj-emballages.com\/es\/produit\/1200-bandejas-desechables-de-plastico-negro-precintable-750-ml\/#primaryimage"},"thumbnailUrl":"https:\/\/www.csj-emballages.com\/wp-content\/uploads\/2024\/03\/ItemTS750NS.png","datePublished":"2024-03-01T15:47:28+00:00","dateModified":"2026-03-12T15:48:03+00:00","description":"Bandeja sellable pl\u00e1stico negro 750 ml por 1200. Ideal para platos para llevar, cierre herm\u00e9tico, uso profesional intensivo.","breadcrumb":{"@id":"https:\/\/www.csj-emballages.com\/es\/produit\/1200-bandejas-desechables-de-plastico-negro-precintable-750-ml\/#breadcrumb"},"inLanguage":"es","potentialAction":[{"@type":"ReadAction","target":["https:\/\/www.csj-emballages.com\/es\/produit\/1200-bandejas-desechables-de-plastico-negro-precintable-750-ml\/"]}]},{"@type":"ImageObject","inLanguage":"es","@id":"https:\/\/www.csj-emballages.com\/es\/produit\/1200-bandejas-desechables-de-plastico-negro-precintable-750-ml\/#primaryimage","url":"https:\/\/www.csj-emballages.com\/wp-content\/uploads\/2024\/03\/ItemTS750NS.png","contentUrl":"https:\/\/www.csj-emballages.com\/wp-content\/uploads\/2024\/03\/ItemTS750NS.png","width":300,"height":300,"caption":"Barquette scellable"},{"@type":"BreadcrumbList","@id":"https:\/\/www.csj-emballages.com\/es\/produit\/1200-bandejas-desechables-de-plastico-negro-precintable-750-ml\/#breadcrumb","itemListElement":[{"@type":"ListItem","position":1,"name":"Accueil","item":"https:\/\/www.csj-emballages.com\/es\/universo-del-envasado-alimentario\/"},{"@type":"ListItem","position":2,"name":"Tienda","item":"https:\/\/www.csj-emballages.com\/tienda\/"},{"@type":"ListItem","position":3,"name":"Bandeja sellable pl\u00e1stico negro 750 ml por 1200"}]},{"@type":"WebSite","@id":"https:\/\/www.csj-emballages.com\/es\/#website","url":"https:\/\/www.csj-emballages.com\/es\/","name":"CSJ Emballages","description":"","publisher":{"@id":"https:\/\/www.csj-emballages.com\/es\/#organization"},"potentialAction":[{"@type":"SearchAction","target":{"@type":"EntryPoint","urlTemplate":"https:\/\/www.csj-emballages.com\/es\/?s={search_term_string}"},"query-input":{"@type":"PropertyValueSpecification","valueRequired":true,"valueName":"search_term_string"}}],"inLanguage":"es"},{"@type":"Organization","@id":"https:\/\/www.csj-emballages.com\/es\/#Organization\/","name":"CSJ Emballages","url":"https:\/\/www.csj-emballages.com\/es\/","logo":{"@type":"ImageObject","inLanguage":"es","@id":"https:\/\/www.csj-emballages.com\/es\/#\/schema\/logo\/image\/","url":"https:\/\/www.csj-emballages.com\/wp-content\/uploads\/2023\/10\/logo_csj.webp","contentUrl":"https:\/\/www.csj-emballages.com\/wp-content\/uploads\/2023\/10\/logo_csj.webp","width":250,"height":95,"caption":"CSJ Emballages"},"image":{"@id":"https:\/\/www.csj-emballages.com\/es\/#\/schema\/logo\/image\/"},"sameAs":["https:\/\/www.facebook.com\/csjemballages"],"address":{"@type":"PostalAddress","streetAddress":"ZI La Lechere","addressLocality":"Patornay","postalCode":"39130","addressCountry":"FR"},"contactPoint":[{"@type":"ContactPoint","contactType":"Service client","telephone":"0384254272","email":"contact@csj-emballages.com"}]}]}},"df_price":90.67,"df_sale_price":90.67,"df_regular_price":120.89,"df_image_link":"https:\/\/www.csj-emballages.com\/wp-content\/uploads\/2024\/03\/ItemTS750NS.png","tiered_pricing_type":"fixed","tiered_pricing_fixed_rules":[],"tiered_pricing_percentage_rules":[],"tiered_pricing_minimum":1,"tiered_pricing_roles_data":[],"_links":{"self":[{"href":"https:\/\/www.csj-emballages.com\/es\/wp-json\/wp\/v2\/product\/24113","targetHints":{"allow":["GET"]}}],"collection":[{"href":"https:\/\/www.csj-emballages.com\/es\/wp-json\/wp\/v2\/product"}],"about":[{"href":"https:\/\/www.csj-emballages.com\/es\/wp-json\/wp\/v2\/types\/product"}],"wp:featuredmedia":[{"embeddable":true,"href":"https:\/\/www.csj-emballages.com\/es\/wp-json\/wp\/v2\/media\/12197"}],"wp:attachment":[{"href":"https:\/\/www.csj-emballages.com\/es\/wp-json\/wp\/v2\/media?parent=24113"}],"wp:term":[{"taxonomy":"product_brand","embeddable":true,"href":"https:\/\/www.csj-emballages.com\/es\/wp-json\/wp\/v2\/product_brand?post=24113"},{"taxonomy":"product_cat","embeddable":true,"href":"https:\/\/www.csj-emballages.com\/es\/wp-json\/wp\/v2\/product_cat?post=24113"},{"taxonomy":"product_tag","embeddable":true,"href":"https:\/\/www.csj-emballages.com\/es\/wp-json\/wp\/v2\/product_tag?post=24113"}],"curies":[{"name":"wp","href":"https:\/\/api.w.org\/{rel}","templated":true}]}}