{"id":240792,"date":"2025-08-20T08:22:24","date_gmt":"2025-08-20T06:22:24","guid":{"rendered":"https:\/\/www.csj-emballages.com\/produit\/bolsa-zip-40-micras-18-x-22-cm-por-20\/"},"modified":"2026-04-17T02:12:31","modified_gmt":"2026-04-17T00:12:31","slug":"bolsa-zip-40-micras-18-x-22-cm-por-20","status":"publish","type":"product","link":"https:\/\/www.csj-emballages.com\/es\/produit\/bolsa-zip-40-micras-18-x-22-cm-por-20\/","title":{"rendered":"Bolsa zip 40 micras 18 x 22 cm por 20"},"content":{"rendered":"<div style=\"font-family: Roboto, sans-serif;\">\n<div style=\"font-family: Roboto, sans-serif;\">\n<div style=\"font-family: Roboto, sans-serif;\">\n<div style=\"font-family: Roboto, sans-serif;\">\n<div style=\"font-family: Roboto, sans-serif;\">\n<div style=\"font-family: Roboto, sans-serif;\">\n<h2><strong style=\"font-family: Roboto, sans-serif;\">Bolsa de congelaci\u00f3n  <\/strong><\/h2>\n<div style=\"font-family: Roboto, sans-serif;\">\n<div style=\"font-family: Roboto, sans-serif;\">\n<div style=\"font-family: Roboto, sans-serif;\">\n<div style=\"text-align: center;\">\n<div style=\"font-family: Roboto, sans-serif;\">\n<div style=\"font-family: Roboto, sans-serif;\">\n<div style=\"font-family: Roboto, sans-serif;\">\n<div style=\"font-family: Roboto, sans-serif;\">\n<div style=\"font-family: Roboto, sans-serif;\">\n<div style=\"font-family: Roboto, sans-serif; text-align: left;\">\n<hr>\n<h3 style=\"text-align: left;\">Descripci\u00f3n de nuestra bolsa zip 40 micras 18 x 22 cm por 20<\/h3>\n<p><!--more--><\/p>\n<p data-start=\"233\" data-end=\"570\">Pr\u00e1cticas, resistentes y seguras, estas <strong data-start=\"265\" data-end=\"320\">bolsas ziploc para congelador de 40 micras y 18 x 22 cm (lote de 20)<\/strong> son el accesorio indispensable para conservar sus alimentos en las mejores condiciones. Dise\u00f1adas para satisfacer las necesidades de particulares y profesionales, combinan <strong data-start=\"510\" data-end=\"567\">calidad, practicidad y cumplimiento de las normas alimentarias<\/strong>. <\/p>\n<p data-start=\"572\" data-end=\"1080\">Gracias a su <strong data-start=\"585\" data-end=\"610\">cierre herm\u00e9tico con cremallera<\/strong>, podr\u00e1 guardar sus preparaciones sin riesgo de fugas ni de que los olores se propaguen por el congelador. Las <strong>bolsas de<\/strong> <strong>congelaci\u00f3n<\/strong> est\u00e1n fabricadas con pl\u00e1stico <strong data-start=\"762\" data-end=\"788\">de 40 micras de grosor<\/strong>, lo que les confiere una excelente resistencia al desgarro y una mayor vida \u00fatil para sus productos alimenticios. Gracias a su formato <strong>de 18 x 22 cm<\/strong>, esta <strong>bolsa de<\/strong> congelaci\u00f3n es ideal para porciones individuales, fruta cortada, sobras o carne y pescado para congelar.  <\/p>\n<p data-start=\"1082\" data-end=\"1444\">Vers\u00e1tiles, no s\u00f3lo sirven para congelar: tambi\u00e9n puede utilizarlas en fr\u00edo para guardar sus alimentos en el frigor\u00edfico, transportar aperitivos o incluso almacenar peque\u00f1os objetos cotidianos. Totalmente <strong data-start=\"1308\" data-end=\"1323\">reciclables<\/strong>, forman parte de un enfoque m\u00e1s responsable, sin dejar de ser perfectamente aptas para el <strong data-start=\"1418\" data-end=\"1441\">contacto con alimentos<\/strong>. <\/p>\n<p data-start=\"1446\" data-end=\"1708\">Adem\u00e1s, cada bolsa est\u00e1 <strong data-start=\"1464\" data-end=\"1475\">codificada gen\u00e9ticamente<\/strong>, lo que facilita a los profesionales la gesti\u00f3n y el seguimiento de sus existencias. Tanto si es hostelero, restaurador o particular y desea organizar sus existencias, estas <strong>bolsas de congelaci\u00f3n con cierre de cremallera<\/strong> son la soluci\u00f3n. <\/p>\n<p data-start=\"1710\" data-end=\"1845\">En resumen, sus productos est\u00e1n protegidos y conservados, y su congelador se mantiene perfectamente ordenado.<\/p>\n<p data-start=\"1710\" data-end=\"1845\">\n<\/div>\n<\/div>\n<\/div>\n<\/div>\n<\/div>\n<\/div>\n<\/div>\n<\/div>\n<\/div>\n<\/div>\n<p><!--more--><\/p>\n<h4 style=\"text-align: left;\"><strong>Ventajas :<\/strong><\/h4>\n<ul style=\"text-align: left;\">\n<li>Pr\u00e1ctico cierre de cremallera impermeable.<\/li>\n<li><strong>Resistencia reforzada<\/strong>: 40 micras de espesor.<\/li>\n<li>Puede utilizarse fr\u00edo o congelado.<\/li>\n<li>100% reciclable y respetuoso con el medio ambiente.<\/li>\n<li>Contacto con alimentos garantizado.<\/li>\n<li>Art\u00edculo codificado para facilitar la gesti\u00f3n.<\/li>\n<\/ul>\n<\/div>\n<div style=\"font-family: Roboto, sans-serif;\"><\/div>\n<\/div>\n<\/div>\n<\/div>\n<\/div>\n<\/div>\n<p><!--more--><\/p>\n<div style=\"font-family: Roboto, sans-serif;\">\n<div style=\"font-family: Roboto, sans-serif;\">\n<div style=\"font-family: Roboto, sans-serif;\">\n<h4>Informaci\u00f3n adicional :<\/h4>\n<ul>\n<li><strong>Envase<\/strong>: Paquete de 20<\/li>\n<li><strong>Dimensiones<\/strong>: 18 x 22 cm<\/li>\n<li><strong>Resistencia<\/strong>: 40 micras<\/li>\n<\/ul>\n<div style=\"font-family: Roboto, sans-serif;\">\n<div style=\"font-family: Roboto, sans-serif;\">\n<div style=\"font-family: Roboto, sans-serif;\">\n<div style=\"font-family: Roboto, sans-serif;\">\n<div style=\"font-family: Roboto, sans-serif;\">\n<div style=\"font-family: Roboto, sans-serif;\">\n<p>&nbsp;<\/p>\n<p><!--more--><\/p>\n<p>Este producto est\u00e1 disponible en varios tama\u00f1os: <span style=\"color: #d12727;\"><a style=\"color: #d12727;\" href=\"https:\/\/www.csj-emballages.com\/es\/produit\/bolsa-zip-40-micras-20-x-32-cm-por-20\/\">20 x 32 cm<\/a><\/span> \/ <span style=\"color: #d12727;\"><a style=\"color: #d12727;\" href=\"https:\/\/www.csj-emballages.com\/es\/produit\/bolsa-zip-40-micras-30-x-40-cm-por-10\/\">30 x 40 cm<\/a><\/span><\/p>\n<p>&nbsp;<\/p>\n<\/div>\n<\/div>\n<\/div>\n<\/div>\n<\/div>\n<\/div>\n<\/div>\n<\/div>\n<\/div>\n<div style=\"font-family: Roboto, sans-serif;\">\n<div style=\"font-family: Roboto, sans-serif;\">\n<div style=\"font-family: Roboto, sans-serif;\">\n<p><!--more--><\/p>\n<p><a href=\"\/?product_cat=sacs-sous-vide-lisses-90-\u03bcm\">Ver el resto de nuestra gama de bolsas ziploc para congelador<\/a><\/p>\n<\/div>\n<\/div>\n<\/div>\n","protected":false},"excerpt":{"rendered":"<p>Bolsa de congelaci\u00f3n Descripci\u00f3n de nuestra bolsa zip 40 micras 18 x 22 cm por 20<\/p>\n","protected":false},"featured_media":240791,"template":"","meta":{"_acf_changed":false},"product_brand":[],"product_cat":[1150,1143,3866,9392],"product_tag":[],"class_list":{"0":"post-240792","1":"product","2":"type-product","3":"status-publish","4":"has-post-thumbnail","6":"product_cat-envasado-de-alimentos","7":"product_cat-carniceria-y-charcuteria","8":"product_cat-bolsas-y-fundas","9":"product_cat-bolsas-de-congelacion","11":"first","12":"instock","13":"taxable","14":"shipping-taxable","15":"purchasable","16":"product-type-simple"},"acf":[],"yoast_head":"<!-- This site is optimized with the Yoast SEO Premium plugin v26.6 (Yoast SEO v26.6) - https:\/\/yoast.com\/wordpress\/plugins\/seo\/ -->\n<title>Bolsa Zip Congelador 40 Micras 18 x 22 cm por 20<\/title>\n<meta name=\"description\" content=\"Bolsas zip lock congelador 40 micras 17x22 cm por 20: resistentes, reciclables y en contacto con alimentos, para un almacenamiento pr\u00e1ctico y seguro.\" \/>\n<meta name=\"robots\" content=\"index, follow, max-snippet:-1, max-image-preview:large, max-video-preview:-1\" \/>\n<link rel=\"canonical\" href=\"https:\/\/www.csj-emballages.com\/es\/produit\/bolsa-zip-40-micras-18-x-22-cm-por-20\/\" \/>\n<meta property=\"og:locale\" content=\"es_ES\" \/>\n<meta property=\"og:type\" content=\"article\" \/>\n<meta property=\"og:title\" content=\"Bolsa zip 40 micras 18 x 22 cm por 20\" \/>\n<meta property=\"og:description\" content=\"Bolsas zip lock congelador 40 micras 17x22 cm por 20: resistentes, reciclables y en contacto con alimentos, para un almacenamiento pr\u00e1ctico y seguro.\" \/>\n<meta property=\"og:url\" content=\"https:\/\/www.csj-emballages.com\/es\/produit\/bolsa-zip-40-micras-18-x-22-cm-por-20\/\" \/>\n<meta property=\"og:site_name\" content=\"CSJ Emballages\" \/>\n<meta property=\"article:publisher\" content=\"https:\/\/www.facebook.com\/csjemballages\" \/>\n<meta property=\"article:modified_time\" content=\"2026-04-17T00:12:31+00:00\" \/>\n<meta property=\"og:image\" content=\"https:\/\/www.csj-emballages.com\/wp-content\/uploads\/2025\/08\/CONZ1822.webp\" \/>\n\t<meta property=\"og:image:width\" content=\"800\" \/>\n\t<meta property=\"og:image:height\" content=\"800\" \/>\n\t<meta property=\"og:image:type\" content=\"image\/webp\" \/>\n<meta name=\"twitter:card\" content=\"summary_large_image\" \/>\n<meta name=\"twitter:label1\" content=\"Tiempo de lectura\" \/>\n\t<meta name=\"twitter:data1\" content=\"2 minutos\" \/>\n<script type=\"application\/ld+json\" class=\"yoast-schema-graph\">{\"@context\":\"https:\/\/schema.org\",\"@graph\":[{\"@type\":\"WebPage\",\"@id\":\"https:\/\/www.csj-emballages.com\/es\/produit\/bolsa-zip-40-micras-18-x-22-cm-por-20\/\",\"url\":\"https:\/\/www.csj-emballages.com\/es\/produit\/bolsa-zip-40-micras-18-x-22-cm-por-20\/\",\"name\":\"Bolsa Zip Congelador 40 Micras 18 x 22 cm por 20\",\"isPartOf\":{\"@id\":\"https:\/\/www.csj-emballages.com\/es\/#website\"},\"primaryImageOfPage\":{\"@id\":\"https:\/\/www.csj-emballages.com\/es\/produit\/bolsa-zip-40-micras-18-x-22-cm-por-20\/#primaryimage\"},\"image\":{\"@id\":\"https:\/\/www.csj-emballages.com\/es\/produit\/bolsa-zip-40-micras-18-x-22-cm-por-20\/#primaryimage\"},\"thumbnailUrl\":\"https:\/\/www.csj-emballages.com\/wp-content\/uploads\/2025\/08\/CONZ1822.webp\",\"datePublished\":\"2025-08-20T06:22:24+00:00\",\"dateModified\":\"2026-04-17T00:12:31+00:00\",\"description\":\"Bolsas zip lock congelador 40 micras 17x22 cm por 20: resistentes, reciclables y en contacto con alimentos, para un almacenamiento pr\u00e1ctico y seguro.\",\"breadcrumb\":{\"@id\":\"https:\/\/www.csj-emballages.com\/es\/produit\/bolsa-zip-40-micras-18-x-22-cm-por-20\/#breadcrumb\"},\"inLanguage\":\"es\",\"potentialAction\":[{\"@type\":\"ReadAction\",\"target\":[\"https:\/\/www.csj-emballages.com\/es\/produit\/bolsa-zip-40-micras-18-x-22-cm-por-20\/\"]}]},{\"@type\":\"ImageObject\",\"inLanguage\":\"es\",\"@id\":\"https:\/\/www.csj-emballages.com\/es\/produit\/bolsa-zip-40-micras-18-x-22-cm-por-20\/#primaryimage\",\"url\":\"https:\/\/www.csj-emballages.com\/wp-content\/uploads\/2025\/08\/CONZ1822.webp\",\"contentUrl\":\"https:\/\/www.csj-emballages.com\/wp-content\/uploads\/2025\/08\/CONZ1822.webp\",\"width\":800,\"height\":800,\"caption\":\"Sac cong\u00e9lation\u00a0\"},{\"@type\":\"BreadcrumbList\",\"@id\":\"https:\/\/www.csj-emballages.com\/es\/produit\/bolsa-zip-40-micras-18-x-22-cm-por-20\/#breadcrumb\",\"itemListElement\":[{\"@type\":\"ListItem\",\"position\":1,\"name\":\"Accueil\",\"item\":\"https:\/\/www.csj-emballages.com\/es\/universo-del-envasado-alimentario\/\"},{\"@type\":\"ListItem\",\"position\":2,\"name\":\"Tienda\",\"item\":\"https:\/\/www.csj-emballages.com\/tienda\/\"},{\"@type\":\"ListItem\",\"position\":3,\"name\":\"Bolsa zip 40 micras 18 x 22 cm por 20\"}]},{\"@type\":\"WebSite\",\"@id\":\"https:\/\/www.csj-emballages.com\/es\/#website\",\"url\":\"https:\/\/www.csj-emballages.com\/es\/\",\"name\":\"CSJ Emballages\",\"description\":\"\",\"publisher\":{\"@id\":\"https:\/\/www.csj-emballages.com\/es\/#organization\"},\"potentialAction\":[{\"@type\":\"SearchAction\",\"target\":{\"@type\":\"EntryPoint\",\"urlTemplate\":\"https:\/\/www.csj-emballages.com\/es\/?s={search_term_string}\"},\"query-input\":{\"@type\":\"PropertyValueSpecification\",\"valueRequired\":true,\"valueName\":\"search_term_string\"}}],\"inLanguage\":\"es\"},{\"@type\":\"Organization\",\"@id\":\"https:\/\/www.csj-emballages.com\/es\/#Organization\/\",\"name\":\"CSJ Emballages\",\"url\":\"https:\/\/www.csj-emballages.com\/es\/\",\"logo\":{\"@type\":\"ImageObject\",\"inLanguage\":\"es\",\"@id\":\"https:\/\/www.csj-emballages.com\/es\/#\/schema\/logo\/image\/\",\"url\":\"https:\/\/www.csj-emballages.com\/wp-content\/uploads\/2023\/10\/logo_csj.webp\",\"contentUrl\":\"https:\/\/www.csj-emballages.com\/wp-content\/uploads\/2023\/10\/logo_csj.webp\",\"width\":250,\"height\":95,\"caption\":\"CSJ Emballages\"},\"image\":{\"@id\":\"https:\/\/www.csj-emballages.com\/es\/#\/schema\/logo\/image\/\"},\"sameAs\":[\"https:\/\/www.facebook.com\/csjemballages\"],\"address\":{\"@type\":\"PostalAddress\",\"streetAddress\":\"ZI La Lechere\",\"addressLocality\":\"Patornay\",\"postalCode\":\"39130\",\"addressCountry\":\"FR\"},\"contactPoint\":[{\"@type\":\"ContactPoint\",\"contactType\":\"Service client\",\"telephone\":\"0384254272\",\"email\":\"contact@csj-emballages.com\"}]}]}<\/script>\n<!-- \/ Yoast SEO Premium plugin. -->","yoast_head_json":{"title":"Bolsa Zip Congelador 40 Micras 18 x 22 cm por 20","description":"Bolsas zip lock congelador 40 micras 17x22 cm por 20: resistentes, reciclables y en contacto con alimentos, para un almacenamiento pr\u00e1ctico y seguro.","robots":{"index":"index","follow":"follow","max-snippet":"max-snippet:-1","max-image-preview":"max-image-preview:large","max-video-preview":"max-video-preview:-1"},"canonical":"https:\/\/www.csj-emballages.com\/es\/produit\/bolsa-zip-40-micras-18-x-22-cm-por-20\/","og_locale":"es_ES","og_type":"article","og_title":"Bolsa zip 40 micras 18 x 22 cm por 20","og_description":"Bolsas zip lock congelador 40 micras 17x22 cm por 20: resistentes, reciclables y en contacto con alimentos, para un almacenamiento pr\u00e1ctico y seguro.","og_url":"https:\/\/www.csj-emballages.com\/es\/produit\/bolsa-zip-40-micras-18-x-22-cm-por-20\/","og_site_name":"CSJ Emballages","article_publisher":"https:\/\/www.facebook.com\/csjemballages","article_modified_time":"2026-04-17T00:12:31+00:00","og_image":[{"width":800,"height":800,"url":"https:\/\/www.csj-emballages.com\/wp-content\/uploads\/2025\/08\/CONZ1822.webp","type":"image\/webp"}],"twitter_card":"summary_large_image","twitter_misc":{"Tiempo de lectura":"2 minutos"},"schema":{"@context":"https:\/\/schema.org","@graph":[{"@type":"WebPage","@id":"https:\/\/www.csj-emballages.com\/es\/produit\/bolsa-zip-40-micras-18-x-22-cm-por-20\/","url":"https:\/\/www.csj-emballages.com\/es\/produit\/bolsa-zip-40-micras-18-x-22-cm-por-20\/","name":"Bolsa Zip Congelador 40 Micras 18 x 22 cm por 20","isPartOf":{"@id":"https:\/\/www.csj-emballages.com\/es\/#website"},"primaryImageOfPage":{"@id":"https:\/\/www.csj-emballages.com\/es\/produit\/bolsa-zip-40-micras-18-x-22-cm-por-20\/#primaryimage"},"image":{"@id":"https:\/\/www.csj-emballages.com\/es\/produit\/bolsa-zip-40-micras-18-x-22-cm-por-20\/#primaryimage"},"thumbnailUrl":"https:\/\/www.csj-emballages.com\/wp-content\/uploads\/2025\/08\/CONZ1822.webp","datePublished":"2025-08-20T06:22:24+00:00","dateModified":"2026-04-17T00:12:31+00:00","description":"Bolsas zip lock congelador 40 micras 17x22 cm por 20: resistentes, reciclables y en contacto con alimentos, para un almacenamiento pr\u00e1ctico y seguro.","breadcrumb":{"@id":"https:\/\/www.csj-emballages.com\/es\/produit\/bolsa-zip-40-micras-18-x-22-cm-por-20\/#breadcrumb"},"inLanguage":"es","potentialAction":[{"@type":"ReadAction","target":["https:\/\/www.csj-emballages.com\/es\/produit\/bolsa-zip-40-micras-18-x-22-cm-por-20\/"]}]},{"@type":"ImageObject","inLanguage":"es","@id":"https:\/\/www.csj-emballages.com\/es\/produit\/bolsa-zip-40-micras-18-x-22-cm-por-20\/#primaryimage","url":"https:\/\/www.csj-emballages.com\/wp-content\/uploads\/2025\/08\/CONZ1822.webp","contentUrl":"https:\/\/www.csj-emballages.com\/wp-content\/uploads\/2025\/08\/CONZ1822.webp","width":800,"height":800,"caption":"Sac cong\u00e9lation\u00a0"},{"@type":"BreadcrumbList","@id":"https:\/\/www.csj-emballages.com\/es\/produit\/bolsa-zip-40-micras-18-x-22-cm-por-20\/#breadcrumb","itemListElement":[{"@type":"ListItem","position":1,"name":"Accueil","item":"https:\/\/www.csj-emballages.com\/es\/universo-del-envasado-alimentario\/"},{"@type":"ListItem","position":2,"name":"Tienda","item":"https:\/\/www.csj-emballages.com\/tienda\/"},{"@type":"ListItem","position":3,"name":"Bolsa zip 40 micras 18 x 22 cm por 20"}]},{"@type":"WebSite","@id":"https:\/\/www.csj-emballages.com\/es\/#website","url":"https:\/\/www.csj-emballages.com\/es\/","name":"CSJ Emballages","description":"","publisher":{"@id":"https:\/\/www.csj-emballages.com\/es\/#organization"},"potentialAction":[{"@type":"SearchAction","target":{"@type":"EntryPoint","urlTemplate":"https:\/\/www.csj-emballages.com\/es\/?s={search_term_string}"},"query-input":{"@type":"PropertyValueSpecification","valueRequired":true,"valueName":"search_term_string"}}],"inLanguage":"es"},{"@type":"Organization","@id":"https:\/\/www.csj-emballages.com\/es\/#Organization\/","name":"CSJ Emballages","url":"https:\/\/www.csj-emballages.com\/es\/","logo":{"@type":"ImageObject","inLanguage":"es","@id":"https:\/\/www.csj-emballages.com\/es\/#\/schema\/logo\/image\/","url":"https:\/\/www.csj-emballages.com\/wp-content\/uploads\/2023\/10\/logo_csj.webp","contentUrl":"https:\/\/www.csj-emballages.com\/wp-content\/uploads\/2023\/10\/logo_csj.webp","width":250,"height":95,"caption":"CSJ Emballages"},"image":{"@id":"https:\/\/www.csj-emballages.com\/es\/#\/schema\/logo\/image\/"},"sameAs":["https:\/\/www.facebook.com\/csjemballages"],"address":{"@type":"PostalAddress","streetAddress":"ZI La Lechere","addressLocality":"Patornay","postalCode":"39130","addressCountry":"FR"},"contactPoint":[{"@type":"ContactPoint","contactType":"Service client","telephone":"0384254272","email":"contact@csj-emballages.com"}]}]}},"df_price":0.76,"df_sale_price":"","df_regular_price":0.76,"df_image_link":"https:\/\/www.csj-emballages.com\/wp-content\/uploads\/2025\/08\/CONZ1822-300x300.webp","tiered_pricing_type":"fixed","tiered_pricing_fixed_rules":[],"tiered_pricing_percentage_rules":[],"tiered_pricing_minimum":1,"tiered_pricing_roles_data":[],"_links":{"self":[{"href":"https:\/\/www.csj-emballages.com\/es\/wp-json\/wp\/v2\/product\/240792","targetHints":{"allow":["GET"]}}],"collection":[{"href":"https:\/\/www.csj-emballages.com\/es\/wp-json\/wp\/v2\/product"}],"about":[{"href":"https:\/\/www.csj-emballages.com\/es\/wp-json\/wp\/v2\/types\/product"}],"wp:featuredmedia":[{"embeddable":true,"href":"https:\/\/www.csj-emballages.com\/es\/wp-json\/wp\/v2\/media\/240791"}],"wp:attachment":[{"href":"https:\/\/www.csj-emballages.com\/es\/wp-json\/wp\/v2\/media?parent=240792"}],"wp:term":[{"taxonomy":"product_brand","embeddable":true,"href":"https:\/\/www.csj-emballages.com\/es\/wp-json\/wp\/v2\/product_brand?post=240792"},{"taxonomy":"product_cat","embeddable":true,"href":"https:\/\/www.csj-emballages.com\/es\/wp-json\/wp\/v2\/product_cat?post=240792"},{"taxonomy":"product_tag","embeddable":true,"href":"https:\/\/www.csj-emballages.com\/es\/wp-json\/wp\/v2\/product_tag?post=240792"}],"curies":[{"name":"wp","href":"https:\/\/api.w.org\/{rel}","templated":true}]}}