{"id":240766,"date":"2025-08-20T08:20:05","date_gmt":"2025-08-20T06:20:05","guid":{"rendered":"https:\/\/www.csj-emballages.com\/produit\/caja-de-pizza-31-x-31-x-35-cm-por-100\/"},"modified":"2026-04-27T10:01:04","modified_gmt":"2026-04-27T08:01:04","slug":"caja-de-pizza-31-x-31-x-35-cm-por-100","status":"publish","type":"product","link":"https:\/\/www.csj-emballages.com\/es\/produit\/caja-de-pizza-31-x-31-x-35-cm-por-100\/","title":{"rendered":"Caja de pizza 31 x 31 x 3,5 cm por 100"},"content":{"rendered":"<div style=\"box-sizing: inherit; font-family: Roboto, sans-serif;\">\n<div style=\"box-sizing: inherit; font-family: Roboto, sans-serif;\">\n<div style=\"box-sizing: inherit; font-family: Roboto, sans-serif;\">\n<div style=\"box-sizing: inherit; font-family: Roboto, sans-serif;\">\n<div style=\"box-sizing: inherit; font-family: Roboto, sans-serif;\">\n<div style=\"box-sizing: inherit; font-family: Roboto, sans-serif;\">\n<div style=\"box-sizing: inherit; font-family: Roboto, sans-serif;\">\n<div style=\"box-sizing: inherit; font-family: Roboto, sans-serif;\">\n<h2>Caja de pizza<\/h2>\n<hr>\n<h3>Descripci\u00f3n de nuestra caja para pizza 31 x 31 x 3,5 cm por 100<\/h3>\n<p><!--more--><\/p>\n<p data-start=\"213\" data-end=\"569\">Si busca una <strong>caja para pizza<\/strong> que sea fiable, resistente y divertida de usar a diario, esta <strong data-start=\"306\" data-end=\"330\">caja de 31 x 31 x 3,5 cm<\/strong> es exactamente lo que necesita. Tiene el tama\u00f1o perfecto para una <g id=\"gid_2\">pizza est\u00e1ndar<\/g> y, lo mejor de todo, cabe perfectamente en la mano. Nada se aplasta ni se deforma, ni siquiera cuando la pizza acaba de salir del horno.  <\/p>\n<p data-start=\"571\" data-end=\"976\">Fabricado en <strong>cart\u00f3n<\/strong> r\u00edgido, soporta muy bien el calor. El resultado: la pizza se mantiene en su sitio, no se empapa y llega a la puerta del cliente con una base crujiente. Gracias a su sencillo sistema de cierre, puede envolver en s\u00f3lo unos segundos, sin tener que lidiar con una solapa temperamental o una caja de cart\u00f3n que se rompe. Es suave, r\u00e1pida, eficaz&#8230; en resumen, perfecta para trabajos urgentes.   <\/p>\n<p data-start=\"978\" data-end=\"1305\">Y eso no es todo. Como el cart\u00f3n est\u00e1 microacanalado, limita la condensaci\u00f3n. As\u00ed no hay pizza empapada ni pizza que pierda su textura. Cuando su cliente abra la caja, encontrar\u00e1 una pizza todav\u00eda caliente y apetitosa, con todo su aroma. Esto mejora la experiencia y repercute directamente en la satisfacci\u00f3n.    <\/p>\n<p data-start=\"1536\" data-end=\"1725\">Ya sea una pizzer\u00eda, un snack bar, un food truck o un restaurante de comida para llevar, este <strong>paquete de 100 cajas<\/strong> le ayudar\u00e1 a gestionar sus pedidos sin estr\u00e9s, manteniendo una calidad constante.<\/p>\n<p><!--more--><\/p>\n<h4><strong>Ventajas :<\/strong><\/h4>\n<ul>\n<li data-start=\"1753\" data-end=\"1801\">Cart\u00f3n s\u00f3lido que mantiene la pizza crujiente.<\/li>\n<li data-start=\"1804\" data-end=\"1845\">Tama\u00f1o ideal para pizzas individuales.<\/li>\n<li data-start=\"1848\" data-end=\"1878\">Cierre r\u00e1pido y pr\u00e1ctico.<\/li>\n<li data-start=\"1881\" data-end=\"1929\">Esta caja para pizza es resistente al calor y limita la condensaci\u00f3n.<\/li>\n<li data-start=\"1932\" data-end=\"1956\">F\u00e1cil de personalizar.<\/li>\n<li data-start=\"1959\" data-end=\"2012\"><strong>Paquete de 100<\/strong>: perfecto para profesionales y muy rentable.<\/li>\n<\/ul>\n<p>&nbsp;<\/p>\n<p><!--more--><\/p>\n<h4>Informaci\u00f3n adicional :<\/h4>\n<ul>\n<li><strong>Embalaje<\/strong>: Paquete de 100<\/li>\n<li><strong>Dimensiones<\/strong>: 31 x 31 x 3,5 cm<\/li>\n<li><strong>Peso<\/strong>: 343 g\/m\u00b2.<\/li>\n<li><strong>Material<\/strong>: Cart\u00f3n<\/li>\n<\/ul>\n<p>&nbsp;<\/p>\n<p><!--more--><\/p>\n<p>Encuentra nuestro tr\u00edpode para pizza aqu\u00ed: <span style=\"color: #d12727;\"><a style=\"color: #d12727;\" href=\"https:\/\/www.csj-emballages.com\/es\/produit\/200-tripodes-de-plastico-para-pizza-37-mm\/\">PP<\/a><\/span><\/p>\n<p>&nbsp;<\/p>\n<p><!--more--><\/p>\n<p><a href=\"https:\/\/www.csj-emballages.com\/es\/categorie-produit\/envasado-de-alimentos\/catering-es\/cajas-bandejas-bolsas-conos\/cajas-de-pizza\/\">Ver el resto de nuestra gama de cajas para pizza<\/a><\/p>\n<\/div>\n<\/div>\n<\/div>\n<\/div>\n<\/div>\n<\/div>\n<\/div>\n<\/div>\n","protected":false},"excerpt":{"rendered":"<p>Caja de pizza Descripci\u00f3n de nuestra caja para pizza 31 x 31 x 3,5 cm por 100<\/p>\n","protected":false},"featured_media":240759,"template":"","meta":{"_acf_changed":false},"product_brand":[],"product_cat":[1150,1179,3878,2233,1270],"product_tag":[],"class_list":{"0":"post-240766","1":"product","2":"type-product","3":"status-publish","4":"has-post-thumbnail","6":"product_cat-envasado-de-alimentos","7":"product_cat-catering-es","8":"product_cat-cajas-bandejas-bolsas-conos","9":"product_cat-cajas-de-pizza","10":"product_cat-descuentos","12":"first","13":"instock","14":"sale","15":"taxable","16":"shipping-taxable","17":"purchasable","18":"product-type-simple"},"acf":[],"yoast_head":"<!-- This site is optimized with the Yoast SEO Premium plugin v26.6 (Yoast SEO v26.6) - https:\/\/yoast.com\/wordpress\/plugins\/seo\/ -->\n<title>Pizza Box 31 x 31 x 3,5 cm por 100<\/title>\n<meta name=\"description\" content=\"Caja para pizza de 31 x 31 x 3,5 cm de cart\u00f3n apto para uso alimentario. Resistente, pr\u00e1ctica y econ\u00f3mica, ideal para empresas de catering y restaurantes. Paquete de 100 unidades.\" \/>\n<meta name=\"robots\" content=\"index, follow, max-snippet:-1, max-image-preview:large, max-video-preview:-1\" \/>\n<link rel=\"canonical\" href=\"https:\/\/www.csj-emballages.com\/es\/produit\/caja-de-pizza-31-x-31-x-35-cm-por-100\/\" \/>\n<meta property=\"og:locale\" content=\"es_ES\" \/>\n<meta property=\"og:type\" content=\"article\" \/>\n<meta property=\"og:title\" content=\"Caja de pizza 31 x 31 x 3,5 cm por 100\" \/>\n<meta property=\"og:description\" content=\"Caja para pizza de 31 x 31 x 3,5 cm de cart\u00f3n apto para uso alimentario. Resistente, pr\u00e1ctica y econ\u00f3mica, ideal para empresas de catering y restaurantes. Paquete de 100 unidades.\" \/>\n<meta property=\"og:url\" content=\"https:\/\/www.csj-emballages.com\/es\/produit\/caja-de-pizza-31-x-31-x-35-cm-por-100\/\" \/>\n<meta property=\"og:site_name\" content=\"CSJ Emballages\" \/>\n<meta property=\"article:publisher\" content=\"https:\/\/www.facebook.com\/csjemballages\" \/>\n<meta property=\"article:modified_time\" content=\"2026-04-27T08:01:04+00:00\" \/>\n<meta property=\"og:image\" content=\"https:\/\/www.csj-emballages.com\/wp-content\/uploads\/2025\/08\/BP31PIZZ.webp\" \/>\n\t<meta property=\"og:image:width\" content=\"801\" \/>\n\t<meta property=\"og:image:height\" content=\"800\" \/>\n\t<meta property=\"og:image:type\" content=\"image\/webp\" \/>\n<meta name=\"twitter:card\" content=\"summary_large_image\" \/>\n<meta name=\"twitter:label1\" content=\"Tiempo de lectura\" \/>\n\t<meta name=\"twitter:data1\" content=\"2 minutos\" \/>\n<script type=\"application\/ld+json\" class=\"yoast-schema-graph\">{\"@context\":\"https:\/\/schema.org\",\"@graph\":[{\"@type\":\"WebPage\",\"@id\":\"https:\/\/www.csj-emballages.com\/es\/produit\/caja-de-pizza-31-x-31-x-35-cm-por-100\/\",\"url\":\"https:\/\/www.csj-emballages.com\/es\/produit\/caja-de-pizza-31-x-31-x-35-cm-por-100\/\",\"name\":\"Pizza Box 31 x 31 x 3,5 cm por 100\",\"isPartOf\":{\"@id\":\"https:\/\/www.csj-emballages.com\/es\/#website\"},\"primaryImageOfPage\":{\"@id\":\"https:\/\/www.csj-emballages.com\/es\/produit\/caja-de-pizza-31-x-31-x-35-cm-por-100\/#primaryimage\"},\"image\":{\"@id\":\"https:\/\/www.csj-emballages.com\/es\/produit\/caja-de-pizza-31-x-31-x-35-cm-por-100\/#primaryimage\"},\"thumbnailUrl\":\"https:\/\/www.csj-emballages.com\/wp-content\/uploads\/2025\/08\/BP31PIZZ.webp\",\"datePublished\":\"2025-08-20T06:20:05+00:00\",\"dateModified\":\"2026-04-27T08:01:04+00:00\",\"description\":\"Caja para pizza de 31 x 31 x 3,5 cm de cart\u00f3n apto para uso alimentario. Resistente, pr\u00e1ctica y econ\u00f3mica, ideal para empresas de catering y restaurantes. Paquete de 100 unidades.\",\"breadcrumb\":{\"@id\":\"https:\/\/www.csj-emballages.com\/es\/produit\/caja-de-pizza-31-x-31-x-35-cm-por-100\/#breadcrumb\"},\"inLanguage\":\"es\",\"potentialAction\":[{\"@type\":\"ReadAction\",\"target\":[\"https:\/\/www.csj-emballages.com\/es\/produit\/caja-de-pizza-31-x-31-x-35-cm-por-100\/\"]}]},{\"@type\":\"ImageObject\",\"inLanguage\":\"es\",\"@id\":\"https:\/\/www.csj-emballages.com\/es\/produit\/caja-de-pizza-31-x-31-x-35-cm-por-100\/#primaryimage\",\"url\":\"https:\/\/www.csj-emballages.com\/wp-content\/uploads\/2025\/08\/BP31PIZZ.webp\",\"contentUrl\":\"https:\/\/www.csj-emballages.com\/wp-content\/uploads\/2025\/08\/BP31PIZZ.webp\",\"width\":801,\"height\":800,\"caption\":\"Boite \u00e0 pizza\"},{\"@type\":\"BreadcrumbList\",\"@id\":\"https:\/\/www.csj-emballages.com\/es\/produit\/caja-de-pizza-31-x-31-x-35-cm-por-100\/#breadcrumb\",\"itemListElement\":[{\"@type\":\"ListItem\",\"position\":1,\"name\":\"Accueil\",\"item\":\"https:\/\/www.csj-emballages.com\/es\/universo-del-envasado-alimentario\/\"},{\"@type\":\"ListItem\",\"position\":2,\"name\":\"Tienda\",\"item\":\"https:\/\/www.csj-emballages.com\/tienda\/\"},{\"@type\":\"ListItem\",\"position\":3,\"name\":\"Caja de pizza 31 x 31 x 3,5 cm por 100\"}]},{\"@type\":\"WebSite\",\"@id\":\"https:\/\/www.csj-emballages.com\/es\/#website\",\"url\":\"https:\/\/www.csj-emballages.com\/es\/\",\"name\":\"CSJ Emballages\",\"description\":\"\",\"publisher\":{\"@id\":\"https:\/\/www.csj-emballages.com\/es\/#organization\"},\"potentialAction\":[{\"@type\":\"SearchAction\",\"target\":{\"@type\":\"EntryPoint\",\"urlTemplate\":\"https:\/\/www.csj-emballages.com\/es\/?s={search_term_string}\"},\"query-input\":{\"@type\":\"PropertyValueSpecification\",\"valueRequired\":true,\"valueName\":\"search_term_string\"}}],\"inLanguage\":\"es\"},{\"@type\":\"Organization\",\"@id\":\"https:\/\/www.csj-emballages.com\/es\/#Organization\/\",\"name\":\"CSJ Emballages\",\"url\":\"https:\/\/www.csj-emballages.com\/es\/\",\"logo\":{\"@type\":\"ImageObject\",\"inLanguage\":\"es\",\"@id\":\"https:\/\/www.csj-emballages.com\/es\/#\/schema\/logo\/image\/\",\"url\":\"https:\/\/www.csj-emballages.com\/wp-content\/uploads\/2023\/10\/logo_csj.webp\",\"contentUrl\":\"https:\/\/www.csj-emballages.com\/wp-content\/uploads\/2023\/10\/logo_csj.webp\",\"width\":250,\"height\":95,\"caption\":\"CSJ Emballages\"},\"image\":{\"@id\":\"https:\/\/www.csj-emballages.com\/es\/#\/schema\/logo\/image\/\"},\"sameAs\":[\"https:\/\/www.facebook.com\/csjemballages\"],\"address\":{\"@type\":\"PostalAddress\",\"streetAddress\":\"ZI La Lechere\",\"addressLocality\":\"Patornay\",\"postalCode\":\"39130\",\"addressCountry\":\"FR\"},\"contactPoint\":[{\"@type\":\"ContactPoint\",\"contactType\":\"Service client\",\"telephone\":\"0384254272\",\"email\":\"contact@csj-emballages.com\"}]}]}<\/script>\n<!-- \/ Yoast SEO Premium plugin. -->","yoast_head_json":{"title":"Pizza Box 31 x 31 x 3,5 cm por 100","description":"Caja para pizza de 31 x 31 x 3,5 cm de cart\u00f3n apto para uso alimentario. Resistente, pr\u00e1ctica y econ\u00f3mica, ideal para empresas de catering y restaurantes. Paquete de 100 unidades.","robots":{"index":"index","follow":"follow","max-snippet":"max-snippet:-1","max-image-preview":"max-image-preview:large","max-video-preview":"max-video-preview:-1"},"canonical":"https:\/\/www.csj-emballages.com\/es\/produit\/caja-de-pizza-31-x-31-x-35-cm-por-100\/","og_locale":"es_ES","og_type":"article","og_title":"Caja de pizza 31 x 31 x 3,5 cm por 100","og_description":"Caja para pizza de 31 x 31 x 3,5 cm de cart\u00f3n apto para uso alimentario. Resistente, pr\u00e1ctica y econ\u00f3mica, ideal para empresas de catering y restaurantes. Paquete de 100 unidades.","og_url":"https:\/\/www.csj-emballages.com\/es\/produit\/caja-de-pizza-31-x-31-x-35-cm-por-100\/","og_site_name":"CSJ Emballages","article_publisher":"https:\/\/www.facebook.com\/csjemballages","article_modified_time":"2026-04-27T08:01:04+00:00","og_image":[{"width":801,"height":800,"url":"https:\/\/www.csj-emballages.com\/wp-content\/uploads\/2025\/08\/BP31PIZZ.webp","type":"image\/webp"}],"twitter_card":"summary_large_image","twitter_misc":{"Tiempo de lectura":"2 minutos"},"schema":{"@context":"https:\/\/schema.org","@graph":[{"@type":"WebPage","@id":"https:\/\/www.csj-emballages.com\/es\/produit\/caja-de-pizza-31-x-31-x-35-cm-por-100\/","url":"https:\/\/www.csj-emballages.com\/es\/produit\/caja-de-pizza-31-x-31-x-35-cm-por-100\/","name":"Pizza Box 31 x 31 x 3,5 cm por 100","isPartOf":{"@id":"https:\/\/www.csj-emballages.com\/es\/#website"},"primaryImageOfPage":{"@id":"https:\/\/www.csj-emballages.com\/es\/produit\/caja-de-pizza-31-x-31-x-35-cm-por-100\/#primaryimage"},"image":{"@id":"https:\/\/www.csj-emballages.com\/es\/produit\/caja-de-pizza-31-x-31-x-35-cm-por-100\/#primaryimage"},"thumbnailUrl":"https:\/\/www.csj-emballages.com\/wp-content\/uploads\/2025\/08\/BP31PIZZ.webp","datePublished":"2025-08-20T06:20:05+00:00","dateModified":"2026-04-27T08:01:04+00:00","description":"Caja para pizza de 31 x 31 x 3,5 cm de cart\u00f3n apto para uso alimentario. Resistente, pr\u00e1ctica y econ\u00f3mica, ideal para empresas de catering y restaurantes. Paquete de 100 unidades.","breadcrumb":{"@id":"https:\/\/www.csj-emballages.com\/es\/produit\/caja-de-pizza-31-x-31-x-35-cm-por-100\/#breadcrumb"},"inLanguage":"es","potentialAction":[{"@type":"ReadAction","target":["https:\/\/www.csj-emballages.com\/es\/produit\/caja-de-pizza-31-x-31-x-35-cm-por-100\/"]}]},{"@type":"ImageObject","inLanguage":"es","@id":"https:\/\/www.csj-emballages.com\/es\/produit\/caja-de-pizza-31-x-31-x-35-cm-por-100\/#primaryimage","url":"https:\/\/www.csj-emballages.com\/wp-content\/uploads\/2025\/08\/BP31PIZZ.webp","contentUrl":"https:\/\/www.csj-emballages.com\/wp-content\/uploads\/2025\/08\/BP31PIZZ.webp","width":801,"height":800,"caption":"Boite \u00e0 pizza"},{"@type":"BreadcrumbList","@id":"https:\/\/www.csj-emballages.com\/es\/produit\/caja-de-pizza-31-x-31-x-35-cm-por-100\/#breadcrumb","itemListElement":[{"@type":"ListItem","position":1,"name":"Accueil","item":"https:\/\/www.csj-emballages.com\/es\/universo-del-envasado-alimentario\/"},{"@type":"ListItem","position":2,"name":"Tienda","item":"https:\/\/www.csj-emballages.com\/tienda\/"},{"@type":"ListItem","position":3,"name":"Caja de pizza 31 x 31 x 3,5 cm por 100"}]},{"@type":"WebSite","@id":"https:\/\/www.csj-emballages.com\/es\/#website","url":"https:\/\/www.csj-emballages.com\/es\/","name":"CSJ Emballages","description":"","publisher":{"@id":"https:\/\/www.csj-emballages.com\/es\/#organization"},"potentialAction":[{"@type":"SearchAction","target":{"@type":"EntryPoint","urlTemplate":"https:\/\/www.csj-emballages.com\/es\/?s={search_term_string}"},"query-input":{"@type":"PropertyValueSpecification","valueRequired":true,"valueName":"search_term_string"}}],"inLanguage":"es"},{"@type":"Organization","@id":"https:\/\/www.csj-emballages.com\/es\/#Organization\/","name":"CSJ Emballages","url":"https:\/\/www.csj-emballages.com\/es\/","logo":{"@type":"ImageObject","inLanguage":"es","@id":"https:\/\/www.csj-emballages.com\/es\/#\/schema\/logo\/image\/","url":"https:\/\/www.csj-emballages.com\/wp-content\/uploads\/2023\/10\/logo_csj.webp","contentUrl":"https:\/\/www.csj-emballages.com\/wp-content\/uploads\/2023\/10\/logo_csj.webp","width":250,"height":95,"caption":"CSJ Emballages"},"image":{"@id":"https:\/\/www.csj-emballages.com\/es\/#\/schema\/logo\/image\/"},"sameAs":["https:\/\/www.facebook.com\/csjemballages"],"address":{"@type":"PostalAddress","streetAddress":"ZI La Lechere","addressLocality":"Patornay","postalCode":"39130","addressCountry":"FR"},"contactPoint":[{"@type":"ContactPoint","contactType":"Service client","telephone":"0384254272","email":"contact@csj-emballages.com"}]}]}},"df_price":28.86,"df_sale_price":28.86,"df_regular_price":32.06,"df_image_link":"https:\/\/www.csj-emballages.com\/wp-content\/uploads\/2025\/08\/BP31PIZZ-300x300.webp","tiered_pricing_type":"fixed","tiered_pricing_fixed_rules":[],"tiered_pricing_percentage_rules":[],"tiered_pricing_minimum":1,"tiered_pricing_roles_data":[],"_links":{"self":[{"href":"https:\/\/www.csj-emballages.com\/es\/wp-json\/wp\/v2\/product\/240766","targetHints":{"allow":["GET"]}}],"collection":[{"href":"https:\/\/www.csj-emballages.com\/es\/wp-json\/wp\/v2\/product"}],"about":[{"href":"https:\/\/www.csj-emballages.com\/es\/wp-json\/wp\/v2\/types\/product"}],"wp:featuredmedia":[{"embeddable":true,"href":"https:\/\/www.csj-emballages.com\/es\/wp-json\/wp\/v2\/media\/240759"}],"wp:attachment":[{"href":"https:\/\/www.csj-emballages.com\/es\/wp-json\/wp\/v2\/media?parent=240766"}],"wp:term":[{"taxonomy":"product_brand","embeddable":true,"href":"https:\/\/www.csj-emballages.com\/es\/wp-json\/wp\/v2\/product_brand?post=240766"},{"taxonomy":"product_cat","embeddable":true,"href":"https:\/\/www.csj-emballages.com\/es\/wp-json\/wp\/v2\/product_cat?post=240766"},{"taxonomy":"product_tag","embeddable":true,"href":"https:\/\/www.csj-emballages.com\/es\/wp-json\/wp\/v2\/product_tag?post=240766"}],"curies":[{"name":"wp","href":"https:\/\/api.w.org\/{rel}","templated":true}]}}