{"id":24054,"date":"2024-03-01T16:47:32","date_gmt":"2024-03-01T15:47:32","guid":{"rendered":"https:\/\/u15jnbdpoq.preview.infomaniak.website\/produit\/12-toallas-de-mano-50-x-70-cm\/"},"modified":"2026-04-29T02:19:35","modified_gmt":"2026-04-29T00:19:35","slug":"12-toallas-de-mano-50-x-70-cm","status":"publish","type":"product","link":"https:\/\/www.csj-emballages.com\/es\/produit\/12-toallas-de-mano-50-x-70-cm\/","title":{"rendered":"Pa\u00f1o de cocina\/secamanos de 50 x 70 cm, lote de 12"},"content":{"rendered":"<h2>Pa\u00f1o de cocina<\/h2>\n<hr>\n<h3>Descubra nuestro pa\u00f1o de cocina\/secamanos de 50 x 70 cm, lote de 12<\/h3>\n<p><!--more--><\/p>\n<p data-start=\"291\" data-end=\"690\">Sencillo, pr\u00e1ctico y siempre \u00fatil, este <strong data-start=\"330\" data-end=\"369\">pa\u00f1o de cocina\/secamanos tejido en algod\u00f3n<\/strong> encuentra f\u00e1cilmente su lugar en todas las cocinas, ya sean profesionales o familiares. Con su formato de <strong data-start=\"487\" data-end=\"501\">50 x 70 cm<\/strong>, ofrece una superficie c\u00f3moda para secarse las manos r\u00e1pidamente, sin tener que coger otro justo despu\u00e9s. Es el tipo de producto con el que se puede contar todo el d\u00eda.  <\/p>\n<p data-start=\"692\" data-end=\"1031\">Gracias a su tejido de algod\u00f3n, absorbe eficazmente la humedad y se seca r\u00e1pidamente entre dos usos. Se utiliza para las manos, por supuesto, pero tambi\u00e9n para limpiar una encimera, una vajilla a\u00fan tibia o un peque\u00f1o derrame imprevisto. Permanece flexible, agradable al tacto y f\u00e1cil de manipular, incluso cuando el ritmo se acelera.  <\/p>\n<p data-start=\"1033\" data-end=\"1340\">Su dise\u00f1o de cuadros aporta un toque cl\u00e1sico y tranquilizador, a la vez que permite disimular m\u00e1s f\u00e1cilmente las manchas del d\u00eda a d\u00eda. Adem\u00e1s, los colores variados ayudan a organizar el espacio de trabajo, por ejemplo, asignando un pa\u00f1o de cocina a cada zona o uso. Es sencillo, pero muy pr\u00e1ctico.  <\/p>\n<p data-start=\"1342\" data-end=\"1673\">Vendido <strong data-start=\"1348\" data-end=\"1365\">en lote de 12<\/strong>, este pa\u00f1o de cocina es ideal para constituir un stock fiable y siempre listo. Puede utilizarlos en rotaci\u00f3n, lavarlos regularmente y mantener una higiene impecable sin quedarse sin repuesto. Ya sea en un restaurante, una colectividad, un snack bar o en casa, este pa\u00f1o de cocina cumple su funci\u00f3n sin complicaciones.  <\/p>\n<p data-start=\"1675\" data-end=\"1791\">En resumen, es un imprescindible del d\u00eda a d\u00eda: eficaz, resistente y pensado para un uso repetido, d\u00eda tras d\u00eda.<\/p>\n<p data-start=\"1675\" data-end=\"1791\">\n<p data-start=\"1675\" data-end=\"1791\"><!--more--><\/p>\n<h4 data-start=\"1675\" data-end=\"1791\">Ventajas :<\/h4>\n<ul>\n<li data-start=\"1820\" data-end=\"1857\"><strong>Tejido de algod\u00f3n<\/strong> absorbente y agradable.<\/li>\n<li data-start=\"1860\" data-end=\"1885\">Gran formato de <strong>50 x 70 cm<\/strong>.<\/li>\n<li data-start=\"1888\" data-end=\"1904\">Secado r\u00e1pido.<\/li>\n<li data-start=\"1907\" data-end=\"1948\">Dise\u00f1o de cuadros pr\u00e1ctico y atemporal.<\/li>\n<li data-start=\"1951\" data-end=\"1992\">Lote de <strong>12<\/strong>, ideal para un uso intensivo.<\/li>\n<\/ul>\n<p>&nbsp;<\/p>\n<p><!--more--><\/p>\n<h4>Informaci\u00f3n adicional :<\/h4>\n<ul>\n<li><strong>Envase<\/strong>: Paquete de 12<\/li>\n<li><strong>Dimensiones<\/strong>: 50 x 70 cm<\/li>\n<li><strong>Color<\/strong>: Azul \/ Rojo \/ Verde<\/li>\n<\/ul>\n<p>&nbsp;<\/p>\n<p><!--more--><\/p>\n<p><a href=\"https:\/\/www.csj-emballages.com\/es\/universo-de-la-higiene\/\">Consulte el resto de nuestra gama de higiene<\/a><\/p>\n<p>&nbsp;<\/p>\n","protected":false},"excerpt":{"rendered":"<p>Pa\u00f1o de cocina Descubra nuestro pa\u00f1o de cocina\/secamanos de 50 x 70 cm, lote de 12<\/p>\n","protected":false},"featured_media":261985,"template":"","meta":{"_acf_changed":false},"product_brand":[],"product_cat":[1226,1419,3613],"product_tag":[],"class_list":{"0":"post-24054","1":"product","2":"type-product","3":"status-publish","4":"has-post-thumbnail","6":"product_cat-higiene-y-mantenimiento","7":"product_cat-esponjas-panos-de-cocina-panos-de-cocina","8":"product_cat-panos-de-cocina","10":"first","11":"instock","12":"taxable","13":"shipping-taxable","14":"purchasable","15":"product-type-simple"},"acf":[],"yoast_head":"<!-- This site is optimized with the Yoast SEO Premium plugin v26.6 (Yoast SEO v26.6) - https:\/\/yoast.com\/wordpress\/plugins\/seo\/ -->\n<title>Pa\u00f1o de Cocina\/Secamanos de 50 x 70 cm, lote de 12<\/title>\n<meta name=\"description\" content=\"Pa\u00f1o de cocina\/secamanos tejido en algod\u00f3n de 50 x 70 cm, se vende en lotes de 12. Absorbente, resistente e ideal para el uso diario en cocinas profesionales o dom\u00e9sticas.\" \/>\n<meta name=\"robots\" content=\"index, follow, max-snippet:-1, max-image-preview:large, max-video-preview:-1\" \/>\n<link rel=\"canonical\" href=\"https:\/\/www.csj-emballages.com\/es\/produit\/12-toallas-de-mano-50-x-70-cm\/\" \/>\n<meta property=\"og:locale\" content=\"es_ES\" \/>\n<meta property=\"og:type\" content=\"article\" \/>\n<meta property=\"og:title\" content=\"Pa\u00f1o de cocina\/secamanos de 50 x 70 cm, lote de 12\" \/>\n<meta property=\"og:description\" content=\"Pa\u00f1o de cocina\/secamanos tejido en algod\u00f3n de 50 x 70 cm, se vende en lotes de 12. Absorbente, resistente e ideal para el uso diario en cocinas profesionales o dom\u00e9sticas.\" \/>\n<meta property=\"og:url\" content=\"https:\/\/www.csj-emballages.com\/es\/produit\/12-toallas-de-mano-50-x-70-cm\/\" \/>\n<meta property=\"og:site_name\" content=\"CSJ Emballages\" \/>\n<meta property=\"article:publisher\" content=\"https:\/\/www.facebook.com\/csjemballages\" \/>\n<meta property=\"article:modified_time\" content=\"2026-04-29T00:19:35+00:00\" \/>\n<meta property=\"og:image\" content=\"https:\/\/www.csj-emballages.com\/wp-content\/uploads\/2024\/03\/TORCH5070.webp\" \/>\n\t<meta property=\"og:image:width\" content=\"800\" \/>\n\t<meta property=\"og:image:height\" content=\"800\" \/>\n\t<meta property=\"og:image:type\" content=\"image\/webp\" \/>\n<meta name=\"twitter:card\" content=\"summary_large_image\" \/>\n<meta name=\"twitter:label1\" content=\"Tiempo de lectura\" \/>\n\t<meta name=\"twitter:data1\" content=\"2 minutos\" \/>\n<script type=\"application\/ld+json\" class=\"yoast-schema-graph\">{\"@context\":\"https:\/\/schema.org\",\"@graph\":[{\"@type\":\"WebPage\",\"@id\":\"https:\/\/www.csj-emballages.com\/es\/produit\/12-toallas-de-mano-50-x-70-cm\/\",\"url\":\"https:\/\/www.csj-emballages.com\/es\/produit\/12-toallas-de-mano-50-x-70-cm\/\",\"name\":\"Pa\u00f1o de Cocina\/Secamanos de 50 x 70 cm, lote de 12\",\"isPartOf\":{\"@id\":\"https:\/\/www.csj-emballages.com\/es\/#website\"},\"primaryImageOfPage\":{\"@id\":\"https:\/\/www.csj-emballages.com\/es\/produit\/12-toallas-de-mano-50-x-70-cm\/#primaryimage\"},\"image\":{\"@id\":\"https:\/\/www.csj-emballages.com\/es\/produit\/12-toallas-de-mano-50-x-70-cm\/#primaryimage\"},\"thumbnailUrl\":\"https:\/\/www.csj-emballages.com\/wp-content\/uploads\/2024\/03\/TORCH5070.webp\",\"datePublished\":\"2024-03-01T15:47:32+00:00\",\"dateModified\":\"2026-04-29T00:19:35+00:00\",\"description\":\"Pa\u00f1o de cocina\/secamanos tejido en algod\u00f3n de 50 x 70 cm, se vende en lotes de 12. Absorbente, resistente e ideal para el uso diario en cocinas profesionales o dom\u00e9sticas.\",\"breadcrumb\":{\"@id\":\"https:\/\/www.csj-emballages.com\/es\/produit\/12-toallas-de-mano-50-x-70-cm\/#breadcrumb\"},\"inLanguage\":\"es\",\"potentialAction\":[{\"@type\":\"ReadAction\",\"target\":[\"https:\/\/www.csj-emballages.com\/es\/produit\/12-toallas-de-mano-50-x-70-cm\/\"]}]},{\"@type\":\"ImageObject\",\"inLanguage\":\"es\",\"@id\":\"https:\/\/www.csj-emballages.com\/es\/produit\/12-toallas-de-mano-50-x-70-cm\/#primaryimage\",\"url\":\"https:\/\/www.csj-emballages.com\/wp-content\/uploads\/2024\/03\/TORCH5070.webp\",\"contentUrl\":\"https:\/\/www.csj-emballages.com\/wp-content\/uploads\/2024\/03\/TORCH5070.webp\",\"width\":800,\"height\":800,\"caption\":\"Torchon\"},{\"@type\":\"BreadcrumbList\",\"@id\":\"https:\/\/www.csj-emballages.com\/es\/produit\/12-toallas-de-mano-50-x-70-cm\/#breadcrumb\",\"itemListElement\":[{\"@type\":\"ListItem\",\"position\":1,\"name\":\"Accueil\",\"item\":\"https:\/\/www.csj-emballages.com\/es\/universo-del-envasado-alimentario\/\"},{\"@type\":\"ListItem\",\"position\":2,\"name\":\"Tienda\",\"item\":\"https:\/\/www.csj-emballages.com\/tienda\/\"},{\"@type\":\"ListItem\",\"position\":3,\"name\":\"Pa\u00f1o de cocina\/secamanos de 50 x 70 cm, lote de 12\"}]},{\"@type\":\"WebSite\",\"@id\":\"https:\/\/www.csj-emballages.com\/es\/#website\",\"url\":\"https:\/\/www.csj-emballages.com\/es\/\",\"name\":\"CSJ Emballages\",\"description\":\"\",\"publisher\":{\"@id\":\"https:\/\/www.csj-emballages.com\/es\/#organization\"},\"potentialAction\":[{\"@type\":\"SearchAction\",\"target\":{\"@type\":\"EntryPoint\",\"urlTemplate\":\"https:\/\/www.csj-emballages.com\/es\/?s={search_term_string}\"},\"query-input\":{\"@type\":\"PropertyValueSpecification\",\"valueRequired\":true,\"valueName\":\"search_term_string\"}}],\"inLanguage\":\"es\"},{\"@type\":\"Organization\",\"@id\":\"https:\/\/www.csj-emballages.com\/es\/#Organization\/\",\"name\":\"CSJ Emballages\",\"url\":\"https:\/\/www.csj-emballages.com\/es\/\",\"logo\":{\"@type\":\"ImageObject\",\"inLanguage\":\"es\",\"@id\":\"https:\/\/www.csj-emballages.com\/es\/#\/schema\/logo\/image\/\",\"url\":\"https:\/\/www.csj-emballages.com\/wp-content\/uploads\/2023\/10\/logo_csj.webp\",\"contentUrl\":\"https:\/\/www.csj-emballages.com\/wp-content\/uploads\/2023\/10\/logo_csj.webp\",\"width\":250,\"height\":95,\"caption\":\"CSJ Emballages\"},\"image\":{\"@id\":\"https:\/\/www.csj-emballages.com\/es\/#\/schema\/logo\/image\/\"},\"sameAs\":[\"https:\/\/www.facebook.com\/csjemballages\"],\"address\":{\"@type\":\"PostalAddress\",\"streetAddress\":\"ZI La Lechere\",\"addressLocality\":\"Patornay\",\"postalCode\":\"39130\",\"addressCountry\":\"FR\"},\"contactPoint\":[{\"@type\":\"ContactPoint\",\"contactType\":\"Service client\",\"telephone\":\"0384254272\",\"email\":\"contact@csj-emballages.com\"}]}]}<\/script>\n<!-- \/ Yoast SEO Premium plugin. -->","yoast_head_json":{"title":"Pa\u00f1o de Cocina\/Secamanos de 50 x 70 cm, lote de 12","description":"Pa\u00f1o de cocina\/secamanos tejido en algod\u00f3n de 50 x 70 cm, se vende en lotes de 12. Absorbente, resistente e ideal para el uso diario en cocinas profesionales o dom\u00e9sticas.","robots":{"index":"index","follow":"follow","max-snippet":"max-snippet:-1","max-image-preview":"max-image-preview:large","max-video-preview":"max-video-preview:-1"},"canonical":"https:\/\/www.csj-emballages.com\/es\/produit\/12-toallas-de-mano-50-x-70-cm\/","og_locale":"es_ES","og_type":"article","og_title":"Pa\u00f1o de cocina\/secamanos de 50 x 70 cm, lote de 12","og_description":"Pa\u00f1o de cocina\/secamanos tejido en algod\u00f3n de 50 x 70 cm, se vende en lotes de 12. Absorbente, resistente e ideal para el uso diario en cocinas profesionales o dom\u00e9sticas.","og_url":"https:\/\/www.csj-emballages.com\/es\/produit\/12-toallas-de-mano-50-x-70-cm\/","og_site_name":"CSJ Emballages","article_publisher":"https:\/\/www.facebook.com\/csjemballages","article_modified_time":"2026-04-29T00:19:35+00:00","og_image":[{"width":800,"height":800,"url":"https:\/\/www.csj-emballages.com\/wp-content\/uploads\/2024\/03\/TORCH5070.webp","type":"image\/webp"}],"twitter_card":"summary_large_image","twitter_misc":{"Tiempo de lectura":"2 minutos"},"schema":{"@context":"https:\/\/schema.org","@graph":[{"@type":"WebPage","@id":"https:\/\/www.csj-emballages.com\/es\/produit\/12-toallas-de-mano-50-x-70-cm\/","url":"https:\/\/www.csj-emballages.com\/es\/produit\/12-toallas-de-mano-50-x-70-cm\/","name":"Pa\u00f1o de Cocina\/Secamanos de 50 x 70 cm, lote de 12","isPartOf":{"@id":"https:\/\/www.csj-emballages.com\/es\/#website"},"primaryImageOfPage":{"@id":"https:\/\/www.csj-emballages.com\/es\/produit\/12-toallas-de-mano-50-x-70-cm\/#primaryimage"},"image":{"@id":"https:\/\/www.csj-emballages.com\/es\/produit\/12-toallas-de-mano-50-x-70-cm\/#primaryimage"},"thumbnailUrl":"https:\/\/www.csj-emballages.com\/wp-content\/uploads\/2024\/03\/TORCH5070.webp","datePublished":"2024-03-01T15:47:32+00:00","dateModified":"2026-04-29T00:19:35+00:00","description":"Pa\u00f1o de cocina\/secamanos tejido en algod\u00f3n de 50 x 70 cm, se vende en lotes de 12. Absorbente, resistente e ideal para el uso diario en cocinas profesionales o dom\u00e9sticas.","breadcrumb":{"@id":"https:\/\/www.csj-emballages.com\/es\/produit\/12-toallas-de-mano-50-x-70-cm\/#breadcrumb"},"inLanguage":"es","potentialAction":[{"@type":"ReadAction","target":["https:\/\/www.csj-emballages.com\/es\/produit\/12-toallas-de-mano-50-x-70-cm\/"]}]},{"@type":"ImageObject","inLanguage":"es","@id":"https:\/\/www.csj-emballages.com\/es\/produit\/12-toallas-de-mano-50-x-70-cm\/#primaryimage","url":"https:\/\/www.csj-emballages.com\/wp-content\/uploads\/2024\/03\/TORCH5070.webp","contentUrl":"https:\/\/www.csj-emballages.com\/wp-content\/uploads\/2024\/03\/TORCH5070.webp","width":800,"height":800,"caption":"Torchon"},{"@type":"BreadcrumbList","@id":"https:\/\/www.csj-emballages.com\/es\/produit\/12-toallas-de-mano-50-x-70-cm\/#breadcrumb","itemListElement":[{"@type":"ListItem","position":1,"name":"Accueil","item":"https:\/\/www.csj-emballages.com\/es\/universo-del-envasado-alimentario\/"},{"@type":"ListItem","position":2,"name":"Tienda","item":"https:\/\/www.csj-emballages.com\/tienda\/"},{"@type":"ListItem","position":3,"name":"Pa\u00f1o de cocina\/secamanos de 50 x 70 cm, lote de 12"}]},{"@type":"WebSite","@id":"https:\/\/www.csj-emballages.com\/es\/#website","url":"https:\/\/www.csj-emballages.com\/es\/","name":"CSJ Emballages","description":"","publisher":{"@id":"https:\/\/www.csj-emballages.com\/es\/#organization"},"potentialAction":[{"@type":"SearchAction","target":{"@type":"EntryPoint","urlTemplate":"https:\/\/www.csj-emballages.com\/es\/?s={search_term_string}"},"query-input":{"@type":"PropertyValueSpecification","valueRequired":true,"valueName":"search_term_string"}}],"inLanguage":"es"},{"@type":"Organization","@id":"https:\/\/www.csj-emballages.com\/es\/#Organization\/","name":"CSJ Emballages","url":"https:\/\/www.csj-emballages.com\/es\/","logo":{"@type":"ImageObject","inLanguage":"es","@id":"https:\/\/www.csj-emballages.com\/es\/#\/schema\/logo\/image\/","url":"https:\/\/www.csj-emballages.com\/wp-content\/uploads\/2023\/10\/logo_csj.webp","contentUrl":"https:\/\/www.csj-emballages.com\/wp-content\/uploads\/2023\/10\/logo_csj.webp","width":250,"height":95,"caption":"CSJ Emballages"},"image":{"@id":"https:\/\/www.csj-emballages.com\/es\/#\/schema\/logo\/image\/"},"sameAs":["https:\/\/www.facebook.com\/csjemballages"],"address":{"@type":"PostalAddress","streetAddress":"ZI La Lechere","addressLocality":"Patornay","postalCode":"39130","addressCountry":"FR"},"contactPoint":[{"@type":"ContactPoint","contactType":"Service client","telephone":"0384254272","email":"contact@csj-emballages.com"}]}]}},"df_price":20.89,"df_sale_price":"","df_regular_price":20.89,"df_image_link":"https:\/\/www.csj-emballages.com\/wp-content\/uploads\/2024\/03\/TORCH5070-300x300.webp","tiered_pricing_type":"fixed","tiered_pricing_fixed_rules":[],"tiered_pricing_percentage_rules":[],"tiered_pricing_minimum":1,"tiered_pricing_roles_data":[],"_links":{"self":[{"href":"https:\/\/www.csj-emballages.com\/es\/wp-json\/wp\/v2\/product\/24054","targetHints":{"allow":["GET"]}}],"collection":[{"href":"https:\/\/www.csj-emballages.com\/es\/wp-json\/wp\/v2\/product"}],"about":[{"href":"https:\/\/www.csj-emballages.com\/es\/wp-json\/wp\/v2\/types\/product"}],"wp:featuredmedia":[{"embeddable":true,"href":"https:\/\/www.csj-emballages.com\/es\/wp-json\/wp\/v2\/media\/261985"}],"wp:attachment":[{"href":"https:\/\/www.csj-emballages.com\/es\/wp-json\/wp\/v2\/media?parent=24054"}],"wp:term":[{"taxonomy":"product_brand","embeddable":true,"href":"https:\/\/www.csj-emballages.com\/es\/wp-json\/wp\/v2\/product_brand?post=24054"},{"taxonomy":"product_cat","embeddable":true,"href":"https:\/\/www.csj-emballages.com\/es\/wp-json\/wp\/v2\/product_cat?post=24054"},{"taxonomy":"product_tag","embeddable":true,"href":"https:\/\/www.csj-emballages.com\/es\/wp-json\/wp\/v2\/product_tag?post=24054"}],"curies":[{"name":"wp","href":"https:\/\/api.w.org\/{rel}","templated":true}]}}