{"id":24033,"date":"2024-03-01T16:47:33","date_gmt":"2024-03-01T15:47:33","guid":{"rendered":"https:\/\/u15jnbdpoq.preview.infomaniak.website\/produit\/10-toques-de-papel-plisado-ajustables-de-230-mm\/"},"modified":"2026-04-03T02:22:41","modified_gmt":"2026-04-03T00:22:41","slug":"10-toques-de-papel-plisado-ajustables-de-230-mm","status":"publish","type":"product","link":"https:\/\/www.csj-emballages.com\/es\/produit\/10-toques-de-papel-plisado-ajustables-de-230-mm\/","title":{"rendered":"Gorro de papel plisado blanco ajustable de 230 mm por 10"},"content":{"rendered":"<h2>Gorro de papel<\/h2>\n<hr>\n<h3>Descubra nuestro gorro de papel plisado blanco ajustable de 230 mm por 10<\/h3>\n<p><!--more--><\/p>\n<p data-start=\"203\" data-end=\"562\">Cl\u00e1sico, pr\u00e1ctico y siempre eficaz, el <strong data-start=\"248\" data-end=\"283\">gorro de papel plisado blanco<\/strong> sigue siendo un elemento indispensable para lucir un atuendo limpio y profesional en la cocina. Con su altura de <strong data-start=\"388\" data-end=\"398\">230 mm<\/strong>, aporta inmediatamente un verdadero aspecto de chef, respetando al mismo tiempo las normas de higiene. En cuanto te lo pones, da el tono: aqu\u00ed se trabaja en serio.  <\/p>\n<p data-start=\"564\" data-end=\"913\">Fabricado en papel ligero, este <strong>gorro<\/strong> se lleva f\u00e1cilmente durante todo el servicio. No da calor, no dificulta los movimientos y se olvida r\u00e1pidamente. Gracias a su <strong data-start=\"743\" data-end=\"763\">sistema ajustable<\/strong>, se adapta a todos los tama\u00f1os de cabeza sin apretar. Un simple ajuste es suficiente para que permanezca en su sitio, incluso durante los momentos de mayor actividad.   <\/p>\n<p data-start=\"915\" data-end=\"1311\">Su <strong data-start=\"919\" data-end=\"939\">plisado elegante<\/strong> aporta un toque tradicional muy apreciado en la restauraci\u00f3n. Ya sea en la cocina, en la panader\u00eda, en la pasteler\u00eda o en eventos culinarios, refuerza la imagen profesional de su equipo, garantizando al mismo tiempo una buena higiene capilar. Adem\u00e1s, su <strong>color blanco<\/strong> transmite una impresi\u00f3n de limpieza y rigor, esencial en el sector alimentario.  <\/p>\n<p data-start=\"1313\" data-end=\"1560\">Vendido <strong data-start=\"1320\" data-end=\"1337\">en lote de 10<\/strong>, este <strong>gorro<\/strong> es perfecto para equipar a un peque\u00f1o equipo, completar un stock o responder a una necesidad puntual. De un solo uso, permite trabajar en condiciones limpias sin necesidad de lavar ni mantener. <\/p>\n<p data-start=\"1562\" data-end=\"1719\">En resumen, este <strong>gorro de papel<\/strong> plisado es sencillo, eficaz y siempre adecuado. Combina comodidad, higiene y una presentaci\u00f3n cuidada, sin exagerar. <\/p>\n<p data-start=\"1562\" data-end=\"1719\">\n<p data-start=\"1562\" data-end=\"1719\"><!--more--><\/p>\n<h4 data-start=\"1562\" data-end=\"1719\">Ventajas :<\/h4>\n<ul>\n<li data-start=\"1747\" data-end=\"1792\"><strong>Altura de 230 mm<\/strong> para un resultado profesional.<\/li>\n<li data-start=\"1795\" data-end=\"1831\"><strong>Papel ligero<\/strong> y agradable de llevar.<\/li>\n<li data-start=\"1834\" data-end=\"1869\">Talla ajustable, se adapta a todos.<\/li>\n<li data-start=\"1872\" data-end=\"1904\">Plisado tradicional elegante.<\/li>\n<li data-start=\"1907\" data-end=\"1956\">Ideal para cocina, pasteler\u00eda y panader\u00eda.<\/li>\n<li data-start=\"1959\" data-end=\"1985\">Pr\u00e1ctico envase de <strong>10 unidades<\/strong>.<\/li>\n<li data-start=\"1959\" data-end=\"1985\">Ajustable para un contorno de cabeza de 56 a 64 cm aproximadamente<\/li>\n<\/ul>\n<p>&nbsp;<\/p>\n<p><!--more--><\/p>\n<h4>Informaci\u00f3n adicional :<\/h4>\n<ul>\n<li><strong>Presentaci\u00f3n:<\/strong> Paquete de 10<\/li>\n<li><strong>Altura<\/strong> <strong>:<\/strong> 23 cm<\/li>\n<li><strong>Banda:<\/strong> 8,5 cm<\/li>\n<li><strong>Color: <\/strong>Blanco<\/li>\n<li><strong>Grosor:<\/strong> 70 gr \/m\u00b2<\/li>\n<li><strong>Material:<\/strong> Papel<\/li>\n<\/ul>\n<p>&nbsp;<\/p>\n<p><!--more--><\/p>\n<p><a href=\"https:\/\/www.csj-emballages.com\/categorie-produit\/hygiene-et-entretiens\/equipements-individuels\/?_gl=1*3fy4i0*_up*MQ..*_ga*MTY1ODY1Mjg3OS4xNzY5Njk4MzI1*_ga_YNVJLRSSZT*czE3Njk2OTgzMjQkbzEkZzAkdDE3Njk2OTgzMzAkajU0JGwwJGgxNTA2NTE1NTg0\">Consulte el resto de nuestra gama de equipos individuales<\/a><\/p>\n","protected":false},"excerpt":{"rendered":"<p>Gorro de papel Descubra nuestro gorro de papel plisado blanco ajustable de 230 mm por 10<\/p>\n","protected":false},"featured_media":262820,"template":"","meta":{"_acf_changed":false},"product_brand":[],"product_cat":[1226,2325,3609],"product_tag":[],"class_list":{"0":"post-24033","1":"product","2":"type-product","3":"status-publish","4":"has-post-thumbnail","6":"product_cat-higiene-y-mantenimiento","7":"product_cat-equipamiento-individual","8":"product_cat-toques-es","10":"first","11":"instock","12":"taxable","13":"shipping-taxable","14":"purchasable","15":"product-type-simple"},"acf":[],"yoast_head":"<!-- This site is optimized with the Yoast SEO Premium plugin v26.6 (Yoast SEO v26.6) - https:\/\/yoast.com\/wordpress\/plugins\/seo\/ -->\n<title>Gorro de papel plisado blanco ajustable de 230 mm por 10<\/title>\n<meta name=\"description\" content=\"Gorro de papel plisado blanco ajustable de 230 mm vendido por 10. Ligero, higi\u00e9nico e ideal para una presentaci\u00f3n profesional en la cocina.\" \/>\n<meta name=\"robots\" content=\"index, follow, max-snippet:-1, max-image-preview:large, max-video-preview:-1\" \/>\n<link rel=\"canonical\" href=\"https:\/\/www.csj-emballages.com\/es\/produit\/10-toques-de-papel-plisado-ajustables-de-230-mm\/\" \/>\n<meta property=\"og:locale\" content=\"es_ES\" \/>\n<meta property=\"og:type\" content=\"article\" \/>\n<meta property=\"og:title\" content=\"Gorro de papel plisado blanco ajustable de 230 mm por 10\" \/>\n<meta property=\"og:description\" content=\"Gorro de papel plisado blanco ajustable de 230 mm vendido por 10. Ligero, higi\u00e9nico e ideal para una presentaci\u00f3n profesional en la cocina.\" \/>\n<meta property=\"og:url\" content=\"https:\/\/www.csj-emballages.com\/es\/produit\/10-toques-de-papel-plisado-ajustables-de-230-mm\/\" \/>\n<meta property=\"og:site_name\" content=\"CSJ Emballages\" \/>\n<meta property=\"article:publisher\" content=\"https:\/\/www.facebook.com\/csjemballages\" \/>\n<meta property=\"article:modified_time\" content=\"2026-04-03T00:22:41+00:00\" \/>\n<meta property=\"og:image\" content=\"https:\/\/www.csj-emballages.com\/wp-content\/uploads\/2024\/03\/Toque-en-papier.webp\" \/>\n\t<meta property=\"og:image:width\" content=\"799\" \/>\n\t<meta property=\"og:image:height\" content=\"800\" \/>\n\t<meta property=\"og:image:type\" content=\"image\/webp\" \/>\n<meta name=\"twitter:card\" content=\"summary_large_image\" \/>\n<meta name=\"twitter:label1\" content=\"Tiempo de lectura\" \/>\n\t<meta name=\"twitter:data1\" content=\"2 minutos\" \/>\n<script type=\"application\/ld+json\" class=\"yoast-schema-graph\">{\"@context\":\"https:\/\/schema.org\",\"@graph\":[{\"@type\":\"WebPage\",\"@id\":\"https:\/\/www.csj-emballages.com\/es\/produit\/10-toques-de-papel-plisado-ajustables-de-230-mm\/\",\"url\":\"https:\/\/www.csj-emballages.com\/es\/produit\/10-toques-de-papel-plisado-ajustables-de-230-mm\/\",\"name\":\"Gorro de papel plisado blanco ajustable de 230 mm por 10\",\"isPartOf\":{\"@id\":\"https:\/\/www.csj-emballages.com\/es\/#website\"},\"primaryImageOfPage\":{\"@id\":\"https:\/\/www.csj-emballages.com\/es\/produit\/10-toques-de-papel-plisado-ajustables-de-230-mm\/#primaryimage\"},\"image\":{\"@id\":\"https:\/\/www.csj-emballages.com\/es\/produit\/10-toques-de-papel-plisado-ajustables-de-230-mm\/#primaryimage\"},\"thumbnailUrl\":\"https:\/\/www.csj-emballages.com\/wp-content\/uploads\/2024\/03\/Toque-en-papier.webp\",\"datePublished\":\"2024-03-01T15:47:33+00:00\",\"dateModified\":\"2026-04-03T00:22:41+00:00\",\"description\":\"Gorro de papel plisado blanco ajustable de 230 mm vendido por 10. Ligero, higi\u00e9nico e ideal para una presentaci\u00f3n profesional en la cocina.\",\"breadcrumb\":{\"@id\":\"https:\/\/www.csj-emballages.com\/es\/produit\/10-toques-de-papel-plisado-ajustables-de-230-mm\/#breadcrumb\"},\"inLanguage\":\"es\",\"potentialAction\":[{\"@type\":\"ReadAction\",\"target\":[\"https:\/\/www.csj-emballages.com\/es\/produit\/10-toques-de-papel-plisado-ajustables-de-230-mm\/\"]}]},{\"@type\":\"ImageObject\",\"inLanguage\":\"es\",\"@id\":\"https:\/\/www.csj-emballages.com\/es\/produit\/10-toques-de-papel-plisado-ajustables-de-230-mm\/#primaryimage\",\"url\":\"https:\/\/www.csj-emballages.com\/wp-content\/uploads\/2024\/03\/Toque-en-papier.webp\",\"contentUrl\":\"https:\/\/www.csj-emballages.com\/wp-content\/uploads\/2024\/03\/Toque-en-papier.webp\",\"width\":799,\"height\":800,\"caption\":\"Toque en papier\"},{\"@type\":\"BreadcrumbList\",\"@id\":\"https:\/\/www.csj-emballages.com\/es\/produit\/10-toques-de-papel-plisado-ajustables-de-230-mm\/#breadcrumb\",\"itemListElement\":[{\"@type\":\"ListItem\",\"position\":1,\"name\":\"Accueil\",\"item\":\"https:\/\/www.csj-emballages.com\/es\/universo-del-envasado-alimentario\/\"},{\"@type\":\"ListItem\",\"position\":2,\"name\":\"Tienda\",\"item\":\"https:\/\/www.csj-emballages.com\/tienda\/\"},{\"@type\":\"ListItem\",\"position\":3,\"name\":\"Gorro de papel plisado blanco ajustable de 230 mm por 10\"}]},{\"@type\":\"WebSite\",\"@id\":\"https:\/\/www.csj-emballages.com\/es\/#website\",\"url\":\"https:\/\/www.csj-emballages.com\/es\/\",\"name\":\"CSJ Emballages\",\"description\":\"\",\"publisher\":{\"@id\":\"https:\/\/www.csj-emballages.com\/es\/#organization\"},\"potentialAction\":[{\"@type\":\"SearchAction\",\"target\":{\"@type\":\"EntryPoint\",\"urlTemplate\":\"https:\/\/www.csj-emballages.com\/es\/?s={search_term_string}\"},\"query-input\":{\"@type\":\"PropertyValueSpecification\",\"valueRequired\":true,\"valueName\":\"search_term_string\"}}],\"inLanguage\":\"es\"},{\"@type\":\"Organization\",\"@id\":\"https:\/\/www.csj-emballages.com\/es\/#Organization\/\",\"name\":\"CSJ Emballages\",\"url\":\"https:\/\/www.csj-emballages.com\/es\/\",\"logo\":{\"@type\":\"ImageObject\",\"inLanguage\":\"es\",\"@id\":\"https:\/\/www.csj-emballages.com\/es\/#\/schema\/logo\/image\/\",\"url\":\"https:\/\/www.csj-emballages.com\/wp-content\/uploads\/2023\/10\/logo_csj.webp\",\"contentUrl\":\"https:\/\/www.csj-emballages.com\/wp-content\/uploads\/2023\/10\/logo_csj.webp\",\"width\":250,\"height\":95,\"caption\":\"CSJ Emballages\"},\"image\":{\"@id\":\"https:\/\/www.csj-emballages.com\/es\/#\/schema\/logo\/image\/\"},\"sameAs\":[\"https:\/\/www.facebook.com\/csjemballages\"],\"address\":{\"@type\":\"PostalAddress\",\"streetAddress\":\"ZI La Lechere\",\"addressLocality\":\"Patornay\",\"postalCode\":\"39130\",\"addressCountry\":\"FR\"},\"contactPoint\":[{\"@type\":\"ContactPoint\",\"contactType\":\"Service client\",\"telephone\":\"0384254272\",\"email\":\"contact@csj-emballages.com\"}]}]}<\/script>\n<!-- \/ Yoast SEO Premium plugin. -->","yoast_head_json":{"title":"Gorro de papel plisado blanco ajustable de 230 mm por 10","description":"Gorro de papel plisado blanco ajustable de 230 mm vendido por 10. Ligero, higi\u00e9nico e ideal para una presentaci\u00f3n profesional en la cocina.","robots":{"index":"index","follow":"follow","max-snippet":"max-snippet:-1","max-image-preview":"max-image-preview:large","max-video-preview":"max-video-preview:-1"},"canonical":"https:\/\/www.csj-emballages.com\/es\/produit\/10-toques-de-papel-plisado-ajustables-de-230-mm\/","og_locale":"es_ES","og_type":"article","og_title":"Gorro de papel plisado blanco ajustable de 230 mm por 10","og_description":"Gorro de papel plisado blanco ajustable de 230 mm vendido por 10. Ligero, higi\u00e9nico e ideal para una presentaci\u00f3n profesional en la cocina.","og_url":"https:\/\/www.csj-emballages.com\/es\/produit\/10-toques-de-papel-plisado-ajustables-de-230-mm\/","og_site_name":"CSJ Emballages","article_publisher":"https:\/\/www.facebook.com\/csjemballages","article_modified_time":"2026-04-03T00:22:41+00:00","og_image":[{"width":799,"height":800,"url":"https:\/\/www.csj-emballages.com\/wp-content\/uploads\/2024\/03\/Toque-en-papier.webp","type":"image\/webp"}],"twitter_card":"summary_large_image","twitter_misc":{"Tiempo de lectura":"2 minutos"},"schema":{"@context":"https:\/\/schema.org","@graph":[{"@type":"WebPage","@id":"https:\/\/www.csj-emballages.com\/es\/produit\/10-toques-de-papel-plisado-ajustables-de-230-mm\/","url":"https:\/\/www.csj-emballages.com\/es\/produit\/10-toques-de-papel-plisado-ajustables-de-230-mm\/","name":"Gorro de papel plisado blanco ajustable de 230 mm por 10","isPartOf":{"@id":"https:\/\/www.csj-emballages.com\/es\/#website"},"primaryImageOfPage":{"@id":"https:\/\/www.csj-emballages.com\/es\/produit\/10-toques-de-papel-plisado-ajustables-de-230-mm\/#primaryimage"},"image":{"@id":"https:\/\/www.csj-emballages.com\/es\/produit\/10-toques-de-papel-plisado-ajustables-de-230-mm\/#primaryimage"},"thumbnailUrl":"https:\/\/www.csj-emballages.com\/wp-content\/uploads\/2024\/03\/Toque-en-papier.webp","datePublished":"2024-03-01T15:47:33+00:00","dateModified":"2026-04-03T00:22:41+00:00","description":"Gorro de papel plisado blanco ajustable de 230 mm vendido por 10. Ligero, higi\u00e9nico e ideal para una presentaci\u00f3n profesional en la cocina.","breadcrumb":{"@id":"https:\/\/www.csj-emballages.com\/es\/produit\/10-toques-de-papel-plisado-ajustables-de-230-mm\/#breadcrumb"},"inLanguage":"es","potentialAction":[{"@type":"ReadAction","target":["https:\/\/www.csj-emballages.com\/es\/produit\/10-toques-de-papel-plisado-ajustables-de-230-mm\/"]}]},{"@type":"ImageObject","inLanguage":"es","@id":"https:\/\/www.csj-emballages.com\/es\/produit\/10-toques-de-papel-plisado-ajustables-de-230-mm\/#primaryimage","url":"https:\/\/www.csj-emballages.com\/wp-content\/uploads\/2024\/03\/Toque-en-papier.webp","contentUrl":"https:\/\/www.csj-emballages.com\/wp-content\/uploads\/2024\/03\/Toque-en-papier.webp","width":799,"height":800,"caption":"Toque en papier"},{"@type":"BreadcrumbList","@id":"https:\/\/www.csj-emballages.com\/es\/produit\/10-toques-de-papel-plisado-ajustables-de-230-mm\/#breadcrumb","itemListElement":[{"@type":"ListItem","position":1,"name":"Accueil","item":"https:\/\/www.csj-emballages.com\/es\/universo-del-envasado-alimentario\/"},{"@type":"ListItem","position":2,"name":"Tienda","item":"https:\/\/www.csj-emballages.com\/tienda\/"},{"@type":"ListItem","position":3,"name":"Gorro de papel plisado blanco ajustable de 230 mm por 10"}]},{"@type":"WebSite","@id":"https:\/\/www.csj-emballages.com\/es\/#website","url":"https:\/\/www.csj-emballages.com\/es\/","name":"CSJ Emballages","description":"","publisher":{"@id":"https:\/\/www.csj-emballages.com\/es\/#organization"},"potentialAction":[{"@type":"SearchAction","target":{"@type":"EntryPoint","urlTemplate":"https:\/\/www.csj-emballages.com\/es\/?s={search_term_string}"},"query-input":{"@type":"PropertyValueSpecification","valueRequired":true,"valueName":"search_term_string"}}],"inLanguage":"es"},{"@type":"Organization","@id":"https:\/\/www.csj-emballages.com\/es\/#Organization\/","name":"CSJ Emballages","url":"https:\/\/www.csj-emballages.com\/es\/","logo":{"@type":"ImageObject","inLanguage":"es","@id":"https:\/\/www.csj-emballages.com\/es\/#\/schema\/logo\/image\/","url":"https:\/\/www.csj-emballages.com\/wp-content\/uploads\/2023\/10\/logo_csj.webp","contentUrl":"https:\/\/www.csj-emballages.com\/wp-content\/uploads\/2023\/10\/logo_csj.webp","width":250,"height":95,"caption":"CSJ Emballages"},"image":{"@id":"https:\/\/www.csj-emballages.com\/es\/#\/schema\/logo\/image\/"},"sameAs":["https:\/\/www.facebook.com\/csjemballages"],"address":{"@type":"PostalAddress","streetAddress":"ZI La Lechere","addressLocality":"Patornay","postalCode":"39130","addressCountry":"FR"},"contactPoint":[{"@type":"ContactPoint","contactType":"Service client","telephone":"0384254272","email":"contact@csj-emballages.com"}]}]}},"df_price":4.63,"df_sale_price":"","df_regular_price":4.63,"df_image_link":"https:\/\/www.csj-emballages.com\/wp-content\/uploads\/2024\/03\/Toque-en-papier-300x300.webp","tiered_pricing_type":"fixed","tiered_pricing_fixed_rules":[],"tiered_pricing_percentage_rules":[],"tiered_pricing_minimum":1,"tiered_pricing_roles_data":[],"_links":{"self":[{"href":"https:\/\/www.csj-emballages.com\/es\/wp-json\/wp\/v2\/product\/24033","targetHints":{"allow":["GET"]}}],"collection":[{"href":"https:\/\/www.csj-emballages.com\/es\/wp-json\/wp\/v2\/product"}],"about":[{"href":"https:\/\/www.csj-emballages.com\/es\/wp-json\/wp\/v2\/types\/product"}],"wp:featuredmedia":[{"embeddable":true,"href":"https:\/\/www.csj-emballages.com\/es\/wp-json\/wp\/v2\/media\/262820"}],"wp:attachment":[{"href":"https:\/\/www.csj-emballages.com\/es\/wp-json\/wp\/v2\/media?parent=24033"}],"wp:term":[{"taxonomy":"product_brand","embeddable":true,"href":"https:\/\/www.csj-emballages.com\/es\/wp-json\/wp\/v2\/product_brand?post=24033"},{"taxonomy":"product_cat","embeddable":true,"href":"https:\/\/www.csj-emballages.com\/es\/wp-json\/wp\/v2\/product_cat?post=24033"},{"taxonomy":"product_tag","embeddable":true,"href":"https:\/\/www.csj-emballages.com\/es\/wp-json\/wp\/v2\/product_tag?post=24033"}],"curies":[{"name":"wp","href":"https:\/\/api.w.org\/{rel}","templated":true}]}}