{"id":24011,"date":"2024-03-01T16:47:32","date_gmt":"2024-03-01T15:47:32","guid":{"rendered":"https:\/\/u15jnbdpoq.preview.infomaniak.website\/produit\/funda-de-almohada-plp-no-tejida-blanca-60-x-60-10-cm\/"},"modified":"2026-04-16T02:17:28","modified_gmt":"2026-04-16T00:17:28","slug":"funda-de-almohada-plp-no-tejida-blanca-60-x-60-10-cm","status":"publish","type":"product","link":"https:\/\/www.csj-emballages.com\/es\/produit\/funda-de-almohada-plp-no-tejida-blanca-60-x-60-10-cm\/","title":{"rendered":"Funda de almohada desechable PLP de tela no tejida blanca de 60 x 60 + 10 cm, paquete de 200 unidades"},"content":{"rendered":"<h2>Funda de almohada desechable<\/h2>\n<hr>\n<h3>Descripci\u00f3n de nuestra funda de almohada PLP de tela no tejida blanca de 60 x 60 + 10 cm<!--more--><\/h3>\n<div class=\"flex max-w-full flex-col flex-grow\">\n<div class=\"min-h-8 text-message flex w-full flex-col items-end gap-2 whitespace-normal break-words text-start [.text-message+&amp;]:mt-5\" dir=\"auto\" data-message-author-role=\"assistant\" data-message-id=\"266ca6f3-5e07-4948-bd20-80ac5e6da4a5\" data-message-model-slug=\"gpt-4o\">\n<div class=\"flex w-full flex-col gap-1 empty:hidden first:pt-[3px]\">\n<div class=\"markdown prose w-full break-words dark:prose-invert dark\">\n<p>Esta <strong>funda de almohada desechable<\/strong> <strong>de PLP (polipropileno<\/strong> <strong>) no tejido<\/strong> est\u00e1 dise\u00f1ada para ofrecer una soluci\u00f3n pr\u00e1ctica, higi\u00e9nica y econ\u00f3mica. Ideal para <strong>hoteles<\/strong>, <strong>centros de asistencia<\/strong> y <strong>cl\u00ednicas<\/strong>, o para uso ocasional por particulares, garantiza una protecci\u00f3n \u00f3ptima de la almohada al tiempo que asegura la comodidad del usuario. <\/p>\n<div class=\"flex max-w-full flex-col flex-grow\">\n<div class=\"min-h-8 text-message flex w-full flex-col items-end gap-2 whitespace-normal break-words text-start [.text-message+&amp;]:mt-5\" dir=\"auto\" data-message-author-role=\"assistant\" data-message-id=\"b1947fe2-7e31-41aa-b63f-1e77e554abb3\" data-message-model-slug=\"gpt-4o\">\n<div class=\"flex w-full flex-col gap-1 empty:hidden first:pt-[3px]\">\n<div class=\"markdown prose w-full break-words dark:prose-invert dark\">\n<p>Se vende por unidad, esta <strong>funda de almohada<\/strong> es una opci\u00f3n fiable y econ\u00f3mica para mantener la limpieza y la comodidad en todos sus espacios.<\/p>\n<\/div>\n<\/div>\n<\/div>\n<\/div>\n<div class=\"mb-2 flex gap-3 empty:hidden -ml-2\">\n<div class=\"items-center justify-start rounded-xl p-1 flex\">\n<div class=\"flex items-center\">\n<div class=\"flex items-center pb-0\"><\/div>\n<\/div>\n<\/div>\n<\/div>\n<\/div>\n<\/div>\n<\/div>\n<\/div>\n<p><!--more--><\/p>\n<h4>Ventajas :<\/h4>\n<ul>\n<li>60 x 60 + 10 cm con una solapa adicional de 10 cm para una sujeci\u00f3n perfecta en la almohada.<\/li>\n<li>Material no tejido transpirable y suave, ideal para evitar contaminaciones cruzadas.<\/li>\n<li>Perfecta para un uso puntual o temporal.<\/li>\n<li>Adecuada para todo tipo de entornos profesionales o dom\u00e9sticos.<\/li>\n<\/ul>\n<p>&nbsp;<\/p>\n<p><!--more--><\/p>\n<h4>Informaci\u00f3n adicional :<\/h4>\n<ul>\n<li><strong>Embalaje<\/strong>: Se vende individualmente<\/li>\n<li><strong>Dimensiones<\/strong>: 60 x 60 + 10 cm<\/li>\n<li><strong>Material<\/strong>: Polipropileno no tejido (PLP)<\/li>\n<li><strong>Color<\/strong>: blanco<\/li>\n<li><strong>Espesor<\/strong>: 25 gr\/m\u00b2.<\/li>\n<\/ul>\n<p>&nbsp;<\/p>\n<p><!--more--><\/p>\n<p><a href=\"https:\/\/www.csj-emballages.com\/es\/categorie-produit\/higiene-y-mantenimiento\/ropa-de-cama-desechable\/\">Ver el resto de nuestra gama de ropa de cama desechable<\/a><\/p>\n","protected":false},"excerpt":{"rendered":"<p>Funda de almohada desechable Descripci\u00f3n de nuestra funda de almohada PLP de tela no tejida blanca de 60 x 60 + 10 cm<\/p>\n","protected":false},"featured_media":221101,"template":"","meta":{"_acf_changed":false},"product_brand":[],"product_cat":[1226,1440],"product_tag":[],"class_list":{"0":"post-24011","1":"product","2":"type-product","3":"status-publish","4":"has-post-thumbnail","6":"product_cat-higiene-y-mantenimiento","7":"product_cat-ropa-de-cama-desechable","9":"first","10":"instock","11":"taxable","12":"shipping-taxable","13":"purchasable","14":"product-type-simple"},"acf":[],"yoast_head":"<!-- This site is optimized with the Yoast SEO Premium plugin v26.6 (Yoast SEO v26.6) - https:\/\/yoast.com\/wordpress\/plugins\/seo\/ -->\n<title>Funda de almohada desechable PLP de tela no tejida blanca - 60 x 60 + 10 cm<\/title>\n<meta name=\"description\" content=\"Descubra la funda de almohada desechable PLP de tela no tejida blanca de 60 x 60 + 10 cm. Perfecta para hoteles, cl\u00ednicas y particulares, se vende por unidad\" \/>\n<meta name=\"robots\" content=\"index, follow, max-snippet:-1, max-image-preview:large, max-video-preview:-1\" \/>\n<link rel=\"canonical\" href=\"https:\/\/www.csj-emballages.com\/es\/produit\/funda-de-almohada-plp-no-tejida-blanca-60-x-60-10-cm\/\" \/>\n<meta property=\"og:locale\" content=\"es_ES\" \/>\n<meta property=\"og:type\" content=\"article\" \/>\n<meta property=\"og:title\" content=\"Funda de almohada desechable PLP de tela no tejida blanca de 60 x 60 + 10 cm, paquete de 200 unidades\" \/>\n<meta property=\"og:description\" content=\"Descubra la funda de almohada desechable PLP de tela no tejida blanca de 60 x 60 + 10 cm. Perfecta para hoteles, cl\u00ednicas y particulares, se vende por unidad\" \/>\n<meta property=\"og:url\" content=\"https:\/\/www.csj-emballages.com\/es\/produit\/funda-de-almohada-plp-no-tejida-blanca-60-x-60-10-cm\/\" \/>\n<meta property=\"og:site_name\" content=\"CSJ Emballages\" \/>\n<meta property=\"article:publisher\" content=\"https:\/\/www.facebook.com\/csjemballages\" \/>\n<meta property=\"article:modified_time\" content=\"2026-04-16T00:17:28+00:00\" \/>\n<meta property=\"og:image\" content=\"https:\/\/www.csj-emballages.com\/wp-content\/uploads\/2024\/03\/Taie-oreiller-60x60-1.webp\" \/>\n\t<meta property=\"og:image:width\" content=\"800\" \/>\n\t<meta property=\"og:image:height\" content=\"800\" \/>\n\t<meta property=\"og:image:type\" content=\"image\/webp\" \/>\n<meta name=\"twitter:card\" content=\"summary_large_image\" \/>\n<meta name=\"twitter:label1\" content=\"Tiempo de lectura\" \/>\n\t<meta name=\"twitter:data1\" content=\"1 minuto\" \/>\n<script type=\"application\/ld+json\" class=\"yoast-schema-graph\">{\"@context\":\"https:\/\/schema.org\",\"@graph\":[{\"@type\":\"WebPage\",\"@id\":\"https:\/\/www.csj-emballages.com\/es\/produit\/funda-de-almohada-plp-no-tejida-blanca-60-x-60-10-cm\/\",\"url\":\"https:\/\/www.csj-emballages.com\/es\/produit\/funda-de-almohada-plp-no-tejida-blanca-60-x-60-10-cm\/\",\"name\":\"Funda de almohada desechable PLP de tela no tejida blanca - 60 x 60 + 10 cm\",\"isPartOf\":{\"@id\":\"https:\/\/www.csj-emballages.com\/es\/#website\"},\"primaryImageOfPage\":{\"@id\":\"https:\/\/www.csj-emballages.com\/es\/produit\/funda-de-almohada-plp-no-tejida-blanca-60-x-60-10-cm\/#primaryimage\"},\"image\":{\"@id\":\"https:\/\/www.csj-emballages.com\/es\/produit\/funda-de-almohada-plp-no-tejida-blanca-60-x-60-10-cm\/#primaryimage\"},\"thumbnailUrl\":\"https:\/\/www.csj-emballages.com\/wp-content\/uploads\/2024\/03\/Taie-oreiller-60x60-1.webp\",\"datePublished\":\"2024-03-01T15:47:32+00:00\",\"dateModified\":\"2026-04-16T00:17:28+00:00\",\"description\":\"Descubra la funda de almohada desechable PLP de tela no tejida blanca de 60 x 60 + 10 cm. Perfecta para hoteles, cl\u00ednicas y particulares, se vende por unidad\",\"breadcrumb\":{\"@id\":\"https:\/\/www.csj-emballages.com\/es\/produit\/funda-de-almohada-plp-no-tejida-blanca-60-x-60-10-cm\/#breadcrumb\"},\"inLanguage\":\"es\",\"potentialAction\":[{\"@type\":\"ReadAction\",\"target\":[\"https:\/\/www.csj-emballages.com\/es\/produit\/funda-de-almohada-plp-no-tejida-blanca-60-x-60-10-cm\/\"]}]},{\"@type\":\"ImageObject\",\"inLanguage\":\"es\",\"@id\":\"https:\/\/www.csj-emballages.com\/es\/produit\/funda-de-almohada-plp-no-tejida-blanca-60-x-60-10-cm\/#primaryimage\",\"url\":\"https:\/\/www.csj-emballages.com\/wp-content\/uploads\/2024\/03\/Taie-oreiller-60x60-1.webp\",\"contentUrl\":\"https:\/\/www.csj-emballages.com\/wp-content\/uploads\/2024\/03\/Taie-oreiller-60x60-1.webp\",\"width\":800,\"height\":800,\"caption\":\"taie oreiller jetable\"},{\"@type\":\"BreadcrumbList\",\"@id\":\"https:\/\/www.csj-emballages.com\/es\/produit\/funda-de-almohada-plp-no-tejida-blanca-60-x-60-10-cm\/#breadcrumb\",\"itemListElement\":[{\"@type\":\"ListItem\",\"position\":1,\"name\":\"Accueil\",\"item\":\"https:\/\/www.csj-emballages.com\/es\/universo-del-envasado-alimentario\/\"},{\"@type\":\"ListItem\",\"position\":2,\"name\":\"Tienda\",\"item\":\"https:\/\/www.csj-emballages.com\/tienda\/\"},{\"@type\":\"ListItem\",\"position\":3,\"name\":\"Funda de almohada desechable PLP de tela no tejida blanca de 60 x 60 + 10 cm, paquete de 200 unidades\"}]},{\"@type\":\"WebSite\",\"@id\":\"https:\/\/www.csj-emballages.com\/es\/#website\",\"url\":\"https:\/\/www.csj-emballages.com\/es\/\",\"name\":\"CSJ Emballages\",\"description\":\"\",\"publisher\":{\"@id\":\"https:\/\/www.csj-emballages.com\/es\/#organization\"},\"potentialAction\":[{\"@type\":\"SearchAction\",\"target\":{\"@type\":\"EntryPoint\",\"urlTemplate\":\"https:\/\/www.csj-emballages.com\/es\/?s={search_term_string}\"},\"query-input\":{\"@type\":\"PropertyValueSpecification\",\"valueRequired\":true,\"valueName\":\"search_term_string\"}}],\"inLanguage\":\"es\"},{\"@type\":\"Organization\",\"@id\":\"https:\/\/www.csj-emballages.com\/es\/#Organization\/\",\"name\":\"CSJ Emballages\",\"url\":\"https:\/\/www.csj-emballages.com\/es\/\",\"logo\":{\"@type\":\"ImageObject\",\"inLanguage\":\"es\",\"@id\":\"https:\/\/www.csj-emballages.com\/es\/#\/schema\/logo\/image\/\",\"url\":\"https:\/\/www.csj-emballages.com\/wp-content\/uploads\/2023\/10\/logo_csj.webp\",\"contentUrl\":\"https:\/\/www.csj-emballages.com\/wp-content\/uploads\/2023\/10\/logo_csj.webp\",\"width\":250,\"height\":95,\"caption\":\"CSJ Emballages\"},\"image\":{\"@id\":\"https:\/\/www.csj-emballages.com\/es\/#\/schema\/logo\/image\/\"},\"sameAs\":[\"https:\/\/www.facebook.com\/csjemballages\"],\"address\":{\"@type\":\"PostalAddress\",\"streetAddress\":\"ZI La Lechere\",\"addressLocality\":\"Patornay\",\"postalCode\":\"39130\",\"addressCountry\":\"FR\"},\"contactPoint\":[{\"@type\":\"ContactPoint\",\"contactType\":\"Service client\",\"telephone\":\"0384254272\",\"email\":\"contact@csj-emballages.com\"}]}]}<\/script>\n<!-- \/ Yoast SEO Premium plugin. -->","yoast_head_json":{"title":"Funda de almohada desechable PLP de tela no tejida blanca - 60 x 60 + 10 cm","description":"Descubra la funda de almohada desechable PLP de tela no tejida blanca de 60 x 60 + 10 cm. Perfecta para hoteles, cl\u00ednicas y particulares, se vende por unidad","robots":{"index":"index","follow":"follow","max-snippet":"max-snippet:-1","max-image-preview":"max-image-preview:large","max-video-preview":"max-video-preview:-1"},"canonical":"https:\/\/www.csj-emballages.com\/es\/produit\/funda-de-almohada-plp-no-tejida-blanca-60-x-60-10-cm\/","og_locale":"es_ES","og_type":"article","og_title":"Funda de almohada desechable PLP de tela no tejida blanca de 60 x 60 + 10 cm, paquete de 200 unidades","og_description":"Descubra la funda de almohada desechable PLP de tela no tejida blanca de 60 x 60 + 10 cm. Perfecta para hoteles, cl\u00ednicas y particulares, se vende por unidad","og_url":"https:\/\/www.csj-emballages.com\/es\/produit\/funda-de-almohada-plp-no-tejida-blanca-60-x-60-10-cm\/","og_site_name":"CSJ Emballages","article_publisher":"https:\/\/www.facebook.com\/csjemballages","article_modified_time":"2026-04-16T00:17:28+00:00","og_image":[{"width":800,"height":800,"url":"https:\/\/www.csj-emballages.com\/wp-content\/uploads\/2024\/03\/Taie-oreiller-60x60-1.webp","type":"image\/webp"}],"twitter_card":"summary_large_image","twitter_misc":{"Tiempo de lectura":"1 minuto"},"schema":{"@context":"https:\/\/schema.org","@graph":[{"@type":"WebPage","@id":"https:\/\/www.csj-emballages.com\/es\/produit\/funda-de-almohada-plp-no-tejida-blanca-60-x-60-10-cm\/","url":"https:\/\/www.csj-emballages.com\/es\/produit\/funda-de-almohada-plp-no-tejida-blanca-60-x-60-10-cm\/","name":"Funda de almohada desechable PLP de tela no tejida blanca - 60 x 60 + 10 cm","isPartOf":{"@id":"https:\/\/www.csj-emballages.com\/es\/#website"},"primaryImageOfPage":{"@id":"https:\/\/www.csj-emballages.com\/es\/produit\/funda-de-almohada-plp-no-tejida-blanca-60-x-60-10-cm\/#primaryimage"},"image":{"@id":"https:\/\/www.csj-emballages.com\/es\/produit\/funda-de-almohada-plp-no-tejida-blanca-60-x-60-10-cm\/#primaryimage"},"thumbnailUrl":"https:\/\/www.csj-emballages.com\/wp-content\/uploads\/2024\/03\/Taie-oreiller-60x60-1.webp","datePublished":"2024-03-01T15:47:32+00:00","dateModified":"2026-04-16T00:17:28+00:00","description":"Descubra la funda de almohada desechable PLP de tela no tejida blanca de 60 x 60 + 10 cm. Perfecta para hoteles, cl\u00ednicas y particulares, se vende por unidad","breadcrumb":{"@id":"https:\/\/www.csj-emballages.com\/es\/produit\/funda-de-almohada-plp-no-tejida-blanca-60-x-60-10-cm\/#breadcrumb"},"inLanguage":"es","potentialAction":[{"@type":"ReadAction","target":["https:\/\/www.csj-emballages.com\/es\/produit\/funda-de-almohada-plp-no-tejida-blanca-60-x-60-10-cm\/"]}]},{"@type":"ImageObject","inLanguage":"es","@id":"https:\/\/www.csj-emballages.com\/es\/produit\/funda-de-almohada-plp-no-tejida-blanca-60-x-60-10-cm\/#primaryimage","url":"https:\/\/www.csj-emballages.com\/wp-content\/uploads\/2024\/03\/Taie-oreiller-60x60-1.webp","contentUrl":"https:\/\/www.csj-emballages.com\/wp-content\/uploads\/2024\/03\/Taie-oreiller-60x60-1.webp","width":800,"height":800,"caption":"taie oreiller jetable"},{"@type":"BreadcrumbList","@id":"https:\/\/www.csj-emballages.com\/es\/produit\/funda-de-almohada-plp-no-tejida-blanca-60-x-60-10-cm\/#breadcrumb","itemListElement":[{"@type":"ListItem","position":1,"name":"Accueil","item":"https:\/\/www.csj-emballages.com\/es\/universo-del-envasado-alimentario\/"},{"@type":"ListItem","position":2,"name":"Tienda","item":"https:\/\/www.csj-emballages.com\/tienda\/"},{"@type":"ListItem","position":3,"name":"Funda de almohada desechable PLP de tela no tejida blanca de 60 x 60 + 10 cm, paquete de 200 unidades"}]},{"@type":"WebSite","@id":"https:\/\/www.csj-emballages.com\/es\/#website","url":"https:\/\/www.csj-emballages.com\/es\/","name":"CSJ Emballages","description":"","publisher":{"@id":"https:\/\/www.csj-emballages.com\/es\/#organization"},"potentialAction":[{"@type":"SearchAction","target":{"@type":"EntryPoint","urlTemplate":"https:\/\/www.csj-emballages.com\/es\/?s={search_term_string}"},"query-input":{"@type":"PropertyValueSpecification","valueRequired":true,"valueName":"search_term_string"}}],"inLanguage":"es"},{"@type":"Organization","@id":"https:\/\/www.csj-emballages.com\/es\/#Organization\/","name":"CSJ Emballages","url":"https:\/\/www.csj-emballages.com\/es\/","logo":{"@type":"ImageObject","inLanguage":"es","@id":"https:\/\/www.csj-emballages.com\/es\/#\/schema\/logo\/image\/","url":"https:\/\/www.csj-emballages.com\/wp-content\/uploads\/2023\/10\/logo_csj.webp","contentUrl":"https:\/\/www.csj-emballages.com\/wp-content\/uploads\/2023\/10\/logo_csj.webp","width":250,"height":95,"caption":"CSJ Emballages"},"image":{"@id":"https:\/\/www.csj-emballages.com\/es\/#\/schema\/logo\/image\/"},"sameAs":["https:\/\/www.facebook.com\/csjemballages"],"address":{"@type":"PostalAddress","streetAddress":"ZI La Lechere","addressLocality":"Patornay","postalCode":"39130","addressCountry":"FR"},"contactPoint":[{"@type":"ContactPoint","contactType":"Service client","telephone":"0384254272","email":"contact@csj-emballages.com"}]}]}},"df_price":49.92,"df_sale_price":"","df_regular_price":49.92,"df_image_link":"https:\/\/www.csj-emballages.com\/wp-content\/uploads\/2024\/03\/Taie-oreiller-60x60-1-300x300.webp","tiered_pricing_type":"fixed","tiered_pricing_fixed_rules":[],"tiered_pricing_percentage_rules":[],"tiered_pricing_minimum":1,"tiered_pricing_roles_data":[],"_links":{"self":[{"href":"https:\/\/www.csj-emballages.com\/es\/wp-json\/wp\/v2\/product\/24011","targetHints":{"allow":["GET"]}}],"collection":[{"href":"https:\/\/www.csj-emballages.com\/es\/wp-json\/wp\/v2\/product"}],"about":[{"href":"https:\/\/www.csj-emballages.com\/es\/wp-json\/wp\/v2\/types\/product"}],"wp:featuredmedia":[{"embeddable":true,"href":"https:\/\/www.csj-emballages.com\/es\/wp-json\/wp\/v2\/media\/221101"}],"wp:attachment":[{"href":"https:\/\/www.csj-emballages.com\/es\/wp-json\/wp\/v2\/media?parent=24011"}],"wp:term":[{"taxonomy":"product_brand","embeddable":true,"href":"https:\/\/www.csj-emballages.com\/es\/wp-json\/wp\/v2\/product_brand?post=24011"},{"taxonomy":"product_cat","embeddable":true,"href":"https:\/\/www.csj-emballages.com\/es\/wp-json\/wp\/v2\/product_cat?post=24011"},{"taxonomy":"product_tag","embeddable":true,"href":"https:\/\/www.csj-emballages.com\/es\/wp-json\/wp\/v2\/product_tag?post=24011"}],"curies":[{"name":"wp","href":"https:\/\/api.w.org\/{rel}","templated":true}]}}