{"id":24004,"date":"2024-03-01T16:47:35","date_gmt":"2024-03-01T15:47:35","guid":{"rendered":"https:\/\/u15jnbdpoq.preview.infomaniak.website\/produit\/100-bolsas-kraft-con-ventana-120-x-260-mm\/"},"modified":"2026-04-15T02:18:07","modified_gmt":"2026-04-15T00:18:07","slug":"100-bolsas-kraft-con-ventana-120-x-260-mm","status":"publish","type":"product","link":"https:\/\/www.csj-emballages.com\/es\/produit\/100-bolsas-kraft-con-ventana-120-x-260-mm\/","title":{"rendered":"Bolsa de papel kraft con ventana 120 x 260 mm por 100"},"content":{"rendered":"<div style=\"box-sizing: inherit; font-family: Roboto, sans-serif;\">\n<div style=\"box-sizing: inherit; font-family: Roboto, sans-serif;\">\n<div style=\"box-sizing: inherit; font-family: Roboto, sans-serif;\">\n<div style=\"box-sizing: inherit; font-family: Roboto, sans-serif;\">\n<div style=\"box-sizing: inherit; font-family: Roboto, sans-serif;\">\n<div style=\"box-sizing: inherit; font-family: Roboto, sans-serif;\">\n<div style=\"box-sizing: inherit; font-family: Roboto, sans-serif;\">\n<div style=\"box-sizing: inherit; font-family: Roboto, sans-serif;\">\n<div style=\"box-sizing: inherit; font-family: Roboto, sans-serif;\">\n<div style=\"box-sizing: inherit; font-family: Roboto, sans-serif;\">\n<div style=\"box-sizing: inherit; font-family: Roboto, sans-serif;\">\n<div style=\"box-sizing: inherit; font-family: Roboto, sans-serif;\">\n<div style=\"box-sizing: inherit; font-family: Roboto, sans-serif;\">\n<div class=\"flex flex-grow flex-col max-w-full\">\n<div class=\"min-h-[20px] text-message flex flex-col items-start whitespace-pre-wrap break-words [.text-message+&amp;]:mt-5 juice:w-full juice:items-end overflow-x-auto gap-2\" dir=\"auto\" data-message-author-role=\"assistant\" data-message-id=\"2034782e-88f9-44ef-b4dc-07dd7bf0115f\">\n<div class=\"flex w-full flex-col gap-1 juice:empty:hidden juice:first:pt-[3px]\">\n<div class=\"markdown prose w-full break-words dark:prose-invert light\">\n<div style=\"box-sizing: inherit; font-family: Roboto, sans-serif;\">\n<div style=\"box-sizing: inherit; font-family: Roboto, sans-serif;\">\n<div style=\"box-sizing: inherit; font-family: Roboto, sans-serif;\">\n<div style=\"box-sizing: inherit; font-family: Roboto, sans-serif;\">\n<div style=\"box-sizing: inherit; font-family: Roboto, sans-serif;\">\n<div style=\"box-sizing: inherit; font-family: Roboto, sans-serif;\">\n<h2>Bolsa de papel<\/h2>\n<div style=\"box-sizing: inherit; font-family: Roboto, sans-serif;\">\n<div style=\"box-sizing: inherit; font-family: Roboto, sans-serif;\">\n<div style=\"box-sizing: inherit; font-family: Roboto, sans-serif;\">\n<div style=\"text-align: center;\">\n<div style=\"box-sizing: inherit; font-family: Roboto, sans-serif;\">\n<div style=\"box-sizing: inherit; font-family: Roboto, sans-serif;\">\n<div style=\"box-sizing: inherit; font-family: Roboto, sans-serif;\">\n<div style=\"box-sizing: inherit; font-family: Roboto, sans-serif;\">\n<div style=\"box-sizing: inherit; font-family: Roboto, sans-serif;\">\n<div style=\"box-sizing: inherit; font-family: Roboto, sans-serif; text-align: left;\">\n<hr>\n<h3 style=\"text-align: left;\">Descripci\u00f3n de nuestra bolsa de papel kraft con ventana 120 x 260 mm por 100<\/h3>\n<h3 style=\"text-align: left;\"><!--more--><\/h3>\n<\/div>\n<\/div>\n<\/div>\n<\/div>\n<\/div>\n<\/div>\n<\/div>\n<\/div>\n<\/div>\n<\/div>\n<\/div>\n<\/div>\n<\/div>\n<\/div>\n<\/div>\n<\/div>\n<\/div>\n<\/div>\n<\/div>\n<\/div>\n<\/div>\n<\/div>\n<\/div>\n<\/div>\n<\/div>\n<\/div>\n<\/div>\n<\/div>\n<\/div>\n<\/div>\n<\/div>\n<\/div>\n<\/div>\n<div style=\"box-sizing: inherit; font-family: Roboto, sans-serif;\">\n<div style=\"box-sizing: inherit; font-family: Roboto, sans-serif;\">\n<div style=\"box-sizing: inherit; font-family: Roboto, sans-serif;\">\n<div style=\"box-sizing: inherit; font-family: Roboto, sans-serif;\">\n<div style=\"box-sizing: inherit; font-family: Roboto, sans-serif;\">\n<div style=\"box-sizing: inherit; font-family: Roboto, sans-serif;\">\n<div style=\"box-sizing: inherit; font-family: Roboto, sans-serif;\">\n<div style=\"box-sizing: inherit; font-family: Roboto, sans-serif;\">\n<div style=\"box-sizing: inherit; font-family: Roboto, sans-serif;\">\n<div style=\"box-sizing: inherit; font-family: Roboto, sans-serif;\">\n<div style=\"box-sizing: inherit; font-family: Roboto, sans-serif;\">\n<div style=\"box-sizing: inherit; font-family: Roboto, sans-serif;\">\n<div style=\"box-sizing: inherit; font-family: Roboto, sans-serif;\">\n<div class=\"flex flex-grow flex-col max-w-full\">\n<div class=\"min-h-[20px] text-message flex flex-col items-start whitespace-pre-wrap break-words [.text-message+&amp;]:mt-5 juice:w-full juice:items-end overflow-x-auto gap-2\" dir=\"auto\" data-message-author-role=\"assistant\" data-message-id=\"2034782e-88f9-44ef-b4dc-07dd7bf0115f\">\n<div class=\"flex w-full flex-col gap-1 juice:empty:hidden juice:first:pt-[3px]\">\n<div class=\"markdown prose w-full break-words dark:prose-invert light\">\n<div style=\"box-sizing: inherit; font-family: Roboto, sans-serif;\">\n<div style=\"box-sizing: inherit; font-family: Roboto, sans-serif;\">\n<div style=\"box-sizing: inherit; font-family: Roboto, sans-serif;\">\n<div style=\"box-sizing: inherit; font-family: Roboto, sans-serif;\">\n<div style=\"box-sizing: inherit; font-family: Roboto, sans-serif;\">\n<div style=\"box-sizing: inherit; font-family: Roboto, sans-serif;\">\n<p data-start=\"0\" data-end=\"504\">Descubra nuestra <strong data-start=\"46\" data-end=\"103\">bolsa de papel kraft con ventana de 120 x 260 mm por 100<\/strong>, un envase pr\u00e1ctico, elegante y <strong data-start=\"149\" data-end=\"169\">100% reciclable<\/strong>. Esta <strong data-start=\"183\" data-end=\"218\">bolsa kraft integral con base r\u00edgida<\/strong> est\u00e1 dise\u00f1ada para satisfacer las necesidades de los profesionales m\u00e1s exigentes, respetando al mismo tiempo el medio ambiente. Gracias a su <strong data-start=\"332\" data-end=\"350\">kraft franc\u00e9s<\/strong> procedente de <strong data-start=\"360\" data-end=\"389\">bosques gestionados de forma sostenible<\/strong>, podr\u00e1 ofrecer a sus clientes un envase eco-responsable que realce sus productos ecol\u00f3gicos o artesanales.  <\/p>\n<p data-start=\"506\" data-end=\"976\">Su <strong data-start=\"509\" data-end=\"530\">material<\/strong> <strong data-start=\"542\" data-end=\"564\">kraft marr\u00f3n acanalado<\/strong> <strong data-start=\"509\" data-end=\"530\">natural<\/strong> <strong>de 60 g<\/strong> confiere a la bolsa <strong data-start=\"584\" data-end=\"596\">una resistencia<\/strong> notable. La <strong data-start=\"613\" data-end=\"645\">base de cart\u00f3n kraft integrada<\/strong> garantiza <strong data-start=\"659\" data-end=\"681\">una estabilidad \u00f3ptima<\/strong>, manteniendo sus productos alimenticios en posici\u00f3n vertical, ya sean galletas, frutos secos, caf\u00e9 en grano o golosinas. Adem\u00e1s, la <strong data-start=\"833\" data-end=\"857\">ventana transparente<\/strong> ofrece una <strong data-start=\"868\" data-end=\"891\">visi\u00f3n perfecta<\/strong> de sus productos, animando a sus clientes a probarlos a primera vista.  <\/p>\n<p data-start=\"978\" data-end=\"1333\">Para ir un paso m\u00e1s all\u00e1, esta <strong>bolsa de<\/strong> <strong>papel<\/strong> tiene un <strong data-start=\"1024\" data-end=\"1047\">revestimiento antigrasa<\/strong>, por lo que es ideal para productos ligeramente aceitosos o grasientos, sin riesgo de mancharlos. Y como <strong data-start=\"1139\" data-end=\"1157\">no contiene pl\u00e1stico<\/strong>, forma parte de un enfoque de <strong data-start=\"1201\" data-end=\"1216\">cero residuos<\/strong>. As\u00ed podr\u00e1 reforzar la imagen <strong data-start=\"1248\" data-end=\"1262\">ecol\u00f3gica<\/strong> de su marca al tiempo que ofrece una agradable experiencia al usuario. <\/p>\n<p data-start=\"1335\" data-end=\"1774\">Al elegir esta <strong data-start=\"1353\" data-end=\"1384\">bolsa kraft eco-responsable<\/strong>, podr\u00e1 combinar <strong data-start=\"1400\" data-end=\"1414\">est\u00e9tica<\/strong>, <strong data-start=\"1416\" data-end=\"1429\">practicidad<\/strong> y <strong data-start=\"1433\" data-end=\"1463\">respeto por el medio ambiente<\/strong>. Su dise\u00f1o natural, realzado por el contraste del kraft marr\u00f3n y la ventana transparente, a\u00f1ade un toque aut\u00e9ntico y premium a sus ventas de comida para llevar. Una elecci\u00f3n perfecta para <strong data-start=\"1643\" data-end=\"1662\">charcuter\u00edas<\/strong>, <strong data-start=\"1664\" data-end=\"1680\">panader\u00edas<\/strong>, <strong data-start=\"1682\" data-end=\"1695\">empresas de catering<\/strong> o cualquier negocio que busque combinar <strong data-start=\"1731\" data-end=\"1742\">calidad<\/strong> y <strong data-start=\"1746\" data-end=\"1771\">desarrollo sostenible<\/strong>.  <\/p>\n<p><!--more--><\/p>\n<h4 style=\"text-align: left;\">Ventajas :<\/h4>\n<ul style=\"text-align: left;\">\n<li><strong data-start=\"1999\" data-end=\"2019\">100% reciclable<\/strong> y <strong data-start=\"2023\" data-end=\"2041\">sin pl\u00e1stico<\/strong>, respetuoso con el medio ambiente.<\/li>\n<li><strong data-start=\"2078\" data-end=\"2096\">Kraft<\/strong> franc\u00e9s procedente de bosques <strong data-start=\"2112\" data-end=\"2134\">gestionados de forma sostenible.<\/strong><\/li>\n<li><strong data-start=\"2139\" data-end=\"2163\">Ventana transparente<\/strong> para exponer los productos.<\/li>\n<li><strong data-start=\"2204\" data-end=\"2219\">Base r\u00edgida<\/strong> para una excelente estabilidad.<\/li>\n<li><strong data-start=\"2258\" data-end=\"2281\">Barniz antigrasa<\/strong> ideal para alimentos grasientos.<\/li>\n<\/ul>\n<\/div>\n<\/div>\n<\/div>\n<\/div>\n<\/div>\n<\/div>\n<\/div>\n<\/div>\n<\/div>\n<\/div>\n<\/div>\n<\/div>\n<p>&nbsp;<\/p>\n<\/div>\n<\/div>\n<\/div>\n<\/div>\n<\/div>\n<\/div>\n<\/div>\n<\/div>\n<\/div>\n<\/div>\n<\/div>\n<p><!--more--><\/p>\n<h4>Informaci\u00f3n adicional :<\/h4>\n<ul style=\"box-sizing: inherit; font-family: Roboto, sans-serif;\">\n<li><strong>Embalaje<\/strong>: Paquete de 100<\/li>\n<li><span style=\"font-weight: bold;\">Dimensiones<\/span>: 120 x 260 mm<\/li>\n<li><strong>Material<\/strong>: Papel kraft<\/li>\n<li><strong>Color<\/strong>: Kraft<\/li>\n<\/ul>\n<p>&nbsp;<\/p>\n<p><!--more--><\/p>\n<p>Esta bolsa tambi\u00e9n est\u00e1 disponible en un tama\u00f1o m\u00e1s peque\u00f1o: <span style=\"color: #d12727;\"><a style=\"color: #d12727;\" href=\"https:\/\/www.csj-emballages.com\/produit\/100-sachets-kraft-avec-fenetre-100-x-220-mm\/\">100 x 220 mm<\/a><\/span><\/p>\n<p>&nbsp;<\/p>\n<p><!--more--><\/p>\n<p><a href=\"https:\/\/www.csj-emballages.com\/es\/categorie-produit\/envasado-de-alimentos\/panaderia-y-pasteleria\/bolsas-sobres-y-papel\/bolsas-para-golosinas\/bolsas-de-papel\/bolsas-de-papel-kraft\/\">Ver el resto de nuestra gama de bolsas de papel kraft<\/a><\/p>\n","protected":false},"excerpt":{"rendered":"<p>Bolsa de papel Descripci\u00f3n de nuestra bolsa de papel kraft con ventana 120 x 260 mm por 100<\/p>\n","protected":false},"featured_media":230433,"template":"","meta":{"_acf_changed":false},"product_brand":[],"product_cat":[1150,1145,1660,3599,1488,1270],"product_tag":[],"class_list":{"0":"post-24004","1":"product","2":"type-product","3":"status-publish","4":"has-post-thumbnail","6":"product_cat-envasado-de-alimentos","7":"product_cat-panaderia-y-pasteleria","8":"product_cat-bolsas-para-golosinas","9":"product_cat-bolsas-de-papel-kraft","10":"product_cat-tienda-y-almacen","11":"product_cat-descuentos","13":"first","14":"instock","15":"sale","16":"taxable","17":"shipping-taxable","18":"purchasable","19":"product-type-simple"},"acf":[],"yoast_head":"<!-- This site is optimized with the Yoast SEO Premium plugin v26.6 (Yoast SEO v26.6) - https:\/\/yoast.com\/wordpress\/plugins\/seo\/ -->\n<title>Bolsa de papel kraft con ventana 120 x 260 mm por 100<\/title>\n<meta name=\"description\" content=\"Bolsa de papel kraft con ventana de 120 \u00d7 260 mm, reciclable y sin pl\u00e1stico. Base r\u00edgida, barniz antigrasa y kraft franc\u00e9s ecol\u00f3gico.\" \/>\n<meta name=\"robots\" content=\"index, follow, max-snippet:-1, max-image-preview:large, max-video-preview:-1\" \/>\n<link rel=\"canonical\" href=\"https:\/\/www.csj-emballages.com\/es\/produit\/100-bolsas-kraft-con-ventana-120-x-260-mm\/\" \/>\n<meta property=\"og:locale\" content=\"es_ES\" \/>\n<meta property=\"og:type\" content=\"article\" \/>\n<meta property=\"og:title\" content=\"Bolsa de papel kraft con ventana 120 x 260 mm por 100\" \/>\n<meta property=\"og:description\" content=\"Bolsa de papel kraft con ventana de 120 \u00d7 260 mm, reciclable y sin pl\u00e1stico. Base r\u00edgida, barniz antigrasa y kraft franc\u00e9s ecol\u00f3gico.\" \/>\n<meta property=\"og:url\" content=\"https:\/\/www.csj-emballages.com\/es\/produit\/100-bolsas-kraft-con-ventana-120-x-260-mm\/\" \/>\n<meta property=\"og:site_name\" content=\"CSJ Emballages\" \/>\n<meta property=\"article:publisher\" content=\"https:\/\/www.facebook.com\/csjemballages\" \/>\n<meta property=\"article:modified_time\" content=\"2026-04-15T00:18:07+00:00\" \/>\n<meta property=\"og:image\" content=\"https:\/\/www.csj-emballages.com\/wp-content\/uploads\/2024\/03\/TKF34.webp\" \/>\n\t<meta property=\"og:image:width\" content=\"800\" \/>\n\t<meta property=\"og:image:height\" content=\"800\" \/>\n\t<meta property=\"og:image:type\" content=\"image\/webp\" \/>\n<meta name=\"twitter:card\" content=\"summary_large_image\" \/>\n<meta name=\"twitter:label1\" content=\"Tiempo de lectura\" \/>\n\t<meta name=\"twitter:data1\" content=\"2 minutos\" \/>\n<script type=\"application\/ld+json\" class=\"yoast-schema-graph\">{\"@context\":\"https:\/\/schema.org\",\"@graph\":[{\"@type\":\"WebPage\",\"@id\":\"https:\/\/www.csj-emballages.com\/es\/produit\/100-bolsas-kraft-con-ventana-120-x-260-mm\/\",\"url\":\"https:\/\/www.csj-emballages.com\/es\/produit\/100-bolsas-kraft-con-ventana-120-x-260-mm\/\",\"name\":\"Bolsa de papel kraft con ventana 120 x 260 mm por 100\",\"isPartOf\":{\"@id\":\"https:\/\/www.csj-emballages.com\/es\/#website\"},\"primaryImageOfPage\":{\"@id\":\"https:\/\/www.csj-emballages.com\/es\/produit\/100-bolsas-kraft-con-ventana-120-x-260-mm\/#primaryimage\"},\"image\":{\"@id\":\"https:\/\/www.csj-emballages.com\/es\/produit\/100-bolsas-kraft-con-ventana-120-x-260-mm\/#primaryimage\"},\"thumbnailUrl\":\"https:\/\/www.csj-emballages.com\/wp-content\/uploads\/2024\/03\/TKF34.webp\",\"datePublished\":\"2024-03-01T15:47:35+00:00\",\"dateModified\":\"2026-04-15T00:18:07+00:00\",\"description\":\"Bolsa de papel kraft con ventana de 120 \u00d7 260 mm, reciclable y sin pl\u00e1stico. Base r\u00edgida, barniz antigrasa y kraft franc\u00e9s ecol\u00f3gico.\",\"breadcrumb\":{\"@id\":\"https:\/\/www.csj-emballages.com\/es\/produit\/100-bolsas-kraft-con-ventana-120-x-260-mm\/#breadcrumb\"},\"inLanguage\":\"es\",\"potentialAction\":[{\"@type\":\"ReadAction\",\"target\":[\"https:\/\/www.csj-emballages.com\/es\/produit\/100-bolsas-kraft-con-ventana-120-x-260-mm\/\"]}]},{\"@type\":\"ImageObject\",\"inLanguage\":\"es\",\"@id\":\"https:\/\/www.csj-emballages.com\/es\/produit\/100-bolsas-kraft-con-ventana-120-x-260-mm\/#primaryimage\",\"url\":\"https:\/\/www.csj-emballages.com\/wp-content\/uploads\/2024\/03\/TKF34.webp\",\"contentUrl\":\"https:\/\/www.csj-emballages.com\/wp-content\/uploads\/2024\/03\/TKF34.webp\",\"width\":800,\"height\":800,\"caption\":\"sachets kraft\"},{\"@type\":\"BreadcrumbList\",\"@id\":\"https:\/\/www.csj-emballages.com\/es\/produit\/100-bolsas-kraft-con-ventana-120-x-260-mm\/#breadcrumb\",\"itemListElement\":[{\"@type\":\"ListItem\",\"position\":1,\"name\":\"Accueil\",\"item\":\"https:\/\/www.csj-emballages.com\/es\/universo-del-envasado-alimentario\/\"},{\"@type\":\"ListItem\",\"position\":2,\"name\":\"Tienda\",\"item\":\"https:\/\/www.csj-emballages.com\/tienda\/\"},{\"@type\":\"ListItem\",\"position\":3,\"name\":\"Bolsa de papel kraft con ventana 120 x 260 mm por 100\"}]},{\"@type\":\"WebSite\",\"@id\":\"https:\/\/www.csj-emballages.com\/es\/#website\",\"url\":\"https:\/\/www.csj-emballages.com\/es\/\",\"name\":\"CSJ Emballages\",\"description\":\"\",\"publisher\":{\"@id\":\"https:\/\/www.csj-emballages.com\/es\/#organization\"},\"potentialAction\":[{\"@type\":\"SearchAction\",\"target\":{\"@type\":\"EntryPoint\",\"urlTemplate\":\"https:\/\/www.csj-emballages.com\/es\/?s={search_term_string}\"},\"query-input\":{\"@type\":\"PropertyValueSpecification\",\"valueRequired\":true,\"valueName\":\"search_term_string\"}}],\"inLanguage\":\"es\"},{\"@type\":\"Organization\",\"@id\":\"https:\/\/www.csj-emballages.com\/es\/#Organization\/\",\"name\":\"CSJ Emballages\",\"url\":\"https:\/\/www.csj-emballages.com\/es\/\",\"logo\":{\"@type\":\"ImageObject\",\"inLanguage\":\"es\",\"@id\":\"https:\/\/www.csj-emballages.com\/es\/#\/schema\/logo\/image\/\",\"url\":\"https:\/\/www.csj-emballages.com\/wp-content\/uploads\/2023\/10\/logo_csj.webp\",\"contentUrl\":\"https:\/\/www.csj-emballages.com\/wp-content\/uploads\/2023\/10\/logo_csj.webp\",\"width\":250,\"height\":95,\"caption\":\"CSJ Emballages\"},\"image\":{\"@id\":\"https:\/\/www.csj-emballages.com\/es\/#\/schema\/logo\/image\/\"},\"sameAs\":[\"https:\/\/www.facebook.com\/csjemballages\"],\"address\":{\"@type\":\"PostalAddress\",\"streetAddress\":\"ZI La Lechere\",\"addressLocality\":\"Patornay\",\"postalCode\":\"39130\",\"addressCountry\":\"FR\"},\"contactPoint\":[{\"@type\":\"ContactPoint\",\"contactType\":\"Service client\",\"telephone\":\"0384254272\",\"email\":\"contact@csj-emballages.com\"}]}]}<\/script>\n<!-- \/ Yoast SEO Premium plugin. -->","yoast_head_json":{"title":"Bolsa de papel kraft con ventana 120 x 260 mm por 100","description":"Bolsa de papel kraft con ventana de 120 \u00d7 260 mm, reciclable y sin pl\u00e1stico. Base r\u00edgida, barniz antigrasa y kraft franc\u00e9s ecol\u00f3gico.","robots":{"index":"index","follow":"follow","max-snippet":"max-snippet:-1","max-image-preview":"max-image-preview:large","max-video-preview":"max-video-preview:-1"},"canonical":"https:\/\/www.csj-emballages.com\/es\/produit\/100-bolsas-kraft-con-ventana-120-x-260-mm\/","og_locale":"es_ES","og_type":"article","og_title":"Bolsa de papel kraft con ventana 120 x 260 mm por 100","og_description":"Bolsa de papel kraft con ventana de 120 \u00d7 260 mm, reciclable y sin pl\u00e1stico. Base r\u00edgida, barniz antigrasa y kraft franc\u00e9s ecol\u00f3gico.","og_url":"https:\/\/www.csj-emballages.com\/es\/produit\/100-bolsas-kraft-con-ventana-120-x-260-mm\/","og_site_name":"CSJ Emballages","article_publisher":"https:\/\/www.facebook.com\/csjemballages","article_modified_time":"2026-04-15T00:18:07+00:00","og_image":[{"width":800,"height":800,"url":"https:\/\/www.csj-emballages.com\/wp-content\/uploads\/2024\/03\/TKF34.webp","type":"image\/webp"}],"twitter_card":"summary_large_image","twitter_misc":{"Tiempo de lectura":"2 minutos"},"schema":{"@context":"https:\/\/schema.org","@graph":[{"@type":"WebPage","@id":"https:\/\/www.csj-emballages.com\/es\/produit\/100-bolsas-kraft-con-ventana-120-x-260-mm\/","url":"https:\/\/www.csj-emballages.com\/es\/produit\/100-bolsas-kraft-con-ventana-120-x-260-mm\/","name":"Bolsa de papel kraft con ventana 120 x 260 mm por 100","isPartOf":{"@id":"https:\/\/www.csj-emballages.com\/es\/#website"},"primaryImageOfPage":{"@id":"https:\/\/www.csj-emballages.com\/es\/produit\/100-bolsas-kraft-con-ventana-120-x-260-mm\/#primaryimage"},"image":{"@id":"https:\/\/www.csj-emballages.com\/es\/produit\/100-bolsas-kraft-con-ventana-120-x-260-mm\/#primaryimage"},"thumbnailUrl":"https:\/\/www.csj-emballages.com\/wp-content\/uploads\/2024\/03\/TKF34.webp","datePublished":"2024-03-01T15:47:35+00:00","dateModified":"2026-04-15T00:18:07+00:00","description":"Bolsa de papel kraft con ventana de 120 \u00d7 260 mm, reciclable y sin pl\u00e1stico. Base r\u00edgida, barniz antigrasa y kraft franc\u00e9s ecol\u00f3gico.","breadcrumb":{"@id":"https:\/\/www.csj-emballages.com\/es\/produit\/100-bolsas-kraft-con-ventana-120-x-260-mm\/#breadcrumb"},"inLanguage":"es","potentialAction":[{"@type":"ReadAction","target":["https:\/\/www.csj-emballages.com\/es\/produit\/100-bolsas-kraft-con-ventana-120-x-260-mm\/"]}]},{"@type":"ImageObject","inLanguage":"es","@id":"https:\/\/www.csj-emballages.com\/es\/produit\/100-bolsas-kraft-con-ventana-120-x-260-mm\/#primaryimage","url":"https:\/\/www.csj-emballages.com\/wp-content\/uploads\/2024\/03\/TKF34.webp","contentUrl":"https:\/\/www.csj-emballages.com\/wp-content\/uploads\/2024\/03\/TKF34.webp","width":800,"height":800,"caption":"sachets kraft"},{"@type":"BreadcrumbList","@id":"https:\/\/www.csj-emballages.com\/es\/produit\/100-bolsas-kraft-con-ventana-120-x-260-mm\/#breadcrumb","itemListElement":[{"@type":"ListItem","position":1,"name":"Accueil","item":"https:\/\/www.csj-emballages.com\/es\/universo-del-envasado-alimentario\/"},{"@type":"ListItem","position":2,"name":"Tienda","item":"https:\/\/www.csj-emballages.com\/tienda\/"},{"@type":"ListItem","position":3,"name":"Bolsa de papel kraft con ventana 120 x 260 mm por 100"}]},{"@type":"WebSite","@id":"https:\/\/www.csj-emballages.com\/es\/#website","url":"https:\/\/www.csj-emballages.com\/es\/","name":"CSJ Emballages","description":"","publisher":{"@id":"https:\/\/www.csj-emballages.com\/es\/#organization"},"potentialAction":[{"@type":"SearchAction","target":{"@type":"EntryPoint","urlTemplate":"https:\/\/www.csj-emballages.com\/es\/?s={search_term_string}"},"query-input":{"@type":"PropertyValueSpecification","valueRequired":true,"valueName":"search_term_string"}}],"inLanguage":"es"},{"@type":"Organization","@id":"https:\/\/www.csj-emballages.com\/es\/#Organization\/","name":"CSJ Emballages","url":"https:\/\/www.csj-emballages.com\/es\/","logo":{"@type":"ImageObject","inLanguage":"es","@id":"https:\/\/www.csj-emballages.com\/es\/#\/schema\/logo\/image\/","url":"https:\/\/www.csj-emballages.com\/wp-content\/uploads\/2023\/10\/logo_csj.webp","contentUrl":"https:\/\/www.csj-emballages.com\/wp-content\/uploads\/2023\/10\/logo_csj.webp","width":250,"height":95,"caption":"CSJ Emballages"},"image":{"@id":"https:\/\/www.csj-emballages.com\/es\/#\/schema\/logo\/image\/"},"sameAs":["https:\/\/www.facebook.com\/csjemballages"],"address":{"@type":"PostalAddress","streetAddress":"ZI La Lechere","addressLocality":"Patornay","postalCode":"39130","addressCountry":"FR"},"contactPoint":[{"@type":"ContactPoint","contactType":"Service client","telephone":"0384254272","email":"contact@csj-emballages.com"}]}]}},"df_price":18.07,"df_sale_price":18.07,"df_regular_price":25.81,"df_image_link":"https:\/\/www.csj-emballages.com\/wp-content\/uploads\/2024\/03\/TKF34-300x300.webp","tiered_pricing_type":"fixed","tiered_pricing_fixed_rules":[],"tiered_pricing_percentage_rules":[],"tiered_pricing_minimum":1,"tiered_pricing_roles_data":[],"_links":{"self":[{"href":"https:\/\/www.csj-emballages.com\/es\/wp-json\/wp\/v2\/product\/24004","targetHints":{"allow":["GET"]}}],"collection":[{"href":"https:\/\/www.csj-emballages.com\/es\/wp-json\/wp\/v2\/product"}],"about":[{"href":"https:\/\/www.csj-emballages.com\/es\/wp-json\/wp\/v2\/types\/product"}],"wp:featuredmedia":[{"embeddable":true,"href":"https:\/\/www.csj-emballages.com\/es\/wp-json\/wp\/v2\/media\/230433"}],"wp:attachment":[{"href":"https:\/\/www.csj-emballages.com\/es\/wp-json\/wp\/v2\/media?parent=24004"}],"wp:term":[{"taxonomy":"product_brand","embeddable":true,"href":"https:\/\/www.csj-emballages.com\/es\/wp-json\/wp\/v2\/product_brand?post=24004"},{"taxonomy":"product_cat","embeddable":true,"href":"https:\/\/www.csj-emballages.com\/es\/wp-json\/wp\/v2\/product_cat?post=24004"},{"taxonomy":"product_tag","embeddable":true,"href":"https:\/\/www.csj-emballages.com\/es\/wp-json\/wp\/v2\/product_tag?post=24004"}],"curies":[{"name":"wp","href":"https:\/\/api.w.org\/{rel}","templated":true}]}}