{"id":240002,"date":"2025-07-31T16:04:04","date_gmt":"2025-07-31T14:04:04","guid":{"rendered":"https:\/\/www.csj-emballages.com\/produit\/virutas-de-madera-natural-5-kg\/"},"modified":"2026-03-12T16:09:21","modified_gmt":"2026-03-12T15:09:21","slug":"virutas-de-madera-natural-5-kg","status":"publish","type":"product","link":"https:\/\/www.csj-emballages.com\/es\/produit\/virutas-de-madera-natural-5-kg\/","title":{"rendered":"Virutas de madera natural 5 kg"},"content":{"rendered":"<h2 id=\"prod-h1\" class=\"prod-details__name prod__name\">Curling de madera<\/h2>\n<div style=\"font-family: Roboto, sans-serif;\">\n<div style=\"font-family: Roboto, sans-serif;\">\n<div style=\"font-family: Roboto, sans-serif;\">\n<div style=\"font-family: Roboto, sans-serif;\">\n<div style=\"font-family: Roboto, sans-serif;\">\n<div style=\"font-family: Roboto, sans-serif;\">\n<hr>\n<h3>Descripci\u00f3n de nuestras virutas de madera natural 5 kg<\/h3>\n<p><!--more--><\/p>\n<\/div>\n<\/div>\n<\/div>\n<\/div>\n<\/div>\n<\/div>\n<p data-start=\"232\" data-end=\"548\"><strong>El engarzado de madera<\/strong> natural es un art\u00edculo imprescindible para cualquiera que busque una forma atractiva, pr\u00e1ctica y respetuosa con el medio ambiente de proteger o exponer productos. Esta <strong>caja de 5 kg<\/strong> contiene un engarzado ligero pero resistente fabricado con <strong>madera 100% natural<\/strong>, no tratada y <strong>biodegradable<\/strong>. <\/p>\n<p data-start=\"550\" data-end=\"953\">Ideal para profesionales del embalaje, artesanos, comerciantes de vino e incluso consumidores preocupados por los detalles, este <strong>engarce de madera<\/strong> es perfecto para proteger sus art\u00edculos fr\u00e1giles durante el env\u00edo o las presentaciones de regalo. Se desliza f\u00e1cilmente en cajas, cestas o estuches y puede utilizarse para asegurar botellas, vasos, tarros, objetos decorativos o productos artesanales. <\/p>\n<p data-start=\"955\" data-end=\"1286\">Gracias a su textura flexible y su <strong>aspecto natural<\/strong>, aporta un verdadero toque de autenticidad a sus paquetes. Refuerza la imagen artesanal o de gama alta de sus productos. Tambi\u00e9n utilizado en composiciones navide\u00f1as, cestas gourmet o expositores de tiendas, es tan atractivo por su aspecto como por su funci\u00f3n.  <\/p>\n<p data-start=\"1288\" data-end=\"1543\">Vendido en <strong>cajas de 5 kg<\/strong>, este generoso envase es tan adecuado para profesionales con grandes necesidades como para usuarios habituales. En resumen, se trata de una elecci\u00f3n responsable, est\u00e9tica y econ\u00f3mica para mejorar su envasado al tiempo que protege eficazmente sus productos. <\/p>\n<p><!--more--><\/p>\n<div style=\"font-family: Roboto, sans-serif;\">\n<div style=\"font-family: Roboto, sans-serif;\">\n<div style=\"font-family: Roboto, sans-serif;\">\n<div style=\"font-family: Roboto, sans-serif;\">\n<div style=\"font-family: Roboto, sans-serif;\">\n<div style=\"font-family: Roboto, sans-serif;\">\n<p><strong>Ventajas :<\/strong><\/p>\n<ul>\n<li>Madera 100% natural, no tratada y biodegradable.<\/li>\n<li>Proporciona una protecci\u00f3n eficaz contra los impactos durante el transporte.<\/li>\n<li>Proporciona un acabado c\u00e1lido y natural.<\/li>\n<li><strong>Vers\u00e1til<\/strong>: ideal para cajas, cestas de regalo, paquetes y decoraciones.<\/li>\n<li><strong>Caja de 5 kg<\/strong>: buena relaci\u00f3n volumen\/peso para un uso frecuente.<\/li>\n<\/ul>\n<p>&nbsp;<\/p>\n<\/div>\n<\/div>\n<\/div>\n<\/div>\n<\/div>\n<\/div>\n<p><!--more--><\/p>\n<h4>Informaci\u00f3n adicional :<\/h4>\n<ul>\n<li><strong>Embalaje<\/strong>: Caja de 5 kg<\/li>\n<li><strong>Material<\/strong>: Madera<\/li>\n<\/ul>\n<p>&nbsp;<\/p>\n<p><!--more--><\/p>\n<p>Encuentre aqu\u00ed nuestro atasco de papel marr\u00f3n: <span style=\"color: #d12727;\"><a style=\"color: #d12727;\" href=\"https:\/\/www.csj-emballages.com\/es\/produit\/papel-de-embalaje-interkraft-1m-x-400ml\/\"><span style=\"color: #d12727;\">PB1X400<\/span><\/a><\/span><\/p>\n<p>&nbsp;<\/p>\n<p><!--more--><\/p>\n<p><a href=\"https:\/\/www.csj-emballages.com\/es\/categorie-produit\/envasado-de-alimentos\/carniceria-y-charcuteria\/tazas-tarros-vasos\/verrines-es\/cucharas-tenedores\/\">Ver el resto de nuestra gama de crimpadoras<\/a><\/p>\n","protected":false},"excerpt":{"rendered":"<p>Curling de madera Descripci\u00f3n de nuestras virutas de madera natural 5 kg<\/p>\n","protected":false},"featured_media":239988,"template":"","meta":{"_acf_changed":false},"product_brand":[],"product_cat":[1150,1488,3874,9387],"product_tag":[],"class_list":{"0":"post-240002","1":"product","2":"type-product","3":"status-publish","4":"has-post-thumbnail","6":"product_cat-envasado-de-alimentos","7":"product_cat-tienda-y-almacen","8":"product_cat-accesorios-y-equipamiento-es","9":"product_cat-frizzled","11":"first","12":"outofstock","13":"taxable","14":"shipping-taxable","15":"purchasable","16":"product-type-simple"},"acf":[],"yoast_head":"<!-- This site is optimized with the Yoast SEO Premium plugin v26.6 (Yoast SEO v26.6) - https:\/\/yoast.com\/wordpress\/plugins\/seo\/ -->\n<title>Virutas de madera natural 5 kg<\/title>\n<meta name=\"description\" content=\"Engarce de madera natural de 5 kg ideal para proteger y realzar sus productos en cajas de regalo, paquetes o cestas. Una soluci\u00f3n ecol\u00f3gica y elegante.\" \/>\n<meta name=\"robots\" content=\"index, follow, max-snippet:-1, max-image-preview:large, max-video-preview:-1\" \/>\n<link rel=\"canonical\" href=\"https:\/\/www.csj-emballages.com\/es\/produit\/virutas-de-madera-natural-5-kg\/\" \/>\n<meta property=\"og:locale\" content=\"es_ES\" \/>\n<meta property=\"og:type\" content=\"article\" \/>\n<meta property=\"og:title\" content=\"Virutas de madera natural 5 kg\" \/>\n<meta property=\"og:description\" content=\"Engarce de madera natural de 5 kg ideal para proteger y realzar sus productos en cajas de regalo, paquetes o cestas. Una soluci\u00f3n ecol\u00f3gica y elegante.\" \/>\n<meta property=\"og:url\" content=\"https:\/\/www.csj-emballages.com\/es\/produit\/virutas-de-madera-natural-5-kg\/\" \/>\n<meta property=\"og:site_name\" content=\"CSJ Emballages\" \/>\n<meta property=\"article:publisher\" content=\"https:\/\/www.facebook.com\/csjemballages\" \/>\n<meta property=\"article:modified_time\" content=\"2026-03-12T15:09:21+00:00\" \/>\n<meta property=\"og:image\" content=\"https:\/\/www.csj-emballages.com\/wp-content\/uploads\/2025\/07\/80370.webp\" \/>\n\t<meta property=\"og:image:width\" content=\"800\" \/>\n\t<meta property=\"og:image:height\" content=\"800\" \/>\n\t<meta property=\"og:image:type\" content=\"image\/webp\" \/>\n<meta name=\"twitter:card\" content=\"summary_large_image\" \/>\n<meta name=\"twitter:label1\" content=\"Tiempo de lectura\" \/>\n\t<meta name=\"twitter:data1\" content=\"1 minuto\" \/>\n<script type=\"application\/ld+json\" class=\"yoast-schema-graph\">{\"@context\":\"https:\/\/schema.org\",\"@graph\":[{\"@type\":\"WebPage\",\"@id\":\"https:\/\/www.csj-emballages.com\/es\/produit\/virutas-de-madera-natural-5-kg\/\",\"url\":\"https:\/\/www.csj-emballages.com\/es\/produit\/virutas-de-madera-natural-5-kg\/\",\"name\":\"Virutas de madera natural 5 kg\",\"isPartOf\":{\"@id\":\"https:\/\/www.csj-emballages.com\/es\/#website\"},\"primaryImageOfPage\":{\"@id\":\"https:\/\/www.csj-emballages.com\/es\/produit\/virutas-de-madera-natural-5-kg\/#primaryimage\"},\"image\":{\"@id\":\"https:\/\/www.csj-emballages.com\/es\/produit\/virutas-de-madera-natural-5-kg\/#primaryimage\"},\"thumbnailUrl\":\"https:\/\/www.csj-emballages.com\/wp-content\/uploads\/2025\/07\/80370.webp\",\"datePublished\":\"2025-07-31T14:04:04+00:00\",\"dateModified\":\"2026-03-12T15:09:21+00:00\",\"description\":\"Engarce de madera natural de 5 kg ideal para proteger y realzar sus productos en cajas de regalo, paquetes o cestas. Una soluci\u00f3n ecol\u00f3gica y elegante.\",\"breadcrumb\":{\"@id\":\"https:\/\/www.csj-emballages.com\/es\/produit\/virutas-de-madera-natural-5-kg\/#breadcrumb\"},\"inLanguage\":\"es\",\"potentialAction\":[{\"@type\":\"ReadAction\",\"target\":[\"https:\/\/www.csj-emballages.com\/es\/produit\/virutas-de-madera-natural-5-kg\/\"]}]},{\"@type\":\"ImageObject\",\"inLanguage\":\"es\",\"@id\":\"https:\/\/www.csj-emballages.com\/es\/produit\/virutas-de-madera-natural-5-kg\/#primaryimage\",\"url\":\"https:\/\/www.csj-emballages.com\/wp-content\/uploads\/2025\/07\/80370.webp\",\"contentUrl\":\"https:\/\/www.csj-emballages.com\/wp-content\/uploads\/2025\/07\/80370.webp\",\"width\":800,\"height\":800,\"caption\":\"Frisure de bois\"},{\"@type\":\"BreadcrumbList\",\"@id\":\"https:\/\/www.csj-emballages.com\/es\/produit\/virutas-de-madera-natural-5-kg\/#breadcrumb\",\"itemListElement\":[{\"@type\":\"ListItem\",\"position\":1,\"name\":\"Accueil\",\"item\":\"https:\/\/www.csj-emballages.com\/es\/universo-del-envasado-alimentario\/\"},{\"@type\":\"ListItem\",\"position\":2,\"name\":\"Tienda\",\"item\":\"https:\/\/www.csj-emballages.com\/tienda\/\"},{\"@type\":\"ListItem\",\"position\":3,\"name\":\"Virutas de madera natural 5 kg\"}]},{\"@type\":\"WebSite\",\"@id\":\"https:\/\/www.csj-emballages.com\/es\/#website\",\"url\":\"https:\/\/www.csj-emballages.com\/es\/\",\"name\":\"CSJ Emballages\",\"description\":\"\",\"publisher\":{\"@id\":\"https:\/\/www.csj-emballages.com\/es\/#organization\"},\"potentialAction\":[{\"@type\":\"SearchAction\",\"target\":{\"@type\":\"EntryPoint\",\"urlTemplate\":\"https:\/\/www.csj-emballages.com\/es\/?s={search_term_string}\"},\"query-input\":{\"@type\":\"PropertyValueSpecification\",\"valueRequired\":true,\"valueName\":\"search_term_string\"}}],\"inLanguage\":\"es\"},{\"@type\":\"Organization\",\"@id\":\"https:\/\/www.csj-emballages.com\/es\/#Organization\/\",\"name\":\"CSJ Emballages\",\"url\":\"https:\/\/www.csj-emballages.com\/es\/\",\"logo\":{\"@type\":\"ImageObject\",\"inLanguage\":\"es\",\"@id\":\"https:\/\/www.csj-emballages.com\/es\/#\/schema\/logo\/image\/\",\"url\":\"https:\/\/www.csj-emballages.com\/wp-content\/uploads\/2023\/10\/logo_csj.webp\",\"contentUrl\":\"https:\/\/www.csj-emballages.com\/wp-content\/uploads\/2023\/10\/logo_csj.webp\",\"width\":250,\"height\":95,\"caption\":\"CSJ Emballages\"},\"image\":{\"@id\":\"https:\/\/www.csj-emballages.com\/es\/#\/schema\/logo\/image\/\"},\"sameAs\":[\"https:\/\/www.facebook.com\/csjemballages\"],\"address\":{\"@type\":\"PostalAddress\",\"streetAddress\":\"ZI La Lechere\",\"addressLocality\":\"Patornay\",\"postalCode\":\"39130\",\"addressCountry\":\"FR\"},\"contactPoint\":[{\"@type\":\"ContactPoint\",\"contactType\":\"Service client\",\"telephone\":\"0384254272\",\"email\":\"contact@csj-emballages.com\"}]}]}<\/script>\n<!-- \/ Yoast SEO Premium plugin. -->","yoast_head_json":{"title":"Virutas de madera natural 5 kg","description":"Engarce de madera natural de 5 kg ideal para proteger y realzar sus productos en cajas de regalo, paquetes o cestas. Una soluci\u00f3n ecol\u00f3gica y elegante.","robots":{"index":"index","follow":"follow","max-snippet":"max-snippet:-1","max-image-preview":"max-image-preview:large","max-video-preview":"max-video-preview:-1"},"canonical":"https:\/\/www.csj-emballages.com\/es\/produit\/virutas-de-madera-natural-5-kg\/","og_locale":"es_ES","og_type":"article","og_title":"Virutas de madera natural 5 kg","og_description":"Engarce de madera natural de 5 kg ideal para proteger y realzar sus productos en cajas de regalo, paquetes o cestas. Una soluci\u00f3n ecol\u00f3gica y elegante.","og_url":"https:\/\/www.csj-emballages.com\/es\/produit\/virutas-de-madera-natural-5-kg\/","og_site_name":"CSJ Emballages","article_publisher":"https:\/\/www.facebook.com\/csjemballages","article_modified_time":"2026-03-12T15:09:21+00:00","og_image":[{"width":800,"height":800,"url":"https:\/\/www.csj-emballages.com\/wp-content\/uploads\/2025\/07\/80370.webp","type":"image\/webp"}],"twitter_card":"summary_large_image","twitter_misc":{"Tiempo de lectura":"1 minuto"},"schema":{"@context":"https:\/\/schema.org","@graph":[{"@type":"WebPage","@id":"https:\/\/www.csj-emballages.com\/es\/produit\/virutas-de-madera-natural-5-kg\/","url":"https:\/\/www.csj-emballages.com\/es\/produit\/virutas-de-madera-natural-5-kg\/","name":"Virutas de madera natural 5 kg","isPartOf":{"@id":"https:\/\/www.csj-emballages.com\/es\/#website"},"primaryImageOfPage":{"@id":"https:\/\/www.csj-emballages.com\/es\/produit\/virutas-de-madera-natural-5-kg\/#primaryimage"},"image":{"@id":"https:\/\/www.csj-emballages.com\/es\/produit\/virutas-de-madera-natural-5-kg\/#primaryimage"},"thumbnailUrl":"https:\/\/www.csj-emballages.com\/wp-content\/uploads\/2025\/07\/80370.webp","datePublished":"2025-07-31T14:04:04+00:00","dateModified":"2026-03-12T15:09:21+00:00","description":"Engarce de madera natural de 5 kg ideal para proteger y realzar sus productos en cajas de regalo, paquetes o cestas. Una soluci\u00f3n ecol\u00f3gica y elegante.","breadcrumb":{"@id":"https:\/\/www.csj-emballages.com\/es\/produit\/virutas-de-madera-natural-5-kg\/#breadcrumb"},"inLanguage":"es","potentialAction":[{"@type":"ReadAction","target":["https:\/\/www.csj-emballages.com\/es\/produit\/virutas-de-madera-natural-5-kg\/"]}]},{"@type":"ImageObject","inLanguage":"es","@id":"https:\/\/www.csj-emballages.com\/es\/produit\/virutas-de-madera-natural-5-kg\/#primaryimage","url":"https:\/\/www.csj-emballages.com\/wp-content\/uploads\/2025\/07\/80370.webp","contentUrl":"https:\/\/www.csj-emballages.com\/wp-content\/uploads\/2025\/07\/80370.webp","width":800,"height":800,"caption":"Frisure de bois"},{"@type":"BreadcrumbList","@id":"https:\/\/www.csj-emballages.com\/es\/produit\/virutas-de-madera-natural-5-kg\/#breadcrumb","itemListElement":[{"@type":"ListItem","position":1,"name":"Accueil","item":"https:\/\/www.csj-emballages.com\/es\/universo-del-envasado-alimentario\/"},{"@type":"ListItem","position":2,"name":"Tienda","item":"https:\/\/www.csj-emballages.com\/tienda\/"},{"@type":"ListItem","position":3,"name":"Virutas de madera natural 5 kg"}]},{"@type":"WebSite","@id":"https:\/\/www.csj-emballages.com\/es\/#website","url":"https:\/\/www.csj-emballages.com\/es\/","name":"CSJ Emballages","description":"","publisher":{"@id":"https:\/\/www.csj-emballages.com\/es\/#organization"},"potentialAction":[{"@type":"SearchAction","target":{"@type":"EntryPoint","urlTemplate":"https:\/\/www.csj-emballages.com\/es\/?s={search_term_string}"},"query-input":{"@type":"PropertyValueSpecification","valueRequired":true,"valueName":"search_term_string"}}],"inLanguage":"es"},{"@type":"Organization","@id":"https:\/\/www.csj-emballages.com\/es\/#Organization\/","name":"CSJ Emballages","url":"https:\/\/www.csj-emballages.com\/es\/","logo":{"@type":"ImageObject","inLanguage":"es","@id":"https:\/\/www.csj-emballages.com\/es\/#\/schema\/logo\/image\/","url":"https:\/\/www.csj-emballages.com\/wp-content\/uploads\/2023\/10\/logo_csj.webp","contentUrl":"https:\/\/www.csj-emballages.com\/wp-content\/uploads\/2023\/10\/logo_csj.webp","width":250,"height":95,"caption":"CSJ Emballages"},"image":{"@id":"https:\/\/www.csj-emballages.com\/es\/#\/schema\/logo\/image\/"},"sameAs":["https:\/\/www.facebook.com\/csjemballages"],"address":{"@type":"PostalAddress","streetAddress":"ZI La Lechere","addressLocality":"Patornay","postalCode":"39130","addressCountry":"FR"},"contactPoint":[{"@type":"ContactPoint","contactType":"Service client","telephone":"0384254272","email":"contact@csj-emballages.com"}]}]}},"df_price":34.14,"df_sale_price":"","df_regular_price":34.14,"df_image_link":"https:\/\/www.csj-emballages.com\/wp-content\/uploads\/2025\/07\/80370-300x300.webp","tiered_pricing_type":"fixed","tiered_pricing_fixed_rules":[],"tiered_pricing_percentage_rules":[],"tiered_pricing_minimum":1,"tiered_pricing_roles_data":[],"_links":{"self":[{"href":"https:\/\/www.csj-emballages.com\/es\/wp-json\/wp\/v2\/product\/240002","targetHints":{"allow":["GET"]}}],"collection":[{"href":"https:\/\/www.csj-emballages.com\/es\/wp-json\/wp\/v2\/product"}],"about":[{"href":"https:\/\/www.csj-emballages.com\/es\/wp-json\/wp\/v2\/types\/product"}],"wp:featuredmedia":[{"embeddable":true,"href":"https:\/\/www.csj-emballages.com\/es\/wp-json\/wp\/v2\/media\/239988"}],"wp:attachment":[{"href":"https:\/\/www.csj-emballages.com\/es\/wp-json\/wp\/v2\/media?parent=240002"}],"wp:term":[{"taxonomy":"product_brand","embeddable":true,"href":"https:\/\/www.csj-emballages.com\/es\/wp-json\/wp\/v2\/product_brand?post=240002"},{"taxonomy":"product_cat","embeddable":true,"href":"https:\/\/www.csj-emballages.com\/es\/wp-json\/wp\/v2\/product_cat?post=240002"},{"taxonomy":"product_tag","embeddable":true,"href":"https:\/\/www.csj-emballages.com\/es\/wp-json\/wp\/v2\/product_tag?post=240002"}],"curies":[{"name":"wp","href":"https:\/\/api.w.org\/{rel}","templated":true}]}}