{"id":23955,"date":"2024-03-01T16:47:34","date_gmt":"2024-03-01T15:47:34","guid":{"rendered":"https:\/\/u15jnbdpoq.preview.infomaniak.website\/produit\/12-bobinas-de-papel-higienico-liso-alimentacion-central-200-m\/"},"modified":"2026-03-14T02:16:53","modified_gmt":"2026-03-14T01:16:53","slug":"12-bobinas-de-papel-higienico-liso-alimentacion-central-200-m","status":"publish","type":"product","link":"https:\/\/www.csj-emballages.com\/es\/produit\/12-bobinas-de-papel-higienico-liso-alimentacion-central-200-m\/","title":{"rendered":"Rollo higi\u00e9nico, liso, alimentaci\u00f3n central 200 m, paquete de 12"},"content":{"rendered":"<h2>Rollo de papel higi\u00e9nico<\/h2>\n<hr>\n<h3>Descripci\u00f3n de nuestro rollo de papel higi\u00e9nico liso alimentaci\u00f3n central 200 m x 12<\/h3>\n<p><!--more--><\/p>\n<div class=\"flex max-w-full flex-col flex-grow\">\n<div class=\"min-h-8 text-message flex w-full flex-col items-end gap-2 whitespace-normal break-words text-start [.text-message+&amp;]:mt-5\" dir=\"auto\" data-message-author-role=\"assistant\" data-message-id=\"266ca6f3-5e07-4948-bd20-80ac5e6da4a5\" data-message-model-slug=\"gpt-4o\">\n<div class=\"flex w-full flex-col gap-1 empty:hidden first:pt-[3px]\">\n<div class=\"markdown prose w-full break-words dark:prose-invert dark\">\n<p>Opte por un confort \u00f3ptimo con este <strong>rollo de papel higi\u00e9nico blanco liso y acolchado<\/strong>. Es <strong>agradablemente suave<\/strong> y <strong>suficientemente resistente<\/strong> para el uso diario. Adecuado tanto para <strong>profesionales<\/strong> (restaurantes, hoteles, oficinas) como para <strong>particulares<\/strong>, este paquete de <strong>12 rollos de 200 m<\/strong> garantiza <strong>una buena autonom\u00eda<\/strong> y una excelente relaci\u00f3n calidad-precio.  <\/p>\n<h3><\/h3>\n<\/div>\n<\/div>\n<\/div>\n<\/div>\n<p><!--more--><\/p>\n<h4>Ventajas:<\/h4>\n<ul>\n<li><strong>Suavidad y comodidad<\/strong>: Guata de calidad para un uso confortable.<\/li>\n<li><strong>Formato econ\u00f3mico<\/strong>: 200 m por rollo para una mayor duraci\u00f3n.<\/li>\n<li><strong>Uso universal<\/strong>: Adecuado para lavabos profesionales y dom\u00e9sticos.<\/li>\n<li><strong>Embalaje pr\u00e1ctico<\/strong>: paquete de 12 rollos para facilitar el suministro<\/li>\n<\/ul>\n<p>&nbsp;<\/p>\n<p><!--more--><\/p>\n<h4>Informaci\u00f3n adicional :<\/h4>\n<ul>\n<li><strong>Envase<\/strong>: Paquete de 12<\/li>\n<li><strong>Material<\/strong>: Guata pura<\/li>\n<li><b>Longitud: <\/b>200 m<\/li>\n<li><strong>Tipo<\/strong>: Liso<\/li>\n<li><strong>Color<\/strong>: blanco<\/li>\n<\/ul>\n<p>&nbsp;<\/p>\n<p><!--more--><\/p>\n<p>Encuentre aqu\u00ed nuestro dispensador compatible con este papel higi\u00e9nico: <span style=\"color: #d12727;\"><a style=\"color: #d12727;\" href=\"https:\/\/www.csj-emballages.com\/es\/produit\/dispensador-central-de-papel-higienico-para-ref-to210d60\/\">DISTRITO210D60<\/a><\/span><\/p>\n<p>&nbsp;<\/p>\n<p><!--more--><\/p>\n<p><a href=\"\/?product_cat=papier-hygieneniques\">Ver el resto de nuestra gama de papel higi\u00e9nico<\/a><\/p>\n","protected":false},"excerpt":{"rendered":"<p>Rollo de papel higi\u00e9nico Descripci\u00f3n de nuestro rollo de papel higi\u00e9nico liso alimentaci\u00f3n central 200 m x 12<\/p>\n","protected":false},"featured_media":221761,"template":"","meta":{"_acf_changed":false},"product_brand":[],"product_cat":[1226,1388,1389],"product_tag":[],"class_list":{"0":"post-23955","1":"product","2":"type-product","3":"status-publish","4":"has-post-thumbnail","6":"product_cat-higiene-y-mantenimiento","7":"product_cat-limpiar","8":"product_cat-papel-higienico-es","10":"first","11":"instock","12":"taxable","13":"shipping-taxable","14":"purchasable","15":"product-type-simple"},"acf":[],"yoast_head":"<!-- This site is optimized with the Yoast SEO Premium plugin v26.6 (Yoast SEO v26.6) - https:\/\/yoast.com\/wordpress\/plugins\/seo\/ -->\n<title>Rollo papel higi\u00e9nico guata lisa 200 m por 12<\/title>\n<meta name=\"description\" content=\"Descubra nuestro rollo de papel higi\u00e9nico de guata lisa 200 m x 12. Elija un paquete de 12 rollos de papel higi\u00e9nico de algod\u00f3n puro\" \/>\n<meta name=\"robots\" content=\"index, follow, max-snippet:-1, max-image-preview:large, max-video-preview:-1\" \/>\n<link rel=\"canonical\" href=\"https:\/\/www.csj-emballages.com\/es\/produit\/12-bobinas-de-papel-higienico-liso-alimentacion-central-200-m\/\" \/>\n<meta property=\"og:locale\" content=\"es_ES\" \/>\n<meta property=\"og:type\" content=\"article\" \/>\n<meta property=\"og:title\" content=\"Rollo higi\u00e9nico, liso, alimentaci\u00f3n central 200 m, paquete de 12\" \/>\n<meta property=\"og:description\" content=\"Descubra nuestro rollo de papel higi\u00e9nico de guata lisa 200 m x 12. Elija un paquete de 12 rollos de papel higi\u00e9nico de algod\u00f3n puro\" \/>\n<meta property=\"og:url\" content=\"https:\/\/www.csj-emballages.com\/es\/produit\/12-bobinas-de-papel-higienico-liso-alimentacion-central-200-m\/\" \/>\n<meta property=\"og:site_name\" content=\"CSJ Emballages\" \/>\n<meta property=\"article:publisher\" content=\"https:\/\/www.facebook.com\/csjemballages\" \/>\n<meta property=\"article:modified_time\" content=\"2026-03-14T01:16:53+00:00\" \/>\n<meta property=\"og:image\" content=\"https:\/\/www.csj-emballages.com\/wp-content\/uploads\/2024\/03\/TO210D60.webp\" \/>\n\t<meta property=\"og:image:width\" content=\"800\" \/>\n\t<meta property=\"og:image:height\" content=\"800\" \/>\n\t<meta property=\"og:image:type\" content=\"image\/webp\" \/>\n<meta name=\"twitter:card\" content=\"summary_large_image\" \/>\n<meta name=\"twitter:label1\" content=\"Tiempo de lectura\" \/>\n\t<meta name=\"twitter:data1\" content=\"1 minuto\" \/>\n<script type=\"application\/ld+json\" class=\"yoast-schema-graph\">{\"@context\":\"https:\/\/schema.org\",\"@graph\":[{\"@type\":\"WebPage\",\"@id\":\"https:\/\/www.csj-emballages.com\/es\/produit\/12-bobinas-de-papel-higienico-liso-alimentacion-central-200-m\/\",\"url\":\"https:\/\/www.csj-emballages.com\/es\/produit\/12-bobinas-de-papel-higienico-liso-alimentacion-central-200-m\/\",\"name\":\"Rollo papel higi\u00e9nico guata lisa 200 m por 12\",\"isPartOf\":{\"@id\":\"https:\/\/www.csj-emballages.com\/es\/#website\"},\"primaryImageOfPage\":{\"@id\":\"https:\/\/www.csj-emballages.com\/es\/produit\/12-bobinas-de-papel-higienico-liso-alimentacion-central-200-m\/#primaryimage\"},\"image\":{\"@id\":\"https:\/\/www.csj-emballages.com\/es\/produit\/12-bobinas-de-papel-higienico-liso-alimentacion-central-200-m\/#primaryimage\"},\"thumbnailUrl\":\"https:\/\/www.csj-emballages.com\/wp-content\/uploads\/2024\/03\/TO210D60.webp\",\"datePublished\":\"2024-03-01T15:47:34+00:00\",\"dateModified\":\"2026-03-14T01:16:53+00:00\",\"description\":\"Descubra nuestro rollo de papel higi\u00e9nico de guata lisa 200 m x 12. Elija un paquete de 12 rollos de papel higi\u00e9nico de algod\u00f3n puro\",\"breadcrumb\":{\"@id\":\"https:\/\/www.csj-emballages.com\/es\/produit\/12-bobinas-de-papel-higienico-liso-alimentacion-central-200-m\/#breadcrumb\"},\"inLanguage\":\"es\",\"potentialAction\":[{\"@type\":\"ReadAction\",\"target\":[\"https:\/\/www.csj-emballages.com\/es\/produit\/12-bobinas-de-papel-higienico-liso-alimentacion-central-200-m\/\"]}]},{\"@type\":\"ImageObject\",\"inLanguage\":\"es\",\"@id\":\"https:\/\/www.csj-emballages.com\/es\/produit\/12-bobinas-de-papel-higienico-liso-alimentacion-central-200-m\/#primaryimage\",\"url\":\"https:\/\/www.csj-emballages.com\/wp-content\/uploads\/2024\/03\/TO210D60.webp\",\"contentUrl\":\"https:\/\/www.csj-emballages.com\/wp-content\/uploads\/2024\/03\/TO210D60.webp\",\"width\":800,\"height\":800,\"caption\":\"Rouleau papier toilette\"},{\"@type\":\"BreadcrumbList\",\"@id\":\"https:\/\/www.csj-emballages.com\/es\/produit\/12-bobinas-de-papel-higienico-liso-alimentacion-central-200-m\/#breadcrumb\",\"itemListElement\":[{\"@type\":\"ListItem\",\"position\":1,\"name\":\"Accueil\",\"item\":\"https:\/\/www.csj-emballages.com\/es\/universo-del-envasado-alimentario\/\"},{\"@type\":\"ListItem\",\"position\":2,\"name\":\"Tienda\",\"item\":\"https:\/\/www.csj-emballages.com\/tienda\/\"},{\"@type\":\"ListItem\",\"position\":3,\"name\":\"Rollo higi\u00e9nico, liso, alimentaci\u00f3n central 200 m, paquete de 12\"}]},{\"@type\":\"WebSite\",\"@id\":\"https:\/\/www.csj-emballages.com\/es\/#website\",\"url\":\"https:\/\/www.csj-emballages.com\/es\/\",\"name\":\"CSJ Emballages\",\"description\":\"\",\"publisher\":{\"@id\":\"https:\/\/www.csj-emballages.com\/es\/#organization\"},\"potentialAction\":[{\"@type\":\"SearchAction\",\"target\":{\"@type\":\"EntryPoint\",\"urlTemplate\":\"https:\/\/www.csj-emballages.com\/es\/?s={search_term_string}\"},\"query-input\":{\"@type\":\"PropertyValueSpecification\",\"valueRequired\":true,\"valueName\":\"search_term_string\"}}],\"inLanguage\":\"es\"},{\"@type\":\"Organization\",\"@id\":\"https:\/\/www.csj-emballages.com\/es\/#Organization\/\",\"name\":\"CSJ Emballages\",\"url\":\"https:\/\/www.csj-emballages.com\/es\/\",\"logo\":{\"@type\":\"ImageObject\",\"inLanguage\":\"es\",\"@id\":\"https:\/\/www.csj-emballages.com\/es\/#\/schema\/logo\/image\/\",\"url\":\"https:\/\/www.csj-emballages.com\/wp-content\/uploads\/2023\/10\/logo_csj.webp\",\"contentUrl\":\"https:\/\/www.csj-emballages.com\/wp-content\/uploads\/2023\/10\/logo_csj.webp\",\"width\":250,\"height\":95,\"caption\":\"CSJ Emballages\"},\"image\":{\"@id\":\"https:\/\/www.csj-emballages.com\/es\/#\/schema\/logo\/image\/\"},\"sameAs\":[\"https:\/\/www.facebook.com\/csjemballages\"],\"address\":{\"@type\":\"PostalAddress\",\"streetAddress\":\"ZI La Lechere\",\"addressLocality\":\"Patornay\",\"postalCode\":\"39130\",\"addressCountry\":\"FR\"},\"contactPoint\":[{\"@type\":\"ContactPoint\",\"contactType\":\"Service client\",\"telephone\":\"0384254272\",\"email\":\"contact@csj-emballages.com\"}]}]}<\/script>\n<!-- \/ Yoast SEO Premium plugin. -->","yoast_head_json":{"title":"Rollo papel higi\u00e9nico guata lisa 200 m por 12","description":"Descubra nuestro rollo de papel higi\u00e9nico de guata lisa 200 m x 12. Elija un paquete de 12 rollos de papel higi\u00e9nico de algod\u00f3n puro","robots":{"index":"index","follow":"follow","max-snippet":"max-snippet:-1","max-image-preview":"max-image-preview:large","max-video-preview":"max-video-preview:-1"},"canonical":"https:\/\/www.csj-emballages.com\/es\/produit\/12-bobinas-de-papel-higienico-liso-alimentacion-central-200-m\/","og_locale":"es_ES","og_type":"article","og_title":"Rollo higi\u00e9nico, liso, alimentaci\u00f3n central 200 m, paquete de 12","og_description":"Descubra nuestro rollo de papel higi\u00e9nico de guata lisa 200 m x 12. Elija un paquete de 12 rollos de papel higi\u00e9nico de algod\u00f3n puro","og_url":"https:\/\/www.csj-emballages.com\/es\/produit\/12-bobinas-de-papel-higienico-liso-alimentacion-central-200-m\/","og_site_name":"CSJ Emballages","article_publisher":"https:\/\/www.facebook.com\/csjemballages","article_modified_time":"2026-03-14T01:16:53+00:00","og_image":[{"width":800,"height":800,"url":"https:\/\/www.csj-emballages.com\/wp-content\/uploads\/2024\/03\/TO210D60.webp","type":"image\/webp"}],"twitter_card":"summary_large_image","twitter_misc":{"Tiempo de lectura":"1 minuto"},"schema":{"@context":"https:\/\/schema.org","@graph":[{"@type":"WebPage","@id":"https:\/\/www.csj-emballages.com\/es\/produit\/12-bobinas-de-papel-higienico-liso-alimentacion-central-200-m\/","url":"https:\/\/www.csj-emballages.com\/es\/produit\/12-bobinas-de-papel-higienico-liso-alimentacion-central-200-m\/","name":"Rollo papel higi\u00e9nico guata lisa 200 m por 12","isPartOf":{"@id":"https:\/\/www.csj-emballages.com\/es\/#website"},"primaryImageOfPage":{"@id":"https:\/\/www.csj-emballages.com\/es\/produit\/12-bobinas-de-papel-higienico-liso-alimentacion-central-200-m\/#primaryimage"},"image":{"@id":"https:\/\/www.csj-emballages.com\/es\/produit\/12-bobinas-de-papel-higienico-liso-alimentacion-central-200-m\/#primaryimage"},"thumbnailUrl":"https:\/\/www.csj-emballages.com\/wp-content\/uploads\/2024\/03\/TO210D60.webp","datePublished":"2024-03-01T15:47:34+00:00","dateModified":"2026-03-14T01:16:53+00:00","description":"Descubra nuestro rollo de papel higi\u00e9nico de guata lisa 200 m x 12. Elija un paquete de 12 rollos de papel higi\u00e9nico de algod\u00f3n puro","breadcrumb":{"@id":"https:\/\/www.csj-emballages.com\/es\/produit\/12-bobinas-de-papel-higienico-liso-alimentacion-central-200-m\/#breadcrumb"},"inLanguage":"es","potentialAction":[{"@type":"ReadAction","target":["https:\/\/www.csj-emballages.com\/es\/produit\/12-bobinas-de-papel-higienico-liso-alimentacion-central-200-m\/"]}]},{"@type":"ImageObject","inLanguage":"es","@id":"https:\/\/www.csj-emballages.com\/es\/produit\/12-bobinas-de-papel-higienico-liso-alimentacion-central-200-m\/#primaryimage","url":"https:\/\/www.csj-emballages.com\/wp-content\/uploads\/2024\/03\/TO210D60.webp","contentUrl":"https:\/\/www.csj-emballages.com\/wp-content\/uploads\/2024\/03\/TO210D60.webp","width":800,"height":800,"caption":"Rouleau papier toilette"},{"@type":"BreadcrumbList","@id":"https:\/\/www.csj-emballages.com\/es\/produit\/12-bobinas-de-papel-higienico-liso-alimentacion-central-200-m\/#breadcrumb","itemListElement":[{"@type":"ListItem","position":1,"name":"Accueil","item":"https:\/\/www.csj-emballages.com\/es\/universo-del-envasado-alimentario\/"},{"@type":"ListItem","position":2,"name":"Tienda","item":"https:\/\/www.csj-emballages.com\/tienda\/"},{"@type":"ListItem","position":3,"name":"Rollo higi\u00e9nico, liso, alimentaci\u00f3n central 200 m, paquete de 12"}]},{"@type":"WebSite","@id":"https:\/\/www.csj-emballages.com\/es\/#website","url":"https:\/\/www.csj-emballages.com\/es\/","name":"CSJ Emballages","description":"","publisher":{"@id":"https:\/\/www.csj-emballages.com\/es\/#organization"},"potentialAction":[{"@type":"SearchAction","target":{"@type":"EntryPoint","urlTemplate":"https:\/\/www.csj-emballages.com\/es\/?s={search_term_string}"},"query-input":{"@type":"PropertyValueSpecification","valueRequired":true,"valueName":"search_term_string"}}],"inLanguage":"es"},{"@type":"Organization","@id":"https:\/\/www.csj-emballages.com\/es\/#Organization\/","name":"CSJ Emballages","url":"https:\/\/www.csj-emballages.com\/es\/","logo":{"@type":"ImageObject","inLanguage":"es","@id":"https:\/\/www.csj-emballages.com\/es\/#\/schema\/logo\/image\/","url":"https:\/\/www.csj-emballages.com\/wp-content\/uploads\/2023\/10\/logo_csj.webp","contentUrl":"https:\/\/www.csj-emballages.com\/wp-content\/uploads\/2023\/10\/logo_csj.webp","width":250,"height":95,"caption":"CSJ Emballages"},"image":{"@id":"https:\/\/www.csj-emballages.com\/es\/#\/schema\/logo\/image\/"},"sameAs":["https:\/\/www.facebook.com\/csjemballages"],"address":{"@type":"PostalAddress","streetAddress":"ZI La Lechere","addressLocality":"Patornay","postalCode":"39130","addressCountry":"FR"},"contactPoint":[{"@type":"ContactPoint","contactType":"Service client","telephone":"0384254272","email":"contact@csj-emballages.com"}]}]}},"df_price":36.98,"df_sale_price":"","df_regular_price":36.98,"df_image_link":"https:\/\/www.csj-emballages.com\/wp-content\/uploads\/2024\/03\/TO210D60-300x300.webp","tiered_pricing_type":"fixed","tiered_pricing_fixed_rules":[],"tiered_pricing_percentage_rules":[],"tiered_pricing_minimum":1,"tiered_pricing_roles_data":[],"_links":{"self":[{"href":"https:\/\/www.csj-emballages.com\/es\/wp-json\/wp\/v2\/product\/23955","targetHints":{"allow":["GET"]}}],"collection":[{"href":"https:\/\/www.csj-emballages.com\/es\/wp-json\/wp\/v2\/product"}],"about":[{"href":"https:\/\/www.csj-emballages.com\/es\/wp-json\/wp\/v2\/types\/product"}],"wp:featuredmedia":[{"embeddable":true,"href":"https:\/\/www.csj-emballages.com\/es\/wp-json\/wp\/v2\/media\/221761"}],"wp:attachment":[{"href":"https:\/\/www.csj-emballages.com\/es\/wp-json\/wp\/v2\/media?parent=23955"}],"wp:term":[{"taxonomy":"product_brand","embeddable":true,"href":"https:\/\/www.csj-emballages.com\/es\/wp-json\/wp\/v2\/product_brand?post=23955"},{"taxonomy":"product_cat","embeddable":true,"href":"https:\/\/www.csj-emballages.com\/es\/wp-json\/wp\/v2\/product_cat?post=23955"},{"taxonomy":"product_tag","embeddable":true,"href":"https:\/\/www.csj-emballages.com\/es\/wp-json\/wp\/v2\/product_tag?post=23955"}],"curies":[{"name":"wp","href":"https:\/\/api.w.org\/{rel}","templated":true}]}}