{"id":23947,"date":"2024-03-01T16:47:37","date_gmt":"2024-03-01T15:47:37","guid":{"rendered":"https:\/\/u15jnbdpoq.preview.infomaniak.website\/produit\/cajas-plegadas-ovaladas-colores-surtidos-105-x-40-x-25-mm\/"},"modified":"2026-03-12T16:46:31","modified_gmt":"2026-03-12T15:46:31","slug":"cajas-plegadas-ovaladas-colores-surtidos-105-x-40-x-25-mm","status":"publish","type":"product","link":"https:\/\/www.csj-emballages.com\/es\/produit\/cajas-plegadas-ovaladas-colores-surtidos-105-x-40-x-25-mm\/","title":{"rendered":"Caja ovalada de papel plisado de color 105 x 40 x 25 mm"},"content":{"rendered":"<h2>Caja ovalada de papel<\/h2>\n<hr>\n<h3>Descripci\u00f3n de nuestra caja ovalada de papel plisado de colores 105 x 40 x 25 mm<\/h3>\n<p><!--more--><\/p>\n<p data-start=\"104\" data-end=\"593\">Descubra la <strong data-start=\"117\" data-end=\"176\">bandeja de papel plisado ovalada coloreada de 105 x 40 x 25 mm<\/strong>, una soluci\u00f3n indispensable para realzar sus preparaciones garantizando una presentaci\u00f3n impecable. Fabricada con <strong data-start=\"296\" data-end=\"329\">papel alimentario de calidad<\/strong>, responde perfectamente a las necesidades de panaderos, pasteleros, restauradores y restauradores. Su <strong data-start=\"438\" data-end=\"461\">forma ovalada plisada<\/strong> sujeta firmemente sus productos, ya sean petits fours, mignardises, bocados salados o dulces.  <\/p>\n<p data-start=\"595\" data-end=\"996\">Con unas medidas <strong data-start=\"618\" data-end=\"638\">de 105 x 40 x 25 mm<\/strong>, esta <strong>caja de papel ovalada<\/strong> tiene un tama\u00f1o pr\u00e1ctico para llevar, exponer en escaparates o presentar en buf\u00e9s. Su <strong>colorido dise\u00f1o<\/strong> a\u00f1ade un <strong data-start=\"791\" data-end=\"821\">atractivo toque visual<\/strong>. Adem\u00e1s, es resistente e higi\u00e9nica, por lo que protege sus preparaciones y facilita su manipulaci\u00f3n.  <\/p>\n<p data-start=\"998\" data-end=\"1407\">El uso de esta bandeja de <strong data-start=\"1034\" data-end=\"1051\">papel plisado<\/strong> evita que los productos se peguen y garantiza una extracci\u00f3n r\u00e1pida y limpia del molde. Tambi\u00e9n es apta para el contacto directo con alimentos, por lo que cumple las normas de seguridad alimentaria. Tanto si sirve pasteles, entremeses individuales o amuse-bouches, esta <strong>bandeja<\/strong> es una forma fiable y atractiva de mostrar su experiencia.  <\/p>\n<p data-start=\"1409\" data-end=\"1785\">Ideal tanto para profesionales como para particulares apasionados por la pasteler\u00eda, la <strong data-start=\"1497\" data-end=\"1526\">caja de papel ovalada<\/strong> es un aliado ideal para realizar presentaciones de \u00e9xito en eventos, recepciones o simples ventas diarias. En definitiva, su aspecto refinado contribuye a reforzar la imagen de calidad de sus productos al tiempo que garantiza una presentaci\u00f3n armoniosa y atractiva. <\/p>\n<p data-start=\"1409\" data-end=\"1785\">\n<p data-start=\"1469\" data-end=\"1665\"><!--more--><\/p>\n<h4 data-start=\"1469\" data-end=\"1665\">Ventajas :<\/h4>\n<ul>\n<li><strong data-start=\"1810\" data-end=\"1827\">Adecuado para<\/strong> bocados, mignardises y petits fours.<\/li>\n<li><strong data-start=\"1874\" data-end=\"1903\">Papel plisado de calidad alimentaria<\/strong> para un desmoldeo r\u00e1pido y limpio.<\/li>\n<li>Su atractivo color <strong data-start=\"2013\" data-end=\"2040\">realza el impacto visual<\/strong> de sus creaciones.<\/li>\n<li><strong data-start=\"2089\" data-end=\"2126\">Soluci\u00f3n higi\u00e9nica y resistente<\/strong> para los profesionales de la restauraci\u00f3n.<\/li>\n<\/ul>\n<p>&nbsp;<\/p>\n<p><!--more--><\/p>\n<h4>Informaci\u00f3n adicional :<\/h4>\n<ul>\n<li><strong>Envase<\/strong>: Paquete de 1000<\/li>\n<li><strong>Dimensiones<\/strong>: 105 x 40 x 25 (L x A x A en mm)<\/li>\n<li><strong>Material<\/strong>: Papel<\/li>\n<li><strong>Color<\/strong>: An\u00eds \/ Fucsia \/ Lim\u00f3n \/ Naranja<\/li>\n<\/ul>\n<h3><\/h3>\n<p><!--more--><\/p>\n<p><a href=\"https:\/\/www.csj-emballages.com\/es\/categorie-produit\/envasado-de-alimentos\/panaderia-y-pasteleria\/soportes-de-base-para-tartas\/cajas-plisadas\/\">Ver el resto de nuestra gama de cajas plisadas<\/a><\/p>\n","protected":false},"excerpt":{"rendered":"<p>Caja ovalada de papel Descripci\u00f3n de nuestra caja ovalada de papel plisado de colores 105 x 40 x 25 mm<\/p>\n","protected":false},"featured_media":215463,"template":"","meta":{"_acf_changed":false},"product_brand":[],"product_cat":[1145,1911,3557,1270],"product_tag":[],"class_list":{"0":"post-23947","1":"product","2":"type-product","3":"status-publish","4":"has-post-thumbnail","6":"product_cat-panaderia-y-pasteleria","7":"product_cat-soportes-de-base-para-tartas","8":"product_cat-cajas-plisadas","9":"product_cat-descuentos","11":"first","12":"instock","13":"sale","14":"taxable","15":"shipping-taxable","16":"purchasable","17":"product-type-simple"},"acf":[],"yoast_head":"<!-- This site is optimized with the Yoast SEO Premium plugin v26.6 (Yoast SEO v26.6) - https:\/\/yoast.com\/wordpress\/plugins\/seo\/ -->\n<title>Caja ovalada de papel plisado Color 105 x 40 x 25 mm<\/title>\n<meta name=\"description\" content=\"Colorida y resistente caja de papel plisado ovalada de 105 x 40 x 25 mm, ideal para presentar y proteger sus creaciones dulces o saladas.\" \/>\n<meta name=\"robots\" content=\"index, follow, max-snippet:-1, max-image-preview:large, max-video-preview:-1\" \/>\n<link rel=\"canonical\" href=\"https:\/\/www.csj-emballages.com\/es\/produit\/cajas-plegadas-ovaladas-colores-surtidos-105-x-40-x-25-mm\/\" \/>\n<meta property=\"og:locale\" content=\"es_ES\" \/>\n<meta property=\"og:type\" content=\"article\" \/>\n<meta property=\"og:title\" content=\"Caja ovalada de papel plisado de color 105 x 40 x 25 mm\" \/>\n<meta property=\"og:description\" content=\"Colorida y resistente caja de papel plisado ovalada de 105 x 40 x 25 mm, ideal para presentar y proteger sus creaciones dulces o saladas.\" \/>\n<meta property=\"og:url\" content=\"https:\/\/www.csj-emballages.com\/es\/produit\/cajas-plegadas-ovaladas-colores-surtidos-105-x-40-x-25-mm\/\" \/>\n<meta property=\"og:site_name\" content=\"CSJ Emballages\" \/>\n<meta property=\"article:publisher\" content=\"https:\/\/www.facebook.com\/csjemballages\" \/>\n<meta property=\"article:modified_time\" content=\"2026-03-12T15:46:31+00:00\" \/>\n<meta property=\"og:image\" content=\"https:\/\/www.csj-emballages.com\/wp-content\/uploads\/2024\/03\/T88COU.webp\" \/>\n\t<meta property=\"og:image:width\" content=\"800\" \/>\n\t<meta property=\"og:image:height\" content=\"800\" \/>\n\t<meta property=\"og:image:type\" content=\"image\/webp\" \/>\n<meta name=\"twitter:card\" content=\"summary_large_image\" \/>\n<meta name=\"twitter:label1\" content=\"Tiempo de lectura\" \/>\n\t<meta name=\"twitter:data1\" content=\"2 minutos\" \/>\n<script type=\"application\/ld+json\" class=\"yoast-schema-graph\">{\"@context\":\"https:\/\/schema.org\",\"@graph\":[{\"@type\":\"WebPage\",\"@id\":\"https:\/\/www.csj-emballages.com\/es\/produit\/cajas-plegadas-ovaladas-colores-surtidos-105-x-40-x-25-mm\/\",\"url\":\"https:\/\/www.csj-emballages.com\/es\/produit\/cajas-plegadas-ovaladas-colores-surtidos-105-x-40-x-25-mm\/\",\"name\":\"Caja ovalada de papel plisado Color 105 x 40 x 25 mm\",\"isPartOf\":{\"@id\":\"https:\/\/www.csj-emballages.com\/es\/#website\"},\"primaryImageOfPage\":{\"@id\":\"https:\/\/www.csj-emballages.com\/es\/produit\/cajas-plegadas-ovaladas-colores-surtidos-105-x-40-x-25-mm\/#primaryimage\"},\"image\":{\"@id\":\"https:\/\/www.csj-emballages.com\/es\/produit\/cajas-plegadas-ovaladas-colores-surtidos-105-x-40-x-25-mm\/#primaryimage\"},\"thumbnailUrl\":\"https:\/\/www.csj-emballages.com\/wp-content\/uploads\/2024\/03\/T88COU.webp\",\"datePublished\":\"2024-03-01T15:47:37+00:00\",\"dateModified\":\"2026-03-12T15:46:31+00:00\",\"description\":\"Colorida y resistente caja de papel plisado ovalada de 105 x 40 x 25 mm, ideal para presentar y proteger sus creaciones dulces o saladas.\",\"breadcrumb\":{\"@id\":\"https:\/\/www.csj-emballages.com\/es\/produit\/cajas-plegadas-ovaladas-colores-surtidos-105-x-40-x-25-mm\/#breadcrumb\"},\"inLanguage\":\"es\",\"potentialAction\":[{\"@type\":\"ReadAction\",\"target\":[\"https:\/\/www.csj-emballages.com\/es\/produit\/cajas-plegadas-ovaladas-colores-surtidos-105-x-40-x-25-mm\/\"]}]},{\"@type\":\"ImageObject\",\"inLanguage\":\"es\",\"@id\":\"https:\/\/www.csj-emballages.com\/es\/produit\/cajas-plegadas-ovaladas-colores-surtidos-105-x-40-x-25-mm\/#primaryimage\",\"url\":\"https:\/\/www.csj-emballages.com\/wp-content\/uploads\/2024\/03\/T88COU.webp\",\"contentUrl\":\"https:\/\/www.csj-emballages.com\/wp-content\/uploads\/2024\/03\/T88COU.webp\",\"width\":800,\"height\":800,\"caption\":\"Caissette papier\"},{\"@type\":\"BreadcrumbList\",\"@id\":\"https:\/\/www.csj-emballages.com\/es\/produit\/cajas-plegadas-ovaladas-colores-surtidos-105-x-40-x-25-mm\/#breadcrumb\",\"itemListElement\":[{\"@type\":\"ListItem\",\"position\":1,\"name\":\"Accueil\",\"item\":\"https:\/\/www.csj-emballages.com\/es\/universo-del-envasado-alimentario\/\"},{\"@type\":\"ListItem\",\"position\":2,\"name\":\"Tienda\",\"item\":\"https:\/\/www.csj-emballages.com\/tienda\/\"},{\"@type\":\"ListItem\",\"position\":3,\"name\":\"Caja ovalada de papel plisado de color 105 x 40 x 25 mm\"}]},{\"@type\":\"WebSite\",\"@id\":\"https:\/\/www.csj-emballages.com\/es\/#website\",\"url\":\"https:\/\/www.csj-emballages.com\/es\/\",\"name\":\"CSJ Emballages\",\"description\":\"\",\"publisher\":{\"@id\":\"https:\/\/www.csj-emballages.com\/es\/#organization\"},\"potentialAction\":[{\"@type\":\"SearchAction\",\"target\":{\"@type\":\"EntryPoint\",\"urlTemplate\":\"https:\/\/www.csj-emballages.com\/es\/?s={search_term_string}\"},\"query-input\":{\"@type\":\"PropertyValueSpecification\",\"valueRequired\":true,\"valueName\":\"search_term_string\"}}],\"inLanguage\":\"es\"},{\"@type\":\"Organization\",\"@id\":\"https:\/\/www.csj-emballages.com\/es\/#Organization\/\",\"name\":\"CSJ Emballages\",\"url\":\"https:\/\/www.csj-emballages.com\/es\/\",\"logo\":{\"@type\":\"ImageObject\",\"inLanguage\":\"es\",\"@id\":\"https:\/\/www.csj-emballages.com\/es\/#\/schema\/logo\/image\/\",\"url\":\"https:\/\/www.csj-emballages.com\/wp-content\/uploads\/2023\/10\/logo_csj.webp\",\"contentUrl\":\"https:\/\/www.csj-emballages.com\/wp-content\/uploads\/2023\/10\/logo_csj.webp\",\"width\":250,\"height\":95,\"caption\":\"CSJ Emballages\"},\"image\":{\"@id\":\"https:\/\/www.csj-emballages.com\/es\/#\/schema\/logo\/image\/\"},\"sameAs\":[\"https:\/\/www.facebook.com\/csjemballages\"],\"address\":{\"@type\":\"PostalAddress\",\"streetAddress\":\"ZI La Lechere\",\"addressLocality\":\"Patornay\",\"postalCode\":\"39130\",\"addressCountry\":\"FR\"},\"contactPoint\":[{\"@type\":\"ContactPoint\",\"contactType\":\"Service client\",\"telephone\":\"0384254272\",\"email\":\"contact@csj-emballages.com\"}]}]}<\/script>\n<!-- \/ Yoast SEO Premium plugin. -->","yoast_head_json":{"title":"Caja ovalada de papel plisado Color 105 x 40 x 25 mm","description":"Colorida y resistente caja de papel plisado ovalada de 105 x 40 x 25 mm, ideal para presentar y proteger sus creaciones dulces o saladas.","robots":{"index":"index","follow":"follow","max-snippet":"max-snippet:-1","max-image-preview":"max-image-preview:large","max-video-preview":"max-video-preview:-1"},"canonical":"https:\/\/www.csj-emballages.com\/es\/produit\/cajas-plegadas-ovaladas-colores-surtidos-105-x-40-x-25-mm\/","og_locale":"es_ES","og_type":"article","og_title":"Caja ovalada de papel plisado de color 105 x 40 x 25 mm","og_description":"Colorida y resistente caja de papel plisado ovalada de 105 x 40 x 25 mm, ideal para presentar y proteger sus creaciones dulces o saladas.","og_url":"https:\/\/www.csj-emballages.com\/es\/produit\/cajas-plegadas-ovaladas-colores-surtidos-105-x-40-x-25-mm\/","og_site_name":"CSJ Emballages","article_publisher":"https:\/\/www.facebook.com\/csjemballages","article_modified_time":"2026-03-12T15:46:31+00:00","og_image":[{"width":800,"height":800,"url":"https:\/\/www.csj-emballages.com\/wp-content\/uploads\/2024\/03\/T88COU.webp","type":"image\/webp"}],"twitter_card":"summary_large_image","twitter_misc":{"Tiempo de lectura":"2 minutos"},"schema":{"@context":"https:\/\/schema.org","@graph":[{"@type":"WebPage","@id":"https:\/\/www.csj-emballages.com\/es\/produit\/cajas-plegadas-ovaladas-colores-surtidos-105-x-40-x-25-mm\/","url":"https:\/\/www.csj-emballages.com\/es\/produit\/cajas-plegadas-ovaladas-colores-surtidos-105-x-40-x-25-mm\/","name":"Caja ovalada de papel plisado Color 105 x 40 x 25 mm","isPartOf":{"@id":"https:\/\/www.csj-emballages.com\/es\/#website"},"primaryImageOfPage":{"@id":"https:\/\/www.csj-emballages.com\/es\/produit\/cajas-plegadas-ovaladas-colores-surtidos-105-x-40-x-25-mm\/#primaryimage"},"image":{"@id":"https:\/\/www.csj-emballages.com\/es\/produit\/cajas-plegadas-ovaladas-colores-surtidos-105-x-40-x-25-mm\/#primaryimage"},"thumbnailUrl":"https:\/\/www.csj-emballages.com\/wp-content\/uploads\/2024\/03\/T88COU.webp","datePublished":"2024-03-01T15:47:37+00:00","dateModified":"2026-03-12T15:46:31+00:00","description":"Colorida y resistente caja de papel plisado ovalada de 105 x 40 x 25 mm, ideal para presentar y proteger sus creaciones dulces o saladas.","breadcrumb":{"@id":"https:\/\/www.csj-emballages.com\/es\/produit\/cajas-plegadas-ovaladas-colores-surtidos-105-x-40-x-25-mm\/#breadcrumb"},"inLanguage":"es","potentialAction":[{"@type":"ReadAction","target":["https:\/\/www.csj-emballages.com\/es\/produit\/cajas-plegadas-ovaladas-colores-surtidos-105-x-40-x-25-mm\/"]}]},{"@type":"ImageObject","inLanguage":"es","@id":"https:\/\/www.csj-emballages.com\/es\/produit\/cajas-plegadas-ovaladas-colores-surtidos-105-x-40-x-25-mm\/#primaryimage","url":"https:\/\/www.csj-emballages.com\/wp-content\/uploads\/2024\/03\/T88COU.webp","contentUrl":"https:\/\/www.csj-emballages.com\/wp-content\/uploads\/2024\/03\/T88COU.webp","width":800,"height":800,"caption":"Caissette papier"},{"@type":"BreadcrumbList","@id":"https:\/\/www.csj-emballages.com\/es\/produit\/cajas-plegadas-ovaladas-colores-surtidos-105-x-40-x-25-mm\/#breadcrumb","itemListElement":[{"@type":"ListItem","position":1,"name":"Accueil","item":"https:\/\/www.csj-emballages.com\/es\/universo-del-envasado-alimentario\/"},{"@type":"ListItem","position":2,"name":"Tienda","item":"https:\/\/www.csj-emballages.com\/tienda\/"},{"@type":"ListItem","position":3,"name":"Caja ovalada de papel plisado de color 105 x 40 x 25 mm"}]},{"@type":"WebSite","@id":"https:\/\/www.csj-emballages.com\/es\/#website","url":"https:\/\/www.csj-emballages.com\/es\/","name":"CSJ Emballages","description":"","publisher":{"@id":"https:\/\/www.csj-emballages.com\/es\/#organization"},"potentialAction":[{"@type":"SearchAction","target":{"@type":"EntryPoint","urlTemplate":"https:\/\/www.csj-emballages.com\/es\/?s={search_term_string}"},"query-input":{"@type":"PropertyValueSpecification","valueRequired":true,"valueName":"search_term_string"}}],"inLanguage":"es"},{"@type":"Organization","@id":"https:\/\/www.csj-emballages.com\/es\/#Organization\/","name":"CSJ Emballages","url":"https:\/\/www.csj-emballages.com\/es\/","logo":{"@type":"ImageObject","inLanguage":"es","@id":"https:\/\/www.csj-emballages.com\/es\/#\/schema\/logo\/image\/","url":"https:\/\/www.csj-emballages.com\/wp-content\/uploads\/2023\/10\/logo_csj.webp","contentUrl":"https:\/\/www.csj-emballages.com\/wp-content\/uploads\/2023\/10\/logo_csj.webp","width":250,"height":95,"caption":"CSJ Emballages"},"image":{"@id":"https:\/\/www.csj-emballages.com\/es\/#\/schema\/logo\/image\/"},"sameAs":["https:\/\/www.facebook.com\/csjemballages"],"address":{"@type":"PostalAddress","streetAddress":"ZI La Lechere","addressLocality":"Patornay","postalCode":"39130","addressCountry":"FR"},"contactPoint":[{"@type":"ContactPoint","contactType":"Service client","telephone":"0384254272","email":"contact@csj-emballages.com"}]}]}},"df_price":20.38,"df_sale_price":20.38,"df_regular_price":25.48,"df_image_link":"https:\/\/www.csj-emballages.com\/wp-content\/uploads\/2024\/03\/T88COU-300x300.webp","tiered_pricing_type":"fixed","tiered_pricing_fixed_rules":[],"tiered_pricing_percentage_rules":[],"tiered_pricing_minimum":1,"tiered_pricing_roles_data":[],"_links":{"self":[{"href":"https:\/\/www.csj-emballages.com\/es\/wp-json\/wp\/v2\/product\/23947","targetHints":{"allow":["GET"]}}],"collection":[{"href":"https:\/\/www.csj-emballages.com\/es\/wp-json\/wp\/v2\/product"}],"about":[{"href":"https:\/\/www.csj-emballages.com\/es\/wp-json\/wp\/v2\/types\/product"}],"wp:featuredmedia":[{"embeddable":true,"href":"https:\/\/www.csj-emballages.com\/es\/wp-json\/wp\/v2\/media\/215463"}],"wp:attachment":[{"href":"https:\/\/www.csj-emballages.com\/es\/wp-json\/wp\/v2\/media?parent=23947"}],"wp:term":[{"taxonomy":"product_brand","embeddable":true,"href":"https:\/\/www.csj-emballages.com\/es\/wp-json\/wp\/v2\/product_brand?post=23947"},{"taxonomy":"product_cat","embeddable":true,"href":"https:\/\/www.csj-emballages.com\/es\/wp-json\/wp\/v2\/product_cat?post=23947"},{"taxonomy":"product_tag","embeddable":true,"href":"https:\/\/www.csj-emballages.com\/es\/wp-json\/wp\/v2\/product_tag?post=23947"}],"curies":[{"name":"wp","href":"https:\/\/api.w.org\/{rel}","templated":true}]}}