{"id":23930,"date":"2024-03-01T16:47:36","date_gmt":"2024-03-01T15:47:36","guid":{"rendered":"https:\/\/u15jnbdpoq.preview.infomaniak.website\/produit\/termometro-de-cocina\/"},"modified":"2026-03-12T16:46:38","modified_gmt":"2026-03-12T15:46:38","slug":"termometro-de-cocina","status":"publish","type":"product","link":"https:\/\/www.csj-emballages.com\/es\/produit\/termometro-de-cocina\/","title":{"rendered":"Term\u00f3metro de cocina"},"content":{"rendered":"<h2>Term\u00f3metro de cocina<\/h2>\n<hr>\n<h3>Descripci\u00f3n de nuestro term\u00f3metro de cocina<\/h3>\n<p><!--more--><\/p>\n<p data-start=\"0\" data-end=\"552\">Un <strong data-start=\"67\" data-end=\"93\">term\u00f3metro de cocina<\/strong> fiable es un aliado esencial si quiere que todas sus recetas sean un \u00e9xito. Tanto si es un cocinero experimentado como un repostero aficionado, este accesorio le permitir\u00e1 <g id=\"gid_1\">controlar la cocci\u00f3n de<\/g> sus platos con una precisi\u00f3n notable. Gracias a su sonda de <g id=\"gid_2\">acero inoxidable<\/g>, mide r\u00e1pidamente la temperatura central de sus alimentos, ya sea un trozo de carne, un alm\u00edbar o un delicado chocolate. El resultado es una cocci\u00f3n perfectamente controlada, preservando el sabor y la textura.   <\/p>\n<p data-start=\"554\" data-end=\"935\">No hay nada m\u00e1s frustrante que la carne demasiado seca o el caramelo quemado. Con este <strong data-start=\"644\" data-end=\"670\">term\u00f3metro de cocina<\/strong>, es f\u00e1cil vigilar cada paso. Basta con introducir la sonda y leer la pantalla clara y r\u00e1pida para ajustar el fuego o el horno. Adem\u00e1s, su dise\u00f1o ergon\u00f3mico hace que sea c\u00f3modo de sujetar, incluso durante un uso prolongado.   <\/p>\n<p data-start=\"937\" data-end=\"1266\">Adem\u00e1s, este <strong>term\u00f3metro<\/strong> es vers\u00e1til: se puede utilizar para el horno, la sart\u00e9n, la barbacoa o incluso para comprobar la temperatura de una salsa. Su tama\u00f1o compacto y su robustez facilitan su almacenamiento y limpieza, por lo que es ideal tanto para cocinas profesionales como dom\u00e9sticas. <\/p>\n<p data-start=\"1268\" data-end=\"1504\">Al elegir esta herramienta, ganar\u00e1 en precisi\u00f3n, eficacia y tranquilidad. Tanto si prepara un asado dominical como mermelada casera, ahora puede ofrecer a sus invitados platos cocinados a la perfecci\u00f3n. <\/p>\n<p data-start=\"1506\" data-end=\"1740\">En resumen, este <strong data-start=\"1519\" data-end=\"1545\">term\u00f3metro de cocina<\/strong> combina <strong data-start=\"1552\" data-end=\"1565\">funcionalidad<\/strong>, <strong data-start=\"1567\" data-end=\"1580\">fiabilidad<\/strong> y <strong data-start=\"1584\" data-end=\"1599\">rendimiento<\/strong>. Se est\u00e1 convirtiendo r\u00e1pidamente en un art\u00edculo imprescindible para cualquier persona a la que le guste cocinar sin estr\u00e9s y que busque el resultado perfecto en cada preparaci\u00f3n. <\/p>\n<p data-start=\"1506\" data-end=\"1740\"><!--more--><\/p>\n<h4 data-start=\"1506\" data-end=\"1740\">Ventajas :<\/h4>\n<ul>\n<li data-start=\"1506\" data-end=\"1740\"><strong data-start=\"1951\" data-end=\"1964\">Precisi\u00f3n<\/strong>: medici\u00f3n r\u00e1pida y fiable de la temperatura.<\/li>\n<li data-start=\"1506\" data-end=\"1740\"><strong data-start=\"2014\" data-end=\"2029\">Versatilidad<\/strong>: ideal para carnes, salsas, reposter\u00eda o barbacoas.<\/li>\n<li data-start=\"1506\" data-end=\"1740\"><strong data-start=\"2089\" data-end=\"2109\">Facilidad de uso<\/strong>: pantalla clara, tama\u00f1o compacto y mantenimiento sencillo.<\/li>\n<li data-start=\"1506\" data-end=\"1740\"><strong data-start=\"2169\" data-end=\"2183\">Durabilidad<\/strong>: sonda de acero inoxidable duradera.<\/li>\n<\/ul>\n<p>&nbsp;<\/p>\n<p><!--more--><\/p>\n<h4>Informaci\u00f3n adicional :<\/h4>\n<ul>\n<li><strong>Embalaje<\/strong>: Por unidad<\/li>\n<li><strong>Material<\/strong>: Pl\u00e1stico \/ Acero<\/li>\n<li><strong>Color<\/strong>: blanco<\/li>\n<li><strong>Temperatura de funcionamiento<\/strong>: -40\u00baC \/ +230\u00baC<\/li>\n<\/ul>\n<p>&nbsp;<\/p>\n<p><!--more--><\/p>\n<p><a href=\"https:\/\/www.csj-emballages.com\/es\/categorie-produit\/envasado-de-alimentos\/panaderia-y-pasteleria\/accesorios-y-equipamiento\/equipo\/\">Ver el resto de nuestra gama de equipos<\/a><\/p>\n","protected":false},"excerpt":{"rendered":"<p>Term\u00f3metro de cocina Descripci\u00f3n de nuestro term\u00f3metro de cocina<\/p>\n","protected":false},"featured_media":245273,"template":"","meta":{"_acf_changed":false},"product_brand":[],"product_cat":[1145,3593],"product_tag":[],"class_list":{"0":"post-23930","1":"product","2":"type-product","3":"status-publish","4":"has-post-thumbnail","6":"product_cat-panaderia-y-pasteleria","7":"product_cat-equipo","9":"first","10":"outofstock","11":"taxable","12":"shipping-taxable","13":"purchasable","14":"product-type-simple"},"acf":[],"yoast_head":"<!-- This site is optimized with the Yoast SEO Premium plugin v26.6 (Yoast SEO v26.6) - https:\/\/yoast.com\/wordpress\/plugins\/seo\/ -->\n<title>Term\u00f3metro de cocina<\/title>\n<meta name=\"description\" content=\"Term\u00f3metro de cocina preciso y robusto para controlar la temperatura de sus platos y facilitarle todas sus recetas.\" \/>\n<meta name=\"robots\" content=\"index, follow, max-snippet:-1, max-image-preview:large, max-video-preview:-1\" \/>\n<link rel=\"canonical\" href=\"https:\/\/www.csj-emballages.com\/es\/produit\/termometro-de-cocina\/\" \/>\n<meta property=\"og:locale\" content=\"es_ES\" \/>\n<meta property=\"og:type\" content=\"article\" \/>\n<meta property=\"og:title\" content=\"Term\u00f3metro de cocina\" \/>\n<meta property=\"og:description\" content=\"Term\u00f3metro de cocina preciso y robusto para controlar la temperatura de sus platos y facilitarle todas sus recetas.\" \/>\n<meta property=\"og:url\" content=\"https:\/\/www.csj-emballages.com\/es\/produit\/termometro-de-cocina\/\" \/>\n<meta property=\"og:site_name\" content=\"CSJ Emballages\" \/>\n<meta property=\"article:publisher\" content=\"https:\/\/www.facebook.com\/csjemballages\" \/>\n<meta property=\"article:modified_time\" content=\"2026-03-12T15:46:38+00:00\" \/>\n<meta property=\"og:image\" content=\"https:\/\/www.csj-emballages.com\/wp-content\/uploads\/2024\/03\/THERCUIS.webp\" \/>\n\t<meta property=\"og:image:width\" content=\"800\" \/>\n\t<meta property=\"og:image:height\" content=\"800\" \/>\n\t<meta property=\"og:image:type\" content=\"image\/png\" \/>\n<meta name=\"twitter:card\" content=\"summary_large_image\" \/>\n<meta name=\"twitter:label1\" content=\"Tiempo de lectura\" \/>\n\t<meta name=\"twitter:data1\" content=\"2 minutos\" \/>\n<script type=\"application\/ld+json\" class=\"yoast-schema-graph\">{\"@context\":\"https:\/\/schema.org\",\"@graph\":[{\"@type\":\"WebPage\",\"@id\":\"https:\/\/www.csj-emballages.com\/es\/produit\/termometro-de-cocina\/\",\"url\":\"https:\/\/www.csj-emballages.com\/es\/produit\/termometro-de-cocina\/\",\"name\":\"Term\u00f3metro de cocina\",\"isPartOf\":{\"@id\":\"https:\/\/www.csj-emballages.com\/es\/#website\"},\"primaryImageOfPage\":{\"@id\":\"https:\/\/www.csj-emballages.com\/es\/produit\/termometro-de-cocina\/#primaryimage\"},\"image\":{\"@id\":\"https:\/\/www.csj-emballages.com\/es\/produit\/termometro-de-cocina\/#primaryimage\"},\"thumbnailUrl\":\"https:\/\/www.csj-emballages.com\/wp-content\/uploads\/2024\/03\/THERCUIS.webp\",\"datePublished\":\"2024-03-01T15:47:36+00:00\",\"dateModified\":\"2026-03-12T15:46:38+00:00\",\"description\":\"Term\u00f3metro de cocina preciso y robusto para controlar la temperatura de sus platos y facilitarle todas sus recetas.\",\"breadcrumb\":{\"@id\":\"https:\/\/www.csj-emballages.com\/es\/produit\/termometro-de-cocina\/#breadcrumb\"},\"inLanguage\":\"es\",\"potentialAction\":[{\"@type\":\"ReadAction\",\"target\":[\"https:\/\/www.csj-emballages.com\/es\/produit\/termometro-de-cocina\/\"]}]},{\"@type\":\"ImageObject\",\"inLanguage\":\"es\",\"@id\":\"https:\/\/www.csj-emballages.com\/es\/produit\/termometro-de-cocina\/#primaryimage\",\"url\":\"https:\/\/www.csj-emballages.com\/wp-content\/uploads\/2024\/03\/THERCUIS.webp\",\"contentUrl\":\"https:\/\/www.csj-emballages.com\/wp-content\/uploads\/2024\/03\/THERCUIS.webp\",\"width\":800,\"height\":800,\"caption\":\"Thermom\u00e8tre de Cuisson\"},{\"@type\":\"BreadcrumbList\",\"@id\":\"https:\/\/www.csj-emballages.com\/es\/produit\/termometro-de-cocina\/#breadcrumb\",\"itemListElement\":[{\"@type\":\"ListItem\",\"position\":1,\"name\":\"Accueil\",\"item\":\"https:\/\/www.csj-emballages.com\/es\/universo-del-envasado-alimentario\/\"},{\"@type\":\"ListItem\",\"position\":2,\"name\":\"Tienda\",\"item\":\"https:\/\/www.csj-emballages.com\/tienda\/\"},{\"@type\":\"ListItem\",\"position\":3,\"name\":\"Term\u00f3metro de cocina\"}]},{\"@type\":\"WebSite\",\"@id\":\"https:\/\/www.csj-emballages.com\/es\/#website\",\"url\":\"https:\/\/www.csj-emballages.com\/es\/\",\"name\":\"CSJ Emballages\",\"description\":\"\",\"publisher\":{\"@id\":\"https:\/\/www.csj-emballages.com\/es\/#organization\"},\"potentialAction\":[{\"@type\":\"SearchAction\",\"target\":{\"@type\":\"EntryPoint\",\"urlTemplate\":\"https:\/\/www.csj-emballages.com\/es\/?s={search_term_string}\"},\"query-input\":{\"@type\":\"PropertyValueSpecification\",\"valueRequired\":true,\"valueName\":\"search_term_string\"}}],\"inLanguage\":\"es\"},{\"@type\":\"Organization\",\"@id\":\"https:\/\/www.csj-emballages.com\/es\/#Organization\/\",\"name\":\"CSJ Emballages\",\"url\":\"https:\/\/www.csj-emballages.com\/es\/\",\"logo\":{\"@type\":\"ImageObject\",\"inLanguage\":\"es\",\"@id\":\"https:\/\/www.csj-emballages.com\/es\/#\/schema\/logo\/image\/\",\"url\":\"https:\/\/www.csj-emballages.com\/wp-content\/uploads\/2023\/10\/logo_csj.webp\",\"contentUrl\":\"https:\/\/www.csj-emballages.com\/wp-content\/uploads\/2023\/10\/logo_csj.webp\",\"width\":250,\"height\":95,\"caption\":\"CSJ Emballages\"},\"image\":{\"@id\":\"https:\/\/www.csj-emballages.com\/es\/#\/schema\/logo\/image\/\"},\"sameAs\":[\"https:\/\/www.facebook.com\/csjemballages\"],\"address\":{\"@type\":\"PostalAddress\",\"streetAddress\":\"ZI La Lechere\",\"addressLocality\":\"Patornay\",\"postalCode\":\"39130\",\"addressCountry\":\"FR\"},\"contactPoint\":[{\"@type\":\"ContactPoint\",\"contactType\":\"Service client\",\"telephone\":\"0384254272\",\"email\":\"contact@csj-emballages.com\"}]}]}<\/script>\n<!-- \/ Yoast SEO Premium plugin. -->","yoast_head_json":{"title":"Term\u00f3metro de cocina","description":"Term\u00f3metro de cocina preciso y robusto para controlar la temperatura de sus platos y facilitarle todas sus recetas.","robots":{"index":"index","follow":"follow","max-snippet":"max-snippet:-1","max-image-preview":"max-image-preview:large","max-video-preview":"max-video-preview:-1"},"canonical":"https:\/\/www.csj-emballages.com\/es\/produit\/termometro-de-cocina\/","og_locale":"es_ES","og_type":"article","og_title":"Term\u00f3metro de cocina","og_description":"Term\u00f3metro de cocina preciso y robusto para controlar la temperatura de sus platos y facilitarle todas sus recetas.","og_url":"https:\/\/www.csj-emballages.com\/es\/produit\/termometro-de-cocina\/","og_site_name":"CSJ Emballages","article_publisher":"https:\/\/www.facebook.com\/csjemballages","article_modified_time":"2026-03-12T15:46:38+00:00","og_image":[{"width":800,"height":800,"url":"https:\/\/www.csj-emballages.com\/wp-content\/uploads\/2024\/03\/THERCUIS.webp","type":"image\/png"}],"twitter_card":"summary_large_image","twitter_misc":{"Tiempo de lectura":"2 minutos"},"schema":{"@context":"https:\/\/schema.org","@graph":[{"@type":"WebPage","@id":"https:\/\/www.csj-emballages.com\/es\/produit\/termometro-de-cocina\/","url":"https:\/\/www.csj-emballages.com\/es\/produit\/termometro-de-cocina\/","name":"Term\u00f3metro de cocina","isPartOf":{"@id":"https:\/\/www.csj-emballages.com\/es\/#website"},"primaryImageOfPage":{"@id":"https:\/\/www.csj-emballages.com\/es\/produit\/termometro-de-cocina\/#primaryimage"},"image":{"@id":"https:\/\/www.csj-emballages.com\/es\/produit\/termometro-de-cocina\/#primaryimage"},"thumbnailUrl":"https:\/\/www.csj-emballages.com\/wp-content\/uploads\/2024\/03\/THERCUIS.webp","datePublished":"2024-03-01T15:47:36+00:00","dateModified":"2026-03-12T15:46:38+00:00","description":"Term\u00f3metro de cocina preciso y robusto para controlar la temperatura de sus platos y facilitarle todas sus recetas.","breadcrumb":{"@id":"https:\/\/www.csj-emballages.com\/es\/produit\/termometro-de-cocina\/#breadcrumb"},"inLanguage":"es","potentialAction":[{"@type":"ReadAction","target":["https:\/\/www.csj-emballages.com\/es\/produit\/termometro-de-cocina\/"]}]},{"@type":"ImageObject","inLanguage":"es","@id":"https:\/\/www.csj-emballages.com\/es\/produit\/termometro-de-cocina\/#primaryimage","url":"https:\/\/www.csj-emballages.com\/wp-content\/uploads\/2024\/03\/THERCUIS.webp","contentUrl":"https:\/\/www.csj-emballages.com\/wp-content\/uploads\/2024\/03\/THERCUIS.webp","width":800,"height":800,"caption":"Thermom\u00e8tre de Cuisson"},{"@type":"BreadcrumbList","@id":"https:\/\/www.csj-emballages.com\/es\/produit\/termometro-de-cocina\/#breadcrumb","itemListElement":[{"@type":"ListItem","position":1,"name":"Accueil","item":"https:\/\/www.csj-emballages.com\/es\/universo-del-envasado-alimentario\/"},{"@type":"ListItem","position":2,"name":"Tienda","item":"https:\/\/www.csj-emballages.com\/tienda\/"},{"@type":"ListItem","position":3,"name":"Term\u00f3metro de cocina"}]},{"@type":"WebSite","@id":"https:\/\/www.csj-emballages.com\/es\/#website","url":"https:\/\/www.csj-emballages.com\/es\/","name":"CSJ Emballages","description":"","publisher":{"@id":"https:\/\/www.csj-emballages.com\/es\/#organization"},"potentialAction":[{"@type":"SearchAction","target":{"@type":"EntryPoint","urlTemplate":"https:\/\/www.csj-emballages.com\/es\/?s={search_term_string}"},"query-input":{"@type":"PropertyValueSpecification","valueRequired":true,"valueName":"search_term_string"}}],"inLanguage":"es"},{"@type":"Organization","@id":"https:\/\/www.csj-emballages.com\/es\/#Organization\/","name":"CSJ Emballages","url":"https:\/\/www.csj-emballages.com\/es\/","logo":{"@type":"ImageObject","inLanguage":"es","@id":"https:\/\/www.csj-emballages.com\/es\/#\/schema\/logo\/image\/","url":"https:\/\/www.csj-emballages.com\/wp-content\/uploads\/2023\/10\/logo_csj.webp","contentUrl":"https:\/\/www.csj-emballages.com\/wp-content\/uploads\/2023\/10\/logo_csj.webp","width":250,"height":95,"caption":"CSJ Emballages"},"image":{"@id":"https:\/\/www.csj-emballages.com\/es\/#\/schema\/logo\/image\/"},"sameAs":["https:\/\/www.facebook.com\/csjemballages"],"address":{"@type":"PostalAddress","streetAddress":"ZI La Lechere","addressLocality":"Patornay","postalCode":"39130","addressCountry":"FR"},"contactPoint":[{"@type":"ContactPoint","contactType":"Service client","telephone":"0384254272","email":"contact@csj-emballages.com"}]}]}},"df_price":19.62,"df_sale_price":"","df_regular_price":19.62,"df_image_link":"https:\/\/www.csj-emballages.com\/wp-content\/uploads\/2024\/03\/THERCUIS-300x300.webp","tiered_pricing_type":"fixed","tiered_pricing_fixed_rules":[],"tiered_pricing_percentage_rules":[],"tiered_pricing_minimum":1,"tiered_pricing_roles_data":[],"_links":{"self":[{"href":"https:\/\/www.csj-emballages.com\/es\/wp-json\/wp\/v2\/product\/23930","targetHints":{"allow":["GET"]}}],"collection":[{"href":"https:\/\/www.csj-emballages.com\/es\/wp-json\/wp\/v2\/product"}],"about":[{"href":"https:\/\/www.csj-emballages.com\/es\/wp-json\/wp\/v2\/types\/product"}],"wp:featuredmedia":[{"embeddable":true,"href":"https:\/\/www.csj-emballages.com\/es\/wp-json\/wp\/v2\/media\/245273"}],"wp:attachment":[{"href":"https:\/\/www.csj-emballages.com\/es\/wp-json\/wp\/v2\/media?parent=23930"}],"wp:term":[{"taxonomy":"product_brand","embeddable":true,"href":"https:\/\/www.csj-emballages.com\/es\/wp-json\/wp\/v2\/product_brand?post=23930"},{"taxonomy":"product_cat","embeddable":true,"href":"https:\/\/www.csj-emballages.com\/es\/wp-json\/wp\/v2\/product_cat?post=23930"},{"taxonomy":"product_tag","embeddable":true,"href":"https:\/\/www.csj-emballages.com\/es\/wp-json\/wp\/v2\/product_tag?post=23930"}],"curies":[{"name":"wp","href":"https:\/\/api.w.org\/{rel}","templated":true}]}}