{"id":23924,"date":"2024-03-01T16:47:37","date_gmt":"2024-03-01T15:47:37","guid":{"rendered":"https:\/\/u15jnbdpoq.preview.infomaniak.website\/produit\/50-soportes-redondos-de-plastico-negro-de-8-cm\/"},"modified":"2026-04-14T02:23:17","modified_gmt":"2026-04-14T00:23:17","slug":"50-soportes-redondos-de-plastico-negro-de-8-cm","status":"publish","type":"product","link":"https:\/\/www.csj-emballages.com\/es\/produit\/50-soportes-redondos-de-plastico-negro-de-8-cm\/","title":{"rendered":"Soporte redondo de pl\u00e1stico negro de 8 cm por 50"},"content":{"rendered":"<h2>Soporte negro<\/h2>\n<hr>\n<h3>Descripci\u00f3n de nuestro soporte redondo de pl\u00e1stico negro de 8 cm por 50<\/h3>\n<p><!--more--><\/p>\n<p data-start=\"242\" data-end=\"566\">El <strong data-start=\"245\" data-end=\"284\">soporte redondo de pl\u00e1stico negro de 8 cm<\/strong> es indispensable para todo aquel que desee presentar sus <strong>aperitivos<\/strong> con elegancia y practicidad. Se vende <strong>en paquetes de 50<\/strong> unidades y se adapta perfectamente a las necesidades de <strong data-start=\"461\" data-end=\"474\">hosteleros<\/strong> y <strong data-start=\"476\" data-end=\"493\">restauradores<\/strong>, as\u00ed como de <strong data-start=\"510\" data-end=\"526\">particulares<\/strong> a los que les gusta agasajar con estilo. Con su <strong data-start=\"577\" data-end=\"604\">dise\u00f1o sobrio y moderno<\/strong>, este <strong>soporte para mise en bouche<\/strong> realza al instante sus creaciones culinarias, ya sean aperitivos salados o dulces. Su <strong data-start=\"790\" data-end=\"815\">forma redondeada y depurada<\/strong> atrae las miradas sin robar protagonismo a sus preparaciones: sus platos siguen siendo las verdaderas estrellas de la mesa.   <\/p>\n<p data-start=\"926\" data-end=\"1283\">Fabricado en <strong>pl\u00e1stico<\/strong>, este <strong>soporte negro<\/strong> es a la vez <strong data-start=\"977\" data-end=\"1001\">ligero y resistente<\/strong>, por lo que es f\u00e1cil de manejar y seguro de usar. Est\u00e1 dise\u00f1ado para resistir un uso profesional, sin dejar de ser accesible y pr\u00e1ctico para eventos m\u00e1s familiares: bodas, c\u00f3cteles, cumplea\u00f1os o simples cenas de aperitivo. <\/p>\n<p data-start=\"1285\" data-end=\"1624\">Gracias a su formato <strong>de 8 cm<\/strong>, ofrece <strong data-start=\"1325\" data-end=\"1371\">un espacio ideal para una raci\u00f3n individual<\/strong>. Le permitir\u00e1 servir con esmero a sus invitados, a\u00f1adiendo un toque profesional a sus buffets y bandejas de degustaci\u00f3n. Apilables y f\u00e1ciles de guardar, estos <strong>soportes negros para mise en bouche<\/strong> tambi\u00e9n le ahorrar\u00e1n tiempo a la hora de montar y limpiar.  <\/p>\n<p data-start=\"1626\" data-end=\"1807\">En resumen, elegir este <strong>paquete de 50<\/strong> <strong>portavelas redondos<\/strong> negros significa elegir una presentaci\u00f3n elegante y profesional, adem\u00e1s de una soluci\u00f3n pr\u00e1ctica, econ\u00f3mica y elegante.<\/p>\n<p data-start=\"1626\" data-end=\"1807\">\n<p data-start=\"1610\" data-end=\"1830\"><!--more--><\/p>\n<h4>Ventajas :<\/h4>\n<ul>\n<li>Presentaci\u00f3n elegante y profesional.<\/li>\n<li>Color negro para resaltar sus preparativos.<\/li>\n<li>Tama\u00f1o ideal para aperitivos y mini postres.<\/li>\n<li>Pl\u00e1stico r\u00edgido, pr\u00e1ctico y resistente.<\/li>\n<li>Paquete econ\u00f3mico de 50 soportes.<\/li>\n<li>Adecuado para empresas de catering, restaurantes y particulares.<\/li>\n<\/ul>\n<p>&nbsp;<\/p>\n<p><!--more--><\/p>\n<h4>Informaci\u00f3n adicional :<\/h4>\n<ul>\n<li><strong>Envase<\/strong>: Paquete de 50<\/li>\n<li><strong>Di\u00e1metro<\/strong>: 80 mm<\/li>\n<li><strong>Altura de la leng\u00fceta<\/strong>: 26 mm<\/li>\n<li><strong>Color<\/strong>: Negro<\/li>\n<li><strong>Material<\/strong>: Poliestireno<\/li>\n<\/ul>\n<h2><\/h2>\n<p><!--more--><\/p>\n<p>Tambi\u00e9n disponible en formato cuadrado: <span style=\"color: #d12727;\"><a style=\"color: #d12727;\" href=\"https:\/\/www.csj-emballages.com\/es\/produit\/50-soportes-cuadrados-negros-de-plastico-de-8-cm\/\">T80C<\/a><\/span><\/p>\n<p>&nbsp;<\/p>\n<p><!--more--><\/p>\n<p><a href=\"https:\/\/www.csj-emballages.com\/es\/categorie-produit\/envasado-de-alimentos\/carniceria-y-charcuteria\/tazas-tarros-vasos\/apoyo-a-la-puesta-en-marcha\/\">Vea el resto de nuestra gama de apetitosos soportes<\/a><\/p>\n","protected":false},"excerpt":{"rendered":"<p>Soporte negro Descripci\u00f3n de nuestro soporte redondo de pl\u00e1stico negro de 8 cm por 50<\/p>\n","protected":false},"featured_media":240885,"template":"","meta":{"_acf_changed":false},"product_brand":[],"product_cat":[1143,1324,3591],"product_tag":[],"class_list":{"0":"post-23924","1":"product","2":"type-product","3":"status-publish","4":"has-post-thumbnail","6":"product_cat-carniceria-y-charcuteria","7":"product_cat-tazas-tarros-vasos","8":"product_cat-apoyo-a-la-puesta-en-marcha","10":"first","11":"instock","12":"taxable","13":"shipping-taxable","14":"purchasable","15":"product-type-simple"},"acf":[],"yoast_head":"<!-- This site is optimized with the Yoast SEO Premium plugin v26.6 (Yoast SEO v26.6) - https:\/\/yoast.com\/wordpress\/plugins\/seo\/ -->\n<title>Soporte Boquilla redonda de pl\u00e1stico negro de 8 cm por 50<\/title>\n<meta name=\"description\" content=\"Soporte redondo de pl\u00e1stico negro, 8 cm x 50: la forma ideal para que los servicios de catering y los clientes particulares realcen sus aperitivos con elegancia y practicidad.\" \/>\n<meta name=\"robots\" content=\"index, follow, max-snippet:-1, max-image-preview:large, max-video-preview:-1\" \/>\n<link rel=\"canonical\" href=\"https:\/\/www.csj-emballages.com\/es\/produit\/50-soportes-redondos-de-plastico-negro-de-8-cm\/\" \/>\n<meta property=\"og:locale\" content=\"es_ES\" \/>\n<meta property=\"og:type\" content=\"article\" \/>\n<meta property=\"og:title\" content=\"Soporte redondo de pl\u00e1stico negro de 8 cm por 50\" \/>\n<meta property=\"og:description\" content=\"Soporte redondo de pl\u00e1stico negro, 8 cm x 50: la forma ideal para que los servicios de catering y los clientes particulares realcen sus aperitivos con elegancia y practicidad.\" \/>\n<meta property=\"og:url\" content=\"https:\/\/www.csj-emballages.com\/es\/produit\/50-soportes-redondos-de-plastico-negro-de-8-cm\/\" \/>\n<meta property=\"og:site_name\" content=\"CSJ Emballages\" \/>\n<meta property=\"article:publisher\" content=\"https:\/\/www.facebook.com\/csjemballages\" \/>\n<meta property=\"article:modified_time\" content=\"2026-04-14T00:23:17+00:00\" \/>\n<meta property=\"og:image\" content=\"https:\/\/www.csj-emballages.com\/wp-content\/uploads\/2024\/03\/T80R-2.webp\" \/>\n\t<meta property=\"og:image:width\" content=\"800\" \/>\n\t<meta property=\"og:image:height\" content=\"800\" \/>\n\t<meta property=\"og:image:type\" content=\"image\/webp\" \/>\n<meta name=\"twitter:card\" content=\"summary_large_image\" \/>\n<meta name=\"twitter:label1\" content=\"Tiempo de lectura\" \/>\n\t<meta name=\"twitter:data1\" content=\"2 minutos\" \/>\n<script type=\"application\/ld+json\" class=\"yoast-schema-graph\">{\"@context\":\"https:\/\/schema.org\",\"@graph\":[{\"@type\":\"WebPage\",\"@id\":\"https:\/\/www.csj-emballages.com\/es\/produit\/50-soportes-redondos-de-plastico-negro-de-8-cm\/\",\"url\":\"https:\/\/www.csj-emballages.com\/es\/produit\/50-soportes-redondos-de-plastico-negro-de-8-cm\/\",\"name\":\"Soporte Boquilla redonda de pl\u00e1stico negro de 8 cm por 50\",\"isPartOf\":{\"@id\":\"https:\/\/www.csj-emballages.com\/es\/#website\"},\"primaryImageOfPage\":{\"@id\":\"https:\/\/www.csj-emballages.com\/es\/produit\/50-soportes-redondos-de-plastico-negro-de-8-cm\/#primaryimage\"},\"image\":{\"@id\":\"https:\/\/www.csj-emballages.com\/es\/produit\/50-soportes-redondos-de-plastico-negro-de-8-cm\/#primaryimage\"},\"thumbnailUrl\":\"https:\/\/www.csj-emballages.com\/wp-content\/uploads\/2024\/03\/T80R-2.webp\",\"datePublished\":\"2024-03-01T15:47:37+00:00\",\"dateModified\":\"2026-04-14T00:23:17+00:00\",\"description\":\"Soporte redondo de pl\u00e1stico negro, 8 cm x 50: la forma ideal para que los servicios de catering y los clientes particulares realcen sus aperitivos con elegancia y practicidad.\",\"breadcrumb\":{\"@id\":\"https:\/\/www.csj-emballages.com\/es\/produit\/50-soportes-redondos-de-plastico-negro-de-8-cm\/#breadcrumb\"},\"inLanguage\":\"es\",\"potentialAction\":[{\"@type\":\"ReadAction\",\"target\":[\"https:\/\/www.csj-emballages.com\/es\/produit\/50-soportes-redondos-de-plastico-negro-de-8-cm\/\"]}]},{\"@type\":\"ImageObject\",\"inLanguage\":\"es\",\"@id\":\"https:\/\/www.csj-emballages.com\/es\/produit\/50-soportes-redondos-de-plastico-negro-de-8-cm\/#primaryimage\",\"url\":\"https:\/\/www.csj-emballages.com\/wp-content\/uploads\/2024\/03\/T80R-2.webp\",\"contentUrl\":\"https:\/\/www.csj-emballages.com\/wp-content\/uploads\/2024\/03\/T80R-2.webp\",\"width\":800,\"height\":800,\"caption\":\"Support noir\"},{\"@type\":\"BreadcrumbList\",\"@id\":\"https:\/\/www.csj-emballages.com\/es\/produit\/50-soportes-redondos-de-plastico-negro-de-8-cm\/#breadcrumb\",\"itemListElement\":[{\"@type\":\"ListItem\",\"position\":1,\"name\":\"Accueil\",\"item\":\"https:\/\/www.csj-emballages.com\/es\/universo-del-envasado-alimentario\/\"},{\"@type\":\"ListItem\",\"position\":2,\"name\":\"Tienda\",\"item\":\"https:\/\/www.csj-emballages.com\/tienda\/\"},{\"@type\":\"ListItem\",\"position\":3,\"name\":\"Soporte redondo de pl\u00e1stico negro de 8 cm por 50\"}]},{\"@type\":\"WebSite\",\"@id\":\"https:\/\/www.csj-emballages.com\/es\/#website\",\"url\":\"https:\/\/www.csj-emballages.com\/es\/\",\"name\":\"CSJ Emballages\",\"description\":\"\",\"publisher\":{\"@id\":\"https:\/\/www.csj-emballages.com\/es\/#organization\"},\"potentialAction\":[{\"@type\":\"SearchAction\",\"target\":{\"@type\":\"EntryPoint\",\"urlTemplate\":\"https:\/\/www.csj-emballages.com\/es\/?s={search_term_string}\"},\"query-input\":{\"@type\":\"PropertyValueSpecification\",\"valueRequired\":true,\"valueName\":\"search_term_string\"}}],\"inLanguage\":\"es\"},{\"@type\":\"Organization\",\"@id\":\"https:\/\/www.csj-emballages.com\/es\/#Organization\/\",\"name\":\"CSJ Emballages\",\"url\":\"https:\/\/www.csj-emballages.com\/es\/\",\"logo\":{\"@type\":\"ImageObject\",\"inLanguage\":\"es\",\"@id\":\"https:\/\/www.csj-emballages.com\/es\/#\/schema\/logo\/image\/\",\"url\":\"https:\/\/www.csj-emballages.com\/wp-content\/uploads\/2023\/10\/logo_csj.webp\",\"contentUrl\":\"https:\/\/www.csj-emballages.com\/wp-content\/uploads\/2023\/10\/logo_csj.webp\",\"width\":250,\"height\":95,\"caption\":\"CSJ Emballages\"},\"image\":{\"@id\":\"https:\/\/www.csj-emballages.com\/es\/#\/schema\/logo\/image\/\"},\"sameAs\":[\"https:\/\/www.facebook.com\/csjemballages\"],\"address\":{\"@type\":\"PostalAddress\",\"streetAddress\":\"ZI La Lechere\",\"addressLocality\":\"Patornay\",\"postalCode\":\"39130\",\"addressCountry\":\"FR\"},\"contactPoint\":[{\"@type\":\"ContactPoint\",\"contactType\":\"Service client\",\"telephone\":\"0384254272\",\"email\":\"contact@csj-emballages.com\"}]}]}<\/script>\n<!-- \/ Yoast SEO Premium plugin. -->","yoast_head_json":{"title":"Soporte Boquilla redonda de pl\u00e1stico negro de 8 cm por 50","description":"Soporte redondo de pl\u00e1stico negro, 8 cm x 50: la forma ideal para que los servicios de catering y los clientes particulares realcen sus aperitivos con elegancia y practicidad.","robots":{"index":"index","follow":"follow","max-snippet":"max-snippet:-1","max-image-preview":"max-image-preview:large","max-video-preview":"max-video-preview:-1"},"canonical":"https:\/\/www.csj-emballages.com\/es\/produit\/50-soportes-redondos-de-plastico-negro-de-8-cm\/","og_locale":"es_ES","og_type":"article","og_title":"Soporte redondo de pl\u00e1stico negro de 8 cm por 50","og_description":"Soporte redondo de pl\u00e1stico negro, 8 cm x 50: la forma ideal para que los servicios de catering y los clientes particulares realcen sus aperitivos con elegancia y practicidad.","og_url":"https:\/\/www.csj-emballages.com\/es\/produit\/50-soportes-redondos-de-plastico-negro-de-8-cm\/","og_site_name":"CSJ Emballages","article_publisher":"https:\/\/www.facebook.com\/csjemballages","article_modified_time":"2026-04-14T00:23:17+00:00","og_image":[{"width":800,"height":800,"url":"https:\/\/www.csj-emballages.com\/wp-content\/uploads\/2024\/03\/T80R-2.webp","type":"image\/webp"}],"twitter_card":"summary_large_image","twitter_misc":{"Tiempo de lectura":"2 minutos"},"schema":{"@context":"https:\/\/schema.org","@graph":[{"@type":"WebPage","@id":"https:\/\/www.csj-emballages.com\/es\/produit\/50-soportes-redondos-de-plastico-negro-de-8-cm\/","url":"https:\/\/www.csj-emballages.com\/es\/produit\/50-soportes-redondos-de-plastico-negro-de-8-cm\/","name":"Soporte Boquilla redonda de pl\u00e1stico negro de 8 cm por 50","isPartOf":{"@id":"https:\/\/www.csj-emballages.com\/es\/#website"},"primaryImageOfPage":{"@id":"https:\/\/www.csj-emballages.com\/es\/produit\/50-soportes-redondos-de-plastico-negro-de-8-cm\/#primaryimage"},"image":{"@id":"https:\/\/www.csj-emballages.com\/es\/produit\/50-soportes-redondos-de-plastico-negro-de-8-cm\/#primaryimage"},"thumbnailUrl":"https:\/\/www.csj-emballages.com\/wp-content\/uploads\/2024\/03\/T80R-2.webp","datePublished":"2024-03-01T15:47:37+00:00","dateModified":"2026-04-14T00:23:17+00:00","description":"Soporte redondo de pl\u00e1stico negro, 8 cm x 50: la forma ideal para que los servicios de catering y los clientes particulares realcen sus aperitivos con elegancia y practicidad.","breadcrumb":{"@id":"https:\/\/www.csj-emballages.com\/es\/produit\/50-soportes-redondos-de-plastico-negro-de-8-cm\/#breadcrumb"},"inLanguage":"es","potentialAction":[{"@type":"ReadAction","target":["https:\/\/www.csj-emballages.com\/es\/produit\/50-soportes-redondos-de-plastico-negro-de-8-cm\/"]}]},{"@type":"ImageObject","inLanguage":"es","@id":"https:\/\/www.csj-emballages.com\/es\/produit\/50-soportes-redondos-de-plastico-negro-de-8-cm\/#primaryimage","url":"https:\/\/www.csj-emballages.com\/wp-content\/uploads\/2024\/03\/T80R-2.webp","contentUrl":"https:\/\/www.csj-emballages.com\/wp-content\/uploads\/2024\/03\/T80R-2.webp","width":800,"height":800,"caption":"Support noir"},{"@type":"BreadcrumbList","@id":"https:\/\/www.csj-emballages.com\/es\/produit\/50-soportes-redondos-de-plastico-negro-de-8-cm\/#breadcrumb","itemListElement":[{"@type":"ListItem","position":1,"name":"Accueil","item":"https:\/\/www.csj-emballages.com\/es\/universo-del-envasado-alimentario\/"},{"@type":"ListItem","position":2,"name":"Tienda","item":"https:\/\/www.csj-emballages.com\/tienda\/"},{"@type":"ListItem","position":3,"name":"Soporte redondo de pl\u00e1stico negro de 8 cm por 50"}]},{"@type":"WebSite","@id":"https:\/\/www.csj-emballages.com\/es\/#website","url":"https:\/\/www.csj-emballages.com\/es\/","name":"CSJ Emballages","description":"","publisher":{"@id":"https:\/\/www.csj-emballages.com\/es\/#organization"},"potentialAction":[{"@type":"SearchAction","target":{"@type":"EntryPoint","urlTemplate":"https:\/\/www.csj-emballages.com\/es\/?s={search_term_string}"},"query-input":{"@type":"PropertyValueSpecification","valueRequired":true,"valueName":"search_term_string"}}],"inLanguage":"es"},{"@type":"Organization","@id":"https:\/\/www.csj-emballages.com\/es\/#Organization\/","name":"CSJ Emballages","url":"https:\/\/www.csj-emballages.com\/es\/","logo":{"@type":"ImageObject","inLanguage":"es","@id":"https:\/\/www.csj-emballages.com\/es\/#\/schema\/logo\/image\/","url":"https:\/\/www.csj-emballages.com\/wp-content\/uploads\/2023\/10\/logo_csj.webp","contentUrl":"https:\/\/www.csj-emballages.com\/wp-content\/uploads\/2023\/10\/logo_csj.webp","width":250,"height":95,"caption":"CSJ Emballages"},"image":{"@id":"https:\/\/www.csj-emballages.com\/es\/#\/schema\/logo\/image\/"},"sameAs":["https:\/\/www.facebook.com\/csjemballages"],"address":{"@type":"PostalAddress","streetAddress":"ZI La Lechere","addressLocality":"Patornay","postalCode":"39130","addressCountry":"FR"},"contactPoint":[{"@type":"ContactPoint","contactType":"Service client","telephone":"0384254272","email":"contact@csj-emballages.com"}]}]}},"df_price":4.74,"df_sale_price":"","df_regular_price":4.74,"df_image_link":"https:\/\/www.csj-emballages.com\/wp-content\/uploads\/2024\/03\/T80R-2-300x300.webp","tiered_pricing_type":"fixed","tiered_pricing_fixed_rules":[],"tiered_pricing_percentage_rules":[],"tiered_pricing_minimum":1,"tiered_pricing_roles_data":[],"_links":{"self":[{"href":"https:\/\/www.csj-emballages.com\/es\/wp-json\/wp\/v2\/product\/23924","targetHints":{"allow":["GET"]}}],"collection":[{"href":"https:\/\/www.csj-emballages.com\/es\/wp-json\/wp\/v2\/product"}],"about":[{"href":"https:\/\/www.csj-emballages.com\/es\/wp-json\/wp\/v2\/types\/product"}],"wp:featuredmedia":[{"embeddable":true,"href":"https:\/\/www.csj-emballages.com\/es\/wp-json\/wp\/v2\/media\/240885"}],"wp:attachment":[{"href":"https:\/\/www.csj-emballages.com\/es\/wp-json\/wp\/v2\/media?parent=23924"}],"wp:term":[{"taxonomy":"product_brand","embeddable":true,"href":"https:\/\/www.csj-emballages.com\/es\/wp-json\/wp\/v2\/product_brand?post=23924"},{"taxonomy":"product_cat","embeddable":true,"href":"https:\/\/www.csj-emballages.com\/es\/wp-json\/wp\/v2\/product_cat?post=23924"},{"taxonomy":"product_tag","embeddable":true,"href":"https:\/\/www.csj-emballages.com\/es\/wp-json\/wp\/v2\/product_tag?post=23924"}],"curies":[{"name":"wp","href":"https:\/\/api.w.org\/{rel}","templated":true}]}}