{"id":23918,"date":"2024-03-01T16:47:36","date_gmt":"2024-03-01T15:47:36","guid":{"rendered":"https:\/\/u15jnbdpoq.preview.infomaniak.website\/produit\/100-moldes-desechables-de-aluminio-para-tartaletas-70-ml\/"},"modified":"2026-04-01T02:19:47","modified_gmt":"2026-04-01T00:19:47","slug":"100-moldes-desechables-de-aluminio-para-tartaletas-70-ml","status":"publish","type":"product","link":"https:\/\/www.csj-emballages.com\/es\/produit\/100-moldes-desechables-de-aluminio-para-tartaletas-70-ml\/","title":{"rendered":"Molde de tarta de aluminio 70 ml por 100"},"content":{"rendered":"<h2>Molde de tarta<\/h2>\n<hr>\n<h3>Descripci\u00f3n de nuestro molde de tarta de aluminio 70 ml por 100<\/h3>\n<p><!--more--><\/p>\n<p data-start=\"0\" data-end=\"501\">El <strong data-start=\"30\" data-end=\"71\">molde de tarta de aluminio de 70 ml<\/strong> es el accesorio indispensable para preparar y hornear sus mini tartas, quiches y bocados dulces o salados. Dise\u00f1ado para satisfacer las necesidades de empresas de catering, pasteleros, panaderos e incluso particulares, este <strong>molde de aluminio<\/strong> garantiza una cocci\u00f3n uniforme gracias a su \u00f3ptima conductividad t\u00e9rmica. Su formato individual <strong>de 70 ml<\/strong> es ideal para elaborar porciones de tama\u00f1o perfecto y est\u00e9ticamente agradables.  <\/p>\n<p data-start=\"503\" data-end=\"954\">Su dise\u00f1o de <strong>aluminio<\/strong> garantiza una excelente resistencia a las altas temperaturas y permite utilizarlo tanto en el horno tradicional como en el congelador. Vers\u00e1til y pr\u00e1ctico, este <strong>molde de tarta<\/strong> es perfecto para hornear directamente o como expositor para sus creaciones culinarias. <strong data-start=\"810\" data-end=\"834\">Vendido en paquetes de 100<\/strong> unidades, es ideal para la producci\u00f3n a gran escala y ahorra tiempo al eliminar la necesidad de lavado. <\/p>\n<p data-start=\"956\" data-end=\"1157\">En resumen, ya sea para eventos, comida para llevar o uso dom\u00e9stico, estos <strong>moldes para tartaletas<\/strong> ofrecen una soluci\u00f3n higi\u00e9nica, pr\u00e1ctica y profesional para todas sus preparaciones.<\/p>\n<p><!--more--><\/p>\n<p><strong>Sus ventajas:<\/strong><\/p>\n<ul>\n<li data-start=\"1362\" data-end=\"1433\"><strong data-start=\"1364\" data-end=\"1384\">Cocci\u00f3n uniforme<\/strong> gracias a su excelente conductividad t\u00e9rmica.<\/li>\n<li data-start=\"1434\" data-end=\"1494\"><strong data-start=\"1436\" data-end=\"1451\">Versatilidad<\/strong>: uso en horno y congelador.<\/li>\n<li data-start=\"1495\" data-end=\"1570\"><strong data-start=\"1497\" data-end=\"1510\">Pr\u00e1ctico<\/strong>: formato individual perfecto para hosteleros y pasteleros.<\/li>\n<li data-start=\"1571\" data-end=\"1648\"><strong data-start=\"1573\" data-end=\"1601\">Higi\u00e9nico y ahorra tiempo<\/strong>: de un solo uso, no requiere limpieza.<\/li>\n<li data-start=\"1649\" data-end=\"1730\" data-is-last-node=\"\"><strong data-start=\"1651\" data-end=\"1681\">Envasado econ\u00f3mico<\/strong>: se vende en paquetes de 100 unidades para la producci\u00f3n en serie.<\/li>\n<\/ul>\n<p>&nbsp;<\/p>\n<p><!--more--><\/p>\n<h4>Informaci\u00f3n adicional :<\/h4>\n<ul>\n<li><strong>Embalaje<\/strong>: Paquete de 100<\/li>\n<li><strong>Di\u00e1metro interior<\/strong>: \u00d884 mm<\/li>\n<li><strong>Dimensiones exteriores<\/strong>: \u00d893 mm<\/li>\n<li><strong>Altura<\/strong>: 18 mm<\/li>\n<li><strong>Volumen<\/strong>: 70 ml<\/li>\n<li><strong>Material<\/strong>: Aluminio<\/li>\n<li><b>Temperatura de funcionamiento <\/b>: -40\u00b0C \/ +350\u00b0C<\/li>\n<\/ul>\n<p>&nbsp;<\/p>\n<p><!--more--><\/p>\n<p><a href=\"https:\/\/www.csj-emballages.com\/es\/categorie-produit\/envasado-de-alimentos\/carniceria-y-charcuteria\/bandejas-latas-y-tarros\/bandejas-platos-moldes-bandejas-de-comida-tazas-ramequines-pasteles-de-carne-de-aluminio\/moldes-para-tartas-es\/\">Ver el resto de nuestra gama de moldes para tartaletas<\/a><\/p>\n","protected":false},"excerpt":{"rendered":"<p>Molde de tarta Descripci\u00f3n de nuestro molde de tarta de aluminio 70 ml por 100<\/p>\n","protected":false},"featured_media":228097,"template":"","meta":{"_acf_changed":false},"product_brand":[],"product_cat":[1143,2006,3589],"product_tag":[],"class_list":{"0":"post-23918","1":"product","2":"type-product","3":"status-publish","4":"has-post-thumbnail","6":"product_cat-carniceria-y-charcuteria","7":"product_cat-bandejas-platos-moldes-bandejas-de-comida-tazas-ramequines-pasteles-de-carne-de-aluminio","8":"product_cat-moldes-para-tartas-es","10":"first","11":"instock","12":"taxable","13":"shipping-taxable","14":"purchasable","15":"product-type-simple"},"acf":[],"yoast_head":"<!-- This site is optimized with the Yoast SEO Premium plugin v26.6 (Yoast SEO v26.6) - https:\/\/yoast.com\/wordpress\/plugins\/seo\/ -->\n<title>Molde de tarta de aluminio 70 ml por 100<\/title>\n<meta name=\"description\" content=\"Molde de tarta de aluminio de 70 ml, ideal para hornear y presentar mini tartas dulces o saladas. Paquete de 100, resistentes y pr\u00e1cticos.\" \/>\n<meta name=\"robots\" content=\"index, follow, max-snippet:-1, max-image-preview:large, max-video-preview:-1\" \/>\n<link rel=\"canonical\" href=\"https:\/\/www.csj-emballages.com\/es\/produit\/100-moldes-desechables-de-aluminio-para-tartaletas-70-ml\/\" \/>\n<meta property=\"og:locale\" content=\"es_ES\" \/>\n<meta property=\"og:type\" content=\"article\" \/>\n<meta property=\"og:title\" content=\"Molde de tarta de aluminio 70 ml por 100\" \/>\n<meta property=\"og:description\" content=\"Molde de tarta de aluminio de 70 ml, ideal para hornear y presentar mini tartas dulces o saladas. Paquete de 100, resistentes y pr\u00e1cticos.\" \/>\n<meta property=\"og:url\" content=\"https:\/\/www.csj-emballages.com\/es\/produit\/100-moldes-desechables-de-aluminio-para-tartaletas-70-ml\/\" \/>\n<meta property=\"og:site_name\" content=\"CSJ Emballages\" \/>\n<meta property=\"article:publisher\" content=\"https:\/\/www.facebook.com\/csjemballages\" \/>\n<meta property=\"article:modified_time\" content=\"2026-04-01T00:19:47+00:00\" \/>\n<meta property=\"og:image\" content=\"https:\/\/www.csj-emballages.com\/wp-content\/uploads\/2024\/03\/TA-93-Photoroom-png.webp\" \/>\n\t<meta property=\"og:image:width\" content=\"800\" \/>\n\t<meta property=\"og:image:height\" content=\"800\" \/>\n\t<meta property=\"og:image:type\" content=\"image\/png\" \/>\n<meta name=\"twitter:card\" content=\"summary_large_image\" \/>\n<meta name=\"twitter:label1\" content=\"Tiempo de lectura\" \/>\n\t<meta name=\"twitter:data1\" content=\"1 minuto\" \/>\n<script type=\"application\/ld+json\" class=\"yoast-schema-graph\">{\"@context\":\"https:\/\/schema.org\",\"@graph\":[{\"@type\":\"WebPage\",\"@id\":\"https:\/\/www.csj-emballages.com\/es\/produit\/100-moldes-desechables-de-aluminio-para-tartaletas-70-ml\/\",\"url\":\"https:\/\/www.csj-emballages.com\/es\/produit\/100-moldes-desechables-de-aluminio-para-tartaletas-70-ml\/\",\"name\":\"Molde de tarta de aluminio 70 ml por 100\",\"isPartOf\":{\"@id\":\"https:\/\/www.csj-emballages.com\/es\/#website\"},\"primaryImageOfPage\":{\"@id\":\"https:\/\/www.csj-emballages.com\/es\/produit\/100-moldes-desechables-de-aluminio-para-tartaletas-70-ml\/#primaryimage\"},\"image\":{\"@id\":\"https:\/\/www.csj-emballages.com\/es\/produit\/100-moldes-desechables-de-aluminio-para-tartaletas-70-ml\/#primaryimage\"},\"thumbnailUrl\":\"https:\/\/www.csj-emballages.com\/wp-content\/uploads\/2024\/03\/TA-93-Photoroom-png.webp\",\"datePublished\":\"2024-03-01T15:47:36+00:00\",\"dateModified\":\"2026-04-01T00:19:47+00:00\",\"description\":\"Molde de tarta de aluminio de 70 ml, ideal para hornear y presentar mini tartas dulces o saladas. Paquete de 100, resistentes y pr\u00e1cticos.\",\"breadcrumb\":{\"@id\":\"https:\/\/www.csj-emballages.com\/es\/produit\/100-moldes-desechables-de-aluminio-para-tartaletas-70-ml\/#breadcrumb\"},\"inLanguage\":\"es\",\"potentialAction\":[{\"@type\":\"ReadAction\",\"target\":[\"https:\/\/www.csj-emballages.com\/es\/produit\/100-moldes-desechables-de-aluminio-para-tartaletas-70-ml\/\"]}]},{\"@type\":\"ImageObject\",\"inLanguage\":\"es\",\"@id\":\"https:\/\/www.csj-emballages.com\/es\/produit\/100-moldes-desechables-de-aluminio-para-tartaletas-70-ml\/#primaryimage\",\"url\":\"https:\/\/www.csj-emballages.com\/wp-content\/uploads\/2024\/03\/TA-93-Photoroom-png.webp\",\"contentUrl\":\"https:\/\/www.csj-emballages.com\/wp-content\/uploads\/2024\/03\/TA-93-Photoroom-png.webp\",\"width\":800,\"height\":800,\"caption\":\"Moule \u00e0 tartelette\"},{\"@type\":\"BreadcrumbList\",\"@id\":\"https:\/\/www.csj-emballages.com\/es\/produit\/100-moldes-desechables-de-aluminio-para-tartaletas-70-ml\/#breadcrumb\",\"itemListElement\":[{\"@type\":\"ListItem\",\"position\":1,\"name\":\"Accueil\",\"item\":\"https:\/\/www.csj-emballages.com\/es\/universo-del-envasado-alimentario\/\"},{\"@type\":\"ListItem\",\"position\":2,\"name\":\"Tienda\",\"item\":\"https:\/\/www.csj-emballages.com\/tienda\/\"},{\"@type\":\"ListItem\",\"position\":3,\"name\":\"Molde de tarta de aluminio 70 ml por 100\"}]},{\"@type\":\"WebSite\",\"@id\":\"https:\/\/www.csj-emballages.com\/es\/#website\",\"url\":\"https:\/\/www.csj-emballages.com\/es\/\",\"name\":\"CSJ Emballages\",\"description\":\"\",\"publisher\":{\"@id\":\"https:\/\/www.csj-emballages.com\/es\/#organization\"},\"potentialAction\":[{\"@type\":\"SearchAction\",\"target\":{\"@type\":\"EntryPoint\",\"urlTemplate\":\"https:\/\/www.csj-emballages.com\/es\/?s={search_term_string}\"},\"query-input\":{\"@type\":\"PropertyValueSpecification\",\"valueRequired\":true,\"valueName\":\"search_term_string\"}}],\"inLanguage\":\"es\"},{\"@type\":\"Organization\",\"@id\":\"https:\/\/www.csj-emballages.com\/es\/#Organization\/\",\"name\":\"CSJ Emballages\",\"url\":\"https:\/\/www.csj-emballages.com\/es\/\",\"logo\":{\"@type\":\"ImageObject\",\"inLanguage\":\"es\",\"@id\":\"https:\/\/www.csj-emballages.com\/es\/#\/schema\/logo\/image\/\",\"url\":\"https:\/\/www.csj-emballages.com\/wp-content\/uploads\/2023\/10\/logo_csj.webp\",\"contentUrl\":\"https:\/\/www.csj-emballages.com\/wp-content\/uploads\/2023\/10\/logo_csj.webp\",\"width\":250,\"height\":95,\"caption\":\"CSJ Emballages\"},\"image\":{\"@id\":\"https:\/\/www.csj-emballages.com\/es\/#\/schema\/logo\/image\/\"},\"sameAs\":[\"https:\/\/www.facebook.com\/csjemballages\"],\"address\":{\"@type\":\"PostalAddress\",\"streetAddress\":\"ZI La Lechere\",\"addressLocality\":\"Patornay\",\"postalCode\":\"39130\",\"addressCountry\":\"FR\"},\"contactPoint\":[{\"@type\":\"ContactPoint\",\"contactType\":\"Service client\",\"telephone\":\"0384254272\",\"email\":\"contact@csj-emballages.com\"}]}]}<\/script>\n<!-- \/ Yoast SEO Premium plugin. -->","yoast_head_json":{"title":"Molde de tarta de aluminio 70 ml por 100","description":"Molde de tarta de aluminio de 70 ml, ideal para hornear y presentar mini tartas dulces o saladas. Paquete de 100, resistentes y pr\u00e1cticos.","robots":{"index":"index","follow":"follow","max-snippet":"max-snippet:-1","max-image-preview":"max-image-preview:large","max-video-preview":"max-video-preview:-1"},"canonical":"https:\/\/www.csj-emballages.com\/es\/produit\/100-moldes-desechables-de-aluminio-para-tartaletas-70-ml\/","og_locale":"es_ES","og_type":"article","og_title":"Molde de tarta de aluminio 70 ml por 100","og_description":"Molde de tarta de aluminio de 70 ml, ideal para hornear y presentar mini tartas dulces o saladas. Paquete de 100, resistentes y pr\u00e1cticos.","og_url":"https:\/\/www.csj-emballages.com\/es\/produit\/100-moldes-desechables-de-aluminio-para-tartaletas-70-ml\/","og_site_name":"CSJ Emballages","article_publisher":"https:\/\/www.facebook.com\/csjemballages","article_modified_time":"2026-04-01T00:19:47+00:00","og_image":[{"width":800,"height":800,"url":"https:\/\/www.csj-emballages.com\/wp-content\/uploads\/2024\/03\/TA-93-Photoroom-png.webp","type":"image\/png"}],"twitter_card":"summary_large_image","twitter_misc":{"Tiempo de lectura":"1 minuto"},"schema":{"@context":"https:\/\/schema.org","@graph":[{"@type":"WebPage","@id":"https:\/\/www.csj-emballages.com\/es\/produit\/100-moldes-desechables-de-aluminio-para-tartaletas-70-ml\/","url":"https:\/\/www.csj-emballages.com\/es\/produit\/100-moldes-desechables-de-aluminio-para-tartaletas-70-ml\/","name":"Molde de tarta de aluminio 70 ml por 100","isPartOf":{"@id":"https:\/\/www.csj-emballages.com\/es\/#website"},"primaryImageOfPage":{"@id":"https:\/\/www.csj-emballages.com\/es\/produit\/100-moldes-desechables-de-aluminio-para-tartaletas-70-ml\/#primaryimage"},"image":{"@id":"https:\/\/www.csj-emballages.com\/es\/produit\/100-moldes-desechables-de-aluminio-para-tartaletas-70-ml\/#primaryimage"},"thumbnailUrl":"https:\/\/www.csj-emballages.com\/wp-content\/uploads\/2024\/03\/TA-93-Photoroom-png.webp","datePublished":"2024-03-01T15:47:36+00:00","dateModified":"2026-04-01T00:19:47+00:00","description":"Molde de tarta de aluminio de 70 ml, ideal para hornear y presentar mini tartas dulces o saladas. Paquete de 100, resistentes y pr\u00e1cticos.","breadcrumb":{"@id":"https:\/\/www.csj-emballages.com\/es\/produit\/100-moldes-desechables-de-aluminio-para-tartaletas-70-ml\/#breadcrumb"},"inLanguage":"es","potentialAction":[{"@type":"ReadAction","target":["https:\/\/www.csj-emballages.com\/es\/produit\/100-moldes-desechables-de-aluminio-para-tartaletas-70-ml\/"]}]},{"@type":"ImageObject","inLanguage":"es","@id":"https:\/\/www.csj-emballages.com\/es\/produit\/100-moldes-desechables-de-aluminio-para-tartaletas-70-ml\/#primaryimage","url":"https:\/\/www.csj-emballages.com\/wp-content\/uploads\/2024\/03\/TA-93-Photoroom-png.webp","contentUrl":"https:\/\/www.csj-emballages.com\/wp-content\/uploads\/2024\/03\/TA-93-Photoroom-png.webp","width":800,"height":800,"caption":"Moule \u00e0 tartelette"},{"@type":"BreadcrumbList","@id":"https:\/\/www.csj-emballages.com\/es\/produit\/100-moldes-desechables-de-aluminio-para-tartaletas-70-ml\/#breadcrumb","itemListElement":[{"@type":"ListItem","position":1,"name":"Accueil","item":"https:\/\/www.csj-emballages.com\/es\/universo-del-envasado-alimentario\/"},{"@type":"ListItem","position":2,"name":"Tienda","item":"https:\/\/www.csj-emballages.com\/tienda\/"},{"@type":"ListItem","position":3,"name":"Molde de tarta de aluminio 70 ml por 100"}]},{"@type":"WebSite","@id":"https:\/\/www.csj-emballages.com\/es\/#website","url":"https:\/\/www.csj-emballages.com\/es\/","name":"CSJ Emballages","description":"","publisher":{"@id":"https:\/\/www.csj-emballages.com\/es\/#organization"},"potentialAction":[{"@type":"SearchAction","target":{"@type":"EntryPoint","urlTemplate":"https:\/\/www.csj-emballages.com\/es\/?s={search_term_string}"},"query-input":{"@type":"PropertyValueSpecification","valueRequired":true,"valueName":"search_term_string"}}],"inLanguage":"es"},{"@type":"Organization","@id":"https:\/\/www.csj-emballages.com\/es\/#Organization\/","name":"CSJ Emballages","url":"https:\/\/www.csj-emballages.com\/es\/","logo":{"@type":"ImageObject","inLanguage":"es","@id":"https:\/\/www.csj-emballages.com\/es\/#\/schema\/logo\/image\/","url":"https:\/\/www.csj-emballages.com\/wp-content\/uploads\/2023\/10\/logo_csj.webp","contentUrl":"https:\/\/www.csj-emballages.com\/wp-content\/uploads\/2023\/10\/logo_csj.webp","width":250,"height":95,"caption":"CSJ Emballages"},"image":{"@id":"https:\/\/www.csj-emballages.com\/es\/#\/schema\/logo\/image\/"},"sameAs":["https:\/\/www.facebook.com\/csjemballages"],"address":{"@type":"PostalAddress","streetAddress":"ZI La Lechere","addressLocality":"Patornay","postalCode":"39130","addressCountry":"FR"},"contactPoint":[{"@type":"ContactPoint","contactType":"Service client","telephone":"0384254272","email":"contact@csj-emballages.com"}]}]}},"df_price":5.15,"df_sale_price":"","df_regular_price":5.15,"df_image_link":"https:\/\/www.csj-emballages.com\/wp-content\/uploads\/2024\/03\/TA-93-Photoroom-300x300.webp","tiered_pricing_type":"fixed","tiered_pricing_fixed_rules":[],"tiered_pricing_percentage_rules":[],"tiered_pricing_minimum":1,"tiered_pricing_roles_data":[],"_links":{"self":[{"href":"https:\/\/www.csj-emballages.com\/es\/wp-json\/wp\/v2\/product\/23918","targetHints":{"allow":["GET"]}}],"collection":[{"href":"https:\/\/www.csj-emballages.com\/es\/wp-json\/wp\/v2\/product"}],"about":[{"href":"https:\/\/www.csj-emballages.com\/es\/wp-json\/wp\/v2\/types\/product"}],"wp:featuredmedia":[{"embeddable":true,"href":"https:\/\/www.csj-emballages.com\/es\/wp-json\/wp\/v2\/media\/228097"}],"wp:attachment":[{"href":"https:\/\/www.csj-emballages.com\/es\/wp-json\/wp\/v2\/media?parent=23918"}],"wp:term":[{"taxonomy":"product_brand","embeddable":true,"href":"https:\/\/www.csj-emballages.com\/es\/wp-json\/wp\/v2\/product_brand?post=23918"},{"taxonomy":"product_cat","embeddable":true,"href":"https:\/\/www.csj-emballages.com\/es\/wp-json\/wp\/v2\/product_cat?post=23918"},{"taxonomy":"product_tag","embeddable":true,"href":"https:\/\/www.csj-emballages.com\/es\/wp-json\/wp\/v2\/product_tag?post=23918"}],"curies":[{"name":"wp","href":"https:\/\/api.w.org\/{rel}","templated":true}]}}