{"id":23907,"date":"2024-03-01T16:47:36","date_gmt":"2024-03-01T15:47:36","guid":{"rendered":"https:\/\/u15jnbdpoq.preview.infomaniak.website\/produit\/100-delantales-protectores-blancos-de-22-micras\/"},"modified":"2026-05-08T02:16:53","modified_gmt":"2026-05-08T00:16:53","slug":"100-delantales-protectores-blancos-de-22-micras","status":"publish","type":"product","link":"https:\/\/www.csj-emballages.com\/es\/produit\/100-delantales-protectores-blancos-de-22-micras\/","title":{"rendered":"Delantal de protecci\u00f3n blanco de 22 micras por 100"},"content":{"rendered":"<h2>Delantal de protecci\u00f3n<\/h2>\n<hr>\n<h3>Descubra nuestro delantal de protecci\u00f3n blanco de 22 micras por 100<\/h3>\n<p><!--more--><\/p>\n<p data-start=\"201\" data-end=\"566\">Este <strong data-start=\"204\" data-end=\"246\">delantal de protecci\u00f3n blanco de 22 micras<\/strong> es la soluci\u00f3n ideal cuando hay que protegerse r\u00e1pida, eficazmente y sin complicaciones. Ligero pero suficientemente resistente, crea una <strong>barrera sencilla contra las proyecciones<\/strong>, las <strong>salpicaduras y la suciedad<\/strong> del d\u00eda a d\u00eda. Se pone en unos segundos y uno puede concentrarse en su trabajo sin pensar en ello.  <\/p>\n<p data-start=\"568\" data-end=\"912\">Gracias a su grosor de <strong data-start=\"593\" data-end=\"607\">22 micras<\/strong>, este <strong>delantal blanco<\/strong> ofrece un buen equilibrio entre flexibilidad y protecci\u00f3n. Acompa\u00f1a los movimientos sin molestar, lo que lo hace agradable de llevar incluso durante varias horas. Su <strong>color blanco<\/strong> transmite una imagen limpia y profesional, perfectamente adaptada a entornos donde la higiene es esencial.  <\/p>\n<p data-start=\"914\" data-end=\"1262\">Este delantal encuentra f\u00e1cilmente su lugar en numerosos sectores: restauraci\u00f3n, alimentaci\u00f3n, industria agroalimentaria, limpieza, laboratorios o colectividades. Protege la ropa al tiempo que evita los lavados repetidos. Y como es de un solo uso, permite mantener un nivel de higiene constante durante todo el d\u00eda.  <\/p>\n<p data-start=\"1264\" data-end=\"1533\">Vendido <strong data-start=\"1270\" data-end=\"1288\">por lote de 100<\/strong>, responde perfectamente a las necesidades de los profesionales que buscan una soluci\u00f3n pr\u00e1ctica y econ\u00f3mica. Siempre tendr\u00e1 existencias a mano, listas para ser utilizadas durante los periodos de mayor actividad o para equipar r\u00e1pidamente a un equipo. <\/p>\n<p data-start=\"1535\" data-end=\"1736\">En resumen, este <strong>delantal de protecci\u00f3n<\/strong> hace exactamente lo que se espera de \u00e9l: protege, se hace olvidar y simplifica el d\u00eda a d\u00eda. Un indispensable para trabajar limpiamente, sin complicaciones. <\/p>\n<p data-start=\"1535\" data-end=\"1736\">\n<p data-start=\"1535\" data-end=\"1736\"><!--more--><\/p>\n<h4 data-start=\"1535\" data-end=\"1736\">Ventajas :<\/h4>\n<ul>\n<li data-start=\"1764\" data-end=\"1813\"><strong>Grosor de 22 micras<\/strong> para una buena protecci\u00f3n.<\/li>\n<li data-start=\"1816\" data-end=\"1848\">Ligero y c\u00f3modo de llevar.<\/li>\n<li data-start=\"1851\" data-end=\"1874\">Instalaci\u00f3n r\u00e1pida.<\/li>\n<li data-start=\"1877\" data-end=\"1910\">Aspecto limpio y profesional.<\/li>\n<li data-start=\"1913\" data-end=\"1966\">Ideal para entornos exigentes en higiene.<\/li>\n<li data-start=\"1969\" data-end=\"2000\">Lote econ\u00f3mico de <strong>100 delantales<\/strong>.<\/li>\n<\/ul>\n<p>&nbsp;<\/p>\n<p><!--more--><\/p>\n<h4>Informaci\u00f3n adicional :<\/h4>\n<ul>\n<li><strong>Presentaci\u00f3n:<\/strong> Paquete de 100<\/li>\n<li><strong>Dimensiones:<\/strong> 700 x 1200 mm (Contorno de pecho x longitud)<\/li>\n<li><strong>Color: <\/strong>Blanco<\/li>\n<li><strong>Grosor:<\/strong> 20\u00b5<\/li>\n<li><strong>Material:<\/strong> PE-BD: polietileno de baja densidad<\/li>\n<\/ul>\n<p>&nbsp;<\/p>\n<p><!--more--><\/p>\n<p><a href=\"https:\/\/www.csj-emballages.com\/categorie-produit\/hygiene-et-entretiens\/equipements-individuels\/?_gl=1*3fy4i0*_up*MQ..*_ga*MTY1ODY1Mjg3OS4xNzY5Njk4MzI1*_ga_YNVJLRSSZT*czE3Njk2OTgzMjQkbzEkZzAkdDE3Njk2OTgzMzAkajU0JGwwJGgxNTA2NTE1NTg0\">Consulte el resto de nuestra gama de equipos individuales<\/a><\/p>\n","protected":false},"excerpt":{"rendered":"<p>Delantal de protecci\u00f3n Descubra nuestro delantal de protecci\u00f3n blanco de 22 micras por 100<\/p>\n","protected":false},"featured_media":7977,"template":"","meta":{"_acf_changed":false},"product_brand":[],"product_cat":[1226,2325,3585],"product_tag":[],"class_list":{"0":"post-23907","1":"product","2":"type-product","3":"status-publish","4":"has-post-thumbnail","6":"product_cat-higiene-y-mantenimiento","7":"product_cat-equipamiento-individual","8":"product_cat-delantales","10":"first","11":"outofstock","12":"taxable","13":"shipping-taxable","14":"purchasable","15":"product-type-simple"},"acf":[],"yoast_head":"<!-- This site is optimized with the Yoast SEO Premium plugin v26.6 (Yoast SEO v26.6) - https:\/\/yoast.com\/wordpress\/plugins\/seo\/ -->\n<title>Delantal de Protecci\u00f3n Blanco de 22 Micras por 100<\/title>\n<meta name=\"description\" content=\"Delantal de protecci\u00f3n blanco de 22 micras a la venta. Ligero, pr\u00e1ctico e higi\u00e9nico, ideal para la restauraci\u00f3n, la industria agroalimentaria y los oficios profesionales.\" \/>\n<meta name=\"robots\" content=\"index, follow, max-snippet:-1, max-image-preview:large, max-video-preview:-1\" \/>\n<link rel=\"canonical\" href=\"https:\/\/www.csj-emballages.com\/es\/produit\/100-delantales-protectores-blancos-de-22-micras\/\" \/>\n<meta property=\"og:locale\" content=\"es_ES\" \/>\n<meta property=\"og:type\" content=\"article\" \/>\n<meta property=\"og:title\" content=\"Delantal de protecci\u00f3n blanco de 22 micras por 100\" \/>\n<meta property=\"og:description\" content=\"Delantal de protecci\u00f3n blanco de 22 micras a la venta. Ligero, pr\u00e1ctico e higi\u00e9nico, ideal para la restauraci\u00f3n, la industria agroalimentaria y los oficios profesionales.\" \/>\n<meta property=\"og:url\" content=\"https:\/\/www.csj-emballages.com\/es\/produit\/100-delantales-protectores-blancos-de-22-micras\/\" \/>\n<meta property=\"og:site_name\" content=\"CSJ Emballages\" \/>\n<meta property=\"article:publisher\" content=\"https:\/\/www.facebook.com\/csjemballages\" \/>\n<meta property=\"article:modified_time\" content=\"2026-05-08T00:16:53+00:00\" \/>\n<meta property=\"og:image\" content=\"https:\/\/www.csj-emballages.com\/wp-content\/uploads\/2024\/03\/tablier-blanc-zoom-jpg.webp\" \/>\n\t<meta property=\"og:image:width\" content=\"800\" \/>\n\t<meta property=\"og:image:height\" content=\"800\" \/>\n\t<meta property=\"og:image:type\" content=\"image\/jpeg\" \/>\n<meta name=\"twitter:card\" content=\"summary_large_image\" \/>\n<meta name=\"twitter:label1\" content=\"Tiempo de lectura\" \/>\n\t<meta name=\"twitter:data1\" content=\"2 minutos\" \/>\n<script type=\"application\/ld+json\" class=\"yoast-schema-graph\">{\"@context\":\"https:\/\/schema.org\",\"@graph\":[{\"@type\":\"WebPage\",\"@id\":\"https:\/\/www.csj-emballages.com\/es\/produit\/100-delantales-protectores-blancos-de-22-micras\/\",\"url\":\"https:\/\/www.csj-emballages.com\/es\/produit\/100-delantales-protectores-blancos-de-22-micras\/\",\"name\":\"Delantal de Protecci\u00f3n Blanco de 22 Micras por 100\",\"isPartOf\":{\"@id\":\"https:\/\/www.csj-emballages.com\/es\/#website\"},\"primaryImageOfPage\":{\"@id\":\"https:\/\/www.csj-emballages.com\/es\/produit\/100-delantales-protectores-blancos-de-22-micras\/#primaryimage\"},\"image\":{\"@id\":\"https:\/\/www.csj-emballages.com\/es\/produit\/100-delantales-protectores-blancos-de-22-micras\/#primaryimage\"},\"thumbnailUrl\":\"https:\/\/www.csj-emballages.com\/wp-content\/uploads\/2024\/03\/tablier-blanc-zoom-jpg.webp\",\"datePublished\":\"2024-03-01T15:47:36+00:00\",\"dateModified\":\"2026-05-08T00:16:53+00:00\",\"description\":\"Delantal de protecci\u00f3n blanco de 22 micras a la venta. Ligero, pr\u00e1ctico e higi\u00e9nico, ideal para la restauraci\u00f3n, la industria agroalimentaria y los oficios profesionales.\",\"breadcrumb\":{\"@id\":\"https:\/\/www.csj-emballages.com\/es\/produit\/100-delantales-protectores-blancos-de-22-micras\/#breadcrumb\"},\"inLanguage\":\"es\",\"potentialAction\":[{\"@type\":\"ReadAction\",\"target\":[\"https:\/\/www.csj-emballages.com\/es\/produit\/100-delantales-protectores-blancos-de-22-micras\/\"]}]},{\"@type\":\"ImageObject\",\"inLanguage\":\"es\",\"@id\":\"https:\/\/www.csj-emballages.com\/es\/produit\/100-delantales-protectores-blancos-de-22-micras\/#primaryimage\",\"url\":\"https:\/\/www.csj-emballages.com\/wp-content\/uploads\/2024\/03\/tablier-blanc-zoom-jpg.webp\",\"contentUrl\":\"https:\/\/www.csj-emballages.com\/wp-content\/uploads\/2024\/03\/tablier-blanc-zoom-jpg.webp\",\"width\":800,\"height\":800},{\"@type\":\"BreadcrumbList\",\"@id\":\"https:\/\/www.csj-emballages.com\/es\/produit\/100-delantales-protectores-blancos-de-22-micras\/#breadcrumb\",\"itemListElement\":[{\"@type\":\"ListItem\",\"position\":1,\"name\":\"Accueil\",\"item\":\"https:\/\/www.csj-emballages.com\/es\/universo-del-envasado-alimentario\/\"},{\"@type\":\"ListItem\",\"position\":2,\"name\":\"Tienda\",\"item\":\"https:\/\/www.csj-emballages.com\/tienda\/\"},{\"@type\":\"ListItem\",\"position\":3,\"name\":\"Delantal de protecci\u00f3n blanco de 22 micras por 100\"}]},{\"@type\":\"WebSite\",\"@id\":\"https:\/\/www.csj-emballages.com\/es\/#website\",\"url\":\"https:\/\/www.csj-emballages.com\/es\/\",\"name\":\"CSJ Emballages\",\"description\":\"\",\"publisher\":{\"@id\":\"https:\/\/www.csj-emballages.com\/es\/#organization\"},\"potentialAction\":[{\"@type\":\"SearchAction\",\"target\":{\"@type\":\"EntryPoint\",\"urlTemplate\":\"https:\/\/www.csj-emballages.com\/es\/?s={search_term_string}\"},\"query-input\":{\"@type\":\"PropertyValueSpecification\",\"valueRequired\":true,\"valueName\":\"search_term_string\"}}],\"inLanguage\":\"es\"},{\"@type\":\"Organization\",\"@id\":\"https:\/\/www.csj-emballages.com\/es\/#Organization\/\",\"name\":\"CSJ Emballages\",\"url\":\"https:\/\/www.csj-emballages.com\/es\/\",\"logo\":{\"@type\":\"ImageObject\",\"inLanguage\":\"es\",\"@id\":\"https:\/\/www.csj-emballages.com\/es\/#\/schema\/logo\/image\/\",\"url\":\"https:\/\/www.csj-emballages.com\/wp-content\/uploads\/2023\/10\/logo_csj.webp\",\"contentUrl\":\"https:\/\/www.csj-emballages.com\/wp-content\/uploads\/2023\/10\/logo_csj.webp\",\"width\":250,\"height\":95,\"caption\":\"CSJ Emballages\"},\"image\":{\"@id\":\"https:\/\/www.csj-emballages.com\/es\/#\/schema\/logo\/image\/\"},\"sameAs\":[\"https:\/\/www.facebook.com\/csjemballages\"],\"address\":{\"@type\":\"PostalAddress\",\"streetAddress\":\"ZI La Lechere\",\"addressLocality\":\"Patornay\",\"postalCode\":\"39130\",\"addressCountry\":\"FR\"},\"contactPoint\":[{\"@type\":\"ContactPoint\",\"contactType\":\"Service client\",\"telephone\":\"0384254272\",\"email\":\"contact@csj-emballages.com\"}]}]}<\/script>\n<!-- \/ Yoast SEO Premium plugin. -->","yoast_head_json":{"title":"Delantal de Protecci\u00f3n Blanco de 22 Micras por 100","description":"Delantal de protecci\u00f3n blanco de 22 micras a la venta. Ligero, pr\u00e1ctico e higi\u00e9nico, ideal para la restauraci\u00f3n, la industria agroalimentaria y los oficios profesionales.","robots":{"index":"index","follow":"follow","max-snippet":"max-snippet:-1","max-image-preview":"max-image-preview:large","max-video-preview":"max-video-preview:-1"},"canonical":"https:\/\/www.csj-emballages.com\/es\/produit\/100-delantales-protectores-blancos-de-22-micras\/","og_locale":"es_ES","og_type":"article","og_title":"Delantal de protecci\u00f3n blanco de 22 micras por 100","og_description":"Delantal de protecci\u00f3n blanco de 22 micras a la venta. Ligero, pr\u00e1ctico e higi\u00e9nico, ideal para la restauraci\u00f3n, la industria agroalimentaria y los oficios profesionales.","og_url":"https:\/\/www.csj-emballages.com\/es\/produit\/100-delantales-protectores-blancos-de-22-micras\/","og_site_name":"CSJ Emballages","article_publisher":"https:\/\/www.facebook.com\/csjemballages","article_modified_time":"2026-05-08T00:16:53+00:00","og_image":[{"width":800,"height":800,"url":"https:\/\/www.csj-emballages.com\/wp-content\/uploads\/2024\/03\/tablier-blanc-zoom-jpg.webp","type":"image\/jpeg"}],"twitter_card":"summary_large_image","twitter_misc":{"Tiempo de lectura":"2 minutos"},"schema":{"@context":"https:\/\/schema.org","@graph":[{"@type":"WebPage","@id":"https:\/\/www.csj-emballages.com\/es\/produit\/100-delantales-protectores-blancos-de-22-micras\/","url":"https:\/\/www.csj-emballages.com\/es\/produit\/100-delantales-protectores-blancos-de-22-micras\/","name":"Delantal de Protecci\u00f3n Blanco de 22 Micras por 100","isPartOf":{"@id":"https:\/\/www.csj-emballages.com\/es\/#website"},"primaryImageOfPage":{"@id":"https:\/\/www.csj-emballages.com\/es\/produit\/100-delantales-protectores-blancos-de-22-micras\/#primaryimage"},"image":{"@id":"https:\/\/www.csj-emballages.com\/es\/produit\/100-delantales-protectores-blancos-de-22-micras\/#primaryimage"},"thumbnailUrl":"https:\/\/www.csj-emballages.com\/wp-content\/uploads\/2024\/03\/tablier-blanc-zoom-jpg.webp","datePublished":"2024-03-01T15:47:36+00:00","dateModified":"2026-05-08T00:16:53+00:00","description":"Delantal de protecci\u00f3n blanco de 22 micras a la venta. Ligero, pr\u00e1ctico e higi\u00e9nico, ideal para la restauraci\u00f3n, la industria agroalimentaria y los oficios profesionales.","breadcrumb":{"@id":"https:\/\/www.csj-emballages.com\/es\/produit\/100-delantales-protectores-blancos-de-22-micras\/#breadcrumb"},"inLanguage":"es","potentialAction":[{"@type":"ReadAction","target":["https:\/\/www.csj-emballages.com\/es\/produit\/100-delantales-protectores-blancos-de-22-micras\/"]}]},{"@type":"ImageObject","inLanguage":"es","@id":"https:\/\/www.csj-emballages.com\/es\/produit\/100-delantales-protectores-blancos-de-22-micras\/#primaryimage","url":"https:\/\/www.csj-emballages.com\/wp-content\/uploads\/2024\/03\/tablier-blanc-zoom-jpg.webp","contentUrl":"https:\/\/www.csj-emballages.com\/wp-content\/uploads\/2024\/03\/tablier-blanc-zoom-jpg.webp","width":800,"height":800},{"@type":"BreadcrumbList","@id":"https:\/\/www.csj-emballages.com\/es\/produit\/100-delantales-protectores-blancos-de-22-micras\/#breadcrumb","itemListElement":[{"@type":"ListItem","position":1,"name":"Accueil","item":"https:\/\/www.csj-emballages.com\/es\/universo-del-envasado-alimentario\/"},{"@type":"ListItem","position":2,"name":"Tienda","item":"https:\/\/www.csj-emballages.com\/tienda\/"},{"@type":"ListItem","position":3,"name":"Delantal de protecci\u00f3n blanco de 22 micras por 100"}]},{"@type":"WebSite","@id":"https:\/\/www.csj-emballages.com\/es\/#website","url":"https:\/\/www.csj-emballages.com\/es\/","name":"CSJ Emballages","description":"","publisher":{"@id":"https:\/\/www.csj-emballages.com\/es\/#organization"},"potentialAction":[{"@type":"SearchAction","target":{"@type":"EntryPoint","urlTemplate":"https:\/\/www.csj-emballages.com\/es\/?s={search_term_string}"},"query-input":{"@type":"PropertyValueSpecification","valueRequired":true,"valueName":"search_term_string"}}],"inLanguage":"es"},{"@type":"Organization","@id":"https:\/\/www.csj-emballages.com\/es\/#Organization\/","name":"CSJ Emballages","url":"https:\/\/www.csj-emballages.com\/es\/","logo":{"@type":"ImageObject","inLanguage":"es","@id":"https:\/\/www.csj-emballages.com\/es\/#\/schema\/logo\/image\/","url":"https:\/\/www.csj-emballages.com\/wp-content\/uploads\/2023\/10\/logo_csj.webp","contentUrl":"https:\/\/www.csj-emballages.com\/wp-content\/uploads\/2023\/10\/logo_csj.webp","width":250,"height":95,"caption":"CSJ Emballages"},"image":{"@id":"https:\/\/www.csj-emballages.com\/es\/#\/schema\/logo\/image\/"},"sameAs":["https:\/\/www.facebook.com\/csjemballages"],"address":{"@type":"PostalAddress","streetAddress":"ZI La Lechere","addressLocality":"Patornay","postalCode":"39130","addressCountry":"FR"},"contactPoint":[{"@type":"ContactPoint","contactType":"Service client","telephone":"0384254272","email":"contact@csj-emballages.com"}]}]}},"df_price":5.26,"df_sale_price":"","df_regular_price":5.26,"df_image_link":"https:\/\/www.csj-emballages.com\/wp-content\/uploads\/2024\/03\/tablier-blanc-zoom-300x300.webp","tiered_pricing_type":"fixed","tiered_pricing_fixed_rules":[],"tiered_pricing_percentage_rules":[],"tiered_pricing_minimum":1,"tiered_pricing_roles_data":[],"_links":{"self":[{"href":"https:\/\/www.csj-emballages.com\/es\/wp-json\/wp\/v2\/product\/23907","targetHints":{"allow":["GET"]}}],"collection":[{"href":"https:\/\/www.csj-emballages.com\/es\/wp-json\/wp\/v2\/product"}],"about":[{"href":"https:\/\/www.csj-emballages.com\/es\/wp-json\/wp\/v2\/types\/product"}],"wp:featuredmedia":[{"embeddable":true,"href":"https:\/\/www.csj-emballages.com\/es\/wp-json\/wp\/v2\/media\/7977"}],"wp:attachment":[{"href":"https:\/\/www.csj-emballages.com\/es\/wp-json\/wp\/v2\/media?parent=23907"}],"wp:term":[{"taxonomy":"product_brand","embeddable":true,"href":"https:\/\/www.csj-emballages.com\/es\/wp-json\/wp\/v2\/product_brand?post=23907"},{"taxonomy":"product_cat","embeddable":true,"href":"https:\/\/www.csj-emballages.com\/es\/wp-json\/wp\/v2\/product_cat?post=23907"},{"taxonomy":"product_tag","embeddable":true,"href":"https:\/\/www.csj-emballages.com\/es\/wp-json\/wp\/v2\/product_tag?post=23907"}],"curies":[{"name":"wp","href":"https:\/\/api.w.org\/{rel}","templated":true}]}}