{"id":238624,"date":"2025-07-17T11:03:55","date_gmt":"2025-07-17T09:03:55","guid":{"rendered":"https:\/\/www.csj-emballages.com\/produit\/bolsa-amarilla-para-pan-de-molde-biobasado-12-x-5-5-x-35-cm-por-200\/"},"modified":"2026-04-03T02:21:04","modified_gmt":"2026-04-03T00:21:04","slug":"bolsa-amarilla-para-pan-de-molde-biobasado-12-x-5-5-x-35-cm-por-200","status":"publish","type":"product","link":"https:\/\/www.csj-emballages.com\/es\/produit\/bolsa-amarilla-para-pan-de-molde-biobasado-12-x-5-5-x-35-cm-por-200\/","title":{"rendered":"Bolsa amarilla para pan de molde biobasado 12 x 5 + 5 x 35 cm por 200"},"content":{"rendered":"<h2>Bolsas de pan<\/h2>\n<hr>\n<h3>Descripci\u00f3n de nuestra bolsa amarilla para pan de molde biobasado 12 x 5 + 5 x 35 cm por 200<\/h3>\n<p><!--more--><\/p>\n<p data-start=\"270\" data-end=\"632\">La <strong data-start=\"273\" data-end=\"330\">bolsa amarilla para pan de molde de origen biol\u00f3gico de 12 x 5 + 5 x 35 cm<\/strong> es una soluci\u00f3n ideal para panaderos, artesanos o minoristas que deseen combinar practicidad, est\u00e9tica y compromiso con el medio ambiente. Especialmente dise\u00f1ada para envasar <strong>pan de molde<\/strong>, esta <strong>bolsa<\/strong> combina funcionalidad y respeto por el medio ambiente gracias a su composici\u00f3n <strong>de origen biol\u00f3gico<\/strong>. Su <strong>color amarillo natural<\/strong> a\u00f1ade un <strong data-start=\"672\" data-end=\"693\">toque artesanal<\/strong> que hace que sus productos destaquen entre la multitud. Fabricada a partir de materias primas renovables, esta <strong>bolsa<\/strong> est\u00e1 dise\u00f1ada para reducir su huella de carbono, al tiempo que garantiza una excelente resistencia a la manipulaci\u00f3n.   <\/p>\n<p data-start=\"925\" data-end=\"1240\">Gracias a sus <strong>generosas dimensiones de 12 cm de ancho<\/strong>, <strong>5 cm de<\/strong> fuelle a <strong>cada lado<\/strong> y <strong>35 cm de largo<\/strong>, se adapta f\u00e1cilmente a <strong>panes de molde<\/strong> de diversos tama\u00f1os. Su textura lisa y s\u00f3lida permite embolsarlo r\u00e1pidamente, al tiempo que mantiene el pan a salvo de roturas o humedades. <\/p>\n<p data-start=\"1242\" data-end=\"1454\">Esta <strong>bolsa<\/strong>, que se vende en paquetes de <strong data-start=\"1259\" data-end=\"1273\">200<\/strong> unidades, se adapta perfectamente a las necesidades de los profesionales de la panader\u00eda y la comida para llevar.<\/p>\n<p data-start=\"1456\" data-end=\"1648\">En resumen, es una alternativa responsable a las bolsas tradicionales, ideal para quienes desean ofrecer un envasado natural y eficaz.<\/p>\n<p><!--more--><\/p>\n<h4><strong>Ventajas:<\/strong><\/h4>\n<ul>\n<li><strong>Fabricaci\u00f3n<\/strong> <strong data-start=\"1875\" data-end=\"1889\">de origen biol\u00f3gico<\/strong>: respetuosa con el medio ambiente.<\/li>\n<li><strong>Amarillo<\/strong> natural para un aspecto aut\u00e9ntico.<\/li>\n<li>Tama\u00f1o ideal para pan de molde.<\/li>\n<li>Esta <strong>bolsa para pan<\/strong> es robusta y resistente a la humedad y la manipulaci\u00f3n.<\/li>\n<li><strong>Se venden en paquetes de<\/strong> <strong>200<\/strong> unidades: perfectos para profesionales.<\/li>\n<\/ul>\n<p>&nbsp;<\/p>\n<p><!--more--><\/p>\n<h4>Informaci\u00f3n adicional :<\/h4>\n<ul>\n<li><strong>Envase<\/strong>: Paquete de 200<\/li>\n<li><strong>Dimensiones<\/strong>: 12 x 5 + 5 x 35 cm<\/li>\n<li><b>Material <\/b>: Pl\u00e1stico de origen biol\u00f3gico<\/li>\n<li><strong>Color<\/strong>: Amarillo<\/li>\n<\/ul>\n<p>&nbsp;<\/p>\n<p><!--more--><\/p>\n<p>Encuentre aqu\u00ed nuestras bolsas para pan de molde disponibles en varios tama\u00f1os: <span style=\"color: #d12727;\"><a style=\"color: #d12727;\" href=\"https:\/\/www.csj-emballages.com\/produit\/250-sacs-a-pain-tranchee-marron-biosource-12-x-5-5-x-45-cm\/\">12 x 5 + 5 x 45 cm<\/a><\/span> \/ <span style=\"color: #d12727;\"><a style=\"color: #d12727;\" href=\"https:\/\/www.csj-emballages.com\/produit\/250-sacs-a-pain-tranchee-rouge-biosource-16-x-5-5-x-60-cm\/\">16 x 5 + 5 x 60 cm<\/a> <\/span>\/ <span style=\"color: #d12727;\"><a style=\"color: #d12727;\" href=\"https:\/\/www.csj-emballages.com\/produit\/250-sacs-a-pain-tranchee-beige-biosource-23-x-4-4-x-40-cm\/\">23 x 4 + 4 x 40 cm<\/a><\/span> \/  <a style=\"color: #d12727;\" href=\"https:\/\/www.csj-emballages.com\/pt-pt\/produit\/250-sacos-de-pao-fatiado-vermelho-de-base-biologica-16-x-5-5-x-60-cm\/\">16 x 5 + 5 x 60 cm<\/a><\/p>\n<p>&nbsp;<\/p>\n<p><!--more--><\/p>\n<p><a href=\"https:\/\/www.csj-emballages.com\/es\/categorie-produit\/envasado-de-alimentos\/gama-ecologica\/bolsas-ecologicas-es\/\">Ver el resto de nuestra gama de bolsas ecol\u00f3gicas<\/a><\/p>\n","protected":false},"excerpt":{"rendered":"<p>Bolsas de pan Descripci\u00f3n de nuestra bolsa amarilla para pan de molde biobasado 12 x 5 + 5 x 35 cm por 200<\/p>\n","protected":false},"featured_media":238308,"template":"","meta":{"_acf_changed":false},"product_brand":[],"product_cat":[1150,1145,3871,1654,1662],"product_tag":[],"class_list":{"0":"post-238624","1":"product","2":"type-product","3":"status-publish","4":"has-post-thumbnail","6":"product_cat-envasado-de-alimentos","7":"product_cat-panaderia-y-pasteleria","8":"product_cat-bolsas-sobres-y-papel","9":"product_cat-sacheries-es","10":"product_cat-bolsas-de-pan-de-molde","12":"first","13":"instock","14":"taxable","15":"shipping-taxable","16":"purchasable","17":"product-type-simple"},"acf":[],"yoast_head":"<!-- This site is optimized with the Yoast SEO Premium plugin v26.6 (Yoast SEO v26.6) - https:\/\/yoast.com\/wordpress\/plugins\/seo\/ -->\n<title>Saco de pan de molde biobasado amarillo 12 x 5 + 5 x 35 cm por 200<\/title>\n<meta name=\"description\" content=\"Bolsa biobasada amarilla para pan de molde 12 x 5 + 5 x 35 cm - Paquete de 200. Pr\u00e1ctica, ecol\u00f3gica y resistente: ideal para panaderos y artesanos responsables.\" \/>\n<meta name=\"robots\" content=\"index, follow, max-snippet:-1, max-image-preview:large, max-video-preview:-1\" \/>\n<link rel=\"canonical\" href=\"https:\/\/www.csj-emballages.com\/es\/produit\/bolsa-amarilla-para-pan-de-molde-biobasado-12-x-5-5-x-35-cm-por-200\/\" \/>\n<meta property=\"og:locale\" content=\"es_ES\" \/>\n<meta property=\"og:type\" content=\"article\" \/>\n<meta property=\"og:title\" content=\"Bolsa amarilla para pan de molde biobasado 12 x 5 + 5 x 35 cm por 200\" \/>\n<meta property=\"og:description\" content=\"Bolsa biobasada amarilla para pan de molde 12 x 5 + 5 x 35 cm - Paquete de 200. Pr\u00e1ctica, ecol\u00f3gica y resistente: ideal para panaderos y artesanos responsables.\" \/>\n<meta property=\"og:url\" content=\"https:\/\/www.csj-emballages.com\/es\/produit\/bolsa-amarilla-para-pan-de-molde-biobasado-12-x-5-5-x-35-cm-por-200\/\" \/>\n<meta property=\"og:site_name\" content=\"CSJ Emballages\" \/>\n<meta property=\"article:publisher\" content=\"https:\/\/www.facebook.com\/csjemballages\" \/>\n<meta property=\"article:modified_time\" content=\"2026-04-03T00:21:04+00:00\" \/>\n<meta property=\"og:image\" content=\"https:\/\/www.csj-emballages.com\/wp-content\/uploads\/2024\/03\/SPBEI-1.webp\" \/>\n\t<meta property=\"og:image:width\" content=\"800\" \/>\n\t<meta property=\"og:image:height\" content=\"800\" \/>\n\t<meta property=\"og:image:type\" content=\"image\/webp\" \/>\n<meta name=\"twitter:card\" content=\"summary_large_image\" \/>\n<meta name=\"twitter:label1\" content=\"Tiempo de lectura\" \/>\n\t<meta name=\"twitter:data1\" content=\"2 minutos\" \/>\n<script type=\"application\/ld+json\" class=\"yoast-schema-graph\">{\"@context\":\"https:\/\/schema.org\",\"@graph\":[{\"@type\":\"WebPage\",\"@id\":\"https:\/\/www.csj-emballages.com\/es\/produit\/bolsa-amarilla-para-pan-de-molde-biobasado-12-x-5-5-x-35-cm-por-200\/\",\"url\":\"https:\/\/www.csj-emballages.com\/es\/produit\/bolsa-amarilla-para-pan-de-molde-biobasado-12-x-5-5-x-35-cm-por-200\/\",\"name\":\"Saco de pan de molde biobasado amarillo 12 x 5 + 5 x 35 cm por 200\",\"isPartOf\":{\"@id\":\"https:\/\/www.csj-emballages.com\/es\/#website\"},\"primaryImageOfPage\":{\"@id\":\"https:\/\/www.csj-emballages.com\/es\/produit\/bolsa-amarilla-para-pan-de-molde-biobasado-12-x-5-5-x-35-cm-por-200\/#primaryimage\"},\"image\":{\"@id\":\"https:\/\/www.csj-emballages.com\/es\/produit\/bolsa-amarilla-para-pan-de-molde-biobasado-12-x-5-5-x-35-cm-por-200\/#primaryimage\"},\"thumbnailUrl\":\"https:\/\/www.csj-emballages.com\/wp-content\/uploads\/2024\/03\/SPBEI-1.webp\",\"datePublished\":\"2025-07-17T09:03:55+00:00\",\"dateModified\":\"2026-04-03T00:21:04+00:00\",\"description\":\"Bolsa biobasada amarilla para pan de molde 12 x 5 + 5 x 35 cm - Paquete de 200. Pr\u00e1ctica, ecol\u00f3gica y resistente: ideal para panaderos y artesanos responsables.\",\"breadcrumb\":{\"@id\":\"https:\/\/www.csj-emballages.com\/es\/produit\/bolsa-amarilla-para-pan-de-molde-biobasado-12-x-5-5-x-35-cm-por-200\/#breadcrumb\"},\"inLanguage\":\"es\",\"potentialAction\":[{\"@type\":\"ReadAction\",\"target\":[\"https:\/\/www.csj-emballages.com\/es\/produit\/bolsa-amarilla-para-pan-de-molde-biobasado-12-x-5-5-x-35-cm-por-200\/\"]}]},{\"@type\":\"ImageObject\",\"inLanguage\":\"es\",\"@id\":\"https:\/\/www.csj-emballages.com\/es\/produit\/bolsa-amarilla-para-pan-de-molde-biobasado-12-x-5-5-x-35-cm-por-200\/#primaryimage\",\"url\":\"https:\/\/www.csj-emballages.com\/wp-content\/uploads\/2024\/03\/SPBEI-1.webp\",\"contentUrl\":\"https:\/\/www.csj-emballages.com\/wp-content\/uploads\/2024\/03\/SPBEI-1.webp\",\"width\":800,\"height\":800,\"caption\":\"Sac \u00e0 pain\"},{\"@type\":\"BreadcrumbList\",\"@id\":\"https:\/\/www.csj-emballages.com\/es\/produit\/bolsa-amarilla-para-pan-de-molde-biobasado-12-x-5-5-x-35-cm-por-200\/#breadcrumb\",\"itemListElement\":[{\"@type\":\"ListItem\",\"position\":1,\"name\":\"Accueil\",\"item\":\"https:\/\/www.csj-emballages.com\/es\/universo-del-envasado-alimentario\/\"},{\"@type\":\"ListItem\",\"position\":2,\"name\":\"Tienda\",\"item\":\"https:\/\/www.csj-emballages.com\/tienda\/\"},{\"@type\":\"ListItem\",\"position\":3,\"name\":\"Bolsa amarilla para pan de molde biobasado 12 x 5 + 5 x 35 cm por 200\"}]},{\"@type\":\"WebSite\",\"@id\":\"https:\/\/www.csj-emballages.com\/es\/#website\",\"url\":\"https:\/\/www.csj-emballages.com\/es\/\",\"name\":\"CSJ Emballages\",\"description\":\"\",\"publisher\":{\"@id\":\"https:\/\/www.csj-emballages.com\/es\/#organization\"},\"potentialAction\":[{\"@type\":\"SearchAction\",\"target\":{\"@type\":\"EntryPoint\",\"urlTemplate\":\"https:\/\/www.csj-emballages.com\/es\/?s={search_term_string}\"},\"query-input\":{\"@type\":\"PropertyValueSpecification\",\"valueRequired\":true,\"valueName\":\"search_term_string\"}}],\"inLanguage\":\"es\"},{\"@type\":\"Organization\",\"@id\":\"https:\/\/www.csj-emballages.com\/es\/#Organization\/\",\"name\":\"CSJ Emballages\",\"url\":\"https:\/\/www.csj-emballages.com\/es\/\",\"logo\":{\"@type\":\"ImageObject\",\"inLanguage\":\"es\",\"@id\":\"https:\/\/www.csj-emballages.com\/es\/#\/schema\/logo\/image\/\",\"url\":\"https:\/\/www.csj-emballages.com\/wp-content\/uploads\/2023\/10\/logo_csj.webp\",\"contentUrl\":\"https:\/\/www.csj-emballages.com\/wp-content\/uploads\/2023\/10\/logo_csj.webp\",\"width\":250,\"height\":95,\"caption\":\"CSJ Emballages\"},\"image\":{\"@id\":\"https:\/\/www.csj-emballages.com\/es\/#\/schema\/logo\/image\/\"},\"sameAs\":[\"https:\/\/www.facebook.com\/csjemballages\"],\"address\":{\"@type\":\"PostalAddress\",\"streetAddress\":\"ZI La Lechere\",\"addressLocality\":\"Patornay\",\"postalCode\":\"39130\",\"addressCountry\":\"FR\"},\"contactPoint\":[{\"@type\":\"ContactPoint\",\"contactType\":\"Service client\",\"telephone\":\"0384254272\",\"email\":\"contact@csj-emballages.com\"}]}]}<\/script>\n<!-- \/ Yoast SEO Premium plugin. -->","yoast_head_json":{"title":"Saco de pan de molde biobasado amarillo 12 x 5 + 5 x 35 cm por 200","description":"Bolsa biobasada amarilla para pan de molde 12 x 5 + 5 x 35 cm - Paquete de 200. Pr\u00e1ctica, ecol\u00f3gica y resistente: ideal para panaderos y artesanos responsables.","robots":{"index":"index","follow":"follow","max-snippet":"max-snippet:-1","max-image-preview":"max-image-preview:large","max-video-preview":"max-video-preview:-1"},"canonical":"https:\/\/www.csj-emballages.com\/es\/produit\/bolsa-amarilla-para-pan-de-molde-biobasado-12-x-5-5-x-35-cm-por-200\/","og_locale":"es_ES","og_type":"article","og_title":"Bolsa amarilla para pan de molde biobasado 12 x 5 + 5 x 35 cm por 200","og_description":"Bolsa biobasada amarilla para pan de molde 12 x 5 + 5 x 35 cm - Paquete de 200. Pr\u00e1ctica, ecol\u00f3gica y resistente: ideal para panaderos y artesanos responsables.","og_url":"https:\/\/www.csj-emballages.com\/es\/produit\/bolsa-amarilla-para-pan-de-molde-biobasado-12-x-5-5-x-35-cm-por-200\/","og_site_name":"CSJ Emballages","article_publisher":"https:\/\/www.facebook.com\/csjemballages","article_modified_time":"2026-04-03T00:21:04+00:00","og_image":[{"width":800,"height":800,"url":"https:\/\/www.csj-emballages.com\/wp-content\/uploads\/2024\/03\/SPBEI-1.webp","type":"image\/webp"}],"twitter_card":"summary_large_image","twitter_misc":{"Tiempo de lectura":"2 minutos"},"schema":{"@context":"https:\/\/schema.org","@graph":[{"@type":"WebPage","@id":"https:\/\/www.csj-emballages.com\/es\/produit\/bolsa-amarilla-para-pan-de-molde-biobasado-12-x-5-5-x-35-cm-por-200\/","url":"https:\/\/www.csj-emballages.com\/es\/produit\/bolsa-amarilla-para-pan-de-molde-biobasado-12-x-5-5-x-35-cm-por-200\/","name":"Saco de pan de molde biobasado amarillo 12 x 5 + 5 x 35 cm por 200","isPartOf":{"@id":"https:\/\/www.csj-emballages.com\/es\/#website"},"primaryImageOfPage":{"@id":"https:\/\/www.csj-emballages.com\/es\/produit\/bolsa-amarilla-para-pan-de-molde-biobasado-12-x-5-5-x-35-cm-por-200\/#primaryimage"},"image":{"@id":"https:\/\/www.csj-emballages.com\/es\/produit\/bolsa-amarilla-para-pan-de-molde-biobasado-12-x-5-5-x-35-cm-por-200\/#primaryimage"},"thumbnailUrl":"https:\/\/www.csj-emballages.com\/wp-content\/uploads\/2024\/03\/SPBEI-1.webp","datePublished":"2025-07-17T09:03:55+00:00","dateModified":"2026-04-03T00:21:04+00:00","description":"Bolsa biobasada amarilla para pan de molde 12 x 5 + 5 x 35 cm - Paquete de 200. Pr\u00e1ctica, ecol\u00f3gica y resistente: ideal para panaderos y artesanos responsables.","breadcrumb":{"@id":"https:\/\/www.csj-emballages.com\/es\/produit\/bolsa-amarilla-para-pan-de-molde-biobasado-12-x-5-5-x-35-cm-por-200\/#breadcrumb"},"inLanguage":"es","potentialAction":[{"@type":"ReadAction","target":["https:\/\/www.csj-emballages.com\/es\/produit\/bolsa-amarilla-para-pan-de-molde-biobasado-12-x-5-5-x-35-cm-por-200\/"]}]},{"@type":"ImageObject","inLanguage":"es","@id":"https:\/\/www.csj-emballages.com\/es\/produit\/bolsa-amarilla-para-pan-de-molde-biobasado-12-x-5-5-x-35-cm-por-200\/#primaryimage","url":"https:\/\/www.csj-emballages.com\/wp-content\/uploads\/2024\/03\/SPBEI-1.webp","contentUrl":"https:\/\/www.csj-emballages.com\/wp-content\/uploads\/2024\/03\/SPBEI-1.webp","width":800,"height":800,"caption":"Sac \u00e0 pain"},{"@type":"BreadcrumbList","@id":"https:\/\/www.csj-emballages.com\/es\/produit\/bolsa-amarilla-para-pan-de-molde-biobasado-12-x-5-5-x-35-cm-por-200\/#breadcrumb","itemListElement":[{"@type":"ListItem","position":1,"name":"Accueil","item":"https:\/\/www.csj-emballages.com\/es\/universo-del-envasado-alimentario\/"},{"@type":"ListItem","position":2,"name":"Tienda","item":"https:\/\/www.csj-emballages.com\/tienda\/"},{"@type":"ListItem","position":3,"name":"Bolsa amarilla para pan de molde biobasado 12 x 5 + 5 x 35 cm por 200"}]},{"@type":"WebSite","@id":"https:\/\/www.csj-emballages.com\/es\/#website","url":"https:\/\/www.csj-emballages.com\/es\/","name":"CSJ Emballages","description":"","publisher":{"@id":"https:\/\/www.csj-emballages.com\/es\/#organization"},"potentialAction":[{"@type":"SearchAction","target":{"@type":"EntryPoint","urlTemplate":"https:\/\/www.csj-emballages.com\/es\/?s={search_term_string}"},"query-input":{"@type":"PropertyValueSpecification","valueRequired":true,"valueName":"search_term_string"}}],"inLanguage":"es"},{"@type":"Organization","@id":"https:\/\/www.csj-emballages.com\/es\/#Organization\/","name":"CSJ Emballages","url":"https:\/\/www.csj-emballages.com\/es\/","logo":{"@type":"ImageObject","inLanguage":"es","@id":"https:\/\/www.csj-emballages.com\/es\/#\/schema\/logo\/image\/","url":"https:\/\/www.csj-emballages.com\/wp-content\/uploads\/2023\/10\/logo_csj.webp","contentUrl":"https:\/\/www.csj-emballages.com\/wp-content\/uploads\/2023\/10\/logo_csj.webp","width":250,"height":95,"caption":"CSJ Emballages"},"image":{"@id":"https:\/\/www.csj-emballages.com\/es\/#\/schema\/logo\/image\/"},"sameAs":["https:\/\/www.facebook.com\/csjemballages"],"address":{"@type":"PostalAddress","streetAddress":"ZI La Lechere","addressLocality":"Patornay","postalCode":"39130","addressCountry":"FR"},"contactPoint":[{"@type":"ContactPoint","contactType":"Service client","telephone":"0384254272","email":"contact@csj-emballages.com"}]}]}},"df_price":6.85,"df_sale_price":"","df_regular_price":6.85,"df_image_link":"https:\/\/www.csj-emballages.com\/wp-content\/uploads\/2024\/03\/SPBEI-1-300x300.webp","tiered_pricing_type":"fixed","tiered_pricing_fixed_rules":[],"tiered_pricing_percentage_rules":[],"tiered_pricing_minimum":1,"tiered_pricing_roles_data":[],"_links":{"self":[{"href":"https:\/\/www.csj-emballages.com\/es\/wp-json\/wp\/v2\/product\/238624","targetHints":{"allow":["GET"]}}],"collection":[{"href":"https:\/\/www.csj-emballages.com\/es\/wp-json\/wp\/v2\/product"}],"about":[{"href":"https:\/\/www.csj-emballages.com\/es\/wp-json\/wp\/v2\/types\/product"}],"wp:featuredmedia":[{"embeddable":true,"href":"https:\/\/www.csj-emballages.com\/es\/wp-json\/wp\/v2\/media\/238308"}],"wp:attachment":[{"href":"https:\/\/www.csj-emballages.com\/es\/wp-json\/wp\/v2\/media?parent=238624"}],"wp:term":[{"taxonomy":"product_brand","embeddable":true,"href":"https:\/\/www.csj-emballages.com\/es\/wp-json\/wp\/v2\/product_brand?post=238624"},{"taxonomy":"product_cat","embeddable":true,"href":"https:\/\/www.csj-emballages.com\/es\/wp-json\/wp\/v2\/product_cat?post=238624"},{"taxonomy":"product_tag","embeddable":true,"href":"https:\/\/www.csj-emballages.com\/es\/wp-json\/wp\/v2\/product_tag?post=238624"}],"curies":[{"name":"wp","href":"https:\/\/api.w.org\/{rel}","templated":true}]}}