{"id":23802,"date":"2024-03-01T16:49:04","date_gmt":"2024-03-01T15:49:04","guid":{"rendered":"https:\/\/u15jnbdpoq.preview.infomaniak.website\/produit\/5000-espatulas-de-madera-de-100-mm-en-caja-dispensadora\/"},"modified":"2026-05-08T02:16:16","modified_gmt":"2026-05-08T00:16:16","slug":"5000-espatulas-de-madera-de-100-mm-en-caja-dispensadora","status":"publish","type":"product","link":"https:\/\/www.csj-emballages.com\/es\/produit\/5000-espatulas-de-madera-de-100-mm-en-caja-dispensadora\/","title":{"rendered":"Taco de madera 110 mm en caja dispensadora de 5000"},"content":{"rendered":"<h2>Touillette madera<\/h2>\n<hr>\n<h3>Descubra nuestros agitadores de madera de 110 mm en cajas dispensadoras de 5000 unidades.<\/h3>\n<p><!--more--><\/p>\n<p data-start=\"279\" data-end=\"723\">Cuando est\u00e1s sirviendo caf\u00e9 o t\u00e9 todo el d\u00eda, realmente aprecias las peque\u00f1as cosas que facilitan el servicio. Esta <strong>caja dispensadora<\/strong> de <strong data-start=\"426\" data-end=\"454\">5.000 cucharas de madera para saltear<\/strong> hace precisamente eso: le proporciona una reserva enorme, ordenada y de f\u00e1cil acceso, sin desordenar nunca su espacio. Gracias a su pr\u00e1ctica abertura frontal, cualquiera puede coger un remolino con un solo movimiento, sin rebuscar, derramar ni perder tiempo.  <\/p>\n<p data-start=\"725\" data-end=\"1134\"><strong>Los agitadores<\/strong> est\u00e1n hechos de <strong>madera natural<\/strong>, que da una sensaci\u00f3n m\u00e1s aut\u00e9ntica que el pl\u00e1stico tradicional. Son suaves, c\u00f3modos de sujetar y perfectos para remover un caf\u00e9 fuerte, un chocolate caliente o una infusi\u00f3n. Su longitud <strong data-start=\"990\" data-end=\"1000\">de 110 mm<\/strong> se adapta tanto a tazas est\u00e1ndar como a tazas ligeramente m\u00e1s altas, lo que los hace vers\u00e1tiles en cualquier situaci\u00f3n.  <\/p>\n<p data-start=\"1136\" data-end=\"1536\">Esta <strong>gran caja<\/strong>, dise\u00f1ada como dispensador, puede colocarse f\u00e1cilmente sobre un mostrador, en una sala de descanso, junto a una m\u00e1quina de caf\u00e9 o en una zona de autoservicio. Elimina la necesidad de rellenarla constantemente: la pones, la abres y dura mucho, mucho tiempo. Es ideal para restaurantes, oficinas, hoteles, eventos o zonas de recepci\u00f3n donde haya un flujo constante de personas.  <\/p>\n<p data-start=\"1538\" data-end=\"1765\">Adem\u00e1s de ser pr\u00e1ctico, tambi\u00e9n es una soluci\u00f3n m\u00e1s respetuosa con el medio ambiente, ya que <strong>los agitadores est\u00e1n hechos de madera<\/strong>, un material renovable. Sin pl\u00e1stico, sin culpables, s\u00f3lo una herramienta sencilla, limpia y eficaz. <\/p>\n<p data-start=\"1538\" data-end=\"1765\"><!--more--><\/p>\n<h4>Ventajas :<\/h4>\n<ul>\n<li data-start=\"1793\" data-end=\"1830\"><strong>Caja dispensadora<\/strong> ultrapr\u00e1ctica.<\/li>\n<li data-start=\"1833\" data-end=\"1880\"><strong>5000 agitadores<\/strong> para una autonom\u00eda m\u00e1xima.<\/li>\n<li data-start=\"1883\" data-end=\"1914\">Madera natural, sin pl\u00e1stico.<\/li>\n<li data-start=\"1917\" data-end=\"1960\">Formato de <strong>110 mm<\/strong> apto para todos los vasos.<\/li>\n<li data-start=\"1963\" data-end=\"2011\">Ideal para cafeter\u00edas, oficinas, hoteles y eventos.<\/li>\n<\/ul>\n<p>&nbsp;<\/p>\n<p><!--more--><\/p>\n<h4>Informaci\u00f3n adicional :<\/h4>\n<ul>\n<li><strong>Embalaje<\/strong>: Caja de 5000<\/li>\n<li><strong>Material<\/strong>: Madera<\/li>\n<li><strong>Longitud<\/strong> 110 mm<\/li>\n<\/ul>\n<p>&nbsp;<\/p>\n<p><!--more--><\/p>\n<p>Estas cucharas de madera tambi\u00e9n est\u00e1n disponibles en paquetes de 1000 : <span style=\"color: #d12727;\"><a style=\"color: #d12727;\" href=\"https:\/\/www.csj-emballages.com\/es\/produit\/1000-espatulas-de-madera-100-mm\/\">SPAT<\/a><\/span><\/p>\n<p>&nbsp;<\/p>\n<p><!--more--><\/p>\n<p><a href=\"https:\/\/www.csj-emballages.com\/es\/categorie-produit\/envasado-de-alimentos\/catering-es\/tazas-vasos-cubos-botellas\/accesorios-es\/\">Ver el resto de nuestra gama de accesorios para tazas<\/a><\/p>\n","protected":false},"excerpt":{"rendered":"<p>Touillette madera Descubra nuestros agitadores de madera de 110 mm en cajas dispensadoras de 5000 unidades.<\/p>\n","protected":false},"featured_media":188172,"template":"","meta":{"_acf_changed":false},"product_brand":[],"product_cat":[1462,3545],"product_tag":[],"class_list":{"0":"post-23802","1":"product","2":"type-product","3":"status-publish","4":"has-post-thumbnail","6":"product_cat-tazas-vasos-cubos-botellas","7":"product_cat-accesorios-es","9":"first","10":"instock","11":"taxable","12":"shipping-taxable","13":"purchasable","14":"product-type-simple"},"acf":[],"yoast_head":"<!-- This site is optimized with the Yoast SEO Premium plugin v26.6 (Yoast SEO v26.6) - https:\/\/yoast.com\/wordpress\/plugins\/seo\/ -->\n<title>Touillette de madera de 110 mm en caja dispensadora 5000 unid.<\/title>\n<meta name=\"description\" content=\"Taco de madera 110 mm en caja dispensadora de 5000. Pr\u00e1cticas, naturales y perfectas para cafeter\u00edas, oficinas y zonas de servicio.\" \/>\n<meta name=\"robots\" content=\"index, follow, max-snippet:-1, max-image-preview:large, max-video-preview:-1\" \/>\n<link rel=\"canonical\" href=\"https:\/\/www.csj-emballages.com\/es\/produit\/5000-espatulas-de-madera-de-100-mm-en-caja-dispensadora\/\" \/>\n<meta property=\"og:locale\" content=\"es_ES\" \/>\n<meta property=\"og:type\" content=\"article\" \/>\n<meta property=\"og:title\" content=\"Taco de madera 110 mm en caja dispensadora de 5000\" \/>\n<meta property=\"og:description\" content=\"Taco de madera 110 mm en caja dispensadora de 5000. Pr\u00e1cticas, naturales y perfectas para cafeter\u00edas, oficinas y zonas de servicio.\" \/>\n<meta property=\"og:url\" content=\"https:\/\/www.csj-emballages.com\/es\/produit\/5000-espatulas-de-madera-de-100-mm-en-caja-dispensadora\/\" \/>\n<meta property=\"og:site_name\" content=\"CSJ Emballages\" \/>\n<meta property=\"article:publisher\" content=\"https:\/\/www.facebook.com\/csjemballages\" \/>\n<meta property=\"article:modified_time\" content=\"2026-05-08T00:16:16+00:00\" \/>\n<meta property=\"og:image\" content=\"https:\/\/www.csj-emballages.com\/wp-content\/uploads\/2024\/03\/touillette5000.webp\" \/>\n\t<meta property=\"og:image:width\" content=\"803\" \/>\n\t<meta property=\"og:image:height\" content=\"803\" \/>\n\t<meta property=\"og:image:type\" content=\"image\/webp\" \/>\n<meta name=\"twitter:card\" content=\"summary_large_image\" \/>\n<meta name=\"twitter:label1\" content=\"Tiempo de lectura\" \/>\n\t<meta name=\"twitter:data1\" content=\"2 minutos\" \/>\n<script type=\"application\/ld+json\" class=\"yoast-schema-graph\">{\"@context\":\"https:\/\/schema.org\",\"@graph\":[{\"@type\":\"WebPage\",\"@id\":\"https:\/\/www.csj-emballages.com\/es\/produit\/5000-espatulas-de-madera-de-100-mm-en-caja-dispensadora\/\",\"url\":\"https:\/\/www.csj-emballages.com\/es\/produit\/5000-espatulas-de-madera-de-100-mm-en-caja-dispensadora\/\",\"name\":\"Touillette de madera de 110 mm en caja dispensadora 5000 unid.\",\"isPartOf\":{\"@id\":\"https:\/\/www.csj-emballages.com\/es\/#website\"},\"primaryImageOfPage\":{\"@id\":\"https:\/\/www.csj-emballages.com\/es\/produit\/5000-espatulas-de-madera-de-100-mm-en-caja-dispensadora\/#primaryimage\"},\"image\":{\"@id\":\"https:\/\/www.csj-emballages.com\/es\/produit\/5000-espatulas-de-madera-de-100-mm-en-caja-dispensadora\/#primaryimage\"},\"thumbnailUrl\":\"https:\/\/www.csj-emballages.com\/wp-content\/uploads\/2024\/03\/touillette5000.webp\",\"datePublished\":\"2024-03-01T15:49:04+00:00\",\"dateModified\":\"2026-05-08T00:16:16+00:00\",\"description\":\"Taco de madera 110 mm en caja dispensadora de 5000. Pr\u00e1cticas, naturales y perfectas para cafeter\u00edas, oficinas y zonas de servicio.\",\"breadcrumb\":{\"@id\":\"https:\/\/www.csj-emballages.com\/es\/produit\/5000-espatulas-de-madera-de-100-mm-en-caja-dispensadora\/#breadcrumb\"},\"inLanguage\":\"es\",\"potentialAction\":[{\"@type\":\"ReadAction\",\"target\":[\"https:\/\/www.csj-emballages.com\/es\/produit\/5000-espatulas-de-madera-de-100-mm-en-caja-dispensadora\/\"]}]},{\"@type\":\"ImageObject\",\"inLanguage\":\"es\",\"@id\":\"https:\/\/www.csj-emballages.com\/es\/produit\/5000-espatulas-de-madera-de-100-mm-en-caja-dispensadora\/#primaryimage\",\"url\":\"https:\/\/www.csj-emballages.com\/wp-content\/uploads\/2024\/03\/touillette5000.webp\",\"contentUrl\":\"https:\/\/www.csj-emballages.com\/wp-content\/uploads\/2024\/03\/touillette5000.webp\",\"width\":803,\"height\":803,\"caption\":\"touillette bois\"},{\"@type\":\"BreadcrumbList\",\"@id\":\"https:\/\/www.csj-emballages.com\/es\/produit\/5000-espatulas-de-madera-de-100-mm-en-caja-dispensadora\/#breadcrumb\",\"itemListElement\":[{\"@type\":\"ListItem\",\"position\":1,\"name\":\"Accueil\",\"item\":\"https:\/\/www.csj-emballages.com\/es\/universo-del-envasado-alimentario\/\"},{\"@type\":\"ListItem\",\"position\":2,\"name\":\"Tienda\",\"item\":\"https:\/\/www.csj-emballages.com\/tienda\/\"},{\"@type\":\"ListItem\",\"position\":3,\"name\":\"Taco de madera 110 mm en caja dispensadora de 5000\"}]},{\"@type\":\"WebSite\",\"@id\":\"https:\/\/www.csj-emballages.com\/es\/#website\",\"url\":\"https:\/\/www.csj-emballages.com\/es\/\",\"name\":\"CSJ Emballages\",\"description\":\"\",\"publisher\":{\"@id\":\"https:\/\/www.csj-emballages.com\/es\/#organization\"},\"potentialAction\":[{\"@type\":\"SearchAction\",\"target\":{\"@type\":\"EntryPoint\",\"urlTemplate\":\"https:\/\/www.csj-emballages.com\/es\/?s={search_term_string}\"},\"query-input\":{\"@type\":\"PropertyValueSpecification\",\"valueRequired\":true,\"valueName\":\"search_term_string\"}}],\"inLanguage\":\"es\"},{\"@type\":\"Organization\",\"@id\":\"https:\/\/www.csj-emballages.com\/es\/#Organization\/\",\"name\":\"CSJ Emballages\",\"url\":\"https:\/\/www.csj-emballages.com\/es\/\",\"logo\":{\"@type\":\"ImageObject\",\"inLanguage\":\"es\",\"@id\":\"https:\/\/www.csj-emballages.com\/es\/#\/schema\/logo\/image\/\",\"url\":\"https:\/\/www.csj-emballages.com\/wp-content\/uploads\/2023\/10\/logo_csj.webp\",\"contentUrl\":\"https:\/\/www.csj-emballages.com\/wp-content\/uploads\/2023\/10\/logo_csj.webp\",\"width\":250,\"height\":95,\"caption\":\"CSJ Emballages\"},\"image\":{\"@id\":\"https:\/\/www.csj-emballages.com\/es\/#\/schema\/logo\/image\/\"},\"sameAs\":[\"https:\/\/www.facebook.com\/csjemballages\"],\"address\":{\"@type\":\"PostalAddress\",\"streetAddress\":\"ZI La Lechere\",\"addressLocality\":\"Patornay\",\"postalCode\":\"39130\",\"addressCountry\":\"FR\"},\"contactPoint\":[{\"@type\":\"ContactPoint\",\"contactType\":\"Service client\",\"telephone\":\"0384254272\",\"email\":\"contact@csj-emballages.com\"}]}]}<\/script>\n<!-- \/ Yoast SEO Premium plugin. -->","yoast_head_json":{"title":"Touillette de madera de 110 mm en caja dispensadora 5000 unid.","description":"Taco de madera 110 mm en caja dispensadora de 5000. Pr\u00e1cticas, naturales y perfectas para cafeter\u00edas, oficinas y zonas de servicio.","robots":{"index":"index","follow":"follow","max-snippet":"max-snippet:-1","max-image-preview":"max-image-preview:large","max-video-preview":"max-video-preview:-1"},"canonical":"https:\/\/www.csj-emballages.com\/es\/produit\/5000-espatulas-de-madera-de-100-mm-en-caja-dispensadora\/","og_locale":"es_ES","og_type":"article","og_title":"Taco de madera 110 mm en caja dispensadora de 5000","og_description":"Taco de madera 110 mm en caja dispensadora de 5000. Pr\u00e1cticas, naturales y perfectas para cafeter\u00edas, oficinas y zonas de servicio.","og_url":"https:\/\/www.csj-emballages.com\/es\/produit\/5000-espatulas-de-madera-de-100-mm-en-caja-dispensadora\/","og_site_name":"CSJ Emballages","article_publisher":"https:\/\/www.facebook.com\/csjemballages","article_modified_time":"2026-05-08T00:16:16+00:00","og_image":[{"width":803,"height":803,"url":"https:\/\/www.csj-emballages.com\/wp-content\/uploads\/2024\/03\/touillette5000.webp","type":"image\/webp"}],"twitter_card":"summary_large_image","twitter_misc":{"Tiempo de lectura":"2 minutos"},"schema":{"@context":"https:\/\/schema.org","@graph":[{"@type":"WebPage","@id":"https:\/\/www.csj-emballages.com\/es\/produit\/5000-espatulas-de-madera-de-100-mm-en-caja-dispensadora\/","url":"https:\/\/www.csj-emballages.com\/es\/produit\/5000-espatulas-de-madera-de-100-mm-en-caja-dispensadora\/","name":"Touillette de madera de 110 mm en caja dispensadora 5000 unid.","isPartOf":{"@id":"https:\/\/www.csj-emballages.com\/es\/#website"},"primaryImageOfPage":{"@id":"https:\/\/www.csj-emballages.com\/es\/produit\/5000-espatulas-de-madera-de-100-mm-en-caja-dispensadora\/#primaryimage"},"image":{"@id":"https:\/\/www.csj-emballages.com\/es\/produit\/5000-espatulas-de-madera-de-100-mm-en-caja-dispensadora\/#primaryimage"},"thumbnailUrl":"https:\/\/www.csj-emballages.com\/wp-content\/uploads\/2024\/03\/touillette5000.webp","datePublished":"2024-03-01T15:49:04+00:00","dateModified":"2026-05-08T00:16:16+00:00","description":"Taco de madera 110 mm en caja dispensadora de 5000. Pr\u00e1cticas, naturales y perfectas para cafeter\u00edas, oficinas y zonas de servicio.","breadcrumb":{"@id":"https:\/\/www.csj-emballages.com\/es\/produit\/5000-espatulas-de-madera-de-100-mm-en-caja-dispensadora\/#breadcrumb"},"inLanguage":"es","potentialAction":[{"@type":"ReadAction","target":["https:\/\/www.csj-emballages.com\/es\/produit\/5000-espatulas-de-madera-de-100-mm-en-caja-dispensadora\/"]}]},{"@type":"ImageObject","inLanguage":"es","@id":"https:\/\/www.csj-emballages.com\/es\/produit\/5000-espatulas-de-madera-de-100-mm-en-caja-dispensadora\/#primaryimage","url":"https:\/\/www.csj-emballages.com\/wp-content\/uploads\/2024\/03\/touillette5000.webp","contentUrl":"https:\/\/www.csj-emballages.com\/wp-content\/uploads\/2024\/03\/touillette5000.webp","width":803,"height":803,"caption":"touillette bois"},{"@type":"BreadcrumbList","@id":"https:\/\/www.csj-emballages.com\/es\/produit\/5000-espatulas-de-madera-de-100-mm-en-caja-dispensadora\/#breadcrumb","itemListElement":[{"@type":"ListItem","position":1,"name":"Accueil","item":"https:\/\/www.csj-emballages.com\/es\/universo-del-envasado-alimentario\/"},{"@type":"ListItem","position":2,"name":"Tienda","item":"https:\/\/www.csj-emballages.com\/tienda\/"},{"@type":"ListItem","position":3,"name":"Taco de madera 110 mm en caja dispensadora de 5000"}]},{"@type":"WebSite","@id":"https:\/\/www.csj-emballages.com\/es\/#website","url":"https:\/\/www.csj-emballages.com\/es\/","name":"CSJ Emballages","description":"","publisher":{"@id":"https:\/\/www.csj-emballages.com\/es\/#organization"},"potentialAction":[{"@type":"SearchAction","target":{"@type":"EntryPoint","urlTemplate":"https:\/\/www.csj-emballages.com\/es\/?s={search_term_string}"},"query-input":{"@type":"PropertyValueSpecification","valueRequired":true,"valueName":"search_term_string"}}],"inLanguage":"es"},{"@type":"Organization","@id":"https:\/\/www.csj-emballages.com\/es\/#Organization\/","name":"CSJ Emballages","url":"https:\/\/www.csj-emballages.com\/es\/","logo":{"@type":"ImageObject","inLanguage":"es","@id":"https:\/\/www.csj-emballages.com\/es\/#\/schema\/logo\/image\/","url":"https:\/\/www.csj-emballages.com\/wp-content\/uploads\/2023\/10\/logo_csj.webp","contentUrl":"https:\/\/www.csj-emballages.com\/wp-content\/uploads\/2023\/10\/logo_csj.webp","width":250,"height":95,"caption":"CSJ Emballages"},"image":{"@id":"https:\/\/www.csj-emballages.com\/es\/#\/schema\/logo\/image\/"},"sameAs":["https:\/\/www.facebook.com\/csjemballages"],"address":{"@type":"PostalAddress","streetAddress":"ZI La Lechere","addressLocality":"Patornay","postalCode":"39130","addressCountry":"FR"},"contactPoint":[{"@type":"ContactPoint","contactType":"Service client","telephone":"0384254272","email":"contact@csj-emballages.com"}]}]}},"df_price":10.36,"df_sale_price":"","df_regular_price":10.36,"df_image_link":"https:\/\/www.csj-emballages.com\/wp-content\/uploads\/2024\/03\/touillette5000-300x300.webp","tiered_pricing_type":"fixed","tiered_pricing_fixed_rules":[],"tiered_pricing_percentage_rules":[],"tiered_pricing_minimum":1,"tiered_pricing_roles_data":[],"_links":{"self":[{"href":"https:\/\/www.csj-emballages.com\/es\/wp-json\/wp\/v2\/product\/23802","targetHints":{"allow":["GET"]}}],"collection":[{"href":"https:\/\/www.csj-emballages.com\/es\/wp-json\/wp\/v2\/product"}],"about":[{"href":"https:\/\/www.csj-emballages.com\/es\/wp-json\/wp\/v2\/types\/product"}],"wp:featuredmedia":[{"embeddable":true,"href":"https:\/\/www.csj-emballages.com\/es\/wp-json\/wp\/v2\/media\/188172"}],"wp:attachment":[{"href":"https:\/\/www.csj-emballages.com\/es\/wp-json\/wp\/v2\/media?parent=23802"}],"wp:term":[{"taxonomy":"product_brand","embeddable":true,"href":"https:\/\/www.csj-emballages.com\/es\/wp-json\/wp\/v2\/product_brand?post=23802"},{"taxonomy":"product_cat","embeddable":true,"href":"https:\/\/www.csj-emballages.com\/es\/wp-json\/wp\/v2\/product_cat?post=23802"},{"taxonomy":"product_tag","embeddable":true,"href":"https:\/\/www.csj-emballages.com\/es\/wp-json\/wp\/v2\/product_tag?post=23802"}],"curies":[{"name":"wp","href":"https:\/\/api.w.org\/{rel}","templated":true}]}}