{"id":23791,"date":"2024-03-01T16:49:06","date_gmt":"2024-03-01T15:49:06","guid":{"rendered":"https:\/\/u15jnbdpoq.preview.infomaniak.website\/produit\/1000-bolsas-kraft-para-pan-de-payes-30-5-x-30-cm\/"},"modified":"2026-05-01T02:15:00","modified_gmt":"2026-05-01T00:15:00","slug":"1000-bolsas-kraft-para-pan-de-payes-30-5-x-30-cm","status":"publish","type":"product","link":"https:\/\/www.csj-emballages.com\/es\/produit\/1000-bolsas-kraft-para-pan-de-payes-30-5-x-30-cm\/","title":{"rendered":"Bolsa kraft para pan de pay\u00e9s 30 + 5 x 30 cm por 1000"},"content":{"rendered":"<h2>Bolsa de pan<\/h2>\n<hr>\n<h3 data-start=\"249\" data-end=\"744\">Descubra nuestra bolsa kraft para pan de pay\u00e9s de 30 + 5 x 30 cm por 1000<\/h3>\n<p data-start=\"249\" data-end=\"744\"><!--more--><\/p>\n<p data-start=\"249\" data-end=\"744\">La <strong data-start=\"252\" data-end=\"306\">bolsa kraft para pan de pay\u00e9s de 30 + 5 x 30 cm por 1000<\/strong> es indispensable para todos los profesionales que desean envasar su pan de pay\u00e9s de forma sencilla. En cuanto la utilice, notar\u00e1 que realmente resiste: no se rompe con facilidad y protege perfectamente su pan, incluso las barras m\u00e1s generosas. Gracias a su material <strong>kraft<\/strong>, da inmediatamente una impresi\u00f3n natural y aut\u00e9ntica, que realza de inmediato el valor de sus productos en el escaparate.  <\/p>\n<p data-start=\"746\" data-end=\"1240\">Su formato grande y bien dise\u00f1ado permite envolver f\u00e1cilmente una barra de <strong>pan de pay\u00e9s<\/strong>. Se introduce la barra en cuesti\u00f3n de segundos y la bolsa mantiene su forma sin arrugar excesivamente la corteza. Es un placer utilizarla a diario, sobre todo cuando el ritmo se acelera en la tienda. Adem\u00e1s, como <strong>el papel kraft <\/strong>es<strong> reciclable<\/strong>, demostrar\u00e1 a sus clientes que hace una elecci\u00f3n responsable.   <\/p>\n<p data-start=\"1242\" data-end=\"1590\">Al elegir este envase <strong data-start=\"1280\" data-end=\"1293\">de 1.000 bolsas<\/strong>, evitar\u00e1 la falta de existencias y ganar\u00e1 en tranquilidad. Tambi\u00e9n le permite anticipar mejor sus necesidades, al tiempo que se beneficia de un envasado rentable. En resumen, esta <strong>bolsa de pan<\/strong> se est\u00e1 convirtiendo r\u00e1pidamente en un aliado indispensable: protege, mejora y ahorra tiempo.  <\/p>\n<p data-start=\"1592\" data-end=\"1812\">En resumen, si desea un envase sencillo, resistente, pr\u00e1ctico y respetuoso con el medio ambiente, esta <strong>bolsa kraft<\/strong> cumple todos los requisitos. Acompa\u00f1a a tu pan desde el horno hasta la compra final, sin perder un \u00e1pice de su calidad. <\/p>\n<p>&nbsp;<\/p>\n<p><!--more--><\/p>\n<h4>Ventajas :<\/h4>\n<ul>\n<li data-start=\"1840\" data-end=\"1878\">Kraft robusto, natural y <strong>reciclable<\/strong>.<\/li>\n<li data-start=\"1881\" data-end=\"1922\">Ideal para <strong>pan r\u00fastico<\/strong>.<\/li>\n<li data-start=\"1925\" data-end=\"1969\">F\u00e1cil de usar, incluso en periodos de mucho trabajo.<\/li>\n<li data-start=\"1972\" data-end=\"2012\">Una presentaci\u00f3n c\u00e1lida y tradicional.<\/li>\n<li data-start=\"2015\" data-end=\"2052\">Envasado econ\u00f3mico por <strong>1000<\/strong>.<\/li>\n<\/ul>\n<p>&nbsp;<\/p>\n<p><!--more--><\/p>\n<h4>Informaci\u00f3n adicional :<\/h4>\n<ul>\n<li><strong>Embalaje<\/strong>: Caja de 1000<\/li>\n<li><strong>Dimensiones<\/strong>: 30 + 5 x 30 cm<\/li>\n<li><strong>Gramaje<\/strong>: 35 g\/m\u00b2.<\/li>\n<li><strong>Color<\/strong>: Marr\u00f3n<\/li>\n<li><strong>Material<\/strong>: Papel<\/li>\n<\/ul>\n<p>&nbsp;<\/p>\n<p><!--more--><\/p>\n<p>Encuentre aqu\u00ed nuestra bolsa kraft para baguette: <span style=\"color: #d12727;\"><a style=\"color: #d12727;\" href=\"https:\/\/www.csj-emballages.com\/es\/produit\/1000-baguettes-krafts-10-4-x-42-cm\/\">SBAG1<\/a><\/span><\/p>\n<p>&nbsp;<\/p>\n<p><!--more--><\/p>\n<p><a href=\"https:\/\/www.csj-emballages.com\/es\/categorie-produit\/envasado-de-alimentos\/panaderia-y-pasteleria\/bolsas-sobres-y-papel\/sacheries-es\/bolsas-para-baguette-pan\/\">Ver el resto de nuestra gama de bolsas para baguette \/ pan<\/a><\/p>\n","protected":false},"excerpt":{"rendered":"<p>Bolsa de pan Descubra nuestra bolsa kraft para pan de pay\u00e9s de 30 + 5 x 30 cm por 1000<\/p>\n","protected":false},"featured_media":254372,"template":"","meta":{"_acf_changed":false},"product_brand":[],"product_cat":[1145,1654,3410],"product_tag":[],"class_list":{"0":"post-23791","1":"product","2":"type-product","3":"status-publish","4":"has-post-thumbnail","6":"product_cat-panaderia-y-pasteleria","7":"product_cat-sacheries-es","8":"product_cat-bolsas-para-baguette-pan","10":"first","11":"instock","12":"taxable","13":"shipping-taxable","14":"purchasable","15":"product-type-simple"},"acf":[],"yoast_head":"<!-- This site is optimized with the Yoast SEO Premium plugin v26.6 (Yoast SEO v26.6) - https:\/\/yoast.com\/wordpress\/plugins\/seo\/ -->\n<title>Saco de pan Kraft 30 + 5 x 30 cm por 1000<\/title>\n<meta name=\"description\" content=\"Elija nuestra bolsa kraft para pan de pay\u00e9s de 30 + 5 x 30 cm por 1000: s\u00f3lida, pr\u00e1ctica, natural y perfecta para exponer sus panes artesanos.\" \/>\n<meta name=\"robots\" content=\"index, follow, max-snippet:-1, max-image-preview:large, max-video-preview:-1\" \/>\n<link rel=\"canonical\" href=\"https:\/\/www.csj-emballages.com\/es\/produit\/1000-bolsas-kraft-para-pan-de-payes-30-5-x-30-cm\/\" \/>\n<meta property=\"og:locale\" content=\"es_ES\" \/>\n<meta property=\"og:type\" content=\"article\" \/>\n<meta property=\"og:title\" content=\"Bolsa kraft para pan de pay\u00e9s 30 + 5 x 30 cm por 1000\" \/>\n<meta property=\"og:description\" content=\"Elija nuestra bolsa kraft para pan de pay\u00e9s de 30 + 5 x 30 cm por 1000: s\u00f3lida, pr\u00e1ctica, natural y perfecta para exponer sus panes artesanos.\" \/>\n<meta property=\"og:url\" content=\"https:\/\/www.csj-emballages.com\/es\/produit\/1000-bolsas-kraft-para-pan-de-payes-30-5-x-30-cm\/\" \/>\n<meta property=\"og:site_name\" content=\"CSJ Emballages\" \/>\n<meta property=\"article:publisher\" content=\"https:\/\/www.facebook.com\/csjemballages\" \/>\n<meta property=\"article:modified_time\" content=\"2026-05-01T00:15:00+00:00\" \/>\n<meta property=\"og:image\" content=\"https:\/\/www.csj-emballages.com\/wp-content\/uploads\/2024\/03\/SPAIN.webp\" \/>\n\t<meta property=\"og:image:width\" content=\"800\" \/>\n\t<meta property=\"og:image:height\" content=\"800\" \/>\n\t<meta property=\"og:image:type\" content=\"image\/webp\" \/>\n<meta name=\"twitter:card\" content=\"summary_large_image\" \/>\n<meta name=\"twitter:label1\" content=\"Tiempo de lectura\" \/>\n\t<meta name=\"twitter:data1\" content=\"2 minutos\" \/>\n<script type=\"application\/ld+json\" class=\"yoast-schema-graph\">{\"@context\":\"https:\/\/schema.org\",\"@graph\":[{\"@type\":\"WebPage\",\"@id\":\"https:\/\/www.csj-emballages.com\/es\/produit\/1000-bolsas-kraft-para-pan-de-payes-30-5-x-30-cm\/\",\"url\":\"https:\/\/www.csj-emballages.com\/es\/produit\/1000-bolsas-kraft-para-pan-de-payes-30-5-x-30-cm\/\",\"name\":\"Saco de pan Kraft 30 + 5 x 30 cm por 1000\",\"isPartOf\":{\"@id\":\"https:\/\/www.csj-emballages.com\/es\/#website\"},\"primaryImageOfPage\":{\"@id\":\"https:\/\/www.csj-emballages.com\/es\/produit\/1000-bolsas-kraft-para-pan-de-payes-30-5-x-30-cm\/#primaryimage\"},\"image\":{\"@id\":\"https:\/\/www.csj-emballages.com\/es\/produit\/1000-bolsas-kraft-para-pan-de-payes-30-5-x-30-cm\/#primaryimage\"},\"thumbnailUrl\":\"https:\/\/www.csj-emballages.com\/wp-content\/uploads\/2024\/03\/SPAIN.webp\",\"datePublished\":\"2024-03-01T15:49:06+00:00\",\"dateModified\":\"2026-05-01T00:15:00+00:00\",\"description\":\"Elija nuestra bolsa kraft para pan de pay\u00e9s de 30 + 5 x 30 cm por 1000: s\u00f3lida, pr\u00e1ctica, natural y perfecta para exponer sus panes artesanos.\",\"breadcrumb\":{\"@id\":\"https:\/\/www.csj-emballages.com\/es\/produit\/1000-bolsas-kraft-para-pan-de-payes-30-5-x-30-cm\/#breadcrumb\"},\"inLanguage\":\"es\",\"potentialAction\":[{\"@type\":\"ReadAction\",\"target\":[\"https:\/\/www.csj-emballages.com\/es\/produit\/1000-bolsas-kraft-para-pan-de-payes-30-5-x-30-cm\/\"]}]},{\"@type\":\"ImageObject\",\"inLanguage\":\"es\",\"@id\":\"https:\/\/www.csj-emballages.com\/es\/produit\/1000-bolsas-kraft-para-pan-de-payes-30-5-x-30-cm\/#primaryimage\",\"url\":\"https:\/\/www.csj-emballages.com\/wp-content\/uploads\/2024\/03\/SPAIN.webp\",\"contentUrl\":\"https:\/\/www.csj-emballages.com\/wp-content\/uploads\/2024\/03\/SPAIN.webp\",\"width\":800,\"height\":800},{\"@type\":\"BreadcrumbList\",\"@id\":\"https:\/\/www.csj-emballages.com\/es\/produit\/1000-bolsas-kraft-para-pan-de-payes-30-5-x-30-cm\/#breadcrumb\",\"itemListElement\":[{\"@type\":\"ListItem\",\"position\":1,\"name\":\"Accueil\",\"item\":\"https:\/\/www.csj-emballages.com\/es\/universo-del-envasado-alimentario\/\"},{\"@type\":\"ListItem\",\"position\":2,\"name\":\"Tienda\",\"item\":\"https:\/\/www.csj-emballages.com\/tienda\/\"},{\"@type\":\"ListItem\",\"position\":3,\"name\":\"Bolsa kraft para pan de pay\u00e9s 30 + 5 x 30 cm por 1000\"}]},{\"@type\":\"WebSite\",\"@id\":\"https:\/\/www.csj-emballages.com\/es\/#website\",\"url\":\"https:\/\/www.csj-emballages.com\/es\/\",\"name\":\"CSJ Emballages\",\"description\":\"\",\"publisher\":{\"@id\":\"https:\/\/www.csj-emballages.com\/es\/#organization\"},\"potentialAction\":[{\"@type\":\"SearchAction\",\"target\":{\"@type\":\"EntryPoint\",\"urlTemplate\":\"https:\/\/www.csj-emballages.com\/es\/?s={search_term_string}\"},\"query-input\":{\"@type\":\"PropertyValueSpecification\",\"valueRequired\":true,\"valueName\":\"search_term_string\"}}],\"inLanguage\":\"es\"},{\"@type\":\"Organization\",\"@id\":\"https:\/\/www.csj-emballages.com\/es\/#Organization\/\",\"name\":\"CSJ Emballages\",\"url\":\"https:\/\/www.csj-emballages.com\/es\/\",\"logo\":{\"@type\":\"ImageObject\",\"inLanguage\":\"es\",\"@id\":\"https:\/\/www.csj-emballages.com\/es\/#\/schema\/logo\/image\/\",\"url\":\"https:\/\/www.csj-emballages.com\/wp-content\/uploads\/2023\/10\/logo_csj.webp\",\"contentUrl\":\"https:\/\/www.csj-emballages.com\/wp-content\/uploads\/2023\/10\/logo_csj.webp\",\"width\":250,\"height\":95,\"caption\":\"CSJ Emballages\"},\"image\":{\"@id\":\"https:\/\/www.csj-emballages.com\/es\/#\/schema\/logo\/image\/\"},\"sameAs\":[\"https:\/\/www.facebook.com\/csjemballages\"],\"address\":{\"@type\":\"PostalAddress\",\"streetAddress\":\"ZI La Lechere\",\"addressLocality\":\"Patornay\",\"postalCode\":\"39130\",\"addressCountry\":\"FR\"},\"contactPoint\":[{\"@type\":\"ContactPoint\",\"contactType\":\"Service client\",\"telephone\":\"0384254272\",\"email\":\"contact@csj-emballages.com\"}]}]}<\/script>\n<!-- \/ Yoast SEO Premium plugin. -->","yoast_head_json":{"title":"Saco de pan Kraft 30 + 5 x 30 cm por 1000","description":"Elija nuestra bolsa kraft para pan de pay\u00e9s de 30 + 5 x 30 cm por 1000: s\u00f3lida, pr\u00e1ctica, natural y perfecta para exponer sus panes artesanos.","robots":{"index":"index","follow":"follow","max-snippet":"max-snippet:-1","max-image-preview":"max-image-preview:large","max-video-preview":"max-video-preview:-1"},"canonical":"https:\/\/www.csj-emballages.com\/es\/produit\/1000-bolsas-kraft-para-pan-de-payes-30-5-x-30-cm\/","og_locale":"es_ES","og_type":"article","og_title":"Bolsa kraft para pan de pay\u00e9s 30 + 5 x 30 cm por 1000","og_description":"Elija nuestra bolsa kraft para pan de pay\u00e9s de 30 + 5 x 30 cm por 1000: s\u00f3lida, pr\u00e1ctica, natural y perfecta para exponer sus panes artesanos.","og_url":"https:\/\/www.csj-emballages.com\/es\/produit\/1000-bolsas-kraft-para-pan-de-payes-30-5-x-30-cm\/","og_site_name":"CSJ Emballages","article_publisher":"https:\/\/www.facebook.com\/csjemballages","article_modified_time":"2026-05-01T00:15:00+00:00","og_image":[{"width":800,"height":800,"url":"https:\/\/www.csj-emballages.com\/wp-content\/uploads\/2024\/03\/SPAIN.webp","type":"image\/webp"}],"twitter_card":"summary_large_image","twitter_misc":{"Tiempo de lectura":"2 minutos"},"schema":{"@context":"https:\/\/schema.org","@graph":[{"@type":"WebPage","@id":"https:\/\/www.csj-emballages.com\/es\/produit\/1000-bolsas-kraft-para-pan-de-payes-30-5-x-30-cm\/","url":"https:\/\/www.csj-emballages.com\/es\/produit\/1000-bolsas-kraft-para-pan-de-payes-30-5-x-30-cm\/","name":"Saco de pan Kraft 30 + 5 x 30 cm por 1000","isPartOf":{"@id":"https:\/\/www.csj-emballages.com\/es\/#website"},"primaryImageOfPage":{"@id":"https:\/\/www.csj-emballages.com\/es\/produit\/1000-bolsas-kraft-para-pan-de-payes-30-5-x-30-cm\/#primaryimage"},"image":{"@id":"https:\/\/www.csj-emballages.com\/es\/produit\/1000-bolsas-kraft-para-pan-de-payes-30-5-x-30-cm\/#primaryimage"},"thumbnailUrl":"https:\/\/www.csj-emballages.com\/wp-content\/uploads\/2024\/03\/SPAIN.webp","datePublished":"2024-03-01T15:49:06+00:00","dateModified":"2026-05-01T00:15:00+00:00","description":"Elija nuestra bolsa kraft para pan de pay\u00e9s de 30 + 5 x 30 cm por 1000: s\u00f3lida, pr\u00e1ctica, natural y perfecta para exponer sus panes artesanos.","breadcrumb":{"@id":"https:\/\/www.csj-emballages.com\/es\/produit\/1000-bolsas-kraft-para-pan-de-payes-30-5-x-30-cm\/#breadcrumb"},"inLanguage":"es","potentialAction":[{"@type":"ReadAction","target":["https:\/\/www.csj-emballages.com\/es\/produit\/1000-bolsas-kraft-para-pan-de-payes-30-5-x-30-cm\/"]}]},{"@type":"ImageObject","inLanguage":"es","@id":"https:\/\/www.csj-emballages.com\/es\/produit\/1000-bolsas-kraft-para-pan-de-payes-30-5-x-30-cm\/#primaryimage","url":"https:\/\/www.csj-emballages.com\/wp-content\/uploads\/2024\/03\/SPAIN.webp","contentUrl":"https:\/\/www.csj-emballages.com\/wp-content\/uploads\/2024\/03\/SPAIN.webp","width":800,"height":800},{"@type":"BreadcrumbList","@id":"https:\/\/www.csj-emballages.com\/es\/produit\/1000-bolsas-kraft-para-pan-de-payes-30-5-x-30-cm\/#breadcrumb","itemListElement":[{"@type":"ListItem","position":1,"name":"Accueil","item":"https:\/\/www.csj-emballages.com\/es\/universo-del-envasado-alimentario\/"},{"@type":"ListItem","position":2,"name":"Tienda","item":"https:\/\/www.csj-emballages.com\/tienda\/"},{"@type":"ListItem","position":3,"name":"Bolsa kraft para pan de pay\u00e9s 30 + 5 x 30 cm por 1000"}]},{"@type":"WebSite","@id":"https:\/\/www.csj-emballages.com\/es\/#website","url":"https:\/\/www.csj-emballages.com\/es\/","name":"CSJ Emballages","description":"","publisher":{"@id":"https:\/\/www.csj-emballages.com\/es\/#organization"},"potentialAction":[{"@type":"SearchAction","target":{"@type":"EntryPoint","urlTemplate":"https:\/\/www.csj-emballages.com\/es\/?s={search_term_string}"},"query-input":{"@type":"PropertyValueSpecification","valueRequired":true,"valueName":"search_term_string"}}],"inLanguage":"es"},{"@type":"Organization","@id":"https:\/\/www.csj-emballages.com\/es\/#Organization\/","name":"CSJ Emballages","url":"https:\/\/www.csj-emballages.com\/es\/","logo":{"@type":"ImageObject","inLanguage":"es","@id":"https:\/\/www.csj-emballages.com\/es\/#\/schema\/logo\/image\/","url":"https:\/\/www.csj-emballages.com\/wp-content\/uploads\/2023\/10\/logo_csj.webp","contentUrl":"https:\/\/www.csj-emballages.com\/wp-content\/uploads\/2023\/10\/logo_csj.webp","width":250,"height":95,"caption":"CSJ Emballages"},"image":{"@id":"https:\/\/www.csj-emballages.com\/es\/#\/schema\/logo\/image\/"},"sameAs":["https:\/\/www.facebook.com\/csjemballages"],"address":{"@type":"PostalAddress","streetAddress":"ZI La Lechere","addressLocality":"Patornay","postalCode":"39130","addressCountry":"FR"},"contactPoint":[{"@type":"ContactPoint","contactType":"Service client","telephone":"0384254272","email":"contact@csj-emballages.com"}]}]}},"df_price":43.96,"df_sale_price":"","df_regular_price":43.96,"df_image_link":"https:\/\/www.csj-emballages.com\/wp-content\/uploads\/2024\/03\/SPAIN-300x300.webp","tiered_pricing_type":"fixed","tiered_pricing_fixed_rules":[],"tiered_pricing_percentage_rules":[],"tiered_pricing_minimum":1,"tiered_pricing_roles_data":[],"_links":{"self":[{"href":"https:\/\/www.csj-emballages.com\/es\/wp-json\/wp\/v2\/product\/23791","targetHints":{"allow":["GET"]}}],"collection":[{"href":"https:\/\/www.csj-emballages.com\/es\/wp-json\/wp\/v2\/product"}],"about":[{"href":"https:\/\/www.csj-emballages.com\/es\/wp-json\/wp\/v2\/types\/product"}],"wp:featuredmedia":[{"embeddable":true,"href":"https:\/\/www.csj-emballages.com\/es\/wp-json\/wp\/v2\/media\/254372"}],"wp:attachment":[{"href":"https:\/\/www.csj-emballages.com\/es\/wp-json\/wp\/v2\/media?parent=23791"}],"wp:term":[{"taxonomy":"product_brand","embeddable":true,"href":"https:\/\/www.csj-emballages.com\/es\/wp-json\/wp\/v2\/product_brand?post=23791"},{"taxonomy":"product_cat","embeddable":true,"href":"https:\/\/www.csj-emballages.com\/es\/wp-json\/wp\/v2\/product_cat?post=23791"},{"taxonomy":"product_tag","embeddable":true,"href":"https:\/\/www.csj-emballages.com\/es\/wp-json\/wp\/v2\/product_tag?post=23791"}],"curies":[{"name":"wp","href":"https:\/\/api.w.org\/{rel}","templated":true}]}}