{"id":23767,"date":"2024-03-01T16:49:05","date_gmt":"2024-03-01T15:49:05","guid":{"rendered":"https:\/\/u15jnbdpoq.preview.infomaniak.website\/produit\/25-bolsas-de-basura-negras-de-50-litros-y-35-%c2%b5\/"},"modified":"2026-04-28T02:19:20","modified_gmt":"2026-04-28T00:19:20","slug":"25-bolsas-de-basura-negras-de-50-litros-y-35-%c2%b5","status":"publish","type":"product","link":"https:\/\/www.csj-emballages.com\/es\/produit\/25-bolsas-de-basura-negras-de-50-litros-y-35-%c2%b5\/","title":{"rendered":"Bolsa de basura de 50 litros negra de 35 \u00b5 por 25"},"content":{"rendered":"<h2>Bolsa de basura<\/h2>\n<hr>\n<h3>Descubra nuestra bolsa de basura de 50 litros negra de 35 \u00b5 por 25<\/h3>\n<p><!--more--><\/p>\n<p data-start=\"205\" data-end=\"562\">Estas <strong data-start=\"209\" data-end=\"242\">bolsas de basura de 50 litros negras<\/strong> est\u00e1n pensadas para gestionar los residuos del d\u00eda a d\u00eda de forma sencilla y eficaz. Con su capacidad de <strong>50 litros<\/strong>, son perfectas para <strong>peque\u00f1as papeleras de oficina, cocina, aseos o espacios comunes<\/strong>. Es el formato pr\u00e1ctico, ni demasiado grande ni demasiado peque\u00f1o, que se adapta f\u00e1cilmente a muchos usos.  <\/p>\n<p data-start=\"564\" data-end=\"940\">Gracias a su grosor de <strong>35 micras<\/strong>, estas <strong>bolsas<\/strong> ofrecen una buena resistencia al uso. Se sujetan correctamente, soportan el peso de los residuos comunes y limitan el riesgo de desgarro al cerrar o transportar. Su <strong>color negro permite ocultar el contenido<\/strong> para un resultado m\u00e1s limpio y discreto, especialmente en lugares que reciben p\u00fablico.  <\/p>\n<p data-start=\"942\" data-end=\"1260\">F\u00e1ciles de colocar, se deslizan r\u00e1pidamente en la papelera y permanecen bien ajustadas durante el uso. Una vez llenas, se cierran f\u00e1cilmente y se manipulan sin dificultad. Ya sea en un entorno profesional o para el uso diario, facilitan la gesti\u00f3n de residuos sin perder tiempo.  <\/p>\n<p data-start=\"1262\" data-end=\"1521\">Vendidas <strong data-start=\"1269\" data-end=\"1286\">en lotes de 25<\/strong>, estas <strong>bolsas de basura<\/strong> son ideales para reponer regularmente o para completar un stock existente. Encuentran su lugar tanto en oficinas, comercios, colectividades como en cocinas profesionales o dom\u00e9sticas. <\/p>\n<p data-start=\"1523\" data-end=\"1711\">En resumen, estas <strong>bolsas de basura de 50 litros<\/strong> combinan practicidad, discreci\u00f3n y fiabilidad. Un indispensable sencillo, pero eficaz, para mantener los espacios limpios y bien organizados a diario. <\/p>\n<p data-start=\"1523\" data-end=\"1711\"><!--more--><\/p>\n<h4 data-start=\"1523\" data-end=\"1711\">Ventajas :<\/h4>\n<ul>\n<li data-start=\"1739\" data-end=\"1763\">Capacidad de <strong>50 litros<\/strong>.<\/li>\n<li data-start=\"1766\" data-end=\"1810\"><strong>Grosor de 35<\/strong> micras para una buena sujeci\u00f3n.<\/li>\n<li data-start=\"1813\" data-end=\"1849\">Color negro, discreto y limpio.<\/li>\n<li data-start=\"1852\" data-end=\"1887\">F\u00e1ciles de instalar y retirar.<\/li>\n<li data-start=\"1890\" data-end=\"1941\">Adaptadas a usos profesionales y dom\u00e9sticos.<\/li>\n<li data-start=\"1944\" data-end=\"1968\">Lote pr\u00e1ctico de <strong>25 bolsas<\/strong>.<\/li>\n<\/ul>\n<p>&nbsp;<\/p>\n<p><!--more--><\/p>\n<h4>Informaci\u00f3n adicional :<\/h4>\n<ul style=\"font-family: Roboto, sans-serif;\">\n<li><strong>Presentaci\u00f3n<\/strong>: Rollo de 25<\/li>\n<li><strong>Dimensiones<\/strong>: 750 mm x 680 mm<\/li>\n<li><span style=\"font-weight: bold;\">Volumen: <\/span>50 litros<\/li>\n<li><strong>Espesor<\/strong>: 35 \u00b5<\/li>\n<li><strong>Color<\/strong>: Negro<\/li>\n<li><strong>Material<\/strong>: PEAD<\/li>\n<\/ul>\n<p>&nbsp;<\/p>\n<p><!--more--><\/p>\n<p>Esta bolsa de basura de 50 litros est\u00e1 disponible en diferentes tama\u00f1os: <span style=\"color: #d12727;\"><a style=\"color: #d12727;\" href=\"https:\/\/www.csj-emballages.com\/produit\/20-sacs-poubelles-30-litres-noirs-25-%c2%b5\/\">30 litros<\/a><\/span> \/ <span style=\"color: #d12727;\"><a style=\"color: #d12727;\" href=\"https:\/\/www.csj-emballages.com\/es\/produit\/25-negras-35-%c2%b5-bolsas-de-basura-de-100-litros\/\">100 litros (35 \u00b5)<\/a><\/span> \/ <span style=\"color: #d12727;\"><a style=\"color: #d12727;\" href=\"https:\/\/www.csj-emballages.com\/es\/produit\/10-bolsas-de-basura-negras-65-%c2%b5-de-100-litros\/\">100 litros (65 \u00b5)<\/a><\/span> \/ <span style=\"color: #d12727;\"><a style=\"color: #d12727;\" href=\"https:\/\/www.csj-emballages.com\/es\/produit\/25-bolsas-de-basura-negras-35-%c2%b5-de-110-litros\/\">110 litros (35 \u00b5)<\/a> <\/span>\/ <span style=\"color: #d12727;\"><a style=\"color: #d12727;\" href=\"https:\/\/www.csj-emballages.com\/es\/produit\/20-bolsas-de-basura-negras-55-%c2%b5-110-litros\/\">110 litros (55 \u00b5)<\/a> <\/span>\/ <span style=\"color: #d12727;\"><a style=\"color: #d12727;\" href=\"https:\/\/www.csj-emballages.com\/es\/categorie-produit\/higiene-y-mantenimiento\/bolsas-de-basura\/\">&#8230;<\/a><\/span><\/p>\n<p>&nbsp;<\/p>\n<p><!--more--><\/p>\n<p><a href=\"https:\/\/www.csj-emballages.com\/es\/categorie-produit\/higiene-y-mantenimiento\/bolsas-de-basura\/\">Consulte el resto de nuestra gama de bolsas de basura  <\/a><\/p>\n","protected":false},"excerpt":{"rendered":"<p>Bolsa de basura Descubra nuestra bolsa de basura de 50 litros negra de 35 \u00b5 por 25<\/p>\n","protected":false},"featured_media":222415,"template":"","meta":{"_acf_changed":false},"product_brand":[],"product_cat":[1226,1871],"product_tag":[],"class_list":{"0":"post-23767","1":"product","2":"type-product","3":"status-publish","4":"has-post-thumbnail","6":"product_cat-higiene-y-mantenimiento","7":"product_cat-bolsas-de-basura","9":"first","10":"instock","11":"taxable","12":"shipping-taxable","13":"purchasable","14":"product-type-simple"},"acf":[],"yoast_head":"<!-- This site is optimized with the Yoast SEO Premium plugin v26.6 (Yoast SEO v26.6) - https:\/\/yoast.com\/wordpress\/plugins\/seo\/ -->\n<title>Bolsa de basura de 50 litros negra de 35 \u00b5 por 25<\/title>\n<meta name=\"description\" content=\"Bolsa de basura de 50 litros negra de 35 micras, se vende por 25 unidades. Resistentes, pr\u00e1cticas y discretas, ideales para oficinas, cocinas y colectividades.\" \/>\n<meta name=\"robots\" content=\"index, follow, max-snippet:-1, max-image-preview:large, max-video-preview:-1\" \/>\n<link rel=\"canonical\" href=\"https:\/\/www.csj-emballages.com\/es\/produit\/25-bolsas-de-basura-negras-de-50-litros-y-35-%c2%b5\/\" \/>\n<meta property=\"og:locale\" content=\"es_ES\" \/>\n<meta property=\"og:type\" content=\"article\" \/>\n<meta property=\"og:title\" content=\"Bolsa de basura de 50 litros negra de 35 \u00b5 por 25\" \/>\n<meta property=\"og:description\" content=\"Bolsa de basura de 50 litros negra de 35 micras, se vende por 25 unidades. Resistentes, pr\u00e1cticas y discretas, ideales para oficinas, cocinas y colectividades.\" \/>\n<meta property=\"og:url\" content=\"https:\/\/www.csj-emballages.com\/es\/produit\/25-bolsas-de-basura-negras-de-50-litros-y-35-%c2%b5\/\" \/>\n<meta property=\"og:site_name\" content=\"CSJ Emballages\" \/>\n<meta property=\"article:publisher\" content=\"https:\/\/www.facebook.com\/csjemballages\" \/>\n<meta property=\"article:modified_time\" content=\"2026-04-28T00:19:20+00:00\" \/>\n<meta property=\"og:image\" content=\"https:\/\/www.csj-emballages.com\/wp-content\/uploads\/2024\/03\/Sac-housse.webp\" \/>\n\t<meta property=\"og:image:width\" content=\"800\" \/>\n\t<meta property=\"og:image:height\" content=\"800\" \/>\n\t<meta property=\"og:image:type\" content=\"image\/webp\" \/>\n<meta name=\"twitter:card\" content=\"summary_large_image\" \/>\n<meta name=\"twitter:label1\" content=\"Tiempo de lectura\" \/>\n\t<meta name=\"twitter:data1\" content=\"2 minutos\" \/>\n<script type=\"application\/ld+json\" class=\"yoast-schema-graph\">{\"@context\":\"https:\/\/schema.org\",\"@graph\":[{\"@type\":\"WebPage\",\"@id\":\"https:\/\/www.csj-emballages.com\/es\/produit\/25-bolsas-de-basura-negras-de-50-litros-y-35-%c2%b5\/\",\"url\":\"https:\/\/www.csj-emballages.com\/es\/produit\/25-bolsas-de-basura-negras-de-50-litros-y-35-%c2%b5\/\",\"name\":\"Bolsa de basura de 50 litros negra de 35 \u00b5 por 25\",\"isPartOf\":{\"@id\":\"https:\/\/www.csj-emballages.com\/es\/#website\"},\"primaryImageOfPage\":{\"@id\":\"https:\/\/www.csj-emballages.com\/es\/produit\/25-bolsas-de-basura-negras-de-50-litros-y-35-%c2%b5\/#primaryimage\"},\"image\":{\"@id\":\"https:\/\/www.csj-emballages.com\/es\/produit\/25-bolsas-de-basura-negras-de-50-litros-y-35-%c2%b5\/#primaryimage\"},\"thumbnailUrl\":\"https:\/\/www.csj-emballages.com\/wp-content\/uploads\/2024\/03\/Sac-housse.webp\",\"datePublished\":\"2024-03-01T15:49:05+00:00\",\"dateModified\":\"2026-04-28T00:19:20+00:00\",\"description\":\"Bolsa de basura de 50 litros negra de 35 micras, se vende por 25 unidades. Resistentes, pr\u00e1cticas y discretas, ideales para oficinas, cocinas y colectividades.\",\"breadcrumb\":{\"@id\":\"https:\/\/www.csj-emballages.com\/es\/produit\/25-bolsas-de-basura-negras-de-50-litros-y-35-%c2%b5\/#breadcrumb\"},\"inLanguage\":\"es\",\"potentialAction\":[{\"@type\":\"ReadAction\",\"target\":[\"https:\/\/www.csj-emballages.com\/es\/produit\/25-bolsas-de-basura-negras-de-50-litros-y-35-%c2%b5\/\"]}]},{\"@type\":\"ImageObject\",\"inLanguage\":\"es\",\"@id\":\"https:\/\/www.csj-emballages.com\/es\/produit\/25-bolsas-de-basura-negras-de-50-litros-y-35-%c2%b5\/#primaryimage\",\"url\":\"https:\/\/www.csj-emballages.com\/wp-content\/uploads\/2024\/03\/Sac-housse.webp\",\"contentUrl\":\"https:\/\/www.csj-emballages.com\/wp-content\/uploads\/2024\/03\/Sac-housse.webp\",\"width\":800,\"height\":800,\"caption\":\"Sac poubelle\"},{\"@type\":\"BreadcrumbList\",\"@id\":\"https:\/\/www.csj-emballages.com\/es\/produit\/25-bolsas-de-basura-negras-de-50-litros-y-35-%c2%b5\/#breadcrumb\",\"itemListElement\":[{\"@type\":\"ListItem\",\"position\":1,\"name\":\"Accueil\",\"item\":\"https:\/\/www.csj-emballages.com\/es\/universo-del-envasado-alimentario\/\"},{\"@type\":\"ListItem\",\"position\":2,\"name\":\"Tienda\",\"item\":\"https:\/\/www.csj-emballages.com\/tienda\/\"},{\"@type\":\"ListItem\",\"position\":3,\"name\":\"Bolsa de basura de 50 litros negra de 35 \u00b5 por 25\"}]},{\"@type\":\"WebSite\",\"@id\":\"https:\/\/www.csj-emballages.com\/es\/#website\",\"url\":\"https:\/\/www.csj-emballages.com\/es\/\",\"name\":\"CSJ Emballages\",\"description\":\"\",\"publisher\":{\"@id\":\"https:\/\/www.csj-emballages.com\/es\/#organization\"},\"potentialAction\":[{\"@type\":\"SearchAction\",\"target\":{\"@type\":\"EntryPoint\",\"urlTemplate\":\"https:\/\/www.csj-emballages.com\/es\/?s={search_term_string}\"},\"query-input\":{\"@type\":\"PropertyValueSpecification\",\"valueRequired\":true,\"valueName\":\"search_term_string\"}}],\"inLanguage\":\"es\"},{\"@type\":\"Organization\",\"@id\":\"https:\/\/www.csj-emballages.com\/es\/#Organization\/\",\"name\":\"CSJ Emballages\",\"url\":\"https:\/\/www.csj-emballages.com\/es\/\",\"logo\":{\"@type\":\"ImageObject\",\"inLanguage\":\"es\",\"@id\":\"https:\/\/www.csj-emballages.com\/es\/#\/schema\/logo\/image\/\",\"url\":\"https:\/\/www.csj-emballages.com\/wp-content\/uploads\/2023\/10\/logo_csj.webp\",\"contentUrl\":\"https:\/\/www.csj-emballages.com\/wp-content\/uploads\/2023\/10\/logo_csj.webp\",\"width\":250,\"height\":95,\"caption\":\"CSJ Emballages\"},\"image\":{\"@id\":\"https:\/\/www.csj-emballages.com\/es\/#\/schema\/logo\/image\/\"},\"sameAs\":[\"https:\/\/www.facebook.com\/csjemballages\"],\"address\":{\"@type\":\"PostalAddress\",\"streetAddress\":\"ZI La Lechere\",\"addressLocality\":\"Patornay\",\"postalCode\":\"39130\",\"addressCountry\":\"FR\"},\"contactPoint\":[{\"@type\":\"ContactPoint\",\"contactType\":\"Service client\",\"telephone\":\"0384254272\",\"email\":\"contact@csj-emballages.com\"}]}]}<\/script>\n<!-- \/ Yoast SEO Premium plugin. -->","yoast_head_json":{"title":"Bolsa de basura de 50 litros negra de 35 \u00b5 por 25","description":"Bolsa de basura de 50 litros negra de 35 micras, se vende por 25 unidades. Resistentes, pr\u00e1cticas y discretas, ideales para oficinas, cocinas y colectividades.","robots":{"index":"index","follow":"follow","max-snippet":"max-snippet:-1","max-image-preview":"max-image-preview:large","max-video-preview":"max-video-preview:-1"},"canonical":"https:\/\/www.csj-emballages.com\/es\/produit\/25-bolsas-de-basura-negras-de-50-litros-y-35-%c2%b5\/","og_locale":"es_ES","og_type":"article","og_title":"Bolsa de basura de 50 litros negra de 35 \u00b5 por 25","og_description":"Bolsa de basura de 50 litros negra de 35 micras, se vende por 25 unidades. Resistentes, pr\u00e1cticas y discretas, ideales para oficinas, cocinas y colectividades.","og_url":"https:\/\/www.csj-emballages.com\/es\/produit\/25-bolsas-de-basura-negras-de-50-litros-y-35-%c2%b5\/","og_site_name":"CSJ Emballages","article_publisher":"https:\/\/www.facebook.com\/csjemballages","article_modified_time":"2026-04-28T00:19:20+00:00","og_image":[{"width":800,"height":800,"url":"https:\/\/www.csj-emballages.com\/wp-content\/uploads\/2024\/03\/Sac-housse.webp","type":"image\/webp"}],"twitter_card":"summary_large_image","twitter_misc":{"Tiempo de lectura":"2 minutos"},"schema":{"@context":"https:\/\/schema.org","@graph":[{"@type":"WebPage","@id":"https:\/\/www.csj-emballages.com\/es\/produit\/25-bolsas-de-basura-negras-de-50-litros-y-35-%c2%b5\/","url":"https:\/\/www.csj-emballages.com\/es\/produit\/25-bolsas-de-basura-negras-de-50-litros-y-35-%c2%b5\/","name":"Bolsa de basura de 50 litros negra de 35 \u00b5 por 25","isPartOf":{"@id":"https:\/\/www.csj-emballages.com\/es\/#website"},"primaryImageOfPage":{"@id":"https:\/\/www.csj-emballages.com\/es\/produit\/25-bolsas-de-basura-negras-de-50-litros-y-35-%c2%b5\/#primaryimage"},"image":{"@id":"https:\/\/www.csj-emballages.com\/es\/produit\/25-bolsas-de-basura-negras-de-50-litros-y-35-%c2%b5\/#primaryimage"},"thumbnailUrl":"https:\/\/www.csj-emballages.com\/wp-content\/uploads\/2024\/03\/Sac-housse.webp","datePublished":"2024-03-01T15:49:05+00:00","dateModified":"2026-04-28T00:19:20+00:00","description":"Bolsa de basura de 50 litros negra de 35 micras, se vende por 25 unidades. Resistentes, pr\u00e1cticas y discretas, ideales para oficinas, cocinas y colectividades.","breadcrumb":{"@id":"https:\/\/www.csj-emballages.com\/es\/produit\/25-bolsas-de-basura-negras-de-50-litros-y-35-%c2%b5\/#breadcrumb"},"inLanguage":"es","potentialAction":[{"@type":"ReadAction","target":["https:\/\/www.csj-emballages.com\/es\/produit\/25-bolsas-de-basura-negras-de-50-litros-y-35-%c2%b5\/"]}]},{"@type":"ImageObject","inLanguage":"es","@id":"https:\/\/www.csj-emballages.com\/es\/produit\/25-bolsas-de-basura-negras-de-50-litros-y-35-%c2%b5\/#primaryimage","url":"https:\/\/www.csj-emballages.com\/wp-content\/uploads\/2024\/03\/Sac-housse.webp","contentUrl":"https:\/\/www.csj-emballages.com\/wp-content\/uploads\/2024\/03\/Sac-housse.webp","width":800,"height":800,"caption":"Sac poubelle"},{"@type":"BreadcrumbList","@id":"https:\/\/www.csj-emballages.com\/es\/produit\/25-bolsas-de-basura-negras-de-50-litros-y-35-%c2%b5\/#breadcrumb","itemListElement":[{"@type":"ListItem","position":1,"name":"Accueil","item":"https:\/\/www.csj-emballages.com\/es\/universo-del-envasado-alimentario\/"},{"@type":"ListItem","position":2,"name":"Tienda","item":"https:\/\/www.csj-emballages.com\/tienda\/"},{"@type":"ListItem","position":3,"name":"Bolsa de basura de 50 litros negra de 35 \u00b5 por 25"}]},{"@type":"WebSite","@id":"https:\/\/www.csj-emballages.com\/es\/#website","url":"https:\/\/www.csj-emballages.com\/es\/","name":"CSJ Emballages","description":"","publisher":{"@id":"https:\/\/www.csj-emballages.com\/es\/#organization"},"potentialAction":[{"@type":"SearchAction","target":{"@type":"EntryPoint","urlTemplate":"https:\/\/www.csj-emballages.com\/es\/?s={search_term_string}"},"query-input":{"@type":"PropertyValueSpecification","valueRequired":true,"valueName":"search_term_string"}}],"inLanguage":"es"},{"@type":"Organization","@id":"https:\/\/www.csj-emballages.com\/es\/#Organization\/","name":"CSJ Emballages","url":"https:\/\/www.csj-emballages.com\/es\/","logo":{"@type":"ImageObject","inLanguage":"es","@id":"https:\/\/www.csj-emballages.com\/es\/#\/schema\/logo\/image\/","url":"https:\/\/www.csj-emballages.com\/wp-content\/uploads\/2023\/10\/logo_csj.webp","contentUrl":"https:\/\/www.csj-emballages.com\/wp-content\/uploads\/2023\/10\/logo_csj.webp","width":250,"height":95,"caption":"CSJ Emballages"},"image":{"@id":"https:\/\/www.csj-emballages.com\/es\/#\/schema\/logo\/image\/"},"sameAs":["https:\/\/www.facebook.com\/csjemballages"],"address":{"@type":"PostalAddress","streetAddress":"ZI La Lechere","addressLocality":"Patornay","postalCode":"39130","addressCountry":"FR"},"contactPoint":[{"@type":"ContactPoint","contactType":"Service client","telephone":"0384254272","email":"contact@csj-emballages.com"}]}]}},"df_price":2.27,"df_sale_price":"","df_regular_price":2.27,"df_image_link":"https:\/\/www.csj-emballages.com\/wp-content\/uploads\/2024\/03\/Sac-housse-300x300.webp","tiered_pricing_type":"fixed","tiered_pricing_fixed_rules":[],"tiered_pricing_percentage_rules":[],"tiered_pricing_minimum":1,"tiered_pricing_roles_data":[],"_links":{"self":[{"href":"https:\/\/www.csj-emballages.com\/es\/wp-json\/wp\/v2\/product\/23767","targetHints":{"allow":["GET"]}}],"collection":[{"href":"https:\/\/www.csj-emballages.com\/es\/wp-json\/wp\/v2\/product"}],"about":[{"href":"https:\/\/www.csj-emballages.com\/es\/wp-json\/wp\/v2\/types\/product"}],"wp:featuredmedia":[{"embeddable":true,"href":"https:\/\/www.csj-emballages.com\/es\/wp-json\/wp\/v2\/media\/222415"}],"wp:attachment":[{"href":"https:\/\/www.csj-emballages.com\/es\/wp-json\/wp\/v2\/media?parent=23767"}],"wp:term":[{"taxonomy":"product_brand","embeddable":true,"href":"https:\/\/www.csj-emballages.com\/es\/wp-json\/wp\/v2\/product_brand?post=23767"},{"taxonomy":"product_cat","embeddable":true,"href":"https:\/\/www.csj-emballages.com\/es\/wp-json\/wp\/v2\/product_cat?post=23767"},{"taxonomy":"product_tag","embeddable":true,"href":"https:\/\/www.csj-emballages.com\/es\/wp-json\/wp\/v2\/product_tag?post=23767"}],"curies":[{"name":"wp","href":"https:\/\/api.w.org\/{rel}","templated":true}]}}