{"id":23765,"date":"2024-03-01T16:49:06","date_gmt":"2024-03-01T15:49:06","guid":{"rendered":"https:\/\/u15jnbdpoq.preview.infomaniak.website\/produit\/250-sobres-con-punta-250-g\/"},"modified":"2026-05-01T02:14:57","modified_gmt":"2026-05-01T00:14:57","slug":"250-sobres-con-punta-250-g","status":"publish","type":"product","link":"https:\/\/www.csj-emballages.com\/es\/produit\/250-sobres-con-punta-250-g\/","title":{"rendered":"Bolsa de patatas fritas en cono para 250 g por 250"},"content":{"rendered":"<h2>Bolsa de patatas fritas<\/h2>\n<hr>\n<h3>Descubra nuestra bolsa de patatas fritas en cono para 250 g por 250<\/h3>\n<p><!--more--><\/p>\n<p data-start=\"254\" data-end=\"603\">Sencillo, eficaz y siempre apreciado, este <strong data-start=\"296\" data-end=\"329\">sachet de patatas fritas en punta de 250 g<\/strong> es un gran cl\u00e1sico de la restauraci\u00f3n r\u00e1pida\u2026 y por una buena raz\u00f3n. Su formato c\u00f3nico permite servir una porci\u00f3n generosa de patatas fritas, a la vez que resulta f\u00e1cil de sujetar con la mano. Resultado: sus clientes comen c\u00f3modamente, sin mancharse, incluso caminando.<\/p>\n<p data-start=\"605\" data-end=\"956\">Su dise\u00f1o tipo <strong>papel de peri\u00f3dico<\/strong> aporta un toque original y moderno. Rompe con el lado demasiado neutro de los envases cl\u00e1sicos y da inmediatamente un estilo de comida callejera a sus servicios. Este <strong>dise\u00f1o de papel de peri\u00f3dico<\/strong> llama la atenci\u00f3n, realza sus patatas fritas y refuerza la imagen agradable de su establecimiento, ya sea un snack, un food-truck, una freidur\u00eda o un puesto de eventos.  <\/p>\n<p data-start=\"958\" data-end=\"1249\">Gracias a su <strong>papel resistente<\/strong>, la bolsa absorbe el exceso de grasa sin ablandarse. Las patatas fritas se mantienen as\u00ed m\u00e1s agradables de degustar, a la vez que conservan una buena consistencia. El llenado es r\u00e1pido, lo que le permite encadenar los pedidos sin perder tiempo, sobre todo en las horas punta.  <\/p>\n<p data-start=\"1251\" data-end=\"1529\">Vendido <strong data-start=\"1257\" data-end=\"1275\">por lote de 250<\/strong>, este sachet se adapta perfectamente a grandes vol\u00famenes. Asegura su stock y gana en tranquilidad en el d\u00eda a d\u00eda. Ya sea para comida para llevar, una pausa para el almuerzo o un evento festivo, se integra f\u00e1cilmente en su organizaci\u00f3n.<\/p>\n<p data-start=\"1531\" data-end=\"1699\">En resumen, esta <strong>bolsa de patatas fritas en cono<\/strong> es pr\u00e1ctica y eficaz. Realza un producto sencillo, pero imprescindible, a la vez que facilita su servicio. <\/p>\n<p data-start=\"1531\" data-end=\"1699\">\n<p data-start=\"1531\" data-end=\"1699\"><!--more--><\/p>\n<h4 data-start=\"1531\" data-end=\"1699\">Ventajas :<\/h4>\n<ul>\n<li data-start=\"1728\" data-end=\"1770\">Formato en cono ideal para <strong>250 g<\/strong> de <strong>patatas fritas<\/strong>.<\/li>\n<li data-start=\"1773\" data-end=\"1816\"><strong>Dise\u00f1o de papel de peri\u00f3dico<\/strong> moderno y atractivo.<\/li>\n<li data-start=\"1819\" data-end=\"1845\">Buena absorci\u00f3n de la grasa.<\/li>\n<li data-start=\"1848\" data-end=\"1885\">F\u00e1cil de sujetar para el cliente.<\/li>\n<li data-start=\"1888\" data-end=\"1918\">Lote econ\u00f3mico de <strong>250 unidades<\/strong>.<\/li>\n<\/ul>\n<p>&nbsp;<\/p>\n<p><!--more--><\/p>\n<h4><strong>Informaci\u00f3n adicional :<\/strong><\/h4>\n<ul>\n<li><strong>Envase<\/strong>: Paquete de 250<\/li>\n<li><strong>Dimensiones de la bolsa<\/strong>: 29,5 x 21 cm<\/li>\n<li><strong>Material<\/strong>: Papel sulfurizado<\/li>\n<li><strong>Color<\/strong>: Papel de peri\u00f3dico<\/li>\n<\/ul>\n<p>&nbsp;<\/p>\n<p><!--more--><\/p>\n<p><a href=\"https:\/\/www.csj-emballages.com\/es\/categorie-produit\/envasado-de-alimentos\/catering-es\/bolsas-y-papel\/papel-sulfurizado\/\">Ver el resto de nuestra gama de papeles antigrasa<\/a><\/p>\n","protected":false},"excerpt":{"rendered":"<p>Bolsa de patatas fritas Descubra nuestra bolsa de patatas fritas en cono para 250 g por 250<\/p>\n","protected":false},"featured_media":259264,"template":"","meta":{"_acf_changed":false},"product_brand":[],"product_cat":[1150,1179,3878,2429,1479,3032,3436],"product_tag":[],"class_list":{"0":"post-23765","1":"product","2":"type-product","3":"status-publish","4":"has-post-thumbnail","6":"product_cat-envasado-de-alimentos","7":"product_cat-catering-es","8":"product_cat-cajas-bandejas-bolsas-conos","9":"product_cat-conos-y-ollas-de-pasta-envoltura-maiz","10":"product_cat-conos-para-freir","11":"product_cat-papel-sulfurizado","12":"product_cat-patatas-fritas","14":"first","15":"instock","16":"taxable","17":"shipping-taxable","18":"purchasable","19":"product-type-simple"},"acf":[],"yoast_head":"<!-- This site is optimized with the Yoast SEO Premium plugin v26.6 (Yoast SEO v26.6) - https:\/\/yoast.com\/wordpress\/plugins\/seo\/ -->\n<title>Bolsa de patatas fritas en cono de papel antigrasa - 250 g<\/title>\n<meta name=\"description\" content=\"Descubra nuestra bolsa de patatas fritas en cono de papel antigrasa. Pr\u00e1ctica y ecol\u00f3gica, esta bolsa en cono es ideal para la restauraci\u00f3n r\u00e1pida.\" \/>\n<meta name=\"robots\" content=\"index, follow, max-snippet:-1, max-image-preview:large, max-video-preview:-1\" \/>\n<link rel=\"canonical\" href=\"https:\/\/www.csj-emballages.com\/es\/produit\/250-sobres-con-punta-250-g\/\" \/>\n<meta property=\"og:locale\" content=\"es_ES\" \/>\n<meta property=\"og:type\" content=\"article\" \/>\n<meta property=\"og:title\" content=\"Bolsa de patatas fritas en cono para 250 g por 250\" \/>\n<meta property=\"og:description\" content=\"Descubra nuestra bolsa de patatas fritas en cono de papel antigrasa. Pr\u00e1ctica y ecol\u00f3gica, esta bolsa en cono es ideal para la restauraci\u00f3n r\u00e1pida.\" \/>\n<meta property=\"og:url\" content=\"https:\/\/www.csj-emballages.com\/es\/produit\/250-sobres-con-punta-250-g\/\" \/>\n<meta property=\"og:site_name\" content=\"CSJ Emballages\" \/>\n<meta property=\"article:publisher\" content=\"https:\/\/www.facebook.com\/csjemballages\" \/>\n<meta property=\"article:modified_time\" content=\"2026-05-01T00:14:57+00:00\" \/>\n<meta property=\"og:image\" content=\"https:\/\/www.csj-emballages.com\/wp-content\/uploads\/2024\/03\/SP250.webp\" \/>\n\t<meta property=\"og:image:width\" content=\"800\" \/>\n\t<meta property=\"og:image:height\" content=\"800\" \/>\n\t<meta property=\"og:image:type\" content=\"image\/webp\" \/>\n<meta name=\"twitter:card\" content=\"summary_large_image\" \/>\n<meta name=\"twitter:label1\" content=\"Tiempo de lectura\" \/>\n\t<meta name=\"twitter:data1\" content=\"2 minutos\" \/>\n<script type=\"application\/ld+json\" class=\"yoast-schema-graph\">{\"@context\":\"https:\/\/schema.org\",\"@graph\":[{\"@type\":\"WebPage\",\"@id\":\"https:\/\/www.csj-emballages.com\/es\/produit\/250-sobres-con-punta-250-g\/\",\"url\":\"https:\/\/www.csj-emballages.com\/es\/produit\/250-sobres-con-punta-250-g\/\",\"name\":\"Bolsa de patatas fritas en cono de papel antigrasa - 250 g\",\"isPartOf\":{\"@id\":\"https:\/\/www.csj-emballages.com\/es\/#website\"},\"primaryImageOfPage\":{\"@id\":\"https:\/\/www.csj-emballages.com\/es\/produit\/250-sobres-con-punta-250-g\/#primaryimage\"},\"image\":{\"@id\":\"https:\/\/www.csj-emballages.com\/es\/produit\/250-sobres-con-punta-250-g\/#primaryimage\"},\"thumbnailUrl\":\"https:\/\/www.csj-emballages.com\/wp-content\/uploads\/2024\/03\/SP250.webp\",\"datePublished\":\"2024-03-01T15:49:06+00:00\",\"dateModified\":\"2026-05-01T00:14:57+00:00\",\"description\":\"Descubra nuestra bolsa de patatas fritas en cono de papel antigrasa. Pr\u00e1ctica y ecol\u00f3gica, esta bolsa en cono es ideal para la restauraci\u00f3n r\u00e1pida.\",\"breadcrumb\":{\"@id\":\"https:\/\/www.csj-emballages.com\/es\/produit\/250-sobres-con-punta-250-g\/#breadcrumb\"},\"inLanguage\":\"es\",\"potentialAction\":[{\"@type\":\"ReadAction\",\"target\":[\"https:\/\/www.csj-emballages.com\/es\/produit\/250-sobres-con-punta-250-g\/\"]}]},{\"@type\":\"ImageObject\",\"inLanguage\":\"es\",\"@id\":\"https:\/\/www.csj-emballages.com\/es\/produit\/250-sobres-con-punta-250-g\/#primaryimage\",\"url\":\"https:\/\/www.csj-emballages.com\/wp-content\/uploads\/2024\/03\/SP250.webp\",\"contentUrl\":\"https:\/\/www.csj-emballages.com\/wp-content\/uploads\/2024\/03\/SP250.webp\",\"width\":800,\"height\":800,\"caption\":\"Sachet frites en pointe\"},{\"@type\":\"BreadcrumbList\",\"@id\":\"https:\/\/www.csj-emballages.com\/es\/produit\/250-sobres-con-punta-250-g\/#breadcrumb\",\"itemListElement\":[{\"@type\":\"ListItem\",\"position\":1,\"name\":\"Accueil\",\"item\":\"https:\/\/www.csj-emballages.com\/es\/universo-del-envasado-alimentario\/\"},{\"@type\":\"ListItem\",\"position\":2,\"name\":\"Tienda\",\"item\":\"https:\/\/www.csj-emballages.com\/tienda\/\"},{\"@type\":\"ListItem\",\"position\":3,\"name\":\"Bolsa de patatas fritas en cono para 250 g por 250\"}]},{\"@type\":\"WebSite\",\"@id\":\"https:\/\/www.csj-emballages.com\/es\/#website\",\"url\":\"https:\/\/www.csj-emballages.com\/es\/\",\"name\":\"CSJ Emballages\",\"description\":\"\",\"publisher\":{\"@id\":\"https:\/\/www.csj-emballages.com\/es\/#organization\"},\"potentialAction\":[{\"@type\":\"SearchAction\",\"target\":{\"@type\":\"EntryPoint\",\"urlTemplate\":\"https:\/\/www.csj-emballages.com\/es\/?s={search_term_string}\"},\"query-input\":{\"@type\":\"PropertyValueSpecification\",\"valueRequired\":true,\"valueName\":\"search_term_string\"}}],\"inLanguage\":\"es\"},{\"@type\":\"Organization\",\"@id\":\"https:\/\/www.csj-emballages.com\/es\/#Organization\/\",\"name\":\"CSJ Emballages\",\"url\":\"https:\/\/www.csj-emballages.com\/es\/\",\"logo\":{\"@type\":\"ImageObject\",\"inLanguage\":\"es\",\"@id\":\"https:\/\/www.csj-emballages.com\/es\/#\/schema\/logo\/image\/\",\"url\":\"https:\/\/www.csj-emballages.com\/wp-content\/uploads\/2023\/10\/logo_csj.webp\",\"contentUrl\":\"https:\/\/www.csj-emballages.com\/wp-content\/uploads\/2023\/10\/logo_csj.webp\",\"width\":250,\"height\":95,\"caption\":\"CSJ Emballages\"},\"image\":{\"@id\":\"https:\/\/www.csj-emballages.com\/es\/#\/schema\/logo\/image\/\"},\"sameAs\":[\"https:\/\/www.facebook.com\/csjemballages\"],\"address\":{\"@type\":\"PostalAddress\",\"streetAddress\":\"ZI La Lechere\",\"addressLocality\":\"Patornay\",\"postalCode\":\"39130\",\"addressCountry\":\"FR\"},\"contactPoint\":[{\"@type\":\"ContactPoint\",\"contactType\":\"Service client\",\"telephone\":\"0384254272\",\"email\":\"contact@csj-emballages.com\"}]}]}<\/script>\n<!-- \/ Yoast SEO Premium plugin. -->","yoast_head_json":{"title":"Bolsa de patatas fritas en cono de papel antigrasa - 250 g","description":"Descubra nuestra bolsa de patatas fritas en cono de papel antigrasa. Pr\u00e1ctica y ecol\u00f3gica, esta bolsa en cono es ideal para la restauraci\u00f3n r\u00e1pida.","robots":{"index":"index","follow":"follow","max-snippet":"max-snippet:-1","max-image-preview":"max-image-preview:large","max-video-preview":"max-video-preview:-1"},"canonical":"https:\/\/www.csj-emballages.com\/es\/produit\/250-sobres-con-punta-250-g\/","og_locale":"es_ES","og_type":"article","og_title":"Bolsa de patatas fritas en cono para 250 g por 250","og_description":"Descubra nuestra bolsa de patatas fritas en cono de papel antigrasa. Pr\u00e1ctica y ecol\u00f3gica, esta bolsa en cono es ideal para la restauraci\u00f3n r\u00e1pida.","og_url":"https:\/\/www.csj-emballages.com\/es\/produit\/250-sobres-con-punta-250-g\/","og_site_name":"CSJ Emballages","article_publisher":"https:\/\/www.facebook.com\/csjemballages","article_modified_time":"2026-05-01T00:14:57+00:00","og_image":[{"width":800,"height":800,"url":"https:\/\/www.csj-emballages.com\/wp-content\/uploads\/2024\/03\/SP250.webp","type":"image\/webp"}],"twitter_card":"summary_large_image","twitter_misc":{"Tiempo de lectura":"2 minutos"},"schema":{"@context":"https:\/\/schema.org","@graph":[{"@type":"WebPage","@id":"https:\/\/www.csj-emballages.com\/es\/produit\/250-sobres-con-punta-250-g\/","url":"https:\/\/www.csj-emballages.com\/es\/produit\/250-sobres-con-punta-250-g\/","name":"Bolsa de patatas fritas en cono de papel antigrasa - 250 g","isPartOf":{"@id":"https:\/\/www.csj-emballages.com\/es\/#website"},"primaryImageOfPage":{"@id":"https:\/\/www.csj-emballages.com\/es\/produit\/250-sobres-con-punta-250-g\/#primaryimage"},"image":{"@id":"https:\/\/www.csj-emballages.com\/es\/produit\/250-sobres-con-punta-250-g\/#primaryimage"},"thumbnailUrl":"https:\/\/www.csj-emballages.com\/wp-content\/uploads\/2024\/03\/SP250.webp","datePublished":"2024-03-01T15:49:06+00:00","dateModified":"2026-05-01T00:14:57+00:00","description":"Descubra nuestra bolsa de patatas fritas en cono de papel antigrasa. Pr\u00e1ctica y ecol\u00f3gica, esta bolsa en cono es ideal para la restauraci\u00f3n r\u00e1pida.","breadcrumb":{"@id":"https:\/\/www.csj-emballages.com\/es\/produit\/250-sobres-con-punta-250-g\/#breadcrumb"},"inLanguage":"es","potentialAction":[{"@type":"ReadAction","target":["https:\/\/www.csj-emballages.com\/es\/produit\/250-sobres-con-punta-250-g\/"]}]},{"@type":"ImageObject","inLanguage":"es","@id":"https:\/\/www.csj-emballages.com\/es\/produit\/250-sobres-con-punta-250-g\/#primaryimage","url":"https:\/\/www.csj-emballages.com\/wp-content\/uploads\/2024\/03\/SP250.webp","contentUrl":"https:\/\/www.csj-emballages.com\/wp-content\/uploads\/2024\/03\/SP250.webp","width":800,"height":800,"caption":"Sachet frites en pointe"},{"@type":"BreadcrumbList","@id":"https:\/\/www.csj-emballages.com\/es\/produit\/250-sobres-con-punta-250-g\/#breadcrumb","itemListElement":[{"@type":"ListItem","position":1,"name":"Accueil","item":"https:\/\/www.csj-emballages.com\/es\/universo-del-envasado-alimentario\/"},{"@type":"ListItem","position":2,"name":"Tienda","item":"https:\/\/www.csj-emballages.com\/tienda\/"},{"@type":"ListItem","position":3,"name":"Bolsa de patatas fritas en cono para 250 g por 250"}]},{"@type":"WebSite","@id":"https:\/\/www.csj-emballages.com\/es\/#website","url":"https:\/\/www.csj-emballages.com\/es\/","name":"CSJ Emballages","description":"","publisher":{"@id":"https:\/\/www.csj-emballages.com\/es\/#organization"},"potentialAction":[{"@type":"SearchAction","target":{"@type":"EntryPoint","urlTemplate":"https:\/\/www.csj-emballages.com\/es\/?s={search_term_string}"},"query-input":{"@type":"PropertyValueSpecification","valueRequired":true,"valueName":"search_term_string"}}],"inLanguage":"es"},{"@type":"Organization","@id":"https:\/\/www.csj-emballages.com\/es\/#Organization\/","name":"CSJ Emballages","url":"https:\/\/www.csj-emballages.com\/es\/","logo":{"@type":"ImageObject","inLanguage":"es","@id":"https:\/\/www.csj-emballages.com\/es\/#\/schema\/logo\/image\/","url":"https:\/\/www.csj-emballages.com\/wp-content\/uploads\/2023\/10\/logo_csj.webp","contentUrl":"https:\/\/www.csj-emballages.com\/wp-content\/uploads\/2023\/10\/logo_csj.webp","width":250,"height":95,"caption":"CSJ Emballages"},"image":{"@id":"https:\/\/www.csj-emballages.com\/es\/#\/schema\/logo\/image\/"},"sameAs":["https:\/\/www.facebook.com\/csjemballages"],"address":{"@type":"PostalAddress","streetAddress":"ZI La Lechere","addressLocality":"Patornay","postalCode":"39130","addressCountry":"FR"},"contactPoint":[{"@type":"ContactPoint","contactType":"Service client","telephone":"0384254272","email":"contact@csj-emballages.com"}]}]}},"df_price":10.74,"df_sale_price":"","df_regular_price":10.74,"df_image_link":"https:\/\/www.csj-emballages.com\/wp-content\/uploads\/2024\/03\/SP250-300x300.webp","tiered_pricing_type":"fixed","tiered_pricing_fixed_rules":[],"tiered_pricing_percentage_rules":[],"tiered_pricing_minimum":1,"tiered_pricing_roles_data":[],"_links":{"self":[{"href":"https:\/\/www.csj-emballages.com\/es\/wp-json\/wp\/v2\/product\/23765","targetHints":{"allow":["GET"]}}],"collection":[{"href":"https:\/\/www.csj-emballages.com\/es\/wp-json\/wp\/v2\/product"}],"about":[{"href":"https:\/\/www.csj-emballages.com\/es\/wp-json\/wp\/v2\/types\/product"}],"wp:featuredmedia":[{"embeddable":true,"href":"https:\/\/www.csj-emballages.com\/es\/wp-json\/wp\/v2\/media\/259264"}],"wp:attachment":[{"href":"https:\/\/www.csj-emballages.com\/es\/wp-json\/wp\/v2\/media?parent=23765"}],"wp:term":[{"taxonomy":"product_brand","embeddable":true,"href":"https:\/\/www.csj-emballages.com\/es\/wp-json\/wp\/v2\/product_brand?post=23765"},{"taxonomy":"product_cat","embeddable":true,"href":"https:\/\/www.csj-emballages.com\/es\/wp-json\/wp\/v2\/product_cat?post=23765"},{"taxonomy":"product_tag","embeddable":true,"href":"https:\/\/www.csj-emballages.com\/es\/wp-json\/wp\/v2\/product_tag?post=23765"}],"curies":[{"name":"wp","href":"https:\/\/api.w.org\/{rel}","templated":true}]}}