{"id":23747,"date":"2024-03-01T16:49:07","date_gmt":"2024-03-01T15:49:07","guid":{"rendered":"https:\/\/u15jnbdpoq.preview.infomaniak.website\/produit\/10-bolsas-de-basura-negras-de-150-litros-y-50-%c2%b5\/"},"modified":"2026-04-28T02:19:14","modified_gmt":"2026-04-28T00:19:14","slug":"10-bolsas-de-basura-negras-de-150-litros-y-50-%c2%b5","status":"publish","type":"product","link":"https:\/\/www.csj-emballages.com\/es\/produit\/10-bolsas-de-basura-negras-de-150-litros-y-50-%c2%b5\/","title":{"rendered":"Bolsa de basura de 150 litros negra de 50 \u00b5 por 10"},"content":{"rendered":"<h2>Bolsa de basura<\/h2>\n<hr>\n<h3>Descubra nuestra bolsa de basura de 130 litros negra de 75 \u00b5 por 10<\/h3>\n<p><!--more--><\/p>\n<p data-start=\"189\" data-end=\"541\">Cuando los vol\u00famenes se vuelven importantes, hay que poder contar con bolsas realmente fiables. Esta <strong data-start=\"288\" data-end=\"320\">bolsa de basura negra de 150 litros<\/strong>, con un grosor de <strong data-start=\"344\" data-end=\"358\">50 micras<\/strong>, est\u00e1 pensada para gestionar residuos pesados y voluminosos sin sorpresas desagradables. Ofrece una excelente resistencia y limita el riesgo de desgarros, incluso cuando est\u00e1 bien llena.  <\/p>\n<p data-start=\"543\" data-end=\"842\">Su <strong>gran formato<\/strong> permite recoger eficazmente los residuos de cocinas profesionales, talleres, colectividades o zonas de almacenamiento. Adem\u00e1s, su <strong>color negro<\/strong> garantiza una opacidad perfecta, lo cual es pr\u00e1ctico para ocultar el contenido y mantener un espacio visualmente limpio. <\/p>\n<p data-start=\"844\" data-end=\"1135\">Gracias a su <strong>grosor reforzado<\/strong>, esta <strong>bolsa<\/strong> soporta el peso y las manipulaciones repetidas. Se coloca f\u00e1cilmente en los contenedores adecuados y permanece en su sitio durante toda su vida \u00fatil. Una vez llena, se cierra sin dificultad y se transporta sin temor a fugas.  <\/p>\n<p data-start=\"1137\" data-end=\"1339\">Vendido <strong data-start=\"1143\" data-end=\"1160\">en lotes de 10<\/strong>, este formato es ideal tanto para necesidades puntuales como para un uso regular. Permite gestionar grandes vol\u00famenes sin multiplicar las referencias y simplifica la gesti\u00f3n del stock. <\/p>\n<p data-start=\"1341\" data-end=\"1584\">En resumen, esta <strong>bolsa de basura de 150 litros<\/strong> combina capacidad, solidez y practicidad. Es una soluci\u00f3n sencilla y eficaz para mantener los espacios limpios y organizar la gesti\u00f3n de residuos en los entornos profesionales m\u00e1s exigentes. <\/p>\n<p data-start=\"1341\" data-end=\"1584\">\n<p data-start=\"1421\" data-end=\"1628\"><!--more--><\/p>\n<h4 data-start=\"1421\" data-end=\"1628\">Ventajas :<\/h4>\n<ul>\n<li data-start=\"1612\" data-end=\"1644\">Gran capacidad de <strong>150 litros<\/strong>.<\/li>\n<li data-start=\"1647\" data-end=\"1694\"><strong>Grosor de 50 micras<\/strong> para mayor resistencia.<\/li>\n<li data-start=\"1697\" data-end=\"1720\">Color negro opaco.<\/li>\n<li data-start=\"1723\" data-end=\"1765\">Adaptado a residuos pesados y voluminosos.<\/li>\n<li data-start=\"1768\" data-end=\"1791\">F\u00e1cil de colocar.<\/li>\n<li data-start=\"1794\" data-end=\"1818\">Lote pr\u00e1ctico de <strong>10 bolsas<\/strong>.<\/li>\n<\/ul>\n<p>&nbsp;<\/p>\n<p><!--more--><\/p>\n<h4>Informaci\u00f3n adicional :<\/h4>\n<ul style=\"font-family: Roboto, sans-serif;\">\n<li><strong>Embalaje<\/strong>: Rollo de 10<\/li>\n<li><strong>Dimensiones<\/strong>: 820 mm x 1350 mm<\/li>\n<li><span style=\"font-weight: bold;\">Volumen:<\/span> 150 litros<\/li>\n<li><strong>Grosor<\/strong>: 50 \u00b5<\/li>\n<li><strong>Color<\/strong>: Negro<\/li>\n<li><strong>Material<\/strong>: PEAD<\/li>\n<\/ul>\n<p>&nbsp;<\/p>\n<p><!--more--><\/p>\n<p>Esta bolsa de basura de 150 litros est\u00e1 disponible en diferentes tama\u00f1os: <span style=\"color: #d12727;\"><a style=\"color: #d12727;\" href=\"https:\/\/www.csj-emballages.com\/produit\/25-sacs-poubelles-130-litres-noirs-40-%c2%b5\/\">130 litros (40 \u00b5)<\/a><\/span> \/ <span style=\"color: #d12727;\"><a style=\"color: #d12727;\" href=\"https:\/\/www.csj-emballages.com\/produit\/10-sacs-poubelles-130-litres-noirs-75-%c2%b5\/\">130 litros (75 \u00b5)<\/a><\/span> \/ <span style=\"color: #d12727;\"><a style=\"color: #d12727;\" href=\"https:\/\/www.csj-emballages.com\/es\/produit\/10-bolsas-de-basura-transparentes-de-160-litros-y-50-%c2%b5\/\">160 litros (50 \u00b5)<\/a><\/span> \/ <span style=\"color: #d12727;\"><a style=\"color: #d12727;\" href=\"https:\/\/www.csj-emballages.com\/es\/produit\/10-bolsas-de-basura-negras-de-55-%c2%b5-y-160-litros\/\">160 litros (55 \u00b5)<\/a><\/span> \/<span style=\"color: #d12727;\"><a style=\"color: #d12727;\" href=\"https:\/\/www.csj-emballages.com\/es\/categorie-produit\/higiene-y-mantenimiento\/bolsas-de-basura\/\">&#8230;<\/a><\/span><\/p>\n<p>&nbsp;<\/p>\n<p><!--more--><\/p>\n<p><a href=\"https:\/\/www.csj-emballages.com\/es\/categorie-produit\/higiene-y-mantenimiento\/bolsas-de-basura\/\">Ver el resto de nuestra gama de bolsas de basura<\/a><\/p>\n","protected":false},"excerpt":{"rendered":"<p>Bolsa de basura Descubra nuestra bolsa de basura de 130 litros negra de 75 \u00b5 por 10<\/p>\n","protected":false},"featured_media":222415,"template":"","meta":{"_acf_changed":false},"product_brand":[],"product_cat":[1226,1871],"product_tag":[],"class_list":{"0":"post-23747","1":"product","2":"type-product","3":"status-publish","4":"has-post-thumbnail","6":"product_cat-higiene-y-mantenimiento","7":"product_cat-bolsas-de-basura","9":"first","10":"instock","11":"taxable","12":"shipping-taxable","13":"purchasable","14":"product-type-simple"},"acf":[],"yoast_head":"<!-- This site is optimized with the Yoast SEO Premium plugin v26.6 (Yoast SEO v26.6) - https:\/\/yoast.com\/wordpress\/plugins\/seo\/ -->\n<title>Bolsa de Basura de 150 Litros Negra de 50 \u00b5 por 10<\/title>\n<meta name=\"description\" content=\"Bolsa de basura negra de 150 litros y 50 micras vendida por 10 unidades. S\u00f3lida, de gran capacidad e ideal para la gesti\u00f3n de residuos en entornos profesionales.\" \/>\n<meta name=\"robots\" content=\"index, follow, max-snippet:-1, max-image-preview:large, max-video-preview:-1\" \/>\n<link rel=\"canonical\" href=\"https:\/\/www.csj-emballages.com\/es\/produit\/10-bolsas-de-basura-negras-de-150-litros-y-50-%c2%b5\/\" \/>\n<meta property=\"og:locale\" content=\"es_ES\" \/>\n<meta property=\"og:type\" content=\"article\" \/>\n<meta property=\"og:title\" content=\"Bolsa de basura de 150 litros negra de 50 \u00b5 por 10\" \/>\n<meta property=\"og:description\" content=\"Bolsa de basura negra de 150 litros y 50 micras vendida por 10 unidades. S\u00f3lida, de gran capacidad e ideal para la gesti\u00f3n de residuos en entornos profesionales.\" \/>\n<meta property=\"og:url\" content=\"https:\/\/www.csj-emballages.com\/es\/produit\/10-bolsas-de-basura-negras-de-150-litros-y-50-%c2%b5\/\" \/>\n<meta property=\"og:site_name\" content=\"CSJ Emballages\" \/>\n<meta property=\"article:publisher\" content=\"https:\/\/www.facebook.com\/csjemballages\" \/>\n<meta property=\"article:modified_time\" content=\"2026-04-28T00:19:14+00:00\" \/>\n<meta property=\"og:image\" content=\"https:\/\/www.csj-emballages.com\/wp-content\/uploads\/2024\/03\/Sac-housse.webp\" \/>\n\t<meta property=\"og:image:width\" content=\"800\" \/>\n\t<meta property=\"og:image:height\" content=\"800\" \/>\n\t<meta property=\"og:image:type\" content=\"image\/webp\" \/>\n<meta name=\"twitter:card\" content=\"summary_large_image\" \/>\n<meta name=\"twitter:label1\" content=\"Tiempo de lectura\" \/>\n\t<meta name=\"twitter:data1\" content=\"2 minutos\" \/>\n<script type=\"application\/ld+json\" class=\"yoast-schema-graph\">{\"@context\":\"https:\/\/schema.org\",\"@graph\":[{\"@type\":\"WebPage\",\"@id\":\"https:\/\/www.csj-emballages.com\/es\/produit\/10-bolsas-de-basura-negras-de-150-litros-y-50-%c2%b5\/\",\"url\":\"https:\/\/www.csj-emballages.com\/es\/produit\/10-bolsas-de-basura-negras-de-150-litros-y-50-%c2%b5\/\",\"name\":\"Bolsa de Basura de 150 Litros Negra de 50 \u00b5 por 10\",\"isPartOf\":{\"@id\":\"https:\/\/www.csj-emballages.com\/es\/#website\"},\"primaryImageOfPage\":{\"@id\":\"https:\/\/www.csj-emballages.com\/es\/produit\/10-bolsas-de-basura-negras-de-150-litros-y-50-%c2%b5\/#primaryimage\"},\"image\":{\"@id\":\"https:\/\/www.csj-emballages.com\/es\/produit\/10-bolsas-de-basura-negras-de-150-litros-y-50-%c2%b5\/#primaryimage\"},\"thumbnailUrl\":\"https:\/\/www.csj-emballages.com\/wp-content\/uploads\/2024\/03\/Sac-housse.webp\",\"datePublished\":\"2024-03-01T15:49:07+00:00\",\"dateModified\":\"2026-04-28T00:19:14+00:00\",\"description\":\"Bolsa de basura negra de 150 litros y 50 micras vendida por 10 unidades. S\u00f3lida, de gran capacidad e ideal para la gesti\u00f3n de residuos en entornos profesionales.\",\"breadcrumb\":{\"@id\":\"https:\/\/www.csj-emballages.com\/es\/produit\/10-bolsas-de-basura-negras-de-150-litros-y-50-%c2%b5\/#breadcrumb\"},\"inLanguage\":\"es\",\"potentialAction\":[{\"@type\":\"ReadAction\",\"target\":[\"https:\/\/www.csj-emballages.com\/es\/produit\/10-bolsas-de-basura-negras-de-150-litros-y-50-%c2%b5\/\"]}]},{\"@type\":\"ImageObject\",\"inLanguage\":\"es\",\"@id\":\"https:\/\/www.csj-emballages.com\/es\/produit\/10-bolsas-de-basura-negras-de-150-litros-y-50-%c2%b5\/#primaryimage\",\"url\":\"https:\/\/www.csj-emballages.com\/wp-content\/uploads\/2024\/03\/Sac-housse.webp\",\"contentUrl\":\"https:\/\/www.csj-emballages.com\/wp-content\/uploads\/2024\/03\/Sac-housse.webp\",\"width\":800,\"height\":800,\"caption\":\"Sac poubelle\"},{\"@type\":\"BreadcrumbList\",\"@id\":\"https:\/\/www.csj-emballages.com\/es\/produit\/10-bolsas-de-basura-negras-de-150-litros-y-50-%c2%b5\/#breadcrumb\",\"itemListElement\":[{\"@type\":\"ListItem\",\"position\":1,\"name\":\"Accueil\",\"item\":\"https:\/\/www.csj-emballages.com\/es\/universo-del-envasado-alimentario\/\"},{\"@type\":\"ListItem\",\"position\":2,\"name\":\"Tienda\",\"item\":\"https:\/\/www.csj-emballages.com\/tienda\/\"},{\"@type\":\"ListItem\",\"position\":3,\"name\":\"Bolsa de basura de 150 litros negra de 50 \u00b5 por 10\"}]},{\"@type\":\"WebSite\",\"@id\":\"https:\/\/www.csj-emballages.com\/es\/#website\",\"url\":\"https:\/\/www.csj-emballages.com\/es\/\",\"name\":\"CSJ Emballages\",\"description\":\"\",\"publisher\":{\"@id\":\"https:\/\/www.csj-emballages.com\/es\/#organization\"},\"potentialAction\":[{\"@type\":\"SearchAction\",\"target\":{\"@type\":\"EntryPoint\",\"urlTemplate\":\"https:\/\/www.csj-emballages.com\/es\/?s={search_term_string}\"},\"query-input\":{\"@type\":\"PropertyValueSpecification\",\"valueRequired\":true,\"valueName\":\"search_term_string\"}}],\"inLanguage\":\"es\"},{\"@type\":\"Organization\",\"@id\":\"https:\/\/www.csj-emballages.com\/es\/#Organization\/\",\"name\":\"CSJ Emballages\",\"url\":\"https:\/\/www.csj-emballages.com\/es\/\",\"logo\":{\"@type\":\"ImageObject\",\"inLanguage\":\"es\",\"@id\":\"https:\/\/www.csj-emballages.com\/es\/#\/schema\/logo\/image\/\",\"url\":\"https:\/\/www.csj-emballages.com\/wp-content\/uploads\/2023\/10\/logo_csj.webp\",\"contentUrl\":\"https:\/\/www.csj-emballages.com\/wp-content\/uploads\/2023\/10\/logo_csj.webp\",\"width\":250,\"height\":95,\"caption\":\"CSJ Emballages\"},\"image\":{\"@id\":\"https:\/\/www.csj-emballages.com\/es\/#\/schema\/logo\/image\/\"},\"sameAs\":[\"https:\/\/www.facebook.com\/csjemballages\"],\"address\":{\"@type\":\"PostalAddress\",\"streetAddress\":\"ZI La Lechere\",\"addressLocality\":\"Patornay\",\"postalCode\":\"39130\",\"addressCountry\":\"FR\"},\"contactPoint\":[{\"@type\":\"ContactPoint\",\"contactType\":\"Service client\",\"telephone\":\"0384254272\",\"email\":\"contact@csj-emballages.com\"}]}]}<\/script>\n<!-- \/ Yoast SEO Premium plugin. -->","yoast_head_json":{"title":"Bolsa de Basura de 150 Litros Negra de 50 \u00b5 por 10","description":"Bolsa de basura negra de 150 litros y 50 micras vendida por 10 unidades. S\u00f3lida, de gran capacidad e ideal para la gesti\u00f3n de residuos en entornos profesionales.","robots":{"index":"index","follow":"follow","max-snippet":"max-snippet:-1","max-image-preview":"max-image-preview:large","max-video-preview":"max-video-preview:-1"},"canonical":"https:\/\/www.csj-emballages.com\/es\/produit\/10-bolsas-de-basura-negras-de-150-litros-y-50-%c2%b5\/","og_locale":"es_ES","og_type":"article","og_title":"Bolsa de basura de 150 litros negra de 50 \u00b5 por 10","og_description":"Bolsa de basura negra de 150 litros y 50 micras vendida por 10 unidades. S\u00f3lida, de gran capacidad e ideal para la gesti\u00f3n de residuos en entornos profesionales.","og_url":"https:\/\/www.csj-emballages.com\/es\/produit\/10-bolsas-de-basura-negras-de-150-litros-y-50-%c2%b5\/","og_site_name":"CSJ Emballages","article_publisher":"https:\/\/www.facebook.com\/csjemballages","article_modified_time":"2026-04-28T00:19:14+00:00","og_image":[{"width":800,"height":800,"url":"https:\/\/www.csj-emballages.com\/wp-content\/uploads\/2024\/03\/Sac-housse.webp","type":"image\/webp"}],"twitter_card":"summary_large_image","twitter_misc":{"Tiempo de lectura":"2 minutos"},"schema":{"@context":"https:\/\/schema.org","@graph":[{"@type":"WebPage","@id":"https:\/\/www.csj-emballages.com\/es\/produit\/10-bolsas-de-basura-negras-de-150-litros-y-50-%c2%b5\/","url":"https:\/\/www.csj-emballages.com\/es\/produit\/10-bolsas-de-basura-negras-de-150-litros-y-50-%c2%b5\/","name":"Bolsa de Basura de 150 Litros Negra de 50 \u00b5 por 10","isPartOf":{"@id":"https:\/\/www.csj-emballages.com\/es\/#website"},"primaryImageOfPage":{"@id":"https:\/\/www.csj-emballages.com\/es\/produit\/10-bolsas-de-basura-negras-de-150-litros-y-50-%c2%b5\/#primaryimage"},"image":{"@id":"https:\/\/www.csj-emballages.com\/es\/produit\/10-bolsas-de-basura-negras-de-150-litros-y-50-%c2%b5\/#primaryimage"},"thumbnailUrl":"https:\/\/www.csj-emballages.com\/wp-content\/uploads\/2024\/03\/Sac-housse.webp","datePublished":"2024-03-01T15:49:07+00:00","dateModified":"2026-04-28T00:19:14+00:00","description":"Bolsa de basura negra de 150 litros y 50 micras vendida por 10 unidades. S\u00f3lida, de gran capacidad e ideal para la gesti\u00f3n de residuos en entornos profesionales.","breadcrumb":{"@id":"https:\/\/www.csj-emballages.com\/es\/produit\/10-bolsas-de-basura-negras-de-150-litros-y-50-%c2%b5\/#breadcrumb"},"inLanguage":"es","potentialAction":[{"@type":"ReadAction","target":["https:\/\/www.csj-emballages.com\/es\/produit\/10-bolsas-de-basura-negras-de-150-litros-y-50-%c2%b5\/"]}]},{"@type":"ImageObject","inLanguage":"es","@id":"https:\/\/www.csj-emballages.com\/es\/produit\/10-bolsas-de-basura-negras-de-150-litros-y-50-%c2%b5\/#primaryimage","url":"https:\/\/www.csj-emballages.com\/wp-content\/uploads\/2024\/03\/Sac-housse.webp","contentUrl":"https:\/\/www.csj-emballages.com\/wp-content\/uploads\/2024\/03\/Sac-housse.webp","width":800,"height":800,"caption":"Sac poubelle"},{"@type":"BreadcrumbList","@id":"https:\/\/www.csj-emballages.com\/es\/produit\/10-bolsas-de-basura-negras-de-150-litros-y-50-%c2%b5\/#breadcrumb","itemListElement":[{"@type":"ListItem","position":1,"name":"Accueil","item":"https:\/\/www.csj-emballages.com\/es\/universo-del-envasado-alimentario\/"},{"@type":"ListItem","position":2,"name":"Tienda","item":"https:\/\/www.csj-emballages.com\/tienda\/"},{"@type":"ListItem","position":3,"name":"Bolsa de basura de 150 litros negra de 50 \u00b5 por 10"}]},{"@type":"WebSite","@id":"https:\/\/www.csj-emballages.com\/es\/#website","url":"https:\/\/www.csj-emballages.com\/es\/","name":"CSJ Emballages","description":"","publisher":{"@id":"https:\/\/www.csj-emballages.com\/es\/#organization"},"potentialAction":[{"@type":"SearchAction","target":{"@type":"EntryPoint","urlTemplate":"https:\/\/www.csj-emballages.com\/es\/?s={search_term_string}"},"query-input":{"@type":"PropertyValueSpecification","valueRequired":true,"valueName":"search_term_string"}}],"inLanguage":"es"},{"@type":"Organization","@id":"https:\/\/www.csj-emballages.com\/es\/#Organization\/","name":"CSJ Emballages","url":"https:\/\/www.csj-emballages.com\/es\/","logo":{"@type":"ImageObject","inLanguage":"es","@id":"https:\/\/www.csj-emballages.com\/es\/#\/schema\/logo\/image\/","url":"https:\/\/www.csj-emballages.com\/wp-content\/uploads\/2023\/10\/logo_csj.webp","contentUrl":"https:\/\/www.csj-emballages.com\/wp-content\/uploads\/2023\/10\/logo_csj.webp","width":250,"height":95,"caption":"CSJ Emballages"},"image":{"@id":"https:\/\/www.csj-emballages.com\/es\/#\/schema\/logo\/image\/"},"sameAs":["https:\/\/www.facebook.com\/csjemballages"],"address":{"@type":"PostalAddress","streetAddress":"ZI La Lechere","addressLocality":"Patornay","postalCode":"39130","addressCountry":"FR"},"contactPoint":[{"@type":"ContactPoint","contactType":"Service client","telephone":"0384254272","email":"contact@csj-emballages.com"}]}]}},"df_price":2.83,"df_sale_price":"","df_regular_price":2.83,"df_image_link":"https:\/\/www.csj-emballages.com\/wp-content\/uploads\/2024\/03\/Sac-housse-300x300.webp","tiered_pricing_type":"fixed","tiered_pricing_fixed_rules":[],"tiered_pricing_percentage_rules":[],"tiered_pricing_minimum":1,"tiered_pricing_roles_data":[],"_links":{"self":[{"href":"https:\/\/www.csj-emballages.com\/es\/wp-json\/wp\/v2\/product\/23747","targetHints":{"allow":["GET"]}}],"collection":[{"href":"https:\/\/www.csj-emballages.com\/es\/wp-json\/wp\/v2\/product"}],"about":[{"href":"https:\/\/www.csj-emballages.com\/es\/wp-json\/wp\/v2\/types\/product"}],"wp:featuredmedia":[{"embeddable":true,"href":"https:\/\/www.csj-emballages.com\/es\/wp-json\/wp\/v2\/media\/222415"}],"wp:attachment":[{"href":"https:\/\/www.csj-emballages.com\/es\/wp-json\/wp\/v2\/media?parent=23747"}],"wp:term":[{"taxonomy":"product_brand","embeddable":true,"href":"https:\/\/www.csj-emballages.com\/es\/wp-json\/wp\/v2\/product_brand?post=23747"},{"taxonomy":"product_cat","embeddable":true,"href":"https:\/\/www.csj-emballages.com\/es\/wp-json\/wp\/v2\/product_cat?post=23747"},{"taxonomy":"product_tag","embeddable":true,"href":"https:\/\/www.csj-emballages.com\/es\/wp-json\/wp\/v2\/product_tag?post=23747"}],"curies":[{"name":"wp","href":"https:\/\/api.w.org\/{rel}","templated":true}]}}