{"id":237308,"date":"2025-07-03T09:29:07","date_gmt":"2025-07-03T07:29:07","guid":{"rendered":"https:\/\/www.csj-emballages.com\/produit\/toallitas-desinfectantes-sin-aclarado-paquete-de-100\/"},"modified":"2026-04-17T02:10:58","modified_gmt":"2026-04-17T00:10:58","slug":"toallitas-desinfectantes-sin-aclarado-paquete-de-100","status":"publish","type":"product","link":"https:\/\/www.csj-emballages.com\/es\/produit\/toallitas-desinfectantes-sin-aclarado-paquete-de-100\/","title":{"rendered":"Toallitas desinfectantes sin aclarado, paquete de 100"},"content":{"rendered":"<h2 class=\"p1 ai-optimize-26 ai-optimize-introduction\">Toallitas desinfectantes para alimentos<\/h2>\n<hr>\n<h3 class=\"ai-optimize-34\">Descripci\u00f3n de nuestras toallitas desinfectantes sin aclarado, paquete de 100<\/h3>\n<p><!--more--><\/p>\n<p class=\"ai-optimize-32 ai-optimize-introduction\" data-start=\"255\" data-end=\"632\">Facilite su rutina diaria en la cocina con estas <strong data-start=\"301\" data-end=\"355\">toallitas desinfectantes de alimentos sin aclarado<\/strong>, envasadas en cajas de <strong>100 unidades<\/strong>. Dise\u00f1adas para uso profesional, se adaptan perfectamente a las necesidades de empresas de catering, restaurantes y comercio alimentario, as\u00ed como de autoridades locales e incluso particulares con requisitos de higiene exigentes. <\/p>\n<p class=\"ai-optimize-33\" data-start=\"634\" data-end=\"1055\">Estas<strong>toallitas desinfectantes aptas para uso alimentario<\/strong> est\u00e1n impregnadas de una soluci\u00f3n <strong>desinfectante<\/strong> <strong>de uso alimentario<\/strong> para limpiar eficazmente las superficies en contacto con los alimentos, como encimeras, b\u00e1sculas, utensilios, vitrinas, bandejas y el exterior de las m\u00e1quinas. Pueden utilizarse sin aclarado, ahorr\u00e1ndole un tiempo precioso y cumpliendo al mismo tiempo las normas de higiene m\u00e1s estrictas. Listos para usar, son f\u00e1ciles de utilizar y evitan los errores de dosificaci\u00f3n que pueden producirse con los productos l\u00edquidos. Compactos y pr\u00e1cticos, se integran f\u00e1cilmente en una cocina profesional, furgoneta de reparto o zona de preparaci\u00f3n.   <\/p>\n<p class=\"ai-optimize-36\" data-start=\"1447\" data-end=\"1693\">Ideales para un uso frecuente, permiten mantener un <strong data-start=\"1517\" data-end=\"1559\">entorno de trabajo limpio y seguro<\/strong>, sin interrumpir el ritmo de producci\u00f3n. Son imprescindibles a diario para quienes manipulan alimentos con rigor. <\/p>\n<p><!--more--><\/p>\n<h4 class=\"ai-optimize-37\"><strong>Ventajas:<\/strong><\/h4>\n<ul>\n<li class=\"ai-optimize-38\">Utilizar sin aclarar, para ahorrar tiempo.<\/li>\n<li class=\"ai-optimize-39\">Cumple las normas alimentarias.<\/li>\n<li class=\"ai-optimize-40\">Eficaz contra las bacterias.<\/li>\n<li class=\"ai-optimize-42\">Ideal tanto para usuarios profesionales como particulares.<\/li>\n<li class=\"ai-optimize-46\">Toallitas desechables, pr\u00e1cticas e higi\u00e9nicas.<\/li>\n<li class=\"ai-optimize-30\">Limpia r\u00e1pidamente superficies, utensilios, vitrinas, etc.<\/li>\n<\/ul>\n<p>&nbsp;<\/p>\n<p><!--more--><\/p>\n<h4 class=\"ai-optimize-44\">Informaci\u00f3n adicional :<\/h4>\n<ul>\n<li class=\"ai-optimize-45\"><strong>Envase<\/strong>: Tarro de 100 toallitas<\/li>\n<li class=\"ai-optimize-36\"><strong>Uso<\/strong>: Toallita desinfectante<\/li>\n<\/ul>\n<p>&nbsp;<\/p>\n<p><!--more--><\/p>\n<p class=\"ai-optimize-34\">M\u00e1s informaci\u00f3n sobre nuestras 200 toallitas desinfectantes sin aclarado para alimentos: <span style=\"color: #d12727;\"><a style=\"color: #d12727;\" href=\"https:\/\/www.csj-emballages.com\/es\/produit\/200-toallitas-desinfectantes-sin-aclarado-para-alimentos\/\"><span style=\"color: #d12727;\">1976LIN<\/span><\/a><\/span><\/p>\n<p>&nbsp;<\/p>\n<p><!--more--><\/p>\n<p class=\"ai-optimize-41\"><a href=\"https:\/\/www.csj-emballages.com\/es\/categorie-produit\/envasado-de-alimentos\/catering-es\/platos-cubiertos-desechables-pajitas\/tenedores-cuchillos-cucharas\/cubiertos-biodegradables\/\">Ver el resto de nuestra gama de cuidado de la cocina<\/a><\/p>\n","protected":false},"excerpt":{"rendered":"<p>Toallitas desinfectantes para alimentos Descripci\u00f3n de nuestras toallitas desinfectantes sin aclarado, paquete de 100<\/p>\n","protected":false},"featured_media":237307,"template":"","meta":{"_acf_changed":false},"product_brand":[],"product_cat":[1226,1227,1355],"product_tag":[],"class_list":{"0":"post-237308","1":"product","2":"type-product","3":"status-publish","4":"has-post-thumbnail","6":"product_cat-higiene-y-mantenimiento","7":"product_cat-productos-de-limpieza","8":"product_cat-cocina","10":"first","11":"instock","12":"taxable","13":"shipping-taxable","14":"purchasable","15":"product-type-simple"},"acf":[],"yoast_head":"<!-- This site is optimized with the Yoast SEO Premium plugin v26.6 (Yoast SEO v26.6) - https:\/\/yoast.com\/wordpress\/plugins\/seo\/ -->\n<title>Toallitas desinfectantes sin aclarado, paquete de 100<\/title>\n<meta name=\"description\" content=\"100 toallitas desinfectantes sin aclarado para superficies alimentarias. Pr\u00e1cticas, eficaces y conformes a las normas. Ideales para profesionales y cocinas.\" \/>\n<meta name=\"robots\" content=\"index, follow, max-snippet:-1, max-image-preview:large, max-video-preview:-1\" \/>\n<link rel=\"canonical\" href=\"https:\/\/www.csj-emballages.com\/es\/produit\/toallitas-desinfectantes-sin-aclarado-paquete-de-100\/\" \/>\n<meta property=\"og:locale\" content=\"es_ES\" \/>\n<meta property=\"og:type\" content=\"article\" \/>\n<meta property=\"og:title\" content=\"Toallitas desinfectantes sin aclarado, paquete de 100\" \/>\n<meta property=\"og:description\" content=\"100 toallitas desinfectantes sin aclarado para superficies alimentarias. Pr\u00e1cticas, eficaces y conformes a las normas. Ideales para profesionales y cocinas.\" \/>\n<meta property=\"og:url\" content=\"https:\/\/www.csj-emballages.com\/es\/produit\/toallitas-desinfectantes-sin-aclarado-paquete-de-100\/\" \/>\n<meta property=\"og:site_name\" content=\"CSJ Emballages\" \/>\n<meta property=\"article:publisher\" content=\"https:\/\/www.facebook.com\/csjemballages\" \/>\n<meta property=\"article:modified_time\" content=\"2026-04-17T00:10:58+00:00\" \/>\n<meta property=\"og:image\" content=\"https:\/\/www.csj-emballages.com\/wp-content\/uploads\/2025\/07\/1975LIN.webp\" \/>\n\t<meta property=\"og:image:width\" content=\"800\" \/>\n\t<meta property=\"og:image:height\" content=\"800\" \/>\n\t<meta property=\"og:image:type\" content=\"image\/webp\" \/>\n<meta name=\"twitter:card\" content=\"summary_large_image\" \/>\n<meta name=\"twitter:label1\" content=\"Tiempo de lectura\" \/>\n\t<meta name=\"twitter:data1\" content=\"1 minuto\" \/>\n<script type=\"application\/ld+json\" class=\"yoast-schema-graph\">{\"@context\":\"https:\/\/schema.org\",\"@graph\":[{\"@type\":\"WebPage\",\"@id\":\"https:\/\/www.csj-emballages.com\/es\/produit\/toallitas-desinfectantes-sin-aclarado-paquete-de-100\/\",\"url\":\"https:\/\/www.csj-emballages.com\/es\/produit\/toallitas-desinfectantes-sin-aclarado-paquete-de-100\/\",\"name\":\"Toallitas desinfectantes sin aclarado, paquete de 100\",\"isPartOf\":{\"@id\":\"https:\/\/www.csj-emballages.com\/es\/#website\"},\"primaryImageOfPage\":{\"@id\":\"https:\/\/www.csj-emballages.com\/es\/produit\/toallitas-desinfectantes-sin-aclarado-paquete-de-100\/#primaryimage\"},\"image\":{\"@id\":\"https:\/\/www.csj-emballages.com\/es\/produit\/toallitas-desinfectantes-sin-aclarado-paquete-de-100\/#primaryimage\"},\"thumbnailUrl\":\"https:\/\/www.csj-emballages.com\/wp-content\/uploads\/2025\/07\/1975LIN.webp\",\"datePublished\":\"2025-07-03T07:29:07+00:00\",\"dateModified\":\"2026-04-17T00:10:58+00:00\",\"description\":\"100 toallitas desinfectantes sin aclarado para superficies alimentarias. Pr\u00e1cticas, eficaces y conformes a las normas. Ideales para profesionales y cocinas.\",\"breadcrumb\":{\"@id\":\"https:\/\/www.csj-emballages.com\/es\/produit\/toallitas-desinfectantes-sin-aclarado-paquete-de-100\/#breadcrumb\"},\"inLanguage\":\"es\",\"potentialAction\":[{\"@type\":\"ReadAction\",\"target\":[\"https:\/\/www.csj-emballages.com\/es\/produit\/toallitas-desinfectantes-sin-aclarado-paquete-de-100\/\"]}]},{\"@type\":\"ImageObject\",\"inLanguage\":\"es\",\"@id\":\"https:\/\/www.csj-emballages.com\/es\/produit\/toallitas-desinfectantes-sin-aclarado-paquete-de-100\/#primaryimage\",\"url\":\"https:\/\/www.csj-emballages.com\/wp-content\/uploads\/2025\/07\/1975LIN.webp\",\"contentUrl\":\"https:\/\/www.csj-emballages.com\/wp-content\/uploads\/2025\/07\/1975LIN.webp\",\"width\":800,\"height\":800,\"caption\":\"Lingette d\u00e9sinfectante alimentaire\"},{\"@type\":\"BreadcrumbList\",\"@id\":\"https:\/\/www.csj-emballages.com\/es\/produit\/toallitas-desinfectantes-sin-aclarado-paquete-de-100\/#breadcrumb\",\"itemListElement\":[{\"@type\":\"ListItem\",\"position\":1,\"name\":\"Accueil\",\"item\":\"https:\/\/www.csj-emballages.com\/es\/universo-del-envasado-alimentario\/\"},{\"@type\":\"ListItem\",\"position\":2,\"name\":\"Tienda\",\"item\":\"https:\/\/www.csj-emballages.com\/tienda\/\"},{\"@type\":\"ListItem\",\"position\":3,\"name\":\"Toallitas desinfectantes sin aclarado, paquete de 100\"}]},{\"@type\":\"WebSite\",\"@id\":\"https:\/\/www.csj-emballages.com\/es\/#website\",\"url\":\"https:\/\/www.csj-emballages.com\/es\/\",\"name\":\"CSJ Emballages\",\"description\":\"\",\"publisher\":{\"@id\":\"https:\/\/www.csj-emballages.com\/es\/#organization\"},\"potentialAction\":[{\"@type\":\"SearchAction\",\"target\":{\"@type\":\"EntryPoint\",\"urlTemplate\":\"https:\/\/www.csj-emballages.com\/es\/?s={search_term_string}\"},\"query-input\":{\"@type\":\"PropertyValueSpecification\",\"valueRequired\":true,\"valueName\":\"search_term_string\"}}],\"inLanguage\":\"es\"},{\"@type\":\"Organization\",\"@id\":\"https:\/\/www.csj-emballages.com\/es\/#Organization\/\",\"name\":\"CSJ Emballages\",\"url\":\"https:\/\/www.csj-emballages.com\/es\/\",\"logo\":{\"@type\":\"ImageObject\",\"inLanguage\":\"es\",\"@id\":\"https:\/\/www.csj-emballages.com\/es\/#\/schema\/logo\/image\/\",\"url\":\"https:\/\/www.csj-emballages.com\/wp-content\/uploads\/2023\/10\/logo_csj.webp\",\"contentUrl\":\"https:\/\/www.csj-emballages.com\/wp-content\/uploads\/2023\/10\/logo_csj.webp\",\"width\":250,\"height\":95,\"caption\":\"CSJ Emballages\"},\"image\":{\"@id\":\"https:\/\/www.csj-emballages.com\/es\/#\/schema\/logo\/image\/\"},\"sameAs\":[\"https:\/\/www.facebook.com\/csjemballages\"],\"address\":{\"@type\":\"PostalAddress\",\"streetAddress\":\"ZI La Lechere\",\"addressLocality\":\"Patornay\",\"postalCode\":\"39130\",\"addressCountry\":\"FR\"},\"contactPoint\":[{\"@type\":\"ContactPoint\",\"contactType\":\"Service client\",\"telephone\":\"0384254272\",\"email\":\"contact@csj-emballages.com\"}]}]}<\/script>\n<!-- \/ Yoast SEO Premium plugin. -->","yoast_head_json":{"title":"Toallitas desinfectantes sin aclarado, paquete de 100","description":"100 toallitas desinfectantes sin aclarado para superficies alimentarias. Pr\u00e1cticas, eficaces y conformes a las normas. Ideales para profesionales y cocinas.","robots":{"index":"index","follow":"follow","max-snippet":"max-snippet:-1","max-image-preview":"max-image-preview:large","max-video-preview":"max-video-preview:-1"},"canonical":"https:\/\/www.csj-emballages.com\/es\/produit\/toallitas-desinfectantes-sin-aclarado-paquete-de-100\/","og_locale":"es_ES","og_type":"article","og_title":"Toallitas desinfectantes sin aclarado, paquete de 100","og_description":"100 toallitas desinfectantes sin aclarado para superficies alimentarias. Pr\u00e1cticas, eficaces y conformes a las normas. Ideales para profesionales y cocinas.","og_url":"https:\/\/www.csj-emballages.com\/es\/produit\/toallitas-desinfectantes-sin-aclarado-paquete-de-100\/","og_site_name":"CSJ Emballages","article_publisher":"https:\/\/www.facebook.com\/csjemballages","article_modified_time":"2026-04-17T00:10:58+00:00","og_image":[{"width":800,"height":800,"url":"https:\/\/www.csj-emballages.com\/wp-content\/uploads\/2025\/07\/1975LIN.webp","type":"image\/webp"}],"twitter_card":"summary_large_image","twitter_misc":{"Tiempo de lectura":"1 minuto"},"schema":{"@context":"https:\/\/schema.org","@graph":[{"@type":"WebPage","@id":"https:\/\/www.csj-emballages.com\/es\/produit\/toallitas-desinfectantes-sin-aclarado-paquete-de-100\/","url":"https:\/\/www.csj-emballages.com\/es\/produit\/toallitas-desinfectantes-sin-aclarado-paquete-de-100\/","name":"Toallitas desinfectantes sin aclarado, paquete de 100","isPartOf":{"@id":"https:\/\/www.csj-emballages.com\/es\/#website"},"primaryImageOfPage":{"@id":"https:\/\/www.csj-emballages.com\/es\/produit\/toallitas-desinfectantes-sin-aclarado-paquete-de-100\/#primaryimage"},"image":{"@id":"https:\/\/www.csj-emballages.com\/es\/produit\/toallitas-desinfectantes-sin-aclarado-paquete-de-100\/#primaryimage"},"thumbnailUrl":"https:\/\/www.csj-emballages.com\/wp-content\/uploads\/2025\/07\/1975LIN.webp","datePublished":"2025-07-03T07:29:07+00:00","dateModified":"2026-04-17T00:10:58+00:00","description":"100 toallitas desinfectantes sin aclarado para superficies alimentarias. Pr\u00e1cticas, eficaces y conformes a las normas. Ideales para profesionales y cocinas.","breadcrumb":{"@id":"https:\/\/www.csj-emballages.com\/es\/produit\/toallitas-desinfectantes-sin-aclarado-paquete-de-100\/#breadcrumb"},"inLanguage":"es","potentialAction":[{"@type":"ReadAction","target":["https:\/\/www.csj-emballages.com\/es\/produit\/toallitas-desinfectantes-sin-aclarado-paquete-de-100\/"]}]},{"@type":"ImageObject","inLanguage":"es","@id":"https:\/\/www.csj-emballages.com\/es\/produit\/toallitas-desinfectantes-sin-aclarado-paquete-de-100\/#primaryimage","url":"https:\/\/www.csj-emballages.com\/wp-content\/uploads\/2025\/07\/1975LIN.webp","contentUrl":"https:\/\/www.csj-emballages.com\/wp-content\/uploads\/2025\/07\/1975LIN.webp","width":800,"height":800,"caption":"Lingette d\u00e9sinfectante alimentaire"},{"@type":"BreadcrumbList","@id":"https:\/\/www.csj-emballages.com\/es\/produit\/toallitas-desinfectantes-sin-aclarado-paquete-de-100\/#breadcrumb","itemListElement":[{"@type":"ListItem","position":1,"name":"Accueil","item":"https:\/\/www.csj-emballages.com\/es\/universo-del-envasado-alimentario\/"},{"@type":"ListItem","position":2,"name":"Tienda","item":"https:\/\/www.csj-emballages.com\/tienda\/"},{"@type":"ListItem","position":3,"name":"Toallitas desinfectantes sin aclarado, paquete de 100"}]},{"@type":"WebSite","@id":"https:\/\/www.csj-emballages.com\/es\/#website","url":"https:\/\/www.csj-emballages.com\/es\/","name":"CSJ Emballages","description":"","publisher":{"@id":"https:\/\/www.csj-emballages.com\/es\/#organization"},"potentialAction":[{"@type":"SearchAction","target":{"@type":"EntryPoint","urlTemplate":"https:\/\/www.csj-emballages.com\/es\/?s={search_term_string}"},"query-input":{"@type":"PropertyValueSpecification","valueRequired":true,"valueName":"search_term_string"}}],"inLanguage":"es"},{"@type":"Organization","@id":"https:\/\/www.csj-emballages.com\/es\/#Organization\/","name":"CSJ Emballages","url":"https:\/\/www.csj-emballages.com\/es\/","logo":{"@type":"ImageObject","inLanguage":"es","@id":"https:\/\/www.csj-emballages.com\/es\/#\/schema\/logo\/image\/","url":"https:\/\/www.csj-emballages.com\/wp-content\/uploads\/2023\/10\/logo_csj.webp","contentUrl":"https:\/\/www.csj-emballages.com\/wp-content\/uploads\/2023\/10\/logo_csj.webp","width":250,"height":95,"caption":"CSJ Emballages"},"image":{"@id":"https:\/\/www.csj-emballages.com\/es\/#\/schema\/logo\/image\/"},"sameAs":["https:\/\/www.facebook.com\/csjemballages"],"address":{"@type":"PostalAddress","streetAddress":"ZI La Lechere","addressLocality":"Patornay","postalCode":"39130","addressCountry":"FR"},"contactPoint":[{"@type":"ContactPoint","contactType":"Service client","telephone":"0384254272","email":"contact@csj-emballages.com"}]}]}},"df_price":4.97,"df_sale_price":"","df_regular_price":4.97,"df_image_link":"https:\/\/www.csj-emballages.com\/wp-content\/uploads\/2025\/07\/1975LIN-300x300.webp","tiered_pricing_type":"fixed","tiered_pricing_fixed_rules":[],"tiered_pricing_percentage_rules":[],"tiered_pricing_minimum":1,"tiered_pricing_roles_data":[],"_links":{"self":[{"href":"https:\/\/www.csj-emballages.com\/es\/wp-json\/wp\/v2\/product\/237308","targetHints":{"allow":["GET"]}}],"collection":[{"href":"https:\/\/www.csj-emballages.com\/es\/wp-json\/wp\/v2\/product"}],"about":[{"href":"https:\/\/www.csj-emballages.com\/es\/wp-json\/wp\/v2\/types\/product"}],"wp:featuredmedia":[{"embeddable":true,"href":"https:\/\/www.csj-emballages.com\/es\/wp-json\/wp\/v2\/media\/237307"}],"wp:attachment":[{"href":"https:\/\/www.csj-emballages.com\/es\/wp-json\/wp\/v2\/media?parent=237308"}],"wp:term":[{"taxonomy":"product_brand","embeddable":true,"href":"https:\/\/www.csj-emballages.com\/es\/wp-json\/wp\/v2\/product_brand?post=237308"},{"taxonomy":"product_cat","embeddable":true,"href":"https:\/\/www.csj-emballages.com\/es\/wp-json\/wp\/v2\/product_cat?post=237308"},{"taxonomy":"product_tag","embeddable":true,"href":"https:\/\/www.csj-emballages.com\/es\/wp-json\/wp\/v2\/product_tag?post=237308"}],"curies":[{"name":"wp","href":"https:\/\/api.w.org\/{rel}","templated":true}]}}