{"id":237218,"date":"2025-07-02T08:28:46","date_gmt":"2025-07-02T06:28:46","guid":{"rendered":"https:\/\/www.csj-emballages.com\/produit\/cpla-cuchara-reutilizable-para-helados-95-mm-100-piezas\/"},"modified":"2026-04-25T02:12:09","modified_gmt":"2026-04-25T00:12:09","slug":"cpla-cuchara-reutilizable-para-helados-95-mm-100-piezas","status":"publish","type":"product","link":"https:\/\/www.csj-emballages.com\/es\/produit\/cpla-cuchara-reutilizable-para-helados-95-mm-100-piezas\/","title":{"rendered":"Cuchara reutilizable de color para helados CPLA 95 mm por 100"},"content":{"rendered":"<h2 class=\"p1 ai-optimize-26 ai-optimize-introduction\">Cuchara para helado<\/h2>\n<hr>\n<h3 class=\"ai-optimize-34\">Descripci\u00f3n de nuestra cuchara reutilizable de color para helados CPLA 95 mm por 100<\/h3>\n<p><!--more--><\/p>\n<p class=\"ai-optimize-26 ai-optimize-introduction\" data-start=\"348\" data-end=\"673\">\u00bfBusca una alternativa sostenible, pr\u00e1ctica y atractiva a <strong>las cucharas<\/strong> desechables tradicionales? Esta <strong data-start=\"457\" data-end=\"515\">cuchara de helado reutilizable de 95 mm de color CPLA<\/strong> es la soluci\u00f3n ideal para profesionales de la restauraci\u00f3n, heladeros y servicios de catering, as\u00ed como para consumidores concienciados con el medio ambiente. <\/p>\n<p class=\"ai-optimize-27\" data-start=\"675\" data-end=\"1124\">Fabricada con <strong data-start=\"697\" data-end=\"705\">CPLA<\/strong>, un material de origen biol\u00f3gico derivado del almid\u00f3n vegetal, esta <strong>cuchara<\/strong> no s\u00f3lo es <strong data-start=\"790\" data-end=\"806\">reutilizable<\/strong>, sino que tambi\u00e9n <strong data-start=\"822\" data-end=\"854\">se puede compostar industrialmente<\/strong>. Combina robustez y facilidad de uso, con una forma ergon\u00f3mica dise\u00f1ada para facilitar la ingesta de helados, sorbetes y postres cremosos. <\/p>\n<p class=\"ai-optimize-28\" data-start=\"1126\" data-end=\"1477\">Cuando se trata de est\u00e9tica, estas <strong>bolas de helado reutilizables<\/strong> son <strong data-start=\"1162\" data-end=\"1174\">coloridas<\/strong>, a\u00f1adiendo un toque brillante y alegre a sus presentaciones. Ideales para eventos, food trucks o buffets, le ayudar\u00e1n a destacar entre la multitud respetando un enfoque ecorresponsable. El formato <strong data-start=\"1385\" data-end=\"1403\">de 100 unidades<\/strong> tambi\u00e9n es pr\u00e1ctico para profesionales y eventos de tama\u00f1o medio.  <\/p>\n<p class=\"ai-optimize-29\" data-start=\"1479\" data-end=\"1653\">En resumen, elija un producto que combine <strong data-start=\"1518\" data-end=\"1564\">funcionalidad, respeto por el medio ambiente<\/strong> y <strong data-start=\"1568\" data-end=\"1588\">dise\u00f1o atractivo<\/strong>. Un aut\u00e9ntico valor a\u00f1adido para su servicio o evento. <\/p>\n<p data-start=\"1479\" data-end=\"1653\">\n<p><!--more--><\/p>\n<h4 class=\"ai-optimize-37\"><strong>Ventajas:<\/strong><\/h4>\n<ul>\n<li class=\"ai-optimize-38\">Reutilizable y compostable industrialmente.<\/li>\n<li class=\"ai-optimize-39\">Estas bolas de helado est\u00e1n fabricadas con CPLA biol\u00f3gico.<\/li>\n<li class=\"ai-optimize-40\">Resistente y agradable al paladar.<\/li>\n<li class=\"ai-optimize-42\"><strong>Tama\u00f1o pr\u00e1ctico<\/strong>: 95 mm, ideal para postres.<\/li>\n<li class=\"ai-optimize-46\">Dise\u00f1o colorido para un aspecto atractivo.<\/li>\n<li class=\"ai-optimize-30\"><strong>Paquete de 100<\/strong>: econ\u00f3mico y listo para usar.<\/li>\n<\/ul>\n<p>&nbsp;<\/p>\n<p><!--more--><\/p>\n<h4 class=\"ai-optimize-44\">Informaci\u00f3n adicional :<\/h4>\n<ul>\n<li class=\"ai-optimize-45\"><strong>Embalaje<\/strong>: Paquete de 100<\/li>\n<li class=\"ai-optimize-36\"><strong>Dimensiones<\/strong>: 100 mm<\/li>\n<li class=\"ai-optimize-47\"><b>Material <\/b>: CPLA (\u00e1cido polil\u00e1ctico cristalizado)<\/li>\n<li class=\"ai-optimize-38\"><strong>Color<\/strong>: Rojo \/ Verde \/ Amarillo \/ Azul \/ Rosa<\/li>\n<\/ul>\n<p>&nbsp;<\/p>\n<p><!--more--><\/p>\n<p class=\"ai-optimize-34\">Encuentre aqu\u00ed nuestras cucharas de helado de madera de 95 mm por 100 : <span style=\"color: #d12727\"><a style=\"color: #d12727\" href=\"https:\/\/www.csj-emballages.com\/es\/produit\/100-cucharas-de-hielo-de-madera-95-mm\/\"><span style=\"color: #d12727\">CD9BOIS<\/span><\/a><\/span><\/p>\n<p>&nbsp;<\/p>\n<p><!--more--><\/p>\n<p class=\"ai-optimize-41\"><a href=\"https:\/\/www.csj-emballages.com\/es\/categorie-produit\/envasado-de-alimentos\/catering-es\/platos-cubiertos-desechables-pajitas\/tenedores-cuchillos-cucharas\/cubiertos-biodegradables\/\">Ver el resto de nuestra gama de cubiertos biodegradables<\/a><\/p>\n","protected":false},"excerpt":{"rendered":"<p>Cuchara para helado Descripci\u00f3n de nuestra cuchara reutilizable de color para helados CPLA 95 mm por 100<\/p>\n","protected":false},"featured_media":237215,"template":"","meta":{"_acf_changed":false},"product_brand":[],"product_cat":[1150,1179,3865,2609,2610],"product_tag":[],"class_list":{"0":"post-237218","1":"product","2":"type-product","3":"status-publish","4":"has-post-thumbnail","6":"product_cat-envasado-de-alimentos","7":"product_cat-catering-es","8":"product_cat-platos-cubiertos-desechables-pajitas","9":"product_cat-tenedores-cuchillos-cucharas","10":"product_cat-cubiertos-biodegradables","12":"first","13":"instock","14":"taxable","15":"shipping-taxable","16":"purchasable","17":"product-type-simple"},"acf":[],"yoast_head":"<!-- This site is optimized with the Yoast SEO Premium plugin v26.6 (Yoast SEO v26.6) - https:\/\/yoast.com\/wordpress\/plugins\/seo\/ -->\n<title>Cuchara reutilizable de colores para helados CPLA 95 mm por 100<\/title>\n<meta name=\"description\" content=\"Cuchara reutilizable para helados CPLA, 95 mm - paquete de 100. Colorido, resistente y compostable: la alternativa sostenible ideal para postres y helados.\" \/>\n<meta name=\"robots\" content=\"index, follow, max-snippet:-1, max-image-preview:large, max-video-preview:-1\" \/>\n<link rel=\"canonical\" href=\"https:\/\/www.csj-emballages.com\/es\/produit\/cpla-cuchara-reutilizable-para-helados-95-mm-100-piezas\/\" \/>\n<meta property=\"og:locale\" content=\"es_ES\" \/>\n<meta property=\"og:type\" content=\"article\" \/>\n<meta property=\"og:title\" content=\"Cuchara reutilizable de color para helados CPLA 95 mm por 100\" \/>\n<meta property=\"og:description\" content=\"Cuchara reutilizable para helados CPLA, 95 mm - paquete de 100. Colorido, resistente y compostable: la alternativa sostenible ideal para postres y helados.\" \/>\n<meta property=\"og:url\" content=\"https:\/\/www.csj-emballages.com\/es\/produit\/cpla-cuchara-reutilizable-para-helados-95-mm-100-piezas\/\" \/>\n<meta property=\"og:site_name\" content=\"CSJ Emballages\" \/>\n<meta property=\"article:publisher\" content=\"https:\/\/www.facebook.com\/csjemballages\" \/>\n<meta property=\"article:modified_time\" content=\"2026-04-25T00:12:09+00:00\" \/>\n<meta property=\"og:image\" content=\"https:\/\/www.csj-emballages.com\/wp-content\/uploads\/2025\/07\/CD9CPLA.webp\" \/>\n\t<meta property=\"og:image:width\" content=\"800\" \/>\n\t<meta property=\"og:image:height\" content=\"800\" \/>\n\t<meta property=\"og:image:type\" content=\"image\/jpeg\" \/>\n<meta name=\"twitter:card\" content=\"summary_large_image\" \/>\n<meta name=\"twitter:label1\" content=\"Tiempo de lectura\" \/>\n\t<meta name=\"twitter:data1\" content=\"1 minuto\" \/>\n<script type=\"application\/ld+json\" class=\"yoast-schema-graph\">{\"@context\":\"https:\/\/schema.org\",\"@graph\":[{\"@type\":\"WebPage\",\"@id\":\"https:\/\/www.csj-emballages.com\/es\/produit\/cpla-cuchara-reutilizable-para-helados-95-mm-100-piezas\/\",\"url\":\"https:\/\/www.csj-emballages.com\/es\/produit\/cpla-cuchara-reutilizable-para-helados-95-mm-100-piezas\/\",\"name\":\"Cuchara reutilizable de colores para helados CPLA 95 mm por 100\",\"isPartOf\":{\"@id\":\"https:\/\/www.csj-emballages.com\/es\/#website\"},\"primaryImageOfPage\":{\"@id\":\"https:\/\/www.csj-emballages.com\/es\/produit\/cpla-cuchara-reutilizable-para-helados-95-mm-100-piezas\/#primaryimage\"},\"image\":{\"@id\":\"https:\/\/www.csj-emballages.com\/es\/produit\/cpla-cuchara-reutilizable-para-helados-95-mm-100-piezas\/#primaryimage\"},\"thumbnailUrl\":\"https:\/\/www.csj-emballages.com\/wp-content\/uploads\/2025\/07\/CD9CPLA.webp\",\"datePublished\":\"2025-07-02T06:28:46+00:00\",\"dateModified\":\"2026-04-25T00:12:09+00:00\",\"description\":\"Cuchara reutilizable para helados CPLA, 95 mm - paquete de 100. Colorido, resistente y compostable: la alternativa sostenible ideal para postres y helados.\",\"breadcrumb\":{\"@id\":\"https:\/\/www.csj-emballages.com\/es\/produit\/cpla-cuchara-reutilizable-para-helados-95-mm-100-piezas\/#breadcrumb\"},\"inLanguage\":\"es\",\"potentialAction\":[{\"@type\":\"ReadAction\",\"target\":[\"https:\/\/www.csj-emballages.com\/es\/produit\/cpla-cuchara-reutilizable-para-helados-95-mm-100-piezas\/\"]}]},{\"@type\":\"ImageObject\",\"inLanguage\":\"es\",\"@id\":\"https:\/\/www.csj-emballages.com\/es\/produit\/cpla-cuchara-reutilizable-para-helados-95-mm-100-piezas\/#primaryimage\",\"url\":\"https:\/\/www.csj-emballages.com\/wp-content\/uploads\/2025\/07\/CD9CPLA.webp\",\"contentUrl\":\"https:\/\/www.csj-emballages.com\/wp-content\/uploads\/2025\/07\/CD9CPLA.webp\",\"width\":800,\"height\":800,\"caption\":\"cuill\u00e8re \u00e0 glace\"},{\"@type\":\"BreadcrumbList\",\"@id\":\"https:\/\/www.csj-emballages.com\/es\/produit\/cpla-cuchara-reutilizable-para-helados-95-mm-100-piezas\/#breadcrumb\",\"itemListElement\":[{\"@type\":\"ListItem\",\"position\":1,\"name\":\"Accueil\",\"item\":\"https:\/\/www.csj-emballages.com\/es\/universo-del-envasado-alimentario\/\"},{\"@type\":\"ListItem\",\"position\":2,\"name\":\"Tienda\",\"item\":\"https:\/\/www.csj-emballages.com\/tienda\/\"},{\"@type\":\"ListItem\",\"position\":3,\"name\":\"Cuchara reutilizable de color para helados CPLA 95 mm por 100\"}]},{\"@type\":\"WebSite\",\"@id\":\"https:\/\/www.csj-emballages.com\/es\/#website\",\"url\":\"https:\/\/www.csj-emballages.com\/es\/\",\"name\":\"CSJ Emballages\",\"description\":\"\",\"publisher\":{\"@id\":\"https:\/\/www.csj-emballages.com\/es\/#organization\"},\"potentialAction\":[{\"@type\":\"SearchAction\",\"target\":{\"@type\":\"EntryPoint\",\"urlTemplate\":\"https:\/\/www.csj-emballages.com\/es\/?s={search_term_string}\"},\"query-input\":{\"@type\":\"PropertyValueSpecification\",\"valueRequired\":true,\"valueName\":\"search_term_string\"}}],\"inLanguage\":\"es\"},{\"@type\":\"Organization\",\"@id\":\"https:\/\/www.csj-emballages.com\/es\/#Organization\/\",\"name\":\"CSJ Emballages\",\"url\":\"https:\/\/www.csj-emballages.com\/es\/\",\"logo\":{\"@type\":\"ImageObject\",\"inLanguage\":\"es\",\"@id\":\"https:\/\/www.csj-emballages.com\/es\/#\/schema\/logo\/image\/\",\"url\":\"https:\/\/www.csj-emballages.com\/wp-content\/uploads\/2023\/10\/logo_csj.webp\",\"contentUrl\":\"https:\/\/www.csj-emballages.com\/wp-content\/uploads\/2023\/10\/logo_csj.webp\",\"width\":250,\"height\":95,\"caption\":\"CSJ Emballages\"},\"image\":{\"@id\":\"https:\/\/www.csj-emballages.com\/es\/#\/schema\/logo\/image\/\"},\"sameAs\":[\"https:\/\/www.facebook.com\/csjemballages\"],\"address\":{\"@type\":\"PostalAddress\",\"streetAddress\":\"ZI La Lechere\",\"addressLocality\":\"Patornay\",\"postalCode\":\"39130\",\"addressCountry\":\"FR\"},\"contactPoint\":[{\"@type\":\"ContactPoint\",\"contactType\":\"Service client\",\"telephone\":\"0384254272\",\"email\":\"contact@csj-emballages.com\"}]}]}<\/script>\n<!-- \/ Yoast SEO Premium plugin. -->","yoast_head_json":{"title":"Cuchara reutilizable de colores para helados CPLA 95 mm por 100","description":"Cuchara reutilizable para helados CPLA, 95 mm - paquete de 100. Colorido, resistente y compostable: la alternativa sostenible ideal para postres y helados.","robots":{"index":"index","follow":"follow","max-snippet":"max-snippet:-1","max-image-preview":"max-image-preview:large","max-video-preview":"max-video-preview:-1"},"canonical":"https:\/\/www.csj-emballages.com\/es\/produit\/cpla-cuchara-reutilizable-para-helados-95-mm-100-piezas\/","og_locale":"es_ES","og_type":"article","og_title":"Cuchara reutilizable de color para helados CPLA 95 mm por 100","og_description":"Cuchara reutilizable para helados CPLA, 95 mm - paquete de 100. Colorido, resistente y compostable: la alternativa sostenible ideal para postres y helados.","og_url":"https:\/\/www.csj-emballages.com\/es\/produit\/cpla-cuchara-reutilizable-para-helados-95-mm-100-piezas\/","og_site_name":"CSJ Emballages","article_publisher":"https:\/\/www.facebook.com\/csjemballages","article_modified_time":"2026-04-25T00:12:09+00:00","og_image":[{"width":800,"height":800,"url":"https:\/\/www.csj-emballages.com\/wp-content\/uploads\/2025\/07\/CD9CPLA.webp","type":"image\/jpeg"}],"twitter_card":"summary_large_image","twitter_misc":{"Tiempo de lectura":"1 minuto"},"schema":{"@context":"https:\/\/schema.org","@graph":[{"@type":"WebPage","@id":"https:\/\/www.csj-emballages.com\/es\/produit\/cpla-cuchara-reutilizable-para-helados-95-mm-100-piezas\/","url":"https:\/\/www.csj-emballages.com\/es\/produit\/cpla-cuchara-reutilizable-para-helados-95-mm-100-piezas\/","name":"Cuchara reutilizable de colores para helados CPLA 95 mm por 100","isPartOf":{"@id":"https:\/\/www.csj-emballages.com\/es\/#website"},"primaryImageOfPage":{"@id":"https:\/\/www.csj-emballages.com\/es\/produit\/cpla-cuchara-reutilizable-para-helados-95-mm-100-piezas\/#primaryimage"},"image":{"@id":"https:\/\/www.csj-emballages.com\/es\/produit\/cpla-cuchara-reutilizable-para-helados-95-mm-100-piezas\/#primaryimage"},"thumbnailUrl":"https:\/\/www.csj-emballages.com\/wp-content\/uploads\/2025\/07\/CD9CPLA.webp","datePublished":"2025-07-02T06:28:46+00:00","dateModified":"2026-04-25T00:12:09+00:00","description":"Cuchara reutilizable para helados CPLA, 95 mm - paquete de 100. Colorido, resistente y compostable: la alternativa sostenible ideal para postres y helados.","breadcrumb":{"@id":"https:\/\/www.csj-emballages.com\/es\/produit\/cpla-cuchara-reutilizable-para-helados-95-mm-100-piezas\/#breadcrumb"},"inLanguage":"es","potentialAction":[{"@type":"ReadAction","target":["https:\/\/www.csj-emballages.com\/es\/produit\/cpla-cuchara-reutilizable-para-helados-95-mm-100-piezas\/"]}]},{"@type":"ImageObject","inLanguage":"es","@id":"https:\/\/www.csj-emballages.com\/es\/produit\/cpla-cuchara-reutilizable-para-helados-95-mm-100-piezas\/#primaryimage","url":"https:\/\/www.csj-emballages.com\/wp-content\/uploads\/2025\/07\/CD9CPLA.webp","contentUrl":"https:\/\/www.csj-emballages.com\/wp-content\/uploads\/2025\/07\/CD9CPLA.webp","width":800,"height":800,"caption":"cuill\u00e8re \u00e0 glace"},{"@type":"BreadcrumbList","@id":"https:\/\/www.csj-emballages.com\/es\/produit\/cpla-cuchara-reutilizable-para-helados-95-mm-100-piezas\/#breadcrumb","itemListElement":[{"@type":"ListItem","position":1,"name":"Accueil","item":"https:\/\/www.csj-emballages.com\/es\/universo-del-envasado-alimentario\/"},{"@type":"ListItem","position":2,"name":"Tienda","item":"https:\/\/www.csj-emballages.com\/tienda\/"},{"@type":"ListItem","position":3,"name":"Cuchara reutilizable de color para helados CPLA 95 mm por 100"}]},{"@type":"WebSite","@id":"https:\/\/www.csj-emballages.com\/es\/#website","url":"https:\/\/www.csj-emballages.com\/es\/","name":"CSJ Emballages","description":"","publisher":{"@id":"https:\/\/www.csj-emballages.com\/es\/#organization"},"potentialAction":[{"@type":"SearchAction","target":{"@type":"EntryPoint","urlTemplate":"https:\/\/www.csj-emballages.com\/es\/?s={search_term_string}"},"query-input":{"@type":"PropertyValueSpecification","valueRequired":true,"valueName":"search_term_string"}}],"inLanguage":"es"},{"@type":"Organization","@id":"https:\/\/www.csj-emballages.com\/es\/#Organization\/","name":"CSJ Emballages","url":"https:\/\/www.csj-emballages.com\/es\/","logo":{"@type":"ImageObject","inLanguage":"es","@id":"https:\/\/www.csj-emballages.com\/es\/#\/schema\/logo\/image\/","url":"https:\/\/www.csj-emballages.com\/wp-content\/uploads\/2023\/10\/logo_csj.webp","contentUrl":"https:\/\/www.csj-emballages.com\/wp-content\/uploads\/2023\/10\/logo_csj.webp","width":250,"height":95,"caption":"CSJ Emballages"},"image":{"@id":"https:\/\/www.csj-emballages.com\/es\/#\/schema\/logo\/image\/"},"sameAs":["https:\/\/www.facebook.com\/csjemballages"],"address":{"@type":"PostalAddress","streetAddress":"ZI La Lechere","addressLocality":"Patornay","postalCode":"39130","addressCountry":"FR"},"contactPoint":[{"@type":"ContactPoint","contactType":"Service client","telephone":"0384254272","email":"contact@csj-emballages.com"}]}]}},"df_price":2.03,"df_sale_price":"","df_regular_price":2.03,"df_image_link":"https:\/\/www.csj-emballages.com\/wp-content\/uploads\/2025\/07\/CD9CPLA-300x300.webp","tiered_pricing_type":"fixed","tiered_pricing_fixed_rules":[],"tiered_pricing_percentage_rules":[],"tiered_pricing_minimum":1,"tiered_pricing_roles_data":[],"_links":{"self":[{"href":"https:\/\/www.csj-emballages.com\/es\/wp-json\/wp\/v2\/product\/237218","targetHints":{"allow":["GET"]}}],"collection":[{"href":"https:\/\/www.csj-emballages.com\/es\/wp-json\/wp\/v2\/product"}],"about":[{"href":"https:\/\/www.csj-emballages.com\/es\/wp-json\/wp\/v2\/types\/product"}],"wp:featuredmedia":[{"embeddable":true,"href":"https:\/\/www.csj-emballages.com\/es\/wp-json\/wp\/v2\/media\/237215"}],"wp:attachment":[{"href":"https:\/\/www.csj-emballages.com\/es\/wp-json\/wp\/v2\/media?parent=237218"}],"wp:term":[{"taxonomy":"product_brand","embeddable":true,"href":"https:\/\/www.csj-emballages.com\/es\/wp-json\/wp\/v2\/product_brand?post=237218"},{"taxonomy":"product_cat","embeddable":true,"href":"https:\/\/www.csj-emballages.com\/es\/wp-json\/wp\/v2\/product_cat?post=237218"},{"taxonomy":"product_tag","embeddable":true,"href":"https:\/\/www.csj-emballages.com\/es\/wp-json\/wp\/v2\/product_tag?post=237218"}],"curies":[{"name":"wp","href":"https:\/\/api.w.org\/{rel}","templated":true}]}}