{"id":23706,"date":"2024-03-01T16:49:07","date_gmt":"2024-03-01T15:49:07","guid":{"rendered":"https:\/\/u15jnbdpoq.preview.infomaniak.website\/produit\/10-bolsas-de-basura-negras-de-75-%c2%b5-y-130-litros\/"},"modified":"2026-04-24T02:16:34","modified_gmt":"2026-04-24T00:16:34","slug":"10-bolsas-de-basura-negras-de-75-%c2%b5-y-130-litros","status":"publish","type":"product","link":"https:\/\/www.csj-emballages.com\/es\/produit\/10-bolsas-de-basura-negras-de-75-%c2%b5-y-130-litros\/","title":{"rendered":"Bolsa de basura de 130 litros negra de 75 \u00b5 por 10"},"content":{"rendered":"<h2>Bolsa de basura<\/h2>\n<hr>\n<h3>Descubra nuestra bolsa de basura de 130 litros negra de 75 \u00b5 por 10<\/h3>\n<p><!--more--><\/p>\n<p data-start=\"191\" data-end=\"521\">Cuando hay que gestionar <strong>grandes vol\u00famenes de residuos<\/strong> sin riesgo de que se rompa, esta <strong data-start=\"267\" data-end=\"302\">bolsa de basura negra de 130 litros<\/strong> es claramente un aliado fiable. Su gran formato permite recoger f\u00e1cilmente residuos voluminosos, mientras que su <strong>grosor<\/strong> de <strong>75 micras<\/strong> garantiza una resistencia apreciable, incluso cuando la bolsa est\u00e1 bien llena. <\/p>\n<p data-start=\"523\" data-end=\"839\">Esta <strong>bolsa<\/strong> es especialmente adecuada para entornos profesionales donde los trasiegos son frecuentes: <strong>restauraci\u00f3n, colectividades, almacenes, talleres o eventos<\/strong>. Soporta el peso sin perforarse y permanece estable durante la manipulaci\u00f3n, lo que evita sorpresas desagradables al sacarla del contenedor. <\/p>\n<p data-start=\"841\" data-end=\"1084\">Su <strong data-start=\"844\" data-end=\"861\">color negro<\/strong> garantiza una discreci\u00f3n total, ideal para ocultar el contenido y mantener un espacio visualmente limpio. Adem\u00e1s, su material flexible facilita la colocaci\u00f3n en los cubos y permite un cierre sencillo, r\u00e1pido y eficaz. <\/p>\n<p data-start=\"1086\" data-end=\"1419\">Vendido <strong data-start=\"1092\" data-end=\"1109\">en lote de 10<\/strong>, esta <strong>bolsa de basura<\/strong> ofrece un buen equilibrio entre capacidad de almacenamiento y practicidad. Dispone de una cantidad suficiente para los usos regulares sin sobrecargar su reserva. Se integra f\u00e1cilmente en una organizaci\u00f3n diaria y responde a las necesidades tanto de profesionales como de particulares exigentes.  <\/p>\n<p data-start=\"1421\" data-end=\"1628\">En resumen, esta <strong>bolsa de basura de 130 litros<\/strong> combina robustez, gran volumen y facilidad de uso. Est\u00e1 pensada para quienes desean un producto s\u00f3lido, eficaz y sin concesiones para la gesti\u00f3n de residuos. <\/p>\n<p data-start=\"1421\" data-end=\"1628\"><!--more--><\/p>\n<h4 data-start=\"1421\" data-end=\"1628\">Ventajas :<\/h4>\n<ul>\n<li data-start=\"1656\" data-end=\"1688\">Gran capacidad de <strong>130 litros<\/strong>.<\/li>\n<li data-start=\"1691\" data-end=\"1736\"><strong>Grosor de 75 micras<\/strong> para mayor solidez.<\/li>\n<li data-start=\"1739\" data-end=\"1782\">Resiste residuos pesados y voluminosos.<\/li>\n<li data-start=\"1785\" data-end=\"1820\">Discreta gracias a su color negro.<\/li>\n<li data-start=\"1823\" data-end=\"1859\">F\u00e1cil de manipular e instalar.<\/li>\n<li data-start=\"1862\" data-end=\"1886\">Lote pr\u00e1ctico de <strong>10 bolsas<\/strong>.<\/li>\n<\/ul>\n<p>&nbsp;<\/p>\n<p><!--more--><\/p>\n<h4>Informaci\u00f3n adicional :<\/h4>\n<ul style=\"font-family: Roboto, sans-serif;\">\n<li><strong>Embalaje<\/strong>: Rollo de 10<\/li>\n<li><strong>Dimensiones<\/strong>: 800 mm x 1150 mm<\/li>\n<li><span style=\"font-weight: bold;\">Volumen:<\/span> 130 litros<\/li>\n<li><strong>Grosor<\/strong>: 75 \u00b5<\/li>\n<li><strong>Color<\/strong>: Negro<\/li>\n<li><strong>Material<\/strong>: PEAD<\/li>\n<\/ul>\n<p>&nbsp;<\/p>\n<p><!--more--><\/p>\n<p>Esta bolsa de basura de 130 litros est\u00e1 disponible en diferentes tama\u00f1os: <span style=\"color: #d12727;\"><a style=\"color: #d12727;\" href=\"https:\/\/www.csj-emballages.com\/produit\/25-sacs-poubelles-130-litres-noirs-40-%c2%b5\/\">130 litros (40 \u00b5)<\/a><\/span> \/ <span style=\"color: #d12727;\"><a style=\"color: #d12727;\" href=\"https:\/\/www.csj-emballages.com\/es\/produit\/10-bolsas-de-basura-negras-de-150-litros-y-50-%c2%b5\/\">150 litros<\/a><\/span> \/ <span style=\"color: #d12727;\"><a style=\"color: #d12727;\" href=\"https:\/\/www.csj-emballages.com\/es\/produit\/10-bolsas-de-basura-transparentes-de-160-litros-y-50-%c2%b5\/\">160 litros (50 \u00b5)<\/a><\/span> \/ <span style=\"color: #d12727;\"><a style=\"color: #d12727;\" href=\"https:\/\/www.csj-emballages.com\/es\/produit\/10-bolsas-de-basura-negras-de-55-%c2%b5-y-160-litros\/\">160 litros (55 \u00b5)<\/a> <\/span>\/<span style=\"color: #d12727;\"><a style=\"color: #d12727;\" href=\"https:\/\/www.csj-emballages.com\/es\/categorie-produit\/higiene-y-mantenimiento\/bolsas-de-basura\/\">&#8230;<\/a><\/span><\/p>\n<p>&nbsp;<\/p>\n<p><!--more--><\/p>\n<p><a href=\"https:\/\/www.csj-emballages.com\/es\/categorie-produit\/higiene-y-mantenimiento\/bolsas-de-basura\/\">Ver el resto de nuestra gama de bolsas de basura<\/a><\/p>\n","protected":false},"excerpt":{"rendered":"<p>Bolsa de basura Descubra nuestra bolsa de basura de 130 litros negra de 75 \u00b5 por 10<\/p>\n","protected":false},"featured_media":222415,"template":"","meta":{"_acf_changed":false},"product_brand":[],"product_cat":[1226,1871],"product_tag":[],"class_list":{"0":"post-23706","1":"product","2":"type-product","3":"status-publish","4":"has-post-thumbnail","6":"product_cat-higiene-y-mantenimiento","7":"product_cat-bolsas-de-basura","9":"first","10":"instock","11":"taxable","12":"shipping-taxable","13":"purchasable","14":"product-type-simple"},"acf":[],"yoast_head":"<!-- This site is optimized with the Yoast SEO Premium plugin v26.6 (Yoast SEO v26.6) - https:\/\/yoast.com\/wordpress\/plugins\/seo\/ -->\n<title>Bolsa de basura de 130 litros negra de 75 \u00b5 por 10<\/title>\n<meta name=\"description\" content=\"Bolsa de basura negra de 130 L y 75 \u00b5, se vende por 10. Resistente, de gran capacidad e ideal para un uso profesional o intensivo.\" \/>\n<meta name=\"robots\" content=\"index, follow, max-snippet:-1, max-image-preview:large, max-video-preview:-1\" \/>\n<link rel=\"canonical\" href=\"https:\/\/www.csj-emballages.com\/es\/produit\/10-bolsas-de-basura-negras-de-75-%c2%b5-y-130-litros\/\" \/>\n<meta property=\"og:locale\" content=\"es_ES\" \/>\n<meta property=\"og:type\" content=\"article\" \/>\n<meta property=\"og:title\" content=\"Bolsa de basura de 130 litros negra de 75 \u00b5 por 10\" \/>\n<meta property=\"og:description\" content=\"Bolsa de basura negra de 130 L y 75 \u00b5, se vende por 10. Resistente, de gran capacidad e ideal para un uso profesional o intensivo.\" \/>\n<meta property=\"og:url\" content=\"https:\/\/www.csj-emballages.com\/es\/produit\/10-bolsas-de-basura-negras-de-75-%c2%b5-y-130-litros\/\" \/>\n<meta property=\"og:site_name\" content=\"CSJ Emballages\" \/>\n<meta property=\"article:publisher\" content=\"https:\/\/www.facebook.com\/csjemballages\" \/>\n<meta property=\"article:modified_time\" content=\"2026-04-24T00:16:34+00:00\" \/>\n<meta property=\"og:image\" content=\"https:\/\/www.csj-emballages.com\/wp-content\/uploads\/2024\/03\/Sac-housse.webp\" \/>\n\t<meta property=\"og:image:width\" content=\"800\" \/>\n\t<meta property=\"og:image:height\" content=\"800\" \/>\n\t<meta property=\"og:image:type\" content=\"image\/webp\" \/>\n<meta name=\"twitter:card\" content=\"summary_large_image\" \/>\n<meta name=\"twitter:label1\" content=\"Tiempo de lectura\" \/>\n\t<meta name=\"twitter:data1\" content=\"2 minutos\" \/>\n<script type=\"application\/ld+json\" class=\"yoast-schema-graph\">{\"@context\":\"https:\/\/schema.org\",\"@graph\":[{\"@type\":\"WebPage\",\"@id\":\"https:\/\/www.csj-emballages.com\/es\/produit\/10-bolsas-de-basura-negras-de-75-%c2%b5-y-130-litros\/\",\"url\":\"https:\/\/www.csj-emballages.com\/es\/produit\/10-bolsas-de-basura-negras-de-75-%c2%b5-y-130-litros\/\",\"name\":\"Bolsa de basura de 130 litros negra de 75 \u00b5 por 10\",\"isPartOf\":{\"@id\":\"https:\/\/www.csj-emballages.com\/es\/#website\"},\"primaryImageOfPage\":{\"@id\":\"https:\/\/www.csj-emballages.com\/es\/produit\/10-bolsas-de-basura-negras-de-75-%c2%b5-y-130-litros\/#primaryimage\"},\"image\":{\"@id\":\"https:\/\/www.csj-emballages.com\/es\/produit\/10-bolsas-de-basura-negras-de-75-%c2%b5-y-130-litros\/#primaryimage\"},\"thumbnailUrl\":\"https:\/\/www.csj-emballages.com\/wp-content\/uploads\/2024\/03\/Sac-housse.webp\",\"datePublished\":\"2024-03-01T15:49:07+00:00\",\"dateModified\":\"2026-04-24T00:16:34+00:00\",\"description\":\"Bolsa de basura negra de 130 L y 75 \u00b5, se vende por 10. Resistente, de gran capacidad e ideal para un uso profesional o intensivo.\",\"breadcrumb\":{\"@id\":\"https:\/\/www.csj-emballages.com\/es\/produit\/10-bolsas-de-basura-negras-de-75-%c2%b5-y-130-litros\/#breadcrumb\"},\"inLanguage\":\"es\",\"potentialAction\":[{\"@type\":\"ReadAction\",\"target\":[\"https:\/\/www.csj-emballages.com\/es\/produit\/10-bolsas-de-basura-negras-de-75-%c2%b5-y-130-litros\/\"]}]},{\"@type\":\"ImageObject\",\"inLanguage\":\"es\",\"@id\":\"https:\/\/www.csj-emballages.com\/es\/produit\/10-bolsas-de-basura-negras-de-75-%c2%b5-y-130-litros\/#primaryimage\",\"url\":\"https:\/\/www.csj-emballages.com\/wp-content\/uploads\/2024\/03\/Sac-housse.webp\",\"contentUrl\":\"https:\/\/www.csj-emballages.com\/wp-content\/uploads\/2024\/03\/Sac-housse.webp\",\"width\":800,\"height\":800,\"caption\":\"Sac poubelle\"},{\"@type\":\"BreadcrumbList\",\"@id\":\"https:\/\/www.csj-emballages.com\/es\/produit\/10-bolsas-de-basura-negras-de-75-%c2%b5-y-130-litros\/#breadcrumb\",\"itemListElement\":[{\"@type\":\"ListItem\",\"position\":1,\"name\":\"Accueil\",\"item\":\"https:\/\/www.csj-emballages.com\/es\/universo-del-envasado-alimentario\/\"},{\"@type\":\"ListItem\",\"position\":2,\"name\":\"Tienda\",\"item\":\"https:\/\/www.csj-emballages.com\/tienda\/\"},{\"@type\":\"ListItem\",\"position\":3,\"name\":\"Bolsa de basura de 130 litros negra de 75 \u00b5 por 10\"}]},{\"@type\":\"WebSite\",\"@id\":\"https:\/\/www.csj-emballages.com\/es\/#website\",\"url\":\"https:\/\/www.csj-emballages.com\/es\/\",\"name\":\"CSJ Emballages\",\"description\":\"\",\"publisher\":{\"@id\":\"https:\/\/www.csj-emballages.com\/es\/#organization\"},\"potentialAction\":[{\"@type\":\"SearchAction\",\"target\":{\"@type\":\"EntryPoint\",\"urlTemplate\":\"https:\/\/www.csj-emballages.com\/es\/?s={search_term_string}\"},\"query-input\":{\"@type\":\"PropertyValueSpecification\",\"valueRequired\":true,\"valueName\":\"search_term_string\"}}],\"inLanguage\":\"es\"},{\"@type\":\"Organization\",\"@id\":\"https:\/\/www.csj-emballages.com\/es\/#Organization\/\",\"name\":\"CSJ Emballages\",\"url\":\"https:\/\/www.csj-emballages.com\/es\/\",\"logo\":{\"@type\":\"ImageObject\",\"inLanguage\":\"es\",\"@id\":\"https:\/\/www.csj-emballages.com\/es\/#\/schema\/logo\/image\/\",\"url\":\"https:\/\/www.csj-emballages.com\/wp-content\/uploads\/2023\/10\/logo_csj.webp\",\"contentUrl\":\"https:\/\/www.csj-emballages.com\/wp-content\/uploads\/2023\/10\/logo_csj.webp\",\"width\":250,\"height\":95,\"caption\":\"CSJ Emballages\"},\"image\":{\"@id\":\"https:\/\/www.csj-emballages.com\/es\/#\/schema\/logo\/image\/\"},\"sameAs\":[\"https:\/\/www.facebook.com\/csjemballages\"],\"address\":{\"@type\":\"PostalAddress\",\"streetAddress\":\"ZI La Lechere\",\"addressLocality\":\"Patornay\",\"postalCode\":\"39130\",\"addressCountry\":\"FR\"},\"contactPoint\":[{\"@type\":\"ContactPoint\",\"contactType\":\"Service client\",\"telephone\":\"0384254272\",\"email\":\"contact@csj-emballages.com\"}]}]}<\/script>\n<!-- \/ Yoast SEO Premium plugin. -->","yoast_head_json":{"title":"Bolsa de basura de 130 litros negra de 75 \u00b5 por 10","description":"Bolsa de basura negra de 130 L y 75 \u00b5, se vende por 10. Resistente, de gran capacidad e ideal para un uso profesional o intensivo.","robots":{"index":"index","follow":"follow","max-snippet":"max-snippet:-1","max-image-preview":"max-image-preview:large","max-video-preview":"max-video-preview:-1"},"canonical":"https:\/\/www.csj-emballages.com\/es\/produit\/10-bolsas-de-basura-negras-de-75-%c2%b5-y-130-litros\/","og_locale":"es_ES","og_type":"article","og_title":"Bolsa de basura de 130 litros negra de 75 \u00b5 por 10","og_description":"Bolsa de basura negra de 130 L y 75 \u00b5, se vende por 10. Resistente, de gran capacidad e ideal para un uso profesional o intensivo.","og_url":"https:\/\/www.csj-emballages.com\/es\/produit\/10-bolsas-de-basura-negras-de-75-%c2%b5-y-130-litros\/","og_site_name":"CSJ Emballages","article_publisher":"https:\/\/www.facebook.com\/csjemballages","article_modified_time":"2026-04-24T00:16:34+00:00","og_image":[{"width":800,"height":800,"url":"https:\/\/www.csj-emballages.com\/wp-content\/uploads\/2024\/03\/Sac-housse.webp","type":"image\/webp"}],"twitter_card":"summary_large_image","twitter_misc":{"Tiempo de lectura":"2 minutos"},"schema":{"@context":"https:\/\/schema.org","@graph":[{"@type":"WebPage","@id":"https:\/\/www.csj-emballages.com\/es\/produit\/10-bolsas-de-basura-negras-de-75-%c2%b5-y-130-litros\/","url":"https:\/\/www.csj-emballages.com\/es\/produit\/10-bolsas-de-basura-negras-de-75-%c2%b5-y-130-litros\/","name":"Bolsa de basura de 130 litros negra de 75 \u00b5 por 10","isPartOf":{"@id":"https:\/\/www.csj-emballages.com\/es\/#website"},"primaryImageOfPage":{"@id":"https:\/\/www.csj-emballages.com\/es\/produit\/10-bolsas-de-basura-negras-de-75-%c2%b5-y-130-litros\/#primaryimage"},"image":{"@id":"https:\/\/www.csj-emballages.com\/es\/produit\/10-bolsas-de-basura-negras-de-75-%c2%b5-y-130-litros\/#primaryimage"},"thumbnailUrl":"https:\/\/www.csj-emballages.com\/wp-content\/uploads\/2024\/03\/Sac-housse.webp","datePublished":"2024-03-01T15:49:07+00:00","dateModified":"2026-04-24T00:16:34+00:00","description":"Bolsa de basura negra de 130 L y 75 \u00b5, se vende por 10. Resistente, de gran capacidad e ideal para un uso profesional o intensivo.","breadcrumb":{"@id":"https:\/\/www.csj-emballages.com\/es\/produit\/10-bolsas-de-basura-negras-de-75-%c2%b5-y-130-litros\/#breadcrumb"},"inLanguage":"es","potentialAction":[{"@type":"ReadAction","target":["https:\/\/www.csj-emballages.com\/es\/produit\/10-bolsas-de-basura-negras-de-75-%c2%b5-y-130-litros\/"]}]},{"@type":"ImageObject","inLanguage":"es","@id":"https:\/\/www.csj-emballages.com\/es\/produit\/10-bolsas-de-basura-negras-de-75-%c2%b5-y-130-litros\/#primaryimage","url":"https:\/\/www.csj-emballages.com\/wp-content\/uploads\/2024\/03\/Sac-housse.webp","contentUrl":"https:\/\/www.csj-emballages.com\/wp-content\/uploads\/2024\/03\/Sac-housse.webp","width":800,"height":800,"caption":"Sac poubelle"},{"@type":"BreadcrumbList","@id":"https:\/\/www.csj-emballages.com\/es\/produit\/10-bolsas-de-basura-negras-de-75-%c2%b5-y-130-litros\/#breadcrumb","itemListElement":[{"@type":"ListItem","position":1,"name":"Accueil","item":"https:\/\/www.csj-emballages.com\/es\/universo-del-envasado-alimentario\/"},{"@type":"ListItem","position":2,"name":"Tienda","item":"https:\/\/www.csj-emballages.com\/tienda\/"},{"@type":"ListItem","position":3,"name":"Bolsa de basura de 130 litros negra de 75 \u00b5 por 10"}]},{"@type":"WebSite","@id":"https:\/\/www.csj-emballages.com\/es\/#website","url":"https:\/\/www.csj-emballages.com\/es\/","name":"CSJ Emballages","description":"","publisher":{"@id":"https:\/\/www.csj-emballages.com\/es\/#organization"},"potentialAction":[{"@type":"SearchAction","target":{"@type":"EntryPoint","urlTemplate":"https:\/\/www.csj-emballages.com\/es\/?s={search_term_string}"},"query-input":{"@type":"PropertyValueSpecification","valueRequired":true,"valueName":"search_term_string"}}],"inLanguage":"es"},{"@type":"Organization","@id":"https:\/\/www.csj-emballages.com\/es\/#Organization\/","name":"CSJ Emballages","url":"https:\/\/www.csj-emballages.com\/es\/","logo":{"@type":"ImageObject","inLanguage":"es","@id":"https:\/\/www.csj-emballages.com\/es\/#\/schema\/logo\/image\/","url":"https:\/\/www.csj-emballages.com\/wp-content\/uploads\/2023\/10\/logo_csj.webp","contentUrl":"https:\/\/www.csj-emballages.com\/wp-content\/uploads\/2023\/10\/logo_csj.webp","width":250,"height":95,"caption":"CSJ Emballages"},"image":{"@id":"https:\/\/www.csj-emballages.com\/es\/#\/schema\/logo\/image\/"},"sameAs":["https:\/\/www.facebook.com\/csjemballages"],"address":{"@type":"PostalAddress","streetAddress":"ZI La Lechere","addressLocality":"Patornay","postalCode":"39130","addressCountry":"FR"},"contactPoint":[{"@type":"ContactPoint","contactType":"Service client","telephone":"0384254272","email":"contact@csj-emballages.com"}]}]}},"df_price":3.47,"df_sale_price":"","df_regular_price":3.47,"df_image_link":"https:\/\/www.csj-emballages.com\/wp-content\/uploads\/2024\/03\/Sac-housse-300x300.webp","tiered_pricing_type":"fixed","tiered_pricing_fixed_rules":[],"tiered_pricing_percentage_rules":[],"tiered_pricing_minimum":1,"tiered_pricing_roles_data":[],"_links":{"self":[{"href":"https:\/\/www.csj-emballages.com\/es\/wp-json\/wp\/v2\/product\/23706","targetHints":{"allow":["GET"]}}],"collection":[{"href":"https:\/\/www.csj-emballages.com\/es\/wp-json\/wp\/v2\/product"}],"about":[{"href":"https:\/\/www.csj-emballages.com\/es\/wp-json\/wp\/v2\/types\/product"}],"wp:featuredmedia":[{"embeddable":true,"href":"https:\/\/www.csj-emballages.com\/es\/wp-json\/wp\/v2\/media\/222415"}],"wp:attachment":[{"href":"https:\/\/www.csj-emballages.com\/es\/wp-json\/wp\/v2\/media?parent=23706"}],"wp:term":[{"taxonomy":"product_brand","embeddable":true,"href":"https:\/\/www.csj-emballages.com\/es\/wp-json\/wp\/v2\/product_brand?post=23706"},{"taxonomy":"product_cat","embeddable":true,"href":"https:\/\/www.csj-emballages.com\/es\/wp-json\/wp\/v2\/product_cat?post=23706"},{"taxonomy":"product_tag","embeddable":true,"href":"https:\/\/www.csj-emballages.com\/es\/wp-json\/wp\/v2\/product_tag?post=23706"}],"curies":[{"name":"wp","href":"https:\/\/api.w.org\/{rel}","templated":true}]}}