{"id":23703,"date":"2024-03-01T16:49:09","date_gmt":"2024-03-01T15:49:09","guid":{"rendered":"https:\/\/u15jnbdpoq.preview.infomaniak.website\/produit\/50-ensaladeras-desechables-con-tapa-de-plastico-rasgable-750-ml\/"},"modified":"2026-03-31T02:17:50","modified_gmt":"2026-03-31T00:17:50","slug":"50-ensaladeras-desechables-con-tapa-de-plastico-rasgable-750-ml","status":"publish","type":"product","link":"https:\/\/www.csj-emballages.com\/es\/produit\/50-ensaladeras-desechables-con-tapa-de-plastico-rasgable-750-ml\/","title":{"rendered":"75 ensaladeras con tapa de pl\u00e1stico rasgable 750 ml"},"content":{"rendered":"<h2><span style=\"font-weight: bold;text-decoration: underline\">Ensaladeras desechables con tapa de pl\u00e1stico rasgable 750 ml<\/span><\/h2>\n<p>&nbsp;<\/p>\n<p style=\"font-family: Roboto, sans-serif;margin: 0pt\"><span> <\/span><\/p>\n<p style=\"font-family: Roboto, sans-serif;margin: 0pt\"><span> <span style=\"font-weight: bold;text-decoration: underline\">Descripci\u00f3n :<\/span><\/span><\/p>\n<p style=\"font-family: Roboto, sans-serif;margin: 0pt\"><span> <\/span><\/p>\n<p style=\"font-family: Roboto, sans-serif;margin: 0pt\"><span>Descubre nuestras ensaladeras de pl\u00e1stico desechables de 750 ml.<\/span><\/p>\n<p style=\"font-family: Roboto, sans-serif;margin: 0pt\"><span> <\/span><\/p>\n<p style=\"font-family: Roboto, sans-serif;margin: 0pt\"><span>Ensaladeras desechables de pl\u00e1stico transl\u00facido con tapa rasgable utilizadas principalmente en restaurantes de comida r\u00e1pida, pero tambi\u00e9n por minoristas.<\/span><\/p>\n<p style=\"font-family: Roboto, sans-serif;margin: 0pt\"><span>Estos cuencos desechables son ideales para presentar tus ensaladas mixtas, tabul\u00e9, aceitunas y m\u00e1s&#8230;<\/span><\/p>\n<p style=\"font-family: Roboto, sans-serif;margin: 0pt\"><span>Estos cuencos tienen la particularidad de apilarse unos sobre otros con una tapa rasgable.<\/span><\/p>\n<p style=\"font-family: Roboto, sans-serif;margin: 0pt\"><span>Estos cuencos no pueden utilizarse entre determinadas temperaturas.<\/span><\/p>\n<p style=\"font-family: Roboto, sans-serif;margin: 0pt\"><span> <span>Temperatura: -40\u00b0C \/ +60\u00b0C<\/span><\/span><\/p>\n<p style=\"font-family: Roboto, sans-serif;margin: 0pt\"><span style=\"font-weight: bold;text-decoration: underline\"> <\/span><\/p>\n<p style=\"font-family: Roboto, sans-serif;margin: 0pt\"><span style=\"font-weight: bold;text-decoration: underline\">Caracter\u00edsticas de las ensaladeras desechables con tapa abatible :<\/span><\/p>\n<p style=\"font-family: Roboto, sans-serif;margin: 0pt\"><span> <\/span><\/p>\n<ul style=\"font-family: Roboto, sans-serif\">\n<li><span>Vendido a particulares \/ profesionales<\/span><\/li>\n<li><span><span style=\"font-weight: bold;text-decoration: underline\">Dimensiones<\/span>: 172 x 94 (\u00d8 x A en mm)<\/span><\/li>\n<li><span><span style=\"font-weight: bold;text-decoration: underline\">Volumen<\/span>: 750 ml<\/span><\/li>\n<li><span><span style=\"font-weight: bold;text-decoration: underline\">Envase<\/span>: paquetes de 50 cuencos desechables<\/span><\/li>\n<li><span>Envasado en pel\u00edcula protectora para un mejor almacenamiento y protecci\u00f3n.<\/span><\/li>\n<li><span><span style=\"font-weight: bold;text-decoration: underline\">Material<\/span>: Polietileno<\/span><\/li>\n<\/ul>\n<p style=\"font-family: Roboto, sans-serif;margin: 0pt\"><span> <\/span><\/p>\n<h2 style=\"font-family: Roboto, sans-serif\"><span style=\"font-weight: bold\">Elige ahora ensaladeras de pl\u00e1stico desechables<\/span><\/h2>\n","protected":false},"excerpt":{"rendered":"<p>Ensaladeras desechables con tapa de pl\u00e1stico rasgable 750 ml &nbsp; Descripci\u00f3n : Descubre nuestras ensaladeras de pl\u00e1stico desechables de 750 ml. Ensaladeras desechables de pl\u00e1stico transl\u00facido con tapa rasgable utilizadas principalmente en restaurantes de comida r\u00e1pida, pero tambi\u00e9n por minoristas. Estos cuencos desechables son ideales para presentar tus ensaladas mixtas, tabul\u00e9, aceitunas y m\u00e1s&#8230; Estos [&hellip;]<\/p>\n","protected":false},"featured_media":14409,"template":"","meta":{"_acf_changed":false},"product_brand":[],"product_cat":[1143,1491,3523,1179,3529],"product_tag":[],"class_list":{"0":"post-23703","1":"product","2":"type-product","3":"status-publish","4":"has-post-thumbnail","6":"product_cat-carniceria-y-charcuteria","7":"product_cat-bandejas-latas-tarros-de-comida","8":"product_cat-ensaladeras-con-tapa-abatible","9":"product_cat-catering-es","10":"product_cat-ensaladeras-es","12":"first","13":"outofstock","14":"taxable","15":"shipping-taxable","16":"purchasable","17":"product-type-simple"},"acf":[],"yoast_head":"<!-- This site is optimized with the Yoast SEO Premium plugin v26.6 (Yoast SEO v26.6) - https:\/\/yoast.com\/wordpress\/plugins\/seo\/ -->\n<title>50 Ensaladeras Desechables con Tapa de Pl\u00e1stico 750ml \/ csj-emballages.com<\/title>\n<meta name=\"description\" content=\"\u00a1Comprar Ensaladeras de Pl\u00e1stico Desechables con Tapa Desmontable 75 cl! Te ofrecemos un paquete de 50 tarros de pl\u00e1stico desechables a precios DESCUENTABLES.\" \/>\n<meta name=\"robots\" content=\"index, follow, max-snippet:-1, max-image-preview:large, max-video-preview:-1\" \/>\n<link rel=\"canonical\" href=\"https:\/\/www.csj-emballages.com\/es\/produit\/50-ensaladeras-desechables-con-tapa-de-plastico-rasgable-750-ml\/\" \/>\n<meta property=\"og:locale\" content=\"es_ES\" \/>\n<meta property=\"og:type\" content=\"article\" \/>\n<meta property=\"og:title\" content=\"75 ensaladeras con tapa de pl\u00e1stico rasgable 750 ml\" \/>\n<meta property=\"og:description\" content=\"\u00a1Comprar Ensaladeras de Pl\u00e1stico Desechables con Tapa Desmontable 75 cl! Te ofrecemos un paquete de 50 tarros de pl\u00e1stico desechables a precios DESCUENTABLES.\" \/>\n<meta property=\"og:url\" content=\"https:\/\/www.csj-emballages.com\/es\/produit\/50-ensaladeras-desechables-con-tapa-de-plastico-rasgable-750-ml\/\" \/>\n<meta property=\"og:site_name\" content=\"CSJ Emballages\" \/>\n<meta property=\"article:publisher\" content=\"https:\/\/www.facebook.com\/csjemballages\" \/>\n<meta property=\"article:modified_time\" content=\"2026-03-31T00:17:50+00:00\" \/>\n<meta property=\"og:image\" content=\"https:\/\/www.csj-emballages.com\/wp-content\/uploads\/2024\/03\/Capture-decran-2024-03-29-a-12.02.34-e1711710281248.png\" \/>\n\t<meta property=\"og:image:width\" content=\"300\" \/>\n\t<meta property=\"og:image:height\" content=\"300\" \/>\n\t<meta property=\"og:image:type\" content=\"image\/png\" \/>\n<meta name=\"twitter:card\" content=\"summary_large_image\" \/>\n<meta name=\"twitter:label1\" content=\"Tiempo de lectura\" \/>\n\t<meta name=\"twitter:data1\" content=\"1 minuto\" \/>\n<script type=\"application\/ld+json\" class=\"yoast-schema-graph\">{\"@context\":\"https:\/\/schema.org\",\"@graph\":[{\"@type\":\"WebPage\",\"@id\":\"https:\/\/www.csj-emballages.com\/es\/produit\/50-ensaladeras-desechables-con-tapa-de-plastico-rasgable-750-ml\/\",\"url\":\"https:\/\/www.csj-emballages.com\/es\/produit\/50-ensaladeras-desechables-con-tapa-de-plastico-rasgable-750-ml\/\",\"name\":\"50 Ensaladeras Desechables con Tapa de Pl\u00e1stico 750ml \/ csj-emballages.com\",\"isPartOf\":{\"@id\":\"https:\/\/www.csj-emballages.com\/es\/#website\"},\"primaryImageOfPage\":{\"@id\":\"https:\/\/www.csj-emballages.com\/es\/produit\/50-ensaladeras-desechables-con-tapa-de-plastico-rasgable-750-ml\/#primaryimage\"},\"image\":{\"@id\":\"https:\/\/www.csj-emballages.com\/es\/produit\/50-ensaladeras-desechables-con-tapa-de-plastico-rasgable-750-ml\/#primaryimage\"},\"thumbnailUrl\":\"https:\/\/www.csj-emballages.com\/wp-content\/uploads\/2024\/03\/Capture-decran-2024-03-29-a-12.02.34-e1711710281248.png\",\"datePublished\":\"2024-03-01T15:49:09+00:00\",\"dateModified\":\"2026-03-31T00:17:50+00:00\",\"description\":\"\u00a1Comprar Ensaladeras de Pl\u00e1stico Desechables con Tapa Desmontable 75 cl! Te ofrecemos un paquete de 50 tarros de pl\u00e1stico desechables a precios DESCUENTABLES.\",\"breadcrumb\":{\"@id\":\"https:\/\/www.csj-emballages.com\/es\/produit\/50-ensaladeras-desechables-con-tapa-de-plastico-rasgable-750-ml\/#breadcrumb\"},\"inLanguage\":\"es\",\"potentialAction\":[{\"@type\":\"ReadAction\",\"target\":[\"https:\/\/www.csj-emballages.com\/es\/produit\/50-ensaladeras-desechables-con-tapa-de-plastico-rasgable-750-ml\/\"]}]},{\"@type\":\"ImageObject\",\"inLanguage\":\"es\",\"@id\":\"https:\/\/www.csj-emballages.com\/es\/produit\/50-ensaladeras-desechables-con-tapa-de-plastico-rasgable-750-ml\/#primaryimage\",\"url\":\"https:\/\/www.csj-emballages.com\/wp-content\/uploads\/2024\/03\/Capture-decran-2024-03-29-a-12.02.34-e1711710281248.png\",\"contentUrl\":\"https:\/\/www.csj-emballages.com\/wp-content\/uploads\/2024\/03\/Capture-decran-2024-03-29-a-12.02.34-e1711710281248.png\",\"width\":300,\"height\":300},{\"@type\":\"BreadcrumbList\",\"@id\":\"https:\/\/www.csj-emballages.com\/es\/produit\/50-ensaladeras-desechables-con-tapa-de-plastico-rasgable-750-ml\/#breadcrumb\",\"itemListElement\":[{\"@type\":\"ListItem\",\"position\":1,\"name\":\"Accueil\",\"item\":\"https:\/\/www.csj-emballages.com\/es\/universo-del-envasado-alimentario\/\"},{\"@type\":\"ListItem\",\"position\":2,\"name\":\"Tienda\",\"item\":\"https:\/\/www.csj-emballages.com\/tienda\/\"},{\"@type\":\"ListItem\",\"position\":3,\"name\":\"75 ensaladeras con tapa de pl\u00e1stico rasgable 750 ml\"}]},{\"@type\":\"WebSite\",\"@id\":\"https:\/\/www.csj-emballages.com\/es\/#website\",\"url\":\"https:\/\/www.csj-emballages.com\/es\/\",\"name\":\"CSJ Emballages\",\"description\":\"\",\"publisher\":{\"@id\":\"https:\/\/www.csj-emballages.com\/es\/#organization\"},\"potentialAction\":[{\"@type\":\"SearchAction\",\"target\":{\"@type\":\"EntryPoint\",\"urlTemplate\":\"https:\/\/www.csj-emballages.com\/es\/?s={search_term_string}\"},\"query-input\":{\"@type\":\"PropertyValueSpecification\",\"valueRequired\":true,\"valueName\":\"search_term_string\"}}],\"inLanguage\":\"es\"},{\"@type\":\"Organization\",\"@id\":\"https:\/\/www.csj-emballages.com\/es\/#Organization\/\",\"name\":\"CSJ Emballages\",\"url\":\"https:\/\/www.csj-emballages.com\/es\/\",\"logo\":{\"@type\":\"ImageObject\",\"inLanguage\":\"es\",\"@id\":\"https:\/\/www.csj-emballages.com\/es\/#\/schema\/logo\/image\/\",\"url\":\"https:\/\/www.csj-emballages.com\/wp-content\/uploads\/2023\/10\/logo_csj.webp\",\"contentUrl\":\"https:\/\/www.csj-emballages.com\/wp-content\/uploads\/2023\/10\/logo_csj.webp\",\"width\":250,\"height\":95,\"caption\":\"CSJ Emballages\"},\"image\":{\"@id\":\"https:\/\/www.csj-emballages.com\/es\/#\/schema\/logo\/image\/\"},\"sameAs\":[\"https:\/\/www.facebook.com\/csjemballages\"],\"address\":{\"@type\":\"PostalAddress\",\"streetAddress\":\"ZI La Lechere\",\"addressLocality\":\"Patornay\",\"postalCode\":\"39130\",\"addressCountry\":\"FR\"},\"contactPoint\":[{\"@type\":\"ContactPoint\",\"contactType\":\"Service client\",\"telephone\":\"0384254272\",\"email\":\"contact@csj-emballages.com\"}]}]}<\/script>\n<!-- \/ Yoast SEO Premium plugin. -->","yoast_head_json":{"title":"50 Ensaladeras Desechables con Tapa de Pl\u00e1stico 750ml \/ csj-emballages.com","description":"\u00a1Comprar Ensaladeras de Pl\u00e1stico Desechables con Tapa Desmontable 75 cl! Te ofrecemos un paquete de 50 tarros de pl\u00e1stico desechables a precios DESCUENTABLES.","robots":{"index":"index","follow":"follow","max-snippet":"max-snippet:-1","max-image-preview":"max-image-preview:large","max-video-preview":"max-video-preview:-1"},"canonical":"https:\/\/www.csj-emballages.com\/es\/produit\/50-ensaladeras-desechables-con-tapa-de-plastico-rasgable-750-ml\/","og_locale":"es_ES","og_type":"article","og_title":"75 ensaladeras con tapa de pl\u00e1stico rasgable 750 ml","og_description":"\u00a1Comprar Ensaladeras de Pl\u00e1stico Desechables con Tapa Desmontable 75 cl! Te ofrecemos un paquete de 50 tarros de pl\u00e1stico desechables a precios DESCUENTABLES.","og_url":"https:\/\/www.csj-emballages.com\/es\/produit\/50-ensaladeras-desechables-con-tapa-de-plastico-rasgable-750-ml\/","og_site_name":"CSJ Emballages","article_publisher":"https:\/\/www.facebook.com\/csjemballages","article_modified_time":"2026-03-31T00:17:50+00:00","og_image":[{"width":300,"height":300,"url":"https:\/\/www.csj-emballages.com\/wp-content\/uploads\/2024\/03\/Capture-decran-2024-03-29-a-12.02.34-e1711710281248.png","type":"image\/png"}],"twitter_card":"summary_large_image","twitter_misc":{"Tiempo de lectura":"1 minuto"},"schema":{"@context":"https:\/\/schema.org","@graph":[{"@type":"WebPage","@id":"https:\/\/www.csj-emballages.com\/es\/produit\/50-ensaladeras-desechables-con-tapa-de-plastico-rasgable-750-ml\/","url":"https:\/\/www.csj-emballages.com\/es\/produit\/50-ensaladeras-desechables-con-tapa-de-plastico-rasgable-750-ml\/","name":"50 Ensaladeras Desechables con Tapa de Pl\u00e1stico 750ml \/ csj-emballages.com","isPartOf":{"@id":"https:\/\/www.csj-emballages.com\/es\/#website"},"primaryImageOfPage":{"@id":"https:\/\/www.csj-emballages.com\/es\/produit\/50-ensaladeras-desechables-con-tapa-de-plastico-rasgable-750-ml\/#primaryimage"},"image":{"@id":"https:\/\/www.csj-emballages.com\/es\/produit\/50-ensaladeras-desechables-con-tapa-de-plastico-rasgable-750-ml\/#primaryimage"},"thumbnailUrl":"https:\/\/www.csj-emballages.com\/wp-content\/uploads\/2024\/03\/Capture-decran-2024-03-29-a-12.02.34-e1711710281248.png","datePublished":"2024-03-01T15:49:09+00:00","dateModified":"2026-03-31T00:17:50+00:00","description":"\u00a1Comprar Ensaladeras de Pl\u00e1stico Desechables con Tapa Desmontable 75 cl! Te ofrecemos un paquete de 50 tarros de pl\u00e1stico desechables a precios DESCUENTABLES.","breadcrumb":{"@id":"https:\/\/www.csj-emballages.com\/es\/produit\/50-ensaladeras-desechables-con-tapa-de-plastico-rasgable-750-ml\/#breadcrumb"},"inLanguage":"es","potentialAction":[{"@type":"ReadAction","target":["https:\/\/www.csj-emballages.com\/es\/produit\/50-ensaladeras-desechables-con-tapa-de-plastico-rasgable-750-ml\/"]}]},{"@type":"ImageObject","inLanguage":"es","@id":"https:\/\/www.csj-emballages.com\/es\/produit\/50-ensaladeras-desechables-con-tapa-de-plastico-rasgable-750-ml\/#primaryimage","url":"https:\/\/www.csj-emballages.com\/wp-content\/uploads\/2024\/03\/Capture-decran-2024-03-29-a-12.02.34-e1711710281248.png","contentUrl":"https:\/\/www.csj-emballages.com\/wp-content\/uploads\/2024\/03\/Capture-decran-2024-03-29-a-12.02.34-e1711710281248.png","width":300,"height":300},{"@type":"BreadcrumbList","@id":"https:\/\/www.csj-emballages.com\/es\/produit\/50-ensaladeras-desechables-con-tapa-de-plastico-rasgable-750-ml\/#breadcrumb","itemListElement":[{"@type":"ListItem","position":1,"name":"Accueil","item":"https:\/\/www.csj-emballages.com\/es\/universo-del-envasado-alimentario\/"},{"@type":"ListItem","position":2,"name":"Tienda","item":"https:\/\/www.csj-emballages.com\/tienda\/"},{"@type":"ListItem","position":3,"name":"75 ensaladeras con tapa de pl\u00e1stico rasgable 750 ml"}]},{"@type":"WebSite","@id":"https:\/\/www.csj-emballages.com\/es\/#website","url":"https:\/\/www.csj-emballages.com\/es\/","name":"CSJ Emballages","description":"","publisher":{"@id":"https:\/\/www.csj-emballages.com\/es\/#organization"},"potentialAction":[{"@type":"SearchAction","target":{"@type":"EntryPoint","urlTemplate":"https:\/\/www.csj-emballages.com\/es\/?s={search_term_string}"},"query-input":{"@type":"PropertyValueSpecification","valueRequired":true,"valueName":"search_term_string"}}],"inLanguage":"es"},{"@type":"Organization","@id":"https:\/\/www.csj-emballages.com\/es\/#Organization\/","name":"CSJ Emballages","url":"https:\/\/www.csj-emballages.com\/es\/","logo":{"@type":"ImageObject","inLanguage":"es","@id":"https:\/\/www.csj-emballages.com\/es\/#\/schema\/logo\/image\/","url":"https:\/\/www.csj-emballages.com\/wp-content\/uploads\/2023\/10\/logo_csj.webp","contentUrl":"https:\/\/www.csj-emballages.com\/wp-content\/uploads\/2023\/10\/logo_csj.webp","width":250,"height":95,"caption":"CSJ Emballages"},"image":{"@id":"https:\/\/www.csj-emballages.com\/es\/#\/schema\/logo\/image\/"},"sameAs":["https:\/\/www.facebook.com\/csjemballages"],"address":{"@type":"PostalAddress","streetAddress":"ZI La Lechere","addressLocality":"Patornay","postalCode":"39130","addressCountry":"FR"},"contactPoint":[{"@type":"ContactPoint","contactType":"Service client","telephone":"0384254272","email":"contact@csj-emballages.com"}]}]}},"df_price":15.66,"df_sale_price":"","df_regular_price":15.66,"df_image_link":"https:\/\/www.csj-emballages.com\/wp-content\/uploads\/2024\/03\/Capture-decran-2024-03-29-a-12.02.34-300x300.png","tiered_pricing_type":"fixed","tiered_pricing_fixed_rules":[],"tiered_pricing_percentage_rules":[],"tiered_pricing_minimum":1,"tiered_pricing_roles_data":[],"_links":{"self":[{"href":"https:\/\/www.csj-emballages.com\/es\/wp-json\/wp\/v2\/product\/23703","targetHints":{"allow":["GET"]}}],"collection":[{"href":"https:\/\/www.csj-emballages.com\/es\/wp-json\/wp\/v2\/product"}],"about":[{"href":"https:\/\/www.csj-emballages.com\/es\/wp-json\/wp\/v2\/types\/product"}],"wp:featuredmedia":[{"embeddable":true,"href":"https:\/\/www.csj-emballages.com\/es\/wp-json\/wp\/v2\/media\/14409"}],"wp:attachment":[{"href":"https:\/\/www.csj-emballages.com\/es\/wp-json\/wp\/v2\/media?parent=23703"}],"wp:term":[{"taxonomy":"product_brand","embeddable":true,"href":"https:\/\/www.csj-emballages.com\/es\/wp-json\/wp\/v2\/product_brand?post=23703"},{"taxonomy":"product_cat","embeddable":true,"href":"https:\/\/www.csj-emballages.com\/es\/wp-json\/wp\/v2\/product_cat?post=23703"},{"taxonomy":"product_tag","embeddable":true,"href":"https:\/\/www.csj-emballages.com\/es\/wp-json\/wp\/v2\/product_tag?post=23703"}],"curies":[{"name":"wp","href":"https:\/\/api.w.org\/{rel}","templated":true}]}}