{"id":23658,"date":"2024-03-01T16:49:10","date_gmt":"2024-03-01T15:49:10","guid":{"rendered":"https:\/\/u15jnbdpoq.preview.infomaniak.website\/produit\/50-bolsas-de-papel-kraft-navidad-70-40-x-200-mm\/"},"modified":"2026-03-12T16:41:37","modified_gmt":"2026-03-12T15:41:37","slug":"50-bolsas-de-papel-kraft-navidad-70-40-x-200-mm","status":"publish","type":"product","link":"https:\/\/www.csj-emballages.com\/es\/produit\/50-bolsas-de-papel-kraft-navidad-70-40-x-200-mm\/","title":{"rendered":"Bolsas de papel de Navidad \u00abKraft Christmas\u00bb 70 + 40 x 200 mm, paquete de 50"},"content":{"rendered":"<div style=\"box-sizing: inherit; font-family: Roboto, sans-serif;\">\n<div style=\"box-sizing: inherit; font-family: Roboto, sans-serif;\">\n<div style=\"box-sizing: inherit; font-family: Roboto, sans-serif;\">\n<div style=\"box-sizing: inherit; font-family: Roboto, sans-serif;\">\n<div style=\"box-sizing: inherit; font-family: Roboto, sans-serif;\">\n<div style=\"box-sizing: inherit; font-family: Roboto, sans-serif;\">\n<div style=\"box-sizing: inherit; font-family: Roboto, sans-serif;\">\n<div style=\"box-sizing: inherit; font-family: Roboto, sans-serif;\">\n<div style=\"box-sizing: inherit; font-family: Roboto, sans-serif;\">\n<div style=\"box-sizing: inherit; font-family: Roboto, sans-serif;\">\n<div style=\"box-sizing: inherit; font-family: Roboto, sans-serif;\">\n<div style=\"box-sizing: inherit; font-family: Roboto, sans-serif;\">\n<div style=\"box-sizing: inherit; font-family: Roboto, sans-serif;\">\n<div class=\"flex flex-grow flex-col max-w-full\">\n<div class=\"min-h-[20px] text-message flex flex-col items-start whitespace-pre-wrap break-words [.text-message+&amp;]:mt-5 juice:w-full juice:items-end overflow-x-auto gap-2\" dir=\"auto\" data-message-author-role=\"assistant\" data-message-id=\"2034782e-88f9-44ef-b4dc-07dd7bf0115f\">\n<div class=\"flex w-full flex-col gap-1 juice:empty:hidden juice:first:pt-[3px]\">\n<div class=\"markdown prose w-full break-words dark:prose-invert light\">\n<div style=\"box-sizing: inherit; font-family: Roboto, sans-serif;\">\n<div style=\"box-sizing: inherit; font-family: Roboto, sans-serif;\">\n<div style=\"box-sizing: inherit; font-family: Roboto, sans-serif;\">\n<div style=\"box-sizing: inherit; font-family: Roboto, sans-serif;\">\n<div style=\"box-sizing: inherit; font-family: Roboto, sans-serif;\">\n<div style=\"box-sizing: inherit; font-family: Roboto, sans-serif;\">\n<div style=\"box-sizing: inherit; font-family: Roboto, sans-serif;\">\n<div style=\"box-sizing: inherit; font-family: Roboto, sans-serif;\">\n<div style=\"box-sizing: inherit; font-family: Roboto, sans-serif;\">\n<div style=\"box-sizing: inherit; font-family: Roboto, sans-serif;\">\n<div style=\"box-sizing: inherit; font-family: Roboto, sans-serif;\">\n<div style=\"box-sizing: inherit; font-family: Roboto, sans-serif;\">\n<div style=\"box-sizing: inherit; font-family: Roboto, sans-serif;\">\n<div style=\"box-sizing: inherit; font-family: Roboto, sans-serif;\">\n<div style=\"box-sizing: inherit; font-family: Roboto, sans-serif;\">\n<div style=\"box-sizing: inherit; font-family: Roboto, sans-serif;\">\n<div style=\"box-sizing: inherit; font-family: Roboto, sans-serif;\">\n<div style=\"box-sizing: inherit; font-family: Roboto, sans-serif;\">\n<div style=\"box-sizing: inherit; font-family: Roboto, sans-serif;\">\n<div class=\"flex flex-grow flex-col max-w-full\">\n<div class=\"min-h-[20px] text-message flex flex-col items-start whitespace-pre-wrap break-words [.text-message+&amp;]:mt-5 juice:w-full juice:items-end overflow-x-auto gap-2\" dir=\"auto\" data-message-author-role=\"assistant\" data-message-id=\"2034782e-88f9-44ef-b4dc-07dd7bf0115f\">\n<div class=\"flex w-full flex-col gap-1 juice:empty:hidden juice:first:pt-[3px]\">\n<div class=\"markdown prose w-full break-words dark:prose-invert light\">\n<div style=\"box-sizing: inherit; font-family: Roboto, sans-serif;\">\n<div style=\"box-sizing: inherit; font-family: Roboto, sans-serif;\">\n<div style=\"box-sizing: inherit; font-family: Roboto, sans-serif;\">\n<div style=\"box-sizing: inherit; font-family: Roboto, sans-serif;\">\n<div style=\"box-sizing: inherit; font-family: Roboto, sans-serif;\">\n<div style=\"box-sizing: inherit; font-family: Roboto, sans-serif;\">\n<h2>Dulces navide\u00f1os<\/h2>\n<div style=\"box-sizing: inherit; font-family: Roboto, sans-serif;\">\n<div style=\"box-sizing: inherit; font-family: Roboto, sans-serif;\">\n<div style=\"box-sizing: inherit; font-family: Roboto, sans-serif;\">\n<div style=\"text-align: center;\">\n<div style=\"box-sizing: inherit; font-family: Roboto, sans-serif;\">\n<div style=\"box-sizing: inherit; font-family: Roboto, sans-serif;\">\n<div style=\"box-sizing: inherit; font-family: Roboto, sans-serif;\">\n<div style=\"box-sizing: inherit; font-family: Roboto, sans-serif;\">\n<div style=\"box-sizing: inherit; font-family: Roboto, sans-serif;\">\n<div style=\"box-sizing: inherit; font-family: Roboto, sans-serif; text-align: left;\">\n<hr>\n<h3 style=\"text-align: left;\">Descripci\u00f3n de nuestra bolsa de papel para dulces navide\u00f1os \u00abKraft No\u00ebl\u00bb 70 + 40 x 200 mm por 50<\/h3>\n<h3 style=\"text-align: left;\"><!--more--><\/h3>\n<\/div>\n<\/div>\n<\/div>\n<\/div>\n<\/div>\n<\/div>\n<\/div>\n<\/div>\n<\/div>\n<\/div>\n<\/div>\n<\/div>\n<\/div>\n<\/div>\n<\/div>\n<\/div>\n<\/div>\n<\/div>\n<\/div>\n<\/div>\n<\/div>\n<\/div>\n<\/div>\n<\/div>\n<\/div>\n<\/div>\n<\/div>\n<\/div>\n<\/div>\n<\/div>\n<\/div>\n<\/div>\n<\/div>\n<div style=\"box-sizing: inherit; font-family: Roboto, sans-serif;\">\n<div style=\"box-sizing: inherit; font-family: Roboto, sans-serif;\">\n<div style=\"box-sizing: inherit; font-family: Roboto, sans-serif;\">\n<div style=\"box-sizing: inherit; font-family: Roboto, sans-serif;\">\n<div style=\"box-sizing: inherit; font-family: Roboto, sans-serif;\">\n<div style=\"box-sizing: inherit; font-family: Roboto, sans-serif;\">\n<div style=\"box-sizing: inherit; font-family: Roboto, sans-serif;\">\n<div style=\"box-sizing: inherit; font-family: Roboto, sans-serif;\">\n<div style=\"box-sizing: inherit; font-family: Roboto, sans-serif;\">\n<div style=\"box-sizing: inherit; font-family: Roboto, sans-serif;\">\n<div style=\"box-sizing: inherit; font-family: Roboto, sans-serif;\">\n<div style=\"box-sizing: inherit; font-family: Roboto, sans-serif;\">\n<div style=\"box-sizing: inherit; font-family: Roboto, sans-serif;\">\n<div class=\"flex flex-grow flex-col max-w-full\">\n<div class=\"min-h-[20px] text-message flex flex-col items-start whitespace-pre-wrap break-words [.text-message+&amp;]:mt-5 juice:w-full juice:items-end overflow-x-auto gap-2\" dir=\"auto\" data-message-author-role=\"assistant\" data-message-id=\"2034782e-88f9-44ef-b4dc-07dd7bf0115f\">\n<div class=\"flex w-full flex-col gap-1 juice:empty:hidden juice:first:pt-[3px]\">\n<div class=\"markdown prose w-full break-words dark:prose-invert light\">\n<div style=\"box-sizing: inherit; font-family: Roboto, sans-serif;\">\n<div style=\"box-sizing: inherit; font-family: Roboto, sans-serif;\">\n<div style=\"box-sizing: inherit; font-family: Roboto, sans-serif;\">\n<div style=\"box-sizing: inherit; font-family: Roboto, sans-serif;\">\n<div style=\"box-sizing: inherit; font-family: Roboto, sans-serif;\">\n<div style=\"box-sizing: inherit; font-family: Roboto, sans-serif;\">\n<p data-start=\"0\" data-end=\"603\">Prep\u00e1rese para las fiestas con estilo gracias a nuestra <strong data-start=\"89\" data-end=\"132\">bolsa navide\u00f1a de papel kraft para confiter\u00eda<\/strong> <strong>de 70 + 40 x 200 mm<\/strong> <strong>, que<\/strong> se vende en paquetes de <strong>50 unidades<\/strong>. Esta <strong data-start=\"167\" data-end=\"192\">bolsa para golosinas<\/strong> combina el encanto tradicional con la practicidad moderna para lucir todas sus golosinas. Con sus <strong data-start=\"294\" data-end=\"312\">motivos festivos<\/strong> en tonos c\u00e1lidos, aporta al instante un <strong data-start=\"364\" data-end=\"384\">aire alegre<\/strong> y elegante a sus creaciones. Tanto si es usted <strong data-start=\"429\" data-end=\"443\">galletero<\/strong>, <strong data-start=\"445\" data-end=\"460\">chocolatero<\/strong>, <strong data-start=\"462\" data-end=\"475\" data-is-only-node=\"\">pastelero<\/strong> o simplemente un goloso, esta bolsa ser\u00e1 su mejor aliada para realzar sus productos y deleitar a sus clientes.<\/p>\n<p data-start=\"605\" data-end=\"1030\">Adem\u00e1s de su aspecto refinado, esta <strong data-start=\"637\" data-end=\"651\">bolsa de<\/strong><strong> Navidad de papel kraft <\/strong>est\u00e1 dise\u00f1ada para facilitar su uso: una vez desplegada, se mantiene en pie por s\u00ed sola, incluso antes de llenarla. Esto ahorra tiempo durante el envasado y garantiza una presentaci\u00f3n impecable. Su ingeniosa forma permite envasar con seguridad los dulces m\u00e1s delicados, como <strong data-start=\"960\" data-end=\"971\">almendras garrapi\u00f1adas<\/strong>, <strong data-start=\"973\" data-end=\"984\">turrones<\/strong> o <strong data-start=\"988\" data-end=\"1000\">galletas<\/strong>, sin riesgo de da\u00f1arlos.<\/p>\n<p data-start=\"1032\" data-end=\"1400\">Por supuesto, esta <strong>bolsa para dulces navide\u00f1os<\/strong> es <strong data-start=\"1059\" data-end=\"1090\">apta para el contacto con alimentos<\/strong>, lo que garantiza una higiene perfecta y la conservaci\u00f3n de los sabores. Su textura kraft, a la vez resistente y natural, encarna un compromiso ecol\u00f3gico apreciado por los consumidores. Asimismo, el formato <strong>de 70 + 40 x 200 mm<\/strong> es ideal para porciones generosas que sigan siendo pr\u00e1cticas para llevar encima o regalar.<\/p>\n<p data-start=\"1402\" data-end=\"1789\">Al elegir esta <strong data-start=\"1420\" data-end=\"1453\">bolsa Kraft para dulces navide\u00f1os<\/strong>, combinar\u00e1 est\u00e9tica y funcionalidad. Se est\u00e1 convirtiendo en el envase imprescindible para sus ventas de fin de a\u00f1o, mercadillos navide\u00f1os y regalos gourmet. En resumen, <strong>sublime sus creaciones<\/strong> y deje que su arte se exprese para celebrar estos momentos de felicidad, al tiempo que ofrece a sus clientes una experiencia visual y gustativa inolvidable.<\/p>\n<p data-start=\"1402\" data-end=\"1789\">\n<p><!--more--><\/p>\n<h4 style=\"text-align: left;\">Ventajas :<\/h4>\n<ul style=\"text-align: left;\">\n<li><strong data-start=\"2013\" data-end=\"2030\">Un dise\u00f1o festivo<\/strong> que exhibe galletas, chocolates y confiter\u00eda.<\/li>\n<li><strong data-start=\"2089\" data-end=\"2115\">Bolsa SOS autoportante<\/strong>, f\u00e1cil de llenar.<\/li>\n<li><strong data-start=\"2146\" data-end=\"2177\">Apto para el contacto con alimentos<\/strong> e higi\u00e9nico.<\/li>\n<li><strong data-start=\"2211\" data-end=\"2227\">Formato ideal<\/strong> para rebajas, regalos o mercadillos navide\u00f1os.<\/li>\n<li><strong data-start=\"2280\" data-end=\"2297\">Robusto<\/strong> papel <strong data-start=\"2280\" data-end=\"2297\">kraft<\/strong> con un aspecto natural y elegante.<\/li>\n<\/ul>\n<\/div>\n<\/div>\n<\/div>\n<\/div>\n<\/div>\n<\/div>\n<\/div>\n<\/div>\n<\/div>\n<\/div>\n<\/div>\n<\/div>\n<p>&nbsp;<\/p>\n<\/div>\n<\/div>\n<\/div>\n<\/div>\n<\/div>\n<\/div>\n<\/div>\n<\/div>\n<\/div>\n<\/div>\n<\/div>\n<p><!--more--><\/p>\n<h4>Informaci\u00f3n adicional :<\/h4>\n<ul style=\"box-sizing: inherit; font-family: Roboto, sans-serif;\">\n<li><strong>Envase<\/strong>: Paquete de 50<\/li>\n<li><span style=\"font-weight: bold;\">Dimensiones<\/span>: 70 + 40 x 200 mm<\/li>\n<li><strong>Material<\/strong>: Papel kraft \/ PP<\/li>\n<li><strong>Color<\/strong>: Kraft \/ Blanco<\/li>\n<\/ul>\n<p>&nbsp;<\/p>\n<p><!--more--><\/p>\n<p>Esta bolsa de Navidad tambi\u00e9n est\u00e1 disponible en un tama\u00f1o m\u00e1s grande: <span style=\"color: #d12727;\"><a style=\"color: #d12727;\" href=\"https:\/\/www.csj-emballages.com\/es\/produit\/50-bolsas-de-papel-kraft-navidad-85-50-x-240-mm\/\">85 x 50 x 240 mm<\/a><\/span><\/p>\n<p>&nbsp;<\/p>\n<p><!--more--><\/p>\n<p><a href=\"https:\/\/www.csj-emballages.com\/es\/categorie-produit\/envasado-de-alimentos\/panaderia-y-pasteleria\/bolsas-sobres-y-papel\/bolsas-para-golosinas\/bolsas-tematicas\/bolsas-de-navidad\/\">Ver el resto de nuestra gama de bolsas de Navidad<\/a><\/p>\n<\/div>\n<\/div>\n<\/div>\n<\/div>\n<\/div>\n<\/div>\n<\/div>\n<\/div>\n<\/div>\n<\/div>\n<\/div>\n<\/div>\n<\/div>\n<\/div>\n<\/div>\n<\/div>\n<\/div>\n<\/div>\n<\/div>\n<\/div>\n<\/div>\n<\/div>\n<\/div>\n","protected":false},"excerpt":{"rendered":"<p>Dulces navide\u00f1os Descripci\u00f3n de nuestra bolsa de papel para dulces navide\u00f1os \u00abKraft No\u00ebl\u00bb 70 + 40 x 200 mm por 50<\/p>\n","protected":false},"featured_media":243618,"template":"","meta":{"_acf_changed":false},"product_brand":[],"product_cat":[1150,1145,1660,3403,3520,3527],"product_tag":[],"class_list":{"0":"post-23658","1":"product","2":"type-product","3":"status-publish","4":"has-post-thumbnail","6":"product_cat-envasado-de-alimentos","7":"product_cat-panaderia-y-pasteleria","8":"product_cat-bolsas-para-golosinas","9":"product_cat-bolsas-de-navidad","10":"product_cat-bolsas-de-papel","11":"product_cat-bolsas-de-papel-navidenas","13":"first","14":"instock","15":"taxable","16":"shipping-taxable","17":"purchasable","18":"product-type-simple"},"acf":[],"yoast_head":"<!-- This site is optimized with the Yoast SEO Premium plugin v26.6 (Yoast SEO v26.6) - https:\/\/yoast.com\/wordpress\/plugins\/seo\/ -->\n<title>Sachet Confiseries No\u00ebl Papel &quot;Kraft No\u00ebl&quot; 70 + 40 x 200 mm<\/title>\n<meta name=\"description\" content=\"Bolsita Kraft para dulces navide\u00f1os 70 + 40 x 200 mm, paquete de 50: envase festivo, resistente y en contacto con alimentos para realzar sus dulces.\" \/>\n<meta name=\"robots\" content=\"index, follow, max-snippet:-1, max-image-preview:large, max-video-preview:-1\" \/>\n<link rel=\"canonical\" href=\"https:\/\/www.csj-emballages.com\/es\/produit\/50-bolsas-de-papel-kraft-navidad-70-40-x-200-mm\/\" \/>\n<meta property=\"og:locale\" content=\"es_ES\" \/>\n<meta property=\"og:type\" content=\"article\" \/>\n<meta property=\"og:title\" content=\"Bolsa de Navidad SOS &quot;Kraft No\u00ebl&quot; 70 + 40 x 200 mm\" \/>\n<meta property=\"og:description\" content=\"Bolsa de Navidad de papel &quot;Kraft No\u00ebl&quot; (70 + 40 x 200 mm, paquete de 50): \u00a1un envoltorio festivo y ecol\u00f3gico para dulces y peque\u00f1os regalos!\" \/>\n<meta property=\"og:url\" content=\"https:\/\/www.csj-emballages.com\/es\/produit\/50-bolsas-de-papel-kraft-navidad-70-40-x-200-mm\/\" \/>\n<meta property=\"og:site_name\" content=\"CSJ Emballages\" \/>\n<meta property=\"article:publisher\" content=\"https:\/\/www.facebook.com\/csjemballages\" \/>\n<meta property=\"article:modified_time\" content=\"2026-03-12T15:41:37+00:00\" \/>\n<meta property=\"og:image\" content=\"https:\/\/www.csj-emballages.com\/wp-content\/uploads\/2024\/03\/SKRAFTNOELT1.webp\" \/>\n\t<meta property=\"og:image:width\" content=\"800\" \/>\n\t<meta property=\"og:image:height\" content=\"800\" \/>\n\t<meta property=\"og:image:type\" content=\"image\/webp\" \/>\n<meta name=\"twitter:card\" content=\"summary_large_image\" \/>\n<meta name=\"twitter:title\" content=\"Bolsa de Navidad SOS &quot;Kraft No\u00ebl&quot; 70 + 40 x 200 mm\" \/>\n<meta name=\"twitter:description\" content=\"Bolsa de Navidad de papel &quot;Kraft No\u00ebl&quot; (70 + 40 x 200 mm, paquete de 50): \u00a1un envoltorio festivo y ecol\u00f3gico para dulces y peque\u00f1os regalos!\" \/>\n<meta name=\"twitter:label1\" content=\"Tiempo de lectura\" \/>\n\t<meta name=\"twitter:data1\" content=\"2 minutos\" \/>\n<script type=\"application\/ld+json\" class=\"yoast-schema-graph\">{\"@context\":\"https:\/\/schema.org\",\"@graph\":[{\"@type\":\"WebPage\",\"@id\":\"https:\/\/www.csj-emballages.com\/es\/produit\/50-bolsas-de-papel-kraft-navidad-70-40-x-200-mm\/\",\"url\":\"https:\/\/www.csj-emballages.com\/es\/produit\/50-bolsas-de-papel-kraft-navidad-70-40-x-200-mm\/\",\"name\":\"Sachet Confiseries No\u00ebl Papel \\\"Kraft No\u00ebl\\\" 70 + 40 x 200 mm\",\"isPartOf\":{\"@id\":\"https:\/\/www.csj-emballages.com\/es\/#website\"},\"primaryImageOfPage\":{\"@id\":\"https:\/\/www.csj-emballages.com\/es\/produit\/50-bolsas-de-papel-kraft-navidad-70-40-x-200-mm\/#primaryimage\"},\"image\":{\"@id\":\"https:\/\/www.csj-emballages.com\/es\/produit\/50-bolsas-de-papel-kraft-navidad-70-40-x-200-mm\/#primaryimage\"},\"thumbnailUrl\":\"https:\/\/www.csj-emballages.com\/wp-content\/uploads\/2024\/03\/SKRAFTNOELT1.webp\",\"datePublished\":\"2024-03-01T15:49:10+00:00\",\"dateModified\":\"2026-03-12T15:41:37+00:00\",\"description\":\"Bolsita Kraft para dulces navide\u00f1os 70 + 40 x 200 mm, paquete de 50: envase festivo, resistente y en contacto con alimentos para realzar sus dulces.\",\"breadcrumb\":{\"@id\":\"https:\/\/www.csj-emballages.com\/es\/produit\/50-bolsas-de-papel-kraft-navidad-70-40-x-200-mm\/#breadcrumb\"},\"inLanguage\":\"es\",\"potentialAction\":[{\"@type\":\"ReadAction\",\"target\":[\"https:\/\/www.csj-emballages.com\/es\/produit\/50-bolsas-de-papel-kraft-navidad-70-40-x-200-mm\/\"]}]},{\"@type\":\"ImageObject\",\"inLanguage\":\"es\",\"@id\":\"https:\/\/www.csj-emballages.com\/es\/produit\/50-bolsas-de-papel-kraft-navidad-70-40-x-200-mm\/#primaryimage\",\"url\":\"https:\/\/www.csj-emballages.com\/wp-content\/uploads\/2024\/03\/SKRAFTNOELT1.webp\",\"contentUrl\":\"https:\/\/www.csj-emballages.com\/wp-content\/uploads\/2024\/03\/SKRAFTNOELT1.webp\",\"width\":800,\"height\":800,\"caption\":\"Sachet confiseries No\u00ebl\"},{\"@type\":\"BreadcrumbList\",\"@id\":\"https:\/\/www.csj-emballages.com\/es\/produit\/50-bolsas-de-papel-kraft-navidad-70-40-x-200-mm\/#breadcrumb\",\"itemListElement\":[{\"@type\":\"ListItem\",\"position\":1,\"name\":\"Accueil\",\"item\":\"https:\/\/www.csj-emballages.com\/es\/universo-del-envasado-alimentario\/\"},{\"@type\":\"ListItem\",\"position\":2,\"name\":\"Tienda\",\"item\":\"https:\/\/www.csj-emballages.com\/tienda\/\"},{\"@type\":\"ListItem\",\"position\":3,\"name\":\"Bolsas de papel de Navidad \u00ab\u00a0Kraft Christmas\u00a0\u00bb 70 + 40 x 200 mm, paquete de 50\"}]},{\"@type\":\"WebSite\",\"@id\":\"https:\/\/www.csj-emballages.com\/es\/#website\",\"url\":\"https:\/\/www.csj-emballages.com\/es\/\",\"name\":\"CSJ Emballages\",\"description\":\"\",\"publisher\":{\"@id\":\"https:\/\/www.csj-emballages.com\/es\/#organization\"},\"potentialAction\":[{\"@type\":\"SearchAction\",\"target\":{\"@type\":\"EntryPoint\",\"urlTemplate\":\"https:\/\/www.csj-emballages.com\/es\/?s={search_term_string}\"},\"query-input\":{\"@type\":\"PropertyValueSpecification\",\"valueRequired\":true,\"valueName\":\"search_term_string\"}}],\"inLanguage\":\"es\"},{\"@type\":\"Organization\",\"@id\":\"https:\/\/www.csj-emballages.com\/es\/#Organization\/\",\"name\":\"CSJ Emballages\",\"url\":\"https:\/\/www.csj-emballages.com\/es\/\",\"logo\":{\"@type\":\"ImageObject\",\"inLanguage\":\"es\",\"@id\":\"https:\/\/www.csj-emballages.com\/es\/#\/schema\/logo\/image\/\",\"url\":\"https:\/\/www.csj-emballages.com\/wp-content\/uploads\/2023\/10\/logo_csj.webp\",\"contentUrl\":\"https:\/\/www.csj-emballages.com\/wp-content\/uploads\/2023\/10\/logo_csj.webp\",\"width\":250,\"height\":95,\"caption\":\"CSJ Emballages\"},\"image\":{\"@id\":\"https:\/\/www.csj-emballages.com\/es\/#\/schema\/logo\/image\/\"},\"sameAs\":[\"https:\/\/www.facebook.com\/csjemballages\"],\"address\":{\"@type\":\"PostalAddress\",\"streetAddress\":\"ZI La Lechere\",\"addressLocality\":\"Patornay\",\"postalCode\":\"39130\",\"addressCountry\":\"FR\"},\"contactPoint\":[{\"@type\":\"ContactPoint\",\"contactType\":\"Service client\",\"telephone\":\"0384254272\",\"email\":\"contact@csj-emballages.com\"}]}]}<\/script>\n<!-- \/ Yoast SEO Premium plugin. -->","yoast_head_json":{"title":"Sachet Confiseries No\u00ebl Papel \"Kraft No\u00ebl\" 70 + 40 x 200 mm","description":"Bolsita Kraft para dulces navide\u00f1os 70 + 40 x 200 mm, paquete de 50: envase festivo, resistente y en contacto con alimentos para realzar sus dulces.","robots":{"index":"index","follow":"follow","max-snippet":"max-snippet:-1","max-image-preview":"max-image-preview:large","max-video-preview":"max-video-preview:-1"},"canonical":"https:\/\/www.csj-emballages.com\/es\/produit\/50-bolsas-de-papel-kraft-navidad-70-40-x-200-mm\/","og_locale":"es_ES","og_type":"article","og_title":"Bolsa de Navidad SOS \"Kraft No\u00ebl\" 70 + 40 x 200 mm","og_description":"Bolsa de Navidad de papel \"Kraft No\u00ebl\" (70 + 40 x 200 mm, paquete de 50): \u00a1un envoltorio festivo y ecol\u00f3gico para dulces y peque\u00f1os regalos!","og_url":"https:\/\/www.csj-emballages.com\/es\/produit\/50-bolsas-de-papel-kraft-navidad-70-40-x-200-mm\/","og_site_name":"CSJ Emballages","article_publisher":"https:\/\/www.facebook.com\/csjemballages","article_modified_time":"2026-03-12T15:41:37+00:00","og_image":[{"width":800,"height":800,"url":"https:\/\/www.csj-emballages.com\/wp-content\/uploads\/2024\/03\/SKRAFTNOELT1.webp","type":"image\/webp"}],"twitter_card":"summary_large_image","twitter_title":"Bolsa de Navidad SOS \"Kraft No\u00ebl\" 70 + 40 x 200 mm","twitter_description":"Bolsa de Navidad de papel \"Kraft No\u00ebl\" (70 + 40 x 200 mm, paquete de 50): \u00a1un envoltorio festivo y ecol\u00f3gico para dulces y peque\u00f1os regalos!","twitter_misc":{"Tiempo de lectura":"2 minutos"},"schema":{"@context":"https:\/\/schema.org","@graph":[{"@type":"WebPage","@id":"https:\/\/www.csj-emballages.com\/es\/produit\/50-bolsas-de-papel-kraft-navidad-70-40-x-200-mm\/","url":"https:\/\/www.csj-emballages.com\/es\/produit\/50-bolsas-de-papel-kraft-navidad-70-40-x-200-mm\/","name":"Sachet Confiseries No\u00ebl Papel \"Kraft No\u00ebl\" 70 + 40 x 200 mm","isPartOf":{"@id":"https:\/\/www.csj-emballages.com\/es\/#website"},"primaryImageOfPage":{"@id":"https:\/\/www.csj-emballages.com\/es\/produit\/50-bolsas-de-papel-kraft-navidad-70-40-x-200-mm\/#primaryimage"},"image":{"@id":"https:\/\/www.csj-emballages.com\/es\/produit\/50-bolsas-de-papel-kraft-navidad-70-40-x-200-mm\/#primaryimage"},"thumbnailUrl":"https:\/\/www.csj-emballages.com\/wp-content\/uploads\/2024\/03\/SKRAFTNOELT1.webp","datePublished":"2024-03-01T15:49:10+00:00","dateModified":"2026-03-12T15:41:37+00:00","description":"Bolsita Kraft para dulces navide\u00f1os 70 + 40 x 200 mm, paquete de 50: envase festivo, resistente y en contacto con alimentos para realzar sus dulces.","breadcrumb":{"@id":"https:\/\/www.csj-emballages.com\/es\/produit\/50-bolsas-de-papel-kraft-navidad-70-40-x-200-mm\/#breadcrumb"},"inLanguage":"es","potentialAction":[{"@type":"ReadAction","target":["https:\/\/www.csj-emballages.com\/es\/produit\/50-bolsas-de-papel-kraft-navidad-70-40-x-200-mm\/"]}]},{"@type":"ImageObject","inLanguage":"es","@id":"https:\/\/www.csj-emballages.com\/es\/produit\/50-bolsas-de-papel-kraft-navidad-70-40-x-200-mm\/#primaryimage","url":"https:\/\/www.csj-emballages.com\/wp-content\/uploads\/2024\/03\/SKRAFTNOELT1.webp","contentUrl":"https:\/\/www.csj-emballages.com\/wp-content\/uploads\/2024\/03\/SKRAFTNOELT1.webp","width":800,"height":800,"caption":"Sachet confiseries No\u00ebl"},{"@type":"BreadcrumbList","@id":"https:\/\/www.csj-emballages.com\/es\/produit\/50-bolsas-de-papel-kraft-navidad-70-40-x-200-mm\/#breadcrumb","itemListElement":[{"@type":"ListItem","position":1,"name":"Accueil","item":"https:\/\/www.csj-emballages.com\/es\/universo-del-envasado-alimentario\/"},{"@type":"ListItem","position":2,"name":"Tienda","item":"https:\/\/www.csj-emballages.com\/tienda\/"},{"@type":"ListItem","position":3,"name":"Bolsas de papel de Navidad \u00ab\u00a0Kraft Christmas\u00a0\u00bb 70 + 40 x 200 mm, paquete de 50"}]},{"@type":"WebSite","@id":"https:\/\/www.csj-emballages.com\/es\/#website","url":"https:\/\/www.csj-emballages.com\/es\/","name":"CSJ Emballages","description":"","publisher":{"@id":"https:\/\/www.csj-emballages.com\/es\/#organization"},"potentialAction":[{"@type":"SearchAction","target":{"@type":"EntryPoint","urlTemplate":"https:\/\/www.csj-emballages.com\/es\/?s={search_term_string}"},"query-input":{"@type":"PropertyValueSpecification","valueRequired":true,"valueName":"search_term_string"}}],"inLanguage":"es"},{"@type":"Organization","@id":"https:\/\/www.csj-emballages.com\/es\/#Organization\/","name":"CSJ Emballages","url":"https:\/\/www.csj-emballages.com\/es\/","logo":{"@type":"ImageObject","inLanguage":"es","@id":"https:\/\/www.csj-emballages.com\/es\/#\/schema\/logo\/image\/","url":"https:\/\/www.csj-emballages.com\/wp-content\/uploads\/2023\/10\/logo_csj.webp","contentUrl":"https:\/\/www.csj-emballages.com\/wp-content\/uploads\/2023\/10\/logo_csj.webp","width":250,"height":95,"caption":"CSJ Emballages"},"image":{"@id":"https:\/\/www.csj-emballages.com\/es\/#\/schema\/logo\/image\/"},"sameAs":["https:\/\/www.facebook.com\/csjemballages"],"address":{"@type":"PostalAddress","streetAddress":"ZI La Lechere","addressLocality":"Patornay","postalCode":"39130","addressCountry":"FR"},"contactPoint":[{"@type":"ContactPoint","contactType":"Service client","telephone":"0384254272","email":"contact@csj-emballages.com"}]}]}},"df_price":20.77,"df_sale_price":"","df_regular_price":20.77,"df_image_link":"https:\/\/www.csj-emballages.com\/wp-content\/uploads\/2024\/03\/SKRAFTNOELT1-300x300.webp","tiered_pricing_type":"fixed","tiered_pricing_fixed_rules":[],"tiered_pricing_percentage_rules":[],"tiered_pricing_minimum":1,"tiered_pricing_roles_data":[],"_links":{"self":[{"href":"https:\/\/www.csj-emballages.com\/es\/wp-json\/wp\/v2\/product\/23658","targetHints":{"allow":["GET"]}}],"collection":[{"href":"https:\/\/www.csj-emballages.com\/es\/wp-json\/wp\/v2\/product"}],"about":[{"href":"https:\/\/www.csj-emballages.com\/es\/wp-json\/wp\/v2\/types\/product"}],"wp:featuredmedia":[{"embeddable":true,"href":"https:\/\/www.csj-emballages.com\/es\/wp-json\/wp\/v2\/media\/243618"}],"wp:attachment":[{"href":"https:\/\/www.csj-emballages.com\/es\/wp-json\/wp\/v2\/media?parent=23658"}],"wp:term":[{"taxonomy":"product_brand","embeddable":true,"href":"https:\/\/www.csj-emballages.com\/es\/wp-json\/wp\/v2\/product_brand?post=23658"},{"taxonomy":"product_cat","embeddable":true,"href":"https:\/\/www.csj-emballages.com\/es\/wp-json\/wp\/v2\/product_cat?post=23658"},{"taxonomy":"product_tag","embeddable":true,"href":"https:\/\/www.csj-emballages.com\/es\/wp-json\/wp\/v2\/product_tag?post=23658"}],"curies":[{"name":"wp","href":"https:\/\/api.w.org\/{rel}","templated":true}]}}