{"id":23655,"date":"2024-03-01T16:49:08","date_gmt":"2024-03-01T15:49:08","guid":{"rendered":"https:\/\/u15jnbdpoq.preview.infomaniak.website\/produit\/50-tarros-de-pasta-de-carton-kraft-960-ml\/"},"modified":"2026-05-07T02:19:21","modified_gmt":"2026-05-07T00:19:21","slug":"50-tarros-de-pasta-de-carton-kraft-960-ml","status":"publish","type":"product","link":"https:\/\/www.csj-emballages.com\/es\/produit\/50-tarros-de-pasta-de-carton-kraft-960-ml\/","title":{"rendered":"Caja de pasta 960 ml caja de 50"},"content":{"rendered":"<h2><span style=\"font-family: Roboto, sans-serif;\">Caja de pasta<\/span><\/h2>\n<div style=\"box-sizing: inherit; font-family: Roboto, sans-serif;\">\n<div style=\"box-sizing: inherit; font-family: Roboto, sans-serif;\">\n<div style=\"box-sizing: inherit; font-family: Roboto, sans-serif;\">\n<div style=\"box-sizing: inherit; font-family: Roboto, sans-serif;\">\n<div style=\"box-sizing: inherit; font-family: Roboto, sans-serif;\">\n<div style=\"box-sizing: inherit; font-family: Roboto, sans-serif;\">\n<div style=\"box-sizing: inherit; font-family: Roboto, sans-serif;\">\n<div style=\"box-sizing: inherit; font-family: Roboto, sans-serif;\">\n<div style=\"box-sizing: inherit; font-family: Roboto, sans-serif;\">\n<div style=\"box-sizing: inherit; font-family: Roboto, sans-serif;\">\n<div style=\"box-sizing: inherit; font-family: Roboto, sans-serif;\">\n<div style=\"box-sizing: inherit; font-family: Roboto, sans-serif;\">\n<div style=\"box-sizing: inherit; font-family: Roboto, sans-serif;\">\n<div class=\"flex flex-grow flex-col max-w-full\">\n<div class=\"min-h-[20px] text-message flex flex-col items-start whitespace-pre-wrap break-words [.text-message+&amp;]:mt-5 juice:w-full juice:items-end overflow-x-auto gap-2\" dir=\"auto\" data-message-author-role=\"assistant\" data-message-id=\"2034782e-88f9-44ef-b4dc-07dd7bf0115f\">\n<div class=\"flex w-full flex-col gap-1 juice:empty:hidden juice:first:pt-[3px]\">\n<div class=\"markdown prose w-full break-words dark:prose-invert light\">\n<div style=\"box-sizing: inherit; font-family: Roboto, sans-serif;\">\n<div style=\"box-sizing: inherit; font-family: Roboto, sans-serif;\">\n<div style=\"box-sizing: inherit; font-family: Roboto, sans-serif;\">\n<div style=\"box-sizing: inherit; font-family: Roboto, sans-serif;\">\n<div style=\"box-sizing: inherit; font-family: Roboto, sans-serif;\">\n<div style=\"box-sizing: inherit; font-family: Roboto, sans-serif;\">\n<div style=\"box-sizing: inherit; font-family: Roboto, sans-serif;\">\n<div style=\"box-sizing: inherit; font-family: Roboto, sans-serif;\">\n<div style=\"box-sizing: inherit; font-family: Roboto, sans-serif;\">\n<div style=\"text-align: center;\">\n<div style=\"box-sizing: inherit; font-family: Roboto, sans-serif;\">\n<div style=\"box-sizing: inherit; font-family: Roboto, sans-serif;\">\n<div style=\"box-sizing: inherit; font-family: Roboto, sans-serif;\">\n<div style=\"box-sizing: inherit; font-family: Roboto, sans-serif;\">\n<div style=\"box-sizing: inherit; font-family: Roboto, sans-serif;\">\n<div style=\"box-sizing: inherit; font-family: Roboto, sans-serif; text-align: left;\">\n<hr>\n<h3 style=\"text-align: left;\">Descripci\u00f3n de nuestra Pasta caja cart\u00f3n 960 ml por 50<!--more--><\/h3>\n<\/div>\n<\/div>\n<\/div>\n<\/div>\n<\/div>\n<\/div>\n<\/div>\n<\/div>\n<\/div>\n<\/div>\n<\/div>\n<\/div>\n<\/div>\n<\/div>\n<\/div>\n<\/div>\n<\/div>\n<\/div>\n<\/div>\n<\/div>\n<\/div>\n<\/div>\n<\/div>\n<\/div>\n<\/div>\n<\/div>\n<\/div>\n<\/div>\n<\/div>\n<\/div>\n<\/div>\n<\/div>\n<\/div>\n<p>El <strong>Pasta Box<\/strong> de <strong>cart\u00f3n<\/strong> <strong>de 960<\/strong> ml, vendido en paquetes de <strong>50 unidades<\/strong>, es el aliado ideal para los restauradores. Dise\u00f1ada para satisfacer las necesidades de transporte y presentaci\u00f3n de platos de pasta, esta <strong>Caja para Pasta<\/strong> es a la vez pr\u00e1ctica y atractiva. Con una generosa capacidad de <strong>960 ml<\/strong>, puede contener porciones abundantes para satisfacer los gustos de los amantes de la comida italiana.  <\/p>\n<p>Fabricada en cart\u00f3n resistente, esta <strong>lata para pasta<\/strong> ofrece una excelente resistencia a salsas y aceites. Ayuda a mantener los platos calientes durante m\u00e1s tiempo, lo que es esencial para un disfrute \u00f3ptimo. Los platos de pasta servidos en esta <strong>caja<\/strong> conservan todo su sabor y textura. Gracias a su cierre herm\u00e9tico, los alimentos se mantienen en su sitio y no hay riesgo de que se derramen.   <\/p>\n<p>&nbsp;<\/p>\n<p><!--more--><\/p>\n<h4>\u00bfPor qu\u00e9 utilizar nuestra <strong>caja para pasta<\/strong>?<\/h4>\n<p>El uso de esta <strong>caja para pasta<\/strong> simplifica el transporte de los platos. Tanto para llevar como para entregar, cumple todos los requisitos de practicidad y seguridad alimentaria. Adem\u00e1s, est\u00e1 fabricado con cart\u00f3n reciclable, lo que supone una soluci\u00f3n respetuosa con el medio ambiente. De este modo, cada <strong>caja para pasta<\/strong> contribuye a reducir la huella de carbono al tiempo que ofrece una opci\u00f3n sostenible y responsable.   <\/p>\n<p>Adem\u00e1s, su dise\u00f1o sobrio se adapta f\u00e1cilmente a todos los estilos de catering. Tanto si eres hostelero, restaurador o responsable de un food truck, esta <strong>caja para pasta<\/strong> te permitir\u00e1 lucir tus creaciones culinarias. Su superficie de cart\u00f3n es ideal para aplicar pegatinas o logotipos, para que pueda personalizar cada <strong>caja de pasta<\/strong> y reforzar la imagen de su marca.  <\/p>\n<p>&nbsp;<\/p>\n<p><!--more--><\/p>\n<div style=\"box-sizing: inherit; font-family: Roboto, sans-serif;\">\n<div style=\"box-sizing: inherit; font-family: Roboto, sans-serif;\">\n<div style=\"box-sizing: inherit; font-family: Roboto, sans-serif;\">\n<div style=\"box-sizing: inherit; font-family: Roboto, sans-serif;\">\n<div style=\"box-sizing: inherit; font-family: Roboto, sans-serif;\">\n<div style=\"box-sizing: inherit; font-family: Roboto, sans-serif;\">\n<div style=\"box-sizing: inherit; font-family: Roboto, sans-serif;\">\n<div style=\"box-sizing: inherit; font-family: Roboto, sans-serif;\">\n<div style=\"box-sizing: inherit; font-family: Roboto, sans-serif;\">\n<div style=\"box-sizing: inherit; font-family: Roboto, sans-serif;\">\n<div style=\"box-sizing: inherit; font-family: Roboto, sans-serif;\">\n<div style=\"box-sizing: inherit; font-family: Roboto, sans-serif;\">\n<div style=\"box-sizing: inherit; font-family: Roboto, sans-serif;\">\n<div class=\"flex flex-grow flex-col max-w-full\">\n<div class=\"min-h-[20px] text-message flex flex-col items-start whitespace-pre-wrap break-words [.text-message+&amp;]:mt-5 juice:w-full juice:items-end overflow-x-auto gap-2\" dir=\"auto\" data-message-author-role=\"assistant\" data-message-id=\"2034782e-88f9-44ef-b4dc-07dd7bf0115f\">\n<div class=\"flex w-full flex-col gap-1 juice:empty:hidden juice:first:pt-[3px]\">\n<div class=\"markdown prose w-full break-words dark:prose-invert light\">\n<div style=\"box-sizing: inherit; font-family: Roboto, sans-serif;\">\n<div style=\"box-sizing: inherit; font-family: Roboto, sans-serif;\">\n<div style=\"box-sizing: inherit; font-family: Roboto, sans-serif;\">\n<div style=\"box-sizing: inherit; font-family: Roboto, sans-serif;\">\n<div style=\"box-sizing: inherit; font-family: Roboto, sans-serif;\">\n<div style=\"box-sizing: inherit; font-family: Roboto, sans-serif;\">\n<p>La <strong>Caja de Pasta<\/strong> <strong>de 960<\/strong> ml es tan pr\u00e1ctica como econ\u00f3mica. Se vende en paquetes de <strong>50<\/strong> unidades y ofrece una relaci\u00f3n calidad-precio inmejorable. Es una elecci\u00f3n acertada para los profesionales que buscan controlar los costes sin renunciar a la calidad. Los clientes tambi\u00e9n aprecian esta <strong>caja para<\/strong> pasta, que es f\u00e1cil de manejar y permite disfrutar de la pasta directamente del envase.   <\/p>\n<p>Por \u00faltimo, este <strong>molde para pasta<\/strong> es ideal para una gran variedad de platos. Puede contener no s\u00f3lo espaguetis, sino tambi\u00e9n penne, raviolis y mucho m\u00e1s. Este formato vers\u00e1til satisface las variadas necesidades de los restauradores que desean ofrecer una amplia gama de platos.  <\/p>\n<p>En definitiva, la <strong>Caja de Pasta<\/strong> de <strong>cart\u00f3n de 960 ml<\/strong> es la elecci\u00f3n perfecta para cualquier profesional de la restauraci\u00f3n. Duradera, pr\u00e1ctica y est\u00e9ticamente neutra, se integra en cualquier entorno al tiempo que garantiza una agradable experiencia al cliente. Adopte ya este<b> Pasta Box<\/b> y ofrezca a sus clientes una soluci\u00f3n de transporte pr\u00e1ctica, ecol\u00f3gica y econ\u00f3mica.  <\/p>\n<p>&nbsp;<\/p>\n<p><!--more--><\/p>\n<h4 style=\"text-align: left;\"><strong>Las ventajas de nuestra <\/strong>caja Pasta <strong>960 ml<\/strong> por 50 <strong>:<\/strong><\/h4>\n<\/div>\n<\/div>\n<\/div>\n<\/div>\n<\/div>\n<\/div>\n<\/div>\n<\/div>\n<\/div>\n<\/div>\n<\/div>\n<\/div>\n<ul>\n<li><strong>Gran capacidad<\/strong>: Con una capacidad de <strong>960 ml<\/strong>, este <strong>molde para pasta<\/strong> es perfecto para porciones generosas y una gran variedad de platos.<\/li>\n<li><strong>Robusto y resistente<\/strong>: fabricado con cart\u00f3n grueso, es resistente a salsas, aceites y al calor, lo que garantiza un transporte seguro y sin fugas.<\/li>\n<li><strong>Se mantiene caliente<\/strong>: Gracias a sus propiedades aislantes, esta <strong>lata para pasta<\/strong> mantiene los platos calientes durante m\u00e1s tiempo, garantizando un disfrute \u00f3ptimo incluso en el momento de la entrega.<\/li>\n<li><strong>Respetuoso con el medio ambiente<\/strong>: fabricado con cart\u00f3n reciclable, <strong>el Pasta Box<\/strong> es una soluci\u00f3n sostenible que ayuda a los restaurantes a reducir su impacto medioambiental.<\/li>\n<li><strong>Cierre seguro<\/strong>: Su dise\u00f1o garantiza un cierre seguro, manteniendo los alimentos en su sitio y evitando que se derramen durante el transporte.<\/li>\n<\/ul>\n<p>&nbsp;<\/p>\n<p><!--more--><\/p>\n<\/div>\n<\/div>\n<\/div>\n<\/div>\n<\/div>\n<\/div>\n<\/div>\n<\/div>\n<\/div>\n<\/div>\n<\/div>\n<h4>Otra informaci\u00f3n sobre este producto:<\/h4>\n<ul style=\"box-sizing: inherit; font-family: Roboto, sans-serif;\">\n<li><strong>Envase<\/strong>: Paquete de 50<\/li>\n<li><b>Volumen <\/b>: 960 ml<\/li>\n<li><strong>Dimensiones<\/strong>: 95 x 117 (di\u00e1metro x altura en mm)<\/li>\n<li><strong>Material<\/strong>: Cart\u00f3n<\/li>\n<\/ul>\n<p>&nbsp;<\/p>\n<p><!--more--><\/p>\n<p>Haga clic aqu\u00ed para ver los diferentes tama\u00f1os disponibles para este producto: <span style=\"color: #d12727;\"><a style=\"color: #d12727;\" href=\"https:\/\/www.csj-emballages.com\/pt-pt\/produit\/50-frascos-de-cartao-kraft-para-massas-480-ml\/\">480 ml<\/a><\/span> \/ <span style=\"color: #d12727;\"><a style=\"color: #d12727;\" href=\"https:\/\/www.csj-emballages.com\/pt-pt\/produit\/50-frascos-de-cartao-kraft-para-massas-780-ml\/\">780 ml<\/a><\/span><\/p>\n<p>&nbsp;<\/p>\n<p><!--more--><\/p>\n<p><a href=\"\/?product_cat=pot-a-pates\">Ver el resto de nuestra gama de cajas para pasta  <\/a><\/p>\n","protected":false},"excerpt":{"rendered":"<p>Caja de pasta Descripci\u00f3n de nuestra Pasta caja cart\u00f3n 960 ml por 50<\/p>\n","protected":false},"featured_media":164433,"template":"","meta":{"_acf_changed":false},"product_brand":[],"product_cat":[1150,1179,2429,3519],"product_tag":[],"class_list":{"0":"post-23655","1":"product","2":"type-product","3":"status-publish","4":"has-post-thumbnail","6":"product_cat-envasado-de-alimentos","7":"product_cat-catering-es","8":"product_cat-conos-y-ollas-de-pasta-envoltura-maiz","9":"product_cat-ollas-para-pasta","11":"first","12":"instock","13":"taxable","14":"shipping-taxable","15":"purchasable","16":"product-type-simple"},"acf":[],"yoast_head":"<!-- This site is optimized with the Yoast SEO Premium plugin v26.6 (Yoast SEO v26.6) - https:\/\/yoast.com\/wordpress\/plugins\/seo\/ -->\n<title>Caja de pasta en cart\u00f3n - 960 ml<\/title>\n<meta name=\"description\" content=\"Descubra la Pasta Box de cart\u00f3n de 960 ml en paquetes de 50 unidades, ideal para transportar sus platos de pasta de forma segura y respetuosa con el medio ambiente.\" \/>\n<meta name=\"robots\" content=\"index, follow, max-snippet:-1, max-image-preview:large, max-video-preview:-1\" \/>\n<link rel=\"canonical\" href=\"https:\/\/www.csj-emballages.com\/es\/produit\/50-tarros-de-pasta-de-carton-kraft-960-ml\/\" \/>\n<meta property=\"og:locale\" content=\"es_ES\" \/>\n<meta property=\"og:type\" content=\"article\" \/>\n<meta property=\"og:title\" content=\"Caja de pasta en cart\u00f3n - 960 ml\" \/>\n<meta property=\"og:description\" content=\"Descubra la Pasta Box de cart\u00f3n de 960 ml en paquetes de 50 unidades, ideal para transportar sus platos de pasta de forma segura y respetuosa con el medio ambiente.\" \/>\n<meta property=\"og:url\" content=\"https:\/\/www.csj-emballages.com\/es\/produit\/50-tarros-de-pasta-de-carton-kraft-960-ml\/\" \/>\n<meta property=\"og:site_name\" content=\"CSJ Emballages\" \/>\n<meta property=\"article:publisher\" content=\"https:\/\/www.facebook.com\/csjemballages\" \/>\n<meta property=\"article:modified_time\" content=\"2026-05-07T00:19:21+00:00\" \/>\n<meta property=\"og:image\" content=\"https:\/\/www.csj-emballages.com\/wp-content\/uploads\/2024\/03\/Capture-decran-2024-11-12-a-11.31.52-Photoroom-png-e1731408249935.webp\" \/>\n\t<meta property=\"og:image:width\" content=\"600\" \/>\n\t<meta property=\"og:image:height\" content=\"600\" \/>\n\t<meta property=\"og:image:type\" content=\"image\/png\" \/>\n<meta name=\"twitter:card\" content=\"summary_large_image\" \/>\n<meta name=\"twitter:title\" content=\"Caja de pasta en cart\u00f3n - 960 ml\" \/>\n<meta name=\"twitter:description\" content=\"Descubra la Pasta Box de cart\u00f3n de 960 ml en paquetes de 50 unidades, ideal para transportar sus platos de pasta de forma segura y respetuosa con el medio ambiente.\" \/>\n<meta name=\"twitter:label1\" content=\"Tiempo de lectura\" \/>\n\t<meta name=\"twitter:data1\" content=\"3 minutos\" \/>\n<script type=\"application\/ld+json\" class=\"yoast-schema-graph\">{\"@context\":\"https:\/\/schema.org\",\"@graph\":[{\"@type\":\"WebPage\",\"@id\":\"https:\/\/www.csj-emballages.com\/es\/produit\/50-tarros-de-pasta-de-carton-kraft-960-ml\/\",\"url\":\"https:\/\/www.csj-emballages.com\/es\/produit\/50-tarros-de-pasta-de-carton-kraft-960-ml\/\",\"name\":\"Caja de pasta en cart\u00f3n - 960 ml\",\"isPartOf\":{\"@id\":\"https:\/\/www.csj-emballages.com\/es\/#website\"},\"primaryImageOfPage\":{\"@id\":\"https:\/\/www.csj-emballages.com\/es\/produit\/50-tarros-de-pasta-de-carton-kraft-960-ml\/#primaryimage\"},\"image\":{\"@id\":\"https:\/\/www.csj-emballages.com\/es\/produit\/50-tarros-de-pasta-de-carton-kraft-960-ml\/#primaryimage\"},\"thumbnailUrl\":\"https:\/\/www.csj-emballages.com\/wp-content\/uploads\/2024\/03\/Capture-decran-2024-11-12-a-11.31.52-Photoroom-png-e1731408249935.webp\",\"datePublished\":\"2024-03-01T15:49:08+00:00\",\"dateModified\":\"2026-05-07T00:19:21+00:00\",\"description\":\"Descubra la Pasta Box de cart\u00f3n de 960 ml en paquetes de 50 unidades, ideal para transportar sus platos de pasta de forma segura y respetuosa con el medio ambiente.\",\"breadcrumb\":{\"@id\":\"https:\/\/www.csj-emballages.com\/es\/produit\/50-tarros-de-pasta-de-carton-kraft-960-ml\/#breadcrumb\"},\"inLanguage\":\"es\",\"potentialAction\":[{\"@type\":\"ReadAction\",\"target\":[\"https:\/\/www.csj-emballages.com\/es\/produit\/50-tarros-de-pasta-de-carton-kraft-960-ml\/\"]}]},{\"@type\":\"ImageObject\",\"inLanguage\":\"es\",\"@id\":\"https:\/\/www.csj-emballages.com\/es\/produit\/50-tarros-de-pasta-de-carton-kraft-960-ml\/#primaryimage\",\"url\":\"https:\/\/www.csj-emballages.com\/wp-content\/uploads\/2024\/03\/Capture-decran-2024-11-12-a-11.31.52-Photoroom-png-e1731408249935.webp\",\"contentUrl\":\"https:\/\/www.csj-emballages.com\/wp-content\/uploads\/2024\/03\/Capture-decran-2024-11-12-a-11.31.52-Photoroom-png-e1731408249935.webp\",\"width\":600,\"height\":600,\"caption\":\"Pasta box\"},{\"@type\":\"BreadcrumbList\",\"@id\":\"https:\/\/www.csj-emballages.com\/es\/produit\/50-tarros-de-pasta-de-carton-kraft-960-ml\/#breadcrumb\",\"itemListElement\":[{\"@type\":\"ListItem\",\"position\":1,\"name\":\"Accueil\",\"item\":\"https:\/\/www.csj-emballages.com\/es\/universo-del-envasado-alimentario\/\"},{\"@type\":\"ListItem\",\"position\":2,\"name\":\"Tienda\",\"item\":\"https:\/\/www.csj-emballages.com\/tienda\/\"},{\"@type\":\"ListItem\",\"position\":3,\"name\":\"Caja de pasta 960 ml caja de 50\"}]},{\"@type\":\"WebSite\",\"@id\":\"https:\/\/www.csj-emballages.com\/es\/#website\",\"url\":\"https:\/\/www.csj-emballages.com\/es\/\",\"name\":\"CSJ Emballages\",\"description\":\"\",\"publisher\":{\"@id\":\"https:\/\/www.csj-emballages.com\/es\/#organization\"},\"potentialAction\":[{\"@type\":\"SearchAction\",\"target\":{\"@type\":\"EntryPoint\",\"urlTemplate\":\"https:\/\/www.csj-emballages.com\/es\/?s={search_term_string}\"},\"query-input\":{\"@type\":\"PropertyValueSpecification\",\"valueRequired\":true,\"valueName\":\"search_term_string\"}}],\"inLanguage\":\"es\"},{\"@type\":\"Organization\",\"@id\":\"https:\/\/www.csj-emballages.com\/es\/#Organization\/\",\"name\":\"CSJ Emballages\",\"url\":\"https:\/\/www.csj-emballages.com\/es\/\",\"logo\":{\"@type\":\"ImageObject\",\"inLanguage\":\"es\",\"@id\":\"https:\/\/www.csj-emballages.com\/es\/#\/schema\/logo\/image\/\",\"url\":\"https:\/\/www.csj-emballages.com\/wp-content\/uploads\/2023\/10\/logo_csj.webp\",\"contentUrl\":\"https:\/\/www.csj-emballages.com\/wp-content\/uploads\/2023\/10\/logo_csj.webp\",\"width\":250,\"height\":95,\"caption\":\"CSJ Emballages\"},\"image\":{\"@id\":\"https:\/\/www.csj-emballages.com\/es\/#\/schema\/logo\/image\/\"},\"sameAs\":[\"https:\/\/www.facebook.com\/csjemballages\"],\"address\":{\"@type\":\"PostalAddress\",\"streetAddress\":\"ZI La Lechere\",\"addressLocality\":\"Patornay\",\"postalCode\":\"39130\",\"addressCountry\":\"FR\"},\"contactPoint\":[{\"@type\":\"ContactPoint\",\"contactType\":\"Service client\",\"telephone\":\"0384254272\",\"email\":\"contact@csj-emballages.com\"}]}]}<\/script>\n<!-- \/ Yoast SEO Premium plugin. -->","yoast_head_json":{"title":"Caja de pasta en cart\u00f3n - 960 ml","description":"Descubra la Pasta Box de cart\u00f3n de 960 ml en paquetes de 50 unidades, ideal para transportar sus platos de pasta de forma segura y respetuosa con el medio ambiente.","robots":{"index":"index","follow":"follow","max-snippet":"max-snippet:-1","max-image-preview":"max-image-preview:large","max-video-preview":"max-video-preview:-1"},"canonical":"https:\/\/www.csj-emballages.com\/es\/produit\/50-tarros-de-pasta-de-carton-kraft-960-ml\/","og_locale":"es_ES","og_type":"article","og_title":"Caja de pasta en cart\u00f3n - 960 ml","og_description":"Descubra la Pasta Box de cart\u00f3n de 960 ml en paquetes de 50 unidades, ideal para transportar sus platos de pasta de forma segura y respetuosa con el medio ambiente.","og_url":"https:\/\/www.csj-emballages.com\/es\/produit\/50-tarros-de-pasta-de-carton-kraft-960-ml\/","og_site_name":"CSJ Emballages","article_publisher":"https:\/\/www.facebook.com\/csjemballages","article_modified_time":"2026-05-07T00:19:21+00:00","og_image":[{"width":600,"height":600,"url":"https:\/\/www.csj-emballages.com\/wp-content\/uploads\/2024\/03\/Capture-decran-2024-11-12-a-11.31.52-Photoroom-png-e1731408249935.webp","type":"image\/png"}],"twitter_card":"summary_large_image","twitter_title":"Caja de pasta en cart\u00f3n - 960 ml","twitter_description":"Descubra la Pasta Box de cart\u00f3n de 960 ml en paquetes de 50 unidades, ideal para transportar sus platos de pasta de forma segura y respetuosa con el medio ambiente.","twitter_misc":{"Tiempo de lectura":"3 minutos"},"schema":{"@context":"https:\/\/schema.org","@graph":[{"@type":"WebPage","@id":"https:\/\/www.csj-emballages.com\/es\/produit\/50-tarros-de-pasta-de-carton-kraft-960-ml\/","url":"https:\/\/www.csj-emballages.com\/es\/produit\/50-tarros-de-pasta-de-carton-kraft-960-ml\/","name":"Caja de pasta en cart\u00f3n - 960 ml","isPartOf":{"@id":"https:\/\/www.csj-emballages.com\/es\/#website"},"primaryImageOfPage":{"@id":"https:\/\/www.csj-emballages.com\/es\/produit\/50-tarros-de-pasta-de-carton-kraft-960-ml\/#primaryimage"},"image":{"@id":"https:\/\/www.csj-emballages.com\/es\/produit\/50-tarros-de-pasta-de-carton-kraft-960-ml\/#primaryimage"},"thumbnailUrl":"https:\/\/www.csj-emballages.com\/wp-content\/uploads\/2024\/03\/Capture-decran-2024-11-12-a-11.31.52-Photoroom-png-e1731408249935.webp","datePublished":"2024-03-01T15:49:08+00:00","dateModified":"2026-05-07T00:19:21+00:00","description":"Descubra la Pasta Box de cart\u00f3n de 960 ml en paquetes de 50 unidades, ideal para transportar sus platos de pasta de forma segura y respetuosa con el medio ambiente.","breadcrumb":{"@id":"https:\/\/www.csj-emballages.com\/es\/produit\/50-tarros-de-pasta-de-carton-kraft-960-ml\/#breadcrumb"},"inLanguage":"es","potentialAction":[{"@type":"ReadAction","target":["https:\/\/www.csj-emballages.com\/es\/produit\/50-tarros-de-pasta-de-carton-kraft-960-ml\/"]}]},{"@type":"ImageObject","inLanguage":"es","@id":"https:\/\/www.csj-emballages.com\/es\/produit\/50-tarros-de-pasta-de-carton-kraft-960-ml\/#primaryimage","url":"https:\/\/www.csj-emballages.com\/wp-content\/uploads\/2024\/03\/Capture-decran-2024-11-12-a-11.31.52-Photoroom-png-e1731408249935.webp","contentUrl":"https:\/\/www.csj-emballages.com\/wp-content\/uploads\/2024\/03\/Capture-decran-2024-11-12-a-11.31.52-Photoroom-png-e1731408249935.webp","width":600,"height":600,"caption":"Pasta box"},{"@type":"BreadcrumbList","@id":"https:\/\/www.csj-emballages.com\/es\/produit\/50-tarros-de-pasta-de-carton-kraft-960-ml\/#breadcrumb","itemListElement":[{"@type":"ListItem","position":1,"name":"Accueil","item":"https:\/\/www.csj-emballages.com\/es\/universo-del-envasado-alimentario\/"},{"@type":"ListItem","position":2,"name":"Tienda","item":"https:\/\/www.csj-emballages.com\/tienda\/"},{"@type":"ListItem","position":3,"name":"Caja de pasta 960 ml caja de 50"}]},{"@type":"WebSite","@id":"https:\/\/www.csj-emballages.com\/es\/#website","url":"https:\/\/www.csj-emballages.com\/es\/","name":"CSJ Emballages","description":"","publisher":{"@id":"https:\/\/www.csj-emballages.com\/es\/#organization"},"potentialAction":[{"@type":"SearchAction","target":{"@type":"EntryPoint","urlTemplate":"https:\/\/www.csj-emballages.com\/es\/?s={search_term_string}"},"query-input":{"@type":"PropertyValueSpecification","valueRequired":true,"valueName":"search_term_string"}}],"inLanguage":"es"},{"@type":"Organization","@id":"https:\/\/www.csj-emballages.com\/es\/#Organization\/","name":"CSJ Emballages","url":"https:\/\/www.csj-emballages.com\/es\/","logo":{"@type":"ImageObject","inLanguage":"es","@id":"https:\/\/www.csj-emballages.com\/es\/#\/schema\/logo\/image\/","url":"https:\/\/www.csj-emballages.com\/wp-content\/uploads\/2023\/10\/logo_csj.webp","contentUrl":"https:\/\/www.csj-emballages.com\/wp-content\/uploads\/2023\/10\/logo_csj.webp","width":250,"height":95,"caption":"CSJ Emballages"},"image":{"@id":"https:\/\/www.csj-emballages.com\/es\/#\/schema\/logo\/image\/"},"sameAs":["https:\/\/www.facebook.com\/csjemballages"],"address":{"@type":"PostalAddress","streetAddress":"ZI La Lechere","addressLocality":"Patornay","postalCode":"39130","addressCountry":"FR"},"contactPoint":[{"@type":"ContactPoint","contactType":"Service client","telephone":"0384254272","email":"contact@csj-emballages.com"}]}]}},"df_price":7.88,"df_sale_price":"","df_regular_price":7.88,"df_image_link":"https:\/\/www.csj-emballages.com\/wp-content\/uploads\/2024\/03\/Capture-decran-2024-11-12-a-11.31.52-Photoroom-300x300.webp","tiered_pricing_type":"fixed","tiered_pricing_fixed_rules":[],"tiered_pricing_percentage_rules":[],"tiered_pricing_minimum":1,"tiered_pricing_roles_data":[],"_links":{"self":[{"href":"https:\/\/www.csj-emballages.com\/es\/wp-json\/wp\/v2\/product\/23655","targetHints":{"allow":["GET"]}}],"collection":[{"href":"https:\/\/www.csj-emballages.com\/es\/wp-json\/wp\/v2\/product"}],"about":[{"href":"https:\/\/www.csj-emballages.com\/es\/wp-json\/wp\/v2\/types\/product"}],"wp:featuredmedia":[{"embeddable":true,"href":"https:\/\/www.csj-emballages.com\/es\/wp-json\/wp\/v2\/media\/164433"}],"wp:attachment":[{"href":"https:\/\/www.csj-emballages.com\/es\/wp-json\/wp\/v2\/media?parent=23655"}],"wp:term":[{"taxonomy":"product_brand","embeddable":true,"href":"https:\/\/www.csj-emballages.com\/es\/wp-json\/wp\/v2\/product_brand?post=23655"},{"taxonomy":"product_cat","embeddable":true,"href":"https:\/\/www.csj-emballages.com\/es\/wp-json\/wp\/v2\/product_cat?post=23655"},{"taxonomy":"product_tag","embeddable":true,"href":"https:\/\/www.csj-emballages.com\/es\/wp-json\/wp\/v2\/product_tag?post=23655"}],"curies":[{"name":"wp","href":"https:\/\/api.w.org\/{rel}","templated":true}]}}