{"id":23651,"date":"2024-03-01T16:49:12","date_gmt":"2024-03-01T15:49:12","guid":{"rendered":"https:\/\/u15jnbdpoq.preview.infomaniak.website\/produit\/100-bolsas-de-confiteria-con-base-de-carton-esmaltado-dorado-100-x-220-mm\/"},"modified":"2026-04-03T02:20:40","modified_gmt":"2026-04-03T00:20:40","slug":"100-bolsas-de-confiteria-con-base-de-carton-esmaltado-dorado-100-x-220-mm","status":"publish","type":"product","link":"https:\/\/www.csj-emballages.com\/es\/produit\/100-bolsas-de-confiteria-con-base-de-carton-esmaltado-dorado-100-x-220-mm\/","title":{"rendered":"Bolsas para confiter\u00eda doradas 100 x 220 mm, paquete de 100"},"content":{"rendered":"<h2 class=\"p1\">Bolsa de golosinas<\/h2>\n<hr>\n<h3>Descripci\u00f3n de nuestra bolsa de confiter\u00eda glaseada dorada 100 x 220 mm por 100<\/h3>\n<p><!--more--><\/p>\n<p data-start=\"0\" data-end=\"494\">Exhiba sus dulces creaciones con la <strong data-start=\"77\" data-end=\"121\">bolsa para golosinas Gold Glac\u00e9 de 100 x 220 mm<\/strong>, un envase que combina elegancia y practicidad. Gracias a su <strong data-start=\"183\" data-end=\"205\">acabado met\u00e1lico<\/strong> y su tacto <strong data-start=\"221\" data-end=\"228\">mate<\/strong>, obtenidos mediante una t\u00e9cnica de desmetalizaci\u00f3n combinada con un barniz mate, esta <strong>bolsa para<\/strong> golosinas atrae todas las miradas. Combina sutilmente <strong data-start=\"373\" data-end=\"400\">opacidad y transparencia<\/strong>, lo que permite que sus caramelos sean los aut\u00e9nticos protagonistas, al tiempo que permanecen perfectamente protegidos.  <\/p>\n<p data-start=\"496\" data-end=\"958\">Del mismo modo, dise\u00f1ada con una <strong data-start=\"510\" data-end=\"534\">base r\u00edgida y perfilada<\/strong>, esta <strong>bolsa de pl\u00e1stico<\/strong> garantiza <strong>una excelente estabilidad<\/strong> durante el llenado y la presentaci\u00f3n. Anteriormente fabricada en cart\u00f3n, la base es ahora de <strong data-start=\"669\" data-end=\"697\">polipropileno reciclable<\/strong>, lo que la convierte en un envase <strong data-start=\"719\" data-end=\"736\">monomaterial<\/strong> y, por tanto, m\u00e1s respetuoso con el medio ambiente. Esta innovaci\u00f3n se inscribe en el enfoque<strong data-start=\"830\" data-end=\"847\">del ecodise\u00f1o<\/strong> y responde a las exigencias de la <strong data-start=\"878\" data-end=\"895\">ley AGEC 2025<\/strong>, al tiempo que sigue siendo totalmente <strong data-start=\"924\" data-end=\"955\">apta para el contacto con los alimentos<\/strong>.  <\/p>\n<p data-start=\"960\" data-end=\"1425\">Si es usted <strong data-start=\"975\" data-end=\"989\">galletero<\/strong>, <strong data-start=\"991\" data-end=\"1006\">chocolatero<\/strong>, <strong data-start=\"1008\" data-end=\"1021\">confitero<\/strong>, <strong data-start=\"1023\" data-end=\"1036\">grageador<\/strong>, <strong data-start=\"1038\" data-end=\"1051\">turronero<\/strong> o <strong data-start=\"1055\" data-end=\"1068\">pastelero<\/strong>, esta <strong>elegante bolsita<\/strong> es la forma perfecta de realzar sus productos. Su transparencia selectiva revela la calidad de su confiter\u00eda, mientras que su tono <strong data-start=\"1218\" data-end=\"1230\">dorado helado<\/strong> evoca refinamiento y festividad. Ideal tanto para peque\u00f1as creaciones como para grandes producciones, es f\u00e1cil de exponer en el lineal y hace que sus delicias destaquen a primera vista.  <\/p>\n<p data-start=\"1427\" data-end=\"1807\">Al elegir esta <strong>bolsa para productos de confiter\u00eda<\/strong>, estar\u00e1 combinando <strong data-start=\"1465\" data-end=\"1495\">una presentaci\u00f3n de alta gama<\/strong>, <strong data-start=\"1497\" data-end=\"1510\">practicidad<\/strong> y <strong data-start=\"1514\" data-end=\"1544\">un compromiso con el medio ambiente<\/strong>. Su formato de 100 x 220 mm es tan adecuado para surtidos peque\u00f1os como para art\u00edculos de confiter\u00eda de mayor tama\u00f1o. En resumen, es una soluci\u00f3n de envasado con un dise\u00f1o atemporal que respeta el <strong data-start=\"1727\" data-end=\"1752\">planeta<\/strong> y pone su experiencia en primer plano.  <\/p>\n<p data-start=\"1427\" data-end=\"1807\">\n<p data-start=\"1367\" data-end=\"1669\"><!--more--><\/p>\n<h4 data-start=\"1367\" data-end=\"1669\">Ventajas :<\/h4>\n<ul>\n<li data-start=\"1367\" data-end=\"1669\"><strong data-start=\"2005\" data-end=\"2025\">Elegancia premium<\/strong>: efecto met\u00e1lico dorado y barniz matificante.<\/li>\n<li data-start=\"1367\" data-end=\"1669\"><strong data-start=\"2072\" data-end=\"2095\">Mayor estabilidad<\/strong>: base r\u00edgida y perfilada para una presentaci\u00f3n atractiva.<\/li>\n<li data-start=\"1367\" data-end=\"1669\"><strong data-start=\"2152\" data-end=\"2166\">Respetuoso con el medio ambiente<\/strong>: polipropileno monomaterial, 100% reciclable.<\/li>\n<li data-start=\"1367\" data-end=\"1669\"><strong data-start=\"2223\" data-end=\"2237\">Vers\u00e1til<\/strong>: perfecto para confiter\u00eda, galletas, turrones y chocolates.<\/li>\n<li data-start=\"1367\" data-end=\"1669\"><strong data-start=\"2302\" data-end=\"2324\">Cumple la normativa AGEC 2025<\/strong>: apto para el contacto con alimentos y respetuoso con el medio ambiente.<\/li>\n<\/ul>\n<p>&nbsp;<\/p>\n<p><!--more--><\/p>\n<h4>Informaci\u00f3n adicional :<\/h4>\n<ul>\n<li><strong>Embalaje<\/strong>: Paquete de 100<\/li>\n<li><strong>Dimensiones<\/strong>: 100 x 220 mm<\/li>\n<li><strong>Color<\/strong>: Transparente \/ Oro met\u00e1lico<\/li>\n<li><strong>Material<\/strong>: OPP<\/li>\n<li><strong>Grosor<\/strong>: 35 micras<\/li>\n<\/ul>\n<p>&nbsp;<\/p>\n<p><!--more--><\/p>\n<p>Esta bolsa de pl\u00e1stico est\u00e1 disponible en un tama\u00f1o mayor: <span style=\"color: #d12727;\"><a style=\"color: #d12727;\" href=\"https:\/\/www.csj-emballages.com\/es\/produit\/100-bolsas-de-confiteria-con-base-de-carton-esmaltado-dorado-120-x-275-mm\/\">120 x 275 mm<\/a><\/span><\/p>\n<p>&nbsp;<\/p>\n<p><!--more--><\/p>\n<p><a href=\"https:\/\/www.csj-emballages.com\/es\/categorie-produit\/envasado-de-alimentos\/panaderia-y-pasteleria\/bolsas-sobres-y-papel\/bolsas-para-golosinas\/bolsas-tematicas\/bolsas-clasicas\/\">Ver el resto de nuestra gama de bolsas para golosinas cl\u00e1sicas<\/a><\/p>\n","protected":false},"excerpt":{"rendered":"<p>Bolsa de golosinas Descripci\u00f3n de nuestra bolsa de confiter\u00eda glaseada dorada 100 x 220 mm por 100<\/p>\n","protected":false},"featured_media":243525,"template":"","meta":{"_acf_changed":false},"product_brand":[],"product_cat":[1150,1145,1660,1669],"product_tag":[],"class_list":{"0":"post-23651","1":"product","2":"type-product","3":"status-publish","4":"has-post-thumbnail","6":"product_cat-envasado-de-alimentos","7":"product_cat-panaderia-y-pasteleria","8":"product_cat-bolsas-para-golosinas","9":"product_cat-bolsas-clasicas","11":"first","12":"instock","13":"taxable","14":"shipping-taxable","15":"purchasable","16":"product-type-simple"},"acf":[],"yoast_head":"<!-- This site is optimized with the Yoast SEO Premium plugin v26.6 (Yoast SEO v26.6) - https:\/\/yoast.com\/wordpress\/plugins\/seo\/ -->\n<title>Bolsa de confiter\u00eda glaseada dorada 100 x 220 mm por 100<\/title>\n<meta name=\"description\" content=\"Bolsa para confiter\u00eda GOLD de 100 x 220 mm: elegante, reciclable y estable. Ideal para chocolateros, confiteros y pasteleros.\" \/>\n<meta name=\"robots\" content=\"index, follow, max-snippet:-1, max-image-preview:large, max-video-preview:-1\" \/>\n<link rel=\"canonical\" href=\"https:\/\/www.csj-emballages.com\/es\/produit\/100-bolsas-de-confiteria-con-base-de-carton-esmaltado-dorado-100-x-220-mm\/\" \/>\n<meta property=\"og:locale\" content=\"es_ES\" \/>\n<meta property=\"og:type\" content=\"article\" \/>\n<meta property=\"og:title\" content=\"Bolsas para confiter\u00eda doradas 100 x 220 mm, paquete de 100\" \/>\n<meta property=\"og:description\" content=\"Bolsa para confiter\u00eda GOLD de 100 x 220 mm: elegante, reciclable y estable. Ideal para chocolateros, confiteros y pasteleros.\" \/>\n<meta property=\"og:url\" content=\"https:\/\/www.csj-emballages.com\/es\/produit\/100-bolsas-de-confiteria-con-base-de-carton-esmaltado-dorado-100-x-220-mm\/\" \/>\n<meta property=\"og:site_name\" content=\"CSJ Emballages\" \/>\n<meta property=\"article:publisher\" content=\"https:\/\/www.facebook.com\/csjemballages\" \/>\n<meta property=\"article:modified_time\" content=\"2026-04-03T00:20:40+00:00\" \/>\n<meta property=\"og:image\" content=\"https:\/\/www.csj-emballages.com\/wp-content\/uploads\/2024\/03\/SGLACEORT1.webp\" \/>\n\t<meta property=\"og:image:width\" content=\"800\" \/>\n\t<meta property=\"og:image:height\" content=\"800\" \/>\n\t<meta property=\"og:image:type\" content=\"image\/webp\" \/>\n<meta name=\"twitter:card\" content=\"summary_large_image\" \/>\n<meta name=\"twitter:label1\" content=\"Tiempo de lectura\" \/>\n\t<meta name=\"twitter:data1\" content=\"2 minutos\" \/>\n<script type=\"application\/ld+json\" class=\"yoast-schema-graph\">{\"@context\":\"https:\/\/schema.org\",\"@graph\":[{\"@type\":\"WebPage\",\"@id\":\"https:\/\/www.csj-emballages.com\/es\/produit\/100-bolsas-de-confiteria-con-base-de-carton-esmaltado-dorado-100-x-220-mm\/\",\"url\":\"https:\/\/www.csj-emballages.com\/es\/produit\/100-bolsas-de-confiteria-con-base-de-carton-esmaltado-dorado-100-x-220-mm\/\",\"name\":\"Bolsa de confiter\u00eda glaseada dorada 100 x 220 mm por 100\",\"isPartOf\":{\"@id\":\"https:\/\/www.csj-emballages.com\/es\/#website\"},\"primaryImageOfPage\":{\"@id\":\"https:\/\/www.csj-emballages.com\/es\/produit\/100-bolsas-de-confiteria-con-base-de-carton-esmaltado-dorado-100-x-220-mm\/#primaryimage\"},\"image\":{\"@id\":\"https:\/\/www.csj-emballages.com\/es\/produit\/100-bolsas-de-confiteria-con-base-de-carton-esmaltado-dorado-100-x-220-mm\/#primaryimage\"},\"thumbnailUrl\":\"https:\/\/www.csj-emballages.com\/wp-content\/uploads\/2024\/03\/SGLACEORT1.webp\",\"datePublished\":\"2024-03-01T15:49:12+00:00\",\"dateModified\":\"2026-04-03T00:20:40+00:00\",\"description\":\"Bolsa para confiter\u00eda GOLD de 100 x 220 mm: elegante, reciclable y estable. Ideal para chocolateros, confiteros y pasteleros.\",\"breadcrumb\":{\"@id\":\"https:\/\/www.csj-emballages.com\/es\/produit\/100-bolsas-de-confiteria-con-base-de-carton-esmaltado-dorado-100-x-220-mm\/#breadcrumb\"},\"inLanguage\":\"es\",\"potentialAction\":[{\"@type\":\"ReadAction\",\"target\":[\"https:\/\/www.csj-emballages.com\/es\/produit\/100-bolsas-de-confiteria-con-base-de-carton-esmaltado-dorado-100-x-220-mm\/\"]}]},{\"@type\":\"ImageObject\",\"inLanguage\":\"es\",\"@id\":\"https:\/\/www.csj-emballages.com\/es\/produit\/100-bolsas-de-confiteria-con-base-de-carton-esmaltado-dorado-100-x-220-mm\/#primaryimage\",\"url\":\"https:\/\/www.csj-emballages.com\/wp-content\/uploads\/2024\/03\/SGLACEORT1.webp\",\"contentUrl\":\"https:\/\/www.csj-emballages.com\/wp-content\/uploads\/2024\/03\/SGLACEORT1.webp\",\"width\":800,\"height\":800,\"caption\":\"sachet confiseries\"},{\"@type\":\"BreadcrumbList\",\"@id\":\"https:\/\/www.csj-emballages.com\/es\/produit\/100-bolsas-de-confiteria-con-base-de-carton-esmaltado-dorado-100-x-220-mm\/#breadcrumb\",\"itemListElement\":[{\"@type\":\"ListItem\",\"position\":1,\"name\":\"Accueil\",\"item\":\"https:\/\/www.csj-emballages.com\/es\/universo-del-envasado-alimentario\/\"},{\"@type\":\"ListItem\",\"position\":2,\"name\":\"Tienda\",\"item\":\"https:\/\/www.csj-emballages.com\/tienda\/\"},{\"@type\":\"ListItem\",\"position\":3,\"name\":\"Bolsas para confiter\u00eda doradas 100 x 220 mm, paquete de 100\"}]},{\"@type\":\"WebSite\",\"@id\":\"https:\/\/www.csj-emballages.com\/es\/#website\",\"url\":\"https:\/\/www.csj-emballages.com\/es\/\",\"name\":\"CSJ Emballages\",\"description\":\"\",\"publisher\":{\"@id\":\"https:\/\/www.csj-emballages.com\/es\/#organization\"},\"potentialAction\":[{\"@type\":\"SearchAction\",\"target\":{\"@type\":\"EntryPoint\",\"urlTemplate\":\"https:\/\/www.csj-emballages.com\/es\/?s={search_term_string}\"},\"query-input\":{\"@type\":\"PropertyValueSpecification\",\"valueRequired\":true,\"valueName\":\"search_term_string\"}}],\"inLanguage\":\"es\"},{\"@type\":\"Organization\",\"@id\":\"https:\/\/www.csj-emballages.com\/es\/#Organization\/\",\"name\":\"CSJ Emballages\",\"url\":\"https:\/\/www.csj-emballages.com\/es\/\",\"logo\":{\"@type\":\"ImageObject\",\"inLanguage\":\"es\",\"@id\":\"https:\/\/www.csj-emballages.com\/es\/#\/schema\/logo\/image\/\",\"url\":\"https:\/\/www.csj-emballages.com\/wp-content\/uploads\/2023\/10\/logo_csj.webp\",\"contentUrl\":\"https:\/\/www.csj-emballages.com\/wp-content\/uploads\/2023\/10\/logo_csj.webp\",\"width\":250,\"height\":95,\"caption\":\"CSJ Emballages\"},\"image\":{\"@id\":\"https:\/\/www.csj-emballages.com\/es\/#\/schema\/logo\/image\/\"},\"sameAs\":[\"https:\/\/www.facebook.com\/csjemballages\"],\"address\":{\"@type\":\"PostalAddress\",\"streetAddress\":\"ZI La Lechere\",\"addressLocality\":\"Patornay\",\"postalCode\":\"39130\",\"addressCountry\":\"FR\"},\"contactPoint\":[{\"@type\":\"ContactPoint\",\"contactType\":\"Service client\",\"telephone\":\"0384254272\",\"email\":\"contact@csj-emballages.com\"}]}]}<\/script>\n<!-- \/ Yoast SEO Premium plugin. -->","yoast_head_json":{"title":"Bolsa de confiter\u00eda glaseada dorada 100 x 220 mm por 100","description":"Bolsa para confiter\u00eda GOLD de 100 x 220 mm: elegante, reciclable y estable. Ideal para chocolateros, confiteros y pasteleros.","robots":{"index":"index","follow":"follow","max-snippet":"max-snippet:-1","max-image-preview":"max-image-preview:large","max-video-preview":"max-video-preview:-1"},"canonical":"https:\/\/www.csj-emballages.com\/es\/produit\/100-bolsas-de-confiteria-con-base-de-carton-esmaltado-dorado-100-x-220-mm\/","og_locale":"es_ES","og_type":"article","og_title":"Bolsas para confiter\u00eda doradas 100 x 220 mm, paquete de 100","og_description":"Bolsa para confiter\u00eda GOLD de 100 x 220 mm: elegante, reciclable y estable. Ideal para chocolateros, confiteros y pasteleros.","og_url":"https:\/\/www.csj-emballages.com\/es\/produit\/100-bolsas-de-confiteria-con-base-de-carton-esmaltado-dorado-100-x-220-mm\/","og_site_name":"CSJ Emballages","article_publisher":"https:\/\/www.facebook.com\/csjemballages","article_modified_time":"2026-04-03T00:20:40+00:00","og_image":[{"width":800,"height":800,"url":"https:\/\/www.csj-emballages.com\/wp-content\/uploads\/2024\/03\/SGLACEORT1.webp","type":"image\/webp"}],"twitter_card":"summary_large_image","twitter_misc":{"Tiempo de lectura":"2 minutos"},"schema":{"@context":"https:\/\/schema.org","@graph":[{"@type":"WebPage","@id":"https:\/\/www.csj-emballages.com\/es\/produit\/100-bolsas-de-confiteria-con-base-de-carton-esmaltado-dorado-100-x-220-mm\/","url":"https:\/\/www.csj-emballages.com\/es\/produit\/100-bolsas-de-confiteria-con-base-de-carton-esmaltado-dorado-100-x-220-mm\/","name":"Bolsa de confiter\u00eda glaseada dorada 100 x 220 mm por 100","isPartOf":{"@id":"https:\/\/www.csj-emballages.com\/es\/#website"},"primaryImageOfPage":{"@id":"https:\/\/www.csj-emballages.com\/es\/produit\/100-bolsas-de-confiteria-con-base-de-carton-esmaltado-dorado-100-x-220-mm\/#primaryimage"},"image":{"@id":"https:\/\/www.csj-emballages.com\/es\/produit\/100-bolsas-de-confiteria-con-base-de-carton-esmaltado-dorado-100-x-220-mm\/#primaryimage"},"thumbnailUrl":"https:\/\/www.csj-emballages.com\/wp-content\/uploads\/2024\/03\/SGLACEORT1.webp","datePublished":"2024-03-01T15:49:12+00:00","dateModified":"2026-04-03T00:20:40+00:00","description":"Bolsa para confiter\u00eda GOLD de 100 x 220 mm: elegante, reciclable y estable. Ideal para chocolateros, confiteros y pasteleros.","breadcrumb":{"@id":"https:\/\/www.csj-emballages.com\/es\/produit\/100-bolsas-de-confiteria-con-base-de-carton-esmaltado-dorado-100-x-220-mm\/#breadcrumb"},"inLanguage":"es","potentialAction":[{"@type":"ReadAction","target":["https:\/\/www.csj-emballages.com\/es\/produit\/100-bolsas-de-confiteria-con-base-de-carton-esmaltado-dorado-100-x-220-mm\/"]}]},{"@type":"ImageObject","inLanguage":"es","@id":"https:\/\/www.csj-emballages.com\/es\/produit\/100-bolsas-de-confiteria-con-base-de-carton-esmaltado-dorado-100-x-220-mm\/#primaryimage","url":"https:\/\/www.csj-emballages.com\/wp-content\/uploads\/2024\/03\/SGLACEORT1.webp","contentUrl":"https:\/\/www.csj-emballages.com\/wp-content\/uploads\/2024\/03\/SGLACEORT1.webp","width":800,"height":800,"caption":"sachet confiseries"},{"@type":"BreadcrumbList","@id":"https:\/\/www.csj-emballages.com\/es\/produit\/100-bolsas-de-confiteria-con-base-de-carton-esmaltado-dorado-100-x-220-mm\/#breadcrumb","itemListElement":[{"@type":"ListItem","position":1,"name":"Accueil","item":"https:\/\/www.csj-emballages.com\/es\/universo-del-envasado-alimentario\/"},{"@type":"ListItem","position":2,"name":"Tienda","item":"https:\/\/www.csj-emballages.com\/tienda\/"},{"@type":"ListItem","position":3,"name":"Bolsas para confiter\u00eda doradas 100 x 220 mm, paquete de 100"}]},{"@type":"WebSite","@id":"https:\/\/www.csj-emballages.com\/es\/#website","url":"https:\/\/www.csj-emballages.com\/es\/","name":"CSJ Emballages","description":"","publisher":{"@id":"https:\/\/www.csj-emballages.com\/es\/#organization"},"potentialAction":[{"@type":"SearchAction","target":{"@type":"EntryPoint","urlTemplate":"https:\/\/www.csj-emballages.com\/es\/?s={search_term_string}"},"query-input":{"@type":"PropertyValueSpecification","valueRequired":true,"valueName":"search_term_string"}}],"inLanguage":"es"},{"@type":"Organization","@id":"https:\/\/www.csj-emballages.com\/es\/#Organization\/","name":"CSJ Emballages","url":"https:\/\/www.csj-emballages.com\/es\/","logo":{"@type":"ImageObject","inLanguage":"es","@id":"https:\/\/www.csj-emballages.com\/es\/#\/schema\/logo\/image\/","url":"https:\/\/www.csj-emballages.com\/wp-content\/uploads\/2023\/10\/logo_csj.webp","contentUrl":"https:\/\/www.csj-emballages.com\/wp-content\/uploads\/2023\/10\/logo_csj.webp","width":250,"height":95,"caption":"CSJ Emballages"},"image":{"@id":"https:\/\/www.csj-emballages.com\/es\/#\/schema\/logo\/image\/"},"sameAs":["https:\/\/www.facebook.com\/csjemballages"],"address":{"@type":"PostalAddress","streetAddress":"ZI La Lechere","addressLocality":"Patornay","postalCode":"39130","addressCountry":"FR"},"contactPoint":[{"@type":"ContactPoint","contactType":"Service client","telephone":"0384254272","email":"contact@csj-emballages.com"}]}]}},"df_price":19.81,"df_sale_price":"","df_regular_price":19.81,"df_image_link":"https:\/\/www.csj-emballages.com\/wp-content\/uploads\/2024\/03\/SGLACEORT1-300x300.webp","tiered_pricing_type":"fixed","tiered_pricing_fixed_rules":[],"tiered_pricing_percentage_rules":[],"tiered_pricing_minimum":1,"tiered_pricing_roles_data":[],"_links":{"self":[{"href":"https:\/\/www.csj-emballages.com\/es\/wp-json\/wp\/v2\/product\/23651","targetHints":{"allow":["GET"]}}],"collection":[{"href":"https:\/\/www.csj-emballages.com\/es\/wp-json\/wp\/v2\/product"}],"about":[{"href":"https:\/\/www.csj-emballages.com\/es\/wp-json\/wp\/v2\/types\/product"}],"wp:featuredmedia":[{"embeddable":true,"href":"https:\/\/www.csj-emballages.com\/es\/wp-json\/wp\/v2\/media\/243525"}],"wp:attachment":[{"href":"https:\/\/www.csj-emballages.com\/es\/wp-json\/wp\/v2\/media?parent=23651"}],"wp:term":[{"taxonomy":"product_brand","embeddable":true,"href":"https:\/\/www.csj-emballages.com\/es\/wp-json\/wp\/v2\/product_brand?post=23651"},{"taxonomy":"product_cat","embeddable":true,"href":"https:\/\/www.csj-emballages.com\/es\/wp-json\/wp\/v2\/product_cat?post=23651"},{"taxonomy":"product_tag","embeddable":true,"href":"https:\/\/www.csj-emballages.com\/es\/wp-json\/wp\/v2\/product_tag?post=23651"}],"curies":[{"name":"wp","href":"https:\/\/api.w.org\/{rel}","templated":true}]}}