{"id":236284,"date":"2025-06-20T13:49:34","date_gmt":"2025-06-20T11:49:34","guid":{"rendered":"https:\/\/www.csj-emballages.com\/produit\/vaso-de-papel-frio-25cl-por-50-2\/"},"modified":"2026-03-12T16:26:10","modified_gmt":"2026-03-12T15:26:10","slug":"vaso-de-papel-frio-25cl-por-50-2","status":"publish","type":"product","link":"https:\/\/www.csj-emballages.com\/es\/produit\/vaso-de-papel-frio-25cl-por-50-2\/","title":{"rendered":"Vaso de papel fr\u00edo 25cl por 50"},"content":{"rendered":"<h2 class=\"p1 ai-optimize-26\">Vaso de cart\u00f3n<\/h2>\n<div style=\"font-family: Roboto, sans-serif;\">\n<div style=\"font-family: Roboto, sans-serif;\">\n<div style=\"font-family: Roboto, sans-serif;\">\n<div style=\"font-family: Roboto, sans-serif;\">\n<div style=\"font-family: Roboto, sans-serif;\">\n<div style=\"font-family: Roboto, sans-serif;\">\n<div style=\"font-family: Roboto, sans-serif;\">\n<div style=\"font-family: Roboto, sans-serif;\">\n<div style=\"font-family: Roboto, sans-serif;\">\n<div style=\"font-family: Roboto, sans-serif;\">\n<div style=\"font-family: Roboto, sans-serif;\">\n<div style=\"font-family: Roboto, sans-serif;\">\n<div style=\"font-family: Roboto, sans-serif;\">\n<div class=\"flex flex-grow flex-col max-w-full\">\n<div class=\"min-h-[20px] text-message flex flex-col items-start whitespace-pre-wrap break-words [.text-message+&amp;]:mt-5 juice:w-full juice:items-end overflow-x-auto gap-2\" dir=\"auto\" data-message-author-role=\"assistant\" data-message-id=\"2034782e-88f9-44ef-b4dc-07dd7bf0115f\">\n<div class=\"flex w-full flex-col gap-1 juice:empty:hidden juice:first:pt-[3px]\">\n<div class=\"markdown prose w-full break-words dark:prose-invert light\">\n<div style=\"font-family: Roboto, sans-serif;\">\n<div style=\"font-family: Roboto, sans-serif;\">\n<div style=\"font-family: Roboto, sans-serif;\">\n<div style=\"font-family: Roboto, sans-serif;\">\n<div style=\"font-family: Roboto, sans-serif;\">\n<div style=\"font-family: Roboto, sans-serif;\">\n<div style=\"font-family: Roboto, sans-serif;\">\n<div style=\"font-family: Roboto, sans-serif;\">\n<div style=\"font-family: Roboto, sans-serif;\">\n<div style=\"text-align: center;\">\n<div style=\"font-family: Roboto, sans-serif;\">\n<div style=\"font-family: Roboto, sans-serif;\">\n<div style=\"font-family: Roboto, sans-serif;\">\n<div style=\"font-family: Roboto, sans-serif;\">\n<div style=\"font-family: Roboto, sans-serif;\">\n<hr>\n<h3 class=\"ai-optimize-27\" style=\"font-family: Roboto, sans-serif; text-align: left;\">Descripci\u00f3n de nuestro vaso de papel fr\u00edo 25cl por 50<\/h3>\n<\/div>\n<\/div>\n<\/div>\n<\/div>\n<\/div>\n<\/div>\n<\/div>\n<\/div>\n<\/div>\n<\/div>\n<\/div>\n<\/div>\n<\/div>\n<\/div>\n<\/div>\n<\/div>\n<\/div>\n<\/div>\n<\/div>\n<\/div>\n<\/div>\n<\/div>\n<\/div>\n<\/div>\n<\/div>\n<\/div>\n<\/div>\n<\/div>\n<\/div>\n<\/div>\n<\/div>\n<\/div>\n<p><!--more--><\/p>\n<div class=\"flex max-w-full flex-col flex-grow\">\n<div class=\"min-h-8 text-message flex w-full flex-col items-end gap-2 whitespace-normal break-words [.text-message+&amp;]:mt-5\" dir=\"auto\" data-message-author-role=\"assistant\" data-message-id=\"438df6e8-49a2-474e-9d5c-14a6d91e27c5\" data-client-thread-id=\"WEB:f9818d6b-cc00-47a9-ba1c-1549baa0484c\" data-message-model-slug=\"gpt-4o\">\n<div class=\"flex w-full flex-col gap-1 empty:hidden first:pt-[3px]\">\n<div class=\"markdown prose w-full break-words dark:prose-invert light\">\n<p class=\"ai-optimize-28 ai-optimize-introduction\" data-start=\"283\" data-end=\"707\">Resistente, pr\u00e1ctico y respetuoso con el medio ambiente, este paquete de <strong data-start=\"330\" data-end=\"360\">50 vasos de papel de 25 cl<\/strong> est\u00e1 dise\u00f1ado para todos sus eventos, comidas para llevar y refrigerios. Fabricados en <strong>cart\u00f3n r\u00edgido<\/strong> de alta calidad, son ideales para bebidas <strong data-start=\"523\" data-end=\"534\">fr\u00edas<\/strong>: zumos, refrescos, t\u00e9s helados, batidos, aguas aromatizadas, etc. El formato de 25 <strong>cl<\/strong> (250 ml) es ideal para porciones individuales, ya sea en un entorno profesional o privado. <\/p>\n<p class=\"ai-optimize-29\" data-start=\"709\" data-end=\"1046\">Estos <strong>vasos<\/strong> son perfectos para <strong data-start=\"751\" data-end=\"766\">food trucks<\/strong>, <strong data-start=\"768\" data-end=\"777\">cafeter\u00edas<\/strong> y <strong data-start=\"779\" data-end=\"789\">bares de aperitivos<\/strong>, as\u00ed como para <strong data-start=\"806\" data-end=\"822\">asociaciones<\/strong>, <strong data-start=\"824\" data-end=\"839\">empresas<\/strong>, <strong data-start=\"841\" data-end=\"854\">servicios de catering<\/strong> y <strong data-start=\"858\" data-end=\"874\">particulares<\/strong> en picnics, festivales y fiestas de cumplea\u00f1os. Su textura exterior facilita el agarre, sin reblandecerse ni deformarse al contacto con la bebida. <\/p>\n<p class=\"ai-optimize-30\" data-start=\"1048\" data-end=\"1274\">Cuando se trata de practicidad, el paquete <strong>de 50 unidades<\/strong> ofrece un buen equilibrio entre el uso ocasional y el uso regular. Si busca una soluci\u00f3n fiable, atractiva y f\u00e1cil de almacenar, estos <strong>vasos de papel fr\u00edos<\/strong> le vendr\u00e1n como anillo al dedo. <\/p>\n<p class=\"ai-optimize-31\" data-start=\"1276\" data-end=\"1497\">Estos <strong>vasos de papel<\/strong> ya est\u00e1n personalizados con <strong data-start=\"318\" data-end=\"342\">bonitos y coloridos motivos<\/strong> que recuerdan al mundo del verano, las fiestas y la comida r\u00e1pida. Perfectos para crear un ambiente festivo sin esfuerzo, estos <strong>vasos<\/strong> son tan pr\u00e1cticos como atractivos. Una elecci\u00f3n sencilla pero eficaz para servir sus bebidas fr\u00edas en las mejores condiciones.  <\/p>\n<p data-start=\"1276\" data-end=\"1497\">\n<\/div>\n<\/div>\n<\/div>\n<\/div>\n<p><!--more--><\/p>\n<h4 class=\"ai-optimize-39\">Ventajas:<\/h4>\n<ul>\n<li class=\"ai-optimize-40\"><strong>Motivos preimpresos<\/strong>: ambiente veraniego, merendero, fiesta.<\/li>\n<li class=\"ai-optimize-41\">Ideal para todas las bebidas fr\u00edas.<\/li>\n<li class=\"ai-optimize-42\">Cart\u00f3n fuerte y r\u00edgido.<\/li>\n<li class=\"ai-optimize-43\">Formato de 25 cl, pr\u00e1ctico y vers\u00e1til.<\/li>\n<li class=\"ai-optimize-44\">Paquete de 50, f\u00e1cil de almacenar.<\/li>\n<\/ul>\n<p>&nbsp;<\/p>\n<p><!--more--><\/p>\n<h4 class=\"ai-optimize-30\">Otra informaci\u00f3n sobre este producto:<\/h4>\n<ul style=\"font-family: Roboto, sans-serif;\">\n<li class=\"ai-optimize-31\"><strong>Envase<\/strong>: Paquete de 50<\/li>\n<li class=\"ai-optimize-32\"><strong>Di\u00e1metro inferior<\/strong>: 50 mm<\/li>\n<li class=\"ai-optimize-33\"><strong>Di\u00e1metro superior<\/strong>: 77 mm<\/li>\n<li class=\"ai-optimize-34\"><strong>Altura<\/strong>: 115 mm<\/li>\n<li class=\"ai-optimize-33\"><span style=\"font-weight: bold;\">Volumen <\/span>: 25 cl<\/li>\n<li class=\"ai-optimize-33\"><strong>Color<\/strong>: Blanco \/ Estampados<\/li>\n<li class=\"ai-optimize-48\"><strong>Material<\/strong>: Cart\u00f3n<\/li>\n<\/ul>\n<p>&nbsp;<\/p>\n<p><!--more--><\/p>\n<p class=\"ai-optimize-45\">Estos vasos tambi\u00e9n est\u00e1n disponibles en 40 cl: <span style=\"color: #d12727;\"><a style=\"color: #d12727;\" href=\"https:\/\/www.csj-emballages.com\/es\/produit\/vaso-de-papel-frio-25cl-por-50\/\">GM400CART<\/a><\/span><\/p>\n<p>&nbsp;<\/p>\n<p style=\"text-align: left;\"><!--more--><\/p>\n<p class=\"ai-optimize-34\"><a href=\"https:\/\/www.csj-emballages.com\/es\/categorie-produit\/envasado-de-alimentos\/catering-es\/tazas-vasos-cubos-botellas\/vasos-de-carton\/tazas-blancas\/\">Ver el resto de nuestra gama de vasos de papel<\/a><\/p>\n","protected":false},"excerpt":{"rendered":"<p>Vaso de cart\u00f3n Descripci\u00f3n de nuestro vaso de papel fr\u00edo 25cl por 50<\/p>\n","protected":false},"featured_media":236307,"template":"","meta":{"_acf_changed":false},"product_brand":[],"product_cat":[1150,1179,1462,11541],"product_tag":[],"class_list":{"0":"post-236284","1":"product","2":"type-product","3":"status-publish","4":"has-post-thumbnail","6":"product_cat-envasado-de-alimentos","7":"product_cat-catering-es","8":"product_cat-tazas-vasos-cubos-botellas","9":"product_cat-vasos-de-carton-para-smoothie","11":"first","12":"instock","13":"taxable","14":"shipping-taxable","15":"purchasable","16":"product-type-simple"},"acf":[],"yoast_head":"<!-- This site is optimized with the Yoast SEO Premium plugin v26.6 (Yoast SEO v26.6) - https:\/\/yoast.com\/wordpress\/plugins\/seo\/ -->\n<title>Vaso de cart\u00f3n fr\u00edo 25cl x 50<\/title>\n<meta name=\"description\" content=\"Vasos de papel de 25 cl con dise\u00f1o de verano\/snack - Juego de 50. Pr\u00e1cticos, festivos y perfectos para bebidas fr\u00edas para llevar o eventos.\" \/>\n<meta name=\"robots\" content=\"index, follow, max-snippet:-1, max-image-preview:large, max-video-preview:-1\" \/>\n<link rel=\"canonical\" href=\"https:\/\/www.csj-emballages.com\/es\/produit\/vaso-de-papel-frio-25cl-por-50-2\/\" \/>\n<meta property=\"og:locale\" content=\"es_ES\" \/>\n<meta property=\"og:type\" content=\"article\" \/>\n<meta property=\"og:title\" content=\"Vaso de papel fr\u00edo 25cl por 50\" \/>\n<meta property=\"og:description\" content=\"Vasos de papel de 25 cl con dise\u00f1o de verano\/snack - Juego de 50. Pr\u00e1cticos, festivos y perfectos para bebidas fr\u00edas para llevar o eventos.\" \/>\n<meta property=\"og:url\" content=\"https:\/\/www.csj-emballages.com\/es\/produit\/vaso-de-papel-frio-25cl-por-50-2\/\" \/>\n<meta property=\"og:site_name\" content=\"CSJ Emballages\" \/>\n<meta property=\"article:publisher\" content=\"https:\/\/www.facebook.com\/csjemballages\" \/>\n<meta property=\"article:modified_time\" content=\"2026-03-12T15:26:10+00:00\" \/>\n<meta property=\"og:image\" content=\"https:\/\/www.csj-emballages.com\/wp-content\/uploads\/2025\/06\/GM2533CART-1.webp\" \/>\n\t<meta property=\"og:image:width\" content=\"800\" \/>\n\t<meta property=\"og:image:height\" content=\"801\" \/>\n\t<meta property=\"og:image:type\" content=\"image\/webp\" \/>\n<meta name=\"twitter:card\" content=\"summary_large_image\" \/>\n<meta name=\"twitter:label1\" content=\"Tiempo de lectura\" \/>\n\t<meta name=\"twitter:data1\" content=\"2 minutos\" \/>\n<script type=\"application\/ld+json\" class=\"yoast-schema-graph\">{\"@context\":\"https:\/\/schema.org\",\"@graph\":[{\"@type\":\"WebPage\",\"@id\":\"https:\/\/www.csj-emballages.com\/es\/produit\/vaso-de-papel-frio-25cl-por-50-2\/\",\"url\":\"https:\/\/www.csj-emballages.com\/es\/produit\/vaso-de-papel-frio-25cl-por-50-2\/\",\"name\":\"Vaso de cart\u00f3n fr\u00edo 25cl x 50\",\"isPartOf\":{\"@id\":\"https:\/\/www.csj-emballages.com\/es\/#website\"},\"primaryImageOfPage\":{\"@id\":\"https:\/\/www.csj-emballages.com\/es\/produit\/vaso-de-papel-frio-25cl-por-50-2\/#primaryimage\"},\"image\":{\"@id\":\"https:\/\/www.csj-emballages.com\/es\/produit\/vaso-de-papel-frio-25cl-por-50-2\/#primaryimage\"},\"thumbnailUrl\":\"https:\/\/www.csj-emballages.com\/wp-content\/uploads\/2025\/06\/GM2533CART-1.webp\",\"datePublished\":\"2025-06-20T11:49:34+00:00\",\"dateModified\":\"2026-03-12T15:26:10+00:00\",\"description\":\"Vasos de papel de 25 cl con dise\u00f1o de verano\/snack - Juego de 50. Pr\u00e1cticos, festivos y perfectos para bebidas fr\u00edas para llevar o eventos.\",\"breadcrumb\":{\"@id\":\"https:\/\/www.csj-emballages.com\/es\/produit\/vaso-de-papel-frio-25cl-por-50-2\/#breadcrumb\"},\"inLanguage\":\"es\",\"potentialAction\":[{\"@type\":\"ReadAction\",\"target\":[\"https:\/\/www.csj-emballages.com\/es\/produit\/vaso-de-papel-frio-25cl-por-50-2\/\"]}]},{\"@type\":\"ImageObject\",\"inLanguage\":\"es\",\"@id\":\"https:\/\/www.csj-emballages.com\/es\/produit\/vaso-de-papel-frio-25cl-por-50-2\/#primaryimage\",\"url\":\"https:\/\/www.csj-emballages.com\/wp-content\/uploads\/2025\/06\/GM2533CART-1.webp\",\"contentUrl\":\"https:\/\/www.csj-emballages.com\/wp-content\/uploads\/2025\/06\/GM2533CART-1.webp\",\"width\":800,\"height\":801,\"caption\":\"Gobelet carton\"},{\"@type\":\"BreadcrumbList\",\"@id\":\"https:\/\/www.csj-emballages.com\/es\/produit\/vaso-de-papel-frio-25cl-por-50-2\/#breadcrumb\",\"itemListElement\":[{\"@type\":\"ListItem\",\"position\":1,\"name\":\"Accueil\",\"item\":\"https:\/\/www.csj-emballages.com\/es\/universo-del-envasado-alimentario\/\"},{\"@type\":\"ListItem\",\"position\":2,\"name\":\"Tienda\",\"item\":\"https:\/\/www.csj-emballages.com\/tienda\/\"},{\"@type\":\"ListItem\",\"position\":3,\"name\":\"Vaso de papel fr\u00edo 25cl por 50\"}]},{\"@type\":\"WebSite\",\"@id\":\"https:\/\/www.csj-emballages.com\/es\/#website\",\"url\":\"https:\/\/www.csj-emballages.com\/es\/\",\"name\":\"CSJ Emballages\",\"description\":\"\",\"publisher\":{\"@id\":\"https:\/\/www.csj-emballages.com\/es\/#organization\"},\"potentialAction\":[{\"@type\":\"SearchAction\",\"target\":{\"@type\":\"EntryPoint\",\"urlTemplate\":\"https:\/\/www.csj-emballages.com\/es\/?s={search_term_string}\"},\"query-input\":{\"@type\":\"PropertyValueSpecification\",\"valueRequired\":true,\"valueName\":\"search_term_string\"}}],\"inLanguage\":\"es\"},{\"@type\":\"Organization\",\"@id\":\"https:\/\/www.csj-emballages.com\/es\/#Organization\/\",\"name\":\"CSJ Emballages\",\"url\":\"https:\/\/www.csj-emballages.com\/es\/\",\"logo\":{\"@type\":\"ImageObject\",\"inLanguage\":\"es\",\"@id\":\"https:\/\/www.csj-emballages.com\/es\/#\/schema\/logo\/image\/\",\"url\":\"https:\/\/www.csj-emballages.com\/wp-content\/uploads\/2023\/10\/logo_csj.webp\",\"contentUrl\":\"https:\/\/www.csj-emballages.com\/wp-content\/uploads\/2023\/10\/logo_csj.webp\",\"width\":250,\"height\":95,\"caption\":\"CSJ Emballages\"},\"image\":{\"@id\":\"https:\/\/www.csj-emballages.com\/es\/#\/schema\/logo\/image\/\"},\"sameAs\":[\"https:\/\/www.facebook.com\/csjemballages\"],\"address\":{\"@type\":\"PostalAddress\",\"streetAddress\":\"ZI La Lechere\",\"addressLocality\":\"Patornay\",\"postalCode\":\"39130\",\"addressCountry\":\"FR\"},\"contactPoint\":[{\"@type\":\"ContactPoint\",\"contactType\":\"Service client\",\"telephone\":\"0384254272\",\"email\":\"contact@csj-emballages.com\"}]}]}<\/script>\n<!-- \/ Yoast SEO Premium plugin. -->","yoast_head_json":{"title":"Vaso de cart\u00f3n fr\u00edo 25cl x 50","description":"Vasos de papel de 25 cl con dise\u00f1o de verano\/snack - Juego de 50. Pr\u00e1cticos, festivos y perfectos para bebidas fr\u00edas para llevar o eventos.","robots":{"index":"index","follow":"follow","max-snippet":"max-snippet:-1","max-image-preview":"max-image-preview:large","max-video-preview":"max-video-preview:-1"},"canonical":"https:\/\/www.csj-emballages.com\/es\/produit\/vaso-de-papel-frio-25cl-por-50-2\/","og_locale":"es_ES","og_type":"article","og_title":"Vaso de papel fr\u00edo 25cl por 50","og_description":"Vasos de papel de 25 cl con dise\u00f1o de verano\/snack - Juego de 50. Pr\u00e1cticos, festivos y perfectos para bebidas fr\u00edas para llevar o eventos.","og_url":"https:\/\/www.csj-emballages.com\/es\/produit\/vaso-de-papel-frio-25cl-por-50-2\/","og_site_name":"CSJ Emballages","article_publisher":"https:\/\/www.facebook.com\/csjemballages","article_modified_time":"2026-03-12T15:26:10+00:00","og_image":[{"width":800,"height":801,"url":"https:\/\/www.csj-emballages.com\/wp-content\/uploads\/2025\/06\/GM2533CART-1.webp","type":"image\/webp"}],"twitter_card":"summary_large_image","twitter_misc":{"Tiempo de lectura":"2 minutos"},"schema":{"@context":"https:\/\/schema.org","@graph":[{"@type":"WebPage","@id":"https:\/\/www.csj-emballages.com\/es\/produit\/vaso-de-papel-frio-25cl-por-50-2\/","url":"https:\/\/www.csj-emballages.com\/es\/produit\/vaso-de-papel-frio-25cl-por-50-2\/","name":"Vaso de cart\u00f3n fr\u00edo 25cl x 50","isPartOf":{"@id":"https:\/\/www.csj-emballages.com\/es\/#website"},"primaryImageOfPage":{"@id":"https:\/\/www.csj-emballages.com\/es\/produit\/vaso-de-papel-frio-25cl-por-50-2\/#primaryimage"},"image":{"@id":"https:\/\/www.csj-emballages.com\/es\/produit\/vaso-de-papel-frio-25cl-por-50-2\/#primaryimage"},"thumbnailUrl":"https:\/\/www.csj-emballages.com\/wp-content\/uploads\/2025\/06\/GM2533CART-1.webp","datePublished":"2025-06-20T11:49:34+00:00","dateModified":"2026-03-12T15:26:10+00:00","description":"Vasos de papel de 25 cl con dise\u00f1o de verano\/snack - Juego de 50. Pr\u00e1cticos, festivos y perfectos para bebidas fr\u00edas para llevar o eventos.","breadcrumb":{"@id":"https:\/\/www.csj-emballages.com\/es\/produit\/vaso-de-papel-frio-25cl-por-50-2\/#breadcrumb"},"inLanguage":"es","potentialAction":[{"@type":"ReadAction","target":["https:\/\/www.csj-emballages.com\/es\/produit\/vaso-de-papel-frio-25cl-por-50-2\/"]}]},{"@type":"ImageObject","inLanguage":"es","@id":"https:\/\/www.csj-emballages.com\/es\/produit\/vaso-de-papel-frio-25cl-por-50-2\/#primaryimage","url":"https:\/\/www.csj-emballages.com\/wp-content\/uploads\/2025\/06\/GM2533CART-1.webp","contentUrl":"https:\/\/www.csj-emballages.com\/wp-content\/uploads\/2025\/06\/GM2533CART-1.webp","width":800,"height":801,"caption":"Gobelet carton"},{"@type":"BreadcrumbList","@id":"https:\/\/www.csj-emballages.com\/es\/produit\/vaso-de-papel-frio-25cl-por-50-2\/#breadcrumb","itemListElement":[{"@type":"ListItem","position":1,"name":"Accueil","item":"https:\/\/www.csj-emballages.com\/es\/universo-del-envasado-alimentario\/"},{"@type":"ListItem","position":2,"name":"Tienda","item":"https:\/\/www.csj-emballages.com\/tienda\/"},{"@type":"ListItem","position":3,"name":"Vaso de papel fr\u00edo 25cl por 50"}]},{"@type":"WebSite","@id":"https:\/\/www.csj-emballages.com\/es\/#website","url":"https:\/\/www.csj-emballages.com\/es\/","name":"CSJ Emballages","description":"","publisher":{"@id":"https:\/\/www.csj-emballages.com\/es\/#organization"},"potentialAction":[{"@type":"SearchAction","target":{"@type":"EntryPoint","urlTemplate":"https:\/\/www.csj-emballages.com\/es\/?s={search_term_string}"},"query-input":{"@type":"PropertyValueSpecification","valueRequired":true,"valueName":"search_term_string"}}],"inLanguage":"es"},{"@type":"Organization","@id":"https:\/\/www.csj-emballages.com\/es\/#Organization\/","name":"CSJ Emballages","url":"https:\/\/www.csj-emballages.com\/es\/","logo":{"@type":"ImageObject","inLanguage":"es","@id":"https:\/\/www.csj-emballages.com\/es\/#\/schema\/logo\/image\/","url":"https:\/\/www.csj-emballages.com\/wp-content\/uploads\/2023\/10\/logo_csj.webp","contentUrl":"https:\/\/www.csj-emballages.com\/wp-content\/uploads\/2023\/10\/logo_csj.webp","width":250,"height":95,"caption":"CSJ Emballages"},"image":{"@id":"https:\/\/www.csj-emballages.com\/es\/#\/schema\/logo\/image\/"},"sameAs":["https:\/\/www.facebook.com\/csjemballages"],"address":{"@type":"PostalAddress","streetAddress":"ZI La Lechere","addressLocality":"Patornay","postalCode":"39130","addressCountry":"FR"},"contactPoint":[{"@type":"ContactPoint","contactType":"Service client","telephone":"0384254272","email":"contact@csj-emballages.com"}]}]}},"df_price":4.16,"df_sale_price":"","df_regular_price":4.16,"df_image_link":"https:\/\/www.csj-emballages.com\/wp-content\/uploads\/2025\/06\/GM2533CART-1-300x300.webp","tiered_pricing_type":"fixed","tiered_pricing_fixed_rules":[],"tiered_pricing_percentage_rules":[],"tiered_pricing_minimum":1,"tiered_pricing_roles_data":[],"_links":{"self":[{"href":"https:\/\/www.csj-emballages.com\/es\/wp-json\/wp\/v2\/product\/236284","targetHints":{"allow":["GET"]}}],"collection":[{"href":"https:\/\/www.csj-emballages.com\/es\/wp-json\/wp\/v2\/product"}],"about":[{"href":"https:\/\/www.csj-emballages.com\/es\/wp-json\/wp\/v2\/types\/product"}],"wp:featuredmedia":[{"embeddable":true,"href":"https:\/\/www.csj-emballages.com\/es\/wp-json\/wp\/v2\/media\/236307"}],"wp:attachment":[{"href":"https:\/\/www.csj-emballages.com\/es\/wp-json\/wp\/v2\/media?parent=236284"}],"wp:term":[{"taxonomy":"product_brand","embeddable":true,"href":"https:\/\/www.csj-emballages.com\/es\/wp-json\/wp\/v2\/product_brand?post=236284"},{"taxonomy":"product_cat","embeddable":true,"href":"https:\/\/www.csj-emballages.com\/es\/wp-json\/wp\/v2\/product_cat?post=236284"},{"taxonomy":"product_tag","embeddable":true,"href":"https:\/\/www.csj-emballages.com\/es\/wp-json\/wp\/v2\/product_tag?post=236284"}],"curies":[{"name":"wp","href":"https:\/\/api.w.org\/{rel}","templated":true}]}}