{"id":236253,"date":"2025-06-20T13:47:47","date_gmt":"2025-06-20T11:47:47","guid":{"rendered":"https:\/\/www.csj-emballages.com\/produit\/caja-kraft-con-ventana-150-x-93-x-53-mm-paquete-de-50\/"},"modified":"2026-04-18T02:12:36","modified_gmt":"2026-04-18T00:12:36","slug":"caja-kraft-con-ventana-150-x-93-x-53-mm-paquete-de-50","status":"publish","type":"product","link":"https:\/\/www.csj-emballages.com\/es\/produit\/caja-kraft-con-ventana-150-x-93-x-53-mm-paquete-de-50\/","title":{"rendered":"Caja kraft con ventana 150 x 93 x 53 mm, paquete de 50"},"content":{"rendered":"<div style=\"font-family: Roboto, sans-serif;\">\n<div style=\"font-family: Roboto, sans-serif;\">\n<div style=\"font-family: Roboto, sans-serif;\">\n<div style=\"font-family: Roboto, sans-serif;\">\n<div style=\"font-family: Roboto, sans-serif;\">\n<div style=\"font-family: Roboto, sans-serif;\">\n<div style=\"font-family: Roboto, sans-serif;\">\n<div style=\"font-family: Roboto, sans-serif;\">\n<div style=\"font-family: Roboto, sans-serif;\">\n<div style=\"font-family: Roboto, sans-serif;\">\n<div style=\"font-family: Roboto, sans-serif;\">\n<div style=\"font-family: Roboto, sans-serif;\">\n<div style=\"font-family: Roboto, sans-serif;\">\n<div class=\"flex flex-grow flex-col max-w-full\">\n<div class=\"min-h-[20px] text-message flex flex-col items-start whitespace-pre-wrap break-words [.text-message+&amp;]:mt-5 juice:w-full juice:items-end overflow-x-auto gap-2\" dir=\"auto\" data-message-author-role=\"assistant\" data-message-id=\"2034782e-88f9-44ef-b4dc-07dd7bf0115f\">\n<div class=\"flex w-full flex-col gap-1 juice:empty:hidden juice:first:pt-[3px]\">\n<div class=\"markdown prose w-full break-words dark:prose-invert light\">\n<div style=\"font-family: Roboto, sans-serif;\">\n<div style=\"font-family: Roboto, sans-serif;\">\n<div style=\"font-family: Roboto, sans-serif;\">\n<div style=\"font-family: Roboto, sans-serif;\">\n<div style=\"font-family: Roboto, sans-serif;\">\n<div style=\"font-family: Roboto, sans-serif;\">\n<h2>Caja envolvente<\/h2>\n<div style=\"font-family: Roboto, sans-serif;\">\n<div style=\"font-family: Roboto, sans-serif;\">\n<div style=\"font-family: Roboto, sans-serif;\">\n<div style=\"text-align: center;\">\n<div style=\"font-family: Roboto, sans-serif;\">\n<div style=\"font-family: Roboto, sans-serif;\">\n<div style=\"font-family: Roboto, sans-serif;\">\n<div style=\"font-family: Roboto, sans-serif;\">\n<div style=\"font-family: Roboto, sans-serif;\">\n<hr>\n<h3 style=\"font-family: Roboto, sans-serif; text-align: left;\">Descripci\u00f3n de nuestra caja kraft con ventana 150 x 93 x 53 mm, paquete de 50<\/h3>\n<\/div>\n<\/div>\n<\/div>\n<\/div>\n<\/div>\n<\/div>\n<\/div>\n<\/div>\n<\/div>\n<\/div>\n<\/div>\n<\/div>\n<\/div>\n<\/div>\n<\/div>\n<\/div>\n<\/div>\n<\/div>\n<\/div>\n<\/div>\n<\/div>\n<\/div>\n<\/div>\n<\/div>\n<\/div>\n<\/div>\n<\/div>\n<\/div>\n<\/div>\n<\/div>\n<\/div>\n<\/div>\n<p><!--more--><\/p>\n<div class=\"flex max-w-full flex-col flex-grow\">\n<div class=\"min-h-8 text-message flex w-full flex-col items-end gap-2 whitespace-normal break-words [.text-message+&amp;]:mt-5\" dir=\"auto\" data-message-author-role=\"assistant\" data-message-id=\"438df6e8-49a2-474e-9d5c-14a6d91e27c5\" data-client-thread-id=\"WEB:f9818d6b-cc00-47a9-ba1c-1549baa0484c\" data-message-model-slug=\"gpt-4o\">\n<div class=\"flex w-full flex-col gap-1 empty:hidden first:pt-[3px]\">\n<div class=\"markdown prose w-full break-words dark:prose-invert light\">\n<p data-start=\"353\" data-end=\"844\">Si busca una forma sencilla y elegante de presentar sus <strong>envoltorios<\/strong>, esta <strong>caja kraft con ventana<\/strong> se convertir\u00e1 r\u00e1pidamente en un elemento imprescindible en su espacio de venta. A primera vista, ya parece fresca: su <strong>color natural<\/strong> resalta los productos, mientras que su gran <strong>ventana transparente<\/strong> permite ver el <strong>envoltorio<\/strong> sin necesidad de abrirla. El resultado: sus clientes pueden ver inmediatamente lo que est\u00e1n comprando, lo que crea una sensaci\u00f3n de confianza y hace que quieran probarlo a\u00fan m\u00e1s.  <\/p>\n<p data-start=\"846\" data-end=\"1337\">Con su formato <strong data-start=\"865\" data-end=\"885\">de 150 x 93 x 53 mm<\/strong>, es el lugar perfecto para un <strong>envoltorio generoso<\/strong>, bien relleno y en posici\u00f3n vertical. El <strong>cart\u00f3n kraft<\/strong> es ligero y robusto a la vez, y protege el contenido manteniendo un aspecto aut\u00e9ntico y moderno. Adem\u00e1s, el cierre inteligente evita que el <strong>envoltorio <\/strong>se deslice o se derrame, incluso durante el transporte. Esto hace que la <strong>caja<\/strong> sea ideal para comida para llevar, almuerzos de esquina, food-trucks y aperitivos que se centran en la rapidez sin sacrificar la presentaci\u00f3n.   <\/p>\n<p data-start=\"1339\" data-end=\"1784\">Adem\u00e1s, esta <strong>caja envolvente<\/strong> encaja perfectamente con un enfoque m\u00e1s responsable gracias a su <strong>acabado kraft<\/strong> sin blanquear. Proporciona inmediatamente una imagen m\u00e1s natural y coherente a los minoristas que desean promocionar sus productos frescos o su compromiso con el medio ambiente. Y como se vende <strong data-start=\"1642\" data-end=\"1659\">en paquetes de 50 unidades<\/strong>, obtendr\u00e1 una cantidad pr\u00e1ctica: suficiente para varios platos, pero no demasiada para mantener una rotaci\u00f3n fluida.  <\/p>\n<p data-start=\"1786\" data-end=\"2012\">En resumen, esta <strong>caja envolvente<\/strong> transforma un simple envase en un aut\u00e9ntico escaparate, mejorando la experiencia del cliente desde el primer vistazo hasta la degustaci\u00f3n.<\/p>\n<p data-start=\"1786\" data-end=\"2012\">\n<\/div>\n<\/div>\n<\/div>\n<\/div>\n<p><!--more--><\/p>\n<h4>Ventajas :<\/h4>\n<ul>\n<li data-start=\"2040\" data-end=\"2094\"><strong>Gran ventana transparente<\/strong> para resaltar el producto.<\/li>\n<li data-start=\"2097\" data-end=\"2136\">Formato dise\u00f1ado para <strong>envoltorios generosos<\/strong>.<\/li>\n<li data-start=\"2139\" data-end=\"2171\">Aspecto kraft natural y moderno.<\/li>\n<li data-start=\"2174\" data-end=\"2211\">Cierre fiable para el transporte.<\/li>\n<li data-start=\"2214\" data-end=\"2263\">Paquete de <strong>50<\/strong>, ideal para uso profesional.<\/li>\n<\/ul>\n<p>&nbsp;<\/p>\n<p><!--more--><\/p>\n<h4>Informaci\u00f3n adicional :<\/h4>\n<ul style=\"font-family: Roboto, sans-serif;\">\n<li><strong>Envase<\/strong>: Paquete de 50<\/li>\n<li><span style=\"font-weight: bold;\">Dimensiones<\/span>: 95 x 53 (L x A en mm)<\/li>\n<li><strong>Altura m\u00ednima<\/strong>: 110 mm<\/li>\n<li><strong>Altura<\/strong>: 152 mm<\/li>\n<li><strong>Color<\/strong>: Natural<\/li>\n<li><strong>Material<\/strong>: Cart\u00f3n \/ PLA<\/li>\n<\/ul>\n<p>&nbsp;<\/p>\n<p style=\"text-align: left;\"><!--more--><\/p>\n<p><a href=\"https:\/\/www.csj-emballages.com\/es\/categorie-produit\/envasado-de-alimentos\/catering-es\/cajas-bandejas-bolsas-conos\/patatas-fritas-tortitas-tacos-wraps\/\">Ver el resto de nuestra gama de bolsas para patatas fritas \/ tortitas \/ tacos \/ wraps<\/a><\/p>\n","protected":false},"excerpt":{"rendered":"<p>Caja envolvente Descripci\u00f3n de nuestra caja kraft con ventana 150 x 93 x 53 mm, paquete de 50<\/p>\n","protected":false},"featured_media":255926,"template":"","meta":{"_acf_changed":false},"product_brand":[],"product_cat":[1150,1179,3878,3081],"product_tag":[],"class_list":{"0":"post-236253","1":"product","2":"type-product","3":"status-publish","4":"has-post-thumbnail","6":"product_cat-envasado-de-alimentos","7":"product_cat-catering-es","8":"product_cat-cajas-bandejas-bolsas-conos","9":"product_cat-patatas-fritas-tortitas-tacos-wraps","11":"first","12":"instock","13":"taxable","14":"shipping-taxable","15":"purchasable","16":"product-type-simple"},"acf":[],"yoast_head":"<!-- This site is optimized with the Yoast SEO Premium plugin v26.6 (Yoast SEO v26.6) - https:\/\/yoast.com\/wordpress\/plugins\/seo\/ -->\n<title>Caja kraft con ventana 150 x 93 x 53 mm, paquete de 50<\/title>\n<meta name=\"description\" content=\"Caja kraft con ventana PLA 150 x 93 x 53 mm - ideal para envoltorios de comida para llevar. Resistente, reciclable y perfecto para vender.\" \/>\n<meta name=\"robots\" content=\"index, follow, max-snippet:-1, max-image-preview:large, max-video-preview:-1\" \/>\n<link rel=\"canonical\" href=\"https:\/\/www.csj-emballages.com\/es\/produit\/caja-kraft-con-ventana-150-x-93-x-53-mm-paquete-de-50\/\" \/>\n<meta property=\"og:locale\" content=\"es_ES\" \/>\n<meta property=\"og:type\" content=\"article\" \/>\n<meta property=\"og:title\" content=\"Caja kraft con ventana 150 x 93 x 53 mm, paquete de 50\" \/>\n<meta property=\"og:description\" content=\"Caja kraft con ventana PLA 150 x 93 x 53 mm - ideal para envoltorios de comida para llevar. Resistente, reciclable y perfecto para vender.\" \/>\n<meta property=\"og:url\" content=\"https:\/\/www.csj-emballages.com\/es\/produit\/caja-kraft-con-ventana-150-x-93-x-53-mm-paquete-de-50\/\" \/>\n<meta property=\"og:site_name\" content=\"CSJ Emballages\" \/>\n<meta property=\"article:publisher\" content=\"https:\/\/www.facebook.com\/csjemballages\" \/>\n<meta property=\"article:modified_time\" content=\"2026-04-18T00:12:36+00:00\" \/>\n<meta property=\"og:image\" content=\"https:\/\/www.csj-emballages.com\/wp-content\/uploads\/2025\/06\/BPWRAP-1.webp\" \/>\n\t<meta property=\"og:image:width\" content=\"800\" \/>\n\t<meta property=\"og:image:height\" content=\"800\" \/>\n\t<meta property=\"og:image:type\" content=\"image\/webp\" \/>\n<meta name=\"twitter:card\" content=\"summary_large_image\" \/>\n<meta name=\"twitter:label1\" content=\"Tiempo de lectura\" \/>\n\t<meta name=\"twitter:data1\" content=\"2 minutos\" \/>\n<script type=\"application\/ld+json\" class=\"yoast-schema-graph\">{\"@context\":\"https:\/\/schema.org\",\"@graph\":[{\"@type\":\"WebPage\",\"@id\":\"https:\/\/www.csj-emballages.com\/es\/produit\/caja-kraft-con-ventana-150-x-93-x-53-mm-paquete-de-50\/\",\"url\":\"https:\/\/www.csj-emballages.com\/es\/produit\/caja-kraft-con-ventana-150-x-93-x-53-mm-paquete-de-50\/\",\"name\":\"Caja kraft con ventana 150 x 93 x 53 mm, paquete de 50\",\"isPartOf\":{\"@id\":\"https:\/\/www.csj-emballages.com\/es\/#website\"},\"primaryImageOfPage\":{\"@id\":\"https:\/\/www.csj-emballages.com\/es\/produit\/caja-kraft-con-ventana-150-x-93-x-53-mm-paquete-de-50\/#primaryimage\"},\"image\":{\"@id\":\"https:\/\/www.csj-emballages.com\/es\/produit\/caja-kraft-con-ventana-150-x-93-x-53-mm-paquete-de-50\/#primaryimage\"},\"thumbnailUrl\":\"https:\/\/www.csj-emballages.com\/wp-content\/uploads\/2025\/06\/BPWRAP-1.webp\",\"datePublished\":\"2025-06-20T11:47:47+00:00\",\"dateModified\":\"2026-04-18T00:12:36+00:00\",\"description\":\"Caja kraft con ventana PLA 150 x 93 x 53 mm - ideal para envoltorios de comida para llevar. Resistente, reciclable y perfecto para vender.\",\"breadcrumb\":{\"@id\":\"https:\/\/www.csj-emballages.com\/es\/produit\/caja-kraft-con-ventana-150-x-93-x-53-mm-paquete-de-50\/#breadcrumb\"},\"inLanguage\":\"es\",\"potentialAction\":[{\"@type\":\"ReadAction\",\"target\":[\"https:\/\/www.csj-emballages.com\/es\/produit\/caja-kraft-con-ventana-150-x-93-x-53-mm-paquete-de-50\/\"]}]},{\"@type\":\"ImageObject\",\"inLanguage\":\"es\",\"@id\":\"https:\/\/www.csj-emballages.com\/es\/produit\/caja-kraft-con-ventana-150-x-93-x-53-mm-paquete-de-50\/#primaryimage\",\"url\":\"https:\/\/www.csj-emballages.com\/wp-content\/uploads\/2025\/06\/BPWRAP-1.webp\",\"contentUrl\":\"https:\/\/www.csj-emballages.com\/wp-content\/uploads\/2025\/06\/BPWRAP-1.webp\",\"width\":800,\"height\":800,\"caption\":\"Boite wrap\"},{\"@type\":\"BreadcrumbList\",\"@id\":\"https:\/\/www.csj-emballages.com\/es\/produit\/caja-kraft-con-ventana-150-x-93-x-53-mm-paquete-de-50\/#breadcrumb\",\"itemListElement\":[{\"@type\":\"ListItem\",\"position\":1,\"name\":\"Accueil\",\"item\":\"https:\/\/www.csj-emballages.com\/es\/universo-del-envasado-alimentario\/\"},{\"@type\":\"ListItem\",\"position\":2,\"name\":\"Tienda\",\"item\":\"https:\/\/www.csj-emballages.com\/tienda\/\"},{\"@type\":\"ListItem\",\"position\":3,\"name\":\"Caja kraft con ventana 150 x 93 x 53 mm, paquete de 50\"}]},{\"@type\":\"WebSite\",\"@id\":\"https:\/\/www.csj-emballages.com\/es\/#website\",\"url\":\"https:\/\/www.csj-emballages.com\/es\/\",\"name\":\"CSJ Emballages\",\"description\":\"\",\"publisher\":{\"@id\":\"https:\/\/www.csj-emballages.com\/es\/#organization\"},\"potentialAction\":[{\"@type\":\"SearchAction\",\"target\":{\"@type\":\"EntryPoint\",\"urlTemplate\":\"https:\/\/www.csj-emballages.com\/es\/?s={search_term_string}\"},\"query-input\":{\"@type\":\"PropertyValueSpecification\",\"valueRequired\":true,\"valueName\":\"search_term_string\"}}],\"inLanguage\":\"es\"},{\"@type\":\"Organization\",\"@id\":\"https:\/\/www.csj-emballages.com\/es\/#Organization\/\",\"name\":\"CSJ Emballages\",\"url\":\"https:\/\/www.csj-emballages.com\/es\/\",\"logo\":{\"@type\":\"ImageObject\",\"inLanguage\":\"es\",\"@id\":\"https:\/\/www.csj-emballages.com\/es\/#\/schema\/logo\/image\/\",\"url\":\"https:\/\/www.csj-emballages.com\/wp-content\/uploads\/2023\/10\/logo_csj.webp\",\"contentUrl\":\"https:\/\/www.csj-emballages.com\/wp-content\/uploads\/2023\/10\/logo_csj.webp\",\"width\":250,\"height\":95,\"caption\":\"CSJ Emballages\"},\"image\":{\"@id\":\"https:\/\/www.csj-emballages.com\/es\/#\/schema\/logo\/image\/\"},\"sameAs\":[\"https:\/\/www.facebook.com\/csjemballages\"],\"address\":{\"@type\":\"PostalAddress\",\"streetAddress\":\"ZI La Lechere\",\"addressLocality\":\"Patornay\",\"postalCode\":\"39130\",\"addressCountry\":\"FR\"},\"contactPoint\":[{\"@type\":\"ContactPoint\",\"contactType\":\"Service client\",\"telephone\":\"0384254272\",\"email\":\"contact@csj-emballages.com\"}]}]}<\/script>\n<!-- \/ Yoast SEO Premium plugin. -->","yoast_head_json":{"title":"Caja kraft con ventana 150 x 93 x 53 mm, paquete de 50","description":"Caja kraft con ventana PLA 150 x 93 x 53 mm - ideal para envoltorios de comida para llevar. Resistente, reciclable y perfecto para vender.","robots":{"index":"index","follow":"follow","max-snippet":"max-snippet:-1","max-image-preview":"max-image-preview:large","max-video-preview":"max-video-preview:-1"},"canonical":"https:\/\/www.csj-emballages.com\/es\/produit\/caja-kraft-con-ventana-150-x-93-x-53-mm-paquete-de-50\/","og_locale":"es_ES","og_type":"article","og_title":"Caja kraft con ventana 150 x 93 x 53 mm, paquete de 50","og_description":"Caja kraft con ventana PLA 150 x 93 x 53 mm - ideal para envoltorios de comida para llevar. Resistente, reciclable y perfecto para vender.","og_url":"https:\/\/www.csj-emballages.com\/es\/produit\/caja-kraft-con-ventana-150-x-93-x-53-mm-paquete-de-50\/","og_site_name":"CSJ Emballages","article_publisher":"https:\/\/www.facebook.com\/csjemballages","article_modified_time":"2026-04-18T00:12:36+00:00","og_image":[{"width":800,"height":800,"url":"https:\/\/www.csj-emballages.com\/wp-content\/uploads\/2025\/06\/BPWRAP-1.webp","type":"image\/webp"}],"twitter_card":"summary_large_image","twitter_misc":{"Tiempo de lectura":"2 minutos"},"schema":{"@context":"https:\/\/schema.org","@graph":[{"@type":"WebPage","@id":"https:\/\/www.csj-emballages.com\/es\/produit\/caja-kraft-con-ventana-150-x-93-x-53-mm-paquete-de-50\/","url":"https:\/\/www.csj-emballages.com\/es\/produit\/caja-kraft-con-ventana-150-x-93-x-53-mm-paquete-de-50\/","name":"Caja kraft con ventana 150 x 93 x 53 mm, paquete de 50","isPartOf":{"@id":"https:\/\/www.csj-emballages.com\/es\/#website"},"primaryImageOfPage":{"@id":"https:\/\/www.csj-emballages.com\/es\/produit\/caja-kraft-con-ventana-150-x-93-x-53-mm-paquete-de-50\/#primaryimage"},"image":{"@id":"https:\/\/www.csj-emballages.com\/es\/produit\/caja-kraft-con-ventana-150-x-93-x-53-mm-paquete-de-50\/#primaryimage"},"thumbnailUrl":"https:\/\/www.csj-emballages.com\/wp-content\/uploads\/2025\/06\/BPWRAP-1.webp","datePublished":"2025-06-20T11:47:47+00:00","dateModified":"2026-04-18T00:12:36+00:00","description":"Caja kraft con ventana PLA 150 x 93 x 53 mm - ideal para envoltorios de comida para llevar. Resistente, reciclable y perfecto para vender.","breadcrumb":{"@id":"https:\/\/www.csj-emballages.com\/es\/produit\/caja-kraft-con-ventana-150-x-93-x-53-mm-paquete-de-50\/#breadcrumb"},"inLanguage":"es","potentialAction":[{"@type":"ReadAction","target":["https:\/\/www.csj-emballages.com\/es\/produit\/caja-kraft-con-ventana-150-x-93-x-53-mm-paquete-de-50\/"]}]},{"@type":"ImageObject","inLanguage":"es","@id":"https:\/\/www.csj-emballages.com\/es\/produit\/caja-kraft-con-ventana-150-x-93-x-53-mm-paquete-de-50\/#primaryimage","url":"https:\/\/www.csj-emballages.com\/wp-content\/uploads\/2025\/06\/BPWRAP-1.webp","contentUrl":"https:\/\/www.csj-emballages.com\/wp-content\/uploads\/2025\/06\/BPWRAP-1.webp","width":800,"height":800,"caption":"Boite wrap"},{"@type":"BreadcrumbList","@id":"https:\/\/www.csj-emballages.com\/es\/produit\/caja-kraft-con-ventana-150-x-93-x-53-mm-paquete-de-50\/#breadcrumb","itemListElement":[{"@type":"ListItem","position":1,"name":"Accueil","item":"https:\/\/www.csj-emballages.com\/es\/universo-del-envasado-alimentario\/"},{"@type":"ListItem","position":2,"name":"Tienda","item":"https:\/\/www.csj-emballages.com\/tienda\/"},{"@type":"ListItem","position":3,"name":"Caja kraft con ventana 150 x 93 x 53 mm, paquete de 50"}]},{"@type":"WebSite","@id":"https:\/\/www.csj-emballages.com\/es\/#website","url":"https:\/\/www.csj-emballages.com\/es\/","name":"CSJ Emballages","description":"","publisher":{"@id":"https:\/\/www.csj-emballages.com\/es\/#organization"},"potentialAction":[{"@type":"SearchAction","target":{"@type":"EntryPoint","urlTemplate":"https:\/\/www.csj-emballages.com\/es\/?s={search_term_string}"},"query-input":{"@type":"PropertyValueSpecification","valueRequired":true,"valueName":"search_term_string"}}],"inLanguage":"es"},{"@type":"Organization","@id":"https:\/\/www.csj-emballages.com\/es\/#Organization\/","name":"CSJ Emballages","url":"https:\/\/www.csj-emballages.com\/es\/","logo":{"@type":"ImageObject","inLanguage":"es","@id":"https:\/\/www.csj-emballages.com\/es\/#\/schema\/logo\/image\/","url":"https:\/\/www.csj-emballages.com\/wp-content\/uploads\/2023\/10\/logo_csj.webp","contentUrl":"https:\/\/www.csj-emballages.com\/wp-content\/uploads\/2023\/10\/logo_csj.webp","width":250,"height":95,"caption":"CSJ Emballages"},"image":{"@id":"https:\/\/www.csj-emballages.com\/es\/#\/schema\/logo\/image\/"},"sameAs":["https:\/\/www.facebook.com\/csjemballages"],"address":{"@type":"PostalAddress","streetAddress":"ZI La Lechere","addressLocality":"Patornay","postalCode":"39130","addressCountry":"FR"},"contactPoint":[{"@type":"ContactPoint","contactType":"Service client","telephone":"0384254272","email":"contact@csj-emballages.com"}]}]}},"df_price":12.23,"df_sale_price":"","df_regular_price":12.23,"df_image_link":"https:\/\/www.csj-emballages.com\/wp-content\/uploads\/2025\/06\/BPWRAP-1-300x300.webp","tiered_pricing_type":"fixed","tiered_pricing_fixed_rules":[],"tiered_pricing_percentage_rules":[],"tiered_pricing_minimum":1,"tiered_pricing_roles_data":[],"_links":{"self":[{"href":"https:\/\/www.csj-emballages.com\/es\/wp-json\/wp\/v2\/product\/236253","targetHints":{"allow":["GET"]}}],"collection":[{"href":"https:\/\/www.csj-emballages.com\/es\/wp-json\/wp\/v2\/product"}],"about":[{"href":"https:\/\/www.csj-emballages.com\/es\/wp-json\/wp\/v2\/types\/product"}],"wp:featuredmedia":[{"embeddable":true,"href":"https:\/\/www.csj-emballages.com\/es\/wp-json\/wp\/v2\/media\/255926"}],"wp:attachment":[{"href":"https:\/\/www.csj-emballages.com\/es\/wp-json\/wp\/v2\/media?parent=236253"}],"wp:term":[{"taxonomy":"product_brand","embeddable":true,"href":"https:\/\/www.csj-emballages.com\/es\/wp-json\/wp\/v2\/product_brand?post=236253"},{"taxonomy":"product_cat","embeddable":true,"href":"https:\/\/www.csj-emballages.com\/es\/wp-json\/wp\/v2\/product_cat?post=236253"},{"taxonomy":"product_tag","embeddable":true,"href":"https:\/\/www.csj-emballages.com\/es\/wp-json\/wp\/v2\/product_tag?post=236253"}],"curies":[{"name":"wp","href":"https:\/\/api.w.org\/{rel}","templated":true}]}}