{"id":236153,"date":"2025-06-19T15:08:25","date_gmt":"2025-06-19T13:08:25","guid":{"rendered":"https:\/\/www.csj-emballages.com\/produit\/cordon-redondo-blanco-o24-cm-por-250\/"},"modified":"2026-04-11T02:12:44","modified_gmt":"2026-04-11T00:12:44","slug":"cordon-redondo-blanco-o24-cm-por-250","status":"publish","type":"product","link":"https:\/\/www.csj-emballages.com\/es\/produit\/cordon-redondo-blanco-o24-cm-por-250\/","title":{"rendered":"Cord\u00f3n redondo blanco \u00d824 cm por 250"},"content":{"rendered":"<h2 class=\"p1 ai-optimize-33\">Encaje blanco redondo<\/h2>\n<hr>\n<h3 class=\"ai-optimize-34\">Descripci\u00f3n de nuestro encaje blanco redondo \u00d824 cm por 250<\/h3>\n<p><!--more--><\/p>\n<p class=\"ai-optimize-33 ai-optimize-introduction\" data-start=\"348\" data-end=\"636\">Porque cada detalle cuenta a la hora de presentar sus productos o preparaciones, estas bandejas <strong data-start=\"437\" data-end=\"473\">redondas de encaje blanco de 24 cm<\/strong> son el accesorio perfecto para realzar sus creaciones dulces o saladas. Fabricadas en papel de calidad, combinan <strong data-start=\"591\" data-end=\"603\">elegancia<\/strong>, <strong data-start=\"605\" data-end=\"616\">higiene<\/strong> y <strong data-start=\"620\" data-end=\"635\">versatilidad<\/strong>. Perfectas para <strong data-start=\"657\" data-end=\"670\">hosteleros<\/strong>, <strong data-start=\"672\" data-end=\"697\">panaderos<\/strong>, <strong data-start=\"699\" data-end=\"716\">restauradores<\/strong> e incluso para los <strong data-start=\"729\" data-end=\"755\">consumidores m\u00e1s exigentes<\/strong>, estas <strong>bandejas de<\/strong> encaje realzar\u00e1n una <strong data-start=\"814\" data-end=\"824\">tarta<\/strong>, una <strong data-start=\"829\" data-end=\"852\">tabla de quesos<\/strong> o una <strong data-start=\"860\" data-end=\"880\">delicatessen<\/strong>, al tiempo que garantizan una separaci\u00f3n limpia entre la preparaci\u00f3n y el soporte.  <\/p>\n<p class=\"ai-optimize-35\" data-start=\"967\" data-end=\"1244\">Su di\u00e1metro <strong data-start=\"984\" data-end=\"993\">de 24 cm<\/strong> es ideal para presentaciones individuales o compartidas, en platos, en cajas de pasteler\u00eda o en bandejas de recepci\u00f3n. Este formato tambi\u00e9n es adecuado para vitrinas refrigeradas o buffets para un toque instant\u00e1neo de refinamiento. <\/p>\n<p class=\"ai-optimize-36\" data-start=\"1246\" data-end=\"1537\">Tambi\u00e9n disponibles en <strong data-start=\"1260\" data-end=\"1281\">paquetes de 250<\/strong>, estos <strong>cordones<\/strong> garantizan un buen stock para sus eventos, servicios de catering o producci\u00f3n en serie. El patr\u00f3n finamente trabajado a\u00f1ade un <strong data-start=\"1431\" data-end=\"1464\">toque pulcro y tradicional<\/strong>, a la vez que se adapta tanto a entornos cl\u00e1sicos como contempor\u00e1neos. <\/p>\n<p class=\"ai-optimize-37\" data-start=\"1539\" data-end=\"1637\">En resumen, es un art\u00edculo imprescindible para cualquiera que desee combinar <strong data-start=\"1593\" data-end=\"1636\">la practicidad con la est\u00e9tica profesional<\/strong>.<\/p>\n<p data-start=\"1539\" data-end=\"1637\">\n<p data-start=\"100\" data-end=\"556\"><!--more--><\/p>\n<h4 class=\"ai-optimize-39\" data-start=\"100\" data-end=\"556\">Sus ventajas:<\/h4>\n<ul>\n<li class=\"ai-optimize-40\" data-start=\"678\" data-end=\"771\">A\u00f1ade un acabado elegante y profesional a sus presentaciones.<\/li>\n<li class=\"ai-optimize-41\" data-start=\"772\" data-end=\"865\">Formato vers\u00e1til de \u00d824 cm, ideal para tartas y bandejas.<\/li>\n<li class=\"ai-optimize-42\" data-start=\"866\" data-end=\"963\"><strong>Higi\u00e9nico<\/strong>: evita el contacto directo con los sustratos.<\/li>\n<li class=\"ai-optimize-43\" data-start=\"964\" data-end=\"1046\" data-is-only-node=\"\">Paquete de 250 piezas: econ\u00f3mico para un uso regular.<\/li>\n<\/ul>\n<p>&nbsp;<\/p>\n<p><!--more--><\/p>\n<h4 class=\"ai-optimize-44\" data-start=\"558\" data-end=\"575\">Informaci\u00f3n adicional :<\/h4>\n<ul>\n<li class=\"ai-optimize-45\"><strong>Envase<\/strong>: Paquete de 250<\/li>\n<li class=\"ai-optimize-47\"><strong>Di\u00e1metro<\/strong>: 24 cm<\/li>\n<li class=\"ai-optimize-50\"><strong>Material<\/strong>: Papel sulfurizado<\/li>\n<li class=\"ai-optimize-40\"><strong>Gramaje<\/strong>: 55 g\/m\u00b2.<\/li>\n<li class=\"ai-optimize-51\"><strong>Color<\/strong>: blanco<\/li>\n<\/ul>\n<p>&nbsp;<\/p>\n<p><!--more--><\/p>\n<p class=\"ai-optimize-41\">Encuentre aqu\u00ed todas las tallas disponibles para estos cordones: <span style=\"color: #d12727;\"><a style=\"color: #d12727;\" href=\"https:\/\/www.csj-emballages.com\/es\/produit\/250-encaje-blanco-redondo-o-22-cm\/\">\u00d822<\/a><\/span> \/ <span style=\"color: #d12727;\"><a style=\"color: #d12727;\" href=\"https:\/\/www.csj-emballages.com\/produit\/250-dentelles-rondes-blanches-o-26-cm\/\">\u00d826<\/a><\/span> \/ <span style=\"color: #d12727;\"><a style=\"color: #d12727;\" href=\"https:\/\/www.csj-emballages.com\/produit\/250-dentelle-ronde-blanche-o-27-cm-2\/\">\u00d827<\/a><\/span> \/ <span style=\"color: #d12727;\"><a style=\"color: #d12727;\" href=\"https:\/\/www.csj-emballages.com\/produit\/250-dentelles-rondes-blanches-o-27-cm\/\">\u00d828<\/a><\/span> \/ <span style=\"color: #d12727;\"><a style=\"color: #d12727;\" href=\"https:\/\/www.csj-emballages.com\/produit\/250-dentelles-rondes-blanches-o-30-cm\/\">\u00d830<\/a><\/span> \/ <span style=\"color: #d12727;\"><a style=\"color: #d12727;\" href=\"https:\/\/www.csj-emballages.com\/produit\/250-dentelles-rondes-blanches-o-40-cm\/\">\u00d840<\/a><\/span><\/p>\n<p>&nbsp;<\/p>\n<p><!--more--><\/p>\n<p class=\"ai-optimize-53\"><a href=\"https:\/\/www.csj-emballages.com\/es\/categorie-produit\/envasado-de-alimentos\/catering-es\/cajas-bandejas-bolsas-conos\/bandejas-cajas-de-carton\/bandejas-de-carton-para-virutas\/\">Ver el resto de nuestra gama de bandejas de cart\u00f3n para patatas fritas<\/a><\/p>\n","protected":false},"excerpt":{"rendered":"<p>Encaje blanco redondo Descripci\u00f3n de nuestro encaje blanco redondo \u00d824 cm por 250<\/p>\n","protected":false},"featured_media":236151,"template":"","meta":{"_acf_changed":false},"product_brand":[],"product_cat":[1150,1145,1911,2557,2558],"product_tag":[],"class_list":{"0":"post-236153","1":"product","2":"type-product","3":"status-publish","4":"has-post-thumbnail","6":"product_cat-envasado-de-alimentos","7":"product_cat-panaderia-y-pasteleria","8":"product_cat-soportes-de-base-para-tartas","9":"product_cat-encaje","10":"product_cat-encaje-redondo","12":"first","13":"instock","14":"taxable","15":"shipping-taxable","16":"purchasable","17":"product-type-simple"},"acf":[],"yoast_head":"<!-- This site is optimized with the Yoast SEO Premium plugin v26.6 (Yoast SEO v26.6) - https:\/\/yoast.com\/wordpress\/plugins\/seo\/ -->\n<title>Cord\u00f3n Redondo Blanco \u00d824 cm \u00e0 250<\/title>\n<meta name=\"description\" content=\"Puntilla de papel blanca redonda \u00d824 cm - Lote de 250. Perfectas para realzar con elegancia sus tartas, bandejas y presentaciones de catering.\" \/>\n<meta name=\"robots\" content=\"index, follow, max-snippet:-1, max-image-preview:large, max-video-preview:-1\" \/>\n<link rel=\"canonical\" href=\"https:\/\/www.csj-emballages.com\/es\/produit\/cordon-redondo-blanco-o24-cm-por-250\/\" \/>\n<meta property=\"og:locale\" content=\"es_ES\" \/>\n<meta property=\"og:type\" content=\"article\" \/>\n<meta property=\"og:title\" content=\"Cord\u00f3n redondo blanco \u00d824 cm por 250\" \/>\n<meta property=\"og:description\" content=\"Puntilla de papel blanca redonda \u00d824 cm - Lote de 250. Perfectas para realzar con elegancia sus tartas, bandejas y presentaciones de catering.\" \/>\n<meta property=\"og:url\" content=\"https:\/\/www.csj-emballages.com\/es\/produit\/cordon-redondo-blanco-o24-cm-por-250\/\" \/>\n<meta property=\"og:site_name\" content=\"CSJ Emballages\" \/>\n<meta property=\"article:publisher\" content=\"https:\/\/www.facebook.com\/csjemballages\" \/>\n<meta property=\"article:modified_time\" content=\"2026-04-11T00:12:44+00:00\" \/>\n<meta property=\"og:image\" content=\"https:\/\/www.csj-emballages.com\/wp-content\/uploads\/2025\/06\/DENT24.webp\" \/>\n\t<meta property=\"og:image:width\" content=\"800\" \/>\n\t<meta property=\"og:image:height\" content=\"800\" \/>\n\t<meta property=\"og:image:type\" content=\"image\/webp\" \/>\n<meta name=\"twitter:card\" content=\"summary_large_image\" \/>\n<meta name=\"twitter:label1\" content=\"Tiempo de lectura\" \/>\n\t<meta name=\"twitter:data1\" content=\"1 minuto\" \/>\n<script type=\"application\/ld+json\" class=\"yoast-schema-graph\">{\"@context\":\"https:\/\/schema.org\",\"@graph\":[{\"@type\":\"WebPage\",\"@id\":\"https:\/\/www.csj-emballages.com\/es\/produit\/cordon-redondo-blanco-o24-cm-por-250\/\",\"url\":\"https:\/\/www.csj-emballages.com\/es\/produit\/cordon-redondo-blanco-o24-cm-por-250\/\",\"name\":\"Cord\u00f3n Redondo Blanco \u00d824 cm \u00e0 250\",\"isPartOf\":{\"@id\":\"https:\/\/www.csj-emballages.com\/es\/#website\"},\"primaryImageOfPage\":{\"@id\":\"https:\/\/www.csj-emballages.com\/es\/produit\/cordon-redondo-blanco-o24-cm-por-250\/#primaryimage\"},\"image\":{\"@id\":\"https:\/\/www.csj-emballages.com\/es\/produit\/cordon-redondo-blanco-o24-cm-por-250\/#primaryimage\"},\"thumbnailUrl\":\"https:\/\/www.csj-emballages.com\/wp-content\/uploads\/2025\/06\/DENT24.webp\",\"datePublished\":\"2025-06-19T13:08:25+00:00\",\"dateModified\":\"2026-04-11T00:12:44+00:00\",\"description\":\"Puntilla de papel blanca redonda \u00d824 cm - Lote de 250. Perfectas para realzar con elegancia sus tartas, bandejas y presentaciones de catering.\",\"breadcrumb\":{\"@id\":\"https:\/\/www.csj-emballages.com\/es\/produit\/cordon-redondo-blanco-o24-cm-por-250\/#breadcrumb\"},\"inLanguage\":\"es\",\"potentialAction\":[{\"@type\":\"ReadAction\",\"target\":[\"https:\/\/www.csj-emballages.com\/es\/produit\/cordon-redondo-blanco-o24-cm-por-250\/\"]}]},{\"@type\":\"ImageObject\",\"inLanguage\":\"es\",\"@id\":\"https:\/\/www.csj-emballages.com\/es\/produit\/cordon-redondo-blanco-o24-cm-por-250\/#primaryimage\",\"url\":\"https:\/\/www.csj-emballages.com\/wp-content\/uploads\/2025\/06\/DENT24.webp\",\"contentUrl\":\"https:\/\/www.csj-emballages.com\/wp-content\/uploads\/2025\/06\/DENT24.webp\",\"width\":800,\"height\":800,\"caption\":\"Dentelle ronde blanche\"},{\"@type\":\"BreadcrumbList\",\"@id\":\"https:\/\/www.csj-emballages.com\/es\/produit\/cordon-redondo-blanco-o24-cm-por-250\/#breadcrumb\",\"itemListElement\":[{\"@type\":\"ListItem\",\"position\":1,\"name\":\"Accueil\",\"item\":\"https:\/\/www.csj-emballages.com\/es\/universo-del-envasado-alimentario\/\"},{\"@type\":\"ListItem\",\"position\":2,\"name\":\"Tienda\",\"item\":\"https:\/\/www.csj-emballages.com\/tienda\/\"},{\"@type\":\"ListItem\",\"position\":3,\"name\":\"Cord\u00f3n redondo blanco \u00d824 cm por 250\"}]},{\"@type\":\"WebSite\",\"@id\":\"https:\/\/www.csj-emballages.com\/es\/#website\",\"url\":\"https:\/\/www.csj-emballages.com\/es\/\",\"name\":\"CSJ Emballages\",\"description\":\"\",\"publisher\":{\"@id\":\"https:\/\/www.csj-emballages.com\/es\/#organization\"},\"potentialAction\":[{\"@type\":\"SearchAction\",\"target\":{\"@type\":\"EntryPoint\",\"urlTemplate\":\"https:\/\/www.csj-emballages.com\/es\/?s={search_term_string}\"},\"query-input\":{\"@type\":\"PropertyValueSpecification\",\"valueRequired\":true,\"valueName\":\"search_term_string\"}}],\"inLanguage\":\"es\"},{\"@type\":\"Organization\",\"@id\":\"https:\/\/www.csj-emballages.com\/es\/#Organization\/\",\"name\":\"CSJ Emballages\",\"url\":\"https:\/\/www.csj-emballages.com\/es\/\",\"logo\":{\"@type\":\"ImageObject\",\"inLanguage\":\"es\",\"@id\":\"https:\/\/www.csj-emballages.com\/es\/#\/schema\/logo\/image\/\",\"url\":\"https:\/\/www.csj-emballages.com\/wp-content\/uploads\/2023\/10\/logo_csj.webp\",\"contentUrl\":\"https:\/\/www.csj-emballages.com\/wp-content\/uploads\/2023\/10\/logo_csj.webp\",\"width\":250,\"height\":95,\"caption\":\"CSJ Emballages\"},\"image\":{\"@id\":\"https:\/\/www.csj-emballages.com\/es\/#\/schema\/logo\/image\/\"},\"sameAs\":[\"https:\/\/www.facebook.com\/csjemballages\"],\"address\":{\"@type\":\"PostalAddress\",\"streetAddress\":\"ZI La Lechere\",\"addressLocality\":\"Patornay\",\"postalCode\":\"39130\",\"addressCountry\":\"FR\"},\"contactPoint\":[{\"@type\":\"ContactPoint\",\"contactType\":\"Service client\",\"telephone\":\"0384254272\",\"email\":\"contact@csj-emballages.com\"}]}]}<\/script>\n<!-- \/ Yoast SEO Premium plugin. -->","yoast_head_json":{"title":"Cord\u00f3n Redondo Blanco \u00d824 cm \u00e0 250","description":"Puntilla de papel blanca redonda \u00d824 cm - Lote de 250. Perfectas para realzar con elegancia sus tartas, bandejas y presentaciones de catering.","robots":{"index":"index","follow":"follow","max-snippet":"max-snippet:-1","max-image-preview":"max-image-preview:large","max-video-preview":"max-video-preview:-1"},"canonical":"https:\/\/www.csj-emballages.com\/es\/produit\/cordon-redondo-blanco-o24-cm-por-250\/","og_locale":"es_ES","og_type":"article","og_title":"Cord\u00f3n redondo blanco \u00d824 cm por 250","og_description":"Puntilla de papel blanca redonda \u00d824 cm - Lote de 250. Perfectas para realzar con elegancia sus tartas, bandejas y presentaciones de catering.","og_url":"https:\/\/www.csj-emballages.com\/es\/produit\/cordon-redondo-blanco-o24-cm-por-250\/","og_site_name":"CSJ Emballages","article_publisher":"https:\/\/www.facebook.com\/csjemballages","article_modified_time":"2026-04-11T00:12:44+00:00","og_image":[{"width":800,"height":800,"url":"https:\/\/www.csj-emballages.com\/wp-content\/uploads\/2025\/06\/DENT24.webp","type":"image\/webp"}],"twitter_card":"summary_large_image","twitter_misc":{"Tiempo de lectura":"1 minuto"},"schema":{"@context":"https:\/\/schema.org","@graph":[{"@type":"WebPage","@id":"https:\/\/www.csj-emballages.com\/es\/produit\/cordon-redondo-blanco-o24-cm-por-250\/","url":"https:\/\/www.csj-emballages.com\/es\/produit\/cordon-redondo-blanco-o24-cm-por-250\/","name":"Cord\u00f3n Redondo Blanco \u00d824 cm \u00e0 250","isPartOf":{"@id":"https:\/\/www.csj-emballages.com\/es\/#website"},"primaryImageOfPage":{"@id":"https:\/\/www.csj-emballages.com\/es\/produit\/cordon-redondo-blanco-o24-cm-por-250\/#primaryimage"},"image":{"@id":"https:\/\/www.csj-emballages.com\/es\/produit\/cordon-redondo-blanco-o24-cm-por-250\/#primaryimage"},"thumbnailUrl":"https:\/\/www.csj-emballages.com\/wp-content\/uploads\/2025\/06\/DENT24.webp","datePublished":"2025-06-19T13:08:25+00:00","dateModified":"2026-04-11T00:12:44+00:00","description":"Puntilla de papel blanca redonda \u00d824 cm - Lote de 250. Perfectas para realzar con elegancia sus tartas, bandejas y presentaciones de catering.","breadcrumb":{"@id":"https:\/\/www.csj-emballages.com\/es\/produit\/cordon-redondo-blanco-o24-cm-por-250\/#breadcrumb"},"inLanguage":"es","potentialAction":[{"@type":"ReadAction","target":["https:\/\/www.csj-emballages.com\/es\/produit\/cordon-redondo-blanco-o24-cm-por-250\/"]}]},{"@type":"ImageObject","inLanguage":"es","@id":"https:\/\/www.csj-emballages.com\/es\/produit\/cordon-redondo-blanco-o24-cm-por-250\/#primaryimage","url":"https:\/\/www.csj-emballages.com\/wp-content\/uploads\/2025\/06\/DENT24.webp","contentUrl":"https:\/\/www.csj-emballages.com\/wp-content\/uploads\/2025\/06\/DENT24.webp","width":800,"height":800,"caption":"Dentelle ronde blanche"},{"@type":"BreadcrumbList","@id":"https:\/\/www.csj-emballages.com\/es\/produit\/cordon-redondo-blanco-o24-cm-por-250\/#breadcrumb","itemListElement":[{"@type":"ListItem","position":1,"name":"Accueil","item":"https:\/\/www.csj-emballages.com\/es\/universo-del-envasado-alimentario\/"},{"@type":"ListItem","position":2,"name":"Tienda","item":"https:\/\/www.csj-emballages.com\/tienda\/"},{"@type":"ListItem","position":3,"name":"Cord\u00f3n redondo blanco \u00d824 cm por 250"}]},{"@type":"WebSite","@id":"https:\/\/www.csj-emballages.com\/es\/#website","url":"https:\/\/www.csj-emballages.com\/es\/","name":"CSJ Emballages","description":"","publisher":{"@id":"https:\/\/www.csj-emballages.com\/es\/#organization"},"potentialAction":[{"@type":"SearchAction","target":{"@type":"EntryPoint","urlTemplate":"https:\/\/www.csj-emballages.com\/es\/?s={search_term_string}"},"query-input":{"@type":"PropertyValueSpecification","valueRequired":true,"valueName":"search_term_string"}}],"inLanguage":"es"},{"@type":"Organization","@id":"https:\/\/www.csj-emballages.com\/es\/#Organization\/","name":"CSJ Emballages","url":"https:\/\/www.csj-emballages.com\/es\/","logo":{"@type":"ImageObject","inLanguage":"es","@id":"https:\/\/www.csj-emballages.com\/es\/#\/schema\/logo\/image\/","url":"https:\/\/www.csj-emballages.com\/wp-content\/uploads\/2023\/10\/logo_csj.webp","contentUrl":"https:\/\/www.csj-emballages.com\/wp-content\/uploads\/2023\/10\/logo_csj.webp","width":250,"height":95,"caption":"CSJ Emballages"},"image":{"@id":"https:\/\/www.csj-emballages.com\/es\/#\/schema\/logo\/image\/"},"sameAs":["https:\/\/www.facebook.com\/csjemballages"],"address":{"@type":"PostalAddress","streetAddress":"ZI La Lechere","addressLocality":"Patornay","postalCode":"39130","addressCountry":"FR"},"contactPoint":[{"@type":"ContactPoint","contactType":"Service client","telephone":"0384254272","email":"contact@csj-emballages.com"}]}]}},"df_price":8.29,"df_sale_price":"","df_regular_price":8.29,"df_image_link":"https:\/\/www.csj-emballages.com\/wp-content\/uploads\/2025\/06\/DENT24-300x300.webp","tiered_pricing_type":"fixed","tiered_pricing_fixed_rules":[],"tiered_pricing_percentage_rules":[],"tiered_pricing_minimum":1,"tiered_pricing_roles_data":[],"_links":{"self":[{"href":"https:\/\/www.csj-emballages.com\/es\/wp-json\/wp\/v2\/product\/236153","targetHints":{"allow":["GET"]}}],"collection":[{"href":"https:\/\/www.csj-emballages.com\/es\/wp-json\/wp\/v2\/product"}],"about":[{"href":"https:\/\/www.csj-emballages.com\/es\/wp-json\/wp\/v2\/types\/product"}],"wp:featuredmedia":[{"embeddable":true,"href":"https:\/\/www.csj-emballages.com\/es\/wp-json\/wp\/v2\/media\/236151"}],"wp:attachment":[{"href":"https:\/\/www.csj-emballages.com\/es\/wp-json\/wp\/v2\/media?parent=236153"}],"wp:term":[{"taxonomy":"product_brand","embeddable":true,"href":"https:\/\/www.csj-emballages.com\/es\/wp-json\/wp\/v2\/product_brand?post=236153"},{"taxonomy":"product_cat","embeddable":true,"href":"https:\/\/www.csj-emballages.com\/es\/wp-json\/wp\/v2\/product_cat?post=236153"},{"taxonomy":"product_tag","embeddable":true,"href":"https:\/\/www.csj-emballages.com\/es\/wp-json\/wp\/v2\/product_tag?post=236153"}],"curies":[{"name":"wp","href":"https:\/\/api.w.org\/{rel}","templated":true}]}}