{"id":236127,"date":"2025-06-19T15:07:16","date_gmt":"2025-06-19T13:07:16","guid":{"rendered":"https:\/\/www.csj-emballages.com\/produit\/estuche-de-reposteria-con-asa-morgan-de-color-10-x-18-x-7-cm-x-50\/"},"modified":"2026-04-17T02:12:46","modified_gmt":"2026-04-17T00:12:46","slug":"estuche-de-reposteria-con-asa-morgan-de-color-10-x-18-x-7-cm-x-50","status":"publish","type":"product","link":"https:\/\/www.csj-emballages.com\/es\/produit\/estuche-de-reposteria-con-asa-morgan-de-color-10-x-18-x-7-cm-x-50\/","title":{"rendered":"Estuche de reposter\u00eda con asa Morgan de color 10 x 18 x 7 cm x 50"},"content":{"rendered":"<h2 class=\"p1 ai-optimize-26 ai-optimize-introduction\">Estuche para pasteles<\/h2>\n<hr>\n<h3 class=\"ai-optimize-34\">Descripci\u00f3n de nuestro pastelero con asa Morgan de color 10 x 18 x 7 cm, paquete de 50<\/h3>\n<p><!--more--><\/p>\n<p class=\"ai-optimize-28 ai-optimize-introduction\" data-start=\"374\" data-end=\"674\">Especialmente dise\u00f1ado para pasteler\u00edas profesionales, empresas de catering, panader\u00edas e incluso aficionados individuales, este <strong>estuche de pasteler\u00eda<\/strong> es ideal para <strong data-start=\"537\" data-end=\"603\">envasar, transportar y mostrar sus creaciones individuales<\/strong>: entremets, porciones de tarta, tartas, mignardises y dulces.<\/p>\n<p class=\"ai-optimize-29\" data-start=\"676\" data-end=\"996\">Con su <strong data-start=\"685\" data-end=\"725\">formato compacto de 10 x 18 x 7 cm<\/strong>, es perfecta para pasteles individuales. Su <strong data-start=\"787\" data-end=\"807\">asa integrada<\/strong> hace que sea muy c\u00f3modo de llevar, eliminando la necesidad de bolsas adicionales. Su <strong>dise\u00f1o colorido<\/strong> y festivo atrae todas las miradas.  <\/p>\n<p class=\"ai-optimize-30\" data-start=\"998\" data-end=\"1285\">Fabricada con <strong>cart\u00f3n<\/strong> r\u00edgido apto para uso alimentario, esta <strong>caja<\/strong> garantiza una sujeci\u00f3n segura y una seguridad \u00f3ptima durante el transporte. Se suministra <strong data-start=\"1144\" data-end=\"1162\">embalada en plano<\/strong>, lo que <strong data-start=\"1181\" data-end=\"1211\">ahorra un<\/strong> espacio de almacenamiento considerable, y se <strong data-start=\"1231\" data-end=\"1261\">monta en cuesti\u00f3n de segundos<\/strong>, sin cola ni grapas. <\/p>\n<p class=\"ai-optimize-31\" data-start=\"1287\" data-end=\"1429\">Perfecta para eventos, escaparates, comida para llevar o regalos gourmet, esta caja combina est\u00e9tica y funcionalidad.<\/p>\n<p class=\"ai-optimize-32\" data-start=\"1431\" data-end=\"1551\">Envases ingeniosos, elegantes y profesionales dise\u00f1ados para realzar su reposter\u00eda y simplificar al mismo tiempo su d\u00eda a d\u00eda<strong data-start=\"1431\" data-end=\"1551\">.<\/strong><\/p>\n<p><!--more--><\/p>\n<h4 class=\"ai-optimize-37\"><strong>Ventajas:<\/strong><\/h4>\n<ul>\n<li class=\"ai-optimize-38\">Estos estuches para pasteles tienen un asa integrada para facilitar su transporte.<\/li>\n<li class=\"ai-optimize-39\"><strong>Cart\u00f3n r\u00edgido<\/strong>: buena sujeci\u00f3n y seguridad del producto.<\/li>\n<li class=\"ai-optimize-40\"><strong>Dise\u00f1o colorido<\/strong>: saca el m\u00e1ximo partido a tus creaciones pasteleras.<\/li>\n<li class=\"ai-optimize-42\"><strong>Se suministra plano<\/strong> para ahorrar espacio.<\/li>\n<li class=\"ai-optimize-46\">Ideal para pasteles individuales.<\/li>\n<\/ul>\n<p>&nbsp;<\/p>\n<p><!--more--><\/p>\n<h4 class=\"ai-optimize-44\">Informaci\u00f3n adicional :<\/h4>\n<ul>\n<li class=\"ai-optimize-45\"><strong>Envase<\/strong>: Paquete de 50<\/li>\n<li class=\"ai-optimize-36\"><strong>Dimensiones<\/strong>: 10 x 18 x 7 (ancho x largo x alto en cm)<\/li>\n<li class=\"ai-optimize-47\"><b>Material <\/b>: Cart\u00f3n<\/li>\n<li class=\"ai-optimize-37\"><strong>Modelo<\/strong>: Morgan<\/li>\n<li class=\"ai-optimize-38\"><strong>Color<\/strong>: Blanco \/ Negro \/ Rosa<\/li>\n<\/ul>\n<p>&nbsp;<\/p>\n<p><!--more--><\/p>\n<p class=\"ai-optimize-34\">Aqu\u00ed encontrar\u00e1 nuestro pastelero de 11 x 10,5 x 5 cm con asa Morgan de color: <span style=\"color: #d12727;\"><a style=\"color: #d12727;\" href=\"https:\/\/www.csj-emballages.com\/es\/produit\/estuche-de-reposteria-con-asa-morgan-de-color-11-x-105-x-5-cm-paquete-de-50\/\">CPP1010MOR<\/a><\/span><\/p>\n<p>&nbsp;<\/p>\n<p><!--more--><\/p>\n<p class=\"ai-optimize-41\"><a href=\"https:\/\/www.csj-emballages.com\/es\/categorie-produit\/envasado-de-alimentos\/panaderia-y-pasteleria\/cajas-es-3\/estuches-de-reposteria-con-asas\/estuches-de-reposteria-de-colores\/\">Ver el resto de nuestra gama de estuches de reposter\u00eda de colores<\/a><\/p>\n","protected":false},"excerpt":{"rendered":"<p>Estuche para pasteles Descripci\u00f3n de nuestro pastelero con asa Morgan de color 10 x 18 x 7 cm, paquete de 50<\/p>\n","protected":false},"featured_media":236126,"template":"","meta":{"_acf_changed":false},"product_brand":[],"product_cat":[1150,1145,3869,1232,1234],"product_tag":[],"class_list":{"0":"post-236127","1":"product","2":"type-product","3":"status-publish","4":"has-post-thumbnail","6":"product_cat-envasado-de-alimentos","7":"product_cat-panaderia-y-pasteleria","8":"product_cat-cajas-es-3","9":"product_cat-estuches-de-reposteria-con-asas","10":"product_cat-estuches-de-reposteria-de-colores","12":"first","13":"instock","14":"taxable","15":"shipping-taxable","16":"purchasable","17":"product-type-simple"},"acf":[],"yoast_head":"<!-- This site is optimized with the Yoast SEO Premium plugin v26.6 (Yoast SEO v26.6) - https:\/\/yoast.com\/wordpress\/plugins\/seo\/ -->\n<title>Estuche de reposter\u00eda con asa Morgan 10 x 18 x 7 cm x 50<\/title>\n<meta name=\"description\" content=\"Estuche de reposter\u00eda con asa Morgan de color 10 x 18 x 7 cm - paquete de 50 Ideal para pasteler\u00edas, catering y eventos. Pr\u00e1ctico, resistente y atractivo.\" \/>\n<meta name=\"robots\" content=\"index, follow, max-snippet:-1, max-image-preview:large, max-video-preview:-1\" \/>\n<link rel=\"canonical\" href=\"https:\/\/www.csj-emballages.com\/es\/produit\/estuche-de-reposteria-con-asa-morgan-de-color-10-x-18-x-7-cm-x-50\/\" \/>\n<meta property=\"og:locale\" content=\"es_ES\" \/>\n<meta property=\"og:type\" content=\"article\" \/>\n<meta property=\"og:title\" content=\"Estuche de reposter\u00eda con asa Morgan de color 10 x 18 x 7 cm x 50\" \/>\n<meta property=\"og:description\" content=\"Estuche de reposter\u00eda con asa Morgan de color 10 x 18 x 7 cm - paquete de 50 Ideal para pasteler\u00edas, catering y eventos. Pr\u00e1ctico, resistente y atractivo.\" \/>\n<meta property=\"og:url\" content=\"https:\/\/www.csj-emballages.com\/es\/produit\/estuche-de-reposteria-con-asa-morgan-de-color-10-x-18-x-7-cm-x-50\/\" \/>\n<meta property=\"og:site_name\" content=\"CSJ Emballages\" \/>\n<meta property=\"article:publisher\" content=\"https:\/\/www.facebook.com\/csjemballages\" \/>\n<meta property=\"article:modified_time\" content=\"2026-04-17T00:12:46+00:00\" \/>\n<meta property=\"og:image\" content=\"https:\/\/www.csj-emballages.com\/wp-content\/uploads\/2025\/06\/CPP1018MOR.webp\" \/>\n\t<meta property=\"og:image:width\" content=\"800\" \/>\n\t<meta property=\"og:image:height\" content=\"800\" \/>\n\t<meta property=\"og:image:type\" content=\"image\/webp\" \/>\n<meta name=\"twitter:card\" content=\"summary_large_image\" \/>\n<meta name=\"twitter:label1\" content=\"Tiempo de lectura\" \/>\n\t<meta name=\"twitter:data1\" content=\"1 minuto\" \/>\n<script type=\"application\/ld+json\" class=\"yoast-schema-graph\">{\"@context\":\"https:\/\/schema.org\",\"@graph\":[{\"@type\":\"WebPage\",\"@id\":\"https:\/\/www.csj-emballages.com\/es\/produit\/estuche-de-reposteria-con-asa-morgan-de-color-10-x-18-x-7-cm-x-50\/\",\"url\":\"https:\/\/www.csj-emballages.com\/es\/produit\/estuche-de-reposteria-con-asa-morgan-de-color-10-x-18-x-7-cm-x-50\/\",\"name\":\"Estuche de reposter\u00eda con asa Morgan 10 x 18 x 7 cm x 50\",\"isPartOf\":{\"@id\":\"https:\/\/www.csj-emballages.com\/es\/#website\"},\"primaryImageOfPage\":{\"@id\":\"https:\/\/www.csj-emballages.com\/es\/produit\/estuche-de-reposteria-con-asa-morgan-de-color-10-x-18-x-7-cm-x-50\/#primaryimage\"},\"image\":{\"@id\":\"https:\/\/www.csj-emballages.com\/es\/produit\/estuche-de-reposteria-con-asa-morgan-de-color-10-x-18-x-7-cm-x-50\/#primaryimage\"},\"thumbnailUrl\":\"https:\/\/www.csj-emballages.com\/wp-content\/uploads\/2025\/06\/CPP1018MOR.webp\",\"datePublished\":\"2025-06-19T13:07:16+00:00\",\"dateModified\":\"2026-04-17T00:12:46+00:00\",\"description\":\"Estuche de reposter\u00eda con asa Morgan de color 10 x 18 x 7 cm - paquete de 50 Ideal para pasteler\u00edas, catering y eventos. Pr\u00e1ctico, resistente y atractivo.\",\"breadcrumb\":{\"@id\":\"https:\/\/www.csj-emballages.com\/es\/produit\/estuche-de-reposteria-con-asa-morgan-de-color-10-x-18-x-7-cm-x-50\/#breadcrumb\"},\"inLanguage\":\"es\",\"potentialAction\":[{\"@type\":\"ReadAction\",\"target\":[\"https:\/\/www.csj-emballages.com\/es\/produit\/estuche-de-reposteria-con-asa-morgan-de-color-10-x-18-x-7-cm-x-50\/\"]}]},{\"@type\":\"ImageObject\",\"inLanguage\":\"es\",\"@id\":\"https:\/\/www.csj-emballages.com\/es\/produit\/estuche-de-reposteria-con-asa-morgan-de-color-10-x-18-x-7-cm-x-50\/#primaryimage\",\"url\":\"https:\/\/www.csj-emballages.com\/wp-content\/uploads\/2025\/06\/CPP1018MOR.webp\",\"contentUrl\":\"https:\/\/www.csj-emballages.com\/wp-content\/uploads\/2025\/06\/CPP1018MOR.webp\",\"width\":800,\"height\":800,\"caption\":\"Caissette p\u00e2tissi\u00e8re\"},{\"@type\":\"BreadcrumbList\",\"@id\":\"https:\/\/www.csj-emballages.com\/es\/produit\/estuche-de-reposteria-con-asa-morgan-de-color-10-x-18-x-7-cm-x-50\/#breadcrumb\",\"itemListElement\":[{\"@type\":\"ListItem\",\"position\":1,\"name\":\"Accueil\",\"item\":\"https:\/\/www.csj-emballages.com\/es\/universo-del-envasado-alimentario\/\"},{\"@type\":\"ListItem\",\"position\":2,\"name\":\"Tienda\",\"item\":\"https:\/\/www.csj-emballages.com\/tienda\/\"},{\"@type\":\"ListItem\",\"position\":3,\"name\":\"Estuche de reposter\u00eda con asa Morgan de color 10 x 18 x 7 cm x 50\"}]},{\"@type\":\"WebSite\",\"@id\":\"https:\/\/www.csj-emballages.com\/es\/#website\",\"url\":\"https:\/\/www.csj-emballages.com\/es\/\",\"name\":\"CSJ Emballages\",\"description\":\"\",\"publisher\":{\"@id\":\"https:\/\/www.csj-emballages.com\/es\/#organization\"},\"potentialAction\":[{\"@type\":\"SearchAction\",\"target\":{\"@type\":\"EntryPoint\",\"urlTemplate\":\"https:\/\/www.csj-emballages.com\/es\/?s={search_term_string}\"},\"query-input\":{\"@type\":\"PropertyValueSpecification\",\"valueRequired\":true,\"valueName\":\"search_term_string\"}}],\"inLanguage\":\"es\"},{\"@type\":\"Organization\",\"@id\":\"https:\/\/www.csj-emballages.com\/es\/#Organization\/\",\"name\":\"CSJ Emballages\",\"url\":\"https:\/\/www.csj-emballages.com\/es\/\",\"logo\":{\"@type\":\"ImageObject\",\"inLanguage\":\"es\",\"@id\":\"https:\/\/www.csj-emballages.com\/es\/#\/schema\/logo\/image\/\",\"url\":\"https:\/\/www.csj-emballages.com\/wp-content\/uploads\/2023\/10\/logo_csj.webp\",\"contentUrl\":\"https:\/\/www.csj-emballages.com\/wp-content\/uploads\/2023\/10\/logo_csj.webp\",\"width\":250,\"height\":95,\"caption\":\"CSJ Emballages\"},\"image\":{\"@id\":\"https:\/\/www.csj-emballages.com\/es\/#\/schema\/logo\/image\/\"},\"sameAs\":[\"https:\/\/www.facebook.com\/csjemballages\"],\"address\":{\"@type\":\"PostalAddress\",\"streetAddress\":\"ZI La Lechere\",\"addressLocality\":\"Patornay\",\"postalCode\":\"39130\",\"addressCountry\":\"FR\"},\"contactPoint\":[{\"@type\":\"ContactPoint\",\"contactType\":\"Service client\",\"telephone\":\"0384254272\",\"email\":\"contact@csj-emballages.com\"}]}]}<\/script>\n<!-- \/ Yoast SEO Premium plugin. -->","yoast_head_json":{"title":"Estuche de reposter\u00eda con asa Morgan 10 x 18 x 7 cm x 50","description":"Estuche de reposter\u00eda con asa Morgan de color 10 x 18 x 7 cm - paquete de 50 Ideal para pasteler\u00edas, catering y eventos. Pr\u00e1ctico, resistente y atractivo.","robots":{"index":"index","follow":"follow","max-snippet":"max-snippet:-1","max-image-preview":"max-image-preview:large","max-video-preview":"max-video-preview:-1"},"canonical":"https:\/\/www.csj-emballages.com\/es\/produit\/estuche-de-reposteria-con-asa-morgan-de-color-10-x-18-x-7-cm-x-50\/","og_locale":"es_ES","og_type":"article","og_title":"Estuche de reposter\u00eda con asa Morgan de color 10 x 18 x 7 cm x 50","og_description":"Estuche de reposter\u00eda con asa Morgan de color 10 x 18 x 7 cm - paquete de 50 Ideal para pasteler\u00edas, catering y eventos. Pr\u00e1ctico, resistente y atractivo.","og_url":"https:\/\/www.csj-emballages.com\/es\/produit\/estuche-de-reposteria-con-asa-morgan-de-color-10-x-18-x-7-cm-x-50\/","og_site_name":"CSJ Emballages","article_publisher":"https:\/\/www.facebook.com\/csjemballages","article_modified_time":"2026-04-17T00:12:46+00:00","og_image":[{"width":800,"height":800,"url":"https:\/\/www.csj-emballages.com\/wp-content\/uploads\/2025\/06\/CPP1018MOR.webp","type":"image\/webp"}],"twitter_card":"summary_large_image","twitter_misc":{"Tiempo de lectura":"1 minuto"},"schema":{"@context":"https:\/\/schema.org","@graph":[{"@type":"WebPage","@id":"https:\/\/www.csj-emballages.com\/es\/produit\/estuche-de-reposteria-con-asa-morgan-de-color-10-x-18-x-7-cm-x-50\/","url":"https:\/\/www.csj-emballages.com\/es\/produit\/estuche-de-reposteria-con-asa-morgan-de-color-10-x-18-x-7-cm-x-50\/","name":"Estuche de reposter\u00eda con asa Morgan 10 x 18 x 7 cm x 50","isPartOf":{"@id":"https:\/\/www.csj-emballages.com\/es\/#website"},"primaryImageOfPage":{"@id":"https:\/\/www.csj-emballages.com\/es\/produit\/estuche-de-reposteria-con-asa-morgan-de-color-10-x-18-x-7-cm-x-50\/#primaryimage"},"image":{"@id":"https:\/\/www.csj-emballages.com\/es\/produit\/estuche-de-reposteria-con-asa-morgan-de-color-10-x-18-x-7-cm-x-50\/#primaryimage"},"thumbnailUrl":"https:\/\/www.csj-emballages.com\/wp-content\/uploads\/2025\/06\/CPP1018MOR.webp","datePublished":"2025-06-19T13:07:16+00:00","dateModified":"2026-04-17T00:12:46+00:00","description":"Estuche de reposter\u00eda con asa Morgan de color 10 x 18 x 7 cm - paquete de 50 Ideal para pasteler\u00edas, catering y eventos. Pr\u00e1ctico, resistente y atractivo.","breadcrumb":{"@id":"https:\/\/www.csj-emballages.com\/es\/produit\/estuche-de-reposteria-con-asa-morgan-de-color-10-x-18-x-7-cm-x-50\/#breadcrumb"},"inLanguage":"es","potentialAction":[{"@type":"ReadAction","target":["https:\/\/www.csj-emballages.com\/es\/produit\/estuche-de-reposteria-con-asa-morgan-de-color-10-x-18-x-7-cm-x-50\/"]}]},{"@type":"ImageObject","inLanguage":"es","@id":"https:\/\/www.csj-emballages.com\/es\/produit\/estuche-de-reposteria-con-asa-morgan-de-color-10-x-18-x-7-cm-x-50\/#primaryimage","url":"https:\/\/www.csj-emballages.com\/wp-content\/uploads\/2025\/06\/CPP1018MOR.webp","contentUrl":"https:\/\/www.csj-emballages.com\/wp-content\/uploads\/2025\/06\/CPP1018MOR.webp","width":800,"height":800,"caption":"Caissette p\u00e2tissi\u00e8re"},{"@type":"BreadcrumbList","@id":"https:\/\/www.csj-emballages.com\/es\/produit\/estuche-de-reposteria-con-asa-morgan-de-color-10-x-18-x-7-cm-x-50\/#breadcrumb","itemListElement":[{"@type":"ListItem","position":1,"name":"Accueil","item":"https:\/\/www.csj-emballages.com\/es\/universo-del-envasado-alimentario\/"},{"@type":"ListItem","position":2,"name":"Tienda","item":"https:\/\/www.csj-emballages.com\/tienda\/"},{"@type":"ListItem","position":3,"name":"Estuche de reposter\u00eda con asa Morgan de color 10 x 18 x 7 cm x 50"}]},{"@type":"WebSite","@id":"https:\/\/www.csj-emballages.com\/es\/#website","url":"https:\/\/www.csj-emballages.com\/es\/","name":"CSJ Emballages","description":"","publisher":{"@id":"https:\/\/www.csj-emballages.com\/es\/#organization"},"potentialAction":[{"@type":"SearchAction","target":{"@type":"EntryPoint","urlTemplate":"https:\/\/www.csj-emballages.com\/es\/?s={search_term_string}"},"query-input":{"@type":"PropertyValueSpecification","valueRequired":true,"valueName":"search_term_string"}}],"inLanguage":"es"},{"@type":"Organization","@id":"https:\/\/www.csj-emballages.com\/es\/#Organization\/","name":"CSJ Emballages","url":"https:\/\/www.csj-emballages.com\/es\/","logo":{"@type":"ImageObject","inLanguage":"es","@id":"https:\/\/www.csj-emballages.com\/es\/#\/schema\/logo\/image\/","url":"https:\/\/www.csj-emballages.com\/wp-content\/uploads\/2023\/10\/logo_csj.webp","contentUrl":"https:\/\/www.csj-emballages.com\/wp-content\/uploads\/2023\/10\/logo_csj.webp","width":250,"height":95,"caption":"CSJ Emballages"},"image":{"@id":"https:\/\/www.csj-emballages.com\/es\/#\/schema\/logo\/image\/"},"sameAs":["https:\/\/www.facebook.com\/csjemballages"],"address":{"@type":"PostalAddress","streetAddress":"ZI La Lechere","addressLocality":"Patornay","postalCode":"39130","addressCountry":"FR"},"contactPoint":[{"@type":"ContactPoint","contactType":"Service client","telephone":"0384254272","email":"contact@csj-emballages.com"}]}]}},"df_price":14.32,"df_sale_price":"","df_regular_price":14.32,"df_image_link":"https:\/\/www.csj-emballages.com\/wp-content\/uploads\/2025\/06\/CPP1018MOR-300x300.webp","tiered_pricing_type":"fixed","tiered_pricing_fixed_rules":[],"tiered_pricing_percentage_rules":[],"tiered_pricing_minimum":1,"tiered_pricing_roles_data":[],"_links":{"self":[{"href":"https:\/\/www.csj-emballages.com\/es\/wp-json\/wp\/v2\/product\/236127","targetHints":{"allow":["GET"]}}],"collection":[{"href":"https:\/\/www.csj-emballages.com\/es\/wp-json\/wp\/v2\/product"}],"about":[{"href":"https:\/\/www.csj-emballages.com\/es\/wp-json\/wp\/v2\/types\/product"}],"wp:featuredmedia":[{"embeddable":true,"href":"https:\/\/www.csj-emballages.com\/es\/wp-json\/wp\/v2\/media\/236126"}],"wp:attachment":[{"href":"https:\/\/www.csj-emballages.com\/es\/wp-json\/wp\/v2\/media?parent=236127"}],"wp:term":[{"taxonomy":"product_brand","embeddable":true,"href":"https:\/\/www.csj-emballages.com\/es\/wp-json\/wp\/v2\/product_brand?post=236127"},{"taxonomy":"product_cat","embeddable":true,"href":"https:\/\/www.csj-emballages.com\/es\/wp-json\/wp\/v2\/product_cat?post=236127"},{"taxonomy":"product_tag","embeddable":true,"href":"https:\/\/www.csj-emballages.com\/es\/wp-json\/wp\/v2\/product_tag?post=236127"}],"curies":[{"name":"wp","href":"https:\/\/api.w.org\/{rel}","templated":true}]}}