{"id":23604,"date":"2024-03-01T16:49:12","date_gmt":"2024-03-01T15:49:12","guid":{"rendered":"https:\/\/u15jnbdpoq.preview.infomaniak.website\/produit\/50-bolsas-moldeadas-con-base-dorada-160-80-x-420-mm\/"},"modified":"2026-03-25T02:16:34","modified_gmt":"2026-03-25T01:16:34","slug":"50-bolsas-moldeadas-con-base-dorada-160-80-x-420-mm","status":"publish","type":"product","link":"https:\/\/www.csj-emballages.com\/es\/produit\/50-bolsas-moldeadas-con-base-dorada-160-80-x-420-mm\/","title":{"rendered":"Bolsa de moldeo con base dorada 160 + 80 x 420 mm por 100"},"content":{"rendered":"<h2 class=\"p1\">Bolsa de moldeo<\/h2>\n<hr>\n<h3>Descripci\u00f3n de nuestra bolsa de moldeo con suela dorada 160 + 80 x 420 mm por 100<\/h3>\n<p><!--more--><\/p>\n<p data-start=\"19\" data-end=\"530\">La <strong data-start=\"22\" data-end=\"74\">bolsa moldeada de 160 + 80 x 420 mm con suela<\/strong> dorada es el envase ideal para sus productos de pasteler\u00eda, confiter\u00eda o cualquier otro art\u00edculo que requiera una presentaci\u00f3n elegante y profesional. Esta bolsa est\u00e1 concebida para garantizar una protecci\u00f3n \u00f3ptima al tiempo que realza el producto gracias a su <strong>refinada suela dorada<\/strong>. Pr\u00e1ctica y resistente, es perfecta para su uso en el sector alimentario, ya que ofrece tanto seguridad en el transporte como una presentaci\u00f3n superior.  <\/p>\n<p data-start=\"19\" data-end=\"530\">Bolsas con fondo de cart\u00f3n de 35 micras utilizadas principalmente por panader\u00edas, pasteler\u00edas, chocolater\u00edas e incluso particulares para vender sus piezas de moldeo. Esta bolsa de reposter\u00eda neutra ser\u00e1 excelente para exhibir tus peque\u00f1as creaciones gracias a su forma.<\/p>\n<p>Esta bolsa es de polypro.<\/p>\n<p>&nbsp;<\/p>\n<p><!--more--><\/p>\n<h4>Sus ventajas:<\/h4>\n<ul>\n<li data-start=\"749\" data-end=\"823\"><strong data-start=\"751\" data-end=\"773\">Aspecto premium<\/strong>: suela dorada para un aspecto refinado.<\/li>\n<li data-start=\"824\" data-end=\"920\"><strong data-start=\"826\" data-end=\"849\">Protecci\u00f3n \u00f3ptima<\/strong>: Resistente, protege sus productos al tiempo que ofrece una visi\u00f3n clara.<\/li>\n<li data-start=\"921\" data-end=\"1017\"><strong data-start=\"923\" data-end=\"938\">Versatilidad<\/strong>: Ideal para envasar pasteler\u00eda, confiter\u00eda y otros art\u00edculos delicados.<\/li>\n<li data-start=\"1018\" data-end=\"1113\"><strong data-start=\"1020\" data-end=\"1032\">Pr\u00e1ctico<\/strong>: f\u00e1cil de usar y adaptado a las necesidades de los profesionales de la alimentaci\u00f3n.<\/li>\n<li data-start=\"1114\" data-end=\"1199\"><strong data-start=\"1116\" data-end=\"1128\">Relaci\u00f3n calidad-precio<\/strong>: se venden en paquetes de 100 unidades, ideales para pedidos al por mayor.<\/li>\n<\/ul>\n<p>&nbsp;<\/p>\n<p><!--more--><\/p>\n<h4>Informaci\u00f3n adicional :<\/h4>\n<ul>\n<li><strong>Envase<\/strong>: Caja de 100 con 100 bolsitas y 100 plantillas.<\/li>\n<li><strong>Dimensiones<\/strong>: 160 + 80 x 420 (fondo de la bolsa x h en mm)<\/li>\n<li><strong>Material<\/strong>: Polipropileno<\/li>\n<li><strong>Color de fondo<\/strong>: dorado<\/li>\n<li><strong>Resistencia<\/strong>: 35 micras<\/li>\n<\/ul>\n<p>&nbsp;<\/p>\n<p><!--more--><\/p>\n<p>Este producto est\u00e1 disponible en varios tama\u00f1os: <span style=\"color: #d12727\"><a style=\"color: #d12727\" href=\"https:\/\/www.csj-emballages.com\/es\/produit\/100-bolsas-moldeadas-base-dorada-230-110-x-570-mm\/\">230 + 110 x 570 mm<\/a><\/span><\/p>\n<p>&nbsp;<\/p>\n<p><!--more--><\/p>\n<p><a href=\"https:\/\/www.csj-emballages.com\/es\/categorie-produit\/envasado-de-alimentos\/panaderia-y-pasteleria\/bolsas-sobres-y-papel\/bolsas-para-golosinas\/bolsas-de-moldeo\/\">Ver el resto de nuestra gama de bolsas moldeadas<\/a><\/p>\n","protected":false},"excerpt":{"rendered":"<p>Bolsa de moldeo Descripci\u00f3n de nuestra bolsa de moldeo con suela dorada 160 + 80 x 420 mm por 100<\/p>\n","protected":false},"featured_media":225998,"template":"","meta":{"_acf_changed":false},"product_brand":[],"product_cat":[1150,1145,1660,3497],"product_tag":[],"class_list":{"0":"post-23604","1":"product","2":"type-product","3":"status-publish","4":"has-post-thumbnail","6":"product_cat-envasado-de-alimentos","7":"product_cat-panaderia-y-pasteleria","8":"product_cat-bolsas-para-golosinas","9":"product_cat-bolsas-de-moldeo","11":"first","12":"instock","13":"taxable","14":"shipping-taxable","15":"purchasable","16":"product-type-simple"},"acf":[],"yoast_head":"<!-- This site is optimized with the Yoast SEO Premium plugin v26.6 (Yoast SEO v26.6) - https:\/\/yoast.com\/wordpress\/plugins\/seo\/ -->\n<title>Bolsa de moldeo con base dorada 160 + 80 x 420 mm por 100<\/title>\n<meta name=\"description\" content=\"Descubra nuestra bolsa de moldeo con suela dorada 160 + 80 x 420 mm, ideal para envasar con elegancia sus creaciones. Perfecto para pasteler\u00eda y reposter\u00eda.\" \/>\n<meta name=\"robots\" content=\"index, follow, max-snippet:-1, max-image-preview:large, max-video-preview:-1\" \/>\n<link rel=\"canonical\" href=\"https:\/\/www.csj-emballages.com\/es\/produit\/50-bolsas-moldeadas-con-base-dorada-160-80-x-420-mm\/\" \/>\n<meta property=\"og:locale\" content=\"es_ES\" \/>\n<meta property=\"og:type\" content=\"article\" \/>\n<meta property=\"og:title\" content=\"Bolsa de moldeo con base dorada 160 + 80 x 420 mm por 100\" \/>\n<meta property=\"og:description\" content=\"Descubra nuestra bolsa de moldeo con suela dorada 160 + 80 x 420 mm, ideal para envasar con elegancia sus creaciones. Perfecto para pasteler\u00eda y reposter\u00eda.\" \/>\n<meta property=\"og:url\" content=\"https:\/\/www.csj-emballages.com\/es\/produit\/50-bolsas-moldeadas-con-base-dorada-160-80-x-420-mm\/\" \/>\n<meta property=\"og:site_name\" content=\"CSJ Emballages\" \/>\n<meta property=\"article:publisher\" content=\"https:\/\/www.facebook.com\/csjemballages\" \/>\n<meta property=\"article:modified_time\" content=\"2026-03-25T01:16:34+00:00\" \/>\n<meta property=\"og:image\" content=\"https:\/\/www.csj-emballages.com\/wp-content\/uploads\/2024\/03\/sachet-moulage.webp\" \/>\n\t<meta property=\"og:image:width\" content=\"800\" \/>\n\t<meta property=\"og:image:height\" content=\"800\" \/>\n\t<meta property=\"og:image:type\" content=\"image\/webp\" \/>\n<meta name=\"twitter:card\" content=\"summary_large_image\" \/>\n<meta name=\"twitter:label1\" content=\"Tiempo de lectura\" \/>\n\t<meta name=\"twitter:data1\" content=\"1 minuto\" \/>\n<script type=\"application\/ld+json\" class=\"yoast-schema-graph\">{\"@context\":\"https:\/\/schema.org\",\"@graph\":[{\"@type\":\"WebPage\",\"@id\":\"https:\/\/www.csj-emballages.com\/es\/produit\/50-bolsas-moldeadas-con-base-dorada-160-80-x-420-mm\/\",\"url\":\"https:\/\/www.csj-emballages.com\/es\/produit\/50-bolsas-moldeadas-con-base-dorada-160-80-x-420-mm\/\",\"name\":\"Bolsa de moldeo con base dorada 160 + 80 x 420 mm por 100\",\"isPartOf\":{\"@id\":\"https:\/\/www.csj-emballages.com\/es\/#website\"},\"primaryImageOfPage\":{\"@id\":\"https:\/\/www.csj-emballages.com\/es\/produit\/50-bolsas-moldeadas-con-base-dorada-160-80-x-420-mm\/#primaryimage\"},\"image\":{\"@id\":\"https:\/\/www.csj-emballages.com\/es\/produit\/50-bolsas-moldeadas-con-base-dorada-160-80-x-420-mm\/#primaryimage\"},\"thumbnailUrl\":\"https:\/\/www.csj-emballages.com\/wp-content\/uploads\/2024\/03\/sachet-moulage.webp\",\"datePublished\":\"2024-03-01T15:49:12+00:00\",\"dateModified\":\"2026-03-25T01:16:34+00:00\",\"description\":\"Descubra nuestra bolsa de moldeo con suela dorada 160 + 80 x 420 mm, ideal para envasar con elegancia sus creaciones. Perfecto para pasteler\u00eda y reposter\u00eda.\",\"breadcrumb\":{\"@id\":\"https:\/\/www.csj-emballages.com\/es\/produit\/50-bolsas-moldeadas-con-base-dorada-160-80-x-420-mm\/#breadcrumb\"},\"inLanguage\":\"es\",\"potentialAction\":[{\"@type\":\"ReadAction\",\"target\":[\"https:\/\/www.csj-emballages.com\/es\/produit\/50-bolsas-moldeadas-con-base-dorada-160-80-x-420-mm\/\"]}]},{\"@type\":\"ImageObject\",\"inLanguage\":\"es\",\"@id\":\"https:\/\/www.csj-emballages.com\/es\/produit\/50-bolsas-moldeadas-con-base-dorada-160-80-x-420-mm\/#primaryimage\",\"url\":\"https:\/\/www.csj-emballages.com\/wp-content\/uploads\/2024\/03\/sachet-moulage.webp\",\"contentUrl\":\"https:\/\/www.csj-emballages.com\/wp-content\/uploads\/2024\/03\/sachet-moulage.webp\",\"width\":800,\"height\":800,\"caption\":\"Sachet moulage\"},{\"@type\":\"BreadcrumbList\",\"@id\":\"https:\/\/www.csj-emballages.com\/es\/produit\/50-bolsas-moldeadas-con-base-dorada-160-80-x-420-mm\/#breadcrumb\",\"itemListElement\":[{\"@type\":\"ListItem\",\"position\":1,\"name\":\"Accueil\",\"item\":\"https:\/\/www.csj-emballages.com\/es\/universo-del-envasado-alimentario\/\"},{\"@type\":\"ListItem\",\"position\":2,\"name\":\"Tienda\",\"item\":\"https:\/\/www.csj-emballages.com\/tienda\/\"},{\"@type\":\"ListItem\",\"position\":3,\"name\":\"Bolsa de moldeo con base dorada 160 + 80 x 420 mm por 100\"}]},{\"@type\":\"WebSite\",\"@id\":\"https:\/\/www.csj-emballages.com\/es\/#website\",\"url\":\"https:\/\/www.csj-emballages.com\/es\/\",\"name\":\"CSJ Emballages\",\"description\":\"\",\"publisher\":{\"@id\":\"https:\/\/www.csj-emballages.com\/es\/#organization\"},\"potentialAction\":[{\"@type\":\"SearchAction\",\"target\":{\"@type\":\"EntryPoint\",\"urlTemplate\":\"https:\/\/www.csj-emballages.com\/es\/?s={search_term_string}\"},\"query-input\":{\"@type\":\"PropertyValueSpecification\",\"valueRequired\":true,\"valueName\":\"search_term_string\"}}],\"inLanguage\":\"es\"},{\"@type\":\"Organization\",\"@id\":\"https:\/\/www.csj-emballages.com\/es\/#Organization\/\",\"name\":\"CSJ Emballages\",\"url\":\"https:\/\/www.csj-emballages.com\/es\/\",\"logo\":{\"@type\":\"ImageObject\",\"inLanguage\":\"es\",\"@id\":\"https:\/\/www.csj-emballages.com\/es\/#\/schema\/logo\/image\/\",\"url\":\"https:\/\/www.csj-emballages.com\/wp-content\/uploads\/2023\/10\/logo_csj.webp\",\"contentUrl\":\"https:\/\/www.csj-emballages.com\/wp-content\/uploads\/2023\/10\/logo_csj.webp\",\"width\":250,\"height\":95,\"caption\":\"CSJ Emballages\"},\"image\":{\"@id\":\"https:\/\/www.csj-emballages.com\/es\/#\/schema\/logo\/image\/\"},\"sameAs\":[\"https:\/\/www.facebook.com\/csjemballages\"],\"address\":{\"@type\":\"PostalAddress\",\"streetAddress\":\"ZI La Lechere\",\"addressLocality\":\"Patornay\",\"postalCode\":\"39130\",\"addressCountry\":\"FR\"},\"contactPoint\":[{\"@type\":\"ContactPoint\",\"contactType\":\"Service client\",\"telephone\":\"0384254272\",\"email\":\"contact@csj-emballages.com\"}]}]}<\/script>\n<!-- \/ Yoast SEO Premium plugin. -->","yoast_head_json":{"title":"Bolsa de moldeo con base dorada 160 + 80 x 420 mm por 100","description":"Descubra nuestra bolsa de moldeo con suela dorada 160 + 80 x 420 mm, ideal para envasar con elegancia sus creaciones. Perfecto para pasteler\u00eda y reposter\u00eda.","robots":{"index":"index","follow":"follow","max-snippet":"max-snippet:-1","max-image-preview":"max-image-preview:large","max-video-preview":"max-video-preview:-1"},"canonical":"https:\/\/www.csj-emballages.com\/es\/produit\/50-bolsas-moldeadas-con-base-dorada-160-80-x-420-mm\/","og_locale":"es_ES","og_type":"article","og_title":"Bolsa de moldeo con base dorada 160 + 80 x 420 mm por 100","og_description":"Descubra nuestra bolsa de moldeo con suela dorada 160 + 80 x 420 mm, ideal para envasar con elegancia sus creaciones. Perfecto para pasteler\u00eda y reposter\u00eda.","og_url":"https:\/\/www.csj-emballages.com\/es\/produit\/50-bolsas-moldeadas-con-base-dorada-160-80-x-420-mm\/","og_site_name":"CSJ Emballages","article_publisher":"https:\/\/www.facebook.com\/csjemballages","article_modified_time":"2026-03-25T01:16:34+00:00","og_image":[{"width":800,"height":800,"url":"https:\/\/www.csj-emballages.com\/wp-content\/uploads\/2024\/03\/sachet-moulage.webp","type":"image\/webp"}],"twitter_card":"summary_large_image","twitter_misc":{"Tiempo de lectura":"1 minuto"},"schema":{"@context":"https:\/\/schema.org","@graph":[{"@type":"WebPage","@id":"https:\/\/www.csj-emballages.com\/es\/produit\/50-bolsas-moldeadas-con-base-dorada-160-80-x-420-mm\/","url":"https:\/\/www.csj-emballages.com\/es\/produit\/50-bolsas-moldeadas-con-base-dorada-160-80-x-420-mm\/","name":"Bolsa de moldeo con base dorada 160 + 80 x 420 mm por 100","isPartOf":{"@id":"https:\/\/www.csj-emballages.com\/es\/#website"},"primaryImageOfPage":{"@id":"https:\/\/www.csj-emballages.com\/es\/produit\/50-bolsas-moldeadas-con-base-dorada-160-80-x-420-mm\/#primaryimage"},"image":{"@id":"https:\/\/www.csj-emballages.com\/es\/produit\/50-bolsas-moldeadas-con-base-dorada-160-80-x-420-mm\/#primaryimage"},"thumbnailUrl":"https:\/\/www.csj-emballages.com\/wp-content\/uploads\/2024\/03\/sachet-moulage.webp","datePublished":"2024-03-01T15:49:12+00:00","dateModified":"2026-03-25T01:16:34+00:00","description":"Descubra nuestra bolsa de moldeo con suela dorada 160 + 80 x 420 mm, ideal para envasar con elegancia sus creaciones. Perfecto para pasteler\u00eda y reposter\u00eda.","breadcrumb":{"@id":"https:\/\/www.csj-emballages.com\/es\/produit\/50-bolsas-moldeadas-con-base-dorada-160-80-x-420-mm\/#breadcrumb"},"inLanguage":"es","potentialAction":[{"@type":"ReadAction","target":["https:\/\/www.csj-emballages.com\/es\/produit\/50-bolsas-moldeadas-con-base-dorada-160-80-x-420-mm\/"]}]},{"@type":"ImageObject","inLanguage":"es","@id":"https:\/\/www.csj-emballages.com\/es\/produit\/50-bolsas-moldeadas-con-base-dorada-160-80-x-420-mm\/#primaryimage","url":"https:\/\/www.csj-emballages.com\/wp-content\/uploads\/2024\/03\/sachet-moulage.webp","contentUrl":"https:\/\/www.csj-emballages.com\/wp-content\/uploads\/2024\/03\/sachet-moulage.webp","width":800,"height":800,"caption":"Sachet moulage"},{"@type":"BreadcrumbList","@id":"https:\/\/www.csj-emballages.com\/es\/produit\/50-bolsas-moldeadas-con-base-dorada-160-80-x-420-mm\/#breadcrumb","itemListElement":[{"@type":"ListItem","position":1,"name":"Accueil","item":"https:\/\/www.csj-emballages.com\/es\/universo-del-envasado-alimentario\/"},{"@type":"ListItem","position":2,"name":"Tienda","item":"https:\/\/www.csj-emballages.com\/tienda\/"},{"@type":"ListItem","position":3,"name":"Bolsa de moldeo con base dorada 160 + 80 x 420 mm por 100"}]},{"@type":"WebSite","@id":"https:\/\/www.csj-emballages.com\/es\/#website","url":"https:\/\/www.csj-emballages.com\/es\/","name":"CSJ Emballages","description":"","publisher":{"@id":"https:\/\/www.csj-emballages.com\/es\/#organization"},"potentialAction":[{"@type":"SearchAction","target":{"@type":"EntryPoint","urlTemplate":"https:\/\/www.csj-emballages.com\/es\/?s={search_term_string}"},"query-input":{"@type":"PropertyValueSpecification","valueRequired":true,"valueName":"search_term_string"}}],"inLanguage":"es"},{"@type":"Organization","@id":"https:\/\/www.csj-emballages.com\/es\/#Organization\/","name":"CSJ Emballages","url":"https:\/\/www.csj-emballages.com\/es\/","logo":{"@type":"ImageObject","inLanguage":"es","@id":"https:\/\/www.csj-emballages.com\/es\/#\/schema\/logo\/image\/","url":"https:\/\/www.csj-emballages.com\/wp-content\/uploads\/2023\/10\/logo_csj.webp","contentUrl":"https:\/\/www.csj-emballages.com\/wp-content\/uploads\/2023\/10\/logo_csj.webp","width":250,"height":95,"caption":"CSJ Emballages"},"image":{"@id":"https:\/\/www.csj-emballages.com\/es\/#\/schema\/logo\/image\/"},"sameAs":["https:\/\/www.facebook.com\/csjemballages"],"address":{"@type":"PostalAddress","streetAddress":"ZI La Lechere","addressLocality":"Patornay","postalCode":"39130","addressCountry":"FR"},"contactPoint":[{"@type":"ContactPoint","contactType":"Service client","telephone":"0384254272","email":"contact@csj-emballages.com"}]}]}},"df_price":33.29,"df_sale_price":"","df_regular_price":33.29,"df_image_link":"https:\/\/www.csj-emballages.com\/wp-content\/uploads\/2024\/03\/sachet-moulage-300x300.webp","tiered_pricing_type":"fixed","tiered_pricing_fixed_rules":[],"tiered_pricing_percentage_rules":[],"tiered_pricing_minimum":1,"tiered_pricing_roles_data":[],"_links":{"self":[{"href":"https:\/\/www.csj-emballages.com\/es\/wp-json\/wp\/v2\/product\/23604","targetHints":{"allow":["GET"]}}],"collection":[{"href":"https:\/\/www.csj-emballages.com\/es\/wp-json\/wp\/v2\/product"}],"about":[{"href":"https:\/\/www.csj-emballages.com\/es\/wp-json\/wp\/v2\/types\/product"}],"wp:featuredmedia":[{"embeddable":true,"href":"https:\/\/www.csj-emballages.com\/es\/wp-json\/wp\/v2\/media\/225998"}],"wp:attachment":[{"href":"https:\/\/www.csj-emballages.com\/es\/wp-json\/wp\/v2\/media?parent=23604"}],"wp:term":[{"taxonomy":"product_brand","embeddable":true,"href":"https:\/\/www.csj-emballages.com\/es\/wp-json\/wp\/v2\/product_brand?post=23604"},{"taxonomy":"product_cat","embeddable":true,"href":"https:\/\/www.csj-emballages.com\/es\/wp-json\/wp\/v2\/product_cat?post=23604"},{"taxonomy":"product_tag","embeddable":true,"href":"https:\/\/www.csj-emballages.com\/es\/wp-json\/wp\/v2\/product_tag?post=23604"}],"curies":[{"name":"wp","href":"https:\/\/api.w.org\/{rel}","templated":true}]}}