{"id":235970,"date":"2025-06-18T09:52:52","date_gmt":"2025-06-18T07:52:52","guid":{"rendered":"https:\/\/www.csj-emballages.com\/produit\/caja-de-250-etiquetas-para-muestras-de-control\/"},"modified":"2026-03-12T16:05:51","modified_gmt":"2026-03-12T15:05:51","slug":"caja-de-250-etiquetas-para-muestras-de-control","status":"publish","type":"product","link":"https:\/\/www.csj-emballages.com\/es\/produit\/caja-de-250-etiquetas-para-muestras-de-control\/","title":{"rendered":"Etiqueta de muestra de control por 250"},"content":{"rendered":"<h2 class=\"p1 ai-optimize-35 ai-optimize-introduction\">Etiqueta de la muestra de control<\/h2>\n<hr>\n<h3 class=\"ai-optimize-34\">Descripci\u00f3n de nuestra etiqueta de muestra por 250<\/h3>\n<p><!--more--><\/p>\n<p class=\"ai-optimize-32 ai-optimize-introduction\" data-start=\"245\" data-end=\"561\">En una cocina profesional, la <strong>trazabilidad<\/strong> y la seguridad alimentaria no son negociables. Por eso, <strong data-start=\"365\" data-end=\"405\">las etiquetas de muestra<\/strong> se han convertido en una herramienta indispensable para todos los profesionales de la alimentaci\u00f3n: restauradores, empresas de catering, autoridades locales y cocinas centrales.<\/p>\n<p class=\"ai-optimize-33\" data-start=\"563\" data-end=\"859\">Este paquete de <strong>250 etiquetas<\/strong> ha sido dise\u00f1ado para facilitar el <strong data-start=\"618\" data-end=\"656\">seguimiento de las comidas preparadas<\/strong> de acuerdo con los requisitos sanitarios. Cada <strong>etiqueta<\/strong> se fija f\u00e1cilmente a la tapa de la muestra de control (bandeja, tarro o bolsita) y<strong data-start=\"810\" data-end=\"855\">registra la informaci\u00f3n esencial<\/strong>:<\/p>\n<ul data-start=\"860\" data-end=\"994\">\n<li class=\"ai-optimize-34\" data-start=\"860\" data-end=\"902\">\n<p class=\"ai-optimize-35\" data-start=\"862\" data-end=\"902\">la <strong data-start=\"865\" data-end=\"899\">fecha y hora del muestreo<\/strong>,<\/p>\n<\/li>\n<li class=\"ai-optimize-36\" data-start=\"903\" data-end=\"926\">\n<p class=\"ai-optimize-37\" data-start=\"905\" data-end=\"926\">el <strong data-start=\"908\" data-end=\"923\">nombre del plato<\/strong>,<\/p>\n<\/li>\n<li class=\"ai-optimize-38\" data-start=\"927\" data-end=\"957\">\n<p class=\"ai-optimize-39\" data-start=\"929\" data-end=\"957\">el <strong data-start=\"932\" data-end=\"954\">nombre del operador<\/strong>,<\/p>\n<\/li>\n<li class=\"ai-optimize-40\" data-start=\"958\" data-end=\"994\">\n<p class=\"ai-optimize-41\" data-start=\"960\" data-end=\"994\">y la <strong data-start=\"966\" data-end=\"993\">temperatura de almacenamiento<\/strong>.<\/p>\n<\/li>\n<\/ul>\n<p class=\"ai-optimize-42\" data-start=\"996\" data-end=\"1272\">Gracias a este sistema r\u00e1pido y f\u00e1cil de implantar, puede garantizar <strong>una trazabilidad<\/strong> completa en caso de inspecci\u00f3n sanitaria o sospecha de intoxicaci\u00f3n alimentaria. Este gesto cotidiano, a menudo subestimado, es sin embargo <strong data-start=\"1224\" data-end=\"1269\">una prueba de profesionalidad y rigor<\/strong>.<\/p>\n<p class=\"ai-optimize-43\" data-start=\"1274\" data-end=\"1430\">Las <strong>etiquetas<\/strong> se suministran en una <strong>pr\u00e1ctica caja dispensadora<\/strong>, listas para su uso. El formato es claro, f\u00e1cil de leer y se adapta perfectamente a las necesidades de la cocina.<\/p>\n<p class=\"ai-optimize-44\" data-start=\"1432\" data-end=\"1592\">\u00bfProfesionales exigentes? Esta es la herramienta que necesita para gestionar sus muestras de control sin perder tiempo, cumpliendo al mismo tiempo las normas APPCC.<\/p>\n<p data-start=\"1432\" data-end=\"1592\">\n<p><!--more--><\/p>\n<h4 class=\"ai-optimize-37\"><strong>Ventajas:<\/strong><\/h4>\n<ul>\n<li class=\"ai-optimize-38\">Permite la trazabilidad completa de los platos preparados.<\/li>\n<li class=\"ai-optimize-39\">Borrar formato: fecha, hora, plato, operador, temperatura.<\/li>\n<li class=\"ai-optimize-42\">Ideal para controles de salud.<\/li>\n<li class=\"ai-optimize-39\">Pr\u00e1ctica caja dispensadora.<\/li>\n<\/ul>\n<p>&nbsp;<\/p>\n<p><!--more--><\/p>\n<h4 class=\"ai-optimize-44\">Informaci\u00f3n adicional :<\/h4>\n<ul>\n<li class=\"ai-optimize-45\"><strong>Envase<\/strong>: Paquete de 250<\/li>\n<li class=\"ai-optimize-47\"><b>Dimensiones de la etiqueta: <\/b>50 x 35 (L x A en mm)<\/li>\n<li class=\"ai-optimize-45\"><strong>Dimensiones de la caja<\/strong>: 80 x 80 x 40 (L x A x A en mm)<\/li>\n<li class=\"ai-optimize-35\"><b>Uso <\/b>: etiqueta autoadhesiva<\/li>\n<\/ul>\n<p>&nbsp;<\/p>\n<p><!--more--><\/p>\n<p class=\"ai-optimize-41\"><a href=\"https:\/\/www.csj-emballages.com\/es\/categorie-produit\/envasado-de-alimentos\/tienda-y-almacen\/accesorios-y-equipamiento-es\/etiquetas-es\/\">Ver el resto de nuestra gama de etiquetas<\/a><\/p>\n","protected":false},"excerpt":{"rendered":"<p>Etiqueta de la muestra de control Descripci\u00f3n de nuestra etiqueta de muestra por 250<\/p>\n","protected":false},"featured_media":235964,"template":"","meta":{"_acf_changed":false},"product_brand":[],"product_cat":[1150,1488,3873,3874,1828],"product_tag":[],"class_list":{"0":"post-235970","1":"product","2":"type-product","3":"status-publish","4":"has-post-thumbnail","6":"product_cat-envasado-de-alimentos","7":"product_cat-tienda-y-almacen","8":"product_cat-bolsas-sobres","9":"product_cat-accesorios-y-equipamiento-es","10":"product_cat-etiquetas-es","12":"first","13":"instock","14":"taxable","15":"shipping-taxable","16":"purchasable","17":"product-type-simple"},"acf":[],"yoast_head":"<!-- This site is optimized with the Yoast SEO Premium plugin v26.6 (Yoast SEO v26.6) - https:\/\/yoast.com\/wordpress\/plugins\/seo\/ -->\n<title>Etiqueta Muestra Control por 250<\/title>\n<meta name=\"description\" content=\"Etiqueta de muestra por 250 para pegar en bandejas, ollas o bolsas: trazabilidad, seguridad alimentaria, cumplimiento del APPCC en cocinas profesionales.\" \/>\n<meta name=\"robots\" content=\"index, follow, max-snippet:-1, max-image-preview:large, max-video-preview:-1\" \/>\n<link rel=\"canonical\" href=\"https:\/\/www.csj-emballages.com\/es\/produit\/caja-de-250-etiquetas-para-muestras-de-control\/\" \/>\n<meta property=\"og:locale\" content=\"es_ES\" \/>\n<meta property=\"og:type\" content=\"article\" \/>\n<meta property=\"og:title\" content=\"Etiqueta de muestra de control por 250\" \/>\n<meta property=\"og:description\" content=\"Etiqueta de muestra por 250 para pegar en bandejas, ollas o bolsas: trazabilidad, seguridad alimentaria, cumplimiento del APPCC en cocinas profesionales.\" \/>\n<meta property=\"og:url\" content=\"https:\/\/www.csj-emballages.com\/es\/produit\/caja-de-250-etiquetas-para-muestras-de-control\/\" \/>\n<meta property=\"og:site_name\" content=\"CSJ Emballages\" \/>\n<meta property=\"article:publisher\" content=\"https:\/\/www.facebook.com\/csjemballages\" \/>\n<meta property=\"article:modified_time\" content=\"2026-03-12T15:05:51+00:00\" \/>\n<meta property=\"og:image\" content=\"https:\/\/www.csj-emballages.com\/wp-content\/uploads\/2025\/06\/129602.webp\" \/>\n\t<meta property=\"og:image:width\" content=\"800\" \/>\n\t<meta property=\"og:image:height\" content=\"800\" \/>\n\t<meta property=\"og:image:type\" content=\"image\/webp\" \/>\n<meta name=\"twitter:card\" content=\"summary_large_image\" \/>\n<meta name=\"twitter:label1\" content=\"Tiempo de lectura\" \/>\n\t<meta name=\"twitter:data1\" content=\"1 minuto\" \/>\n<script type=\"application\/ld+json\" class=\"yoast-schema-graph\">{\"@context\":\"https:\/\/schema.org\",\"@graph\":[{\"@type\":\"WebPage\",\"@id\":\"https:\/\/www.csj-emballages.com\/es\/produit\/caja-de-250-etiquetas-para-muestras-de-control\/\",\"url\":\"https:\/\/www.csj-emballages.com\/es\/produit\/caja-de-250-etiquetas-para-muestras-de-control\/\",\"name\":\"Etiqueta Muestra Control por 250\",\"isPartOf\":{\"@id\":\"https:\/\/www.csj-emballages.com\/es\/#website\"},\"primaryImageOfPage\":{\"@id\":\"https:\/\/www.csj-emballages.com\/es\/produit\/caja-de-250-etiquetas-para-muestras-de-control\/#primaryimage\"},\"image\":{\"@id\":\"https:\/\/www.csj-emballages.com\/es\/produit\/caja-de-250-etiquetas-para-muestras-de-control\/#primaryimage\"},\"thumbnailUrl\":\"https:\/\/www.csj-emballages.com\/wp-content\/uploads\/2025\/06\/129602.webp\",\"datePublished\":\"2025-06-18T07:52:52+00:00\",\"dateModified\":\"2026-03-12T15:05:51+00:00\",\"description\":\"Etiqueta de muestra por 250 para pegar en bandejas, ollas o bolsas: trazabilidad, seguridad alimentaria, cumplimiento del APPCC en cocinas profesionales.\",\"breadcrumb\":{\"@id\":\"https:\/\/www.csj-emballages.com\/es\/produit\/caja-de-250-etiquetas-para-muestras-de-control\/#breadcrumb\"},\"inLanguage\":\"es\",\"potentialAction\":[{\"@type\":\"ReadAction\",\"target\":[\"https:\/\/www.csj-emballages.com\/es\/produit\/caja-de-250-etiquetas-para-muestras-de-control\/\"]}]},{\"@type\":\"ImageObject\",\"inLanguage\":\"es\",\"@id\":\"https:\/\/www.csj-emballages.com\/es\/produit\/caja-de-250-etiquetas-para-muestras-de-control\/#primaryimage\",\"url\":\"https:\/\/www.csj-emballages.com\/wp-content\/uploads\/2025\/06\/129602.webp\",\"contentUrl\":\"https:\/\/www.csj-emballages.com\/wp-content\/uploads\/2025\/06\/129602.webp\",\"width\":800,\"height\":800,\"caption\":\"\u00c9tiquette \u00e9chantillon t\u00e9moin\"},{\"@type\":\"BreadcrumbList\",\"@id\":\"https:\/\/www.csj-emballages.com\/es\/produit\/caja-de-250-etiquetas-para-muestras-de-control\/#breadcrumb\",\"itemListElement\":[{\"@type\":\"ListItem\",\"position\":1,\"name\":\"Accueil\",\"item\":\"https:\/\/www.csj-emballages.com\/es\/universo-del-envasado-alimentario\/\"},{\"@type\":\"ListItem\",\"position\":2,\"name\":\"Tienda\",\"item\":\"https:\/\/www.csj-emballages.com\/tienda\/\"},{\"@type\":\"ListItem\",\"position\":3,\"name\":\"Etiqueta de muestra de control por 250\"}]},{\"@type\":\"WebSite\",\"@id\":\"https:\/\/www.csj-emballages.com\/es\/#website\",\"url\":\"https:\/\/www.csj-emballages.com\/es\/\",\"name\":\"CSJ Emballages\",\"description\":\"\",\"publisher\":{\"@id\":\"https:\/\/www.csj-emballages.com\/es\/#organization\"},\"potentialAction\":[{\"@type\":\"SearchAction\",\"target\":{\"@type\":\"EntryPoint\",\"urlTemplate\":\"https:\/\/www.csj-emballages.com\/es\/?s={search_term_string}\"},\"query-input\":{\"@type\":\"PropertyValueSpecification\",\"valueRequired\":true,\"valueName\":\"search_term_string\"}}],\"inLanguage\":\"es\"},{\"@type\":\"Organization\",\"@id\":\"https:\/\/www.csj-emballages.com\/es\/#Organization\/\",\"name\":\"CSJ Emballages\",\"url\":\"https:\/\/www.csj-emballages.com\/es\/\",\"logo\":{\"@type\":\"ImageObject\",\"inLanguage\":\"es\",\"@id\":\"https:\/\/www.csj-emballages.com\/es\/#\/schema\/logo\/image\/\",\"url\":\"https:\/\/www.csj-emballages.com\/wp-content\/uploads\/2023\/10\/logo_csj.webp\",\"contentUrl\":\"https:\/\/www.csj-emballages.com\/wp-content\/uploads\/2023\/10\/logo_csj.webp\",\"width\":250,\"height\":95,\"caption\":\"CSJ Emballages\"},\"image\":{\"@id\":\"https:\/\/www.csj-emballages.com\/es\/#\/schema\/logo\/image\/\"},\"sameAs\":[\"https:\/\/www.facebook.com\/csjemballages\"],\"address\":{\"@type\":\"PostalAddress\",\"streetAddress\":\"ZI La Lechere\",\"addressLocality\":\"Patornay\",\"postalCode\":\"39130\",\"addressCountry\":\"FR\"},\"contactPoint\":[{\"@type\":\"ContactPoint\",\"contactType\":\"Service client\",\"telephone\":\"0384254272\",\"email\":\"contact@csj-emballages.com\"}]}]}<\/script>\n<!-- \/ Yoast SEO Premium plugin. -->","yoast_head_json":{"title":"Etiqueta Muestra Control por 250","description":"Etiqueta de muestra por 250 para pegar en bandejas, ollas o bolsas: trazabilidad, seguridad alimentaria, cumplimiento del APPCC en cocinas profesionales.","robots":{"index":"index","follow":"follow","max-snippet":"max-snippet:-1","max-image-preview":"max-image-preview:large","max-video-preview":"max-video-preview:-1"},"canonical":"https:\/\/www.csj-emballages.com\/es\/produit\/caja-de-250-etiquetas-para-muestras-de-control\/","og_locale":"es_ES","og_type":"article","og_title":"Etiqueta de muestra de control por 250","og_description":"Etiqueta de muestra por 250 para pegar en bandejas, ollas o bolsas: trazabilidad, seguridad alimentaria, cumplimiento del APPCC en cocinas profesionales.","og_url":"https:\/\/www.csj-emballages.com\/es\/produit\/caja-de-250-etiquetas-para-muestras-de-control\/","og_site_name":"CSJ Emballages","article_publisher":"https:\/\/www.facebook.com\/csjemballages","article_modified_time":"2026-03-12T15:05:51+00:00","og_image":[{"width":800,"height":800,"url":"https:\/\/www.csj-emballages.com\/wp-content\/uploads\/2025\/06\/129602.webp","type":"image\/webp"}],"twitter_card":"summary_large_image","twitter_misc":{"Tiempo de lectura":"1 minuto"},"schema":{"@context":"https:\/\/schema.org","@graph":[{"@type":"WebPage","@id":"https:\/\/www.csj-emballages.com\/es\/produit\/caja-de-250-etiquetas-para-muestras-de-control\/","url":"https:\/\/www.csj-emballages.com\/es\/produit\/caja-de-250-etiquetas-para-muestras-de-control\/","name":"Etiqueta Muestra Control por 250","isPartOf":{"@id":"https:\/\/www.csj-emballages.com\/es\/#website"},"primaryImageOfPage":{"@id":"https:\/\/www.csj-emballages.com\/es\/produit\/caja-de-250-etiquetas-para-muestras-de-control\/#primaryimage"},"image":{"@id":"https:\/\/www.csj-emballages.com\/es\/produit\/caja-de-250-etiquetas-para-muestras-de-control\/#primaryimage"},"thumbnailUrl":"https:\/\/www.csj-emballages.com\/wp-content\/uploads\/2025\/06\/129602.webp","datePublished":"2025-06-18T07:52:52+00:00","dateModified":"2026-03-12T15:05:51+00:00","description":"Etiqueta de muestra por 250 para pegar en bandejas, ollas o bolsas: trazabilidad, seguridad alimentaria, cumplimiento del APPCC en cocinas profesionales.","breadcrumb":{"@id":"https:\/\/www.csj-emballages.com\/es\/produit\/caja-de-250-etiquetas-para-muestras-de-control\/#breadcrumb"},"inLanguage":"es","potentialAction":[{"@type":"ReadAction","target":["https:\/\/www.csj-emballages.com\/es\/produit\/caja-de-250-etiquetas-para-muestras-de-control\/"]}]},{"@type":"ImageObject","inLanguage":"es","@id":"https:\/\/www.csj-emballages.com\/es\/produit\/caja-de-250-etiquetas-para-muestras-de-control\/#primaryimage","url":"https:\/\/www.csj-emballages.com\/wp-content\/uploads\/2025\/06\/129602.webp","contentUrl":"https:\/\/www.csj-emballages.com\/wp-content\/uploads\/2025\/06\/129602.webp","width":800,"height":800,"caption":"\u00c9tiquette \u00e9chantillon t\u00e9moin"},{"@type":"BreadcrumbList","@id":"https:\/\/www.csj-emballages.com\/es\/produit\/caja-de-250-etiquetas-para-muestras-de-control\/#breadcrumb","itemListElement":[{"@type":"ListItem","position":1,"name":"Accueil","item":"https:\/\/www.csj-emballages.com\/es\/universo-del-envasado-alimentario\/"},{"@type":"ListItem","position":2,"name":"Tienda","item":"https:\/\/www.csj-emballages.com\/tienda\/"},{"@type":"ListItem","position":3,"name":"Etiqueta de muestra de control por 250"}]},{"@type":"WebSite","@id":"https:\/\/www.csj-emballages.com\/es\/#website","url":"https:\/\/www.csj-emballages.com\/es\/","name":"CSJ Emballages","description":"","publisher":{"@id":"https:\/\/www.csj-emballages.com\/es\/#organization"},"potentialAction":[{"@type":"SearchAction","target":{"@type":"EntryPoint","urlTemplate":"https:\/\/www.csj-emballages.com\/es\/?s={search_term_string}"},"query-input":{"@type":"PropertyValueSpecification","valueRequired":true,"valueName":"search_term_string"}}],"inLanguage":"es"},{"@type":"Organization","@id":"https:\/\/www.csj-emballages.com\/es\/#Organization\/","name":"CSJ Emballages","url":"https:\/\/www.csj-emballages.com\/es\/","logo":{"@type":"ImageObject","inLanguage":"es","@id":"https:\/\/www.csj-emballages.com\/es\/#\/schema\/logo\/image\/","url":"https:\/\/www.csj-emballages.com\/wp-content\/uploads\/2023\/10\/logo_csj.webp","contentUrl":"https:\/\/www.csj-emballages.com\/wp-content\/uploads\/2023\/10\/logo_csj.webp","width":250,"height":95,"caption":"CSJ Emballages"},"image":{"@id":"https:\/\/www.csj-emballages.com\/es\/#\/schema\/logo\/image\/"},"sameAs":["https:\/\/www.facebook.com\/csjemballages"],"address":{"@type":"PostalAddress","streetAddress":"ZI La Lechere","addressLocality":"Patornay","postalCode":"39130","addressCountry":"FR"},"contactPoint":[{"@type":"ContactPoint","contactType":"Service client","telephone":"0384254272","email":"contact@csj-emballages.com"}]}]}},"df_price":26.66,"df_sale_price":"","df_regular_price":26.66,"df_image_link":"https:\/\/www.csj-emballages.com\/wp-content\/uploads\/2025\/06\/129602-300x300.webp","tiered_pricing_type":"fixed","tiered_pricing_fixed_rules":[],"tiered_pricing_percentage_rules":[],"tiered_pricing_minimum":1,"tiered_pricing_roles_data":[],"_links":{"self":[{"href":"https:\/\/www.csj-emballages.com\/es\/wp-json\/wp\/v2\/product\/235970","targetHints":{"allow":["GET"]}}],"collection":[{"href":"https:\/\/www.csj-emballages.com\/es\/wp-json\/wp\/v2\/product"}],"about":[{"href":"https:\/\/www.csj-emballages.com\/es\/wp-json\/wp\/v2\/types\/product"}],"wp:featuredmedia":[{"embeddable":true,"href":"https:\/\/www.csj-emballages.com\/es\/wp-json\/wp\/v2\/media\/235964"}],"wp:attachment":[{"href":"https:\/\/www.csj-emballages.com\/es\/wp-json\/wp\/v2\/media?parent=235970"}],"wp:term":[{"taxonomy":"product_brand","embeddable":true,"href":"https:\/\/www.csj-emballages.com\/es\/wp-json\/wp\/v2\/product_brand?post=235970"},{"taxonomy":"product_cat","embeddable":true,"href":"https:\/\/www.csj-emballages.com\/es\/wp-json\/wp\/v2\/product_cat?post=235970"},{"taxonomy":"product_tag","embeddable":true,"href":"https:\/\/www.csj-emballages.com\/es\/wp-json\/wp\/v2\/product_tag?post=235970"}],"curies":[{"name":"wp","href":"https:\/\/api.w.org\/{rel}","templated":true}]}}