{"id":23574,"date":"2024-03-01T16:49:13","date_gmt":"2024-03-01T15:49:13","guid":{"rendered":"https:\/\/u15jnbdpoq.preview.infomaniak.website\/produit\/50-bolsas-de-papel-para-confiteria-de-frambuesa-70-40-x-200-mm\/"},"modified":"2026-03-12T16:41:05","modified_gmt":"2026-03-12T15:41:05","slug":"50-bolsas-de-papel-para-confiteria-de-frambuesa-70-40-x-200-mm","status":"publish","type":"product","link":"https:\/\/www.csj-emballages.com\/es\/produit\/50-bolsas-de-papel-para-confiteria-de-frambuesa-70-40-x-200-mm\/","title":{"rendered":"Bolsa de papel para confiter\u00eda de frambuesa 70 + 40 x 200 mm, paquete de 50"},"content":{"rendered":"<div style=\"box-sizing: inherit; font-family: Roboto, sans-serif;\">\n<div style=\"box-sizing: inherit; font-family: Roboto, sans-serif;\">\n<div style=\"box-sizing: inherit; font-family: Roboto, sans-serif;\">\n<div style=\"box-sizing: inherit; font-family: Roboto, sans-serif;\">\n<div style=\"box-sizing: inherit; font-family: Roboto, sans-serif;\">\n<div style=\"box-sizing: inherit; font-family: Roboto, sans-serif;\">\n<div style=\"box-sizing: inherit; font-family: Roboto, sans-serif;\">\n<div style=\"box-sizing: inherit; font-family: Roboto, sans-serif;\">\n<div style=\"box-sizing: inherit; font-family: Roboto, sans-serif;\">\n<div style=\"box-sizing: inherit; font-family: Roboto, sans-serif;\">\n<div style=\"box-sizing: inherit; font-family: Roboto, sans-serif;\">\n<div style=\"box-sizing: inherit; font-family: Roboto, sans-serif;\">\n<div style=\"box-sizing: inherit; font-family: Roboto, sans-serif;\">\n<div class=\"flex flex-grow flex-col max-w-full\">\n<div class=\"min-h-[20px] text-message flex flex-col items-start whitespace-pre-wrap break-words [.text-message+&amp;]:mt-5 juice:w-full juice:items-end overflow-x-auto gap-2\" dir=\"auto\" data-message-author-role=\"assistant\" data-message-id=\"2034782e-88f9-44ef-b4dc-07dd7bf0115f\">\n<div class=\"flex w-full flex-col gap-1 juice:empty:hidden juice:first:pt-[3px]\">\n<div class=\"markdown prose w-full break-words dark:prose-invert light\">\n<div style=\"box-sizing: inherit; font-family: Roboto, sans-serif;\">\n<div style=\"box-sizing: inherit; font-family: Roboto, sans-serif;\">\n<div style=\"box-sizing: inherit; font-family: Roboto, sans-serif;\">\n<div style=\"box-sizing: inherit; font-family: Roboto, sans-serif;\">\n<div style=\"box-sizing: inherit; font-family: Roboto, sans-serif;\">\n<div style=\"box-sizing: inherit; font-family: Roboto, sans-serif;\">\n<h2>Bolsa de papel para dulces<\/h2>\n<div style=\"box-sizing: inherit; font-family: Roboto, sans-serif;\">\n<div style=\"box-sizing: inherit; font-family: Roboto, sans-serif;\">\n<div style=\"box-sizing: inherit; font-family: Roboto, sans-serif;\">\n<div style=\"text-align: center;\">\n<div style=\"box-sizing: inherit; font-family: Roboto, sans-serif;\">\n<div style=\"box-sizing: inherit; font-family: Roboto, sans-serif;\">\n<div style=\"box-sizing: inherit; font-family: Roboto, sans-serif;\">\n<div style=\"box-sizing: inherit; font-family: Roboto, sans-serif;\">\n<div style=\"box-sizing: inherit; font-family: Roboto, sans-serif;\">\n<div style=\"box-sizing: inherit; font-family: Roboto, sans-serif; text-align: left;\">\n<hr>\n<h3 style=\"text-align: left;\">Descripci\u00f3n de nuestra bolsa de papel para confiter\u00eda de frambuesa 70 + 40 x 200 mm, paquete de 50<\/h3>\n<h3 style=\"text-align: left;\"><!--more--><\/h3>\n<\/div>\n<\/div>\n<\/div>\n<\/div>\n<\/div>\n<\/div>\n<\/div>\n<\/div>\n<\/div>\n<\/div>\n<\/div>\n<\/div>\n<\/div>\n<\/div>\n<\/div>\n<\/div>\n<\/div>\n<\/div>\n<\/div>\n<\/div>\n<\/div>\n<\/div>\n<\/div>\n<\/div>\n<\/div>\n<\/div>\n<\/div>\n<\/div>\n<\/div>\n<\/div>\n<\/div>\n<\/div>\n<\/div>\n<div style=\"box-sizing: inherit; font-family: Roboto, sans-serif;\">\n<div style=\"box-sizing: inherit; font-family: Roboto, sans-serif;\">\n<div style=\"box-sizing: inherit; font-family: Roboto, sans-serif;\">\n<div style=\"box-sizing: inherit; font-family: Roboto, sans-serif;\">\n<div style=\"box-sizing: inherit; font-family: Roboto, sans-serif;\">\n<div style=\"box-sizing: inherit; font-family: Roboto, sans-serif;\">\n<div style=\"box-sizing: inherit; font-family: Roboto, sans-serif;\">\n<div style=\"box-sizing: inherit; font-family: Roboto, sans-serif;\">\n<div style=\"box-sizing: inherit; font-family: Roboto, sans-serif;\">\n<div style=\"box-sizing: inherit; font-family: Roboto, sans-serif;\">\n<div style=\"box-sizing: inherit; font-family: Roboto, sans-serif;\">\n<div style=\"box-sizing: inherit; font-family: Roboto, sans-serif;\">\n<div style=\"box-sizing: inherit; font-family: Roboto, sans-serif;\">\n<div class=\"flex flex-grow flex-col max-w-full\">\n<div class=\"min-h-[20px] text-message flex flex-col items-start whitespace-pre-wrap break-words [.text-message+&amp;]:mt-5 juice:w-full juice:items-end overflow-x-auto gap-2\" dir=\"auto\" data-message-author-role=\"assistant\" data-message-id=\"2034782e-88f9-44ef-b4dc-07dd7bf0115f\">\n<div class=\"flex w-full flex-col gap-1 juice:empty:hidden juice:first:pt-[3px]\">\n<div class=\"markdown prose w-full break-words dark:prose-invert light\">\n<div style=\"box-sizing: inherit; font-family: Roboto, sans-serif;\">\n<div style=\"box-sizing: inherit; font-family: Roboto, sans-serif;\">\n<div style=\"box-sizing: inherit; font-family: Roboto, sans-serif;\">\n<div style=\"box-sizing: inherit; font-family: Roboto, sans-serif;\">\n<div style=\"box-sizing: inherit; font-family: Roboto, sans-serif;\">\n<div style=\"box-sizing: inherit; font-family: Roboto, sans-serif;\">\n<p data-start=\"36\" data-end=\"562\">Apueste por la elegancia gourmet con la bolsita <strong data-start=\"76\" data-end=\"132\">de papel de confiter\u00eda de frambuesa 70 + 40 x 200 mm<\/strong> por <strong>50<\/strong>, imprescindible para realzar sus dulces caseros. Perteneciente a la <strong data-start=\"210\" data-end=\"227\">gama Cabosse<\/strong>, esta <strong>bolsita de chocolate<\/strong> de alta gama realza el <strong data-start=\"277\" data-end=\"289\">chocolate<\/strong> y todas sus creaciones dulces gracias a su <strong data-start=\"333\" data-end=\"353\">ventana frontal<\/strong> que revela sus tesoros gourmet. A primera vista, sus clientes quedar\u00e1n seducidos por el <strong data-start=\"460\" data-end=\"489\">intenso color frambuesa<\/strong>, a la vez moderno y c\u00e1lido, que llama naturalmente la atenci\u00f3n.  <\/p>\n<p data-start=\"564\" data-end=\"1051\">Pr\u00e1ctica e ingeniosa, esta <strong data-start=\"590\" data-end=\"604\">bolsa SOS<\/strong> se despliega f\u00e1cilmente y se <strong data-start=\"629\" data-end=\"655\">mantiene en pie<\/strong> por <strong data-start=\"629\" data-end=\"655\">s\u00ed sola<\/strong>, incluso antes de ser llenada. Esta caracter\u00edstica no s\u00f3lo facilita su colocaci\u00f3n en las estanter\u00edas, sino que tambi\u00e9n protege sus preparaciones m\u00e1s delicadas. Su <strong data-start=\"821\" data-end=\"837\">forma estable<\/strong> y su dise\u00f1o robusto le permiten envasar con toda confianza productos fr\u00e1giles como bombones finos, galletas de mantequilla o trozos de turr\u00f3n, sin preocuparse de que se aplasten o se rompan.  <\/p>\n<p data-start=\"1053\" data-end=\"1470\">Dise\u00f1ada para <strong data-start=\"1068\" data-end=\"1104\">pasteleros profesionales<\/strong>, esta <strong>bolsa<\/strong> multiusos es ideal para <strong data-start=\"1152\" data-end=\"1168\">chocolateros<\/strong>, <strong data-start=\"1170\" data-end=\"1184\">confiteros<\/strong>, <strong data-start=\"1186\" data-end=\"1200\">pasteleros<\/strong>, <strong data-start=\"1202\" data-end=\"1216\">azucareros<\/strong> y <strong data-start=\"1225\" data-end=\"1240\">galleteros<\/strong>. Es <strong data-start=\"1258\" data-end=\"1293\">apta para el contacto con alimentos<\/strong>, por lo que puede estar seguro de que sus delicias se presentar\u00e1n con cuidado y se mantendr\u00e1n en \u00f3ptimas condiciones. En la tienda o en eventos, ofrece una experiencia visual y gustativa \u00fanica.  <\/p>\n<p data-start=\"1472\" data-end=\"1863\">Con esta <strong>bolsa de<\/strong> <strong>papel<\/strong> <strong>para confiter\u00eda<\/strong> <strong>de frambuesa<\/strong>, combinar\u00e1 <strong data-start=\"1531\" data-end=\"1544\">practicidad<\/strong>, <strong data-start=\"1546\" data-end=\"1560\">est\u00e9tica<\/strong> y <strong data-start=\"1564\" data-end=\"1591\">calidad profesional<\/strong>. Se convierte en un activo de marketing discreto pero potente, que pone de relieve su saber hacer artesanal al tiempo que refuerza la imagen refinada de su marca. D\u00e9 a sus dulces el envoltorio que se merecen y convierta cada degustaci\u00f3n en una aut\u00e9ntica fiesta para los ojos.  <\/p>\n<p data-start=\"1472\" data-end=\"1863\">\n<p><!--more--><\/p>\n<h4 style=\"text-align: left;\">Ventajas :<\/h4>\n<ul style=\"text-align: left;\">\n<li><strong data-start=\"2096\" data-end=\"2120\">Ventana transparente<\/strong> para una presentaci\u00f3n elegante de sus creaciones.<\/li>\n<li><strong data-start=\"2174\" data-end=\"2195\">Bolsa SOS estable<\/strong>: se mantiene erguida antes del llenado, ideal para un llenado r\u00e1pido.<\/li>\n<li><strong data-start=\"2268\" data-end=\"2306\">Papel en contacto con alimentos<\/strong>, perfecto para chocolates, galletas y confiter\u00eda.<\/li>\n<li><strong data-start=\"2361\" data-end=\"2393\">Atractivo color frambuesa<\/strong>, para llamar la atenci\u00f3n y a\u00f1adir valor a sus productos.<\/li>\n<li>Envasado <strong data-start=\"2458\" data-end=\"2468\">en paquetes de 50<\/strong> unidades, ideal para profesionales.<\/li>\n<\/ul>\n<\/div>\n<\/div>\n<\/div>\n<\/div>\n<\/div>\n<\/div>\n<\/div>\n<\/div>\n<\/div>\n<\/div>\n<\/div>\n<\/div>\n<p>&nbsp;<\/p>\n<\/div>\n<\/div>\n<\/div>\n<\/div>\n<\/div>\n<\/div>\n<\/div>\n<\/div>\n<\/div>\n<\/div>\n<\/div>\n<p><!--more--><\/p>\n<h4>Informaci\u00f3n adicional :<\/h4>\n<ul style=\"box-sizing: inherit; font-family: Roboto, sans-serif;\">\n<li><strong>Envase<\/strong>: Paquete de 50<\/li>\n<li><span style=\"font-weight: bold;\">Dimensiones<\/span>: 70 + 40 x 200 mm<\/li>\n<li><strong>Material<\/strong>: papel SOS \/ PP<\/li>\n<li><strong>Color<\/strong>: frambuesa<\/li>\n<\/ul>\n<p>&nbsp;<\/p>\n<p><!--more--><\/p>\n<p>Esta bolsa est\u00e1 disponible en diferentes colores: <span style=\"color: #d12727;\"><a style=\"color: #d12727;\" href=\"https:\/\/www.csj-emballages.com\/es\/produit\/50-bolsas-de-papel-confiteria-cal-70-40-x-200-mm\/\">Lima<\/a><\/span> \/ <span style=\"color: #d12727;\"><a style=\"color: #d12727;\" href=\"https:\/\/www.csj-emballages.com\/es\/produit\/50-bolsas-de-papel-caramelos-de-mandarina-70-40-x-200-mm\/\">Mandarina<\/a><\/span> \/ <span style=\"color: #d12727;\"><a style=\"color: #d12727;\" href=\"https:\/\/www.csj-emballages.com\/es\/produit\/50-bolsas-de-papel-para-confiteria-de-vainilla-70-40-x-200-mm\/\">Vainilla<\/a><\/span><\/p>\n<p>&nbsp;<\/p>\n<p><!--more--><\/p>\n<p><a href=\"https:\/\/www.csj-emballages.com\/es\/categorie-produit\/envasado-de-alimentos\/panaderia-y-pasteleria\/bolsas-sobres-y-papel\/bolsas-para-golosinas\/bolsas-de-papel\/bolsas-de-papel-sos\/\">Ver el resto de nuestra gama de bolsas de papel SOS<\/a><\/p>\n","protected":false},"excerpt":{"rendered":"<p>Bolsa de papel para dulces Descripci\u00f3n de nuestra bolsa de papel para confiter\u00eda de frambuesa 70 + 40 x 200 mm, paquete de 50<\/p>\n","protected":false},"featured_media":243653,"template":"","meta":{"_acf_changed":false},"product_brand":[],"product_cat":[1150,1145,1660,1725,1488],"product_tag":[],"class_list":{"0":"post-23574","1":"product","2":"type-product","3":"status-publish","4":"has-post-thumbnail","6":"product_cat-envasado-de-alimentos","7":"product_cat-panaderia-y-pasteleria","8":"product_cat-bolsas-para-golosinas","9":"product_cat-bolsas-de-papel-sos","10":"product_cat-tienda-y-almacen","12":"first","13":"instock","14":"taxable","15":"shipping-taxable","16":"purchasable","17":"product-type-simple"},"acf":[],"yoast_head":"<!-- This site is optimized with the Yoast SEO Premium plugin v26.6 (Yoast SEO v26.6) - https:\/\/yoast.com\/wordpress\/plugins\/seo\/ -->\n<title>Bolsa de papel para confiter\u00eda de frambuesa 70 + 40 x 200 mm, paquete de 50<\/title>\n<meta name=\"description\" content=\"Presuma de bombones con la bolsa de papel para confiter\u00eda de frambuesa 70 + 40 x 200 mm. Ventana frontal, contacto con alimentos, calidad profesional.\" \/>\n<meta name=\"robots\" content=\"index, follow, max-snippet:-1, max-image-preview:large, max-video-preview:-1\" \/>\n<link rel=\"canonical\" href=\"https:\/\/www.csj-emballages.com\/es\/produit\/50-bolsas-de-papel-para-confiteria-de-frambuesa-70-40-x-200-mm\/\" \/>\n<meta property=\"og:locale\" content=\"es_ES\" \/>\n<meta property=\"og:type\" content=\"article\" \/>\n<meta property=\"og:title\" content=\"Bolsa de papel para confiter\u00eda de frambuesa 70 + 40 x 200 mm, paquete de 50\" \/>\n<meta property=\"og:description\" content=\"Presuma de bombones con la bolsa de papel para confiter\u00eda de frambuesa 70 + 40 x 200 mm. Ventana frontal, contacto con alimentos, calidad profesional.\" \/>\n<meta property=\"og:url\" content=\"https:\/\/www.csj-emballages.com\/es\/produit\/50-bolsas-de-papel-para-confiteria-de-frambuesa-70-40-x-200-mm\/\" \/>\n<meta property=\"og:site_name\" content=\"CSJ Emballages\" \/>\n<meta property=\"article:publisher\" content=\"https:\/\/www.facebook.com\/csjemballages\" \/>\n<meta property=\"article:modified_time\" content=\"2026-03-12T15:41:05+00:00\" \/>\n<meta property=\"og:image\" content=\"https:\/\/www.csj-emballages.com\/wp-content\/uploads\/2024\/03\/SFRAMBOISET1.webp\" \/>\n\t<meta property=\"og:image:width\" content=\"800\" \/>\n\t<meta property=\"og:image:height\" content=\"800\" \/>\n\t<meta property=\"og:image:type\" content=\"image\/webp\" \/>\n<meta name=\"twitter:card\" content=\"summary_large_image\" \/>\n<meta name=\"twitter:label1\" content=\"Tiempo de lectura\" \/>\n\t<meta name=\"twitter:data1\" content=\"2 minutos\" \/>\n<script type=\"application\/ld+json\" class=\"yoast-schema-graph\">{\"@context\":\"https:\/\/schema.org\",\"@graph\":[{\"@type\":\"WebPage\",\"@id\":\"https:\/\/www.csj-emballages.com\/es\/produit\/50-bolsas-de-papel-para-confiteria-de-frambuesa-70-40-x-200-mm\/\",\"url\":\"https:\/\/www.csj-emballages.com\/es\/produit\/50-bolsas-de-papel-para-confiteria-de-frambuesa-70-40-x-200-mm\/\",\"name\":\"Bolsa de papel para confiter\u00eda de frambuesa 70 + 40 x 200 mm, paquete de 50\",\"isPartOf\":{\"@id\":\"https:\/\/www.csj-emballages.com\/es\/#website\"},\"primaryImageOfPage\":{\"@id\":\"https:\/\/www.csj-emballages.com\/es\/produit\/50-bolsas-de-papel-para-confiteria-de-frambuesa-70-40-x-200-mm\/#primaryimage\"},\"image\":{\"@id\":\"https:\/\/www.csj-emballages.com\/es\/produit\/50-bolsas-de-papel-para-confiteria-de-frambuesa-70-40-x-200-mm\/#primaryimage\"},\"thumbnailUrl\":\"https:\/\/www.csj-emballages.com\/wp-content\/uploads\/2024\/03\/SFRAMBOISET1.webp\",\"datePublished\":\"2024-03-01T15:49:13+00:00\",\"dateModified\":\"2026-03-12T15:41:05+00:00\",\"description\":\"Presuma de bombones con la bolsa de papel para confiter\u00eda de frambuesa 70 + 40 x 200 mm. Ventana frontal, contacto con alimentos, calidad profesional.\",\"breadcrumb\":{\"@id\":\"https:\/\/www.csj-emballages.com\/es\/produit\/50-bolsas-de-papel-para-confiteria-de-frambuesa-70-40-x-200-mm\/#breadcrumb\"},\"inLanguage\":\"es\",\"potentialAction\":[{\"@type\":\"ReadAction\",\"target\":[\"https:\/\/www.csj-emballages.com\/es\/produit\/50-bolsas-de-papel-para-confiteria-de-frambuesa-70-40-x-200-mm\/\"]}]},{\"@type\":\"ImageObject\",\"inLanguage\":\"es\",\"@id\":\"https:\/\/www.csj-emballages.com\/es\/produit\/50-bolsas-de-papel-para-confiteria-de-frambuesa-70-40-x-200-mm\/#primaryimage\",\"url\":\"https:\/\/www.csj-emballages.com\/wp-content\/uploads\/2024\/03\/SFRAMBOISET1.webp\",\"contentUrl\":\"https:\/\/www.csj-emballages.com\/wp-content\/uploads\/2024\/03\/SFRAMBOISET1.webp\",\"width\":800,\"height\":800,\"caption\":\"Sachet confiseries papier\"},{\"@type\":\"BreadcrumbList\",\"@id\":\"https:\/\/www.csj-emballages.com\/es\/produit\/50-bolsas-de-papel-para-confiteria-de-frambuesa-70-40-x-200-mm\/#breadcrumb\",\"itemListElement\":[{\"@type\":\"ListItem\",\"position\":1,\"name\":\"Accueil\",\"item\":\"https:\/\/www.csj-emballages.com\/es\/universo-del-envasado-alimentario\/\"},{\"@type\":\"ListItem\",\"position\":2,\"name\":\"Tienda\",\"item\":\"https:\/\/www.csj-emballages.com\/tienda\/\"},{\"@type\":\"ListItem\",\"position\":3,\"name\":\"Bolsa de papel para confiter\u00eda de frambuesa 70 + 40 x 200 mm, paquete de 50\"}]},{\"@type\":\"WebSite\",\"@id\":\"https:\/\/www.csj-emballages.com\/es\/#website\",\"url\":\"https:\/\/www.csj-emballages.com\/es\/\",\"name\":\"CSJ Emballages\",\"description\":\"\",\"publisher\":{\"@id\":\"https:\/\/www.csj-emballages.com\/es\/#organization\"},\"potentialAction\":[{\"@type\":\"SearchAction\",\"target\":{\"@type\":\"EntryPoint\",\"urlTemplate\":\"https:\/\/www.csj-emballages.com\/es\/?s={search_term_string}\"},\"query-input\":{\"@type\":\"PropertyValueSpecification\",\"valueRequired\":true,\"valueName\":\"search_term_string\"}}],\"inLanguage\":\"es\"},{\"@type\":\"Organization\",\"@id\":\"https:\/\/www.csj-emballages.com\/es\/#Organization\/\",\"name\":\"CSJ Emballages\",\"url\":\"https:\/\/www.csj-emballages.com\/es\/\",\"logo\":{\"@type\":\"ImageObject\",\"inLanguage\":\"es\",\"@id\":\"https:\/\/www.csj-emballages.com\/es\/#\/schema\/logo\/image\/\",\"url\":\"https:\/\/www.csj-emballages.com\/wp-content\/uploads\/2023\/10\/logo_csj.webp\",\"contentUrl\":\"https:\/\/www.csj-emballages.com\/wp-content\/uploads\/2023\/10\/logo_csj.webp\",\"width\":250,\"height\":95,\"caption\":\"CSJ Emballages\"},\"image\":{\"@id\":\"https:\/\/www.csj-emballages.com\/es\/#\/schema\/logo\/image\/\"},\"sameAs\":[\"https:\/\/www.facebook.com\/csjemballages\"],\"address\":{\"@type\":\"PostalAddress\",\"streetAddress\":\"ZI La Lechere\",\"addressLocality\":\"Patornay\",\"postalCode\":\"39130\",\"addressCountry\":\"FR\"},\"contactPoint\":[{\"@type\":\"ContactPoint\",\"contactType\":\"Service client\",\"telephone\":\"0384254272\",\"email\":\"contact@csj-emballages.com\"}]}]}<\/script>\n<!-- \/ Yoast SEO Premium plugin. -->","yoast_head_json":{"title":"Bolsa de papel para confiter\u00eda de frambuesa 70 + 40 x 200 mm, paquete de 50","description":"Presuma de bombones con la bolsa de papel para confiter\u00eda de frambuesa 70 + 40 x 200 mm. Ventana frontal, contacto con alimentos, calidad profesional.","robots":{"index":"index","follow":"follow","max-snippet":"max-snippet:-1","max-image-preview":"max-image-preview:large","max-video-preview":"max-video-preview:-1"},"canonical":"https:\/\/www.csj-emballages.com\/es\/produit\/50-bolsas-de-papel-para-confiteria-de-frambuesa-70-40-x-200-mm\/","og_locale":"es_ES","og_type":"article","og_title":"Bolsa de papel para confiter\u00eda de frambuesa 70 + 40 x 200 mm, paquete de 50","og_description":"Presuma de bombones con la bolsa de papel para confiter\u00eda de frambuesa 70 + 40 x 200 mm. Ventana frontal, contacto con alimentos, calidad profesional.","og_url":"https:\/\/www.csj-emballages.com\/es\/produit\/50-bolsas-de-papel-para-confiteria-de-frambuesa-70-40-x-200-mm\/","og_site_name":"CSJ Emballages","article_publisher":"https:\/\/www.facebook.com\/csjemballages","article_modified_time":"2026-03-12T15:41:05+00:00","og_image":[{"width":800,"height":800,"url":"https:\/\/www.csj-emballages.com\/wp-content\/uploads\/2024\/03\/SFRAMBOISET1.webp","type":"image\/webp"}],"twitter_card":"summary_large_image","twitter_misc":{"Tiempo de lectura":"2 minutos"},"schema":{"@context":"https:\/\/schema.org","@graph":[{"@type":"WebPage","@id":"https:\/\/www.csj-emballages.com\/es\/produit\/50-bolsas-de-papel-para-confiteria-de-frambuesa-70-40-x-200-mm\/","url":"https:\/\/www.csj-emballages.com\/es\/produit\/50-bolsas-de-papel-para-confiteria-de-frambuesa-70-40-x-200-mm\/","name":"Bolsa de papel para confiter\u00eda de frambuesa 70 + 40 x 200 mm, paquete de 50","isPartOf":{"@id":"https:\/\/www.csj-emballages.com\/es\/#website"},"primaryImageOfPage":{"@id":"https:\/\/www.csj-emballages.com\/es\/produit\/50-bolsas-de-papel-para-confiteria-de-frambuesa-70-40-x-200-mm\/#primaryimage"},"image":{"@id":"https:\/\/www.csj-emballages.com\/es\/produit\/50-bolsas-de-papel-para-confiteria-de-frambuesa-70-40-x-200-mm\/#primaryimage"},"thumbnailUrl":"https:\/\/www.csj-emballages.com\/wp-content\/uploads\/2024\/03\/SFRAMBOISET1.webp","datePublished":"2024-03-01T15:49:13+00:00","dateModified":"2026-03-12T15:41:05+00:00","description":"Presuma de bombones con la bolsa de papel para confiter\u00eda de frambuesa 70 + 40 x 200 mm. Ventana frontal, contacto con alimentos, calidad profesional.","breadcrumb":{"@id":"https:\/\/www.csj-emballages.com\/es\/produit\/50-bolsas-de-papel-para-confiteria-de-frambuesa-70-40-x-200-mm\/#breadcrumb"},"inLanguage":"es","potentialAction":[{"@type":"ReadAction","target":["https:\/\/www.csj-emballages.com\/es\/produit\/50-bolsas-de-papel-para-confiteria-de-frambuesa-70-40-x-200-mm\/"]}]},{"@type":"ImageObject","inLanguage":"es","@id":"https:\/\/www.csj-emballages.com\/es\/produit\/50-bolsas-de-papel-para-confiteria-de-frambuesa-70-40-x-200-mm\/#primaryimage","url":"https:\/\/www.csj-emballages.com\/wp-content\/uploads\/2024\/03\/SFRAMBOISET1.webp","contentUrl":"https:\/\/www.csj-emballages.com\/wp-content\/uploads\/2024\/03\/SFRAMBOISET1.webp","width":800,"height":800,"caption":"Sachet confiseries papier"},{"@type":"BreadcrumbList","@id":"https:\/\/www.csj-emballages.com\/es\/produit\/50-bolsas-de-papel-para-confiteria-de-frambuesa-70-40-x-200-mm\/#breadcrumb","itemListElement":[{"@type":"ListItem","position":1,"name":"Accueil","item":"https:\/\/www.csj-emballages.com\/es\/universo-del-envasado-alimentario\/"},{"@type":"ListItem","position":2,"name":"Tienda","item":"https:\/\/www.csj-emballages.com\/tienda\/"},{"@type":"ListItem","position":3,"name":"Bolsa de papel para confiter\u00eda de frambuesa 70 + 40 x 200 mm, paquete de 50"}]},{"@type":"WebSite","@id":"https:\/\/www.csj-emballages.com\/es\/#website","url":"https:\/\/www.csj-emballages.com\/es\/","name":"CSJ Emballages","description":"","publisher":{"@id":"https:\/\/www.csj-emballages.com\/es\/#organization"},"potentialAction":[{"@type":"SearchAction","target":{"@type":"EntryPoint","urlTemplate":"https:\/\/www.csj-emballages.com\/es\/?s={search_term_string}"},"query-input":{"@type":"PropertyValueSpecification","valueRequired":true,"valueName":"search_term_string"}}],"inLanguage":"es"},{"@type":"Organization","@id":"https:\/\/www.csj-emballages.com\/es\/#Organization\/","name":"CSJ Emballages","url":"https:\/\/www.csj-emballages.com\/es\/","logo":{"@type":"ImageObject","inLanguage":"es","@id":"https:\/\/www.csj-emballages.com\/es\/#\/schema\/logo\/image\/","url":"https:\/\/www.csj-emballages.com\/wp-content\/uploads\/2023\/10\/logo_csj.webp","contentUrl":"https:\/\/www.csj-emballages.com\/wp-content\/uploads\/2023\/10\/logo_csj.webp","width":250,"height":95,"caption":"CSJ Emballages"},"image":{"@id":"https:\/\/www.csj-emballages.com\/es\/#\/schema\/logo\/image\/"},"sameAs":["https:\/\/www.facebook.com\/csjemballages"],"address":{"@type":"PostalAddress","streetAddress":"ZI La Lechere","addressLocality":"Patornay","postalCode":"39130","addressCountry":"FR"},"contactPoint":[{"@type":"ContactPoint","contactType":"Service client","telephone":"0384254272","email":"contact@csj-emballages.com"}]}]}},"df_price":23.3,"df_sale_price":"","df_regular_price":23.3,"df_image_link":"https:\/\/www.csj-emballages.com\/wp-content\/uploads\/2024\/03\/SFRAMBOISET1-300x300.webp","tiered_pricing_type":"fixed","tiered_pricing_fixed_rules":[],"tiered_pricing_percentage_rules":[],"tiered_pricing_minimum":1,"tiered_pricing_roles_data":[],"_links":{"self":[{"href":"https:\/\/www.csj-emballages.com\/es\/wp-json\/wp\/v2\/product\/23574","targetHints":{"allow":["GET"]}}],"collection":[{"href":"https:\/\/www.csj-emballages.com\/es\/wp-json\/wp\/v2\/product"}],"about":[{"href":"https:\/\/www.csj-emballages.com\/es\/wp-json\/wp\/v2\/types\/product"}],"wp:featuredmedia":[{"embeddable":true,"href":"https:\/\/www.csj-emballages.com\/es\/wp-json\/wp\/v2\/media\/243653"}],"wp:attachment":[{"href":"https:\/\/www.csj-emballages.com\/es\/wp-json\/wp\/v2\/media?parent=23574"}],"wp:term":[{"taxonomy":"product_brand","embeddable":true,"href":"https:\/\/www.csj-emballages.com\/es\/wp-json\/wp\/v2\/product_brand?post=23574"},{"taxonomy":"product_cat","embeddable":true,"href":"https:\/\/www.csj-emballages.com\/es\/wp-json\/wp\/v2\/product_cat?post=23574"},{"taxonomy":"product_tag","embeddable":true,"href":"https:\/\/www.csj-emballages.com\/es\/wp-json\/wp\/v2\/product_tag?post=23574"}],"curies":[{"name":"wp","href":"https:\/\/api.w.org\/{rel}","templated":true}]}}