{"id":235454,"date":"2025-06-11T17:00:24","date_gmt":"2025-06-11T15:00:24","guid":{"rendered":"https:\/\/www.csj-emballages.com\/produit\/vaso-de-papel-blanco-175-cl-por-1000\/"},"modified":"2026-03-18T02:10:29","modified_gmt":"2026-03-18T01:10:29","slug":"vaso-de-papel-blanco-175-cl-por-1000","status":"publish","type":"product","link":"https:\/\/www.csj-emballages.com\/es\/produit\/vaso-de-papel-blanco-175-cl-por-1000\/","title":{"rendered":"Vaso de papel envuelto individualmente blanco 17,5 cl por 1000"},"content":{"rendered":"<h2 class=\"p1 ai-optimize-26\">Vaso de papel envuelto<\/h2>\n<hr>\n<h3 class=\"ai-optimize-34\">Descripci\u00f3n de nuestro vaso de papel blanco envuelto individualmente 17,5 cl por 1000<\/h3>\n<p><!--more--><\/p>\n<p class=\"ai-optimize-28 ai-optimize-introduction\" data-start=\"136\" data-end=\"400\">Ideales para los profesionales de la restauraci\u00f3n, la hosteler\u00eda, el catering y las empresas preocupadas por la higiene, estos <strong>vasos de papel<\/strong><strong data-start=\"264\" data-end=\"302\"> de 17,5 cl con envoltorio blanco<\/strong> est\u00e1n <strong data-start=\"307\" data-end=\"335\">envueltos individualmente<\/strong> para garantizar una limpieza impecable cada vez que se utilizan. Pr\u00e1cticos, discretos y <strong>100% reciclables<\/strong>, son perfectos para su uso en establecimientos abiertos al p\u00fablico: hoteles, salas de espera, eventos, comida para llevar, etc. Cada vaso est\u00e1 <strong data-start=\"601\" data-end=\"641\">protegido en su propio embalaje individual<\/strong>, lo que limita la manipulaci\u00f3n y reduce el riesgo de contaminaci\u00f3n cruzada. Se trata de una aut\u00e9ntica ventaja a la hora de preservar la confianza de sus clientes, especialmente en entornos m\u00e9dicos, oficinas o lugares donde la higiene es una prioridad.   <\/p>\n<p class=\"ai-optimize-30\" data-start=\"893\" data-end=\"1260\">Fabricados con <strong>cart\u00f3n<\/strong> de calidad, estos <strong>vasos de papel envasados<\/strong> son adecuados tanto para bebidas calientes (como caf\u00e9 o t\u00e9) como fr\u00edas. Gracias a su tama\u00f1o <strong data-start=\"1033\" data-end=\"1044\">de 17,5 cl <\/strong>, son ideales para un servicio r\u00e1pido, una pausa para el caf\u00e9 o una degustaci\u00f3n. Su dise\u00f1o sobrio, <strong data-start=\"1133\" data-end=\"1146\">en blanco liso<\/strong>, se adapta a cualquier entorno, sin desorden visual, al tiempo que transmite una imagen pulida y profesional.  <\/p>\n<p class=\"ai-optimize-31\" data-start=\"1262\" data-end=\"1585\">Adem\u00e1s, envasado en <strong data-start=\"1278\" data-end=\"1293\">1.000 unidades<\/strong>, este envase le permite atender a grandes multitudes manteniendo un alto nivel de seguridad y practicidad. En resumen, tanto si es usted un profesional exigente como un particular preocupado por la higiene en eventos familiares, este vaso individual es una soluci\u00f3n sencilla, limpia y fiable. <\/p>\n<p data-start=\"1262\" data-end=\"1585\">\n<p><!--more--><\/p>\n<h4 class=\"ai-optimize-37\"><strong>Ventajas:<\/strong><\/h4>\n<ul>\n<li class=\"ai-optimize-38\">M\u00e1xima higiene gracias al envasado individual.<\/li>\n<li class=\"ai-optimize-39\">Estos vasos de papel envasados son adecuados para bebidas fr\u00edas y calientes.<\/li>\n<li class=\"ai-optimize-40\">Perfecto para hoteles, consultas m\u00e9dicas, oficinas y eventos.<\/li>\n<li class=\"ai-optimize-42\">Pr\u00e1ctico formato de 17,5 cl.<\/li>\n<li class=\"ai-optimize-43\">Envasado econ\u00f3mico por 1000.<\/li>\n<\/ul>\n<p>&nbsp;<\/p>\n<p><!--more--><\/p>\n<h4 class=\"ai-optimize-44\">Informaci\u00f3n adicional :<\/h4>\n<ul>\n<li class=\"ai-optimize-45\"><strong>Embalaje<\/strong>: Caja de 1000<\/li>\n<li class=\"ai-optimize-47\"><strong>Uso<\/strong>: Individual<\/li>\n<li class=\"ai-optimize-48\"><b>Di\u00e1metro inferior <\/b>: 45 mm<\/li>\n<li class=\"ai-optimize-48\"><b>Di\u00e1metro superior <\/b>: 68 mm<\/li>\n<li class=\"ai-optimize-32\"><strong>Color<\/strong>: blanco<\/li>\n<li class=\"ai-optimize-33\"><strong>Material<\/strong>: Cart\u00f3n<\/li>\n<\/ul>\n<p>&nbsp;<\/p>\n<p><!--more--><\/p>\n<p class=\"ai-optimize-34\">Encuentre aqu\u00ed nuestro vaso de papel para agua 17,5 cl por 50 : <span style=\"color: #d12727\"><a style=\"color: #d12727\" href=\"https:\/\/www.csj-emballages.com\/es\/produit\/50-vasos-de-carton-para-refrigerador-de-agua-175-cl\/\">376WA<\/a><\/span><\/p>\n<p>&nbsp;<\/p>\n<p><!--more--><\/p>\n<p class=\"ai-optimize-41\"><a href=\"https:\/\/www.csj-emballages.com\/es\/categorie-produit\/envasado-de-alimentos\/catering-es\/tazas-vasos-cubos-botellas\/vasos-de-carton\/tazas-blancas\/\">Ver el resto de nuestra gama de vasos de papel<\/a><\/p>\n","protected":false},"excerpt":{"rendered":"<p>Vaso de papel envuelto Descripci\u00f3n de nuestro vaso de papel blanco envuelto individualmente 17,5 cl por 1000<\/p>\n","protected":false},"featured_media":235452,"template":"","meta":{"_acf_changed":false},"product_brand":[],"product_cat":[1150,1179,1462,9240],"product_tag":[],"class_list":{"0":"post-235454","1":"product","2":"type-product","3":"status-publish","4":"has-post-thumbnail","6":"product_cat-envasado-de-alimentos","7":"product_cat-catering-es","8":"product_cat-tazas-vasos-cubos-botellas","9":"product_cat-vasos-de-carton","11":"first","12":"instock","13":"taxable","14":"shipping-taxable","15":"purchasable","16":"product-type-simple"},"acf":[],"yoast_head":"<!-- This site is optimized with the Yoast SEO Premium plugin v26.6 (Yoast SEO v26.6) - https:\/\/yoast.com\/wordpress\/plugins\/seo\/ -->\n<title>Vaso de papel envuelto individualmente Blanco 17,5 cl por 1000<\/title>\n<meta name=\"description\" content=\"Vaso de papel blanco envuelto individualmente 17,5 cl por 1000. Perfecto para una mayor higiene en hoteles, oficinas y eventos.\" \/>\n<meta name=\"robots\" content=\"index, follow, max-snippet:-1, max-image-preview:large, max-video-preview:-1\" \/>\n<link rel=\"canonical\" href=\"https:\/\/www.csj-emballages.com\/es\/produit\/vaso-de-papel-blanco-175-cl-por-1000\/\" \/>\n<meta property=\"og:locale\" content=\"es_ES\" \/>\n<meta property=\"og:type\" content=\"article\" \/>\n<meta property=\"og:title\" content=\"Vaso de papel envuelto individualmente blanco 17,5 cl por 1000\" \/>\n<meta property=\"og:description\" content=\"Vaso de papel blanco envuelto individualmente 17,5 cl por 1000. Perfecto para una mayor higiene en hoteles, oficinas y eventos.\" \/>\n<meta property=\"og:url\" content=\"https:\/\/www.csj-emballages.com\/es\/produit\/vaso-de-papel-blanco-175-cl-por-1000\/\" \/>\n<meta property=\"og:site_name\" content=\"CSJ Emballages\" \/>\n<meta property=\"article:publisher\" content=\"https:\/\/www.facebook.com\/csjemballages\" \/>\n<meta property=\"article:modified_time\" content=\"2026-03-18T01:10:29+00:00\" \/>\n<meta property=\"og:image\" content=\"https:\/\/www.csj-emballages.com\/wp-content\/uploads\/2025\/06\/376INDIV.webp\" \/>\n\t<meta property=\"og:image:width\" content=\"800\" \/>\n\t<meta property=\"og:image:height\" content=\"800\" \/>\n\t<meta property=\"og:image:type\" content=\"image\/webp\" \/>\n<meta name=\"twitter:card\" content=\"summary_large_image\" \/>\n<meta name=\"twitter:label1\" content=\"Tiempo de lectura\" \/>\n\t<meta name=\"twitter:data1\" content=\"2 minutos\" \/>\n<script type=\"application\/ld+json\" class=\"yoast-schema-graph\">{\"@context\":\"https:\/\/schema.org\",\"@graph\":[{\"@type\":\"WebPage\",\"@id\":\"https:\/\/www.csj-emballages.com\/es\/produit\/vaso-de-papel-blanco-175-cl-por-1000\/\",\"url\":\"https:\/\/www.csj-emballages.com\/es\/produit\/vaso-de-papel-blanco-175-cl-por-1000\/\",\"name\":\"Vaso de papel envuelto individualmente Blanco 17,5 cl por 1000\",\"isPartOf\":{\"@id\":\"https:\/\/www.csj-emballages.com\/es\/#website\"},\"primaryImageOfPage\":{\"@id\":\"https:\/\/www.csj-emballages.com\/es\/produit\/vaso-de-papel-blanco-175-cl-por-1000\/#primaryimage\"},\"image\":{\"@id\":\"https:\/\/www.csj-emballages.com\/es\/produit\/vaso-de-papel-blanco-175-cl-por-1000\/#primaryimage\"},\"thumbnailUrl\":\"https:\/\/www.csj-emballages.com\/wp-content\/uploads\/2025\/06\/376INDIV.webp\",\"datePublished\":\"2025-06-11T15:00:24+00:00\",\"dateModified\":\"2026-03-18T01:10:29+00:00\",\"description\":\"Vaso de papel blanco envuelto individualmente 17,5 cl por 1000. Perfecto para una mayor higiene en hoteles, oficinas y eventos.\",\"breadcrumb\":{\"@id\":\"https:\/\/www.csj-emballages.com\/es\/produit\/vaso-de-papel-blanco-175-cl-por-1000\/#breadcrumb\"},\"inLanguage\":\"es\",\"potentialAction\":[{\"@type\":\"ReadAction\",\"target\":[\"https:\/\/www.csj-emballages.com\/es\/produit\/vaso-de-papel-blanco-175-cl-por-1000\/\"]}]},{\"@type\":\"ImageObject\",\"inLanguage\":\"es\",\"@id\":\"https:\/\/www.csj-emballages.com\/es\/produit\/vaso-de-papel-blanco-175-cl-por-1000\/#primaryimage\",\"url\":\"https:\/\/www.csj-emballages.com\/wp-content\/uploads\/2025\/06\/376INDIV.webp\",\"contentUrl\":\"https:\/\/www.csj-emballages.com\/wp-content\/uploads\/2025\/06\/376INDIV.webp\",\"width\":800,\"height\":800,\"caption\":\"gobelet carton emball\u00e9\"},{\"@type\":\"BreadcrumbList\",\"@id\":\"https:\/\/www.csj-emballages.com\/es\/produit\/vaso-de-papel-blanco-175-cl-por-1000\/#breadcrumb\",\"itemListElement\":[{\"@type\":\"ListItem\",\"position\":1,\"name\":\"Accueil\",\"item\":\"https:\/\/www.csj-emballages.com\/es\/universo-del-envasado-alimentario\/\"},{\"@type\":\"ListItem\",\"position\":2,\"name\":\"Tienda\",\"item\":\"https:\/\/www.csj-emballages.com\/tienda\/\"},{\"@type\":\"ListItem\",\"position\":3,\"name\":\"Vaso de papel envuelto individualmente blanco 17,5 cl por 1000\"}]},{\"@type\":\"WebSite\",\"@id\":\"https:\/\/www.csj-emballages.com\/es\/#website\",\"url\":\"https:\/\/www.csj-emballages.com\/es\/\",\"name\":\"CSJ Emballages\",\"description\":\"\",\"publisher\":{\"@id\":\"https:\/\/www.csj-emballages.com\/es\/#organization\"},\"potentialAction\":[{\"@type\":\"SearchAction\",\"target\":{\"@type\":\"EntryPoint\",\"urlTemplate\":\"https:\/\/www.csj-emballages.com\/es\/?s={search_term_string}\"},\"query-input\":{\"@type\":\"PropertyValueSpecification\",\"valueRequired\":true,\"valueName\":\"search_term_string\"}}],\"inLanguage\":\"es\"},{\"@type\":\"Organization\",\"@id\":\"https:\/\/www.csj-emballages.com\/es\/#Organization\/\",\"name\":\"CSJ Emballages\",\"url\":\"https:\/\/www.csj-emballages.com\/es\/\",\"logo\":{\"@type\":\"ImageObject\",\"inLanguage\":\"es\",\"@id\":\"https:\/\/www.csj-emballages.com\/es\/#\/schema\/logo\/image\/\",\"url\":\"https:\/\/www.csj-emballages.com\/wp-content\/uploads\/2023\/10\/logo_csj.webp\",\"contentUrl\":\"https:\/\/www.csj-emballages.com\/wp-content\/uploads\/2023\/10\/logo_csj.webp\",\"width\":250,\"height\":95,\"caption\":\"CSJ Emballages\"},\"image\":{\"@id\":\"https:\/\/www.csj-emballages.com\/es\/#\/schema\/logo\/image\/\"},\"sameAs\":[\"https:\/\/www.facebook.com\/csjemballages\"],\"address\":{\"@type\":\"PostalAddress\",\"streetAddress\":\"ZI La Lechere\",\"addressLocality\":\"Patornay\",\"postalCode\":\"39130\",\"addressCountry\":\"FR\"},\"contactPoint\":[{\"@type\":\"ContactPoint\",\"contactType\":\"Service client\",\"telephone\":\"0384254272\",\"email\":\"contact@csj-emballages.com\"}]}]}<\/script>\n<!-- \/ Yoast SEO Premium plugin. -->","yoast_head_json":{"title":"Vaso de papel envuelto individualmente Blanco 17,5 cl por 1000","description":"Vaso de papel blanco envuelto individualmente 17,5 cl por 1000. Perfecto para una mayor higiene en hoteles, oficinas y eventos.","robots":{"index":"index","follow":"follow","max-snippet":"max-snippet:-1","max-image-preview":"max-image-preview:large","max-video-preview":"max-video-preview:-1"},"canonical":"https:\/\/www.csj-emballages.com\/es\/produit\/vaso-de-papel-blanco-175-cl-por-1000\/","og_locale":"es_ES","og_type":"article","og_title":"Vaso de papel envuelto individualmente blanco 17,5 cl por 1000","og_description":"Vaso de papel blanco envuelto individualmente 17,5 cl por 1000. Perfecto para una mayor higiene en hoteles, oficinas y eventos.","og_url":"https:\/\/www.csj-emballages.com\/es\/produit\/vaso-de-papel-blanco-175-cl-por-1000\/","og_site_name":"CSJ Emballages","article_publisher":"https:\/\/www.facebook.com\/csjemballages","article_modified_time":"2026-03-18T01:10:29+00:00","og_image":[{"width":800,"height":800,"url":"https:\/\/www.csj-emballages.com\/wp-content\/uploads\/2025\/06\/376INDIV.webp","type":"image\/webp"}],"twitter_card":"summary_large_image","twitter_misc":{"Tiempo de lectura":"2 minutos"},"schema":{"@context":"https:\/\/schema.org","@graph":[{"@type":"WebPage","@id":"https:\/\/www.csj-emballages.com\/es\/produit\/vaso-de-papel-blanco-175-cl-por-1000\/","url":"https:\/\/www.csj-emballages.com\/es\/produit\/vaso-de-papel-blanco-175-cl-por-1000\/","name":"Vaso de papel envuelto individualmente Blanco 17,5 cl por 1000","isPartOf":{"@id":"https:\/\/www.csj-emballages.com\/es\/#website"},"primaryImageOfPage":{"@id":"https:\/\/www.csj-emballages.com\/es\/produit\/vaso-de-papel-blanco-175-cl-por-1000\/#primaryimage"},"image":{"@id":"https:\/\/www.csj-emballages.com\/es\/produit\/vaso-de-papel-blanco-175-cl-por-1000\/#primaryimage"},"thumbnailUrl":"https:\/\/www.csj-emballages.com\/wp-content\/uploads\/2025\/06\/376INDIV.webp","datePublished":"2025-06-11T15:00:24+00:00","dateModified":"2026-03-18T01:10:29+00:00","description":"Vaso de papel blanco envuelto individualmente 17,5 cl por 1000. Perfecto para una mayor higiene en hoteles, oficinas y eventos.","breadcrumb":{"@id":"https:\/\/www.csj-emballages.com\/es\/produit\/vaso-de-papel-blanco-175-cl-por-1000\/#breadcrumb"},"inLanguage":"es","potentialAction":[{"@type":"ReadAction","target":["https:\/\/www.csj-emballages.com\/es\/produit\/vaso-de-papel-blanco-175-cl-por-1000\/"]}]},{"@type":"ImageObject","inLanguage":"es","@id":"https:\/\/www.csj-emballages.com\/es\/produit\/vaso-de-papel-blanco-175-cl-por-1000\/#primaryimage","url":"https:\/\/www.csj-emballages.com\/wp-content\/uploads\/2025\/06\/376INDIV.webp","contentUrl":"https:\/\/www.csj-emballages.com\/wp-content\/uploads\/2025\/06\/376INDIV.webp","width":800,"height":800,"caption":"gobelet carton emball\u00e9"},{"@type":"BreadcrumbList","@id":"https:\/\/www.csj-emballages.com\/es\/produit\/vaso-de-papel-blanco-175-cl-por-1000\/#breadcrumb","itemListElement":[{"@type":"ListItem","position":1,"name":"Accueil","item":"https:\/\/www.csj-emballages.com\/es\/universo-del-envasado-alimentario\/"},{"@type":"ListItem","position":2,"name":"Tienda","item":"https:\/\/www.csj-emballages.com\/tienda\/"},{"@type":"ListItem","position":3,"name":"Vaso de papel envuelto individualmente blanco 17,5 cl por 1000"}]},{"@type":"WebSite","@id":"https:\/\/www.csj-emballages.com\/es\/#website","url":"https:\/\/www.csj-emballages.com\/es\/","name":"CSJ Emballages","description":"","publisher":{"@id":"https:\/\/www.csj-emballages.com\/es\/#organization"},"potentialAction":[{"@type":"SearchAction","target":{"@type":"EntryPoint","urlTemplate":"https:\/\/www.csj-emballages.com\/es\/?s={search_term_string}"},"query-input":{"@type":"PropertyValueSpecification","valueRequired":true,"valueName":"search_term_string"}}],"inLanguage":"es"},{"@type":"Organization","@id":"https:\/\/www.csj-emballages.com\/es\/#Organization\/","name":"CSJ Emballages","url":"https:\/\/www.csj-emballages.com\/es\/","logo":{"@type":"ImageObject","inLanguage":"es","@id":"https:\/\/www.csj-emballages.com\/es\/#\/schema\/logo\/image\/","url":"https:\/\/www.csj-emballages.com\/wp-content\/uploads\/2023\/10\/logo_csj.webp","contentUrl":"https:\/\/www.csj-emballages.com\/wp-content\/uploads\/2023\/10\/logo_csj.webp","width":250,"height":95,"caption":"CSJ Emballages"},"image":{"@id":"https:\/\/www.csj-emballages.com\/es\/#\/schema\/logo\/image\/"},"sameAs":["https:\/\/www.facebook.com\/csjemballages"],"address":{"@type":"PostalAddress","streetAddress":"ZI La Lechere","addressLocality":"Patornay","postalCode":"39130","addressCountry":"FR"},"contactPoint":[{"@type":"ContactPoint","contactType":"Service client","telephone":"0384254272","email":"contact@csj-emballages.com"}]}]}},"df_price":76.12,"df_sale_price":"","df_regular_price":76.12,"df_image_link":"https:\/\/www.csj-emballages.com\/wp-content\/uploads\/2025\/06\/376INDIV-300x300.webp","tiered_pricing_type":"fixed","tiered_pricing_fixed_rules":[],"tiered_pricing_percentage_rules":[],"tiered_pricing_minimum":1,"tiered_pricing_roles_data":[],"_links":{"self":[{"href":"https:\/\/www.csj-emballages.com\/es\/wp-json\/wp\/v2\/product\/235454","targetHints":{"allow":["GET"]}}],"collection":[{"href":"https:\/\/www.csj-emballages.com\/es\/wp-json\/wp\/v2\/product"}],"about":[{"href":"https:\/\/www.csj-emballages.com\/es\/wp-json\/wp\/v2\/types\/product"}],"wp:featuredmedia":[{"embeddable":true,"href":"https:\/\/www.csj-emballages.com\/es\/wp-json\/wp\/v2\/media\/235452"}],"wp:attachment":[{"href":"https:\/\/www.csj-emballages.com\/es\/wp-json\/wp\/v2\/media?parent=235454"}],"wp:term":[{"taxonomy":"product_brand","embeddable":true,"href":"https:\/\/www.csj-emballages.com\/es\/wp-json\/wp\/v2\/product_brand?post=235454"},{"taxonomy":"product_cat","embeddable":true,"href":"https:\/\/www.csj-emballages.com\/es\/wp-json\/wp\/v2\/product_cat?post=235454"},{"taxonomy":"product_tag","embeddable":true,"href":"https:\/\/www.csj-emballages.com\/es\/wp-json\/wp\/v2\/product_tag?post=235454"}],"curies":[{"name":"wp","href":"https:\/\/api.w.org\/{rel}","templated":true}]}}