{"id":235354,"date":"2025-04-30T09:44:23","date_gmt":"2025-04-30T07:44:23","guid":{"rendered":"https:\/\/www.csj-emballages.com\/?post_type=product&#038;p=235354"},"modified":"2026-04-03T02:19:45","modified_gmt":"2026-04-03T00:19:45","slug":"bolsa-de-papel-blanca-con-apertura-por-los-dos-lados-34-x-12-cm-por-1000","status":"publish","type":"product","link":"https:\/\/www.csj-emballages.com\/es\/produit\/bolsa-de-papel-blanca-con-apertura-por-los-dos-lados-34-x-12-cm-por-1000\/","title":{"rendered":"Bolsa de papel blanca con apertura por los dos lados 34 x 12 cm, paquete de 2500"},"content":{"rendered":"<h2>Bolsa americana<\/h2>\n<hr>\n<h3>Descripci\u00f3n de nuestra bolsa americana apertura 2 lados papel blanco 34 x 12 cm por 2500<\/h3>\n<p><!--more--><\/p>\n<p data-start=\"261\" data-end=\"618\">La <strong data-start=\"264\" data-end=\"329\">bolsa americana de apertura de papel blanco de 34 x 12 cm<\/strong> es un producto imprescindible para los profesionales de la comida r\u00e1pida. Su pr\u00e1ctico formato y su ingenioso dise\u00f1o la convierten en <strong data-start=\"512\" data-end=\"558\">un envase sencillo, econ\u00f3mico y vers\u00e1til<\/strong>, adecuado para una gran variedad de s\u00e1ndwiches. Fabricada en <strong data-start=\"632\" data-end=\"659\">papel blanco<\/strong>, esta <strong>bolsa americana para s\u00e1ndwiches<\/strong> tiene <strong data-start=\"683\" data-end=\"727\">dos aberturas (lateral y superior)<\/strong>, lo que facilita el llenado y el consumo en el interior o para llevar. Tambi\u00e9n es especialmente popular para envolver bocadillos o paninis.   <\/p>\n<p data-start=\"986\" data-end=\"1220\">Gracias a su cuidada presentaci\u00f3n <strong>en papel blanco<\/strong>, ofrece una imagen limpia y profesional, adecuada para cualquier tipo de establecimiento. Adem\u00e1s, puede personalizarse con un sello, pegatina o logotipo para reforzar la identidad de su marca. <\/p>\n<p data-start=\"1222\" data-end=\"1462\">Envasada en <strong data-start=\"1238\" data-end=\"1260\">lotes de 2.500 unidades<\/strong>, esta <strong>bolsa americana para s\u00e1ndwiches<\/strong> es ideal para operaciones de gran volumen. <strong data-start=\"1341\" data-end=\"1379\">Ahorra tiempo a la hora de servir<\/strong>, al tiempo que garantiza una <strong data-start=\"1402\" data-end=\"1430\">experiencia fluida al cliente<\/strong> gracias a su f\u00e1cil apertura. <\/p>\n<p data-start=\"1464\" data-end=\"1636\">Ecol\u00f3gica, econ\u00f3mica y pr\u00e1ctica: \u00a1esta <strong>bolsa<\/strong> lo tiene todo! Es una <strong data-start=\"1545\" data-end=\"1574\">elecci\u00f3n inteligente para los profesionales<\/strong> que buscan una soluci\u00f3n de embalaje r\u00e1pida y eficaz. <\/p>\n<p data-start=\"1274\" data-end=\"1542\"><!--more--><\/p>\n<h4 data-start=\"1274\" data-end=\"1542\">Sus ventajas:<\/h4>\n<ul>\n<li><strong>Apertura por 2 lados<\/strong>: f\u00e1cil de llenar y consumir.<\/li>\n<li><strong>Papel blanco neutro<\/strong>: aspecto limpio y profesional.<\/li>\n<li><strong>Formato vers\u00e1til<\/strong>: adecuado para una amplia gama de productos (s\u00e1ndwiches, paninis, etc.).<\/li>\n<li><strong>Disponible en paquetes de 2.500<\/strong>: ideal para uso intensivo.<\/li>\n<li>Esta <strong>bolsa americana<\/strong> es compatible con la personalizaci\u00f3n (sello, pegatina).<\/li>\n<\/ul>\n<p>&nbsp;<\/p>\n<p><!--more--><\/p>\n<h4>Informaci\u00f3n adicional :<\/h4>\n<ul>\n<li data-start=\"1274\" data-end=\"1542\"><strong>Embalaje<\/strong>: Caja de 2500<\/li>\n<li data-start=\"1274\" data-end=\"1542\"><strong>Dimensiones<\/strong>: 34 x 12 cm<\/li>\n<li data-start=\"1274\" data-end=\"1542\"><strong>Material<\/strong>: Papel sulfurizado<\/li>\n<li data-start=\"1274\" data-end=\"1542\"><strong>Color<\/strong>: blanco<\/li>\n<\/ul>\n<p>&nbsp;<\/p>\n<p><!--more--><\/p>\n<p><a href=\"https:\/\/www.csj-emballages.com\/es\/categorie-produit\/envasado-de-alimentos\/catering-es\/bolsas-y-papel\/bolsas-para-bocadillos-es\/\">Ver el resto de nuestra gama de bolsas para bocadillos<\/a><\/p>\n","protected":false},"excerpt":{"rendered":"<p>Bolsa americana Descripci\u00f3n de nuestra bolsa americana apertura 2 lados papel blanco 34 x 12 cm por 2500<\/p>\n","protected":false},"featured_media":238582,"template":"","meta":{"_acf_changed":false},"product_brand":[],"product_cat":[1150,1179,3880,3478],"product_tag":[],"class_list":{"0":"post-235354","1":"product","2":"type-product","3":"status-publish","4":"has-post-thumbnail","6":"product_cat-envasado-de-alimentos","7":"product_cat-catering-es","8":"product_cat-bolsas-y-papel","9":"product_cat-bolsas-para-bocadillos-es","11":"first","12":"instock","13":"taxable","14":"shipping-taxable","15":"purchasable","16":"product-type-simple"},"acf":[],"yoast_head":"<!-- This site is optimized with the Yoast SEO Premium plugin v26.6 (Yoast SEO v26.6) - https:\/\/yoast.com\/wordpress\/plugins\/seo\/ -->\n<title>Bolsa americana apertura 2 caras Papel blanco 34 x 12 cm<\/title>\n<meta name=\"description\" content=\"Bolsa de papel blanca americana, abertura por los dos lados, 34 x 12 cm, paquete de 2500 unidades - ideal para bares de aperitivos, empresas de catering y panader\u00edas. Pr\u00e1ctica, econ\u00f3mica y personalizable.\" \/>\n<meta name=\"robots\" content=\"index, follow, max-snippet:-1, max-image-preview:large, max-video-preview:-1\" \/>\n<link rel=\"canonical\" href=\"https:\/\/www.csj-emballages.com\/es\/produit\/bolsa-de-papel-blanca-con-apertura-por-los-dos-lados-34-x-12-cm-por-1000\/\" \/>\n<meta property=\"og:locale\" content=\"es_ES\" \/>\n<meta property=\"og:type\" content=\"article\" \/>\n<meta property=\"og:title\" content=\"Bolsa de papel blanca con apertura por los dos lados 34 x 12 cm, paquete de 2500\" \/>\n<meta property=\"og:description\" content=\"Bolsa de papel blanca americana, abertura por los dos lados, 34 x 12 cm, paquete de 2500 unidades - ideal para bares de aperitivos, empresas de catering y panader\u00edas. Pr\u00e1ctica, econ\u00f3mica y personalizable.\" \/>\n<meta property=\"og:url\" content=\"https:\/\/www.csj-emballages.com\/es\/produit\/bolsa-de-papel-blanca-con-apertura-por-los-dos-lados-34-x-12-cm-por-1000\/\" \/>\n<meta property=\"og:site_name\" content=\"CSJ Emballages\" \/>\n<meta property=\"article:publisher\" content=\"https:\/\/www.facebook.com\/csjemballages\" \/>\n<meta property=\"article:modified_time\" content=\"2026-04-03T00:19:45+00:00\" \/>\n<meta property=\"og:image\" content=\"https:\/\/www.csj-emballages.com\/wp-content\/uploads\/2025\/04\/SA3412.jpeg\" \/>\n\t<meta property=\"og:image:width\" content=\"800\" \/>\n\t<meta property=\"og:image:height\" content=\"800\" \/>\n\t<meta property=\"og:image:type\" content=\"image\/jpeg\" \/>\n<meta name=\"twitter:card\" content=\"summary_large_image\" \/>\n<meta name=\"twitter:label1\" content=\"Tiempo de lectura\" \/>\n\t<meta name=\"twitter:data1\" content=\"1 minuto\" \/>\n<script type=\"application\/ld+json\" class=\"yoast-schema-graph\">{\"@context\":\"https:\/\/schema.org\",\"@graph\":[{\"@type\":\"WebPage\",\"@id\":\"https:\/\/www.csj-emballages.com\/es\/produit\/bolsa-de-papel-blanca-con-apertura-por-los-dos-lados-34-x-12-cm-por-1000\/\",\"url\":\"https:\/\/www.csj-emballages.com\/es\/produit\/bolsa-de-papel-blanca-con-apertura-por-los-dos-lados-34-x-12-cm-por-1000\/\",\"name\":\"Bolsa americana apertura 2 caras Papel blanco 34 x 12 cm\",\"isPartOf\":{\"@id\":\"https:\/\/www.csj-emballages.com\/es\/#website\"},\"primaryImageOfPage\":{\"@id\":\"https:\/\/www.csj-emballages.com\/es\/produit\/bolsa-de-papel-blanca-con-apertura-por-los-dos-lados-34-x-12-cm-por-1000\/#primaryimage\"},\"image\":{\"@id\":\"https:\/\/www.csj-emballages.com\/es\/produit\/bolsa-de-papel-blanca-con-apertura-por-los-dos-lados-34-x-12-cm-por-1000\/#primaryimage\"},\"thumbnailUrl\":\"https:\/\/www.csj-emballages.com\/wp-content\/uploads\/2025\/04\/SA3412.jpeg\",\"datePublished\":\"2025-04-30T07:44:23+00:00\",\"dateModified\":\"2026-04-03T00:19:45+00:00\",\"description\":\"Bolsa de papel blanca americana, abertura por los dos lados, 34 x 12 cm, paquete de 2500 unidades - ideal para bares de aperitivos, empresas de catering y panader\u00edas. Pr\u00e1ctica, econ\u00f3mica y personalizable.\",\"breadcrumb\":{\"@id\":\"https:\/\/www.csj-emballages.com\/es\/produit\/bolsa-de-papel-blanca-con-apertura-por-los-dos-lados-34-x-12-cm-por-1000\/#breadcrumb\"},\"inLanguage\":\"es\",\"potentialAction\":[{\"@type\":\"ReadAction\",\"target\":[\"https:\/\/www.csj-emballages.com\/es\/produit\/bolsa-de-papel-blanca-con-apertura-por-los-dos-lados-34-x-12-cm-por-1000\/\"]}]},{\"@type\":\"ImageObject\",\"inLanguage\":\"es\",\"@id\":\"https:\/\/www.csj-emballages.com\/es\/produit\/bolsa-de-papel-blanca-con-apertura-por-los-dos-lados-34-x-12-cm-por-1000\/#primaryimage\",\"url\":\"https:\/\/www.csj-emballages.com\/wp-content\/uploads\/2025\/04\/SA3412.jpeg\",\"contentUrl\":\"https:\/\/www.csj-emballages.com\/wp-content\/uploads\/2025\/04\/SA3412.jpeg\",\"width\":800,\"height\":800,\"caption\":\"Sachet am\u00e9ricain\"},{\"@type\":\"BreadcrumbList\",\"@id\":\"https:\/\/www.csj-emballages.com\/es\/produit\/bolsa-de-papel-blanca-con-apertura-por-los-dos-lados-34-x-12-cm-por-1000\/#breadcrumb\",\"itemListElement\":[{\"@type\":\"ListItem\",\"position\":1,\"name\":\"Accueil\",\"item\":\"https:\/\/www.csj-emballages.com\/es\/universo-del-envasado-alimentario\/\"},{\"@type\":\"ListItem\",\"position\":2,\"name\":\"Tienda\",\"item\":\"https:\/\/www.csj-emballages.com\/tienda\/\"},{\"@type\":\"ListItem\",\"position\":3,\"name\":\"Bolsa de papel blanca con apertura por los dos lados 34 x 12 cm, paquete de 2500\"}]},{\"@type\":\"WebSite\",\"@id\":\"https:\/\/www.csj-emballages.com\/es\/#website\",\"url\":\"https:\/\/www.csj-emballages.com\/es\/\",\"name\":\"CSJ Emballages\",\"description\":\"\",\"publisher\":{\"@id\":\"https:\/\/www.csj-emballages.com\/es\/#organization\"},\"potentialAction\":[{\"@type\":\"SearchAction\",\"target\":{\"@type\":\"EntryPoint\",\"urlTemplate\":\"https:\/\/www.csj-emballages.com\/es\/?s={search_term_string}\"},\"query-input\":{\"@type\":\"PropertyValueSpecification\",\"valueRequired\":true,\"valueName\":\"search_term_string\"}}],\"inLanguage\":\"es\"},{\"@type\":\"Organization\",\"@id\":\"https:\/\/www.csj-emballages.com\/es\/#Organization\/\",\"name\":\"CSJ Emballages\",\"url\":\"https:\/\/www.csj-emballages.com\/es\/\",\"logo\":{\"@type\":\"ImageObject\",\"inLanguage\":\"es\",\"@id\":\"https:\/\/www.csj-emballages.com\/es\/#\/schema\/logo\/image\/\",\"url\":\"https:\/\/www.csj-emballages.com\/wp-content\/uploads\/2023\/10\/logo_csj.webp\",\"contentUrl\":\"https:\/\/www.csj-emballages.com\/wp-content\/uploads\/2023\/10\/logo_csj.webp\",\"width\":250,\"height\":95,\"caption\":\"CSJ Emballages\"},\"image\":{\"@id\":\"https:\/\/www.csj-emballages.com\/es\/#\/schema\/logo\/image\/\"},\"sameAs\":[\"https:\/\/www.facebook.com\/csjemballages\"],\"address\":{\"@type\":\"PostalAddress\",\"streetAddress\":\"ZI La Lechere\",\"addressLocality\":\"Patornay\",\"postalCode\":\"39130\",\"addressCountry\":\"FR\"},\"contactPoint\":[{\"@type\":\"ContactPoint\",\"contactType\":\"Service client\",\"telephone\":\"0384254272\",\"email\":\"contact@csj-emballages.com\"}]}]}<\/script>\n<!-- \/ Yoast SEO Premium plugin. -->","yoast_head_json":{"title":"Bolsa americana apertura 2 caras Papel blanco 34 x 12 cm","description":"Bolsa de papel blanca americana, abertura por los dos lados, 34 x 12 cm, paquete de 2500 unidades - ideal para bares de aperitivos, empresas de catering y panader\u00edas. Pr\u00e1ctica, econ\u00f3mica y personalizable.","robots":{"index":"index","follow":"follow","max-snippet":"max-snippet:-1","max-image-preview":"max-image-preview:large","max-video-preview":"max-video-preview:-1"},"canonical":"https:\/\/www.csj-emballages.com\/es\/produit\/bolsa-de-papel-blanca-con-apertura-por-los-dos-lados-34-x-12-cm-por-1000\/","og_locale":"es_ES","og_type":"article","og_title":"Bolsa de papel blanca con apertura por los dos lados 34 x 12 cm, paquete de 2500","og_description":"Bolsa de papel blanca americana, abertura por los dos lados, 34 x 12 cm, paquete de 2500 unidades - ideal para bares de aperitivos, empresas de catering y panader\u00edas. Pr\u00e1ctica, econ\u00f3mica y personalizable.","og_url":"https:\/\/www.csj-emballages.com\/es\/produit\/bolsa-de-papel-blanca-con-apertura-por-los-dos-lados-34-x-12-cm-por-1000\/","og_site_name":"CSJ Emballages","article_publisher":"https:\/\/www.facebook.com\/csjemballages","article_modified_time":"2026-04-03T00:19:45+00:00","og_image":[{"width":800,"height":800,"url":"https:\/\/www.csj-emballages.com\/wp-content\/uploads\/2025\/04\/SA3412.jpeg","type":"image\/jpeg"}],"twitter_card":"summary_large_image","twitter_misc":{"Tiempo de lectura":"1 minuto"},"schema":{"@context":"https:\/\/schema.org","@graph":[{"@type":"WebPage","@id":"https:\/\/www.csj-emballages.com\/es\/produit\/bolsa-de-papel-blanca-con-apertura-por-los-dos-lados-34-x-12-cm-por-1000\/","url":"https:\/\/www.csj-emballages.com\/es\/produit\/bolsa-de-papel-blanca-con-apertura-por-los-dos-lados-34-x-12-cm-por-1000\/","name":"Bolsa americana apertura 2 caras Papel blanco 34 x 12 cm","isPartOf":{"@id":"https:\/\/www.csj-emballages.com\/es\/#website"},"primaryImageOfPage":{"@id":"https:\/\/www.csj-emballages.com\/es\/produit\/bolsa-de-papel-blanca-con-apertura-por-los-dos-lados-34-x-12-cm-por-1000\/#primaryimage"},"image":{"@id":"https:\/\/www.csj-emballages.com\/es\/produit\/bolsa-de-papel-blanca-con-apertura-por-los-dos-lados-34-x-12-cm-por-1000\/#primaryimage"},"thumbnailUrl":"https:\/\/www.csj-emballages.com\/wp-content\/uploads\/2025\/04\/SA3412.jpeg","datePublished":"2025-04-30T07:44:23+00:00","dateModified":"2026-04-03T00:19:45+00:00","description":"Bolsa de papel blanca americana, abertura por los dos lados, 34 x 12 cm, paquete de 2500 unidades - ideal para bares de aperitivos, empresas de catering y panader\u00edas. Pr\u00e1ctica, econ\u00f3mica y personalizable.","breadcrumb":{"@id":"https:\/\/www.csj-emballages.com\/es\/produit\/bolsa-de-papel-blanca-con-apertura-por-los-dos-lados-34-x-12-cm-por-1000\/#breadcrumb"},"inLanguage":"es","potentialAction":[{"@type":"ReadAction","target":["https:\/\/www.csj-emballages.com\/es\/produit\/bolsa-de-papel-blanca-con-apertura-por-los-dos-lados-34-x-12-cm-por-1000\/"]}]},{"@type":"ImageObject","inLanguage":"es","@id":"https:\/\/www.csj-emballages.com\/es\/produit\/bolsa-de-papel-blanca-con-apertura-por-los-dos-lados-34-x-12-cm-por-1000\/#primaryimage","url":"https:\/\/www.csj-emballages.com\/wp-content\/uploads\/2025\/04\/SA3412.jpeg","contentUrl":"https:\/\/www.csj-emballages.com\/wp-content\/uploads\/2025\/04\/SA3412.jpeg","width":800,"height":800,"caption":"Sachet am\u00e9ricain"},{"@type":"BreadcrumbList","@id":"https:\/\/www.csj-emballages.com\/es\/produit\/bolsa-de-papel-blanca-con-apertura-por-los-dos-lados-34-x-12-cm-por-1000\/#breadcrumb","itemListElement":[{"@type":"ListItem","position":1,"name":"Accueil","item":"https:\/\/www.csj-emballages.com\/es\/universo-del-envasado-alimentario\/"},{"@type":"ListItem","position":2,"name":"Tienda","item":"https:\/\/www.csj-emballages.com\/tienda\/"},{"@type":"ListItem","position":3,"name":"Bolsa de papel blanca con apertura por los dos lados 34 x 12 cm, paquete de 2500"}]},{"@type":"WebSite","@id":"https:\/\/www.csj-emballages.com\/es\/#website","url":"https:\/\/www.csj-emballages.com\/es\/","name":"CSJ Emballages","description":"","publisher":{"@id":"https:\/\/www.csj-emballages.com\/es\/#organization"},"potentialAction":[{"@type":"SearchAction","target":{"@type":"EntryPoint","urlTemplate":"https:\/\/www.csj-emballages.com\/es\/?s={search_term_string}"},"query-input":{"@type":"PropertyValueSpecification","valueRequired":true,"valueName":"search_term_string"}}],"inLanguage":"es"},{"@type":"Organization","@id":"https:\/\/www.csj-emballages.com\/es\/#Organization\/","name":"CSJ Emballages","url":"https:\/\/www.csj-emballages.com\/es\/","logo":{"@type":"ImageObject","inLanguage":"es","@id":"https:\/\/www.csj-emballages.com\/es\/#\/schema\/logo\/image\/","url":"https:\/\/www.csj-emballages.com\/wp-content\/uploads\/2023\/10\/logo_csj.webp","contentUrl":"https:\/\/www.csj-emballages.com\/wp-content\/uploads\/2023\/10\/logo_csj.webp","width":250,"height":95,"caption":"CSJ Emballages"},"image":{"@id":"https:\/\/www.csj-emballages.com\/es\/#\/schema\/logo\/image\/"},"sameAs":["https:\/\/www.facebook.com\/csjemballages"],"address":{"@type":"PostalAddress","streetAddress":"ZI La Lechere","addressLocality":"Patornay","postalCode":"39130","addressCountry":"FR"},"contactPoint":[{"@type":"ContactPoint","contactType":"Service client","telephone":"0384254272","email":"contact@csj-emballages.com"}]}]}},"df_price":75.64,"df_sale_price":"","df_regular_price":75.64,"df_image_link":"https:\/\/www.csj-emballages.com\/wp-content\/uploads\/2025\/04\/SA3412-300x300.jpeg","tiered_pricing_type":"fixed","tiered_pricing_fixed_rules":[],"tiered_pricing_percentage_rules":[],"tiered_pricing_minimum":1,"tiered_pricing_roles_data":[],"_links":{"self":[{"href":"https:\/\/www.csj-emballages.com\/es\/wp-json\/wp\/v2\/product\/235354","targetHints":{"allow":["GET"]}}],"collection":[{"href":"https:\/\/www.csj-emballages.com\/es\/wp-json\/wp\/v2\/product"}],"about":[{"href":"https:\/\/www.csj-emballages.com\/es\/wp-json\/wp\/v2\/types\/product"}],"wp:featuredmedia":[{"embeddable":true,"href":"https:\/\/www.csj-emballages.com\/es\/wp-json\/wp\/v2\/media\/238582"}],"wp:attachment":[{"href":"https:\/\/www.csj-emballages.com\/es\/wp-json\/wp\/v2\/media?parent=235354"}],"wp:term":[{"taxonomy":"product_brand","embeddable":true,"href":"https:\/\/www.csj-emballages.com\/es\/wp-json\/wp\/v2\/product_brand?post=235354"},{"taxonomy":"product_cat","embeddable":true,"href":"https:\/\/www.csj-emballages.com\/es\/wp-json\/wp\/v2\/product_cat?post=235354"},{"taxonomy":"product_tag","embeddable":true,"href":"https:\/\/www.csj-emballages.com\/es\/wp-json\/wp\/v2\/product_tag?post=235354"}],"curies":[{"name":"wp","href":"https:\/\/api.w.org\/{rel}","templated":true}]}}