{"id":235336,"date":"2025-04-16T02:18:37","date_gmt":"2025-04-16T00:18:37","guid":{"rendered":"https:\/\/www.csj-emballages.com\/?post_type=product&#038;p=235336"},"modified":"2026-03-27T02:12:57","modified_gmt":"2026-03-27T01:12:57","slug":"1-camino-de-mesa-040-x-48-m-precortado-a-30-cm-eco-nature","status":"publish","type":"product","link":"https:\/\/www.csj-emballages.com\/es\/produit\/1-camino-de-mesa-040-x-48-m-precortado-a-30-cm-eco-nature\/","title":{"rendered":"Camino de mesa 0,40 x 48 m precortado a 30 cm eco nature"},"content":{"rendered":"<h2>Camino de mesa beige<\/h2>\n<hr>\n<h3>Descripci\u00f3n de nuestro camino de mesa 0,40 x 48 m precortado a 30 cm beige<\/h3>\n<p><!--more--><\/p>\n<p data-start=\"87\" data-end=\"416\">Aporte elegancia a sus mesas con el <strong data-start=\"139\" data-end=\"195\">camino de mesa beige de 0,40 x 48 m, precortado a 30 cm<\/strong>. Dise\u00f1ado para profesionales de la restauraci\u00f3n, pero tambi\u00e9n para clientes particulares exigentes, ofrece una soluci\u00f3n est\u00e9tica y funcional para todas sus recepciones, buf\u00e9s o comidas cotidianas. <\/p>\n<p data-start=\"418\" data-end=\"847\">Fabricado a partir de<strong data-start=\"430\" data-end=\"459\">rollos de Air Soft\u00ae Road<\/strong>, tambi\u00e9n conocido como <em data-start=\"478\" data-end=\"490\">Tissue-Dry<\/em>, este <strong>camino de mesa<\/strong> se distingue por su aspecto y calidad similares a la tela, a la vez que es <strong data-start=\"585\" data-end=\"627\">m\u00e1s natural, higi\u00e9nico y econ\u00f3mico<\/strong>. Fabricado a partir de <strong data-start=\"640\" data-end=\"665\">celulosa<\/strong>, combina flexibilidad, resistencia y facilidad de uso. Su textura suave aporta un toque de calidad a su mesa, sin las limitaciones de mantenimiento asociadas a los tejidos.  <\/p>\n<p data-start=\"849\" data-end=\"1175\">Con unas generosas dimensiones de <strong data-start=\"873\" data-end=\"893\">0,40 x 48 metros<\/strong>, est\u00e1 <strong data-start=\"902\" data-end=\"932\">precortada cada 30 cm<\/strong>, por lo que podr\u00e1 adaptarla f\u00e1cilmente a sus necesidades sin desperdicio alguno. Su sobrio y refinado <strong data-start=\"1009\" data-end=\"1026\">color beige<\/strong> combinar\u00e1 con todas sus decoraciones de mesa, ya sea para una comida profesional, una ceremonia o una cena de convivencia. <\/p>\n<p data-start=\"1177\" data-end=\"1545\">Con <strong>un gramaje<\/strong> de <strong data-start=\"1194\" data-end=\"1206\">55 g\/m\u00b2 por hoja<\/strong>, este <strong>camino de mesa beige<\/strong> se caracteriza por su robustez y excepcional capacidad de absorci\u00f3n, aguantando hasta <strong data-start=\"1328\" data-end=\"1360\">10 veces su peso en l\u00edquido<\/strong>. Un rendimiento que garantiza comodidad y limpieza durante todo el evento. Envasado en <strong data-start=\"1455\" data-end=\"1478\">cajas de 6 rollos<\/strong>, ofrece un almacenamiento pr\u00e1ctico y econ\u00f3mico para todos los usos.  <\/p>\n<p data-start=\"1547\" data-end=\"1721\">Combinando elegancia y practicidad, este <strong data-start=\"1581\" data-end=\"1606\">camino de mesa beige<\/strong> es la soluci\u00f3n ideal para realzar sus mesas con gusto, a la vez que facilita su servicio y mantenimiento.<\/p>\n<p><!--more--><\/p>\n<h4>Ventajas :<\/h4>\n<ul>\n<li>Tela de calidad pero m\u00e1s higi\u00e9nica y econ\u00f3mica.<\/li>\n<li><strong>Gran absorci\u00f3n<\/strong>: retiene hasta 10 veces su peso en l\u00edquido<\/li>\n<li>Precortado a 30 cm para un uso pr\u00e1ctico sin desperdicios<\/li>\n<li><strong>Vers\u00e1til<\/strong>: adecuado para comidas de negocios, bodas, buffets o uso dom\u00e9stico<\/li>\n<li>Elegante color <strong data-start=\"139\" data-end=\"195\">beige<\/strong> que combina con todas las decoraciones de mesa<\/li>\n<\/ul>\n<p>&nbsp;<\/p>\n<p><!--more--><\/p>\n<h4>Informaci\u00f3n adicional :<\/h4>\n<ul>\n<li><strong>Embalaje<\/strong>: Por unidad<\/li>\n<li><strong>Dimensiones<\/strong>: 0,40 x 48 m<\/li>\n<li>Precortado cada 30 cm<\/li>\n<li><strong>Gramaje<\/strong>: 55 g\/m\u00b2.<\/li>\n<li><strong>Color<\/strong>: Beige<\/li>\n<li><strong>Material<\/strong>: Celulosa<\/li>\n<\/ul>\n<p>&nbsp;<\/p>\n<p><!--more--><\/p>\n<p>Este camino de mesa est\u00e1 disponible en diferentes colores: <span style=\"color: #d12727;\"><a style=\"color: #d12727;\" href=\"https:\/\/www.csj-emballages.com\/es\/produit\/1-camino-de-mesa-de-040-x-48-m-precortado-en-madera-de-30-cm\/\">Madera<\/a><\/span> \/ <span style=\"color: #d12727;\"><a style=\"color: #d12727;\" href=\"https:\/\/www.csj-emballages.com\/es\/produit\/1-camino-de-mesa-040-x-48-m-precortado-a-30-cm-blanco\/\">Blanco<\/a><\/span><\/p>\n<p>&nbsp;<\/p>\n<p><!--more--><\/p>\n<p><a href=\"https:\/\/www.csj-emballages.com\/es\/categorie-produit\/envasado-de-alimentos\/catering-es\/servilletas-manteles-individuales-manteles\/camino-de-mesa\/\">Ver el resto de nuestra gama de caminos de mesa<\/a><\/p>\n","protected":false},"excerpt":{"rendered":"<p>Camino de mesa beige Descripci\u00f3n de nuestro camino de mesa 0,40 x 48 m precortado a 30 cm beige<\/p>\n","protected":false},"featured_media":241100,"template":"","meta":{"_acf_changed":false},"product_brand":[],"product_cat":[1150,1179,1182,1185],"product_tag":[],"class_list":{"0":"post-235336","1":"product","2":"type-product","3":"status-publish","4":"has-post-thumbnail","6":"product_cat-envasado-de-alimentos","7":"product_cat-catering-es","8":"product_cat-servilletas-manteles-individuales-manteles","9":"product_cat-camino-de-mesa","11":"first","12":"instock","13":"taxable","14":"shipping-taxable","15":"purchasable","16":"product-type-simple"},"acf":[],"yoast_head":"<!-- This site is optimized with the Yoast SEO Premium plugin v26.6 (Yoast SEO v26.6) - https:\/\/yoast.com\/wordpress\/plugins\/seo\/ -->\n<title>Camino de mesa 0,40 x 48 m Precortado a 30 cm Beige<\/title>\n<meta name=\"description\" content=\"Elegante y pr\u00e1ctico, el camino de mesa precortado beige de 0,40 x 48 m ofrece calidad de tejido, gran capacidad de absorci\u00f3n e higiene para todas sus recepciones.\" \/>\n<meta name=\"robots\" content=\"index, follow, max-snippet:-1, max-image-preview:large, max-video-preview:-1\" \/>\n<link rel=\"canonical\" href=\"https:\/\/www.csj-emballages.com\/es\/produit\/1-camino-de-mesa-040-x-48-m-precortado-a-30-cm-eco-nature\/\" \/>\n<meta property=\"og:locale\" content=\"es_ES\" \/>\n<meta property=\"og:type\" content=\"article\" \/>\n<meta property=\"og:title\" content=\"Camino de mesa 0,40 x 48 m precortado a 30 cm eco nature\" \/>\n<meta property=\"og:description\" content=\"Elegante y pr\u00e1ctico, el camino de mesa precortado beige de 0,40 x 48 m ofrece calidad de tejido, gran capacidad de absorci\u00f3n e higiene para todas sus recepciones.\" \/>\n<meta property=\"og:url\" content=\"https:\/\/www.csj-emballages.com\/es\/produit\/1-camino-de-mesa-040-x-48-m-precortado-a-30-cm-eco-nature\/\" \/>\n<meta property=\"og:site_name\" content=\"CSJ Emballages\" \/>\n<meta property=\"article:publisher\" content=\"https:\/\/www.facebook.com\/csjemballages\" \/>\n<meta property=\"article:modified_time\" content=\"2026-03-27T01:12:57+00:00\" \/>\n<meta property=\"og:image\" content=\"https:\/\/www.csj-emballages.com\/wp-content\/uploads\/2025\/04\/CHE4048ECO.jpeg\" \/>\n\t<meta property=\"og:image:width\" content=\"900\" \/>\n\t<meta property=\"og:image:height\" content=\"900\" \/>\n\t<meta property=\"og:image:type\" content=\"image\/jpeg\" \/>\n<meta name=\"twitter:card\" content=\"summary_large_image\" \/>\n<meta name=\"twitter:label1\" content=\"Tiempo de lectura\" \/>\n\t<meta name=\"twitter:data1\" content=\"2 minutos\" \/>\n<script type=\"application\/ld+json\" class=\"yoast-schema-graph\">{\"@context\":\"https:\/\/schema.org\",\"@graph\":[{\"@type\":\"WebPage\",\"@id\":\"https:\/\/www.csj-emballages.com\/es\/produit\/1-camino-de-mesa-040-x-48-m-precortado-a-30-cm-eco-nature\/\",\"url\":\"https:\/\/www.csj-emballages.com\/es\/produit\/1-camino-de-mesa-040-x-48-m-precortado-a-30-cm-eco-nature\/\",\"name\":\"Camino de mesa 0,40 x 48 m Precortado a 30 cm Beige\",\"isPartOf\":{\"@id\":\"https:\/\/www.csj-emballages.com\/es\/#website\"},\"primaryImageOfPage\":{\"@id\":\"https:\/\/www.csj-emballages.com\/es\/produit\/1-camino-de-mesa-040-x-48-m-precortado-a-30-cm-eco-nature\/#primaryimage\"},\"image\":{\"@id\":\"https:\/\/www.csj-emballages.com\/es\/produit\/1-camino-de-mesa-040-x-48-m-precortado-a-30-cm-eco-nature\/#primaryimage\"},\"thumbnailUrl\":\"https:\/\/www.csj-emballages.com\/wp-content\/uploads\/2025\/04\/CHE4048ECO.jpeg\",\"datePublished\":\"2025-04-16T00:18:37+00:00\",\"dateModified\":\"2026-03-27T01:12:57+00:00\",\"description\":\"Elegante y pr\u00e1ctico, el camino de mesa precortado beige de 0,40 x 48 m ofrece calidad de tejido, gran capacidad de absorci\u00f3n e higiene para todas sus recepciones.\",\"breadcrumb\":{\"@id\":\"https:\/\/www.csj-emballages.com\/es\/produit\/1-camino-de-mesa-040-x-48-m-precortado-a-30-cm-eco-nature\/#breadcrumb\"},\"inLanguage\":\"es\",\"potentialAction\":[{\"@type\":\"ReadAction\",\"target\":[\"https:\/\/www.csj-emballages.com\/es\/produit\/1-camino-de-mesa-040-x-48-m-precortado-a-30-cm-eco-nature\/\"]}]},{\"@type\":\"ImageObject\",\"inLanguage\":\"es\",\"@id\":\"https:\/\/www.csj-emballages.com\/es\/produit\/1-camino-de-mesa-040-x-48-m-precortado-a-30-cm-eco-nature\/#primaryimage\",\"url\":\"https:\/\/www.csj-emballages.com\/wp-content\/uploads\/2025\/04\/CHE4048ECO.jpeg\",\"contentUrl\":\"https:\/\/www.csj-emballages.com\/wp-content\/uploads\/2025\/04\/CHE4048ECO.jpeg\",\"width\":900,\"height\":900,\"caption\":\"Chemin de table\"},{\"@type\":\"BreadcrumbList\",\"@id\":\"https:\/\/www.csj-emballages.com\/es\/produit\/1-camino-de-mesa-040-x-48-m-precortado-a-30-cm-eco-nature\/#breadcrumb\",\"itemListElement\":[{\"@type\":\"ListItem\",\"position\":1,\"name\":\"Accueil\",\"item\":\"https:\/\/www.csj-emballages.com\/es\/universo-del-envasado-alimentario\/\"},{\"@type\":\"ListItem\",\"position\":2,\"name\":\"Tienda\",\"item\":\"https:\/\/www.csj-emballages.com\/tienda\/\"},{\"@type\":\"ListItem\",\"position\":3,\"name\":\"Camino de mesa 0,40 x 48 m precortado a 30 cm eco nature\"}]},{\"@type\":\"WebSite\",\"@id\":\"https:\/\/www.csj-emballages.com\/es\/#website\",\"url\":\"https:\/\/www.csj-emballages.com\/es\/\",\"name\":\"CSJ Emballages\",\"description\":\"\",\"publisher\":{\"@id\":\"https:\/\/www.csj-emballages.com\/es\/#organization\"},\"potentialAction\":[{\"@type\":\"SearchAction\",\"target\":{\"@type\":\"EntryPoint\",\"urlTemplate\":\"https:\/\/www.csj-emballages.com\/es\/?s={search_term_string}\"},\"query-input\":{\"@type\":\"PropertyValueSpecification\",\"valueRequired\":true,\"valueName\":\"search_term_string\"}}],\"inLanguage\":\"es\"},{\"@type\":\"Organization\",\"@id\":\"https:\/\/www.csj-emballages.com\/es\/#Organization\/\",\"name\":\"CSJ Emballages\",\"url\":\"https:\/\/www.csj-emballages.com\/es\/\",\"logo\":{\"@type\":\"ImageObject\",\"inLanguage\":\"es\",\"@id\":\"https:\/\/www.csj-emballages.com\/es\/#\/schema\/logo\/image\/\",\"url\":\"https:\/\/www.csj-emballages.com\/wp-content\/uploads\/2023\/10\/logo_csj.webp\",\"contentUrl\":\"https:\/\/www.csj-emballages.com\/wp-content\/uploads\/2023\/10\/logo_csj.webp\",\"width\":250,\"height\":95,\"caption\":\"CSJ Emballages\"},\"image\":{\"@id\":\"https:\/\/www.csj-emballages.com\/es\/#\/schema\/logo\/image\/\"},\"sameAs\":[\"https:\/\/www.facebook.com\/csjemballages\"],\"address\":{\"@type\":\"PostalAddress\",\"streetAddress\":\"ZI La Lechere\",\"addressLocality\":\"Patornay\",\"postalCode\":\"39130\",\"addressCountry\":\"FR\"},\"contactPoint\":[{\"@type\":\"ContactPoint\",\"contactType\":\"Service client\",\"telephone\":\"0384254272\",\"email\":\"contact@csj-emballages.com\"}]}]}<\/script>\n<!-- \/ Yoast SEO Premium plugin. -->","yoast_head_json":{"title":"Camino de mesa 0,40 x 48 m Precortado a 30 cm Beige","description":"Elegante y pr\u00e1ctico, el camino de mesa precortado beige de 0,40 x 48 m ofrece calidad de tejido, gran capacidad de absorci\u00f3n e higiene para todas sus recepciones.","robots":{"index":"index","follow":"follow","max-snippet":"max-snippet:-1","max-image-preview":"max-image-preview:large","max-video-preview":"max-video-preview:-1"},"canonical":"https:\/\/www.csj-emballages.com\/es\/produit\/1-camino-de-mesa-040-x-48-m-precortado-a-30-cm-eco-nature\/","og_locale":"es_ES","og_type":"article","og_title":"Camino de mesa 0,40 x 48 m precortado a 30 cm eco nature","og_description":"Elegante y pr\u00e1ctico, el camino de mesa precortado beige de 0,40 x 48 m ofrece calidad de tejido, gran capacidad de absorci\u00f3n e higiene para todas sus recepciones.","og_url":"https:\/\/www.csj-emballages.com\/es\/produit\/1-camino-de-mesa-040-x-48-m-precortado-a-30-cm-eco-nature\/","og_site_name":"CSJ Emballages","article_publisher":"https:\/\/www.facebook.com\/csjemballages","article_modified_time":"2026-03-27T01:12:57+00:00","og_image":[{"width":900,"height":900,"url":"https:\/\/www.csj-emballages.com\/wp-content\/uploads\/2025\/04\/CHE4048ECO.jpeg","type":"image\/jpeg"}],"twitter_card":"summary_large_image","twitter_misc":{"Tiempo de lectura":"2 minutos"},"schema":{"@context":"https:\/\/schema.org","@graph":[{"@type":"WebPage","@id":"https:\/\/www.csj-emballages.com\/es\/produit\/1-camino-de-mesa-040-x-48-m-precortado-a-30-cm-eco-nature\/","url":"https:\/\/www.csj-emballages.com\/es\/produit\/1-camino-de-mesa-040-x-48-m-precortado-a-30-cm-eco-nature\/","name":"Camino de mesa 0,40 x 48 m Precortado a 30 cm Beige","isPartOf":{"@id":"https:\/\/www.csj-emballages.com\/es\/#website"},"primaryImageOfPage":{"@id":"https:\/\/www.csj-emballages.com\/es\/produit\/1-camino-de-mesa-040-x-48-m-precortado-a-30-cm-eco-nature\/#primaryimage"},"image":{"@id":"https:\/\/www.csj-emballages.com\/es\/produit\/1-camino-de-mesa-040-x-48-m-precortado-a-30-cm-eco-nature\/#primaryimage"},"thumbnailUrl":"https:\/\/www.csj-emballages.com\/wp-content\/uploads\/2025\/04\/CHE4048ECO.jpeg","datePublished":"2025-04-16T00:18:37+00:00","dateModified":"2026-03-27T01:12:57+00:00","description":"Elegante y pr\u00e1ctico, el camino de mesa precortado beige de 0,40 x 48 m ofrece calidad de tejido, gran capacidad de absorci\u00f3n e higiene para todas sus recepciones.","breadcrumb":{"@id":"https:\/\/www.csj-emballages.com\/es\/produit\/1-camino-de-mesa-040-x-48-m-precortado-a-30-cm-eco-nature\/#breadcrumb"},"inLanguage":"es","potentialAction":[{"@type":"ReadAction","target":["https:\/\/www.csj-emballages.com\/es\/produit\/1-camino-de-mesa-040-x-48-m-precortado-a-30-cm-eco-nature\/"]}]},{"@type":"ImageObject","inLanguage":"es","@id":"https:\/\/www.csj-emballages.com\/es\/produit\/1-camino-de-mesa-040-x-48-m-precortado-a-30-cm-eco-nature\/#primaryimage","url":"https:\/\/www.csj-emballages.com\/wp-content\/uploads\/2025\/04\/CHE4048ECO.jpeg","contentUrl":"https:\/\/www.csj-emballages.com\/wp-content\/uploads\/2025\/04\/CHE4048ECO.jpeg","width":900,"height":900,"caption":"Chemin de table"},{"@type":"BreadcrumbList","@id":"https:\/\/www.csj-emballages.com\/es\/produit\/1-camino-de-mesa-040-x-48-m-precortado-a-30-cm-eco-nature\/#breadcrumb","itemListElement":[{"@type":"ListItem","position":1,"name":"Accueil","item":"https:\/\/www.csj-emballages.com\/es\/universo-del-envasado-alimentario\/"},{"@type":"ListItem","position":2,"name":"Tienda","item":"https:\/\/www.csj-emballages.com\/tienda\/"},{"@type":"ListItem","position":3,"name":"Camino de mesa 0,40 x 48 m precortado a 30 cm eco nature"}]},{"@type":"WebSite","@id":"https:\/\/www.csj-emballages.com\/es\/#website","url":"https:\/\/www.csj-emballages.com\/es\/","name":"CSJ Emballages","description":"","publisher":{"@id":"https:\/\/www.csj-emballages.com\/es\/#organization"},"potentialAction":[{"@type":"SearchAction","target":{"@type":"EntryPoint","urlTemplate":"https:\/\/www.csj-emballages.com\/es\/?s={search_term_string}"},"query-input":{"@type":"PropertyValueSpecification","valueRequired":true,"valueName":"search_term_string"}}],"inLanguage":"es"},{"@type":"Organization","@id":"https:\/\/www.csj-emballages.com\/es\/#Organization\/","name":"CSJ Emballages","url":"https:\/\/www.csj-emballages.com\/es\/","logo":{"@type":"ImageObject","inLanguage":"es","@id":"https:\/\/www.csj-emballages.com\/es\/#\/schema\/logo\/image\/","url":"https:\/\/www.csj-emballages.com\/wp-content\/uploads\/2023\/10\/logo_csj.webp","contentUrl":"https:\/\/www.csj-emballages.com\/wp-content\/uploads\/2023\/10\/logo_csj.webp","width":250,"height":95,"caption":"CSJ Emballages"},"image":{"@id":"https:\/\/www.csj-emballages.com\/es\/#\/schema\/logo\/image\/"},"sameAs":["https:\/\/www.facebook.com\/csjemballages"],"address":{"@type":"PostalAddress","streetAddress":"ZI La Lechere","addressLocality":"Patornay","postalCode":"39130","addressCountry":"FR"},"contactPoint":[{"@type":"ContactPoint","contactType":"Service client","telephone":"0384254272","email":"contact@csj-emballages.com"}]}]}},"df_price":23.6,"df_sale_price":"","df_regular_price":23.6,"df_image_link":"https:\/\/www.csj-emballages.com\/wp-content\/uploads\/2025\/04\/CHE4048ECO-300x300.jpeg","tiered_pricing_type":"fixed","tiered_pricing_fixed_rules":[],"tiered_pricing_percentage_rules":[],"tiered_pricing_minimum":1,"tiered_pricing_roles_data":[],"_links":{"self":[{"href":"https:\/\/www.csj-emballages.com\/es\/wp-json\/wp\/v2\/product\/235336","targetHints":{"allow":["GET"]}}],"collection":[{"href":"https:\/\/www.csj-emballages.com\/es\/wp-json\/wp\/v2\/product"}],"about":[{"href":"https:\/\/www.csj-emballages.com\/es\/wp-json\/wp\/v2\/types\/product"}],"wp:featuredmedia":[{"embeddable":true,"href":"https:\/\/www.csj-emballages.com\/es\/wp-json\/wp\/v2\/media\/241100"}],"wp:attachment":[{"href":"https:\/\/www.csj-emballages.com\/es\/wp-json\/wp\/v2\/media?parent=235336"}],"wp:term":[{"taxonomy":"product_brand","embeddable":true,"href":"https:\/\/www.csj-emballages.com\/es\/wp-json\/wp\/v2\/product_brand?post=235336"},{"taxonomy":"product_cat","embeddable":true,"href":"https:\/\/www.csj-emballages.com\/es\/wp-json\/wp\/v2\/product_cat?post=235336"},{"taxonomy":"product_tag","embeddable":true,"href":"https:\/\/www.csj-emballages.com\/es\/wp-json\/wp\/v2\/product_tag?post=235336"}],"curies":[{"name":"wp","href":"https:\/\/api.w.org\/{rel}","templated":true}]}}