{"id":23510,"date":"2024-03-01T16:49:16","date_gmt":"2024-03-01T15:49:16","guid":{"rendered":"https:\/\/u15jnbdpoq.preview.infomaniak.website\/produit\/500-manteles-individuales-de-papel-kraft-31-x-43-cm\/"},"modified":"2026-05-12T02:17:36","modified_gmt":"2026-05-12T00:17:36","slug":"500-manteles-individuales-de-papel-kraft-31-x-43-cm","status":"publish","type":"product","link":"https:\/\/www.csj-emballages.com\/es\/produit\/500-manteles-individuales-de-papel-kraft-31-x-43-cm\/","title":{"rendered":"Mantel individual de papel marr\u00f3n 30 x 40 cm por 1000"},"content":{"rendered":"<h2 class=\"p1\">Colocar alfombrilla<\/h2>\n<hr>\n<h3>Descripci\u00f3n de nuestro mantel individual de papel marr\u00f3n 30 x 40 cm por 1000<\/h3>\n<p><!--more--><\/p>\n<p data-start=\"80\" data-end=\"431\">Aporte un toque de elegancia y profesionalidad a su mesa con este s<strong>alvamantel de papel marr\u00f3n 30 x 40 cm por 500<\/strong>. Dise\u00f1ado para satisfacer las exigencias de restaurantes, caterings, cafeter\u00edas y eventos, este <strong>salvamantel de papel<\/strong> combina un dise\u00f1o refinado con la practicidad. Su formato ideal garantiza una protecci\u00f3n eficaz de sus mesas a la vez que realza su decoraci\u00f3n. Su tono <strong>marr\u00f3n<\/strong> resalta su vajilla y se adapta a todos los estilos de presentaci\u00f3n, desde el m\u00e1s cl\u00e1sico hasta el m\u00e1s moderno. Fabricado en <strong data-start=\"596\" data-end=\"616\">papel resistente<\/strong>, ofrece una absorci\u00f3n \u00f3ptima y una buena sujeci\u00f3n durante toda la comida.    <\/p>\n<p data-start=\"696\" data-end=\"976\">Envasado en <strong>1.000 unidades<\/strong>, este <strong>mantel individual<\/strong> es perfecto para uso profesional o para eventos que requieran grandes cantidades. Su naturaleza <strong data-start=\"859\" data-end=\"870\">desechable<\/strong> ahorra una cantidad considerable de tiempo a la hora de limpiarlo, al tiempo que mantiene una higiene impecable. <\/p>\n<h3 data-start=\"978\" data-end=\"999\"><\/h3>\n<p><!--more--><\/p>\n<h4>Ventajas :<\/h4>\n<ul>\n<li data-start=\"1063\" data-end=\"1163\">Facilita la limpieza y limita la propagaci\u00f3n de bacterias.<\/li>\n<li data-start=\"1164\" data-end=\"1241\">Tama\u00f1o ideal para uso en restauraci\u00f3n.<\/li>\n<li data-start=\"1328\" data-end=\"1424\">Ofrece una presentaci\u00f3n cuidada y se adapta a todos los estilos.<\/li>\n<li data-start=\"1425\" data-end=\"1500\">Embalaje en 1000 unidades, ideal para uso profesional.<\/li>\n<\/ul>\n<p>&nbsp;<\/p>\n<p><!--more--><\/p>\n<h4>Informaci\u00f3n adicional :<\/h4>\n<ul>\n<li><strong>Embalaje<\/strong>: Caja de 1000<\/li>\n<li><strong>Dimensiones<\/strong>: 30 x 40 cm<\/li>\n<li><b>Color: <\/b>Marr\u00f3n<\/li>\n<li><strong>Material<\/strong>: Papel<\/li>\n<\/ul>\n<p>&nbsp;<\/p>\n<p><!--more--><\/p>\n<p>Este producto est\u00e1 disponible en varios tama\u00f1os:<span style=\"color: #d12727;\"> <a style=\"color: #d12727;\" href=\"https:\/\/www.csj-emballages.com\/es\/produit\/1000-manteles-individuales-de-papel-negro-30-x-40-cm\/\">Negro<\/a> <span style=\"color: #000000;\">\/<\/span> <a style=\"color: #d12727;\" href=\"https:\/\/www.csj-emballages.com\/produit\/1000-sets-de-table-papier-rouge-30-x-40-cm\/\">Rojo<\/a> <span style=\"color: #000000;\">\/<\/span> <a style=\"color: #d12727;\" href=\"https:\/\/www.csj-emballages.com\/es\/produit\/1000-manteles-individuales-de-papel-verde-anis-30-x-40-cm\/\">Verde an\u00eds<\/a> <span style=\"color: #000000;\">\/<\/span> <a style=\"color: #d12727;\" href=\"https:\/\/www.csj-emballages.com\/es\/produit\/1000-manteles-individuales-de-papel-verde-oscuro-30-x-40-cm\/\">Verde oscuro<\/a> <span style=\"color: #000000;\">\/<\/span> <a style=\"color: #d12727;\" href=\"https:\/\/www.csj-emballages.com\/es\/produit\/500-manteles-individuales-de-papel-verde-31-x-43-cm\/\">Verde<\/a><\/span><\/p>\n<p>&nbsp;<\/p>\n<p><!--more--><\/p>\n<p><a href=\"https:\/\/www.csj-emballages.com\/es\/categorie-produit\/envasado-de-alimentos\/catering-es\/servilletas-manteles-individuales-manteles\/manteles-individuales\/\">Ver el resto de nuestra gama de manteles individuales  <\/a><\/p>\n","protected":false},"excerpt":{"rendered":"<p>Colocar alfombrilla Descripci\u00f3n de nuestro mantel individual de papel marr\u00f3n 30 x 40 cm por 1000<\/p>\n","protected":false},"featured_media":280195,"template":"","meta":{"_acf_changed":false},"product_brand":[],"product_cat":[1150,1179,1182,3485],"product_tag":[],"class_list":{"0":"post-23510","1":"product","2":"type-product","3":"status-publish","4":"has-post-thumbnail","6":"product_cat-envasado-de-alimentos","7":"product_cat-catering-es","8":"product_cat-servilletas-manteles-individuales-manteles","9":"product_cat-manteles-individuales","11":"first","12":"instock","13":"taxable","14":"shipping-taxable","15":"purchasable","16":"product-type-simple"},"acf":[],"yoast_head":"<!-- This site is optimized with the Yoast SEO Premium plugin v26.6 (Yoast SEO v26.6) - https:\/\/yoast.com\/wordpress\/plugins\/seo\/ -->\n<title>Mantel Individual de Papel Marr\u00f3n 30 x 40 cm por 1000<\/title>\n<meta name=\"description\" content=\"Mantel individual marr\u00f3n de papel 30 x 40 cm \u2013 Pack de 1000. Ideal para restaurantes, empresas de catering y eventos. Reciclable y pr\u00e1ctico.\" \/>\n<meta name=\"robots\" content=\"index, follow, max-snippet:-1, max-image-preview:large, max-video-preview:-1\" \/>\n<link rel=\"canonical\" href=\"https:\/\/www.csj-emballages.com\/es\/produit\/500-manteles-individuales-de-papel-kraft-31-x-43-cm\/\" \/>\n<meta property=\"og:locale\" content=\"es_ES\" \/>\n<meta property=\"og:type\" content=\"article\" \/>\n<meta property=\"og:title\" content=\"Mantel individual de papel marr\u00f3n 30 x 40 cm por 1000\" \/>\n<meta property=\"og:description\" content=\"Mantel individual marr\u00f3n de papel 30 x 40 cm \u2013 Pack de 1000. Ideal para restaurantes, empresas de catering y eventos. Reciclable y pr\u00e1ctico.\" \/>\n<meta property=\"og:url\" content=\"https:\/\/www.csj-emballages.com\/es\/produit\/500-manteles-individuales-de-papel-kraft-31-x-43-cm\/\" \/>\n<meta property=\"og:site_name\" content=\"CSJ Emballages\" \/>\n<meta property=\"article:publisher\" content=\"https:\/\/www.facebook.com\/csjemballages\" \/>\n<meta property=\"article:modified_time\" content=\"2026-05-12T00:17:36+00:00\" \/>\n<meta property=\"og:image\" content=\"https:\/\/www.csj-emballages.com\/wp-content\/uploads\/2024\/03\/SET3040KR.webp\" \/>\n\t<meta property=\"og:image:width\" content=\"800\" \/>\n\t<meta property=\"og:image:height\" content=\"800\" \/>\n\t<meta property=\"og:image:type\" content=\"image\/webp\" \/>\n<meta name=\"twitter:card\" content=\"summary_large_image\" \/>\n<meta name=\"twitter:label1\" content=\"Tiempo de lectura\" \/>\n\t<meta name=\"twitter:data1\" content=\"1 minuto\" \/>\n<script type=\"application\/ld+json\" class=\"yoast-schema-graph\">{\"@context\":\"https:\/\/schema.org\",\"@graph\":[{\"@type\":\"WebPage\",\"@id\":\"https:\/\/www.csj-emballages.com\/es\/produit\/500-manteles-individuales-de-papel-kraft-31-x-43-cm\/\",\"url\":\"https:\/\/www.csj-emballages.com\/es\/produit\/500-manteles-individuales-de-papel-kraft-31-x-43-cm\/\",\"name\":\"Mantel Individual de Papel Marr\u00f3n 30 x 40 cm por 1000\",\"isPartOf\":{\"@id\":\"https:\/\/www.csj-emballages.com\/es\/#website\"},\"primaryImageOfPage\":{\"@id\":\"https:\/\/www.csj-emballages.com\/es\/produit\/500-manteles-individuales-de-papel-kraft-31-x-43-cm\/#primaryimage\"},\"image\":{\"@id\":\"https:\/\/www.csj-emballages.com\/es\/produit\/500-manteles-individuales-de-papel-kraft-31-x-43-cm\/#primaryimage\"},\"thumbnailUrl\":\"https:\/\/www.csj-emballages.com\/wp-content\/uploads\/2024\/03\/SET3040KR.webp\",\"datePublished\":\"2024-03-01T15:49:16+00:00\",\"dateModified\":\"2026-05-12T00:17:36+00:00\",\"description\":\"Mantel individual marr\u00f3n de papel 30 x 40 cm \u2013 Pack de 1000. Ideal para restaurantes, empresas de catering y eventos. Reciclable y pr\u00e1ctico.\",\"breadcrumb\":{\"@id\":\"https:\/\/www.csj-emballages.com\/es\/produit\/500-manteles-individuales-de-papel-kraft-31-x-43-cm\/#breadcrumb\"},\"inLanguage\":\"es\",\"potentialAction\":[{\"@type\":\"ReadAction\",\"target\":[\"https:\/\/www.csj-emballages.com\/es\/produit\/500-manteles-individuales-de-papel-kraft-31-x-43-cm\/\"]}]},{\"@type\":\"ImageObject\",\"inLanguage\":\"es\",\"@id\":\"https:\/\/www.csj-emballages.com\/es\/produit\/500-manteles-individuales-de-papel-kraft-31-x-43-cm\/#primaryimage\",\"url\":\"https:\/\/www.csj-emballages.com\/wp-content\/uploads\/2024\/03\/SET3040KR.webp\",\"contentUrl\":\"https:\/\/www.csj-emballages.com\/wp-content\/uploads\/2024\/03\/SET3040KR.webp\",\"width\":800,\"height\":800,\"caption\":\"Set de table papier\"},{\"@type\":\"BreadcrumbList\",\"@id\":\"https:\/\/www.csj-emballages.com\/es\/produit\/500-manteles-individuales-de-papel-kraft-31-x-43-cm\/#breadcrumb\",\"itemListElement\":[{\"@type\":\"ListItem\",\"position\":1,\"name\":\"Accueil\",\"item\":\"https:\/\/www.csj-emballages.com\/es\/universo-del-envasado-alimentario\/\"},{\"@type\":\"ListItem\",\"position\":2,\"name\":\"Tienda\",\"item\":\"https:\/\/www.csj-emballages.com\/tienda\/\"},{\"@type\":\"ListItem\",\"position\":3,\"name\":\"Mantel individual de papel marr\u00f3n 30 x 40 cm por 1000\"}]},{\"@type\":\"WebSite\",\"@id\":\"https:\/\/www.csj-emballages.com\/es\/#website\",\"url\":\"https:\/\/www.csj-emballages.com\/es\/\",\"name\":\"CSJ Emballages\",\"description\":\"\",\"publisher\":{\"@id\":\"https:\/\/www.csj-emballages.com\/es\/#organization\"},\"potentialAction\":[{\"@type\":\"SearchAction\",\"target\":{\"@type\":\"EntryPoint\",\"urlTemplate\":\"https:\/\/www.csj-emballages.com\/es\/?s={search_term_string}\"},\"query-input\":{\"@type\":\"PropertyValueSpecification\",\"valueRequired\":true,\"valueName\":\"search_term_string\"}}],\"inLanguage\":\"es\"},{\"@type\":\"Organization\",\"@id\":\"https:\/\/www.csj-emballages.com\/es\/#Organization\/\",\"name\":\"CSJ Emballages\",\"url\":\"https:\/\/www.csj-emballages.com\/es\/\",\"logo\":{\"@type\":\"ImageObject\",\"inLanguage\":\"es\",\"@id\":\"https:\/\/www.csj-emballages.com\/es\/#\/schema\/logo\/image\/\",\"url\":\"https:\/\/www.csj-emballages.com\/wp-content\/uploads\/2023\/10\/logo_csj.webp\",\"contentUrl\":\"https:\/\/www.csj-emballages.com\/wp-content\/uploads\/2023\/10\/logo_csj.webp\",\"width\":250,\"height\":95,\"caption\":\"CSJ Emballages\"},\"image\":{\"@id\":\"https:\/\/www.csj-emballages.com\/es\/#\/schema\/logo\/image\/\"},\"sameAs\":[\"https:\/\/www.facebook.com\/csjemballages\"],\"address\":{\"@type\":\"PostalAddress\",\"streetAddress\":\"ZI La Lechere\",\"addressLocality\":\"Patornay\",\"postalCode\":\"39130\",\"addressCountry\":\"FR\"},\"contactPoint\":[{\"@type\":\"ContactPoint\",\"contactType\":\"Service client\",\"telephone\":\"0384254272\",\"email\":\"contact@csj-emballages.com\"}]}]}<\/script>\n<!-- \/ Yoast SEO Premium plugin. -->","yoast_head_json":{"title":"Mantel Individual de Papel Marr\u00f3n 30 x 40 cm por 1000","description":"Mantel individual marr\u00f3n de papel 30 x 40 cm \u2013 Pack de 1000. Ideal para restaurantes, empresas de catering y eventos. Reciclable y pr\u00e1ctico.","robots":{"index":"index","follow":"follow","max-snippet":"max-snippet:-1","max-image-preview":"max-image-preview:large","max-video-preview":"max-video-preview:-1"},"canonical":"https:\/\/www.csj-emballages.com\/es\/produit\/500-manteles-individuales-de-papel-kraft-31-x-43-cm\/","og_locale":"es_ES","og_type":"article","og_title":"Mantel individual de papel marr\u00f3n 30 x 40 cm por 1000","og_description":"Mantel individual marr\u00f3n de papel 30 x 40 cm \u2013 Pack de 1000. Ideal para restaurantes, empresas de catering y eventos. Reciclable y pr\u00e1ctico.","og_url":"https:\/\/www.csj-emballages.com\/es\/produit\/500-manteles-individuales-de-papel-kraft-31-x-43-cm\/","og_site_name":"CSJ Emballages","article_publisher":"https:\/\/www.facebook.com\/csjemballages","article_modified_time":"2026-05-12T00:17:36+00:00","og_image":[{"width":800,"height":800,"url":"https:\/\/www.csj-emballages.com\/wp-content\/uploads\/2024\/03\/SET3040KR.webp","type":"image\/webp"}],"twitter_card":"summary_large_image","twitter_misc":{"Tiempo de lectura":"1 minuto"},"schema":{"@context":"https:\/\/schema.org","@graph":[{"@type":"WebPage","@id":"https:\/\/www.csj-emballages.com\/es\/produit\/500-manteles-individuales-de-papel-kraft-31-x-43-cm\/","url":"https:\/\/www.csj-emballages.com\/es\/produit\/500-manteles-individuales-de-papel-kraft-31-x-43-cm\/","name":"Mantel Individual de Papel Marr\u00f3n 30 x 40 cm por 1000","isPartOf":{"@id":"https:\/\/www.csj-emballages.com\/es\/#website"},"primaryImageOfPage":{"@id":"https:\/\/www.csj-emballages.com\/es\/produit\/500-manteles-individuales-de-papel-kraft-31-x-43-cm\/#primaryimage"},"image":{"@id":"https:\/\/www.csj-emballages.com\/es\/produit\/500-manteles-individuales-de-papel-kraft-31-x-43-cm\/#primaryimage"},"thumbnailUrl":"https:\/\/www.csj-emballages.com\/wp-content\/uploads\/2024\/03\/SET3040KR.webp","datePublished":"2024-03-01T15:49:16+00:00","dateModified":"2026-05-12T00:17:36+00:00","description":"Mantel individual marr\u00f3n de papel 30 x 40 cm \u2013 Pack de 1000. Ideal para restaurantes, empresas de catering y eventos. Reciclable y pr\u00e1ctico.","breadcrumb":{"@id":"https:\/\/www.csj-emballages.com\/es\/produit\/500-manteles-individuales-de-papel-kraft-31-x-43-cm\/#breadcrumb"},"inLanguage":"es","potentialAction":[{"@type":"ReadAction","target":["https:\/\/www.csj-emballages.com\/es\/produit\/500-manteles-individuales-de-papel-kraft-31-x-43-cm\/"]}]},{"@type":"ImageObject","inLanguage":"es","@id":"https:\/\/www.csj-emballages.com\/es\/produit\/500-manteles-individuales-de-papel-kraft-31-x-43-cm\/#primaryimage","url":"https:\/\/www.csj-emballages.com\/wp-content\/uploads\/2024\/03\/SET3040KR.webp","contentUrl":"https:\/\/www.csj-emballages.com\/wp-content\/uploads\/2024\/03\/SET3040KR.webp","width":800,"height":800,"caption":"Set de table papier"},{"@type":"BreadcrumbList","@id":"https:\/\/www.csj-emballages.com\/es\/produit\/500-manteles-individuales-de-papel-kraft-31-x-43-cm\/#breadcrumb","itemListElement":[{"@type":"ListItem","position":1,"name":"Accueil","item":"https:\/\/www.csj-emballages.com\/es\/universo-del-envasado-alimentario\/"},{"@type":"ListItem","position":2,"name":"Tienda","item":"https:\/\/www.csj-emballages.com\/tienda\/"},{"@type":"ListItem","position":3,"name":"Mantel individual de papel marr\u00f3n 30 x 40 cm por 1000"}]},{"@type":"WebSite","@id":"https:\/\/www.csj-emballages.com\/es\/#website","url":"https:\/\/www.csj-emballages.com\/es\/","name":"CSJ Emballages","description":"","publisher":{"@id":"https:\/\/www.csj-emballages.com\/es\/#organization"},"potentialAction":[{"@type":"SearchAction","target":{"@type":"EntryPoint","urlTemplate":"https:\/\/www.csj-emballages.com\/es\/?s={search_term_string}"},"query-input":{"@type":"PropertyValueSpecification","valueRequired":true,"valueName":"search_term_string"}}],"inLanguage":"es"},{"@type":"Organization","@id":"https:\/\/www.csj-emballages.com\/es\/#Organization\/","name":"CSJ Emballages","url":"https:\/\/www.csj-emballages.com\/es\/","logo":{"@type":"ImageObject","inLanguage":"es","@id":"https:\/\/www.csj-emballages.com\/es\/#\/schema\/logo\/image\/","url":"https:\/\/www.csj-emballages.com\/wp-content\/uploads\/2023\/10\/logo_csj.webp","contentUrl":"https:\/\/www.csj-emballages.com\/wp-content\/uploads\/2023\/10\/logo_csj.webp","width":250,"height":95,"caption":"CSJ Emballages"},"image":{"@id":"https:\/\/www.csj-emballages.com\/es\/#\/schema\/logo\/image\/"},"sameAs":["https:\/\/www.facebook.com\/csjemballages"],"address":{"@type":"PostalAddress","streetAddress":"ZI La Lechere","addressLocality":"Patornay","postalCode":"39130","addressCountry":"FR"},"contactPoint":[{"@type":"ContactPoint","contactType":"Service client","telephone":"0384254272","email":"contact@csj-emballages.com"}]}]}},"df_price":27.78,"df_sale_price":"","df_regular_price":27.78,"df_image_link":"https:\/\/www.csj-emballages.com\/wp-content\/uploads\/2024\/03\/SET3040KR-300x300.webp","tiered_pricing_type":"fixed","tiered_pricing_fixed_rules":[],"tiered_pricing_percentage_rules":[],"tiered_pricing_minimum":1,"tiered_pricing_roles_data":[],"_links":{"self":[{"href":"https:\/\/www.csj-emballages.com\/es\/wp-json\/wp\/v2\/product\/23510","targetHints":{"allow":["GET"]}}],"collection":[{"href":"https:\/\/www.csj-emballages.com\/es\/wp-json\/wp\/v2\/product"}],"about":[{"href":"https:\/\/www.csj-emballages.com\/es\/wp-json\/wp\/v2\/types\/product"}],"wp:featuredmedia":[{"embeddable":true,"href":"https:\/\/www.csj-emballages.com\/es\/wp-json\/wp\/v2\/media\/280195"}],"wp:attachment":[{"href":"https:\/\/www.csj-emballages.com\/es\/wp-json\/wp\/v2\/media?parent=23510"}],"wp:term":[{"taxonomy":"product_brand","embeddable":true,"href":"https:\/\/www.csj-emballages.com\/es\/wp-json\/wp\/v2\/product_brand?post=23510"},{"taxonomy":"product_cat","embeddable":true,"href":"https:\/\/www.csj-emballages.com\/es\/wp-json\/wp\/v2\/product_cat?post=23510"},{"taxonomy":"product_tag","embeddable":true,"href":"https:\/\/www.csj-emballages.com\/es\/wp-json\/wp\/v2\/product_tag?post=23510"}],"curies":[{"name":"wp","href":"https:\/\/api.w.org\/{rel}","templated":true}]}}