{"id":23500,"date":"2024-03-01T16:49:18","date_gmt":"2024-03-01T15:49:18","guid":{"rendered":"https:\/\/u15jnbdpoq.preview.infomaniak.website\/produit\/100-bolsas-de-confiteria-elegancia-plateada-100-x-220-mm\/"},"modified":"2026-03-12T16:40:29","modified_gmt":"2026-03-12T15:40:29","slug":"100-bolsas-de-confiteria-elegancia-plateada-100-x-220-mm","status":"publish","type":"product","link":"https:\/\/www.csj-emballages.com\/es\/produit\/100-bolsas-de-confiteria-elegancia-plateada-100-x-220-mm\/","title":{"rendered":"Elegantes bolsas plateadas para golosinas 100 x 220 mm, paquete de 100"},"content":{"rendered":"<h2 class=\"p1\">Bolsa de golosinas<\/h2>\n<hr>\n<h3>Descripci\u00f3n de nuestra elegante bolsa de confiter\u00eda plateada 100 x 220 mm por 100<\/h3>\n<p><!--more--><\/p>\n<p data-start=\"75\" data-end=\"496\">A\u00f1ada un toque de <strong data-start=\"98\" data-end=\"113\">refinamiento<\/strong> a sus dulces con nuestra <strong data-start=\"140\" data-end=\"191\">elegante bolsa plateada para golosinas de 100 x 220 mm<\/strong>, que se vende en paquetes de <strong>100<\/strong>. Este peque\u00f1o envase <strong data-start=\"236\" data-end=\"254\">de dise\u00f1o elegante<\/strong> atrae al instante gracias a su acabado <strong data-start=\"304\" data-end=\"324\">plateado brillante<\/strong>, perfecto para exhibir sus dulces creaciones. Ideal para <strong data-start=\"395\" data-end=\"406\">caramelos<\/strong>, <strong data-start=\"408\" data-end=\"419\">almendras garrapi\u00f1adas<\/strong>, bombones o peque\u00f1as galletas, esta bolsa combina est\u00e9tica y practicidad.  <\/p>\n<p data-start=\"498\" data-end=\"953\">Con sus <strong data-start=\"510\" data-end=\"534\">pr\u00e1cticas dimensiones<\/strong> de <strong>100 x 220 mm<\/strong>, ofrece el espacio que necesita para exponer sus golosinas, garantizando al mismo tiempo que permanezcan perfectamente en su sitio. Su material resistente protege sus golosinas de la humedad y preserva su frescura, una ventaja esencial para garantizar una experiencia de sabor \u00f3ptima. Adem\u00e1s, su transparencia parcial deja entrever sutilmente el contenido, dejando entrever su <strong data-start=\"923\" data-end=\"950\">efecto met\u00e1lico plateado<\/strong>.  <\/p>\n<p data-start=\"955\" data-end=\"1301\">Esta <strong>bolsa de pl\u00e1stico<\/strong> es tan adecuada para <strong data-start=\"989\" data-end=\"1024\">pasteler\u00edas<\/strong> y <strong data-start=\"1030\" data-end=\"1046\">chocolater\u00edas<\/strong> <strong data-start=\"989\" data-end=\"1024\">profesionales<\/strong> como para organizar eventos como bodas, cumplea\u00f1os, fiestas de fin de curso o bautizos. F\u00e1cil de cerrar con una cinta, un lazo o una etiqueta personalizada, le permite dar rienda suelta a su creatividad para una presentaci\u00f3n \u00fanica. <\/p>\n<p data-start=\"1303\" data-end=\"1550\">Al elegir esta <strong data-start=\"1321\" data-end=\"1359\">elegante bolsa plateada para golosinas<\/strong>, podr\u00e1 combinar <strong data-start=\"1375\" data-end=\"1386\">calidad<\/strong>, <strong data-start=\"1388\" data-end=\"1402\">est\u00e9tica<\/strong> y <strong data-start=\"1406\" data-end=\"1423\">ahorro de tiempo<\/strong>. Tanto si exhibe sus productos en un escaparate como si ofrece un sabroso recuerdo a sus invitados, seguro que causar\u00e1 sensaci\u00f3n. <\/p>\n<p data-start=\"1367\" data-end=\"1669\"><!--more--><\/p>\n<h4 data-start=\"1367\" data-end=\"1669\">Ventajas :<\/h4>\n<ul>\n<li data-start=\"1367\" data-end=\"1669\"><strong data-start=\"1767\" data-end=\"1785\">Aspecto premium<\/strong>: acabado plateado brillante para una presentaci\u00f3n elegante.<\/li>\n<li data-start=\"1367\" data-end=\"1669\"><strong data-start=\"1846\" data-end=\"1869\">Protecci\u00f3n \u00f3ptima<\/strong>: mantiene frescos los dulces.<\/li>\n<li data-start=\"1367\" data-end=\"1669\"><strong data-start=\"1915\" data-end=\"1934\">Formato pr\u00e1ctico<\/strong>: tama\u00f1o ideal para caramelos, almendras garrapi\u00f1adas y bombones.<\/li>\n<li data-start=\"1367\" data-end=\"1669\"><strong data-start=\"1994\" data-end=\"2009\">Versatilidad<\/strong>: perfecto para bodas, fiestas, boutiques y regalos gourmet.<\/li>\n<li data-start=\"1367\" data-end=\"1669\"><strong data-start=\"2078\" data-end=\"2097\">Personalizable<\/strong>: f\u00e1cil de cerrar y decorar a su gusto.<\/li>\n<\/ul>\n<p>&nbsp;<\/p>\n<p><!--more--><\/p>\n<h4>Informaci\u00f3n adicional :<\/h4>\n<ul>\n<li><strong>Embalaje<\/strong>: Paquete de 100<\/li>\n<li><strong>Dimensiones<\/strong>: 100 x 220 mm<\/li>\n<li><strong>Color<\/strong>: Transparente \/ Plata<\/li>\n<li><strong>Material<\/strong>: OPP<\/li>\n<li><strong>Grosor<\/strong>: 35 micras<\/li>\n<\/ul>\n<p>&nbsp;<\/p>\n<p><!--more--><\/p>\n<p><a href=\"https:\/\/www.csj-emballages.com\/es\/categorie-produit\/envasado-de-alimentos\/panaderia-y-pasteleria\/bolsas-sobres-y-papel\/bolsas-para-golosinas\/bolsas-tematicas\/bolsas-clasicas\/\">Ver el resto de nuestra gama de bolsas para golosinas cl\u00e1sicas<\/a><\/p>\n","protected":false},"excerpt":{"rendered":"<p>Bolsa de golosinas Descripci\u00f3n de nuestra elegante bolsa de confiter\u00eda plateada 100 x 220 mm por 100<\/p>\n","protected":false},"featured_media":243519,"template":"","meta":{"_acf_changed":false},"product_brand":[],"product_cat":[1150,1145,1660,1669,1488,1270],"product_tag":[],"class_list":{"0":"post-23500","1":"product","2":"type-product","3":"status-publish","4":"has-post-thumbnail","6":"product_cat-envasado-de-alimentos","7":"product_cat-panaderia-y-pasteleria","8":"product_cat-bolsas-para-golosinas","9":"product_cat-bolsas-clasicas","10":"product_cat-tienda-y-almacen","11":"product_cat-descuentos","13":"first","14":"instock","15":"sale","16":"taxable","17":"shipping-taxable","18":"purchasable","19":"product-type-simple"},"acf":[],"yoast_head":"<!-- This site is optimized with the Yoast SEO Premium plugin v26.6 (Yoast SEO v26.6) - https:\/\/yoast.com\/wordpress\/plugins\/seo\/ -->\n<title>Sachet Confiseries \u00c9l\u00e9gance Argent 100 x 220 mm por 100<\/title>\n<meta name=\"description\" content=\"Bolsa de confiter\u00eda de encaje dorado, 100 x 220 mm, reciclable, con una base r\u00edgida y elegante para realzar galletas, bombones y dulces caseros.\" \/>\n<meta name=\"robots\" content=\"index, follow, max-snippet:-1, max-image-preview:large, max-video-preview:-1\" \/>\n<link rel=\"canonical\" href=\"https:\/\/www.csj-emballages.com\/es\/produit\/100-bolsas-de-confiteria-elegancia-plateada-100-x-220-mm\/\" \/>\n<meta property=\"og:locale\" content=\"es_ES\" \/>\n<meta property=\"og:type\" content=\"article\" \/>\n<meta property=\"og:title\" content=\"Elegantes bolsas plateadas para golosinas 100 x 220 mm, paquete de 100\" \/>\n<meta property=\"og:description\" content=\"Bolsa de confiter\u00eda de encaje dorado, 100 x 220 mm, reciclable, con una base r\u00edgida y elegante para realzar galletas, bombones y dulces caseros.\" \/>\n<meta property=\"og:url\" content=\"https:\/\/www.csj-emballages.com\/es\/produit\/100-bolsas-de-confiteria-elegancia-plateada-100-x-220-mm\/\" \/>\n<meta property=\"og:site_name\" content=\"CSJ Emballages\" \/>\n<meta property=\"article:publisher\" content=\"https:\/\/www.facebook.com\/csjemballages\" \/>\n<meta property=\"article:modified_time\" content=\"2026-03-12T15:40:29+00:00\" \/>\n<meta property=\"og:image\" content=\"https:\/\/www.csj-emballages.com\/wp-content\/uploads\/2024\/03\/SELEGANCEART1.webp\" \/>\n\t<meta property=\"og:image:width\" content=\"800\" \/>\n\t<meta property=\"og:image:height\" content=\"800\" \/>\n\t<meta property=\"og:image:type\" content=\"image\/webp\" \/>\n<meta name=\"twitter:card\" content=\"summary_large_image\" \/>\n<meta name=\"twitter:label1\" content=\"Tiempo de lectura\" \/>\n\t<meta name=\"twitter:data1\" content=\"2 minutos\" \/>\n<script type=\"application\/ld+json\" class=\"yoast-schema-graph\">{\"@context\":\"https:\/\/schema.org\",\"@graph\":[{\"@type\":\"WebPage\",\"@id\":\"https:\/\/www.csj-emballages.com\/es\/produit\/100-bolsas-de-confiteria-elegancia-plateada-100-x-220-mm\/\",\"url\":\"https:\/\/www.csj-emballages.com\/es\/produit\/100-bolsas-de-confiteria-elegancia-plateada-100-x-220-mm\/\",\"name\":\"Sachet Confiseries \u00c9l\u00e9gance Argent 100 x 220 mm por 100\",\"isPartOf\":{\"@id\":\"https:\/\/www.csj-emballages.com\/es\/#website\"},\"primaryImageOfPage\":{\"@id\":\"https:\/\/www.csj-emballages.com\/es\/produit\/100-bolsas-de-confiteria-elegancia-plateada-100-x-220-mm\/#primaryimage\"},\"image\":{\"@id\":\"https:\/\/www.csj-emballages.com\/es\/produit\/100-bolsas-de-confiteria-elegancia-plateada-100-x-220-mm\/#primaryimage\"},\"thumbnailUrl\":\"https:\/\/www.csj-emballages.com\/wp-content\/uploads\/2024\/03\/SELEGANCEART1.webp\",\"datePublished\":\"2024-03-01T15:49:18+00:00\",\"dateModified\":\"2026-03-12T15:40:29+00:00\",\"description\":\"Bolsa de confiter\u00eda de encaje dorado, 100 x 220 mm, reciclable, con una base r\u00edgida y elegante para realzar galletas, bombones y dulces caseros.\",\"breadcrumb\":{\"@id\":\"https:\/\/www.csj-emballages.com\/es\/produit\/100-bolsas-de-confiteria-elegancia-plateada-100-x-220-mm\/#breadcrumb\"},\"inLanguage\":\"es\",\"potentialAction\":[{\"@type\":\"ReadAction\",\"target\":[\"https:\/\/www.csj-emballages.com\/es\/produit\/100-bolsas-de-confiteria-elegancia-plateada-100-x-220-mm\/\"]}]},{\"@type\":\"ImageObject\",\"inLanguage\":\"es\",\"@id\":\"https:\/\/www.csj-emballages.com\/es\/produit\/100-bolsas-de-confiteria-elegancia-plateada-100-x-220-mm\/#primaryimage\",\"url\":\"https:\/\/www.csj-emballages.com\/wp-content\/uploads\/2024\/03\/SELEGANCEART1.webp\",\"contentUrl\":\"https:\/\/www.csj-emballages.com\/wp-content\/uploads\/2024\/03\/SELEGANCEART1.webp\",\"width\":800,\"height\":800,\"caption\":\"Sachet confiseries\"},{\"@type\":\"BreadcrumbList\",\"@id\":\"https:\/\/www.csj-emballages.com\/es\/produit\/100-bolsas-de-confiteria-elegancia-plateada-100-x-220-mm\/#breadcrumb\",\"itemListElement\":[{\"@type\":\"ListItem\",\"position\":1,\"name\":\"Accueil\",\"item\":\"https:\/\/www.csj-emballages.com\/es\/universo-del-envasado-alimentario\/\"},{\"@type\":\"ListItem\",\"position\":2,\"name\":\"Tienda\",\"item\":\"https:\/\/www.csj-emballages.com\/tienda\/\"},{\"@type\":\"ListItem\",\"position\":3,\"name\":\"Elegantes bolsas plateadas para golosinas 100 x 220 mm, paquete de 100\"}]},{\"@type\":\"WebSite\",\"@id\":\"https:\/\/www.csj-emballages.com\/es\/#website\",\"url\":\"https:\/\/www.csj-emballages.com\/es\/\",\"name\":\"CSJ Emballages\",\"description\":\"\",\"publisher\":{\"@id\":\"https:\/\/www.csj-emballages.com\/es\/#organization\"},\"potentialAction\":[{\"@type\":\"SearchAction\",\"target\":{\"@type\":\"EntryPoint\",\"urlTemplate\":\"https:\/\/www.csj-emballages.com\/es\/?s={search_term_string}\"},\"query-input\":{\"@type\":\"PropertyValueSpecification\",\"valueRequired\":true,\"valueName\":\"search_term_string\"}}],\"inLanguage\":\"es\"},{\"@type\":\"Organization\",\"@id\":\"https:\/\/www.csj-emballages.com\/es\/#Organization\/\",\"name\":\"CSJ Emballages\",\"url\":\"https:\/\/www.csj-emballages.com\/es\/\",\"logo\":{\"@type\":\"ImageObject\",\"inLanguage\":\"es\",\"@id\":\"https:\/\/www.csj-emballages.com\/es\/#\/schema\/logo\/image\/\",\"url\":\"https:\/\/www.csj-emballages.com\/wp-content\/uploads\/2023\/10\/logo_csj.webp\",\"contentUrl\":\"https:\/\/www.csj-emballages.com\/wp-content\/uploads\/2023\/10\/logo_csj.webp\",\"width\":250,\"height\":95,\"caption\":\"CSJ Emballages\"},\"image\":{\"@id\":\"https:\/\/www.csj-emballages.com\/es\/#\/schema\/logo\/image\/\"},\"sameAs\":[\"https:\/\/www.facebook.com\/csjemballages\"],\"address\":{\"@type\":\"PostalAddress\",\"streetAddress\":\"ZI La Lechere\",\"addressLocality\":\"Patornay\",\"postalCode\":\"39130\",\"addressCountry\":\"FR\"},\"contactPoint\":[{\"@type\":\"ContactPoint\",\"contactType\":\"Service client\",\"telephone\":\"0384254272\",\"email\":\"contact@csj-emballages.com\"}]}]}<\/script>\n<!-- \/ Yoast SEO Premium plugin. -->","yoast_head_json":{"title":"Sachet Confiseries \u00c9l\u00e9gance Argent 100 x 220 mm por 100","description":"Bolsa de confiter\u00eda de encaje dorado, 100 x 220 mm, reciclable, con una base r\u00edgida y elegante para realzar galletas, bombones y dulces caseros.","robots":{"index":"index","follow":"follow","max-snippet":"max-snippet:-1","max-image-preview":"max-image-preview:large","max-video-preview":"max-video-preview:-1"},"canonical":"https:\/\/www.csj-emballages.com\/es\/produit\/100-bolsas-de-confiteria-elegancia-plateada-100-x-220-mm\/","og_locale":"es_ES","og_type":"article","og_title":"Elegantes bolsas plateadas para golosinas 100 x 220 mm, paquete de 100","og_description":"Bolsa de confiter\u00eda de encaje dorado, 100 x 220 mm, reciclable, con una base r\u00edgida y elegante para realzar galletas, bombones y dulces caseros.","og_url":"https:\/\/www.csj-emballages.com\/es\/produit\/100-bolsas-de-confiteria-elegancia-plateada-100-x-220-mm\/","og_site_name":"CSJ Emballages","article_publisher":"https:\/\/www.facebook.com\/csjemballages","article_modified_time":"2026-03-12T15:40:29+00:00","og_image":[{"width":800,"height":800,"url":"https:\/\/www.csj-emballages.com\/wp-content\/uploads\/2024\/03\/SELEGANCEART1.webp","type":"image\/webp"}],"twitter_card":"summary_large_image","twitter_misc":{"Tiempo de lectura":"2 minutos"},"schema":{"@context":"https:\/\/schema.org","@graph":[{"@type":"WebPage","@id":"https:\/\/www.csj-emballages.com\/es\/produit\/100-bolsas-de-confiteria-elegancia-plateada-100-x-220-mm\/","url":"https:\/\/www.csj-emballages.com\/es\/produit\/100-bolsas-de-confiteria-elegancia-plateada-100-x-220-mm\/","name":"Sachet Confiseries \u00c9l\u00e9gance Argent 100 x 220 mm por 100","isPartOf":{"@id":"https:\/\/www.csj-emballages.com\/es\/#website"},"primaryImageOfPage":{"@id":"https:\/\/www.csj-emballages.com\/es\/produit\/100-bolsas-de-confiteria-elegancia-plateada-100-x-220-mm\/#primaryimage"},"image":{"@id":"https:\/\/www.csj-emballages.com\/es\/produit\/100-bolsas-de-confiteria-elegancia-plateada-100-x-220-mm\/#primaryimage"},"thumbnailUrl":"https:\/\/www.csj-emballages.com\/wp-content\/uploads\/2024\/03\/SELEGANCEART1.webp","datePublished":"2024-03-01T15:49:18+00:00","dateModified":"2026-03-12T15:40:29+00:00","description":"Bolsa de confiter\u00eda de encaje dorado, 100 x 220 mm, reciclable, con una base r\u00edgida y elegante para realzar galletas, bombones y dulces caseros.","breadcrumb":{"@id":"https:\/\/www.csj-emballages.com\/es\/produit\/100-bolsas-de-confiteria-elegancia-plateada-100-x-220-mm\/#breadcrumb"},"inLanguage":"es","potentialAction":[{"@type":"ReadAction","target":["https:\/\/www.csj-emballages.com\/es\/produit\/100-bolsas-de-confiteria-elegancia-plateada-100-x-220-mm\/"]}]},{"@type":"ImageObject","inLanguage":"es","@id":"https:\/\/www.csj-emballages.com\/es\/produit\/100-bolsas-de-confiteria-elegancia-plateada-100-x-220-mm\/#primaryimage","url":"https:\/\/www.csj-emballages.com\/wp-content\/uploads\/2024\/03\/SELEGANCEART1.webp","contentUrl":"https:\/\/www.csj-emballages.com\/wp-content\/uploads\/2024\/03\/SELEGANCEART1.webp","width":800,"height":800,"caption":"Sachet confiseries"},{"@type":"BreadcrumbList","@id":"https:\/\/www.csj-emballages.com\/es\/produit\/100-bolsas-de-confiteria-elegancia-plateada-100-x-220-mm\/#breadcrumb","itemListElement":[{"@type":"ListItem","position":1,"name":"Accueil","item":"https:\/\/www.csj-emballages.com\/es\/universo-del-envasado-alimentario\/"},{"@type":"ListItem","position":2,"name":"Tienda","item":"https:\/\/www.csj-emballages.com\/tienda\/"},{"@type":"ListItem","position":3,"name":"Elegantes bolsas plateadas para golosinas 100 x 220 mm, paquete de 100"}]},{"@type":"WebSite","@id":"https:\/\/www.csj-emballages.com\/es\/#website","url":"https:\/\/www.csj-emballages.com\/es\/","name":"CSJ Emballages","description":"","publisher":{"@id":"https:\/\/www.csj-emballages.com\/es\/#organization"},"potentialAction":[{"@type":"SearchAction","target":{"@type":"EntryPoint","urlTemplate":"https:\/\/www.csj-emballages.com\/es\/?s={search_term_string}"},"query-input":{"@type":"PropertyValueSpecification","valueRequired":true,"valueName":"search_term_string"}}],"inLanguage":"es"},{"@type":"Organization","@id":"https:\/\/www.csj-emballages.com\/es\/#Organization\/","name":"CSJ Emballages","url":"https:\/\/www.csj-emballages.com\/es\/","logo":{"@type":"ImageObject","inLanguage":"es","@id":"https:\/\/www.csj-emballages.com\/es\/#\/schema\/logo\/image\/","url":"https:\/\/www.csj-emballages.com\/wp-content\/uploads\/2023\/10\/logo_csj.webp","contentUrl":"https:\/\/www.csj-emballages.com\/wp-content\/uploads\/2023\/10\/logo_csj.webp","width":250,"height":95,"caption":"CSJ Emballages"},"image":{"@id":"https:\/\/www.csj-emballages.com\/es\/#\/schema\/logo\/image\/"},"sameAs":["https:\/\/www.facebook.com\/csjemballages"],"address":{"@type":"PostalAddress","streetAddress":"ZI La Lechere","addressLocality":"Patornay","postalCode":"39130","addressCountry":"FR"},"contactPoint":[{"@type":"ContactPoint","contactType":"Service client","telephone":"0384254272","email":"contact@csj-emballages.com"}]}]}},"df_price":16.73,"df_sale_price":16.73,"df_regular_price":19.68,"df_image_link":"https:\/\/www.csj-emballages.com\/wp-content\/uploads\/2024\/03\/SELEGANCEART1-300x300.webp","tiered_pricing_type":"fixed","tiered_pricing_fixed_rules":[],"tiered_pricing_percentage_rules":[],"tiered_pricing_minimum":1,"tiered_pricing_roles_data":[],"_links":{"self":[{"href":"https:\/\/www.csj-emballages.com\/es\/wp-json\/wp\/v2\/product\/23500","targetHints":{"allow":["GET"]}}],"collection":[{"href":"https:\/\/www.csj-emballages.com\/es\/wp-json\/wp\/v2\/product"}],"about":[{"href":"https:\/\/www.csj-emballages.com\/es\/wp-json\/wp\/v2\/types\/product"}],"wp:featuredmedia":[{"embeddable":true,"href":"https:\/\/www.csj-emballages.com\/es\/wp-json\/wp\/v2\/media\/243519"}],"wp:attachment":[{"href":"https:\/\/www.csj-emballages.com\/es\/wp-json\/wp\/v2\/media?parent=23500"}],"wp:term":[{"taxonomy":"product_brand","embeddable":true,"href":"https:\/\/www.csj-emballages.com\/es\/wp-json\/wp\/v2\/product_brand?post=23500"},{"taxonomy":"product_cat","embeddable":true,"href":"https:\/\/www.csj-emballages.com\/es\/wp-json\/wp\/v2\/product_cat?post=23500"},{"taxonomy":"product_tag","embeddable":true,"href":"https:\/\/www.csj-emballages.com\/es\/wp-json\/wp\/v2\/product_tag?post=23500"}],"curies":[{"name":"wp","href":"https:\/\/api.w.org\/{rel}","templated":true}]}}