{"id":23491,"date":"2024-03-01T16:49:18","date_gmt":"2024-03-01T15:49:18","guid":{"rendered":"https:\/\/u15jnbdpoq.preview.infomaniak.website\/produit\/tela-en-relieve-de-color-crudo\/"},"modified":"2026-05-04T08:02:05","modified_gmt":"2026-05-04T06:02:05","slug":"tela-en-relieve-de-color-crudo","status":"publish","type":"product","link":"https:\/\/www.csj-emballages.com\/es\/produit\/tela-en-relieve-de-color-crudo\/","title":{"rendered":"Tela en relieve de color crudo"},"content":{"rendered":"<h2>Mopa<\/h2>\n<hr>\n<h3>Tela en relieve de color crudo<\/h3>\n<p><!--more--><\/p>\n<p data-start=\"259\" data-end=\"595\">Esta <strong>mopa cruda gofrada<\/strong> est\u00e1 pensada para quienes buscan una soluci\u00f3n sencilla, eficaz y duradera para el cuidado de los suelos. Gracias a su <strong>tejido gofrado<\/strong>, recoge perfectamente la suciedad a la vez que facilita el lavado y el aclarado. Resultado: el suelo queda limpio m\u00e1s r\u00e1pidamente, con menos esfuerzo y menos pasadas.  <\/p>\n<p data-start=\"597\" data-end=\"982\">Fabricada a partir de <strong>fibras recicladas<\/strong>, con una <strong>mayor\u00eda de algod\u00f3n (m\u00ednimo 60 %)<\/strong>, combina eficacia y compromiso responsable. El algod\u00f3n aporta una buena capacidad de absorci\u00f3n, mientras que la estructura gofrada mejora la recogida de residuos y agua. Esta <strong>mopa<\/strong> se adapta as\u00ed a todo tipo de <strong>suelos, ya sean de baldosas, lisos, plastificados o m\u00e1s t\u00e9cnicos<\/strong>.  <\/p>\n<p data-start=\"984\" data-end=\"1357\">Dise\u00f1ada para un uso profesional, resiste muy bien los lavados repetidos. Se puede lavar a m\u00e1quina hasta <strong data-start=\"1094\" data-end=\"1103\">90 \u00b0C<\/strong>, lo que garantiza una higiene \u00f3ptima, incluso en entornos exigentes como colectividades, cocinas profesionales, talleres o locales industriales. Por lo tanto, puede utilizarla a diario sin temor a un desgaste prematuro.  <\/p>\n<p data-start=\"1359\" data-end=\"1649\">Su <strong>color crudo<\/strong> tambi\u00e9n permite identificar f\u00e1cilmente el nivel de limpieza y anticipar el lavado. Pr\u00e1ctica, robusta y polivalente, esta <strong>mopa<\/strong> se convierte r\u00e1pidamente en un elemento indispensable de la limpieza, tanto para los equipos de mantenimiento como para los profesionales de la limpieza. <\/p>\n<p data-start=\"1651\" data-end=\"1782\">En resumen, es un producto fiable, duradero y f\u00e1cil de usar, que responde perfectamente a las exigencias de la limpieza profesional.<\/p>\n<p data-start=\"1651\" data-end=\"1782\"><!--more--><\/p>\n<h4 data-start=\"1651\" data-end=\"1782\">Ventajas :<\/h4>\n<ul>\n<li data-start=\"1810\" data-end=\"1869\"><strong>Tejido gofrado<\/strong> para una mayor eficacia de limpieza.<\/li>\n<li data-start=\"1872\" data-end=\"1925\">Fibras recicladas con <strong>algod\u00f3n mayoritario (m\u00edn. 60 %)<\/strong>.<\/li>\n<li data-start=\"1928\" data-end=\"1959\">Apta para todo tipo de suelos.<\/li>\n<li data-start=\"1962\" data-end=\"1996\">Lavable a m\u00e1quina hasta <strong>90 \u00b0C<\/strong>.<\/li>\n<li data-start=\"1999\" data-end=\"2047\">Dise\u00f1ada para un uso intensivo y profesional.<\/li>\n<\/ul>\n<p>&nbsp;<\/p>\n<p data-start=\"1651\" data-end=\"1782\"><!--more--><\/p>\n<h4 data-start=\"1651\" data-end=\"1782\">Informaci\u00f3n adicional :<\/h4>\n<ul>\n<li><strong>Embalaje<\/strong>: Por unidad<\/li>\n<li><strong>Material<\/strong>: Fibras recicladas de algod\u00f3n<\/li>\n<\/ul>\n<p>&nbsp;<\/p>\n<p><!--more--><\/p>\n<p><a href=\"https:\/\/www.csj-emballages.com\/es\/universo-de-la-higiene\/\">Consulte el resto de nuestra gama de higiene<\/a><\/p>\n","protected":false},"excerpt":{"rendered":"<p>Mopa Tela en relieve de color crudo<\/p>\n","protected":false},"featured_media":261927,"template":"","meta":{"_acf_changed":false},"product_brand":[],"product_cat":[1226,1419,3489],"product_tag":[],"class_list":{"0":"post-23491","1":"product","2":"type-product","3":"status-publish","4":"has-post-thumbnail","6":"product_cat-higiene-y-mantenimiento","7":"product_cat-esponjas-panos-de-cocina-panos-de-cocina","8":"product_cat-fregonas","10":"first","11":"instock","12":"taxable","13":"shipping-taxable","14":"purchasable","15":"product-type-simple"},"acf":[],"yoast_head":"<!-- This site is optimized with the Yoast SEO Premium plugin v26.6 (Yoast SEO v26.6) - https:\/\/yoast.com\/wordpress\/plugins\/seo\/ -->\n<title>Mopa Crudo Gofre<\/title>\n<meta name=\"description\" content=\"Mopa crudo gofrada, absorbente y resistente, ideal para la limpieza de suelos. Formato pr\u00e1ctico para uso profesional o dom\u00e9stico.\" \/>\n<meta name=\"robots\" content=\"index, follow, max-snippet:-1, max-image-preview:large, max-video-preview:-1\" \/>\n<link rel=\"canonical\" href=\"https:\/\/www.csj-emballages.com\/es\/produit\/tela-en-relieve-de-color-crudo\/\" \/>\n<meta property=\"og:locale\" content=\"es_ES\" \/>\n<meta property=\"og:type\" content=\"article\" \/>\n<meta property=\"og:title\" content=\"Tela en relieve de color crudo\" \/>\n<meta property=\"og:description\" content=\"Mopa crudo gofrada, absorbente y resistente, ideal para la limpieza de suelos. Formato pr\u00e1ctico para uso profesional o dom\u00e9stico.\" \/>\n<meta property=\"og:url\" content=\"https:\/\/www.csj-emballages.com\/es\/produit\/tela-en-relieve-de-color-crudo\/\" \/>\n<meta property=\"og:site_name\" content=\"CSJ Emballages\" \/>\n<meta property=\"article:publisher\" content=\"https:\/\/www.facebook.com\/csjemballages\" \/>\n<meta property=\"article:modified_time\" content=\"2026-05-04T06:02:05+00:00\" \/>\n<meta property=\"og:image\" content=\"https:\/\/www.csj-emballages.com\/wp-content\/uploads\/2024\/03\/Serpilliere.webp\" \/>\n\t<meta property=\"og:image:width\" content=\"800\" \/>\n\t<meta property=\"og:image:height\" content=\"800\" \/>\n\t<meta property=\"og:image:type\" content=\"image\/webp\" \/>\n<meta name=\"twitter:card\" content=\"summary_large_image\" \/>\n<meta name=\"twitter:label1\" content=\"Tiempo de lectura\" \/>\n\t<meta name=\"twitter:data1\" content=\"2 minutos\" \/>\n<script type=\"application\/ld+json\" class=\"yoast-schema-graph\">{\"@context\":\"https:\/\/schema.org\",\"@graph\":[{\"@type\":\"WebPage\",\"@id\":\"https:\/\/www.csj-emballages.com\/es\/produit\/tela-en-relieve-de-color-crudo\/\",\"url\":\"https:\/\/www.csj-emballages.com\/es\/produit\/tela-en-relieve-de-color-crudo\/\",\"name\":\"Mopa Crudo Gofre\",\"isPartOf\":{\"@id\":\"https:\/\/www.csj-emballages.com\/es\/#website\"},\"primaryImageOfPage\":{\"@id\":\"https:\/\/www.csj-emballages.com\/es\/produit\/tela-en-relieve-de-color-crudo\/#primaryimage\"},\"image\":{\"@id\":\"https:\/\/www.csj-emballages.com\/es\/produit\/tela-en-relieve-de-color-crudo\/#primaryimage\"},\"thumbnailUrl\":\"https:\/\/www.csj-emballages.com\/wp-content\/uploads\/2024\/03\/Serpilliere.webp\",\"datePublished\":\"2024-03-01T15:49:18+00:00\",\"dateModified\":\"2026-05-04T06:02:05+00:00\",\"description\":\"Mopa crudo gofrada, absorbente y resistente, ideal para la limpieza de suelos. Formato pr\u00e1ctico para uso profesional o dom\u00e9stico.\",\"breadcrumb\":{\"@id\":\"https:\/\/www.csj-emballages.com\/es\/produit\/tela-en-relieve-de-color-crudo\/#breadcrumb\"},\"inLanguage\":\"es\",\"potentialAction\":[{\"@type\":\"ReadAction\",\"target\":[\"https:\/\/www.csj-emballages.com\/es\/produit\/tela-en-relieve-de-color-crudo\/\"]}]},{\"@type\":\"ImageObject\",\"inLanguage\":\"es\",\"@id\":\"https:\/\/www.csj-emballages.com\/es\/produit\/tela-en-relieve-de-color-crudo\/#primaryimage\",\"url\":\"https:\/\/www.csj-emballages.com\/wp-content\/uploads\/2024\/03\/Serpilliere.webp\",\"contentUrl\":\"https:\/\/www.csj-emballages.com\/wp-content\/uploads\/2024\/03\/Serpilliere.webp\",\"width\":800,\"height\":800,\"caption\":\"Serpilli\u00e8re\"},{\"@type\":\"BreadcrumbList\",\"@id\":\"https:\/\/www.csj-emballages.com\/es\/produit\/tela-en-relieve-de-color-crudo\/#breadcrumb\",\"itemListElement\":[{\"@type\":\"ListItem\",\"position\":1,\"name\":\"Accueil\",\"item\":\"https:\/\/www.csj-emballages.com\/es\/universo-del-envasado-alimentario\/\"},{\"@type\":\"ListItem\",\"position\":2,\"name\":\"Tienda\",\"item\":\"https:\/\/www.csj-emballages.com\/tienda\/\"},{\"@type\":\"ListItem\",\"position\":3,\"name\":\"Tela en relieve de color crudo\"}]},{\"@type\":\"WebSite\",\"@id\":\"https:\/\/www.csj-emballages.com\/es\/#website\",\"url\":\"https:\/\/www.csj-emballages.com\/es\/\",\"name\":\"CSJ Emballages\",\"description\":\"\",\"publisher\":{\"@id\":\"https:\/\/www.csj-emballages.com\/es\/#organization\"},\"potentialAction\":[{\"@type\":\"SearchAction\",\"target\":{\"@type\":\"EntryPoint\",\"urlTemplate\":\"https:\/\/www.csj-emballages.com\/es\/?s={search_term_string}\"},\"query-input\":{\"@type\":\"PropertyValueSpecification\",\"valueRequired\":true,\"valueName\":\"search_term_string\"}}],\"inLanguage\":\"es\"},{\"@type\":\"Organization\",\"@id\":\"https:\/\/www.csj-emballages.com\/es\/#Organization\/\",\"name\":\"CSJ Emballages\",\"url\":\"https:\/\/www.csj-emballages.com\/es\/\",\"logo\":{\"@type\":\"ImageObject\",\"inLanguage\":\"es\",\"@id\":\"https:\/\/www.csj-emballages.com\/es\/#\/schema\/logo\/image\/\",\"url\":\"https:\/\/www.csj-emballages.com\/wp-content\/uploads\/2023\/10\/logo_csj.webp\",\"contentUrl\":\"https:\/\/www.csj-emballages.com\/wp-content\/uploads\/2023\/10\/logo_csj.webp\",\"width\":250,\"height\":95,\"caption\":\"CSJ Emballages\"},\"image\":{\"@id\":\"https:\/\/www.csj-emballages.com\/es\/#\/schema\/logo\/image\/\"},\"sameAs\":[\"https:\/\/www.facebook.com\/csjemballages\"],\"address\":{\"@type\":\"PostalAddress\",\"streetAddress\":\"ZI La Lechere\",\"addressLocality\":\"Patornay\",\"postalCode\":\"39130\",\"addressCountry\":\"FR\"},\"contactPoint\":[{\"@type\":\"ContactPoint\",\"contactType\":\"Service client\",\"telephone\":\"0384254272\",\"email\":\"contact@csj-emballages.com\"}]}]}<\/script>\n<!-- \/ Yoast SEO Premium plugin. -->","yoast_head_json":{"title":"Mopa Crudo Gofre","description":"Mopa crudo gofrada, absorbente y resistente, ideal para la limpieza de suelos. Formato pr\u00e1ctico para uso profesional o dom\u00e9stico.","robots":{"index":"index","follow":"follow","max-snippet":"max-snippet:-1","max-image-preview":"max-image-preview:large","max-video-preview":"max-video-preview:-1"},"canonical":"https:\/\/www.csj-emballages.com\/es\/produit\/tela-en-relieve-de-color-crudo\/","og_locale":"es_ES","og_type":"article","og_title":"Tela en relieve de color crudo","og_description":"Mopa crudo gofrada, absorbente y resistente, ideal para la limpieza de suelos. Formato pr\u00e1ctico para uso profesional o dom\u00e9stico.","og_url":"https:\/\/www.csj-emballages.com\/es\/produit\/tela-en-relieve-de-color-crudo\/","og_site_name":"CSJ Emballages","article_publisher":"https:\/\/www.facebook.com\/csjemballages","article_modified_time":"2026-05-04T06:02:05+00:00","og_image":[{"width":800,"height":800,"url":"https:\/\/www.csj-emballages.com\/wp-content\/uploads\/2024\/03\/Serpilliere.webp","type":"image\/webp"}],"twitter_card":"summary_large_image","twitter_misc":{"Tiempo de lectura":"2 minutos"},"schema":{"@context":"https:\/\/schema.org","@graph":[{"@type":"WebPage","@id":"https:\/\/www.csj-emballages.com\/es\/produit\/tela-en-relieve-de-color-crudo\/","url":"https:\/\/www.csj-emballages.com\/es\/produit\/tela-en-relieve-de-color-crudo\/","name":"Mopa Crudo Gofre","isPartOf":{"@id":"https:\/\/www.csj-emballages.com\/es\/#website"},"primaryImageOfPage":{"@id":"https:\/\/www.csj-emballages.com\/es\/produit\/tela-en-relieve-de-color-crudo\/#primaryimage"},"image":{"@id":"https:\/\/www.csj-emballages.com\/es\/produit\/tela-en-relieve-de-color-crudo\/#primaryimage"},"thumbnailUrl":"https:\/\/www.csj-emballages.com\/wp-content\/uploads\/2024\/03\/Serpilliere.webp","datePublished":"2024-03-01T15:49:18+00:00","dateModified":"2026-05-04T06:02:05+00:00","description":"Mopa crudo gofrada, absorbente y resistente, ideal para la limpieza de suelos. Formato pr\u00e1ctico para uso profesional o dom\u00e9stico.","breadcrumb":{"@id":"https:\/\/www.csj-emballages.com\/es\/produit\/tela-en-relieve-de-color-crudo\/#breadcrumb"},"inLanguage":"es","potentialAction":[{"@type":"ReadAction","target":["https:\/\/www.csj-emballages.com\/es\/produit\/tela-en-relieve-de-color-crudo\/"]}]},{"@type":"ImageObject","inLanguage":"es","@id":"https:\/\/www.csj-emballages.com\/es\/produit\/tela-en-relieve-de-color-crudo\/#primaryimage","url":"https:\/\/www.csj-emballages.com\/wp-content\/uploads\/2024\/03\/Serpilliere.webp","contentUrl":"https:\/\/www.csj-emballages.com\/wp-content\/uploads\/2024\/03\/Serpilliere.webp","width":800,"height":800,"caption":"Serpilli\u00e8re"},{"@type":"BreadcrumbList","@id":"https:\/\/www.csj-emballages.com\/es\/produit\/tela-en-relieve-de-color-crudo\/#breadcrumb","itemListElement":[{"@type":"ListItem","position":1,"name":"Accueil","item":"https:\/\/www.csj-emballages.com\/es\/universo-del-envasado-alimentario\/"},{"@type":"ListItem","position":2,"name":"Tienda","item":"https:\/\/www.csj-emballages.com\/tienda\/"},{"@type":"ListItem","position":3,"name":"Tela en relieve de color crudo"}]},{"@type":"WebSite","@id":"https:\/\/www.csj-emballages.com\/es\/#website","url":"https:\/\/www.csj-emballages.com\/es\/","name":"CSJ Emballages","description":"","publisher":{"@id":"https:\/\/www.csj-emballages.com\/es\/#organization"},"potentialAction":[{"@type":"SearchAction","target":{"@type":"EntryPoint","urlTemplate":"https:\/\/www.csj-emballages.com\/es\/?s={search_term_string}"},"query-input":{"@type":"PropertyValueSpecification","valueRequired":true,"valueName":"search_term_string"}}],"inLanguage":"es"},{"@type":"Organization","@id":"https:\/\/www.csj-emballages.com\/es\/#Organization\/","name":"CSJ Emballages","url":"https:\/\/www.csj-emballages.com\/es\/","logo":{"@type":"ImageObject","inLanguage":"es","@id":"https:\/\/www.csj-emballages.com\/es\/#\/schema\/logo\/image\/","url":"https:\/\/www.csj-emballages.com\/wp-content\/uploads\/2023\/10\/logo_csj.webp","contentUrl":"https:\/\/www.csj-emballages.com\/wp-content\/uploads\/2023\/10\/logo_csj.webp","width":250,"height":95,"caption":"CSJ Emballages"},"image":{"@id":"https:\/\/www.csj-emballages.com\/es\/#\/schema\/logo\/image\/"},"sameAs":["https:\/\/www.facebook.com\/csjemballages"],"address":{"@type":"PostalAddress","streetAddress":"ZI La Lechere","addressLocality":"Patornay","postalCode":"39130","addressCountry":"FR"},"contactPoint":[{"@type":"ContactPoint","contactType":"Service client","telephone":"0384254272","email":"contact@csj-emballages.com"}]}]}},"df_price":1.5,"df_sale_price":"","df_regular_price":1.5,"df_image_link":"https:\/\/www.csj-emballages.com\/wp-content\/uploads\/2024\/03\/Serpilliere-300x300.webp","tiered_pricing_type":"fixed","tiered_pricing_fixed_rules":[],"tiered_pricing_percentage_rules":[],"tiered_pricing_minimum":1,"tiered_pricing_roles_data":[],"_links":{"self":[{"href":"https:\/\/www.csj-emballages.com\/es\/wp-json\/wp\/v2\/product\/23491","targetHints":{"allow":["GET"]}}],"collection":[{"href":"https:\/\/www.csj-emballages.com\/es\/wp-json\/wp\/v2\/product"}],"about":[{"href":"https:\/\/www.csj-emballages.com\/es\/wp-json\/wp\/v2\/types\/product"}],"wp:featuredmedia":[{"embeddable":true,"href":"https:\/\/www.csj-emballages.com\/es\/wp-json\/wp\/v2\/media\/261927"}],"wp:attachment":[{"href":"https:\/\/www.csj-emballages.com\/es\/wp-json\/wp\/v2\/media?parent=23491"}],"wp:term":[{"taxonomy":"product_brand","embeddable":true,"href":"https:\/\/www.csj-emballages.com\/es\/wp-json\/wp\/v2\/product_brand?post=23491"},{"taxonomy":"product_cat","embeddable":true,"href":"https:\/\/www.csj-emballages.com\/es\/wp-json\/wp\/v2\/product_cat?post=23491"},{"taxonomy":"product_tag","embeddable":true,"href":"https:\/\/www.csj-emballages.com\/es\/wp-json\/wp\/v2\/product_tag?post=23491"}],"curies":[{"name":"wp","href":"https:\/\/api.w.org\/{rel}","templated":true}]}}