{"id":23453,"date":"2024-03-01T16:49:20","date_gmt":"2024-03-01T15:49:20","guid":{"rendered":"https:\/\/u15jnbdpoq.preview.infomaniak.website\/produit\/1000-bolsas-kraft-para-bocadillos-10-5-x-32-cm\/"},"modified":"2026-04-03T02:20:22","modified_gmt":"2026-04-03T00:20:22","slug":"1000-bolsas-kraft-para-bocadillos-10-5-x-32-cm","status":"publish","type":"product","link":"https:\/\/www.csj-emballages.com\/es\/produit\/1000-bolsas-kraft-para-bocadillos-10-5-x-32-cm\/","title":{"rendered":"Bolsa kraft para bocadillos 10 + 5 x 34 cm por 1000"},"content":{"rendered":"<h2>Bolsa para bocadillos<\/h2>\n<hr>\n<h3>Descripci\u00f3n de nuestra bolsa kraft marr\u00f3n para bocadillos 10 + 5 x 34 cm por 1000<\/h3>\n<p><!--more--><\/p>\n<p>La <strong>bolsa kraft marr\u00f3n para bocadillos de 10 + 5 x 34 cm<\/strong>, disponible en paquetes de <strong>1000 unidades<\/strong>, es una soluci\u00f3n de envasado pr\u00e1ctica, robusta y respetuosa con el medio ambiente, ideal para profesionales de la restauraci\u00f3n, tiendas de bocadillos y minoristas de alimentaci\u00f3n. Fabricada en <g id=\"gid_2\">papel kraft<\/g>, esta <g id=\"gid_3\">bolsa para boc<\/g> adillos es resistente y ligera a la vez. Su tama\u00f1o de <strong>10 + 5 x 34 cm<\/strong> proporciona espacio suficiente para envasar bocadillos de tama\u00f1o medio, al tiempo que garantiza un cierre \u00f3ptimo gracias al pliegue.  <\/p>\n<p>Este producto es totalmente reciclable, lo que contribuye a reducir el impacto medioambiental. Adem\u00e1s, su <g id=\"gid_0\">color marr\u00f3n<\/g> permite una presentaci\u00f3n cuidada y atractiva de sus productos. Adem\u00e1s, esta <g id=\"gid_1\">bolsa<\/g> est\u00e1 dise\u00f1ada para preservar la frescura de sus preparaciones, al tiempo que resulta pr\u00e1ctica y f\u00e1cil de manejar para los clientes y el personal. Pr\u00e1ctica para el uso diario, es una elecci\u00f3n responsable para las empresas que desean combinar rendimiento y respeto por el medio ambiente.   <\/p>\n<p>Esta <strong>bolsa kraft para s\u00e1ndwiches<\/strong>, que se vende en paquetes de <strong>1.000<\/strong> unidades, es una soluci\u00f3n econ\u00f3mica y funcional para sus necesidades de envasado, al tiempo que le permite mantener una imagen positiva ante sus clientes en t\u00e9rminos de sostenibilidad.<\/p>\n<p>&nbsp;<\/p>\n<p><!--more--><\/p>\n<p><strong>Sus ventajas:<\/strong><\/p>\n<ul>\n<li><strong>Ecol\u00f3gicas y reciclables<\/strong>: Hechas de papel kraft, estas bolsas son respetuosas con el medio ambiente y se pueden reciclar f\u00e1cilmente.<\/li>\n<li><strong>Tama\u00f1o adecuado<\/strong>: 10 + 5 x 34 cm, ideal para llevar bocadillos est\u00e1ndar.<\/li>\n<li><strong>Versatilidad<\/strong>: Adecuado para panader\u00edas, tiendas de comestibles y establecimientos de comida r\u00e1pida para envases fiables y atractivos.<\/li>\n<li><strong>Imagen profesional<\/strong>: Los envases kraft refuerzan tu imagen de marca gracias a su aspecto natural y limpio.<\/li>\n<\/ul>\n<p>&nbsp;<\/p>\n<p><!--more--><\/p>\n<p><strong>Informaci\u00f3n adicional :  <\/strong><\/p>\n<ul>\n<li><strong>Embalaje<\/strong>: Caja de 1000<\/li>\n<li><strong>Material<\/strong>: Papel kraft<\/li>\n<li><strong>Gramaje<\/strong>: 40 g\/m\u00b2.<\/li>\n<li><strong>Dimensiones<\/strong>: 10 + 5 x 34 cm<\/li>\n<li><strong>Color<\/strong>: Marr\u00f3n<\/li>\n<\/ul>\n<p>&nbsp;<\/p>\n<p><!--more--><\/p>\n<p><span style=\"color: #d12727;\"><span style=\"color: #000000;\">Disponible en diferentes tama\u00f1os y colores:<\/span> <a style=\"color: #d12727;\" href=\"https:\/\/www.csj-emballages.com\/es\/produit\/1000-bolsas-para-bocadillos-krafts-blancas-12-5-x-30-cm\/\">SDW30BL<\/a> <span style=\"color: #000000;\">\/<\/span> <a style=\"color: #d12727;\" href=\"https:\/\/www.csj-emballages.com\/es\/produit\/1000-bolsas-para-bocadillos-krafts-con-ventana-10-4-x-36-cm\/\">SDWKFF<\/a><\/span><\/p>\n<p>&nbsp;<\/p>\n<p><!--more--><\/p>\n<p><a href=\"https:\/\/www.csj-emballages.com\/es\/categorie-produit\/envasado-de-alimentos\/catering-es\/bolsas-y-papel\/bolsas-para-bocadillos-es\/\">Ver el resto de nuestra gama de bolsas para bocadillos<\/a><\/p>\n","protected":false},"excerpt":{"rendered":"<p>Bolsa para bocadillos Descripci\u00f3n de nuestra bolsa kraft marr\u00f3n para bocadillos 10 + 5 x 34 cm por 1000<\/p>\n","protected":false},"featured_media":231475,"template":"","meta":{"_acf_changed":false},"product_brand":[],"product_cat":[1150,1145,1654,3476,1179,3478],"product_tag":[],"class_list":{"0":"post-23453","1":"product","2":"type-product","3":"status-publish","4":"has-post-thumbnail","6":"product_cat-envasado-de-alimentos","7":"product_cat-panaderia-y-pasteleria","8":"product_cat-sacheries-es","9":"product_cat-bolsas-para-bocadillos","10":"product_cat-catering-es","11":"product_cat-bolsas-para-bocadillos-es","13":"first","14":"instock","15":"taxable","16":"shipping-taxable","17":"purchasable","18":"product-type-simple"},"acf":[],"yoast_head":"<!-- This site is optimized with the Yoast SEO Premium plugin v26.6 (Yoast SEO v26.6) - https:\/\/yoast.com\/wordpress\/plugins\/seo\/ -->\n<title>Bolsa Kraft para bocadillos - 10 + 5 x 32 cm<\/title>\n<meta name=\"description\" content=\"Bolsa kraft marr\u00f3n para bocadillos de 10 + 5 x 32 cm, paquete de 1000. Resistente, ecol\u00f3gico y reciclable, ideal para envolver sus bocadillos con facilidad.\" \/>\n<meta name=\"robots\" content=\"index, follow, max-snippet:-1, max-image-preview:large, max-video-preview:-1\" \/>\n<link rel=\"canonical\" href=\"https:\/\/www.csj-emballages.com\/es\/produit\/1000-bolsas-kraft-para-bocadillos-10-5-x-32-cm\/\" \/>\n<meta property=\"og:locale\" content=\"es_ES\" \/>\n<meta property=\"og:type\" content=\"article\" \/>\n<meta property=\"og:title\" content=\"Bolsa kraft para bocadillos 10 + 5 x 34 cm por 1000\" \/>\n<meta property=\"og:description\" content=\"Bolsa kraft marr\u00f3n para bocadillos de 10 + 5 x 32 cm, paquete de 1000. Resistente, ecol\u00f3gico y reciclable, ideal para envolver sus bocadillos con facilidad.\" \/>\n<meta property=\"og:url\" content=\"https:\/\/www.csj-emballages.com\/es\/produit\/1000-bolsas-kraft-para-bocadillos-10-5-x-32-cm\/\" \/>\n<meta property=\"og:site_name\" content=\"CSJ Emballages\" \/>\n<meta property=\"article:publisher\" content=\"https:\/\/www.facebook.com\/csjemballages\" \/>\n<meta property=\"article:modified_time\" content=\"2026-04-03T00:20:22+00:00\" \/>\n<meta property=\"og:image\" content=\"https:\/\/www.csj-emballages.com\/wp-content\/uploads\/2024\/03\/Design-sans-titre-15.webp\" \/>\n\t<meta property=\"og:image:width\" content=\"800\" \/>\n\t<meta property=\"og:image:height\" content=\"800\" \/>\n\t<meta property=\"og:image:type\" content=\"image\/jpeg\" \/>\n<meta name=\"twitter:card\" content=\"summary_large_image\" \/>\n<meta name=\"twitter:label1\" content=\"Tiempo de lectura\" \/>\n\t<meta name=\"twitter:data1\" content=\"2 minutos\" \/>\n<script type=\"application\/ld+json\" class=\"yoast-schema-graph\">{\"@context\":\"https:\/\/schema.org\",\"@graph\":[{\"@type\":\"WebPage\",\"@id\":\"https:\/\/www.csj-emballages.com\/es\/produit\/1000-bolsas-kraft-para-bocadillos-10-5-x-32-cm\/\",\"url\":\"https:\/\/www.csj-emballages.com\/es\/produit\/1000-bolsas-kraft-para-bocadillos-10-5-x-32-cm\/\",\"name\":\"Bolsa Kraft para bocadillos - 10 + 5 x 32 cm\",\"isPartOf\":{\"@id\":\"https:\/\/www.csj-emballages.com\/es\/#website\"},\"primaryImageOfPage\":{\"@id\":\"https:\/\/www.csj-emballages.com\/es\/produit\/1000-bolsas-kraft-para-bocadillos-10-5-x-32-cm\/#primaryimage\"},\"image\":{\"@id\":\"https:\/\/www.csj-emballages.com\/es\/produit\/1000-bolsas-kraft-para-bocadillos-10-5-x-32-cm\/#primaryimage\"},\"thumbnailUrl\":\"https:\/\/www.csj-emballages.com\/wp-content\/uploads\/2024\/03\/Design-sans-titre-15.webp\",\"datePublished\":\"2024-03-01T15:49:20+00:00\",\"dateModified\":\"2026-04-03T00:20:22+00:00\",\"description\":\"Bolsa kraft marr\u00f3n para bocadillos de 10 + 5 x 32 cm, paquete de 1000. Resistente, ecol\u00f3gico y reciclable, ideal para envolver sus bocadillos con facilidad.\",\"breadcrumb\":{\"@id\":\"https:\/\/www.csj-emballages.com\/es\/produit\/1000-bolsas-kraft-para-bocadillos-10-5-x-32-cm\/#breadcrumb\"},\"inLanguage\":\"es\",\"potentialAction\":[{\"@type\":\"ReadAction\",\"target\":[\"https:\/\/www.csj-emballages.com\/es\/produit\/1000-bolsas-kraft-para-bocadillos-10-5-x-32-cm\/\"]}]},{\"@type\":\"ImageObject\",\"inLanguage\":\"es\",\"@id\":\"https:\/\/www.csj-emballages.com\/es\/produit\/1000-bolsas-kraft-para-bocadillos-10-5-x-32-cm\/#primaryimage\",\"url\":\"https:\/\/www.csj-emballages.com\/wp-content\/uploads\/2024\/03\/Design-sans-titre-15.webp\",\"contentUrl\":\"https:\/\/www.csj-emballages.com\/wp-content\/uploads\/2024\/03\/Design-sans-titre-15.webp\",\"width\":800,\"height\":800,\"caption\":\"Sac sandwich\"},{\"@type\":\"BreadcrumbList\",\"@id\":\"https:\/\/www.csj-emballages.com\/es\/produit\/1000-bolsas-kraft-para-bocadillos-10-5-x-32-cm\/#breadcrumb\",\"itemListElement\":[{\"@type\":\"ListItem\",\"position\":1,\"name\":\"Accueil\",\"item\":\"https:\/\/www.csj-emballages.com\/es\/universo-del-envasado-alimentario\/\"},{\"@type\":\"ListItem\",\"position\":2,\"name\":\"Tienda\",\"item\":\"https:\/\/www.csj-emballages.com\/tienda\/\"},{\"@type\":\"ListItem\",\"position\":3,\"name\":\"Bolsa kraft para bocadillos 10 + 5 x 34 cm por 1000\"}]},{\"@type\":\"WebSite\",\"@id\":\"https:\/\/www.csj-emballages.com\/es\/#website\",\"url\":\"https:\/\/www.csj-emballages.com\/es\/\",\"name\":\"CSJ Emballages\",\"description\":\"\",\"publisher\":{\"@id\":\"https:\/\/www.csj-emballages.com\/es\/#organization\"},\"potentialAction\":[{\"@type\":\"SearchAction\",\"target\":{\"@type\":\"EntryPoint\",\"urlTemplate\":\"https:\/\/www.csj-emballages.com\/es\/?s={search_term_string}\"},\"query-input\":{\"@type\":\"PropertyValueSpecification\",\"valueRequired\":true,\"valueName\":\"search_term_string\"}}],\"inLanguage\":\"es\"},{\"@type\":\"Organization\",\"@id\":\"https:\/\/www.csj-emballages.com\/es\/#Organization\/\",\"name\":\"CSJ Emballages\",\"url\":\"https:\/\/www.csj-emballages.com\/es\/\",\"logo\":{\"@type\":\"ImageObject\",\"inLanguage\":\"es\",\"@id\":\"https:\/\/www.csj-emballages.com\/es\/#\/schema\/logo\/image\/\",\"url\":\"https:\/\/www.csj-emballages.com\/wp-content\/uploads\/2023\/10\/logo_csj.webp\",\"contentUrl\":\"https:\/\/www.csj-emballages.com\/wp-content\/uploads\/2023\/10\/logo_csj.webp\",\"width\":250,\"height\":95,\"caption\":\"CSJ Emballages\"},\"image\":{\"@id\":\"https:\/\/www.csj-emballages.com\/es\/#\/schema\/logo\/image\/\"},\"sameAs\":[\"https:\/\/www.facebook.com\/csjemballages\"],\"address\":{\"@type\":\"PostalAddress\",\"streetAddress\":\"ZI La Lechere\",\"addressLocality\":\"Patornay\",\"postalCode\":\"39130\",\"addressCountry\":\"FR\"},\"contactPoint\":[{\"@type\":\"ContactPoint\",\"contactType\":\"Service client\",\"telephone\":\"0384254272\",\"email\":\"contact@csj-emballages.com\"}]}]}<\/script>\n<!-- \/ Yoast SEO Premium plugin. -->","yoast_head_json":{"title":"Bolsa Kraft para bocadillos - 10 + 5 x 32 cm","description":"Bolsa kraft marr\u00f3n para bocadillos de 10 + 5 x 32 cm, paquete de 1000. Resistente, ecol\u00f3gico y reciclable, ideal para envolver sus bocadillos con facilidad.","robots":{"index":"index","follow":"follow","max-snippet":"max-snippet:-1","max-image-preview":"max-image-preview:large","max-video-preview":"max-video-preview:-1"},"canonical":"https:\/\/www.csj-emballages.com\/es\/produit\/1000-bolsas-kraft-para-bocadillos-10-5-x-32-cm\/","og_locale":"es_ES","og_type":"article","og_title":"Bolsa kraft para bocadillos 10 + 5 x 34 cm por 1000","og_description":"Bolsa kraft marr\u00f3n para bocadillos de 10 + 5 x 32 cm, paquete de 1000. Resistente, ecol\u00f3gico y reciclable, ideal para envolver sus bocadillos con facilidad.","og_url":"https:\/\/www.csj-emballages.com\/es\/produit\/1000-bolsas-kraft-para-bocadillos-10-5-x-32-cm\/","og_site_name":"CSJ Emballages","article_publisher":"https:\/\/www.facebook.com\/csjemballages","article_modified_time":"2026-04-03T00:20:22+00:00","og_image":[{"width":800,"height":800,"url":"https:\/\/www.csj-emballages.com\/wp-content\/uploads\/2024\/03\/Design-sans-titre-15.webp","type":"image\/jpeg"}],"twitter_card":"summary_large_image","twitter_misc":{"Tiempo de lectura":"2 minutos"},"schema":{"@context":"https:\/\/schema.org","@graph":[{"@type":"WebPage","@id":"https:\/\/www.csj-emballages.com\/es\/produit\/1000-bolsas-kraft-para-bocadillos-10-5-x-32-cm\/","url":"https:\/\/www.csj-emballages.com\/es\/produit\/1000-bolsas-kraft-para-bocadillos-10-5-x-32-cm\/","name":"Bolsa Kraft para bocadillos - 10 + 5 x 32 cm","isPartOf":{"@id":"https:\/\/www.csj-emballages.com\/es\/#website"},"primaryImageOfPage":{"@id":"https:\/\/www.csj-emballages.com\/es\/produit\/1000-bolsas-kraft-para-bocadillos-10-5-x-32-cm\/#primaryimage"},"image":{"@id":"https:\/\/www.csj-emballages.com\/es\/produit\/1000-bolsas-kraft-para-bocadillos-10-5-x-32-cm\/#primaryimage"},"thumbnailUrl":"https:\/\/www.csj-emballages.com\/wp-content\/uploads\/2024\/03\/Design-sans-titre-15.webp","datePublished":"2024-03-01T15:49:20+00:00","dateModified":"2026-04-03T00:20:22+00:00","description":"Bolsa kraft marr\u00f3n para bocadillos de 10 + 5 x 32 cm, paquete de 1000. Resistente, ecol\u00f3gico y reciclable, ideal para envolver sus bocadillos con facilidad.","breadcrumb":{"@id":"https:\/\/www.csj-emballages.com\/es\/produit\/1000-bolsas-kraft-para-bocadillos-10-5-x-32-cm\/#breadcrumb"},"inLanguage":"es","potentialAction":[{"@type":"ReadAction","target":["https:\/\/www.csj-emballages.com\/es\/produit\/1000-bolsas-kraft-para-bocadillos-10-5-x-32-cm\/"]}]},{"@type":"ImageObject","inLanguage":"es","@id":"https:\/\/www.csj-emballages.com\/es\/produit\/1000-bolsas-kraft-para-bocadillos-10-5-x-32-cm\/#primaryimage","url":"https:\/\/www.csj-emballages.com\/wp-content\/uploads\/2024\/03\/Design-sans-titre-15.webp","contentUrl":"https:\/\/www.csj-emballages.com\/wp-content\/uploads\/2024\/03\/Design-sans-titre-15.webp","width":800,"height":800,"caption":"Sac sandwich"},{"@type":"BreadcrumbList","@id":"https:\/\/www.csj-emballages.com\/es\/produit\/1000-bolsas-kraft-para-bocadillos-10-5-x-32-cm\/#breadcrumb","itemListElement":[{"@type":"ListItem","position":1,"name":"Accueil","item":"https:\/\/www.csj-emballages.com\/es\/universo-del-envasado-alimentario\/"},{"@type":"ListItem","position":2,"name":"Tienda","item":"https:\/\/www.csj-emballages.com\/tienda\/"},{"@type":"ListItem","position":3,"name":"Bolsa kraft para bocadillos 10 + 5 x 34 cm por 1000"}]},{"@type":"WebSite","@id":"https:\/\/www.csj-emballages.com\/es\/#website","url":"https:\/\/www.csj-emballages.com\/es\/","name":"CSJ Emballages","description":"","publisher":{"@id":"https:\/\/www.csj-emballages.com\/es\/#organization"},"potentialAction":[{"@type":"SearchAction","target":{"@type":"EntryPoint","urlTemplate":"https:\/\/www.csj-emballages.com\/es\/?s={search_term_string}"},"query-input":{"@type":"PropertyValueSpecification","valueRequired":true,"valueName":"search_term_string"}}],"inLanguage":"es"},{"@type":"Organization","@id":"https:\/\/www.csj-emballages.com\/es\/#Organization\/","name":"CSJ Emballages","url":"https:\/\/www.csj-emballages.com\/es\/","logo":{"@type":"ImageObject","inLanguage":"es","@id":"https:\/\/www.csj-emballages.com\/es\/#\/schema\/logo\/image\/","url":"https:\/\/www.csj-emballages.com\/wp-content\/uploads\/2023\/10\/logo_csj.webp","contentUrl":"https:\/\/www.csj-emballages.com\/wp-content\/uploads\/2023\/10\/logo_csj.webp","width":250,"height":95,"caption":"CSJ Emballages"},"image":{"@id":"https:\/\/www.csj-emballages.com\/es\/#\/schema\/logo\/image\/"},"sameAs":["https:\/\/www.facebook.com\/csjemballages"],"address":{"@type":"PostalAddress","streetAddress":"ZI La Lechere","addressLocality":"Patornay","postalCode":"39130","addressCountry":"FR"},"contactPoint":[{"@type":"ContactPoint","contactType":"Service client","telephone":"0384254272","email":"contact@csj-emballages.com"}]}]}},"df_price":16.85,"df_sale_price":"","df_regular_price":16.85,"df_image_link":"https:\/\/www.csj-emballages.com\/wp-content\/uploads\/2024\/03\/Design-sans-titre-15-300x300.webp","tiered_pricing_type":"fixed","tiered_pricing_fixed_rules":[],"tiered_pricing_percentage_rules":[],"tiered_pricing_minimum":1,"tiered_pricing_roles_data":[],"_links":{"self":[{"href":"https:\/\/www.csj-emballages.com\/es\/wp-json\/wp\/v2\/product\/23453","targetHints":{"allow":["GET"]}}],"collection":[{"href":"https:\/\/www.csj-emballages.com\/es\/wp-json\/wp\/v2\/product"}],"about":[{"href":"https:\/\/www.csj-emballages.com\/es\/wp-json\/wp\/v2\/types\/product"}],"wp:featuredmedia":[{"embeddable":true,"href":"https:\/\/www.csj-emballages.com\/es\/wp-json\/wp\/v2\/media\/231475"}],"wp:attachment":[{"href":"https:\/\/www.csj-emballages.com\/es\/wp-json\/wp\/v2\/media?parent=23453"}],"wp:term":[{"taxonomy":"product_brand","embeddable":true,"href":"https:\/\/www.csj-emballages.com\/es\/wp-json\/wp\/v2\/product_brand?post=23453"},{"taxonomy":"product_cat","embeddable":true,"href":"https:\/\/www.csj-emballages.com\/es\/wp-json\/wp\/v2\/product_cat?post=23453"},{"taxonomy":"product_tag","embeddable":true,"href":"https:\/\/www.csj-emballages.com\/es\/wp-json\/wp\/v2\/product_tag?post=23453"}],"curies":[{"name":"wp","href":"https:\/\/api.w.org\/{rel}","templated":true}]}}