{"id":23438,"date":"2024-03-01T16:49:19","date_gmt":"2024-03-01T15:49:19","guid":{"rendered":"https:\/\/u15jnbdpoq.preview.infomaniak.website\/produit\/1000-bolsas-para-bocadillos-krafts-con-ventana-10-4-x-36-cm\/"},"modified":"2026-05-04T09:01:16","modified_gmt":"2026-05-04T07:01:16","slug":"1000-bolsas-para-bocadillos-krafts-con-ventana-10-4-x-36-cm","status":"publish","type":"product","link":"https:\/\/www.csj-emballages.com\/es\/produit\/1000-bolsas-para-bocadillos-krafts-con-ventana-10-4-x-36-cm\/","title":{"rendered":"1000 bolsas para bocadillos de papel kraft blanco con ventana 10 + 4 x 36 cm"},"content":{"rendered":"<h2>Bolsas para bocadillos de papel kraft blanco con ventana 10 + 4 x 36 cm &#8211; por 1000<\/h2>\n<hr>\n<h3>Descripci\u00f3n del producto<\/h3>\n<p><!--more--><\/p>\n<p>Descubra nuestras bolsas blancas con ventana para s\u00e1ndwiches de 10 + 4 x 36 cm, perfectas para servir sus s\u00e1ndwiches. Gracias a su ventana transparente, sus s\u00e1ndwiches quedar\u00e1n elegantemente expuestos, atrayendo inmediatamente la atenci\u00f3n de los clientes. <\/p>\n<p>Pr\u00e1cticas, permiten envasar sus productos de forma r\u00e1pida y segura. Ideales para la venta para llevar, estas bolsas tambi\u00e9n son reciclables y responden a las exigencias medioambientales actuales. Su formato permite contener f\u00e1cilmente bocadillos generosos.  <\/p>\n<p>Estas bolsas kraft blancas son compatibles con todo tipo de bocadillos, calientes o fr\u00edos. Elija una presentaci\u00f3n respetuosa con el medio ambiente para impulsar sus ventas. <\/p>\n<p>&nbsp;<\/p>\n<p><!--more--><\/p>\n<p>Adopte ya estas bolsas esenciales para un servicio r\u00e1pido, tanto si es un aficionado a la comida para llevar como si es un profesional.<\/p>\n<p>&nbsp;<\/p>\n<p><!--more--><\/p>\n<p><strong>Sus ventajas:<\/strong><\/p>\n<ul>\n<li><strong>Dise\u00f1o<\/strong>: Dise\u00f1adas con una ventana, estas bolsas sacan el m\u00e1ximo partido a tus bocadillos.<\/li>\n<li><strong>Pr\u00e1ctico<\/strong>: f\u00e1cil de desplegar, ahorra un tiempo precioso.<\/li>\n<li><strong>Respetuosas con el medio ambiente<\/strong>: Totalmente reciclables, estas bolsas son respetuosas con el medio ambiente.<\/li>\n<li><strong>Vers\u00e1til<\/strong>: Pueden utilizarla tanto aficionados como cocineros profesionales.<\/li>\n<\/ul>\n<p>&nbsp;<\/p>\n<p><!--more--><\/p>\n<p>Estas bolsas tambi\u00e9n est\u00e1n disponibles en <span style=\"color: #d12727;\"><a style=\"color: #d12727;\" href=\"https:\/\/www.csj-emballages.com\/produit\/1000-sacs-sandwichs-kraft-10-5-x-32-cm\/\">color kraft<\/a><\/span> y <span style=\"color: #d12727;\"><a style=\"color: #d12727;\" href=\"https:\/\/www.csj-emballages.com\/produit\/1000-sacs-sandwichs-krafts-blancs-12-5-x-30-cm\/\">sin ventana<\/a><\/span><\/p>\n<p>&nbsp;<\/p>\n<p><!--more--><\/p>\n<p>Encuentre aqu\u00ed nuestras <span style=\"color: #d12727;\"><a style=\"color: #d12727;\" href=\"https:\/\/www.csj-emballages.com\/produit\/250-sacs-cuissons-panini-11-3-5-x-33-cm\/\">bolsas para paninis<\/a><\/span><\/p>\n<p>&nbsp;<\/p>\n<p><!--more--><\/p>\n<p><a href=\"https:\/\/www.csj-emballages.com\/es\/categorie-produit\/envasado-de-alimentos\/catering-es\/bolsas-y-papel\/bolsas-para-bocadillos-es\/\">Ver el resto de nuestra gama de bolsas para bocadillos<\/a><\/p>\n","protected":false},"excerpt":{"rendered":"<p>Bolsas para bocadillos de papel kraft blanco con ventana 10 + 4 x 36 cm &#8211; por 1000 Descripci\u00f3n del producto<\/p>\n","protected":false},"featured_media":89985,"template":"","meta":{"_acf_changed":false},"product_brand":[],"product_cat":[1150,1145,1654,3476,1179,3478],"product_tag":[],"class_list":{"0":"post-23438","1":"product","2":"type-product","3":"status-publish","4":"has-post-thumbnail","6":"product_cat-envasado-de-alimentos","7":"product_cat-panaderia-y-pasteleria","8":"product_cat-sacheries-es","9":"product_cat-bolsas-para-bocadillos","10":"product_cat-catering-es","11":"product_cat-bolsas-para-bocadillos-es","13":"first","14":"instock","15":"taxable","16":"shipping-taxable","17":"purchasable","18":"product-type-simple"},"acf":[],"yoast_head":"<!-- This site is optimized with the Yoast SEO Premium plugin v26.6 (Yoast SEO v26.6) - https:\/\/yoast.com\/wordpress\/plugins\/seo\/ -->\n<title>Bolsas blancas con ventana para bocadillos - 10 + 4 x 36 cm \/ CSJ Emballages<\/title>\n<meta name=\"description\" content=\"Descubra nuestras bolsas blancas para bocadillos con ventana, tama\u00f1o 100 + 40 x 360 mm. Elija una caja de 1000 bolsas para bocadillos, \u00a1ideales para la venta para llevar!\" \/>\n<meta name=\"robots\" content=\"index, follow, max-snippet:-1, max-image-preview:large, max-video-preview:-1\" \/>\n<link rel=\"canonical\" href=\"https:\/\/www.csj-emballages.com\/es\/produit\/1000-bolsas-para-bocadillos-krafts-con-ventana-10-4-x-36-cm\/\" \/>\n<meta property=\"og:locale\" content=\"es_ES\" \/>\n<meta property=\"og:type\" content=\"article\" \/>\n<meta property=\"og:title\" content=\"1000 bolsas para bocadillos de papel kraft blanco con ventana 10 + 4 x 36 cm\" \/>\n<meta property=\"og:description\" content=\"Descubra nuestras bolsas blancas para bocadillos con ventana, tama\u00f1o 100 + 40 x 360 mm. Elija una caja de 1000 bolsas para bocadillos, \u00a1ideales para la venta para llevar!\" \/>\n<meta property=\"og:url\" content=\"https:\/\/www.csj-emballages.com\/es\/produit\/1000-bolsas-para-bocadillos-krafts-con-ventana-10-4-x-36-cm\/\" \/>\n<meta property=\"og:site_name\" content=\"CSJ Emballages\" \/>\n<meta property=\"article:publisher\" content=\"https:\/\/www.facebook.com\/csjemballages\" \/>\n<meta property=\"article:modified_time\" content=\"2026-05-04T07:01:16+00:00\" \/>\n<meta property=\"og:image\" content=\"https:\/\/www.csj-emballages.com\/wp-content\/uploads\/2024\/03\/01047c88-da49-4fbf-8b24-0041b88ded9f__1_-removebg-preview-1-e1724406722271.png\" \/>\n\t<meta property=\"og:image:width\" content=\"1277\" \/>\n\t<meta property=\"og:image:height\" content=\"1280\" \/>\n\t<meta property=\"og:image:type\" content=\"image\/png\" \/>\n<meta name=\"twitter:card\" content=\"summary_large_image\" \/>\n<meta name=\"twitter:label1\" content=\"Tiempo de lectura\" \/>\n\t<meta name=\"twitter:data1\" content=\"1 minuto\" \/>\n<script type=\"application\/ld+json\" class=\"yoast-schema-graph\">{\"@context\":\"https:\/\/schema.org\",\"@graph\":[{\"@type\":\"WebPage\",\"@id\":\"https:\/\/www.csj-emballages.com\/es\/produit\/1000-bolsas-para-bocadillos-krafts-con-ventana-10-4-x-36-cm\/\",\"url\":\"https:\/\/www.csj-emballages.com\/es\/produit\/1000-bolsas-para-bocadillos-krafts-con-ventana-10-4-x-36-cm\/\",\"name\":\"Bolsas blancas con ventana para bocadillos - 10 + 4 x 36 cm \/ CSJ Emballages\",\"isPartOf\":{\"@id\":\"https:\/\/www.csj-emballages.com\/es\/#website\"},\"primaryImageOfPage\":{\"@id\":\"https:\/\/www.csj-emballages.com\/es\/produit\/1000-bolsas-para-bocadillos-krafts-con-ventana-10-4-x-36-cm\/#primaryimage\"},\"image\":{\"@id\":\"https:\/\/www.csj-emballages.com\/es\/produit\/1000-bolsas-para-bocadillos-krafts-con-ventana-10-4-x-36-cm\/#primaryimage\"},\"thumbnailUrl\":\"https:\/\/www.csj-emballages.com\/wp-content\/uploads\/2024\/03\/01047c88-da49-4fbf-8b24-0041b88ded9f__1_-removebg-preview-1-e1724406722271.png\",\"datePublished\":\"2024-03-01T15:49:19+00:00\",\"dateModified\":\"2026-05-04T07:01:16+00:00\",\"description\":\"Descubra nuestras bolsas blancas para bocadillos con ventana, tama\u00f1o 100 + 40 x 360 mm. Elija una caja de 1000 bolsas para bocadillos, \u00a1ideales para la venta para llevar!\",\"breadcrumb\":{\"@id\":\"https:\/\/www.csj-emballages.com\/es\/produit\/1000-bolsas-para-bocadillos-krafts-con-ventana-10-4-x-36-cm\/#breadcrumb\"},\"inLanguage\":\"es\",\"potentialAction\":[{\"@type\":\"ReadAction\",\"target\":[\"https:\/\/www.csj-emballages.com\/es\/produit\/1000-bolsas-para-bocadillos-krafts-con-ventana-10-4-x-36-cm\/\"]}]},{\"@type\":\"ImageObject\",\"inLanguage\":\"es\",\"@id\":\"https:\/\/www.csj-emballages.com\/es\/produit\/1000-bolsas-para-bocadillos-krafts-con-ventana-10-4-x-36-cm\/#primaryimage\",\"url\":\"https:\/\/www.csj-emballages.com\/wp-content\/uploads\/2024\/03\/01047c88-da49-4fbf-8b24-0041b88ded9f__1_-removebg-preview-1-e1724406722271.png\",\"contentUrl\":\"https:\/\/www.csj-emballages.com\/wp-content\/uploads\/2024\/03\/01047c88-da49-4fbf-8b24-0041b88ded9f__1_-removebg-preview-1-e1724406722271.png\",\"width\":1277,\"height\":1280,\"caption\":\"Sacs sandwichs blancs fen\u00eatr\u00e9s\"},{\"@type\":\"BreadcrumbList\",\"@id\":\"https:\/\/www.csj-emballages.com\/es\/produit\/1000-bolsas-para-bocadillos-krafts-con-ventana-10-4-x-36-cm\/#breadcrumb\",\"itemListElement\":[{\"@type\":\"ListItem\",\"position\":1,\"name\":\"Accueil\",\"item\":\"https:\/\/www.csj-emballages.com\/es\/universo-del-envasado-alimentario\/\"},{\"@type\":\"ListItem\",\"position\":2,\"name\":\"Tienda\",\"item\":\"https:\/\/www.csj-emballages.com\/tienda\/\"},{\"@type\":\"ListItem\",\"position\":3,\"name\":\"1000 bolsas para bocadillos de papel kraft blanco con ventana 10 + 4 x 36 cm\"}]},{\"@type\":\"WebSite\",\"@id\":\"https:\/\/www.csj-emballages.com\/es\/#website\",\"url\":\"https:\/\/www.csj-emballages.com\/es\/\",\"name\":\"CSJ Emballages\",\"description\":\"\",\"publisher\":{\"@id\":\"https:\/\/www.csj-emballages.com\/es\/#organization\"},\"potentialAction\":[{\"@type\":\"SearchAction\",\"target\":{\"@type\":\"EntryPoint\",\"urlTemplate\":\"https:\/\/www.csj-emballages.com\/es\/?s={search_term_string}\"},\"query-input\":{\"@type\":\"PropertyValueSpecification\",\"valueRequired\":true,\"valueName\":\"search_term_string\"}}],\"inLanguage\":\"es\"},{\"@type\":\"Organization\",\"@id\":\"https:\/\/www.csj-emballages.com\/es\/#Organization\/\",\"name\":\"CSJ Emballages\",\"url\":\"https:\/\/www.csj-emballages.com\/es\/\",\"logo\":{\"@type\":\"ImageObject\",\"inLanguage\":\"es\",\"@id\":\"https:\/\/www.csj-emballages.com\/es\/#\/schema\/logo\/image\/\",\"url\":\"https:\/\/www.csj-emballages.com\/wp-content\/uploads\/2023\/10\/logo_csj.webp\",\"contentUrl\":\"https:\/\/www.csj-emballages.com\/wp-content\/uploads\/2023\/10\/logo_csj.webp\",\"width\":250,\"height\":95,\"caption\":\"CSJ Emballages\"},\"image\":{\"@id\":\"https:\/\/www.csj-emballages.com\/es\/#\/schema\/logo\/image\/\"},\"sameAs\":[\"https:\/\/www.facebook.com\/csjemballages\"],\"address\":{\"@type\":\"PostalAddress\",\"streetAddress\":\"ZI La Lechere\",\"addressLocality\":\"Patornay\",\"postalCode\":\"39130\",\"addressCountry\":\"FR\"},\"contactPoint\":[{\"@type\":\"ContactPoint\",\"contactType\":\"Service client\",\"telephone\":\"0384254272\",\"email\":\"contact@csj-emballages.com\"}]}]}<\/script>\n<!-- \/ Yoast SEO Premium plugin. -->","yoast_head_json":{"title":"Bolsas blancas con ventana para bocadillos - 10 + 4 x 36 cm \/ CSJ Emballages","description":"Descubra nuestras bolsas blancas para bocadillos con ventana, tama\u00f1o 100 + 40 x 360 mm. Elija una caja de 1000 bolsas para bocadillos, \u00a1ideales para la venta para llevar!","robots":{"index":"index","follow":"follow","max-snippet":"max-snippet:-1","max-image-preview":"max-image-preview:large","max-video-preview":"max-video-preview:-1"},"canonical":"https:\/\/www.csj-emballages.com\/es\/produit\/1000-bolsas-para-bocadillos-krafts-con-ventana-10-4-x-36-cm\/","og_locale":"es_ES","og_type":"article","og_title":"1000 bolsas para bocadillos de papel kraft blanco con ventana 10 + 4 x 36 cm","og_description":"Descubra nuestras bolsas blancas para bocadillos con ventana, tama\u00f1o 100 + 40 x 360 mm. Elija una caja de 1000 bolsas para bocadillos, \u00a1ideales para la venta para llevar!","og_url":"https:\/\/www.csj-emballages.com\/es\/produit\/1000-bolsas-para-bocadillos-krafts-con-ventana-10-4-x-36-cm\/","og_site_name":"CSJ Emballages","article_publisher":"https:\/\/www.facebook.com\/csjemballages","article_modified_time":"2026-05-04T07:01:16+00:00","og_image":[{"width":1277,"height":1280,"url":"https:\/\/www.csj-emballages.com\/wp-content\/uploads\/2024\/03\/01047c88-da49-4fbf-8b24-0041b88ded9f__1_-removebg-preview-1-e1724406722271.png","type":"image\/png"}],"twitter_card":"summary_large_image","twitter_misc":{"Tiempo de lectura":"1 minuto"},"schema":{"@context":"https:\/\/schema.org","@graph":[{"@type":"WebPage","@id":"https:\/\/www.csj-emballages.com\/es\/produit\/1000-bolsas-para-bocadillos-krafts-con-ventana-10-4-x-36-cm\/","url":"https:\/\/www.csj-emballages.com\/es\/produit\/1000-bolsas-para-bocadillos-krafts-con-ventana-10-4-x-36-cm\/","name":"Bolsas blancas con ventana para bocadillos - 10 + 4 x 36 cm \/ CSJ Emballages","isPartOf":{"@id":"https:\/\/www.csj-emballages.com\/es\/#website"},"primaryImageOfPage":{"@id":"https:\/\/www.csj-emballages.com\/es\/produit\/1000-bolsas-para-bocadillos-krafts-con-ventana-10-4-x-36-cm\/#primaryimage"},"image":{"@id":"https:\/\/www.csj-emballages.com\/es\/produit\/1000-bolsas-para-bocadillos-krafts-con-ventana-10-4-x-36-cm\/#primaryimage"},"thumbnailUrl":"https:\/\/www.csj-emballages.com\/wp-content\/uploads\/2024\/03\/01047c88-da49-4fbf-8b24-0041b88ded9f__1_-removebg-preview-1-e1724406722271.png","datePublished":"2024-03-01T15:49:19+00:00","dateModified":"2026-05-04T07:01:16+00:00","description":"Descubra nuestras bolsas blancas para bocadillos con ventana, tama\u00f1o 100 + 40 x 360 mm. Elija una caja de 1000 bolsas para bocadillos, \u00a1ideales para la venta para llevar!","breadcrumb":{"@id":"https:\/\/www.csj-emballages.com\/es\/produit\/1000-bolsas-para-bocadillos-krafts-con-ventana-10-4-x-36-cm\/#breadcrumb"},"inLanguage":"es","potentialAction":[{"@type":"ReadAction","target":["https:\/\/www.csj-emballages.com\/es\/produit\/1000-bolsas-para-bocadillos-krafts-con-ventana-10-4-x-36-cm\/"]}]},{"@type":"ImageObject","inLanguage":"es","@id":"https:\/\/www.csj-emballages.com\/es\/produit\/1000-bolsas-para-bocadillos-krafts-con-ventana-10-4-x-36-cm\/#primaryimage","url":"https:\/\/www.csj-emballages.com\/wp-content\/uploads\/2024\/03\/01047c88-da49-4fbf-8b24-0041b88ded9f__1_-removebg-preview-1-e1724406722271.png","contentUrl":"https:\/\/www.csj-emballages.com\/wp-content\/uploads\/2024\/03\/01047c88-da49-4fbf-8b24-0041b88ded9f__1_-removebg-preview-1-e1724406722271.png","width":1277,"height":1280,"caption":"Sacs sandwichs blancs fen\u00eatr\u00e9s"},{"@type":"BreadcrumbList","@id":"https:\/\/www.csj-emballages.com\/es\/produit\/1000-bolsas-para-bocadillos-krafts-con-ventana-10-4-x-36-cm\/#breadcrumb","itemListElement":[{"@type":"ListItem","position":1,"name":"Accueil","item":"https:\/\/www.csj-emballages.com\/es\/universo-del-envasado-alimentario\/"},{"@type":"ListItem","position":2,"name":"Tienda","item":"https:\/\/www.csj-emballages.com\/tienda\/"},{"@type":"ListItem","position":3,"name":"1000 bolsas para bocadillos de papel kraft blanco con ventana 10 + 4 x 36 cm"}]},{"@type":"WebSite","@id":"https:\/\/www.csj-emballages.com\/es\/#website","url":"https:\/\/www.csj-emballages.com\/es\/","name":"CSJ Emballages","description":"","publisher":{"@id":"https:\/\/www.csj-emballages.com\/es\/#organization"},"potentialAction":[{"@type":"SearchAction","target":{"@type":"EntryPoint","urlTemplate":"https:\/\/www.csj-emballages.com\/es\/?s={search_term_string}"},"query-input":{"@type":"PropertyValueSpecification","valueRequired":true,"valueName":"search_term_string"}}],"inLanguage":"es"},{"@type":"Organization","@id":"https:\/\/www.csj-emballages.com\/es\/#Organization\/","name":"CSJ Emballages","url":"https:\/\/www.csj-emballages.com\/es\/","logo":{"@type":"ImageObject","inLanguage":"es","@id":"https:\/\/www.csj-emballages.com\/es\/#\/schema\/logo\/image\/","url":"https:\/\/www.csj-emballages.com\/wp-content\/uploads\/2023\/10\/logo_csj.webp","contentUrl":"https:\/\/www.csj-emballages.com\/wp-content\/uploads\/2023\/10\/logo_csj.webp","width":250,"height":95,"caption":"CSJ Emballages"},"image":{"@id":"https:\/\/www.csj-emballages.com\/es\/#\/schema\/logo\/image\/"},"sameAs":["https:\/\/www.facebook.com\/csjemballages"],"address":{"@type":"PostalAddress","streetAddress":"ZI La Lechere","addressLocality":"Patornay","postalCode":"39130","addressCountry":"FR"},"contactPoint":[{"@type":"ContactPoint","contactType":"Service client","telephone":"0384254272","email":"contact@csj-emballages.com"}]}]}},"df_price":28.56,"df_sale_price":"","df_regular_price":28.56,"df_image_link":"https:\/\/www.csj-emballages.com\/wp-content\/uploads\/2024\/03\/01047c88-da49-4fbf-8b24-0041b88ded9f__1_-removebg-preview-1-300x300.png","tiered_pricing_type":"fixed","tiered_pricing_fixed_rules":[],"tiered_pricing_percentage_rules":[],"tiered_pricing_minimum":1,"tiered_pricing_roles_data":[],"_links":{"self":[{"href":"https:\/\/www.csj-emballages.com\/es\/wp-json\/wp\/v2\/product\/23438","targetHints":{"allow":["GET"]}}],"collection":[{"href":"https:\/\/www.csj-emballages.com\/es\/wp-json\/wp\/v2\/product"}],"about":[{"href":"https:\/\/www.csj-emballages.com\/es\/wp-json\/wp\/v2\/types\/product"}],"wp:featuredmedia":[{"embeddable":true,"href":"https:\/\/www.csj-emballages.com\/es\/wp-json\/wp\/v2\/media\/89985"}],"wp:attachment":[{"href":"https:\/\/www.csj-emballages.com\/es\/wp-json\/wp\/v2\/media?parent=23438"}],"wp:term":[{"taxonomy":"product_brand","embeddable":true,"href":"https:\/\/www.csj-emballages.com\/es\/wp-json\/wp\/v2\/product_brand?post=23438"},{"taxonomy":"product_cat","embeddable":true,"href":"https:\/\/www.csj-emballages.com\/es\/wp-json\/wp\/v2\/product_cat?post=23438"},{"taxonomy":"product_tag","embeddable":true,"href":"https:\/\/www.csj-emballages.com\/es\/wp-json\/wp\/v2\/product_tag?post=23438"}],"curies":[{"name":"wp","href":"https:\/\/api.w.org\/{rel}","templated":true}]}}