{"id":23437,"date":"2024-03-01T16:49:19","date_gmt":"2024-03-01T15:49:19","guid":{"rendered":"https:\/\/u15jnbdpoq.preview.infomaniak.website\/produit\/250-bolsas-para-panini-11-35-x-33-cm\/"},"modified":"2026-04-30T02:15:54","modified_gmt":"2026-04-30T00:15:54","slug":"250-bolsas-para-panini-11-35-x-33-cm","status":"publish","type":"product","link":"https:\/\/www.csj-emballages.com\/es\/produit\/250-bolsas-para-panini-11-35-x-33-cm\/","title":{"rendered":"Bolsa para panini 11 + 3,5 x 33 cm por 250"},"content":{"rendered":"<h2>Bolsa Panini<\/h2>\n<hr>\n<h3>Descripci\u00f3n de nuestra bolsa para panini 11 + 3,5 x 33 cm por 250<\/h3>\n<p><!--more--><\/p>\n<p>Estas <strong>bolsas para panini<\/strong> <strong>de 11 + 3,5 x 33 cm<\/strong> son ideales para hornear y mantener calientes sus paninis. Esta <strong>bolsa para<\/strong> panini combina practicidad y eficacia. Su material resistente garantiza una cocci\u00f3n uniforme, al tiempo que evita fugas o roturas, para un servicio sin estr\u00e9s y una presentaci\u00f3n ordenada.  <\/p>\n<p>El envase <strong>de 250 unidades<\/strong> es perfecto para restauradores, empresas de catering u organizadores de eventos que deseen gestionar grandes vol\u00famenes manteniendo una calidad \u00f3ptima. F\u00e1ciles de usar, estos <strong>sobres<\/strong> son tan adecuados para establecimientos de comida r\u00e1pida como para usuarios dom\u00e9sticos que deseen preparar paninis sabrosos y bien presentados. <\/p>\n<p>&nbsp;<\/p>\n<p><!--more--><\/p>\n<p><strong>Elija una soluci\u00f3n pr\u00e1ctica, econ\u00f3mica e higi\u00e9nica para sus preparaciones culinarias.<\/strong><\/p>\n<p>&nbsp;<\/p>\n<p><!--more--><\/p>\n<p><strong>Sus ventajas:<\/strong><\/p>\n<ul>\n<li><strong>Ecol\u00f3gicas y reciclables<\/strong>: Hechas de papel kraft, estas bolsas son respetuosas con el medio ambiente y se pueden reciclar f\u00e1cilmente.<\/li>\n<li><strong>Tama\u00f1o adecuado<\/strong>: 11 + 3,5 x 33 cm, ideal para transportar paninis est\u00e1ndar.<\/li>\n<li><strong>Versatilidad<\/strong>: Adecuado para panader\u00edas, tiendas de comestibles y establecimientos de comida r\u00e1pida para envases fiables y atractivos.<\/li>\n<li><strong>Imagen profesional<\/strong>: Los envases kraft refuerzan tu imagen de marca gracias a su aspecto natural y limpio.<\/li>\n<\/ul>\n<p>&nbsp;<\/p>\n<p><!--more--><\/p>\n<p><strong>Informaci\u00f3n adicional :  <\/strong><\/p>\n<ul>\n<li><strong>Embalaje<\/strong>: Caja de 250<\/li>\n<li><strong>Material<\/strong>: Papel kraft<\/li>\n<li><strong>Gramaje<\/strong>: 40 g\/m\u00b2.<\/li>\n<li><strong>Dimensiones<\/strong>: 11 + 3,5 x 33 cm<\/li>\n<li><strong>Color<\/strong>: Marr\u00f3n con estampado<\/li>\n<\/ul>\n<p>&nbsp;<\/p>\n<p><!--more--><\/p>\n<p><a href=\"https:\/\/www.csj-emballages.com\/es\/categorie-produit\/envasado-de-alimentos\/catering-es\/bolsas-y-papel\/bolsas-para-bocadillos-es\/\">Ver el resto de nuestra gama de bolsas para bocadillos<\/a><\/p>\n","protected":false},"excerpt":{"rendered":"<p>Bolsa Panini Descripci\u00f3n de nuestra bolsa para panini 11 + 3,5 x 33 cm por 250<\/p>\n","protected":false},"featured_media":231486,"template":"","meta":{"_acf_changed":false},"product_brand":[],"product_cat":[1179,3478],"product_tag":[],"class_list":{"0":"post-23437","1":"product","2":"type-product","3":"status-publish","4":"has-post-thumbnail","6":"product_cat-catering-es","7":"product_cat-bolsas-para-bocadillos-es","9":"first","10":"instock","11":"taxable","12":"shipping-taxable","13":"purchasable","14":"product-type-simple"},"acf":[],"yoast_head":"<!-- This site is optimized with the Yoast SEO Premium plugin v26.6 (Yoast SEO v26.6) - https:\/\/yoast.com\/wordpress\/plugins\/seo\/ -->\n<title>Bolsa para hornear Panini - 11 + 3,5 x 33 cm<\/title>\n<meta name=\"description\" content=\"Bolsas para panini de 11 + 3,5 x 33 cm por 250: perfectas para un horneado uniforme, una cuidada presentaci\u00f3n y un c\u00f3modo servicio.\" \/>\n<meta name=\"robots\" content=\"index, follow, max-snippet:-1, max-image-preview:large, max-video-preview:-1\" \/>\n<link rel=\"canonical\" href=\"https:\/\/www.csj-emballages.com\/es\/produit\/250-bolsas-para-panini-11-35-x-33-cm\/\" \/>\n<meta property=\"og:locale\" content=\"es_ES\" \/>\n<meta property=\"og:type\" content=\"article\" \/>\n<meta property=\"og:title\" content=\"Bolsa para panini 11 + 3,5 x 33 cm por 250\" \/>\n<meta property=\"og:description\" content=\"Bolsas para panini de 11 + 3,5 x 33 cm por 250: perfectas para un horneado uniforme, una cuidada presentaci\u00f3n y un c\u00f3modo servicio.\" \/>\n<meta property=\"og:url\" content=\"https:\/\/www.csj-emballages.com\/es\/produit\/250-bolsas-para-panini-11-35-x-33-cm\/\" \/>\n<meta property=\"og:site_name\" content=\"CSJ Emballages\" \/>\n<meta property=\"article:publisher\" content=\"https:\/\/www.facebook.com\/csjemballages\" \/>\n<meta property=\"article:modified_time\" content=\"2026-04-30T00:15:54+00:00\" \/>\n<meta property=\"og:image\" content=\"https:\/\/www.csj-emballages.com\/wp-content\/uploads\/2024\/03\/Design-sans-titre-17.webp\" \/>\n\t<meta property=\"og:image:width\" content=\"800\" \/>\n\t<meta property=\"og:image:height\" content=\"800\" \/>\n\t<meta property=\"og:image:type\" content=\"image\/jpeg\" \/>\n<meta name=\"twitter:card\" content=\"summary_large_image\" \/>\n<meta name=\"twitter:label1\" content=\"Tiempo de lectura\" \/>\n\t<meta name=\"twitter:data1\" content=\"1 minuto\" \/>\n<script type=\"application\/ld+json\" class=\"yoast-schema-graph\">{\"@context\":\"https:\/\/schema.org\",\"@graph\":[{\"@type\":\"WebPage\",\"@id\":\"https:\/\/www.csj-emballages.com\/es\/produit\/250-bolsas-para-panini-11-35-x-33-cm\/\",\"url\":\"https:\/\/www.csj-emballages.com\/es\/produit\/250-bolsas-para-panini-11-35-x-33-cm\/\",\"name\":\"Bolsa para hornear Panini - 11 + 3,5 x 33 cm\",\"isPartOf\":{\"@id\":\"https:\/\/www.csj-emballages.com\/es\/#website\"},\"primaryImageOfPage\":{\"@id\":\"https:\/\/www.csj-emballages.com\/es\/produit\/250-bolsas-para-panini-11-35-x-33-cm\/#primaryimage\"},\"image\":{\"@id\":\"https:\/\/www.csj-emballages.com\/es\/produit\/250-bolsas-para-panini-11-35-x-33-cm\/#primaryimage\"},\"thumbnailUrl\":\"https:\/\/www.csj-emballages.com\/wp-content\/uploads\/2024\/03\/Design-sans-titre-17.webp\",\"datePublished\":\"2024-03-01T15:49:19+00:00\",\"dateModified\":\"2026-04-30T00:15:54+00:00\",\"description\":\"Bolsas para panini de 11 + 3,5 x 33 cm por 250: perfectas para un horneado uniforme, una cuidada presentaci\u00f3n y un c\u00f3modo servicio.\",\"breadcrumb\":{\"@id\":\"https:\/\/www.csj-emballages.com\/es\/produit\/250-bolsas-para-panini-11-35-x-33-cm\/#breadcrumb\"},\"inLanguage\":\"es\",\"potentialAction\":[{\"@type\":\"ReadAction\",\"target\":[\"https:\/\/www.csj-emballages.com\/es\/produit\/250-bolsas-para-panini-11-35-x-33-cm\/\"]}]},{\"@type\":\"ImageObject\",\"inLanguage\":\"es\",\"@id\":\"https:\/\/www.csj-emballages.com\/es\/produit\/250-bolsas-para-panini-11-35-x-33-cm\/#primaryimage\",\"url\":\"https:\/\/www.csj-emballages.com\/wp-content\/uploads\/2024\/03\/Design-sans-titre-17.webp\",\"contentUrl\":\"https:\/\/www.csj-emballages.com\/wp-content\/uploads\/2024\/03\/Design-sans-titre-17.webp\",\"width\":800,\"height\":800,\"caption\":\"Sac sandwich\"},{\"@type\":\"BreadcrumbList\",\"@id\":\"https:\/\/www.csj-emballages.com\/es\/produit\/250-bolsas-para-panini-11-35-x-33-cm\/#breadcrumb\",\"itemListElement\":[{\"@type\":\"ListItem\",\"position\":1,\"name\":\"Accueil\",\"item\":\"https:\/\/www.csj-emballages.com\/es\/universo-del-envasado-alimentario\/\"},{\"@type\":\"ListItem\",\"position\":2,\"name\":\"Tienda\",\"item\":\"https:\/\/www.csj-emballages.com\/tienda\/\"},{\"@type\":\"ListItem\",\"position\":3,\"name\":\"Bolsa para panini 11 + 3,5 x 33 cm por 250\"}]},{\"@type\":\"WebSite\",\"@id\":\"https:\/\/www.csj-emballages.com\/es\/#website\",\"url\":\"https:\/\/www.csj-emballages.com\/es\/\",\"name\":\"CSJ Emballages\",\"description\":\"\",\"publisher\":{\"@id\":\"https:\/\/www.csj-emballages.com\/es\/#organization\"},\"potentialAction\":[{\"@type\":\"SearchAction\",\"target\":{\"@type\":\"EntryPoint\",\"urlTemplate\":\"https:\/\/www.csj-emballages.com\/es\/?s={search_term_string}\"},\"query-input\":{\"@type\":\"PropertyValueSpecification\",\"valueRequired\":true,\"valueName\":\"search_term_string\"}}],\"inLanguage\":\"es\"},{\"@type\":\"Organization\",\"@id\":\"https:\/\/www.csj-emballages.com\/es\/#Organization\/\",\"name\":\"CSJ Emballages\",\"url\":\"https:\/\/www.csj-emballages.com\/es\/\",\"logo\":{\"@type\":\"ImageObject\",\"inLanguage\":\"es\",\"@id\":\"https:\/\/www.csj-emballages.com\/es\/#\/schema\/logo\/image\/\",\"url\":\"https:\/\/www.csj-emballages.com\/wp-content\/uploads\/2023\/10\/logo_csj.webp\",\"contentUrl\":\"https:\/\/www.csj-emballages.com\/wp-content\/uploads\/2023\/10\/logo_csj.webp\",\"width\":250,\"height\":95,\"caption\":\"CSJ Emballages\"},\"image\":{\"@id\":\"https:\/\/www.csj-emballages.com\/es\/#\/schema\/logo\/image\/\"},\"sameAs\":[\"https:\/\/www.facebook.com\/csjemballages\"],\"address\":{\"@type\":\"PostalAddress\",\"streetAddress\":\"ZI La Lechere\",\"addressLocality\":\"Patornay\",\"postalCode\":\"39130\",\"addressCountry\":\"FR\"},\"contactPoint\":[{\"@type\":\"ContactPoint\",\"contactType\":\"Service client\",\"telephone\":\"0384254272\",\"email\":\"contact@csj-emballages.com\"}]}]}<\/script>\n<!-- \/ Yoast SEO Premium plugin. -->","yoast_head_json":{"title":"Bolsa para hornear Panini - 11 + 3,5 x 33 cm","description":"Bolsas para panini de 11 + 3,5 x 33 cm por 250: perfectas para un horneado uniforme, una cuidada presentaci\u00f3n y un c\u00f3modo servicio.","robots":{"index":"index","follow":"follow","max-snippet":"max-snippet:-1","max-image-preview":"max-image-preview:large","max-video-preview":"max-video-preview:-1"},"canonical":"https:\/\/www.csj-emballages.com\/es\/produit\/250-bolsas-para-panini-11-35-x-33-cm\/","og_locale":"es_ES","og_type":"article","og_title":"Bolsa para panini 11 + 3,5 x 33 cm por 250","og_description":"Bolsas para panini de 11 + 3,5 x 33 cm por 250: perfectas para un horneado uniforme, una cuidada presentaci\u00f3n y un c\u00f3modo servicio.","og_url":"https:\/\/www.csj-emballages.com\/es\/produit\/250-bolsas-para-panini-11-35-x-33-cm\/","og_site_name":"CSJ Emballages","article_publisher":"https:\/\/www.facebook.com\/csjemballages","article_modified_time":"2026-04-30T00:15:54+00:00","og_image":[{"width":800,"height":800,"url":"https:\/\/www.csj-emballages.com\/wp-content\/uploads\/2024\/03\/Design-sans-titre-17.webp","type":"image\/jpeg"}],"twitter_card":"summary_large_image","twitter_misc":{"Tiempo de lectura":"1 minuto"},"schema":{"@context":"https:\/\/schema.org","@graph":[{"@type":"WebPage","@id":"https:\/\/www.csj-emballages.com\/es\/produit\/250-bolsas-para-panini-11-35-x-33-cm\/","url":"https:\/\/www.csj-emballages.com\/es\/produit\/250-bolsas-para-panini-11-35-x-33-cm\/","name":"Bolsa para hornear Panini - 11 + 3,5 x 33 cm","isPartOf":{"@id":"https:\/\/www.csj-emballages.com\/es\/#website"},"primaryImageOfPage":{"@id":"https:\/\/www.csj-emballages.com\/es\/produit\/250-bolsas-para-panini-11-35-x-33-cm\/#primaryimage"},"image":{"@id":"https:\/\/www.csj-emballages.com\/es\/produit\/250-bolsas-para-panini-11-35-x-33-cm\/#primaryimage"},"thumbnailUrl":"https:\/\/www.csj-emballages.com\/wp-content\/uploads\/2024\/03\/Design-sans-titre-17.webp","datePublished":"2024-03-01T15:49:19+00:00","dateModified":"2026-04-30T00:15:54+00:00","description":"Bolsas para panini de 11 + 3,5 x 33 cm por 250: perfectas para un horneado uniforme, una cuidada presentaci\u00f3n y un c\u00f3modo servicio.","breadcrumb":{"@id":"https:\/\/www.csj-emballages.com\/es\/produit\/250-bolsas-para-panini-11-35-x-33-cm\/#breadcrumb"},"inLanguage":"es","potentialAction":[{"@type":"ReadAction","target":["https:\/\/www.csj-emballages.com\/es\/produit\/250-bolsas-para-panini-11-35-x-33-cm\/"]}]},{"@type":"ImageObject","inLanguage":"es","@id":"https:\/\/www.csj-emballages.com\/es\/produit\/250-bolsas-para-panini-11-35-x-33-cm\/#primaryimage","url":"https:\/\/www.csj-emballages.com\/wp-content\/uploads\/2024\/03\/Design-sans-titre-17.webp","contentUrl":"https:\/\/www.csj-emballages.com\/wp-content\/uploads\/2024\/03\/Design-sans-titre-17.webp","width":800,"height":800,"caption":"Sac sandwich"},{"@type":"BreadcrumbList","@id":"https:\/\/www.csj-emballages.com\/es\/produit\/250-bolsas-para-panini-11-35-x-33-cm\/#breadcrumb","itemListElement":[{"@type":"ListItem","position":1,"name":"Accueil","item":"https:\/\/www.csj-emballages.com\/es\/universo-del-envasado-alimentario\/"},{"@type":"ListItem","position":2,"name":"Tienda","item":"https:\/\/www.csj-emballages.com\/tienda\/"},{"@type":"ListItem","position":3,"name":"Bolsa para panini 11 + 3,5 x 33 cm por 250"}]},{"@type":"WebSite","@id":"https:\/\/www.csj-emballages.com\/es\/#website","url":"https:\/\/www.csj-emballages.com\/es\/","name":"CSJ Emballages","description":"","publisher":{"@id":"https:\/\/www.csj-emballages.com\/es\/#organization"},"potentialAction":[{"@type":"SearchAction","target":{"@type":"EntryPoint","urlTemplate":"https:\/\/www.csj-emballages.com\/es\/?s={search_term_string}"},"query-input":{"@type":"PropertyValueSpecification","valueRequired":true,"valueName":"search_term_string"}}],"inLanguage":"es"},{"@type":"Organization","@id":"https:\/\/www.csj-emballages.com\/es\/#Organization\/","name":"CSJ Emballages","url":"https:\/\/www.csj-emballages.com\/es\/","logo":{"@type":"ImageObject","inLanguage":"es","@id":"https:\/\/www.csj-emballages.com\/es\/#\/schema\/logo\/image\/","url":"https:\/\/www.csj-emballages.com\/wp-content\/uploads\/2023\/10\/logo_csj.webp","contentUrl":"https:\/\/www.csj-emballages.com\/wp-content\/uploads\/2023\/10\/logo_csj.webp","width":250,"height":95,"caption":"CSJ Emballages"},"image":{"@id":"https:\/\/www.csj-emballages.com\/es\/#\/schema\/logo\/image\/"},"sameAs":["https:\/\/www.facebook.com\/csjemballages"],"address":{"@type":"PostalAddress","streetAddress":"ZI La Lechere","addressLocality":"Patornay","postalCode":"39130","addressCountry":"FR"},"contactPoint":[{"@type":"ContactPoint","contactType":"Service client","telephone":"0384254272","email":"contact@csj-emballages.com"}]}]}},"df_price":31.31,"df_sale_price":"","df_regular_price":31.31,"df_image_link":"https:\/\/www.csj-emballages.com\/wp-content\/uploads\/2024\/03\/Design-sans-titre-17-300x300.webp","tiered_pricing_type":"fixed","tiered_pricing_fixed_rules":[],"tiered_pricing_percentage_rules":[],"tiered_pricing_minimum":1,"tiered_pricing_roles_data":[],"_links":{"self":[{"href":"https:\/\/www.csj-emballages.com\/es\/wp-json\/wp\/v2\/product\/23437","targetHints":{"allow":["GET"]}}],"collection":[{"href":"https:\/\/www.csj-emballages.com\/es\/wp-json\/wp\/v2\/product"}],"about":[{"href":"https:\/\/www.csj-emballages.com\/es\/wp-json\/wp\/v2\/types\/product"}],"wp:featuredmedia":[{"embeddable":true,"href":"https:\/\/www.csj-emballages.com\/es\/wp-json\/wp\/v2\/media\/231486"}],"wp:attachment":[{"href":"https:\/\/www.csj-emballages.com\/es\/wp-json\/wp\/v2\/media?parent=23437"}],"wp:term":[{"taxonomy":"product_brand","embeddable":true,"href":"https:\/\/www.csj-emballages.com\/es\/wp-json\/wp\/v2\/product_brand?post=23437"},{"taxonomy":"product_cat","embeddable":true,"href":"https:\/\/www.csj-emballages.com\/es\/wp-json\/wp\/v2\/product_cat?post=23437"},{"taxonomy":"product_tag","embeddable":true,"href":"https:\/\/www.csj-emballages.com\/es\/wp-json\/wp\/v2\/product_tag?post=23437"}],"curies":[{"name":"wp","href":"https:\/\/api.w.org\/{rel}","templated":true}]}}