{"id":23431,"date":"2024-03-01T16:49:19","date_gmt":"2024-03-01T15:49:19","guid":{"rendered":"https:\/\/u15jnbdpoq.preview.infomaniak.website\/produit\/100-bolsas-descornadas-con-fondo-perfilado-160-x-270-mm\/"},"modified":"2026-04-01T02:18:11","modified_gmt":"2026-04-01T00:18:11","slug":"100-bolsas-descornadas-con-fondo-perfilado-160-x-270-mm","status":"publish","type":"product","link":"https:\/\/www.csj-emballages.com\/es\/produit\/100-bolsas-descornadas-con-fondo-perfilado-160-x-270-mm\/","title":{"rendered":"Bolsa de fondo cruzado 160 x 270 mm por 100"},"content":{"rendered":"<div style=\"box-sizing: inherit; font-family: Roboto, sans-serif;\">\n<div style=\"box-sizing: inherit; font-family: Roboto, sans-serif;\">\n<div style=\"box-sizing: inherit; font-family: Roboto, sans-serif;\">\n<div style=\"box-sizing: inherit; font-family: Roboto, sans-serif;\">\n<div style=\"box-sizing: inherit; font-family: Roboto, sans-serif;\">\n<div style=\"box-sizing: inherit; font-family: Roboto, sans-serif;\">\n<div style=\"box-sizing: inherit; font-family: Roboto, sans-serif;\">\n<div style=\"box-sizing: inherit; font-family: Roboto, sans-serif;\">\n<div style=\"box-sizing: inherit; font-family: Roboto, sans-serif;\">\n<div style=\"box-sizing: inherit; font-family: Roboto, sans-serif;\">\n<div style=\"box-sizing: inherit; font-family: Roboto, sans-serif;\">\n<div style=\"box-sizing: inherit; font-family: Roboto, sans-serif;\">\n<div style=\"box-sizing: inherit; font-family: Roboto, sans-serif;\">\n<div class=\"flex flex-grow flex-col max-w-full\">\n<div class=\"min-h-[20px] text-message flex flex-col items-start whitespace-pre-wrap break-words [.text-message+&amp;]:mt-5 juice:w-full juice:items-end overflow-x-auto gap-2\" dir=\"auto\" data-message-author-role=\"assistant\" data-message-id=\"2034782e-88f9-44ef-b4dc-07dd7bf0115f\">\n<div class=\"flex w-full flex-col gap-1 juice:empty:hidden juice:first:pt-[3px]\">\n<div class=\"markdown prose w-full break-words dark:prose-invert light\">\n<div style=\"box-sizing: inherit; font-family: Roboto, sans-serif;\">\n<div style=\"box-sizing: inherit; font-family: Roboto, sans-serif;\">\n<div style=\"box-sizing: inherit; font-family: Roboto, sans-serif;\">\n<div style=\"box-sizing: inherit; font-family: Roboto, sans-serif;\">\n<div style=\"box-sizing: inherit; font-family: Roboto, sans-serif;\">\n<div style=\"box-sizing: inherit; font-family: Roboto, sans-serif;\">\n<h2>Bolso cruzado<\/h2>\n<div style=\"box-sizing: inherit; font-family: Roboto, sans-serif;\">\n<div style=\"box-sizing: inherit; font-family: Roboto, sans-serif;\">\n<div style=\"box-sizing: inherit; font-family: Roboto, sans-serif;\">\n<div style=\"text-align: center;\">\n<div style=\"box-sizing: inherit; font-family: Roboto, sans-serif;\">\n<div style=\"box-sizing: inherit; font-family: Roboto, sans-serif;\">\n<div style=\"box-sizing: inherit; font-family: Roboto, sans-serif;\">\n<div style=\"box-sizing: inherit; font-family: Roboto, sans-serif;\">\n<div style=\"box-sizing: inherit; font-family: Roboto, sans-serif;\">\n<div style=\"box-sizing: inherit; font-family: Roboto, sans-serif; text-align: left;\">\n<hr>\n<h3 style=\"text-align: left;\">Descripci\u00f3n de nuestra bolsa con fondo cruzado 160 x 270 mm por 100<\/h3>\n<h3 style=\"text-align: left;\"><!--more--><\/h3>\n<\/div>\n<\/div>\n<\/div>\n<\/div>\n<\/div>\n<\/div>\n<\/div>\n<\/div>\n<\/div>\n<\/div>\n<\/div>\n<\/div>\n<\/div>\n<\/div>\n<\/div>\n<\/div>\n<\/div>\n<\/div>\n<\/div>\n<\/div>\n<\/div>\n<\/div>\n<\/div>\n<\/div>\n<\/div>\n<\/div>\n<\/div>\n<\/div>\n<\/div>\n<\/div>\n<\/div>\n<\/div>\n<\/div>\n<div style=\"box-sizing: inherit; font-family: Roboto, sans-serif;\">\n<div style=\"box-sizing: inherit; font-family: Roboto, sans-serif;\">\n<div style=\"box-sizing: inherit; font-family: Roboto, sans-serif;\">\n<div style=\"box-sizing: inherit; font-family: Roboto, sans-serif;\">\n<div style=\"box-sizing: inherit; font-family: Roboto, sans-serif;\">\n<div style=\"box-sizing: inherit; font-family: Roboto, sans-serif;\">\n<div style=\"box-sizing: inherit; font-family: Roboto, sans-serif;\">\n<div style=\"box-sizing: inherit; font-family: Roboto, sans-serif;\">\n<div style=\"box-sizing: inherit; font-family: Roboto, sans-serif;\">\n<div style=\"box-sizing: inherit; font-family: Roboto, sans-serif;\">\n<div style=\"box-sizing: inherit; font-family: Roboto, sans-serif;\">\n<div style=\"box-sizing: inherit; font-family: Roboto, sans-serif;\">\n<div style=\"box-sizing: inherit; font-family: Roboto, sans-serif;\">\n<div class=\"flex flex-grow flex-col max-w-full\">\n<div class=\"min-h-[20px] text-message flex flex-col items-start whitespace-pre-wrap break-words [.text-message+&amp;]:mt-5 juice:w-full juice:items-end overflow-x-auto gap-2\" dir=\"auto\" data-message-author-role=\"assistant\" data-message-id=\"2034782e-88f9-44ef-b4dc-07dd7bf0115f\">\n<div class=\"flex w-full flex-col gap-1 juice:empty:hidden juice:first:pt-[3px]\">\n<div class=\"markdown prose w-full break-words dark:prose-invert light\">\n<div style=\"box-sizing: inherit; font-family: Roboto, sans-serif;\">\n<div style=\"box-sizing: inherit; font-family: Roboto, sans-serif;\">\n<div style=\"box-sizing: inherit; font-family: Roboto, sans-serif;\">\n<div style=\"box-sizing: inherit; font-family: Roboto, sans-serif;\">\n<div style=\"box-sizing: inherit; font-family: Roboto, sans-serif;\">\n<div style=\"box-sizing: inherit; font-family: Roboto, sans-serif;\">\n<p data-start=\"0\" data-end=\"472\">Descubra nuestra <strong data-start=\"53\" data-end=\"98\">bolsita de fondo cruzado de 160 x 270 mm por 100<\/strong>, el envase ideal para exponer sus caramelos y peque\u00f1os regalos. Gracias a su <strong data-start=\"183\" data-end=\"211\">transparencia cristalina<\/strong>, esta <strong>bolsa descornada<\/strong> atrae inmediatamente las miradas al tiempo que protege sus creaciones. Su dise\u00f1o en <strong data-start=\"306\" data-end=\"318\">OPP de 30 \u00b5<\/strong> garantiza una excelente <strong data-start=\"343\" data-end=\"357\">resistencia<\/strong> y una <strong data-start=\"365\" data-end=\"386\">barrera eficaz<\/strong> contra la humedad.  <\/p>\n<p data-start=\"474\" data-end=\"992\">Esta <strong data-start=\"477\" data-end=\"498\">bolsa de fondo cruzado<\/strong> presenta un <strong data-start=\"520\" data-end=\"535\">fondo estable<\/strong> que proporciona una mejor sujeci\u00f3n, incluso cuando se colocan en su interior productos redondos como <strong data-start=\"623\" data-end=\"648\">figuritas de chocolate<\/strong> o peque\u00f1os <strong data-start=\"662\" data-end=\"683\">regalos gourmet<\/strong>. En un abrir y cerrar de ojos, tendr\u00e1 una presentaci\u00f3n elegante y profesional, perfecta para una <strong data-start=\"780\" data-end=\"803\">tienda de artesan\u00eda<\/strong>, una <strong data-start=\"809\" data-end=\"823\">pasteler\u00eda<\/strong> o un evento festivo. Adem\u00e1s, su <strong data-start=\"860\" data-end=\"885\">r\u00e1pido embolsado<\/strong> facilita el empaquetado en periodos de mucho trabajo, lo que supone un valioso ahorro de tiempo.  <\/p>\n<p data-start=\"994\" data-end=\"1382\">Adem\u00e1s, su dise\u00f1o <strong data-start=\"1019\" data-end=\"1034\">sin impresi\u00f3n<\/strong> da rienda suelta a su creatividad: a\u00f1ada una cinta de color, una etiqueta personalizada o una pegatina con su imagen para conseguir un aspecto \u00fanico. Gracias a su <strong data-start=\"1189\" data-end=\"1204\">versatilidad<\/strong>, esta <strong>bolsa de pl\u00e1stico<\/strong> es tan adecuada para <strong data-start=\"1236\" data-end=\"1261\">productos alimentarios<\/strong> como para peque\u00f1os objetos decorativos, lo que la convierte en un art\u00edculo imprescindible tanto para profesionales como para particulares. <\/p>\n<p data-start=\"1384\" data-end=\"1691\">Al elegir estas <strong data-start=\"1403\" data-end=\"1428\">bolsas de fondo cruzado<\/strong>, est\u00e1 optando por una soluci\u00f3n de envasado que realza el valor de sus productos. D\u00e9 a sus creaciones el <strong data-start=\"1601\" data-end=\"1620\">soporte elegante<\/strong> que merecen y conquiste a sus clientes a primera vista. <\/p>\n<p><!--more--><\/p>\n<h4 style=\"text-align: left;\">Ventajas :<\/h4>\n<ul style=\"text-align: left;\">\n<li><strong data-start=\"1915\" data-end=\"1938\">Transparencia clara<\/strong> para una presentaci\u00f3n inmediata del producto.<\/li>\n<li><strong data-start=\"1990\" data-end=\"2012\">Fondo estable en forma de cruz<\/strong> para guardar bombones, caramelos o figuritas.<\/li>\n<li><strong data-start=\"2065\" data-end=\"2087\">Resistente OPP de 30 \u00b5<\/strong> para mayor protecci\u00f3n y frescura.<\/li>\n<li><strong data-start=\"2125\" data-end=\"2158\">Vers\u00e1til y personalizable<\/strong> para todo tipo de eventos o tiendas.<\/li>\n<\/ul>\n<\/div>\n<\/div>\n<\/div>\n<\/div>\n<\/div>\n<\/div>\n<\/div>\n<\/div>\n<\/div>\n<\/div>\n<\/div>\n<\/div>\n<p>&nbsp;<\/p>\n<\/div>\n<\/div>\n<\/div>\n<\/div>\n<\/div>\n<\/div>\n<\/div>\n<\/div>\n<\/div>\n<\/div>\n<\/div>\n<p><!--more--><\/p>\n<h4>Informaci\u00f3n adicional :<\/h4>\n<ul style=\"box-sizing: inherit; font-family: Roboto, sans-serif;\">\n<li><strong>Embalaje<\/strong>: Paquete de 100<\/li>\n<li><span style=\"font-weight: bold;\">Dimensiones<\/span>: 160 x 270 mm<\/li>\n<li><strong>Material<\/strong>: OPP<\/li>\n<li><strong>Color<\/strong>: Transparente<\/li>\n<li><strong>Resistencia<\/strong>: 30\u00b5<\/li>\n<\/ul>\n<p>&nbsp;<\/p>\n<p><!--more--><\/p>\n<div style=\"box-sizing: inherit; font-family: Roboto, sans-serif;\">\n<div style=\"box-sizing: inherit; font-family: Roboto, sans-serif;\">\n<div style=\"box-sizing: inherit; font-family: Roboto, sans-serif;\">\n<div style=\"box-sizing: inherit; font-family: Roboto, sans-serif;\">\n<div style=\"box-sizing: inherit; font-family: Roboto, sans-serif;\">\n<div style=\"box-sizing: inherit; font-family: Roboto, sans-serif;\">\n<p>Disponible en varios tama\u00f1os: <span style=\"color: #d12727;\"><a style=\"color: #d12727;\" href=\"https:\/\/www.csj-emballages.com\/produit\/100-sachets-ecornes-fond-forme-75-x-135-mm\/\">75 x 135 mm<\/a><\/span>  <span style=\"color: #d12727;\"><a style=\"color: #d12727;\" href=\"https:\/\/www.csj-emballages.com\/produit\/100-sachets-ecornes-fond-forme-100-x-175-mm\/\">100 x 175 mm<\/a><\/span>  <span style=\"color: #d12727;\"><a style=\"color: #d12727;\" href=\"https:\/\/www.csj-emballages.com\/es\/produit\/100-bolsas-descornadas-con-fondo-perfilado-180-x-300-mm\/\">180 x 300 mm<\/a><\/span>  <span style=\"color: #d12727;\"><a style=\"color: #d12727;\" href=\"https:\/\/www.csj-emballages.com\/produit\/100-sachets-ecornes-fond-forme-145-x-235-mm\/\">145 x 235 mm<\/a><\/span> \/  <span style=\"color: #d12727;\"><a style=\"color: #d12727;\" href=\"https:\/\/www.csj-emballages.com\/produit\/100-sachets-ecornes-fond-forme-120-x-225-mm\/\">120 x 225 mm<\/a><\/span> \/  <span style=\"color: #d12727;\"><a style=\"color: #d12727;\" href=\"https:\/\/www.csj-emballages.com\/produit\/100-sachets-ecornes-fond-forme-115-x-190-mm\/\">115 x 190 mm<\/a><\/span> \/  <span style=\"color: #d12727;\"><a style=\"color: #d12727;\" href=\"https:\/\/www.csj-emballages.com\/produit\/100-sachets-ecornes-fond-forme-160-x-350-mm\/\">160 x 350 mm<\/a><\/span>  <span style=\"color: #d12727;\"><a style=\"color: #d12727;\" href=\"https:\/\/www.csj-emballages.com\/es\/produit\/100-bolsas-descornadas-con-fondo-perfilado-180-x-380-mm\/\">180 x 380 mm<\/a><\/span> \/  <span style=\"color: #d12727;\"><a style=\"color: #d12727;\" href=\"https:\/\/www.csj-emballages.com\/es\/produit\/100-bolsas-descornadas-con-fondo-perfilado-230-x-370-mm\/\">230 x 370 mm<\/a><\/span>  <span style=\"color: #d12727;\"><a style=\"color: #d12727;\" href=\"https:\/\/www.csj-emballages.com\/produit\/100-sachets-ecornes-fond-forme-85-x-145-mm\/\">85 x 145 mm<\/a><\/span>  <span style=\"color: #d12727;\"><a style=\"color: #d12727;\" href=\"https:\/\/www.csj-emballages.com\/produit\/100-sachets-ecornes-fond-forme-95-x-160-mm\/\">95 x 160 mm<\/a><\/span><\/p>\n<p>&nbsp;<\/p>\n<p><!--more--><\/p>\n<p><a href=\"https:\/\/www.csj-emballages.com\/es\/categorie-produit\/envasado-de-alimentos\/panaderia-y-pasteleria\/bolsas-sobres-y-papel\/bolsas-para-golosinas\/bolsas-sin-fondo-es\/bolsas-descornadas\/\">Ver el resto de nuestra gama de bolsas con fondo cruzado<\/a><\/p>\n<\/div>\n<\/div>\n<\/div>\n<\/div>\n<\/div>\n<\/div>\n","protected":false},"excerpt":{"rendered":"<p>Bolso cruzado Descripci\u00f3n de nuestra bolsa con fondo cruzado 160 x 270 mm por 100<\/p>\n","protected":false},"featured_media":243693,"template":"","meta":{"_acf_changed":false},"product_brand":[],"product_cat":[1150,1145,3871,1660,3854,5980],"product_tag":[],"class_list":{"0":"post-23431","1":"product","2":"type-product","3":"status-publish","4":"has-post-thumbnail","6":"product_cat-envasado-de-alimentos","7":"product_cat-panaderia-y-pasteleria","8":"product_cat-bolsas-sobres-y-papel","9":"product_cat-bolsas-para-golosinas","10":"product_cat-bolsas-sin-fondo-es","11":"product_cat-bolsas-descornadas","13":"first","14":"instock","15":"taxable","16":"shipping-taxable","17":"purchasable","18":"product-type-simple"},"acf":[],"yoast_head":"<!-- This site is optimized with the Yoast SEO Premium plugin v26.6 (Yoast SEO v26.6) - https:\/\/yoast.com\/wordpress\/plugins\/seo\/ -->\n<title>Bolsa de fondo cruzado 160 x 270 mm por 100<\/title>\n<meta name=\"description\" content=\"Bolsa con fondo cruzado de 160 x 270 mm, OPP transparente de 30 \u00b5, ideal para bombones, caramelos y regalos. Presentaci\u00f3n elegante y pr\u00e1ctica.\" \/>\n<meta name=\"robots\" content=\"index, follow, max-snippet:-1, max-image-preview:large, max-video-preview:-1\" \/>\n<link rel=\"canonical\" href=\"https:\/\/www.csj-emballages.com\/es\/produit\/100-bolsas-descornadas-con-fondo-perfilado-160-x-270-mm\/\" \/>\n<meta property=\"og:locale\" content=\"es_ES\" \/>\n<meta property=\"og:type\" content=\"article\" \/>\n<meta property=\"og:title\" content=\"Bolsa de fondo cruzado 160 x 270 mm por 100\" \/>\n<meta property=\"og:description\" content=\"Bolsa con fondo cruzado de 160 x 270 mm, OPP transparente de 30 \u00b5, ideal para bombones, caramelos y regalos. Presentaci\u00f3n elegante y pr\u00e1ctica.\" \/>\n<meta property=\"og:url\" content=\"https:\/\/www.csj-emballages.com\/es\/produit\/100-bolsas-descornadas-con-fondo-perfilado-160-x-270-mm\/\" \/>\n<meta property=\"og:site_name\" content=\"CSJ Emballages\" \/>\n<meta property=\"article:publisher\" content=\"https:\/\/www.facebook.com\/csjemballages\" \/>\n<meta property=\"article:modified_time\" content=\"2026-04-01T00:18:11+00:00\" \/>\n<meta property=\"og:image\" content=\"https:\/\/www.csj-emballages.com\/wp-content\/uploads\/2024\/03\/Sachets-a-fond-croise.webp\" \/>\n\t<meta property=\"og:image:width\" content=\"800\" \/>\n\t<meta property=\"og:image:height\" content=\"800\" \/>\n\t<meta property=\"og:image:type\" content=\"image\/webp\" \/>\n<meta name=\"twitter:card\" content=\"summary_large_image\" \/>\n<meta name=\"twitter:label1\" content=\"Tiempo de lectura\" \/>\n\t<meta name=\"twitter:data1\" content=\"2 minutos\" \/>\n<script type=\"application\/ld+json\" class=\"yoast-schema-graph\">{\"@context\":\"https:\/\/schema.org\",\"@graph\":[{\"@type\":\"WebPage\",\"@id\":\"https:\/\/www.csj-emballages.com\/es\/produit\/100-bolsas-descornadas-con-fondo-perfilado-160-x-270-mm\/\",\"url\":\"https:\/\/www.csj-emballages.com\/es\/produit\/100-bolsas-descornadas-con-fondo-perfilado-160-x-270-mm\/\",\"name\":\"Bolsa de fondo cruzado 160 x 270 mm por 100\",\"isPartOf\":{\"@id\":\"https:\/\/www.csj-emballages.com\/es\/#website\"},\"primaryImageOfPage\":{\"@id\":\"https:\/\/www.csj-emballages.com\/es\/produit\/100-bolsas-descornadas-con-fondo-perfilado-160-x-270-mm\/#primaryimage\"},\"image\":{\"@id\":\"https:\/\/www.csj-emballages.com\/es\/produit\/100-bolsas-descornadas-con-fondo-perfilado-160-x-270-mm\/#primaryimage\"},\"thumbnailUrl\":\"https:\/\/www.csj-emballages.com\/wp-content\/uploads\/2024\/03\/Sachets-a-fond-croise.webp\",\"datePublished\":\"2024-03-01T15:49:19+00:00\",\"dateModified\":\"2026-04-01T00:18:11+00:00\",\"description\":\"Bolsa con fondo cruzado de 160 x 270 mm, OPP transparente de 30 \u00b5, ideal para bombones, caramelos y regalos. Presentaci\u00f3n elegante y pr\u00e1ctica.\",\"breadcrumb\":{\"@id\":\"https:\/\/www.csj-emballages.com\/es\/produit\/100-bolsas-descornadas-con-fondo-perfilado-160-x-270-mm\/#breadcrumb\"},\"inLanguage\":\"es\",\"potentialAction\":[{\"@type\":\"ReadAction\",\"target\":[\"https:\/\/www.csj-emballages.com\/es\/produit\/100-bolsas-descornadas-con-fondo-perfilado-160-x-270-mm\/\"]}]},{\"@type\":\"ImageObject\",\"inLanguage\":\"es\",\"@id\":\"https:\/\/www.csj-emballages.com\/es\/produit\/100-bolsas-descornadas-con-fondo-perfilado-160-x-270-mm\/#primaryimage\",\"url\":\"https:\/\/www.csj-emballages.com\/wp-content\/uploads\/2024\/03\/Sachets-a-fond-croise.webp\",\"contentUrl\":\"https:\/\/www.csj-emballages.com\/wp-content\/uploads\/2024\/03\/Sachets-a-fond-croise.webp\",\"width\":800,\"height\":800,\"caption\":\"Sachet \u00e0 fond crois\u00e9\"},{\"@type\":\"BreadcrumbList\",\"@id\":\"https:\/\/www.csj-emballages.com\/es\/produit\/100-bolsas-descornadas-con-fondo-perfilado-160-x-270-mm\/#breadcrumb\",\"itemListElement\":[{\"@type\":\"ListItem\",\"position\":1,\"name\":\"Accueil\",\"item\":\"https:\/\/www.csj-emballages.com\/es\/universo-del-envasado-alimentario\/\"},{\"@type\":\"ListItem\",\"position\":2,\"name\":\"Tienda\",\"item\":\"https:\/\/www.csj-emballages.com\/tienda\/\"},{\"@type\":\"ListItem\",\"position\":3,\"name\":\"Bolsa de fondo cruzado 160 x 270 mm por 100\"}]},{\"@type\":\"WebSite\",\"@id\":\"https:\/\/www.csj-emballages.com\/es\/#website\",\"url\":\"https:\/\/www.csj-emballages.com\/es\/\",\"name\":\"CSJ Emballages\",\"description\":\"\",\"publisher\":{\"@id\":\"https:\/\/www.csj-emballages.com\/es\/#organization\"},\"potentialAction\":[{\"@type\":\"SearchAction\",\"target\":{\"@type\":\"EntryPoint\",\"urlTemplate\":\"https:\/\/www.csj-emballages.com\/es\/?s={search_term_string}\"},\"query-input\":{\"@type\":\"PropertyValueSpecification\",\"valueRequired\":true,\"valueName\":\"search_term_string\"}}],\"inLanguage\":\"es\"},{\"@type\":\"Organization\",\"@id\":\"https:\/\/www.csj-emballages.com\/es\/#Organization\/\",\"name\":\"CSJ Emballages\",\"url\":\"https:\/\/www.csj-emballages.com\/es\/\",\"logo\":{\"@type\":\"ImageObject\",\"inLanguage\":\"es\",\"@id\":\"https:\/\/www.csj-emballages.com\/es\/#\/schema\/logo\/image\/\",\"url\":\"https:\/\/www.csj-emballages.com\/wp-content\/uploads\/2023\/10\/logo_csj.webp\",\"contentUrl\":\"https:\/\/www.csj-emballages.com\/wp-content\/uploads\/2023\/10\/logo_csj.webp\",\"width\":250,\"height\":95,\"caption\":\"CSJ Emballages\"},\"image\":{\"@id\":\"https:\/\/www.csj-emballages.com\/es\/#\/schema\/logo\/image\/\"},\"sameAs\":[\"https:\/\/www.facebook.com\/csjemballages\"],\"address\":{\"@type\":\"PostalAddress\",\"streetAddress\":\"ZI La Lechere\",\"addressLocality\":\"Patornay\",\"postalCode\":\"39130\",\"addressCountry\":\"FR\"},\"contactPoint\":[{\"@type\":\"ContactPoint\",\"contactType\":\"Service client\",\"telephone\":\"0384254272\",\"email\":\"contact@csj-emballages.com\"}]}]}<\/script>\n<!-- \/ Yoast SEO Premium plugin. -->","yoast_head_json":{"title":"Bolsa de fondo cruzado 160 x 270 mm por 100","description":"Bolsa con fondo cruzado de 160 x 270 mm, OPP transparente de 30 \u00b5, ideal para bombones, caramelos y regalos. Presentaci\u00f3n elegante y pr\u00e1ctica.","robots":{"index":"index","follow":"follow","max-snippet":"max-snippet:-1","max-image-preview":"max-image-preview:large","max-video-preview":"max-video-preview:-1"},"canonical":"https:\/\/www.csj-emballages.com\/es\/produit\/100-bolsas-descornadas-con-fondo-perfilado-160-x-270-mm\/","og_locale":"es_ES","og_type":"article","og_title":"Bolsa de fondo cruzado 160 x 270 mm por 100","og_description":"Bolsa con fondo cruzado de 160 x 270 mm, OPP transparente de 30 \u00b5, ideal para bombones, caramelos y regalos. Presentaci\u00f3n elegante y pr\u00e1ctica.","og_url":"https:\/\/www.csj-emballages.com\/es\/produit\/100-bolsas-descornadas-con-fondo-perfilado-160-x-270-mm\/","og_site_name":"CSJ Emballages","article_publisher":"https:\/\/www.facebook.com\/csjemballages","article_modified_time":"2026-04-01T00:18:11+00:00","og_image":[{"width":800,"height":800,"url":"https:\/\/www.csj-emballages.com\/wp-content\/uploads\/2024\/03\/Sachets-a-fond-croise.webp","type":"image\/webp"}],"twitter_card":"summary_large_image","twitter_misc":{"Tiempo de lectura":"2 minutos"},"schema":{"@context":"https:\/\/schema.org","@graph":[{"@type":"WebPage","@id":"https:\/\/www.csj-emballages.com\/es\/produit\/100-bolsas-descornadas-con-fondo-perfilado-160-x-270-mm\/","url":"https:\/\/www.csj-emballages.com\/es\/produit\/100-bolsas-descornadas-con-fondo-perfilado-160-x-270-mm\/","name":"Bolsa de fondo cruzado 160 x 270 mm por 100","isPartOf":{"@id":"https:\/\/www.csj-emballages.com\/es\/#website"},"primaryImageOfPage":{"@id":"https:\/\/www.csj-emballages.com\/es\/produit\/100-bolsas-descornadas-con-fondo-perfilado-160-x-270-mm\/#primaryimage"},"image":{"@id":"https:\/\/www.csj-emballages.com\/es\/produit\/100-bolsas-descornadas-con-fondo-perfilado-160-x-270-mm\/#primaryimage"},"thumbnailUrl":"https:\/\/www.csj-emballages.com\/wp-content\/uploads\/2024\/03\/Sachets-a-fond-croise.webp","datePublished":"2024-03-01T15:49:19+00:00","dateModified":"2026-04-01T00:18:11+00:00","description":"Bolsa con fondo cruzado de 160 x 270 mm, OPP transparente de 30 \u00b5, ideal para bombones, caramelos y regalos. Presentaci\u00f3n elegante y pr\u00e1ctica.","breadcrumb":{"@id":"https:\/\/www.csj-emballages.com\/es\/produit\/100-bolsas-descornadas-con-fondo-perfilado-160-x-270-mm\/#breadcrumb"},"inLanguage":"es","potentialAction":[{"@type":"ReadAction","target":["https:\/\/www.csj-emballages.com\/es\/produit\/100-bolsas-descornadas-con-fondo-perfilado-160-x-270-mm\/"]}]},{"@type":"ImageObject","inLanguage":"es","@id":"https:\/\/www.csj-emballages.com\/es\/produit\/100-bolsas-descornadas-con-fondo-perfilado-160-x-270-mm\/#primaryimage","url":"https:\/\/www.csj-emballages.com\/wp-content\/uploads\/2024\/03\/Sachets-a-fond-croise.webp","contentUrl":"https:\/\/www.csj-emballages.com\/wp-content\/uploads\/2024\/03\/Sachets-a-fond-croise.webp","width":800,"height":800,"caption":"Sachet \u00e0 fond crois\u00e9"},{"@type":"BreadcrumbList","@id":"https:\/\/www.csj-emballages.com\/es\/produit\/100-bolsas-descornadas-con-fondo-perfilado-160-x-270-mm\/#breadcrumb","itemListElement":[{"@type":"ListItem","position":1,"name":"Accueil","item":"https:\/\/www.csj-emballages.com\/es\/universo-del-envasado-alimentario\/"},{"@type":"ListItem","position":2,"name":"Tienda","item":"https:\/\/www.csj-emballages.com\/tienda\/"},{"@type":"ListItem","position":3,"name":"Bolsa de fondo cruzado 160 x 270 mm por 100"}]},{"@type":"WebSite","@id":"https:\/\/www.csj-emballages.com\/es\/#website","url":"https:\/\/www.csj-emballages.com\/es\/","name":"CSJ Emballages","description":"","publisher":{"@id":"https:\/\/www.csj-emballages.com\/es\/#organization"},"potentialAction":[{"@type":"SearchAction","target":{"@type":"EntryPoint","urlTemplate":"https:\/\/www.csj-emballages.com\/es\/?s={search_term_string}"},"query-input":{"@type":"PropertyValueSpecification","valueRequired":true,"valueName":"search_term_string"}}],"inLanguage":"es"},{"@type":"Organization","@id":"https:\/\/www.csj-emballages.com\/es\/#Organization\/","name":"CSJ Emballages","url":"https:\/\/www.csj-emballages.com\/es\/","logo":{"@type":"ImageObject","inLanguage":"es","@id":"https:\/\/www.csj-emballages.com\/es\/#\/schema\/logo\/image\/","url":"https:\/\/www.csj-emballages.com\/wp-content\/uploads\/2023\/10\/logo_csj.webp","contentUrl":"https:\/\/www.csj-emballages.com\/wp-content\/uploads\/2023\/10\/logo_csj.webp","width":250,"height":95,"caption":"CSJ Emballages"},"image":{"@id":"https:\/\/www.csj-emballages.com\/es\/#\/schema\/logo\/image\/"},"sameAs":["https:\/\/www.facebook.com\/csjemballages"],"address":{"@type":"PostalAddress","streetAddress":"ZI La Lechere","addressLocality":"Patornay","postalCode":"39130","addressCountry":"FR"},"contactPoint":[{"@type":"ContactPoint","contactType":"Service client","telephone":"0384254272","email":"contact@csj-emballages.com"}]}]}},"df_price":8.88,"df_sale_price":"","df_regular_price":8.88,"df_image_link":"https:\/\/www.csj-emballages.com\/wp-content\/uploads\/2024\/03\/Sachets-a-fond-croise-300x300.webp","tiered_pricing_type":"fixed","tiered_pricing_fixed_rules":[],"tiered_pricing_percentage_rules":[],"tiered_pricing_minimum":1,"tiered_pricing_roles_data":[],"_links":{"self":[{"href":"https:\/\/www.csj-emballages.com\/es\/wp-json\/wp\/v2\/product\/23431","targetHints":{"allow":["GET"]}}],"collection":[{"href":"https:\/\/www.csj-emballages.com\/es\/wp-json\/wp\/v2\/product"}],"about":[{"href":"https:\/\/www.csj-emballages.com\/es\/wp-json\/wp\/v2\/types\/product"}],"wp:featuredmedia":[{"embeddable":true,"href":"https:\/\/www.csj-emballages.com\/es\/wp-json\/wp\/v2\/media\/243693"}],"wp:attachment":[{"href":"https:\/\/www.csj-emballages.com\/es\/wp-json\/wp\/v2\/media?parent=23431"}],"wp:term":[{"taxonomy":"product_brand","embeddable":true,"href":"https:\/\/www.csj-emballages.com\/es\/wp-json\/wp\/v2\/product_brand?post=23431"},{"taxonomy":"product_cat","embeddable":true,"href":"https:\/\/www.csj-emballages.com\/es\/wp-json\/wp\/v2\/product_cat?post=23431"},{"taxonomy":"product_tag","embeddable":true,"href":"https:\/\/www.csj-emballages.com\/es\/wp-json\/wp\/v2\/product_tag?post=23431"}],"curies":[{"name":"wp","href":"https:\/\/api.w.org\/{rel}","templated":true}]}}